{"id":130808,"date":"2016-02-28T19:08:18","date_gmt":"2016-02-28T11:08:18","guid":{"rendered":"https:\/\/honwaygroup.com\/product\/muela-de-amolar-con-mango\/"},"modified":"2016-02-28T19:08:18","modified_gmt":"2016-02-28T11:08:18","slug":"muela-de-amolar-con-mango","status":"publish","type":"product","link":"https:\/\/honwaygroup.com\/es\/producto\/muela-de-amolar-con-mango\/","title":{"rendered":"Muela de amolar con mango"},"content":{"rendered":"<h3><strong>Muela de amolar con mango<\/strong><\/h3>\n<p>Muela abrasiva con mango. Aplicaciones: rectificado interno, eliminaci\u00f3n de \u00f3xido, pulido y rectificado de anillos de <a href=\"https:\/\/cmccar.com.tw\/?page_id=384\" rel=\"nofollow noopener\" target=\"_blank\">acero de aleaci\u00f3n de aluminio<\/a>, productos de rat\u00e1n y madera, y superficies met\u00e1licas en general.<\/p>\n<p>Las muelas abrasivas con v\u00e1stago tienen un bajo consumo de material y son especialmente adecuadas para el rectificado de moldes, agujeros internos en general y aleaciones de aluminio.<\/p>\n<p>&nbsp;<\/p>\n<p>unidad : mm<\/p>\n<table class=\"specTable2 center\" width=\"100%\">\n<tbody>\n<tr>\n<td><a href=\"https:\/\/honwaygroup.com\/wp-content\/uploads\/2023\/07\/%E5%B8%B6%E6%9F%84%E7%A0%82%E8%BC%AA_256A.webp\"><img decoding=\"async\" class=\"wp-image-26022 aligncenter\" src=\"https:\/\/honwaygroup.com\/wp-content\/uploads\/2023\/07\/%E5%B8%B6%E6%9F%84%E7%A0%82%E8%BC%AA_256A-206x300.webp\" alt=\"Muela abrasiva de v\u00e1stago_256A\" width=\"103\" height=\"150\"><\/a><\/td>\n<td><a href=\"https:\/\/honwaygroup.com\/wp-content\/uploads\/2023\/07\/%E5%B8%B6%E6%9F%84%E7%A0%82%E8%BC%AA_308A.webp\"><img decoding=\"async\" class=\"aligncenter wp-image-26014\" src=\"https:\/\/honwaygroup.com\/wp-content\/uploads\/2023\/07\/%E5%B8%B6%E6%9F%84%E7%A0%82%E8%BC%AA_308A-206x300.webp\" alt=\"Muela abrasiva de v\u00e1stago_308A\" width=\"103\" height=\"150\"><\/a><\/td>\n<td><a href=\"https:\/\/honwaygroup.com\/wp-content\/uploads\/2023\/07\/%E5%B8%B6%E6%9F%84%E7%A0%82%E8%BC%AA_410A.webp\"><img decoding=\"async\" class=\"aligncenter wp-image-26002\" src=\"https:\/\/honwaygroup.com\/wp-content\/uploads\/2023\/07\/%E5%B8%B6%E6%9F%84%E7%A0%82%E8%BC%AA_410A-206x300.webp\" alt=\"Muela abrasiva de v\u00e1stago_410A\" width=\"103\" height=\"150\"><\/a><\/td>\n<td><a href=\"https:\/\/honwaygroup.com\/wp-content\/uploads\/2023\/07\/%E5%B8%B6%E6%9F%84%E7%A0%82%E8%BC%AA_510A.webp\"><img loading=\"lazy\" decoding=\"async\" class=\"aligncenter wp-image-25986\" src=\"https:\/\/honwaygroup.com\/wp-content\/uploads\/2023\/07\/%E5%B8%B6%E6%9F%84%E7%A0%82%E8%BC%AA_510A-206x300.jpg\" alt=\"Muela abrasiva de v\u00e1stago_510A\" width=\"103\" height=\"150\"><\/a><\/td>\n<td><a href=\"https:\/\/honwaygroup.com\/wp-content\/uploads\/2023\/07\/%E5%B8%B6%E6%9F%84%E7%A0%82%E8%BC%AA_612A.jpg\"><img loading=\"lazy\" decoding=\"async\" class=\"aligncenter wp-image-25974\" src=\"https:\/\/honwaygroup.com\/wp-content\/uploads\/2023\/07\/%E5%B8%B6%E6%9F%84%E7%A0%82%E8%BC%AA_612A-206x300.jpg\" alt=\"Muela abrasiva de v\u00e1stago_612A\" width=\"103\" height=\"150\"><\/a><\/td>\n<td><a href=\"https:\/\/honwaygroup.com\/wp-content\/uploads\/2023\/07\/%E5%B8%B6%E6%9F%84%E7%A0%82%E8%BC%AA_816A.jpg\"><img loading=\"lazy\" decoding=\"async\" class=\"aligncenter wp-image-25950\" src=\"https:\/\/honwaygroup.com\/wp-content\/uploads\/2023\/07\/%E5%B8%B6%E6%9F%84%E7%A0%82%E8%BC%AA_816A-206x300.jpg\" alt=\"Muela abrasiva de v\u00e1stago_816A\" width=\"103\" height=\"150\"><\/a><\/td>\n<td><a href=\"https:\/\/honwaygroup.com\/wp-content\/uploads\/2023\/07\/%E5%B8%B6%E6%9F%84%E7%A0%82%E8%BC%AA_1016A.webp\"><img loading=\"lazy\" decoding=\"async\" class=\"aligncenter wp-image-25938\" src=\"https:\/\/honwaygroup.com\/wp-content\/uploads\/2023\/07\/%E5%B8%B6%E6%9F%84%E7%A0%82%E8%BC%AA_1016A-206x300.webp\" alt=\"\" width=\"103\" height=\"150\"><\/a><\/td>\n<td><a href=\"https:\/\/honwaygroup.com\/wp-content\/uploads\/2023\/07\/%E5%B8%B6%E6%9F%84%E7%A0%82%E8%BC%AA_30B.webp\"><img loading=\"lazy\" decoding=\"async\" class=\"aligncenter wp-image-26064\" src=\"https:\/\/honwaygroup.com\/wp-content\/uploads\/2023\/07\/%E5%B8%B6%E6%9F%84%E7%A0%82%E8%BC%AA_30B-206x300.webp\" alt=\"\" width=\"103\" height=\"150\"><\/a><\/td>\n<td><a href=\"https:\/\/honwaygroup.com\/wp-content\/uploads\/2023\/07\/%E5%B8%B6%E6%9F%84%E7%A0%82%E8%BC%AA_40B.webp\"><img loading=\"lazy\" decoding=\"async\" class=\"aligncenter wp-image-26060\" src=\"https:\/\/honwaygroup.com\/wp-content\/uploads\/2023\/07\/%E5%B8%B6%E6%9F%84%E7%A0%82%E8%BC%AA_40B-206x300.webp\" alt=\"Muela abrasiva de v\u00e1stago_816A\" width=\"103\" height=\"150\"><\/a><\/td>\n<\/tr>\n<tr>\n<th>256A<\/th>\n<th>308A<\/th>\n<th>410A<\/th>\n<th>510A<\/th>\n<th>612A<\/th>\n<th>816A<\/th>\n<th>1016A *<\/th>\n<th>30B<\/th>\n<th>40B<\/th>\n<\/tr>\n<\/tbody>\n<\/table>\n<table class=\"specTable2 center\" width=\"100%\">\n<tbody>\n<tr>\n<td><a href=\"https:\/\/honwaygroup.com\/wp-content\/uploads\/2023\/07\/%E5%B8%B6%E6%9F%84%E7%A0%82%E8%BC%AA_50B.jpg\"><img loading=\"lazy\" decoding=\"async\" class=\"wp-image-26056 size-medium alignnone\" src=\"https:\/\/honwaygroup.com\/wp-content\/uploads\/2023\/07\/%E5%B8%B6%E6%9F%84%E7%A0%82%E8%BC%AA_50B-206x300.jpg\" alt=\"\" width=\"206\" height=\"300\"><\/a><\/td>\n<td><a href=\"https:\/\/honwaygroup.com\/wp-content\/uploads\/2023\/07\/%E5%B8%B6%E6%9F%84%E7%A0%82%E8%BC%AA_60B.jpg\"><img loading=\"lazy\" decoding=\"async\" class=\"alignnone size-medium wp-image-26052\" src=\"https:\/\/honwaygroup.com\/wp-content\/uploads\/2023\/07\/%E5%B8%B6%E6%9F%84%E7%A0%82%E8%BC%AA_60B-206x300.jpg\" alt=\"\" width=\"206\" height=\"300\"><\/a><\/td>\n<td><a href=\"https:\/\/honwaygroup.com\/wp-content\/uploads\/2023\/07\/%E5%B8%B6%E6%9F%84%E7%A0%82%E8%BC%AA_80B.jpg\"><img loading=\"lazy\" decoding=\"async\" class=\"alignnone size-medium wp-image-26048\" src=\"https:\/\/honwaygroup.com\/wp-content\/uploads\/2023\/07\/%E5%B8%B6%E6%9F%84%E7%A0%82%E8%BC%AA_80B-206x300.jpg\" alt=\"\" width=\"206\" height=\"300\"><\/a><\/td>\n<td><a href=\"https:\/\/honwaygroup.com\/wp-content\/uploads\/2023\/07\/%E5%B8%B6%E6%9F%84%E7%A0%82%E8%BC%AA_100B.jpg\"><img loading=\"lazy\" decoding=\"async\" class=\"alignnone size-medium wp-image-26046\" src=\"https:\/\/honwaygroup.com\/wp-content\/uploads\/2023\/07\/%E5%B8%B6%E6%9F%84%E7%A0%82%E8%BC%AA_100B-206x300.jpg\" alt=\"\" width=\"206\" height=\"300\"><\/a><\/td>\n<td><a href=\"https:\/\/honwaygroup.com\/wp-content\/uploads\/2023\/07\/%E5%B8%B6%E6%9F%84%E7%A0%82%E8%BC%AA_120B.jpg\"><img loading=\"lazy\" decoding=\"async\" class=\"alignnone size-medium wp-image-26042\" src=\"https:\/\/honwaygroup.com\/wp-content\/uploads\/2023\/07\/%E5%B8%B6%E6%9F%84%E7%A0%82%E8%BC%AA_120B-206x300.jpg\" alt=\"\" width=\"206\" height=\"300\"><\/a><\/td>\n<td><a href=\"https:\/\/honwaygroup.com\/wp-content\/uploads\/2023\/07\/%E5%B8%B6%E6%9F%84%E7%A0%82%E8%BC%AA_308T.webp\"><img loading=\"lazy\" decoding=\"async\" class=\"alignnone size-medium wp-image-26010\" src=\"https:\/\/honwaygroup.com\/wp-content\/uploads\/2023\/07\/%E5%B8%B6%E6%9F%84%E7%A0%82%E8%BC%AA_308T-206x300.webp\" alt=\"Muela abrasiva de v\u00e1stago_308T\" width=\"206\" height=\"300\"><\/a><\/td>\n<td><a href=\"https:\/\/honwaygroup.com\/wp-content\/uploads\/2023\/07\/%E5%B8%B6%E6%9F%84%E7%A0%82%E8%BC%AA_310T.webp\"><img loading=\"lazy\" decoding=\"async\" class=\"alignnone size-medium wp-image-26006\" src=\"https:\/\/honwaygroup.com\/wp-content\/uploads\/2023\/07\/%E5%B8%B6%E6%9F%84%E7%A0%82%E8%BC%AA_310T-206x300.webp\" alt=\"Muela abrasiva de v\u00e1stago_310T\" width=\"206\" height=\"300\"><\/a><\/td>\n<td><a href=\"https:\/\/honwaygroup.com\/wp-content\/uploads\/2023\/07\/%E5%B8%B6%E6%9F%84%E7%A0%82%E8%BC%AA_412T.webp\"><img loading=\"lazy\" decoding=\"async\" class=\"alignnone size-medium wp-image-25990\" src=\"https:\/\/honwaygroup.com\/wp-content\/uploads\/2023\/07\/%E5%B8%B6%E6%9F%84%E7%A0%82%E8%BC%AA_412T-206x300.jpg\" alt=\"Muela abrasiva de v\u00e1stago_412T\" width=\"206\" height=\"300\"><\/a><\/td>\n<td><a href=\"https:\/\/honwaygroup.com\/wp-content\/uploads\/2023\/07\/%E5%B8%B6%E6%9F%84%E7%A0%82%E8%BC%AA_710T.jpg\"><img loading=\"lazy\" decoding=\"async\" class=\"alignnone size-medium wp-image-25962\" src=\"https:\/\/honwaygroup.com\/wp-content\/uploads\/2023\/07\/%E5%B8%B6%E6%9F%84%E7%A0%82%E8%BC%AA_710T-206x300.jpg\" alt=\"Muela abrasiva de v\u00e1stago_710T\" width=\"206\" height=\"300\"><\/a><\/td>\n<\/tr>\n<tr>\n<th>50B<\/th>\n<th>60B<\/th>\n<th>80B<\/th>\n<th>100B<\/th>\n<th>120B<\/th>\n<th>308T<\/th>\n<th>310T<\/th>\n<th>412T<\/th>\n<th>710T<\/th>\n<\/tr>\n<\/tbody>\n<\/table>\n<table class=\"specTable2 center\" width=\"100%\">\n<tbody>\n<tr>\n<td><a href=\"https:\/\/honwaygroup.com\/wp-content\/uploads\/2023\/07\/%E5%B8%B6%E6%9F%84%E7%A0%82%E8%BC%AA_813R.jpg\"><img loading=\"lazy\" decoding=\"async\" class=\"alignnone size-medium wp-image-25958\" src=\"https:\/\/honwaygroup.com\/wp-content\/uploads\/2023\/07\/%E5%B8%B6%E6%9F%84%E7%A0%82%E8%BC%AA_813R-206x300.jpg\" alt=\"Muela abrasiva de v\u00e1stago_813R\" width=\"206\" height=\"300\"><\/a><\/td>\n<td><a href=\"https:\/\/honwaygroup.com\/wp-content\/uploads\/2023\/07\/%E5%B8%B6%E6%9F%84%E7%A0%82%E8%BC%AA_1224R.webp\"><img loading=\"lazy\" decoding=\"async\" class=\"alignnone size-medium wp-image-25926\" src=\"https:\/\/honwaygroup.com\/wp-content\/uploads\/2023\/07\/%E5%B8%B6%E6%9F%84%E7%A0%82%E8%BC%AA_1224R-206x300.webp\" alt=\"Muela abrasiva de v\u00e1stago_1224R\" width=\"206\" height=\"300\"><\/a><\/td>\n<td><a href=\"https:\/\/honwaygroup.com\/wp-content\/uploads\/2023\/07\/%E5%B8%B6%E6%9F%84%E7%A0%82%E8%BC%AA_609S.webp\"><img loading=\"lazy\" decoding=\"async\" class=\"alignnone size-medium wp-image-25978\" src=\"https:\/\/honwaygroup.com\/wp-content\/uploads\/2023\/07\/%E5%B8%B6%E6%9F%84%E7%A0%82%E8%BC%AA_609S-206x300.webp\" alt=\"\" width=\"206\" height=\"300\"><\/a><\/td>\n<td><a href=\"https:\/\/honwaygroup.com\/wp-content\/uploads\/2023\/07\/%E5%B8%B6%E6%9F%84%E7%A0%82%E8%BC%AA_412J.webp\"><img loading=\"lazy\" decoding=\"async\" class=\"alignnone size-medium wp-image-25998\" src=\"https:\/\/honwaygroup.com\/wp-content\/uploads\/2023\/07\/%E5%B8%B6%E6%9F%84%E7%A0%82%E8%BC%AA_412J-206x300.webp\" alt=\"Muela abrasiva de v\u00e1stago_412J\" width=\"206\" height=\"300\"><\/a><\/td>\n<td><a href=\"https:\/\/honwaygroup.com\/wp-content\/uploads\/2023\/07\/%E5%B8%B6%E6%9F%84%E7%A0%82%E8%BC%AA_616J.jpg\"><img loading=\"lazy\" decoding=\"async\" class=\"alignnone size-medium wp-image-25966\" src=\"https:\/\/honwaygroup.com\/wp-content\/uploads\/2023\/07\/%E5%B8%B6%E6%9F%84%E7%A0%82%E8%BC%AA_616J-206x300.jpg\" alt=\"Muela abrasiva de v\u00e1stago_616J\" width=\"206\" height=\"300\"><\/a><\/td>\n<td><a href=\"https:\/\/honwaygroup.com\/wp-content\/uploads\/2023\/07\/%E5%B8%B6%E6%9F%84%E7%A0%82%E8%BC%AA_816J.webp\"><img loading=\"lazy\" decoding=\"async\" class=\"alignnone size-medium wp-image-25946\" src=\"https:\/\/honwaygroup.com\/wp-content\/uploads\/2023\/07\/%E5%B8%B6%E6%9F%84%E7%A0%82%E8%BC%AA_816J-206x300.webp\" alt=\"Muela abrasiva de v\u00e1stago_816J\" width=\"206\" height=\"300\"><\/a><\/td>\n<td><a href=\"https:\/\/honwaygroup.com\/wp-content\/uploads\/2023\/07\/%E5%B8%B6%E6%9F%84%E7%A0%82%E8%BC%AA_1016J.webp\"><img loading=\"lazy\" decoding=\"async\" class=\"alignnone size-medium wp-image-25934\" src=\"https:\/\/honwaygroup.com\/wp-content\/uploads\/2023\/07\/%E5%B8%B6%E6%9F%84%E7%A0%82%E8%BC%AA_1016J-206x300.webp\" alt=\"Muela abrasiva de v\u00e1stago_1016J\" width=\"206\" height=\"300\"><\/a><\/td>\n<td><a href=\"https:\/\/honwaygroup.com\/wp-content\/uploads\/2023\/07\/%E5%B8%B6%E6%9F%84%E7%A0%82%E8%BC%AA_612P.jpg\"><img loading=\"lazy\" decoding=\"async\" class=\"alignnone size-medium wp-image-25970\" src=\"https:\/\/honwaygroup.com\/wp-content\/uploads\/2023\/07\/%E5%B8%B6%E6%9F%84%E7%A0%82%E8%BC%AA_612P-206x300.jpg\" alt=\"Muela abrasiva de v\u00e1stago_612P\" width=\"206\" height=\"300\"><\/a><\/td>\n<td><a href=\"https:\/\/honwaygroup.com\/wp-content\/uploads\/2023\/07\/%E5%B8%B6%E6%9F%84%E7%A0%82%E8%BC%AA_815P.jpg\"><img loading=\"lazy\" decoding=\"async\" class=\"alignnone size-medium wp-image-25954\" src=\"https:\/\/honwaygroup.com\/wp-content\/uploads\/2023\/07\/%E5%B8%B6%E6%9F%84%E7%A0%82%E8%BC%AA_815P-206x300.jpg\" alt=\"Muela abrasiva de v\u00e1stago_815P\" width=\"206\" height=\"300\"><\/a><\/td>\n<\/tr>\n<tr>\n<th>813R<\/th>\n<th>1224R *<\/th>\n<th>609S<\/th>\n<th>412J<\/th>\n<th>616J<\/th>\n<th>816J<\/th>\n<th>1016J<\/th>\n<th>612P<\/th>\n<th>815P<\/th>\n<\/tr>\n<\/tbody>\n<\/table>\n<table class=\"specTable2 center\" width=\"100%\">\n<tbody>\n<tr>\n<td><a href=\"https:\/\/honwaygroup.com\/wp-content\/uploads\/2023\/07\/%E5%B8%B6%E6%9F%84%E7%A0%82%E8%BC%AA_1018P.webp\"><img loading=\"lazy\" decoding=\"async\" class=\"alignnone size-medium wp-image-25930\" src=\"https:\/\/honwaygroup.com\/wp-content\/uploads\/2023\/07\/%E5%B8%B6%E6%9F%84%E7%A0%82%E8%BC%AA_1018P-206x300.webp\" alt=\"Muela abrasiva de v\u00e1stago_1018P\" width=\"206\" height=\"300\"><\/a><\/td>\n<td><a href=\"https:\/\/honwaygroup.com\/wp-content\/uploads\/2023\/07\/%E5%B8%B6%E6%9F%84%E7%A0%82%E8%BC%AA_306K.webp\"><img loading=\"lazy\" decoding=\"async\" class=\"alignnone size-medium wp-image-26018\" src=\"https:\/\/honwaygroup.com\/wp-content\/uploads\/2023\/07\/%E5%B8%B6%E6%9F%84%E7%A0%82%E8%BC%AA_306K-206x300.webp\" alt=\"Muela abrasiva de v\u00e1stago_306K\" width=\"206\" height=\"300\"><\/a><\/td>\n<td><a href=\"https:\/\/honwaygroup.com\/wp-content\/uploads\/2023\/07\/%E5%B8%B6%E6%9F%84%E7%A0%82%E8%BC%AA_412K.webp\"><img loading=\"lazy\" decoding=\"async\" class=\"alignnone size-medium wp-image-25994\" src=\"https:\/\/honwaygroup.com\/wp-content\/uploads\/2023\/07\/%E5%B8%B6%E6%9F%84%E7%A0%82%E8%BC%AA_412K-206x300.webp\" alt=\"Muela abrasiva de v\u00e1stago_412K\" width=\"206\" height=\"300\"><\/a><\/td>\n<td><a href=\"https:\/\/honwaygroup.com\/wp-content\/uploads\/2023\/07\/%E5%B8%B6%E6%9F%84%E7%A0%82%E8%BC%AA_515K.webp\"><img loading=\"lazy\" decoding=\"async\" class=\"alignnone size-medium wp-image-25982\" src=\"https:\/\/honwaygroup.com\/wp-content\/uploads\/2023\/07\/%E5%B8%B6%E6%9F%84%E7%A0%82%E8%BC%AA_515K-206x300.webp\" alt=\"Muela abrasiva de v\u00e1stago_515K\" width=\"206\" height=\"300\"><\/a><\/td>\n<td><a href=\"https:\/\/honwaygroup.com\/wp-content\/uploads\/2023\/07\/%E5%B8%B6%E6%9F%84%E7%A0%82%E8%BC%AA_816K.webp\"><img loading=\"lazy\" decoding=\"async\" class=\"alignnone size-medium wp-image-25942\" src=\"https:\/\/honwaygroup.com\/wp-content\/uploads\/2023\/07\/%E5%B8%B6%E6%9F%84%E7%A0%82%E8%BC%AA_816K-206x300.jpg\" alt=\"Muela abrasiva de v\u00e1stago_816K\" width=\"206\" height=\"300\"><\/a><\/td>\n<td><a href=\"https:\/\/honwaygroup.com\/wp-content\/uploads\/2023\/07\/%E5%B8%B6%E6%9F%84%E7%A0%82%E8%BC%AA_132E.jpg\"><img loading=\"lazy\" decoding=\"async\" class=\"alignnone size-medium wp-image-26038\" src=\"https:\/\/honwaygroup.com\/wp-content\/uploads\/2023\/07\/%E5%B8%B6%E6%9F%84%E7%A0%82%E8%BC%AA_132E-206x300.jpg\" alt=\"Muela abrasiva de v\u00e1stago_132E\" width=\"206\" height=\"300\"><\/a><\/td>\n<td><a href=\"https:\/\/honwaygroup.com\/wp-content\/uploads\/2023\/07\/%E5%B8%B6%E6%9F%84%E7%A0%82%E8%BC%AA_133E.jpg\"><img loading=\"lazy\" decoding=\"async\" class=\"alignnone size-medium wp-image-26034\" src=\"https:\/\/honwaygroup.com\/wp-content\/uploads\/2023\/07\/%E5%B8%B6%E6%9F%84%E7%A0%82%E8%BC%AA_133E-206x300.jpg\" alt=\"Muela abrasiva de v\u00e1stago_133E\" width=\"206\" height=\"300\"><\/a><\/td>\n<td><a href=\"https:\/\/honwaygroup.com\/wp-content\/uploads\/2023\/07\/%E5%B8%B6%E6%9F%84%E7%A0%82%E8%BC%AA_162E.jpg\"><img loading=\"lazy\" decoding=\"async\" class=\"alignnone size-medium wp-image-26030\" src=\"https:\/\/honwaygroup.com\/wp-content\/uploads\/2023\/07\/%E5%B8%B6%E6%9F%84%E7%A0%82%E8%BC%AA_162E-206x300.jpg\" alt=\"Muela abrasiva de v\u00e1stago_162E\" width=\"206\" height=\"300\"><\/a><\/td>\n<td><a href=\"https:\/\/honwaygroup.com\/wp-content\/uploads\/2023\/07\/%E5%B8%B6%E6%9F%84%E7%A0%82%E8%BC%AA_163E.jpg\"><img loading=\"lazy\" decoding=\"async\" class=\"alignnone size-medium wp-image-26026\" src=\"https:\/\/honwaygroup.com\/wp-content\/uploads\/2023\/07\/%E5%B8%B6%E6%9F%84%E7%A0%82%E8%BC%AA_163E-206x300.jpg\" alt=\"Muela abrasiva de v\u00e1stago_163E\" width=\"206\" height=\"300\"><\/a><\/td>\n<\/tr>\n<tr>\n<th>1018P *<\/th>\n<th>306K<\/th>\n<th>412K<\/th>\n<th>515K<\/th>\n<th>816K<\/th>\n<th>132E<\/th>\n<th>133E<\/th>\n<th>162E *<\/th>\n<th>163E *<\/th>\n<\/tr>\n<\/tbody>\n<\/table>\n<p><strong>ilustrar:<\/strong><\/p>\n<ul class=\"main_ul\">\n<li><strong>Las muelas abrasivas con v\u00e1stago <span style=\"font-size: 16px\">est\u00e1n disponibles en di\u00e1metros de v\u00e1stago est\u00e1ndar de \u00d8 3,0 mm, aunque tambi\u00e9n se ofrecen en di\u00e1metros de v\u00e1stago de \u00d8 2,34 mm o \u00d8 3,175 mm. Indique el di\u00e1metro de v\u00e1stago deseado al realizar el pedido.<\/span><\/strong><\/li>\n<li><strong>El tama\u00f1o \u275d*\u275e est\u00e1 disponible, pero no se puede suministrar el mango de \u00d82,34 mm.<\/strong><\/li>\n<\/ul>\n<p>\u00bfTienes preguntas? <a href=\"https:\/\/honwaygroup.com\/es\/contactar-con-honway\/\">Contactar a Honway<\/a><\/p>\n","protected":false},"excerpt":{"rendered":"<h5><span style=\"color: #ff0000\"><b>\u25b2Para tama\u00f1os personalizados, p\u00f3ngase en contacto con el servicio de atenci\u00f3n al cliente.<\/b><\/span><\/h5>\n<h5><span style=\"color: #ff0000\"><b>\u25b2 Los pedidos grandes pueden disfrutar de descuentos, comun\u00edquese con el servicio de atenci\u00f3n al cliente para realizar consultas.<\/b><\/span><\/h5>\n<h5>\u25b2Para consultar el plazo de entrega de pedidos, por favor contacte al servicio de atenci\u00f3n al cliente:<b><a href=\"https:\/\/honwaygroup.com\/es\/contactar-con-honway\/\">Contactar a Honway<\/a><\/b><\/h5>\n","protected":false},"featured_media":130803,"template":"","meta":{"site-sidebar-layout":"default","site-content-layout":"default","ast-site-content-layout":"default","site-content-style":"default","site-sidebar-style":"default","ast-global-header-display":"","ast-banner-title-visibility":"","ast-main-header-display":"","ast-hfb-above-header-display":"","ast-hfb-below-header-display":"","ast-hfb-mobile-header-display":"","site-post-title":"","ast-breadcrumbs-content":"","ast-featured-img":"","footer-sml-layout":"","ast-disable-related-posts":"","theme-transparent-header-meta":"default","adv-header-id-meta":"","stick-header-meta":"default","header-above-stick-meta":"","header-main-stick-meta":"","header-below-stick-meta":"","astra-migrate-meta-layouts":"default","ast-page-background-enabled":"default","ast-page-background-meta":{"desktop":{"background-color":"var(--ast-global-color-5)","background-image":"","background-repeat":"repeat","background-position":"center center","background-size":"auto","background-attachment":"scroll","background-type":"","background-media":"","overlay-type":"","overlay-color":"","overlay-opacity":"","overlay-gradient":""},"tablet":{"background-color":"","background-image":"","background-repeat":"repeat","background-position":"center center","background-size":"auto","background-attachment":"scroll","background-type":"","background-media":"","overlay-type":"","overlay-color":"","overlay-opacity":"","overlay-gradient":""},"mobile":{"background-color":"","background-image":"","background-repeat":"repeat","background-position":"center center","background-size":"auto","background-attachment":"scroll","background-type":"","background-media":"","overlay-type":"","overlay-color":"","overlay-opacity":"","overlay-gradient":""}},"ast-content-background-meta":{"desktop":{"background-color":"var(--ast-global-color-4)","background-image":"","background-repeat":"repeat","background-position":"center center","background-size":"auto","background-attachment":"scroll","background-type":"","background-media":"","overlay-type":"","overlay-color":"","overlay-opacity":"","overlay-gradient":""},"tablet":{"background-color":"var(--ast-global-color-4)","background-image":"","background-repeat":"repeat","background-position":"center center","background-size":"auto","background-attachment":"scroll","background-type":"","background-media":"","overlay-type":"","overlay-color":"","overlay-opacity":"","overlay-gradient":""},"mobile":{"background-color":"var(--ast-global-color-4)","background-image":"","background-repeat":"repeat","background-position":"center center","background-size":"auto","background-attachment":"scroll","background-type":"","background-media":"","overlay-type":"","overlay-color":"","overlay-opacity":"","overlay-gradient":""}}},"product_brand":[],"product_cat":[10464,10407],"product_tag":[12159],"class_list":{"0":"post-130808","1":"product","2":"type-product","3":"status-publish","4":"has-post-thumbnail","6":"product_cat-consumibles-perifericos-para-rectificado-y-pulido","7":"product_cat-muela-de-amolar-con-mango","8":"product_tag-muela-de-amolar-con-mango","9":"desktop-align-left","10":"tablet-align-left","11":"mobile-align-left","12":"ast-product-gallery-layout-horizontal-slider","13":"ast-product-single-variable","14":"ast-product-tabs-layout-horizontal","16":"first","17":"instock","18":"taxable","19":"shipping-taxable","20":"purchasable","21":"product-type-variable"},"_links":{"self":[{"href":"https:\/\/honwaygroup.com\/es\/wp-json\/wp\/v2\/product\/130808","targetHints":{"allow":["GET"]}}],"collection":[{"href":"https:\/\/honwaygroup.com\/es\/wp-json\/wp\/v2\/product"}],"about":[{"href":"https:\/\/honwaygroup.com\/es\/wp-json\/wp\/v2\/types\/product"}],"version-history":[{"count":0,"href":"https:\/\/honwaygroup.com\/es\/wp-json\/wp\/v2\/product\/130808\/revisions"}],"wp:featuredmedia":[{"embeddable":true,"href":"https:\/\/honwaygroup.com\/es\/wp-json\/wp\/v2\/media\/130803"}],"wp:attachment":[{"href":"https:\/\/honwaygroup.com\/es\/wp-json\/wp\/v2\/media?parent=130808"}],"wp:term":[{"taxonomy":"product_brand","embeddable":true,"href":"https:\/\/honwaygroup.com\/es\/wp-json\/wp\/v2\/product_brand?post=130808"},{"taxonomy":"product_cat","embeddable":true,"href":"https:\/\/honwaygroup.com\/es\/wp-json\/wp\/v2\/product_cat?post=130808"},{"taxonomy":"product_tag","embeddable":true,"href":"https:\/\/honwaygroup.com\/es\/wp-json\/wp\/v2\/product_tag?post=130808"}],"curies":[{"name":"wp","href":"https:\/\/api.w.org\/{rel}","templated":true}]}}