{"id":130807,"date":"2016-02-28T19:14:19","date_gmt":"2016-02-28T11:14:19","guid":{"rendered":"https:\/\/honwaygroup.com\/product\/piedras-de-aceite-edm-y-df\/"},"modified":"2016-02-28T19:14:19","modified_gmt":"2016-02-28T11:14:19","slug":"piedras-de-aceite-edm-y-df","status":"publish","type":"product","link":"https:\/\/honwaygroup.com\/es\/producto\/piedras-de-aceite-edm-y-df\/","title":{"rendered":"Piedras de aceite EDM y DF"},"content":{"rendered":"<h3><strong>Piedras de aceite EDM y DF<\/strong><\/h3>\n<p>&nbsp;<\/p>\n<ul>\n<li>Piedras de aceite de la serie <strong>EDM<\/strong>: Eliminan las capas superficiales endurecidas despu\u00e9s del procesamiento <a href=\"https:\/\/zh.wikipedia.org\/zh-hant\/%E7%94%B5%E7%81%AB%E8%8A%B1%E5%8A%A0%E5%B7%A5\" rel=\"nofollow noopener\" target=\"_blank\">EDM<\/a> de varios m\u00f3dulos.<\/li>\n<li>Piedras de aceite serie <strong>DF<\/strong>: Se utilizan para eliminar marcas y pulir durante el mecanizado general de moldes.<\/li>\n<\/ul>\n<h4><strong>Forma. Tama\u00f1o.  granularidad<\/strong><\/h4>\n<table class=\"specTable\" width=\"100%\">\n<tbody>\n<tr>\n<th>Forma<\/th>\n<th>Tama\u00f1o<\/th>\n<th>Tama\u00f1o del grano<\/th>\n<\/tr>\n<tr>\n<td rowspan=\"10\" width=\"30%\">&nbsp;<\/p>\n<p><strong>rect\u00e1ngulo<\/strong><\/p>\n<p><a href=\"https:\/\/honwaygroup.com\/wp-content\/uploads\/2023\/07\/EDM-%E8%88%87-DF-%E6%B2%B9%E7%9F%B3_%E5%B7%A5%E4%BD%9C%E5%8D%80%E5%9F%9F-1-%E8%A4%87%E6%9C%AC-12.webp\"><img decoding=\"async\" class=\"alignnone size-medium wp-image-25813\" src=\"https:\/\/honwaygroup.com\/wp-content\/uploads\/2023\/07\/EDM-%E8%88%87-DF-%E6%B2%B9%E7%9F%B3_%E5%B7%A5%E4%BD%9C%E5%8D%80%E5%9F%9F-1-%E8%A4%87%E6%9C%AC-12-300x99.webp\" alt=\"Piedras de aceite EDM y DF - rectangulares\" width=\"300\" height=\"99\"><\/a><\/td>\n<td>6 x 3 x 150 mm ( 1\/4&#8243; x 1\/8&#8243; x 6&#8243; )<\/td>\n<td rowspan=\"10\" width=\"30%\">#120 \uff0c #180 \uff0c #220 \uff0c #320 \uff0c #400 \uff0c #600 \uff0c #800 \uff0c #1000 \uff0c #1200<\/td>\n<\/tr>\n<tr>\n<td>6 x 6 x 150 mm ( 1\/4&#8243; x 1\/4&#8243; x 6&#8243; )<\/td>\n<\/tr>\n<tr>\n<td>13 x 1.5 x 150 mm ( 1\/2&#8243; x 1\/16&#8243; x 6&#8243; )<\/td>\n<\/tr>\n<tr>\n<td>13 x 3 x 150 mm ( 1\/2&#8243; x 1\/8&#8243; x 6&#8243; )<\/td>\n<\/tr>\n<tr>\n<td>13 x 6 x 150 mm ( 1\/2&#8243; x 1\/4&#8243; x 6&#8243; )<\/td>\n<\/tr>\n<tr>\n<td>13 x 13 x 150 mm ( 1\/2&#8243; x 1\/2&#8243; x 6&#8243; )<\/td>\n<\/tr>\n<tr>\n<td>25 x 3 x 150 mm ( 1&#8243; x 1\/8&#8243; x 6&#8243; )<\/td>\n<\/tr>\n<tr>\n<td>25 x 6 x 150 mm ( 1&#8243; x 1\/4&#8243; x 6&#8243; )<\/td>\n<\/tr>\n<tr>\n<td>25 x 13 x 150 mm ( 1&#8243; x 1\/2&#8243; x 6&#8243; )<\/td>\n<\/tr>\n<tr>\n<td>10 x 10 x 150 mm ( 3\/8&#8243; x 3\/8&#8243; x 6&#8243; )<\/td>\n<\/tr>\n<tr>\n<td>redondo<\/p>\n<p><a href=\"https:\/\/honwaygroup.com\/wp-content\/uploads\/2023\/07\/EDM-%E8%88%87-DF-%E6%B2%B9%E7%9F%B3_%E5%B7%A5%E4%BD%9C%E5%8D%80%E5%9F%9F-1-%E8%A4%87%E6%9C%AC-24.webp\"><img decoding=\"async\" class=\"alignnone wp-image-25821\" src=\"https:\/\/honwaygroup.com\/wp-content\/uploads\/2023\/07\/EDM-%E8%88%87-DF-%E6%B2%B9%E7%9F%B3_%E5%B7%A5%E4%BD%9C%E5%8D%80%E5%9F%9F-1-%E8%A4%87%E6%9C%AC-24-300x219.webp\" alt=\"Piedras de aceite EDM y DF - redondas\" width=\"200\" height=\"146\"><\/a><\/td>\n<td>6mm redondo x 150 mm ( 1\/4&#8243; redondo x 6&#8243; )<\/td>\n<td>#120 \uff0c #180 \uff0c #220 \uff0c #320 \uff0c #400 \uff0c #600 \uff0c #800 \uff0c #1000 \uff0c #1200<\/td>\n<\/tr>\n<tr>\n<td>semic\u00edrculo<\/p>\n<p><a href=\"https:\/\/honwaygroup.com\/wp-content\/uploads\/2023\/07\/EDM-%E8%88%87-DF-%E6%B2%B9%E7%9F%B3_%E5%B7%A5%E4%BD%9C%E5%8D%80%E5%9F%9F-1-%E8%A4%87%E6%9C%AC-23.webp\"><img decoding=\"async\" class=\"alignnone wp-image-25817\" src=\"https:\/\/honwaygroup.com\/wp-content\/uploads\/2023\/07\/EDM-%E8%88%87-DF-%E6%B2%B9%E7%9F%B3_%E5%B7%A5%E4%BD%9C%E5%8D%80%E5%9F%9F-1-%E8%A4%87%E6%9C%AC-23-300x219.webp\" alt=\"Piedras de aceite EDM y DF - semicirculares\" width=\"200\" height=\"146\"><\/a><\/td>\n<td>6mm semic\u00edrculo x 150 mm ( 1\/4&#8243; semic\u00edrculo x 6&#8243; )<\/td>\n<td>#120 \uff0c #180 \uff0c #220 \uff0c #320 \uff0c #400 \uff0c #600 \uff0c #800 \uff0c #1000 \uff0c #1200<\/td>\n<\/tr>\n<tr>\n<td>tri\u00e1ngulo<\/p>\n<p><a href=\"https:\/\/honwaygroup.com\/wp-content\/uploads\/2023\/07\/EDM-%E8%88%87-DF-%E6%B2%B9%E7%9F%B3_%E5%B7%A5%E4%BD%9C%E5%8D%80%E5%9F%9F-1-%E8%A4%87%E6%9C%AC-11.webp\"><img loading=\"lazy\" decoding=\"async\" class=\"alignnone wp-image-25809\" src=\"https:\/\/honwaygroup.com\/wp-content\/uploads\/2023\/07\/EDM-%E8%88%87-DF-%E6%B2%B9%E7%9F%B3_%E5%B7%A5%E4%BD%9C%E5%8D%80%E5%9F%9F-1-%E8%A4%87%E6%9C%AC-11-300x219.webp\" alt=\"Piedras de aceite EDM y DF - tri\u00e1ngulo\" width=\"200\" height=\"146\"><\/a><\/td>\n<td>6mm tri\u00e1ngulo x 150 mm ( 1\/4&#8243; tri\u00e1ngulo x 6&#8243; )<\/td>\n<td>#120 \uff0c #180 \uff0c #220 \uff0c #320 \uff0c #400 \uff0c #600 \uff0c #800 \uff0c #1000 \uff0c #1200<\/td>\n<\/tr>\n<\/tbody>\n<\/table>\n<ul class=\"main_ul\">\n<li><strong>Las especificaciones y tama\u00f1os de part\u00edcula indicados anteriormente corresponden a productos est\u00e1ndar. P\u00f3ngase en <a href=\"tel:+886-7-2231058\">contacto<\/a> con nosotros si necesita especificaciones o tama\u00f1os de part\u00edcula espec\u00edficos.<\/strong><\/li>\n<\/ul>\n<p>\u00bfTienes preguntas? <a href=\"https:\/\/honwaygroup.com\/es\/contactar-con-honway\/\">Contactar a Honway<\/a><\/p>\n","protected":false},"excerpt":{"rendered":"<div id=\"desWrap\">\n<ul>\n<li>Piedras de aceite de la serie <strong>EDM<\/strong>: Se utilizan principalmente para eliminar las capas superficiales endurecidas despu\u00e9s del procesamiento EDM de varios m\u00f3dulos.<\/li>\n<li>Piedras de aceite serie <strong>DF<\/strong>: Se utilizan principalmente para eliminar marcas y pulir durante el mecanizado general de moldes.<\/li>\n<\/ul>\n<h5>\u25b2Bienvenido al servicio de atenci\u00f3n al cliente por mensaje privado para consultas:<a href=\"https:\/\/honwaygroup.com\/es\/contactar-con-honway\/\">Contactar con Honway<\/a><\/h5>\n<h5><strong><span style=\"color: #ff0000; font-size: 19.2px;\">\u25b2<\/span><\/strong> <strong><span style=\"color: #ff0000; font-size: 19.2px;\">Los pedidos grandes pueden disfrutar de descuentos, comun\u00edquese con el servicio de atenci\u00f3n al cliente para realizar consultas.<\/span><\/strong><\/h5>\n<h5><strong><span style=\"color: #ff0000; font-size: 19.2px;\">\u25b2<\/span><span style=\"color: #ff0000; font-size: 19.2px;\">El tiempo de<\/span><span style=\"color: #ff0000;\"> entrega para pedidos de<\/span><span style=\"color: #ff0000; font-size: 19.2px;\"> Taiw\u00e1n es de aproximadamente 7 a 14 d\u00edas h\u00e1biles.<\/span><\/strong><\/h5>\n<h5><strong><span style=\"color: #ff0000; font-size: 19.2px;\">\u25b2<\/span><span style=\"color: #ff0000;\">Los pedidos internacionales tardan aproximadamente de 7 a 14 d\u00edas en enviarse. El tiempo de entrega real depende del estado de entrega de la empresa de mensajer\u00eda.<\/span><\/strong><\/h5>\n<\/div>\n","protected":false},"featured_media":130768,"template":"","meta":{"site-sidebar-layout":"default","site-content-layout":"default","ast-site-content-layout":"default","site-content-style":"default","site-sidebar-style":"default","ast-global-header-display":"","ast-banner-title-visibility":"","ast-main-header-display":"","ast-hfb-above-header-display":"","ast-hfb-below-header-display":"","ast-hfb-mobile-header-display":"","site-post-title":"","ast-breadcrumbs-content":"","ast-featured-img":"","footer-sml-layout":"","ast-disable-related-posts":"","theme-transparent-header-meta":"default","adv-header-id-meta":"","stick-header-meta":"default","header-above-stick-meta":"","header-main-stick-meta":"","header-below-stick-meta":"","astra-migrate-meta-layouts":"default","ast-page-background-enabled":"default","ast-page-background-meta":{"desktop":{"background-color":"var(--ast-global-color-5)","background-image":"","background-repeat":"repeat","background-position":"center center","background-size":"auto","background-attachment":"scroll","background-type":"","background-media":"","overlay-type":"","overlay-color":"","overlay-opacity":"","overlay-gradient":""},"tablet":{"background-color":"","background-image":"","background-repeat":"repeat","background-position":"center center","background-size":"auto","background-attachment":"scroll","background-type":"","background-media":"","overlay-type":"","overlay-color":"","overlay-opacity":"","overlay-gradient":""},"mobile":{"background-color":"","background-image":"","background-repeat":"repeat","background-position":"center center","background-size":"auto","background-attachment":"scroll","background-type":"","background-media":"","overlay-type":"","overlay-color":"","overlay-opacity":"","overlay-gradient":""}},"ast-content-background-meta":{"desktop":{"background-color":"var(--ast-global-color-4)","background-image":"","background-repeat":"repeat","background-position":"center center","background-size":"auto","background-attachment":"scroll","background-type":"","background-media":"","overlay-type":"","overlay-color":"","overlay-opacity":"","overlay-gradient":""},"tablet":{"background-color":"var(--ast-global-color-4)","background-image":"","background-repeat":"repeat","background-position":"center center","background-size":"auto","background-attachment":"scroll","background-type":"","background-media":"","overlay-type":"","overlay-color":"","overlay-opacity":"","overlay-gradient":""},"mobile":{"background-color":"var(--ast-global-color-4)","background-image":"","background-repeat":"repeat","background-position":"center center","background-size":"auto","background-attachment":"scroll","background-type":"","background-media":"","overlay-type":"","overlay-color":"","overlay-opacity":"","overlay-gradient":""}}},"product_brand":[],"product_cat":[10464,10465],"product_tag":[12158],"class_list":{"0":"post-130807","1":"product","2":"type-product","3":"status-publish","4":"has-post-thumbnail","6":"product_cat-consumibles-perifericos-para-rectificado-y-pulido","7":"product_cat-piedras-de-afilar-edm-y-df","8":"product_tag-oilstone","9":"desktop-align-left","10":"tablet-align-left","11":"mobile-align-left","12":"ast-product-gallery-layout-horizontal-slider","13":"ast-product-tabs-layout-horizontal","15":"first","16":"instock","17":"taxable","18":"shipping-taxable","19":"product-type-simple"},"_links":{"self":[{"href":"https:\/\/honwaygroup.com\/es\/wp-json\/wp\/v2\/product\/130807","targetHints":{"allow":["GET"]}}],"collection":[{"href":"https:\/\/honwaygroup.com\/es\/wp-json\/wp\/v2\/product"}],"about":[{"href":"https:\/\/honwaygroup.com\/es\/wp-json\/wp\/v2\/types\/product"}],"version-history":[{"count":0,"href":"https:\/\/honwaygroup.com\/es\/wp-json\/wp\/v2\/product\/130807\/revisions"}],"wp:featuredmedia":[{"embeddable":true,"href":"https:\/\/honwaygroup.com\/es\/wp-json\/wp\/v2\/media\/130768"}],"wp:attachment":[{"href":"https:\/\/honwaygroup.com\/es\/wp-json\/wp\/v2\/media?parent=130807"}],"wp:term":[{"taxonomy":"product_brand","embeddable":true,"href":"https:\/\/honwaygroup.com\/es\/wp-json\/wp\/v2\/product_brand?post=130807"},{"taxonomy":"product_cat","embeddable":true,"href":"https:\/\/honwaygroup.com\/es\/wp-json\/wp\/v2\/product_cat?post=130807"},{"taxonomy":"product_tag","embeddable":true,"href":"https:\/\/honwaygroup.com\/es\/wp-json\/wp\/v2\/product_tag?post=130807"}],"curies":[{"name":"wp","href":"https:\/\/api.w.org\/{rel}","templated":true}]}}