{"id":130759,"date":"2017-06-13T15:48:00","date_gmt":"2017-06-13T07:48:00","guid":{"rendered":"https:\/\/honwaygroup.com\/product\/pulido-con-aerosol-chorro-de-diamante\/"},"modified":"2017-06-13T15:48:00","modified_gmt":"2017-06-13T07:48:00","slug":"pulido-con-aerosol-chorro-de-diamante","status":"publish","type":"product","link":"https:\/\/honwaygroup.com\/es\/producto\/pulido-con-aerosol-chorro-de-diamante\/","title":{"rendered":"Pulido con aerosol ==&gt;Chorro de diamante"},"content":{"rendered":"<h1>Caracter\u00edsticas de pulido por pulverizaci\u00f3n<\/h1>\n<p>Cuando el cono m\u00faltiple es expulsado a alta velocidad por el equipo de pulido por chorro, el propio soporte, el\u00e1stico, se deforma al entrar en contacto con la superficie de la pieza de trabajo a alta velocidad. Adem\u00e1s, se desliza y roza contra la superficie de la pieza para lograr el efecto de pulido.<\/p>\n<p>Recomendaci\u00f3n: Roc\u00ede el agente pulidor sobre la superficie de la pieza de trabajo en un \u00e1ngulo apropiado (30\u00b0~60\u00b0).<\/p>\n<p>Caracter\u00edsticas: Esta fuerza de fricci\u00f3n permite que el polvo de diamante en la superficie de las part\u00edculas abrasivas el\u00e1sticas pula la pieza de trabajo. Debido a que una gran cantidad de part\u00edculas abrasivas el\u00e1sticas se proyectan instant\u00e1neamente sobre la superficie de la pieza, estas se deslizan naturalmente adapt\u00e1ndose a su forma para realizar el pulido por fricci\u00f3n. Por lo tanto, se puede pulir y rectificar piezas de diversas formas irregulares r\u00e1pidamente, pr\u00e1cticamente sin afectar su forma ni precisi\u00f3n.<\/p>\n<h2>Caracter\u00edsticas abrasivas<\/h2>\n<p>El multicono (part\u00edculas abrasivas compuestas) es un material abrasivo poroso y autoadhesivo fabricado con pl\u00e1sticos, fibras de caucho y cer\u00e1mica porosa. Es un material compuesto el\u00e1stico (tama\u00f1o de part\u00edcula de aproximadamente 0,5 a 2 mm).<\/p>\n<p>Al utilizar las propiedades adhesivas de su propio elast\u00f3mero, el abrasivo (polvo de diamante) puede formar de forma natural interacciones f\u00edsicas y qu\u00edmicas, adhiri\u00e9ndose a su superficie y estructura porosa.<\/p>\n<figure id=\"attachment_130754\" aria-describedby=\"caption-attachment-130754\" style=\"width: 800px\" class=\"wp-caption aligncenter\"><a href=\"https:\/\/honwaygroup.com\/wp-content\/uploads\/2023\/06\/%E5%99%B4%E5%B0%84%E6%8B%8B%E5%85%89%E7%A4%BA%E6%84%8F%E5%9C%96-1.webp\"><img fetchpriority=\"high\" decoding=\"async\" class=\"wp-image-15806\" src=\"https:\/\/honwaygroup.com\/wp-content\/uploads\/2023\/06\/%E5%99%B4%E5%B0%84%E6%8B%8B%E5%85%89%E7%A4%BA%E6%84%8F%E5%9C%96-1-1024x536.webp\" alt=\"\" width=\"800\" height=\"419\"><\/a><figcaption id=\"caption-attachment-130754\" class=\"wp-caption-text\">Explicaci\u00f3n del funcionamiento del pulido por chorro<\/figcaption><\/figure>\n<h2>Tabla comparativa de aplicaciones de pulido por chorro<\/h2>\n<p><a href=\"https:\/\/honwaygroup.com\/wp-content\/uploads\/2017\/06\/%E5%99%B4%E5%B0%84%E6%8B%8B%E5%85%89%E7%B3%BB%E5%88%97%E6%87%89%E7%94%A8%E7%AF%84%E4%BE%8B-DM_%E5%B7%A5%E4%BD%9C%E5%8D%80%E5%9F%9F-1-%E8%A4%87%E6%9C%AC-scaled.webp\"><img decoding=\"async\" class=\"wp-image-78764 size-large aligncenter\" src=\"https:\/\/honwaygroup.com\/wp-content\/uploads\/2017\/06\/%E5%99%B4%E5%B0%84%E6%8B%8B%E5%85%89%E7%B3%BB%E5%88%97%E6%87%89%E7%94%A8%E7%AF%84%E4%BE%8B-DM_%E5%B7%A5%E4%BD%9C%E5%8D%80%E5%9F%9F-1-%E8%A4%87%E6%9C%AC-802x1024.webp\" alt=\"Ejemplos de aplicaciones de la serie de pulido por chorro\" width=\"802\" height=\"1024\"><\/a><\/p>\n<p>&nbsp;<\/p>\n<h3>Equipo compatible<\/h3>\n<p>&nbsp;<\/p>\n<table>\n<tbody>\n<tr>\n<td width=\"277\"><a href=\"https:\/\/honwaygroup.com\/es\/product\/equipo-de-pulido-por-chorro-as-jp23l\/\" target=\"_blank\" rel=\"noopener\"><img decoding=\"async\" class=\"aligncenter wp-image-37448 size-medium\" src=\"https:\/\/honwaygroup.com\/wp-content\/uploads\/2023\/03\/AS-JP23L-300x300.webp\" alt=\"\" width=\"300\" height=\"300\" srcset=\"https:\/\/honwaygroup.com\/wp-content\/uploads\/2023\/03\/AS-JP23L-300x300.webp 300w, https:\/\/honwaygroup.com\/wp-content\/uploads\/2023\/03\/AS-JP23L-1024x1024.webp 1024w, https:\/\/honwaygroup.com\/wp-content\/uploads\/2023\/03\/AS-JP23L-150x150.webp 150w, https:\/\/honwaygroup.com\/wp-content\/uploads\/2023\/03\/AS-JP23L-768x768.webp 768w, https:\/\/honwaygroup.com\/wp-content\/uploads\/2023\/03\/AS-JP23L-100x100.webp 100w, https:\/\/honwaygroup.com\/wp-content\/uploads\/2023\/03\/AS-JP23L.webp 1333w\" sizes=\"(max-width: 300px) 100vw, 300px\" \/><\/a><\/td>\n<td width=\"277\"><a href=\"https:\/\/honwaygroup.com\/es\/product\/equipo-de-pulido-por-chorro-as-jp23\/\" target=\"_blank\" rel=\"noopener\"><img loading=\"lazy\" decoding=\"async\" class=\"aligncenter wp-image-37452 size-medium\" src=\"https:\/\/honwaygroup.com\/wp-content\/uploads\/2023\/03\/AS-JP23-300x300.webp\" alt=\"\" width=\"300\" height=\"300\" srcset=\"https:\/\/honwaygroup.com\/wp-content\/uploads\/2023\/03\/AS-JP23-300x300.webp 300w, https:\/\/honwaygroup.com\/wp-content\/uploads\/2023\/03\/AS-JP23-1024x1024.webp 1024w, https:\/\/honwaygroup.com\/wp-content\/uploads\/2023\/03\/AS-JP23-150x150.webp 150w, https:\/\/honwaygroup.com\/wp-content\/uploads\/2023\/03\/AS-JP23-768x768.webp 768w, https:\/\/honwaygroup.com\/wp-content\/uploads\/2023\/03\/AS-JP23-100x100.webp 100w, https:\/\/honwaygroup.com\/wp-content\/uploads\/2023\/03\/AS-JP23.webp 1333w\" sizes=\"(max-width: 300px) 100vw, 300px\" \/><\/a><\/td>\n<\/tr>\n<tr>\n<td width=\"277\">\n<p style=\"text-align: center\">AS-JP23L<\/p>\n<\/td>\n<td width=\"277\">\n<p style=\"text-align: center\">AS-JP23<\/p>\n<\/td>\n<\/tr>\n<\/tbody>\n<\/table>\n<p>&nbsp;<\/p>\n<p>\u00bfTienes preguntas? <a href=\"https:\/\/honwaygroup.com\/es\/contactar-con-honway\/\">Contactar a Honway<\/a><\/p>\n","protected":false},"excerpt":{"rendered":"<h5><\/h5>\n<h5><\/h5>\n<h5><strong><span style=\"color: #ff0000;font-size: 19.2px\">\u25b2 Los pedidos grandes pueden disfrutar de descuentos, comun\u00edquese con el servicio de atenci\u00f3n al cliente para realizar consultas.<br \/>\n<\/span><\/strong><\/h5>\n<h5><strong><span style=\"color: #ff0000;font-size: 19.2px\">\u25b2<\/span><span style=\"color: #ff0000;font-size: 19.2px\">El tiempo de<\/span><span style=\"color: #ff0000\"> entrega para pedidos de<\/span><span style=\"color: #ff0000;font-size: 19.2px\"> Taiw\u00e1n es de aproximadamente 7 a 14 d\u00edas h\u00e1biles.<\/span><\/strong><\/h5>\n<h5><strong><span style=\"color: #ff0000;font-size: 19.2px\">\u25b2<\/span><span style=\"color: #ff0000\">Los pedidos internacionales tardan aproximadamente de 7 a 14 d\u00edas en enviarse. El tiempo de entrega real depende del estado de entrega de la empresa de mensajer\u00eda.<\/span><\/strong><\/h5>\n","protected":false},"featured_media":130755,"template":"","meta":{"site-sidebar-layout":"default","site-content-layout":"default","ast-site-content-layout":"default","site-content-style":"default","site-sidebar-style":"default","ast-global-header-display":"","ast-banner-title-visibility":"","ast-main-header-display":"","ast-hfb-above-header-display":"","ast-hfb-below-header-display":"","ast-hfb-mobile-header-display":"","site-post-title":"","ast-breadcrumbs-content":"","ast-featured-img":"","footer-sml-layout":"","ast-disable-related-posts":"","theme-transparent-header-meta":"default","adv-header-id-meta":"","stick-header-meta":"default","header-above-stick-meta":"","header-main-stick-meta":"","header-below-stick-meta":"","astra-migrate-meta-layouts":"default","ast-page-background-enabled":"default","ast-page-background-meta":{"desktop":{"background-color":"var(--ast-global-color-5)","background-image":"","background-repeat":"repeat","background-position":"center center","background-size":"auto","background-attachment":"scroll","background-type":"","background-media":"","overlay-type":"","overlay-color":"","overlay-opacity":"","overlay-gradient":""},"tablet":{"background-color":"","background-image":"","background-repeat":"repeat","background-position":"center center","background-size":"auto","background-attachment":"scroll","background-type":"","background-media":"","overlay-type":"","overlay-color":"","overlay-opacity":"","overlay-gradient":""},"mobile":{"background-color":"","background-image":"","background-repeat":"repeat","background-position":"center center","background-size":"auto","background-attachment":"scroll","background-type":"","background-media":"","overlay-type":"","overlay-color":"","overlay-opacity":"","overlay-gradient":""}},"ast-content-background-meta":{"desktop":{"background-color":"var(--ast-global-color-4)","background-image":"","background-repeat":"repeat","background-position":"center center","background-size":"auto","background-attachment":"scroll","background-type":"","background-media":"","overlay-type":"","overlay-color":"","overlay-opacity":"","overlay-gradient":""},"tablet":{"background-color":"var(--ast-global-color-4)","background-image":"","background-repeat":"repeat","background-position":"center center","background-size":"auto","background-attachment":"scroll","background-type":"","background-media":"","overlay-type":"","overlay-color":"","overlay-opacity":"","overlay-gradient":""},"mobile":{"background-color":"var(--ast-global-color-4)","background-image":"","background-repeat":"repeat","background-position":"center center","background-size":"auto","background-attachment":"scroll","background-type":"","background-media":"","overlay-type":"","overlay-color":"","overlay-opacity":"","overlay-gradient":""}}},"product_brand":[],"product_cat":[10490,10497,10459,10463,10460,10442,10491,10457,10439],"product_tag":[10769,10767],"class_list":{"0":"post-130759","1":"product","2":"type-product","3":"status-publish","4":"has-post-thumbnail","6":"product_cat-abrasivos-suaves","7":"product_cat-superhard-materials-es","8":"product_cat-desbarbado","9":"product_cat-herramientas-especiales-de-diamante","10":"product_cat-materiales-de-pulido","11":"product_cat-polvo","12":"product_cat-polvo-de-molienda","13":"product_cat-tipo-de-aplicacion","14":"product_cat-tipo-de-materia-prima","15":"product_tag-chorro-de-arena-con-diamante-es","16":"product_tag-pulido-por-chorro","17":"desktop-align-left","18":"tablet-align-left","19":"mobile-align-left","20":"ast-product-gallery-layout-horizontal-slider","21":"ast-product-gallery-with-no-image","22":"ast-product-tabs-layout-horizontal","24":"first","25":"onbackorder","26":"taxable","27":"shipping-taxable","28":"purchasable","29":"product-type-simple"},"_links":{"self":[{"href":"https:\/\/honwaygroup.com\/es\/wp-json\/wp\/v2\/product\/130759","targetHints":{"allow":["GET"]}}],"collection":[{"href":"https:\/\/honwaygroup.com\/es\/wp-json\/wp\/v2\/product"}],"about":[{"href":"https:\/\/honwaygroup.com\/es\/wp-json\/wp\/v2\/types\/product"}],"version-history":[{"count":0,"href":"https:\/\/honwaygroup.com\/es\/wp-json\/wp\/v2\/product\/130759\/revisions"}],"wp:featuredmedia":[{"embeddable":true,"href":"https:\/\/honwaygroup.com\/es\/wp-json\/wp\/v2\/media\/130755"}],"wp:attachment":[{"href":"https:\/\/honwaygroup.com\/es\/wp-json\/wp\/v2\/media?parent=130759"}],"wp:term":[{"taxonomy":"product_brand","embeddable":true,"href":"https:\/\/honwaygroup.com\/es\/wp-json\/wp\/v2\/product_brand?post=130759"},{"taxonomy":"product_cat","embeddable":true,"href":"https:\/\/honwaygroup.com\/es\/wp-json\/wp\/v2\/product_cat?post=130759"},{"taxonomy":"product_tag","embeddable":true,"href":"https:\/\/honwaygroup.com\/es\/wp-json\/wp\/v2\/product_tag?post=130759"}],"curies":[{"name":"wp","href":"https:\/\/api.w.org\/{rel}","templated":true}]}}