{"id":128960,"date":"2020-04-28T17:51:17","date_gmt":"2020-04-28T09:51:17","guid":{"rendered":"https:\/\/honwaygroup.com\/product\/fluido-de-pulido-de-nanodiamante\/"},"modified":"2020-04-28T17:51:17","modified_gmt":"2020-04-28T09:51:17","slug":"fluido-de-pulido-de-nanodiamante","status":"publish","type":"product","link":"https:\/\/honwaygroup.com\/es\/producto\/fluido-de-pulido-de-nanodiamante\/","title":{"rendered":"fluido de pulido de nanodiamante"},"content":{"rendered":"<h3>fluido de pulido de nanodiamante<\/h3>\n<p>El fluido de pulido de nanodiamante se utiliza principalmente para pulir superficies de nivel nano y angstrom (inferior al nan\u00f3metro) de <a href=\"https:\/\/zh.m.wikipedia.org\/zh-tw\/%E6%99%B6%E5%9C%93\" rel=\"nofollow noopener\" target=\"_blank\">obleas<\/a>, moldes de ultraprecisi\u00f3n, piedras preciosas, cer\u00e1micas y aleaciones.<\/p>\n<p><a href=\"https:\/\/honwaygroup.com\/wp-content\/uploads\/2020\/04\/%E9%91%BD%E7%9F%B3%E6%B6%B2.avif\"><img fetchpriority=\"high\" decoding=\"async\" class=\"alignnone\" src=\"https:\/\/honwaygroup.com\/wp-content\/uploads\/2020\/04\/%E9%91%BD%E7%9F%B3%E6%B6%B2-760x1024.avif\" alt=\"Fluido de pulido metalogr\u00e1fico\" width=\"760\" height=\"1024\"><\/a><\/p>\n<p>\u00bfTienes preguntas? <a href=\"https:\/\/honwaygroup.com\/es\/contactar-con-honway\/\">Contactar a Honway<\/a><\/p>\n","protected":false},"excerpt":{"rendered":"<p>500ml<\/p>\n<h5>\u25b2Si necesita personalizaci\u00f3n, comun\u00edquese con el servicio de atenci\u00f3n al cliente.<\/h5>\n<h5><strong><span style=\"color: #ff0000; font-size: 19.2px;\">\u25b2 Los pedidos grandes pueden disfrutar de descuentos, comun\u00edquese con el servicio de atenci\u00f3n al cliente para realizar consultas.<br \/>\n<\/span><\/strong><\/h5>\n<h5><strong><span style=\"color: #ff0000; font-size: 19.2px;\">\u25b2<\/span><span style=\"color: #ff0000; font-size: 19.2px;\">El tiempo de<\/span><span style=\"color: #ff0000;\"> entrega para pedidos de<\/span><span style=\"color: #ff0000; font-size: 19.2px;\"> Taiw\u00e1n es de aproximadamente 7 a 14 d\u00edas h\u00e1biles.<\/span><\/strong><\/h5>\n<h5><strong><span style=\"color: #ff0000; font-size: 19.2px;\">\u25b2<\/span><span style=\"color: #ff0000;\">Los pedidos internacionales tardan aproximadamente de 7 a 14 d\u00edas en enviarse. El tiempo de entrega real depende del estado de entrega de la empresa de mensajer\u00eda.<\/span><\/strong><\/h5>\n","protected":false},"featured_media":128961,"template":"","meta":{"site-sidebar-layout":"default","site-content-layout":"default","ast-site-content-layout":"default","site-content-style":"default","site-sidebar-style":"default","ast-global-header-display":"","ast-banner-title-visibility":"","ast-main-header-display":"","ast-hfb-above-header-display":"","ast-hfb-below-header-display":"","ast-hfb-mobile-header-display":"","site-post-title":"","ast-breadcrumbs-content":"","ast-featured-img":"","footer-sml-layout":"","ast-disable-related-posts":"","theme-transparent-header-meta":"default","adv-header-id-meta":"","stick-header-meta":"default","header-above-stick-meta":"","header-main-stick-meta":"","header-below-stick-meta":"","astra-migrate-meta-layouts":"default","ast-page-background-enabled":"default","ast-page-background-meta":{"desktop":{"background-color":"var(--ast-global-color-5)","background-image":"","background-repeat":"repeat","background-position":"center center","background-size":"auto","background-attachment":"scroll","background-type":"","background-media":"","overlay-type":"","overlay-color":"","overlay-opacity":"","overlay-gradient":""},"tablet":{"background-color":"","background-image":"","background-repeat":"repeat","background-position":"center center","background-size":"auto","background-attachment":"scroll","background-type":"","background-media":"","overlay-type":"","overlay-color":"","overlay-opacity":"","overlay-gradient":""},"mobile":{"background-color":"","background-image":"","background-repeat":"repeat","background-position":"center center","background-size":"auto","background-attachment":"scroll","background-type":"","background-media":"","overlay-type":"","overlay-color":"","overlay-opacity":"","overlay-gradient":""}},"ast-content-background-meta":{"desktop":{"background-color":"var(--ast-global-color-4)","background-image":"","background-repeat":"repeat","background-position":"center center","background-size":"auto","background-attachment":"scroll","background-type":"","background-media":"","overlay-type":"","overlay-color":"","overlay-opacity":"","overlay-gradient":""},"tablet":{"background-color":"var(--ast-global-color-4)","background-image":"","background-repeat":"repeat","background-position":"center center","background-size":"auto","background-attachment":"scroll","background-type":"","background-media":"","overlay-type":"","overlay-color":"","overlay-opacity":"","overlay-gradient":""},"mobile":{"background-color":"var(--ast-global-color-4)","background-image":"","background-repeat":"repeat","background-position":"center center","background-size":"auto","background-attachment":"scroll","background-type":"","background-media":"","overlay-type":"","overlay-color":"","overlay-opacity":"","overlay-gradient":""}}},"product_brand":[],"product_cat":[10471,10497,10423,10425,10441,10421,10424,10426,10422,10439],"product_tag":[10690,10691,10666,10689],"class_list":{"0":"post-128960","1":"product","2":"type-product","3":"status-publish","4":"has-post-thumbnail","6":"product_cat-fluido-de-pulido","7":"product_cat-superhard-materials-es","8":"product_cat-acero-de-tungsteno","9":"product_cat-ceramica","10":"product_cat-liquido","11":"product_cat-materiales-de-procesamiento","12":"product_cat-metales-a-base-de-hierro-y-niquel","13":"product_cat-metales-no-ferrosos-a-base-de-niquel","14":"product_cat-plastico-caucho-y-no-metal","15":"product_cat-tipo-de-materia-prima","16":"product_tag-fluido-de-pulido-metalografico","17":"product_tag-liquido-de-pulido-metalografico","18":"product_tag-metalografia-es","19":"product_tag-pulido-metalografico","20":"desktop-align-left","21":"tablet-align-left","22":"mobile-align-left","23":"ast-product-gallery-layout-horizontal-slider","24":"ast-product-single-variable","25":"ast-product-tabs-layout-horizontal","27":"first","28":"instock","29":"taxable","30":"shipping-taxable","31":"purchasable","32":"product-type-variable"},"_links":{"self":[{"href":"https:\/\/honwaygroup.com\/es\/wp-json\/wp\/v2\/product\/128960","targetHints":{"allow":["GET"]}}],"collection":[{"href":"https:\/\/honwaygroup.com\/es\/wp-json\/wp\/v2\/product"}],"about":[{"href":"https:\/\/honwaygroup.com\/es\/wp-json\/wp\/v2\/types\/product"}],"version-history":[{"count":0,"href":"https:\/\/honwaygroup.com\/es\/wp-json\/wp\/v2\/product\/128960\/revisions"}],"wp:featuredmedia":[{"embeddable":true,"href":"https:\/\/honwaygroup.com\/es\/wp-json\/wp\/v2\/media\/128961"}],"wp:attachment":[{"href":"https:\/\/honwaygroup.com\/es\/wp-json\/wp\/v2\/media?parent=128960"}],"wp:term":[{"taxonomy":"product_brand","embeddable":true,"href":"https:\/\/honwaygroup.com\/es\/wp-json\/wp\/v2\/product_brand?post=128960"},{"taxonomy":"product_cat","embeddable":true,"href":"https:\/\/honwaygroup.com\/es\/wp-json\/wp\/v2\/product_cat?post=128960"},{"taxonomy":"product_tag","embeddable":true,"href":"https:\/\/honwaygroup.com\/es\/wp-json\/wp\/v2\/product_tag?post=128960"}],"curies":[{"name":"wp","href":"https:\/\/api.w.org\/{rel}","templated":true}]}}