{"id":128942,"date":"2021-01-16T18:43:49","date_gmt":"2021-01-16T10:43:49","guid":{"rendered":"https:\/\/honwaygroup.com\/product\/barra-de-rectificado-interno-de-diamante-cbn-para-metodo-ceramico\/"},"modified":"2025-11-04T17:44:11","modified_gmt":"2025-11-04T09:44:11","slug":"barra-de-rectificado-interno-de-diamante-cbn-para-metodo-ceramico","status":"publish","type":"product","link":"https:\/\/honwaygroup.com\/es\/producto\/barra-de-rectificado-interno-de-diamante-cbn-para-metodo-ceramico\/","title":{"rendered":"Barra de rectificado interno de diamante\/CBN para m\u00e9todo cer\u00e1mico"},"content":{"rendered":"<h3><strong>Barra de rectificado interno de diamante\/CBN para m\u00e9todo cer\u00e1mico<\/strong><\/h3>\n<p>Las barras de rectificado interno de diamante\/CBN con m\u00e9todo cer\u00e1mico son adecuadas para el<a href=\"https:\/\/zh.wikipedia.org\/wiki\/%E9%AB%98%E9%80%9F%E9%8B%BC\" rel=\"nofollow noopener\" target=\"_blank\"> rectificado de acero r\u00e1pido<\/a> y diversos aceros aleados tratados t\u00e9rmicamente y endurecidos.<\/p>\n<p><a href=\"https:\/\/honwaygroup.com\/wp-content\/uploads\/2021\/01\/%E9%99%B6%E7%93%B7%E6%B3%95%E5%85%A7%E5%AD%94%E7%A3%A8%E6%A3%92%E8%A6%8F%E6%A0%BC.avif\"><img fetchpriority=\"high\" decoding=\"async\" class=\"alignnone wp-image-7226 size-full\" src=\"https:\/\/honwaygroup.com\/wp-content\/uploads\/2021\/01\/%E9%99%B6%E7%93%B7%E6%B3%95%E5%85%A7%E5%AD%94%E7%A3%A8%E6%A3%92%E8%A6%8F%E6%A0%BC.avif\" alt=\"Barra de rectificado interno de diamante\/CBN para m\u00e9todo cer\u00e1mico\" width=\"810\" height=\"150\"><\/a><\/p>\n<p>unidad : mm<\/p>\n<table class=\"specTable\" width=\"100%\">\n<tbody>\n<tr>\n<th>n\u00famero de serie<\/th>\n<th>modelo<\/th>\n<th>\u00d8D<\/th>\n<th>T<\/th>\n<th>X<\/th>\n<th>N<\/th>\n<th>L<\/th>\n<th>\u00d8B<\/th>\n<th>granularidad<\/th>\n<\/tr>\n<tr>\n<td>VIB &#8211; 3040<\/td>\n<td>A<\/td>\n<td>4.0<\/td>\n<td>6<\/td>\n<td>1.0<\/td>\n<td>12<\/td>\n<td>60<\/td>\n<td>3<\/td>\n<td># 200<\/td>\n<\/tr>\n<tr>\n<td>VIB &#8211; 3050<\/td>\n<td>A<\/td>\n<td>5.0<\/td>\n<td>6<\/td>\n<td>1.5<\/td>\n<td>12<\/td>\n<td>60<\/td>\n<td>3<\/td>\n<td># 200<\/td>\n<\/tr>\n<tr>\n<td>VIB &#8211; 3060<\/td>\n<td>A<\/td>\n<td>6.0<\/td>\n<td>6<\/td>\n<td>2.0<\/td>\n<td>12<\/td>\n<td>60<\/td>\n<td>3<\/td>\n<td># 200<\/td>\n<\/tr>\n<tr>\n<td>VIB &#8211; 3080<\/td>\n<td>A<\/td>\n<td>8.0<\/td>\n<td>8<\/td>\n<td>3.0<\/td>\n<td>12<\/td>\n<td>60<\/td>\n<td>3<\/td>\n<td># 200<\/td>\n<\/tr>\n<tr>\n<td>VIB &#8211; 6100<\/td>\n<td>B<\/td>\n<td>10.0<\/td>\n<td>8<\/td>\n<td>2.0<\/td>\n<td>&#8211;<\/td>\n<td>80<\/td>\n<td>6<\/td>\n<td># 200<\/td>\n<\/tr>\n<tr>\n<td>VIB &#8211; 6120<\/td>\n<td>B<\/td>\n<td>12.0<\/td>\n<td>10<\/td>\n<td>3.0<\/td>\n<td>&#8211;<\/td>\n<td>80<\/td>\n<td>6<\/td>\n<td># 200<\/td>\n<\/tr>\n<tr>\n<td>VIB &#8211; 8140<\/td>\n<td>B<\/td>\n<td>14.0<\/td>\n<td>12<\/td>\n<td>3.0<\/td>\n<td>&#8211;<\/td>\n<td>80<\/td>\n<td>8<\/td>\n<td># 200<\/td>\n<\/tr>\n<tr>\n<td>VIB &#8211; 6140<\/td>\n<td>B<\/td>\n<td>14.0<\/td>\n<td>12<\/td>\n<td>4.0<\/td>\n<td>&#8211;<\/td>\n<td>80<\/td>\n<td>6<\/td>\n<td># 200<\/td>\n<\/tr>\n<tr>\n<td>VIB &#8211; 8160<\/td>\n<td>B<\/td>\n<td>16.0<\/td>\n<td>12<\/td>\n<td>4.0<\/td>\n<td>&#8211;<\/td>\n<td>80<\/td>\n<td>8<\/td>\n<td># 200<\/td>\n<\/tr>\n<tr>\n<td>VIB &#8211; 6160<\/td>\n<td>B<\/td>\n<td>16.0<\/td>\n<td>12<\/td>\n<td>5.0<\/td>\n<td>&#8211;<\/td>\n<td>80<\/td>\n<td>6<\/td>\n<td># 200<\/td>\n<\/tr>\n<tr>\n<td>VIB &#8211; 8180<\/td>\n<td>B<\/td>\n<td>18.0<\/td>\n<td>12<\/td>\n<td>5.0<\/td>\n<td>&#8211;<\/td>\n<td>80<\/td>\n<td>8<\/td>\n<td># 200<\/td>\n<\/tr>\n<tr>\n<td>VIB &#8211; 6180<\/td>\n<td>B<\/td>\n<td>18.0<\/td>\n<td>12<\/td>\n<td>6.0<\/td>\n<td>&#8211;<\/td>\n<td>80<\/td>\n<td>6<\/td>\n<td># 200<\/td>\n<\/tr>\n<\/tbody>\n<\/table>\n<ul class=\"main_ul\">\n<li><strong>Para tama\u00f1os de part\u00edculas distintos al tama\u00f1o est\u00e1ndar, especifique el tama\u00f1o deseado al realizar el pedido.<\/strong><\/li>\n<\/ul>\n<p>\u00bfTienes preguntas? <a href=\"https:\/\/honwaygroup.com\/es\/contactar-con-honway\/\">Contactar a Honway<\/a><\/p>\n","protected":false},"excerpt":{"rendered":"<ul>\n<li>Las barras de rectificado interno de CBN procesadas con cer\u00e1mica se utilizan principalmente para el rectificado interno y el rectificado de plantillas.<\/li>\n<li>El nitruro de boro (CBN) es adecuado para el rectificado de acero r\u00e1pido y varios aceros aleados endurecidos tratados t\u00e9rmicamente (rectificado h\u00famedo).<\/li>\n<\/ul>\n<h5><span style=\"color: #ff0000;\"><b>\u25b2Bienvenido al servicio de atenci\u00f3n al cliente por mensaje privado para consultas.<\/b><\/span><\/h5>\n<h5><strong><span style=\"color: #ff0000; font-size: 19.2px;\">\u25b2<\/span><\/strong><strong><span style=\"color: #ff0000; font-size: 19.2px;\">Si necesita tama\u00f1os personalizados, p\u00f3ngase en contacto con el servicio de atenci\u00f3n al cliente. La fecha de entrega se basa en la hora que nos indique el servicio de atenci\u00f3n al cliente.<\/span><\/strong><\/h5>\n<h5><strong><span style=\"color: #ff0000; font-size: 19.2px;\">\u25b2Los pedidos grandes pueden disfrutar de descuentos, comun\u00edquese con el servicio de atenci\u00f3n al cliente para realizar consultas.\\\u554f<br \/>\n\u25b2<\/span><span style=\"color: #ff0000; font-size: 19.2px;\">El tiempo de<\/span> <span style=\"color: #ff0000;\">entrega para pedidos de<\/span> <span style=\"color: #ff0000; font-size: 19.2px;\">Taiw\u00e1n es de aproximadamente 7 a 14 d\u00edas h\u00e1biles.<\/span><\/strong><\/h5>\n<h5><strong><span style=\"color: #ff0000; font-size: 19.2px;\">\u25b2<\/span><span style=\"color: #ff0000;\">Los pedidos internacionales tardan aproximadamente de 7 a 14 d\u00edas en enviarse. El tiempo de entrega real depende del estado de entrega de la empresa de mensajer\u00eda.<\/span><\/strong><\/h5>\n","protected":false},"featured_media":128943,"template":"","meta":{"site-sidebar-layout":"default","site-content-layout":"default","ast-site-content-layout":"default","site-content-style":"default","site-sidebar-style":"default","ast-global-header-display":"","ast-banner-title-visibility":"","ast-main-header-display":"","ast-hfb-above-header-display":"","ast-hfb-below-header-display":"","ast-hfb-mobile-header-display":"","site-post-title":"","ast-breadcrumbs-content":"","ast-featured-img":"","footer-sml-layout":"","ast-disable-related-posts":"","theme-transparent-header-meta":"default","adv-header-id-meta":"","stick-header-meta":"default","header-above-stick-meta":"","header-main-stick-meta":"","header-below-stick-meta":"","astra-migrate-meta-layouts":"default","ast-page-background-enabled":"default","ast-page-background-meta":{"desktop":{"background-color":"var(--ast-global-color-5)","background-image":"","background-repeat":"repeat","background-position":"center center","background-size":"auto","background-attachment":"scroll","background-type":"","background-media":"","overlay-type":"","overlay-color":"","overlay-opacity":"","overlay-gradient":""},"tablet":{"background-color":"","background-image":"","background-repeat":"repeat","background-position":"center center","background-size":"auto","background-attachment":"scroll","background-type":"","background-media":"","overlay-type":"","overlay-color":"","overlay-opacity":"","overlay-gradient":""},"mobile":{"background-color":"","background-image":"","background-repeat":"repeat","background-position":"center center","background-size":"auto","background-attachment":"scroll","background-type":"","background-media":"","overlay-type":"","overlay-color":"","overlay-opacity":"","overlay-gradient":""}},"ast-content-background-meta":{"desktop":{"background-color":"var(--ast-global-color-4)","background-image":"","background-repeat":"repeat","background-position":"center center","background-size":"auto","background-attachment":"scroll","background-type":"","background-media":"","overlay-type":"","overlay-color":"","overlay-opacity":"","overlay-gradient":""},"tablet":{"background-color":"var(--ast-global-color-4)","background-image":"","background-repeat":"repeat","background-position":"center center","background-size":"auto","background-attachment":"scroll","background-type":"","background-media":"","overlay-type":"","overlay-color":"","overlay-opacity":"","overlay-gradient":""},"mobile":{"background-color":"var(--ast-global-color-4)","background-image":"","background-repeat":"repeat","background-position":"center center","background-size":"auto","background-attachment":"scroll","background-type":"","background-media":"","overlay-type":"","overlay-color":"","overlay-opacity":"","overlay-gradient":""}}},"product_brand":[],"product_cat":[10513,10504],"product_tag":[11222],"class_list":{"0":"post-128942","1":"product","2":"type-product","3":"status-publish","4":"has-post-thumbnail","6":"product_cat-varilla-de-pulido-de-diamante","7":"product_cat-dianond-tools-es","8":"product_tag-barra-de-esmerilado-de-diamante-ceramico","9":"desktop-align-left","10":"tablet-align-left","11":"mobile-align-left","12":"ast-product-gallery-layout-horizontal-slider","13":"ast-product-gallery-with-no-image","14":"ast-product-single-variable","15":"ast-product-tabs-layout-horizontal","17":"first","18":"instock","19":"taxable","20":"shipping-taxable","21":"purchasable","22":"product-type-variable"},"_links":{"self":[{"href":"https:\/\/honwaygroup.com\/es\/wp-json\/wp\/v2\/product\/128942","targetHints":{"allow":["GET"]}}],"collection":[{"href":"https:\/\/honwaygroup.com\/es\/wp-json\/wp\/v2\/product"}],"about":[{"href":"https:\/\/honwaygroup.com\/es\/wp-json\/wp\/v2\/types\/product"}],"version-history":[{"count":0,"href":"https:\/\/honwaygroup.com\/es\/wp-json\/wp\/v2\/product\/128942\/revisions"}],"wp:featuredmedia":[{"embeddable":true,"href":"https:\/\/honwaygroup.com\/es\/wp-json\/wp\/v2\/media\/128943"}],"wp:attachment":[{"href":"https:\/\/honwaygroup.com\/es\/wp-json\/wp\/v2\/media?parent=128942"}],"wp:term":[{"taxonomy":"product_brand","embeddable":true,"href":"https:\/\/honwaygroup.com\/es\/wp-json\/wp\/v2\/product_brand?post=128942"},{"taxonomy":"product_cat","embeddable":true,"href":"https:\/\/honwaygroup.com\/es\/wp-json\/wp\/v2\/product_cat?post=128942"},{"taxonomy":"product_tag","embeddable":true,"href":"https:\/\/honwaygroup.com\/es\/wp-json\/wp\/v2\/product_tag?post=128942"}],"curies":[{"name":"wp","href":"https:\/\/api.w.org\/{rel}","templated":true}]}}