{"id":128938,"date":"2021-01-16T18:36:44","date_gmt":"2021-01-16T10:36:44","guid":{"rendered":"https:\/\/honwaygroup.com\/product\/varilla-de-rectificado-interna-de-diamante-cbn-electroformada\/"},"modified":"2021-01-16T18:36:44","modified_gmt":"2021-01-16T10:36:44","slug":"varilla-de-rectificado-interna-de-diamante-cbn-electroformada","status":"publish","type":"product","link":"https:\/\/honwaygroup.com\/es\/producto\/varilla-de-rectificado-interna-de-diamante-cbn-electroformada\/","title":{"rendered":"varilla de rectificado interna de diamante\/CBN electroformada"},"content":{"rendered":"<h3><strong>Barras de rectificado interno de diamante y nitruro de boro electroformadas<\/strong><\/h3>\n<figure id=\"attachment_7221\" aria-describedby=\"caption-attachment-7221\" style=\"width: 810px\" class=\"wp-caption alignnone\"><a href=\"https:\/\/honwaygroup.com\/wp-content\/uploads\/2021\/01\/%E9%9B%BB%E9%91%84%E9%91%BD%E7%9F%B3%E7%A3%A8%E6%A3%92%E8%A6%8F%E6%A0%BC.avif\"><img fetchpriority=\"high\" decoding=\"async\" class=\"wp-image-7221 size-full\" title=\"Barras de rectificado interno de diamante y nitruro de boro electroformadas\" src=\"https:\/\/honwaygroup.com\/wp-content\/uploads\/2021\/01\/%E9%9B%BB%E9%91%84%E9%91%BD%E7%9F%B3%E7%A3%A8%E6%A3%92%E8%A6%8F%E6%A0%BC.avif\" alt=\"Barras de rectificado interno de diamante y nitruro de boro electroformadas\" width=\"810\" height=\"100\"><\/a><figcaption id=\"caption-attachment-7221\" class=\"wp-caption-text\">Barras de rectificado interno de diamante y nitruro de boro electroformadas<\/figcaption><\/figure>\n<p>unidad : mm<\/p>\n<table class=\"specTable\" width=\"100%\">\n<tbody>\n<tr>\n<th>diamante<\/th>\n<th>Nitruro de boro<\/th>\n<th>modelo<\/th>\n<th>\u00d8D<\/th>\n<th>T<\/th>\n<th>N<\/th>\n<th>L<\/th>\n<th>\u00d8B<\/th>\n<th>granularidad<\/th>\n<\/tr>\n<tr>\n<td>ID &#8211; 3003<\/td>\n<td>IB &#8211; 3003<\/td>\n<td>A<\/td>\n<td>0.3<\/td>\n<td>2<\/td>\n<td>4<\/td>\n<td>35<\/td>\n<td>3.0<\/td>\n<td># 600<\/td>\n<\/tr>\n<tr>\n<td>ID &#8211; 3004<\/td>\n<td>IB &#8211; 3004<\/td>\n<td>A<\/td>\n<td>0.4<\/td>\n<td>2<\/td>\n<td>5<\/td>\n<td>35<\/td>\n<td>3.0<\/td>\n<td># 400<\/td>\n<\/tr>\n<tr>\n<td>ID &#8211; 3005<\/td>\n<td>IB &#8211; 3005<\/td>\n<td>A<\/td>\n<td>0.5<\/td>\n<td>2<\/td>\n<td>5<\/td>\n<td>35<\/td>\n<td>3.0<\/td>\n<td># 400<\/td>\n<\/tr>\n<tr>\n<td>ID &#8211; 3006<\/td>\n<td>IB &#8211; 3006<\/td>\n<td>A<\/td>\n<td>0.6<\/td>\n<td>3<\/td>\n<td>5<\/td>\n<td>40<\/td>\n<td>3.0<\/td>\n<td># 200<\/td>\n<\/tr>\n<tr>\n<td>ID &#8211; 3007<\/td>\n<td>IB &#8211; 3007<\/td>\n<td>A<\/td>\n<td>0.7<\/td>\n<td>3<\/td>\n<td>8<\/td>\n<td>40<\/td>\n<td>3.0<\/td>\n<td># 200<\/td>\n<\/tr>\n<tr>\n<td>ID &#8211; 3008<\/td>\n<td>IB &#8211; 3008<\/td>\n<td>A<\/td>\n<td>0.8<\/td>\n<td>3<\/td>\n<td>8<\/td>\n<td>40<\/td>\n<td>3.0<\/td>\n<td># 200<\/td>\n<\/tr>\n<tr>\n<td>ID &#8211; 3009<\/td>\n<td>IB &#8211; 3009<\/td>\n<td>A<\/td>\n<td>0.9<\/td>\n<td>4<\/td>\n<td>8<\/td>\n<td>40<\/td>\n<td>3.0<\/td>\n<td># 200<\/td>\n<\/tr>\n<tr>\n<td>ID &#8211; 3010<\/td>\n<td>IB &#8211; 3010<\/td>\n<td>A<\/td>\n<td>1.0<\/td>\n<td>5<\/td>\n<td>8<\/td>\n<td>40<\/td>\n<td>3.0<\/td>\n<td># 200<\/td>\n<\/tr>\n<tr>\n<td>ID &#8211; 3015<\/td>\n<td>IB &#8211; 3015<\/td>\n<td>A<\/td>\n<td>1.5<\/td>\n<td>5<\/td>\n<td>8<\/td>\n<td>45<\/td>\n<td>3.0<\/td>\n<td># 150<\/td>\n<\/tr>\n<tr>\n<td>ID &#8211; 3020<\/td>\n<td>IB &#8211; 3020<\/td>\n<td>A<\/td>\n<td>2.0<\/td>\n<td>5<\/td>\n<td>12<\/td>\n<td>45<\/td>\n<td>3.0<\/td>\n<td># 150<\/td>\n<\/tr>\n<tr>\n<td>ID &#8211; 3025<\/td>\n<td>IB &#8211; 3025<\/td>\n<td>A<\/td>\n<td>2.5<\/td>\n<td>5<\/td>\n<td>15<\/td>\n<td>45<\/td>\n<td>3.0<\/td>\n<td># 150<\/td>\n<\/tr>\n<tr>\n<td>ID &#8211; 3030<\/td>\n<td>IB &#8211; 3030<\/td>\n<td>A<\/td>\n<td>3.0<\/td>\n<td>5<\/td>\n<td>15<\/td>\n<td>45<\/td>\n<td>3.0<\/td>\n<td># 150<\/td>\n<\/tr>\n<tr>\n<td>ID &#8211; 3040<\/td>\n<td>IB &#8211; 3040<\/td>\n<td>B<\/td>\n<td>4.0<\/td>\n<td>5<\/td>\n<td>&#8211;<\/td>\n<td>50<\/td>\n<td>3.0<\/td>\n<td># 150<\/td>\n<\/tr>\n<tr>\n<td>ID &#8211; 3050<\/td>\n<td>IB &#8211; 3050<\/td>\n<td>B<\/td>\n<td>5.0<\/td>\n<td>8<\/td>\n<td>&#8211;<\/td>\n<td>50<\/td>\n<td>3.0<\/td>\n<td># 150<\/td>\n<\/tr>\n<tr>\n<td>ID &#8211; 3060<\/td>\n<td>IB &#8211; 3060<\/td>\n<td>B<\/td>\n<td>6.0<\/td>\n<td>8<\/td>\n<td>&#8211;<\/td>\n<td>50<\/td>\n<td>3.0<\/td>\n<td># 150<\/td>\n<\/tr>\n<tr class=\"double\">\n<td>ID &#8211; 6040<\/td>\n<td>IB &#8211; 6040<\/td>\n<td>A<\/td>\n<td>4.0<\/td>\n<td>10<\/td>\n<td>22<\/td>\n<td>80<\/td>\n<td>6.0<\/td>\n<td># 100<\/td>\n<\/tr>\n<tr>\n<td>ID &#8211; 6050<\/td>\n<td>IB &#8211; 6050<\/td>\n<td>A<\/td>\n<td>5.0<\/td>\n<td>10<\/td>\n<td>22<\/td>\n<td>80<\/td>\n<td>6.0<\/td>\n<td># 100<\/td>\n<\/tr>\n<tr>\n<td>ID &#8211; 6060<\/td>\n<td>IB &#8211; 6060<\/td>\n<td>A<\/td>\n<td>6.0<\/td>\n<td>10<\/td>\n<td>22<\/td>\n<td>80<\/td>\n<td>6.0<\/td>\n<td># 100<\/td>\n<\/tr>\n<tr>\n<td>ID &#8211; 6070<\/td>\n<td>IB &#8211; 6070<\/td>\n<td>B<\/td>\n<td>7.0<\/td>\n<td>10<\/td>\n<td>&#8211;<\/td>\n<td>80<\/td>\n<td>6.0<\/td>\n<td># 100<\/td>\n<\/tr>\n<tr>\n<td>ID &#8211; 6080<\/td>\n<td>IB &#8211; 6080<\/td>\n<td>B<\/td>\n<td>8.0<\/td>\n<td>10<\/td>\n<td>&#8211;<\/td>\n<td>80<\/td>\n<td>6.0<\/td>\n<td># 100<\/td>\n<\/tr>\n<tr>\n<td>ID &#8211; 6090<\/td>\n<td>IB &#8211; 6090<\/td>\n<td>B<\/td>\n<td>9.0<\/td>\n<td>10<\/td>\n<td>&#8211;<\/td>\n<td>80<\/td>\n<td>6.0<\/td>\n<td># 100<\/td>\n<\/tr>\n<tr>\n<td>ID &#8211; 6100<\/td>\n<td>IB &#8211; 6100<\/td>\n<td>B<\/td>\n<td>10<\/td>\n<td>10<\/td>\n<td>&#8211;<\/td>\n<td>80<\/td>\n<td>6.0<\/td>\n<td># 100<\/td>\n<\/tr>\n<tr>\n<td>ID &#8211; 6120<\/td>\n<td>IB &#8211; 6120<\/td>\n<td>B<\/td>\n<td>12<\/td>\n<td>10<\/td>\n<td>&#8211;<\/td>\n<td>80<\/td>\n<td>6.0<\/td>\n<td># 100<\/td>\n<\/tr>\n<tr>\n<td>ID &#8211; 6140<\/td>\n<td>IB &#8211; 6140<\/td>\n<td>B<\/td>\n<td>14<\/td>\n<td>10<\/td>\n<td>&#8211;<\/td>\n<td>80<\/td>\n<td>6.0<\/td>\n<td># 100<\/td>\n<\/tr>\n<tr>\n<td>ID &#8211; 6160<\/td>\n<td>IB &#8211; 6160<\/td>\n<td>B<\/td>\n<td>16<\/td>\n<td>10<\/td>\n<td>&#8211;<\/td>\n<td>80<\/td>\n<td>6.0<\/td>\n<td># 100<\/td>\n<\/tr>\n<tr>\n<td>ID &#8211; 6180<\/td>\n<td>IB &#8211; 6180<\/td>\n<td>B<\/td>\n<td>18<\/td>\n<td>10<\/td>\n<td>&#8211;<\/td>\n<td>80<\/td>\n<td>6.0<\/td>\n<td># 100<\/td>\n<\/tr>\n<\/tbody>\n<\/table>\n<ul class=\"main_ul\">\n<li style=\"list-style-type: none\">\n<ul class=\"main_ul\">\n<li><strong>Para tama\u00f1os de part\u00edculas distintos al tama\u00f1o est\u00e1ndar, especifique el tama\u00f1o deseado al realizar el pedido.<\/strong><\/li>\n<\/ul>\n<\/li>\n<\/ul>\n<p>\u00bfTienes preguntas? <a href=\"https:\/\/honwaygroup.com\/es\/contactar-con-honway\/\">Contactar a Honway<\/a><\/p>\n","protected":false},"excerpt":{"rendered":"<div id=\"desWrap\">\n<ul>\n<li>Esta serie de productos se utiliza principalmente para el rectificado de agujeros internos, el rectificado de plantillas o el rectificado de precisi\u00f3n de agujeros de peque\u00f1o di\u00e1metro.<\/li>\n<li>Los diamantes son adecuados para el pulido de carburo de tungsteno, cer\u00e1mica, zafiro, vidrio, etc.<\/li>\n<\/ul>\n<h5><span style=\"color: #ff0000\"><b>\u25b2Bienvenido al servicio de atenci\u00f3n al cliente por mensaje privado para consultas.<\/b><\/span><\/h5>\n<h5><strong><span style=\"color: #ff0000;font-size: 19.2px\">\u25b2<\/span><\/strong><strong><span style=\"color: #ff0000;font-size: 19.2px\">Si necesita tama\u00f1os personalizados, p\u00f3ngase en contacto con el servicio de atenci\u00f3n al cliente. La fecha de entrega se basa en la hora que nos indique el servicio de atenci\u00f3n al cliente.<\/span><\/strong><\/h5>\n<h5><strong><span style=\"color: #ff0000;font-size: 19.2px\">\u25b2Los pedidos grandes pueden disfrutar de descuentos, comun\u00edquese con el servicio de atenci\u00f3n al cliente para realizar consultas.\\\u554f<br \/>\n\u25b2<\/span><span style=\"color: #ff0000;font-size: 19.2px\">El tiempo de<\/span> <span style=\"color: #ff0000\">entrega para pedidos de<\/span> <span style=\"color: #ff0000;font-size: 19.2px\">Taiw\u00e1n es de aproximadamente 7 a 14 d\u00edas h\u00e1biles.<\/span><\/strong><\/h5>\n<h5><strong><span style=\"color: #ff0000;font-size: 19.2px\">\u25b2<\/span><span style=\"color: #ff0000\">Los pedidos internacionales tardan aproximadamente de 7 a 14 d\u00edas en enviarse. El tiempo de entrega real depende del estado de entrega de la empresa de mensajer\u00eda.<\/span><\/strong><\/h5>\n<\/div>\n","protected":false},"featured_media":128939,"template":"","meta":{"site-sidebar-layout":"default","site-content-layout":"default","ast-site-content-layout":"default","site-content-style":"default","site-sidebar-style":"default","ast-global-header-display":"","ast-banner-title-visibility":"","ast-main-header-display":"","ast-hfb-above-header-display":"","ast-hfb-below-header-display":"","ast-hfb-mobile-header-display":"","site-post-title":"","ast-breadcrumbs-content":"","ast-featured-img":"","footer-sml-layout":"","ast-disable-related-posts":"","theme-transparent-header-meta":"default","adv-header-id-meta":"","stick-header-meta":"default","header-above-stick-meta":"","header-main-stick-meta":"","header-below-stick-meta":"","astra-migrate-meta-layouts":"default","ast-page-background-enabled":"default","ast-page-background-meta":{"desktop":{"background-color":"var(--ast-global-color-5)","background-image":"","background-repeat":"repeat","background-position":"center center","background-size":"auto","background-attachment":"scroll","background-type":"","background-media":"","overlay-type":"","overlay-color":"","overlay-opacity":"","overlay-gradient":""},"tablet":{"background-color":"","background-image":"","background-repeat":"repeat","background-position":"center center","background-size":"auto","background-attachment":"scroll","background-type":"","background-media":"","overlay-type":"","overlay-color":"","overlay-opacity":"","overlay-gradient":""},"mobile":{"background-color":"","background-image":"","background-repeat":"repeat","background-position":"center center","background-size":"auto","background-attachment":"scroll","background-type":"","background-media":"","overlay-type":"","overlay-color":"","overlay-opacity":"","overlay-gradient":""}},"ast-content-background-meta":{"desktop":{"background-color":"var(--ast-global-color-4)","background-image":"","background-repeat":"repeat","background-position":"center center","background-size":"auto","background-attachment":"scroll","background-type":"","background-media":"","overlay-type":"","overlay-color":"","overlay-opacity":"","overlay-gradient":""},"tablet":{"background-color":"var(--ast-global-color-4)","background-image":"","background-repeat":"repeat","background-position":"center center","background-size":"auto","background-attachment":"scroll","background-type":"","background-media":"","overlay-type":"","overlay-color":"","overlay-opacity":"","overlay-gradient":""},"mobile":{"background-color":"var(--ast-global-color-4)","background-image":"","background-repeat":"repeat","background-position":"center center","background-size":"auto","background-attachment":"scroll","background-type":"","background-media":"","overlay-type":"","overlay-color":"","overlay-opacity":"","overlay-gradient":""}}},"product_brand":[],"product_cat":[10513,10504],"product_tag":[11203],"class_list":{"0":"post-128938","1":"product","2":"type-product","3":"status-publish","4":"has-post-thumbnail","6":"product_cat-varilla-de-pulido-de-diamante","7":"product_cat-dianond-tools-es","8":"product_tag-barras-de-diamante-electroformadas-para-rectificado","9":"desktop-align-left","10":"tablet-align-left","11":"mobile-align-left","12":"ast-product-gallery-layout-horizontal-slider","13":"ast-product-gallery-with-no-image","14":"ast-product-tabs-layout-horizontal","16":"first","17":"instock","18":"taxable","19":"shipping-taxable","20":"product-type-simple"},"_links":{"self":[{"href":"https:\/\/honwaygroup.com\/es\/wp-json\/wp\/v2\/product\/128938","targetHints":{"allow":["GET"]}}],"collection":[{"href":"https:\/\/honwaygroup.com\/es\/wp-json\/wp\/v2\/product"}],"about":[{"href":"https:\/\/honwaygroup.com\/es\/wp-json\/wp\/v2\/types\/product"}],"version-history":[{"count":0,"href":"https:\/\/honwaygroup.com\/es\/wp-json\/wp\/v2\/product\/128938\/revisions"}],"wp:featuredmedia":[{"embeddable":true,"href":"https:\/\/honwaygroup.com\/es\/wp-json\/wp\/v2\/media\/128939"}],"wp:attachment":[{"href":"https:\/\/honwaygroup.com\/es\/wp-json\/wp\/v2\/media?parent=128938"}],"wp:term":[{"taxonomy":"product_brand","embeddable":true,"href":"https:\/\/honwaygroup.com\/es\/wp-json\/wp\/v2\/product_brand?post=128938"},{"taxonomy":"product_cat","embeddable":true,"href":"https:\/\/honwaygroup.com\/es\/wp-json\/wp\/v2\/product_cat?post=128938"},{"taxonomy":"product_tag","embeddable":true,"href":"https:\/\/honwaygroup.com\/es\/wp-json\/wp\/v2\/product_tag?post=128938"}],"curies":[{"name":"wp","href":"https:\/\/api.w.org\/{rel}","templated":true}]}}