{"id":128921,"date":"2021-01-16T18:47:55","date_gmt":"2021-01-16T10:47:55","guid":{"rendered":"https:\/\/honwaygroup.com\/product\/varilla-de-rectificado-interno-de-diamante-cbn-con-base-de-resina\/"},"modified":"2021-01-16T18:47:55","modified_gmt":"2021-01-16T10:47:55","slug":"varilla-de-rectificado-interno-de-diamante-cbn-con-base-de-resina","status":"publish","type":"product","link":"https:\/\/honwaygroup.com\/es\/producto\/varilla-de-rectificado-interno-de-diamante-cbn-con-base-de-resina\/","title":{"rendered":"Varilla de rectificado interno de diamante\/cBN con base de resina"},"content":{"rendered":"<h3><strong>Varilla de rectificado interno de diamante\/cBN con base de resina<\/strong><\/h3>\n<p>&nbsp;<\/p>\n<p><a href=\"https:\/\/honwaygroup.com\/wp-content\/uploads\/2021\/01\/%E6%A8%B9%E8%84%82%E6%B3%95%E5%85%A7%E5%AD%94%E7%A3%A8%E6%A3%92%E8%A6%8F%E6%A0%BC.avif\"><img fetchpriority=\"high\" decoding=\"async\" class=\"wp-image-7232 size-full\" src=\"https:\/\/honwaygroup.com\/wp-content\/uploads\/2021\/01\/%E6%A8%B9%E8%84%82%E6%B3%95%E5%85%A7%E5%AD%94%E7%A3%A8%E6%A3%92%E8%A6%8F%E6%A0%BC.avif\" alt=\"Varilla de rectificado interno de diamante\/CBN con base de resina\" width=\"810\" height=\"150\"><\/a><\/p>\n<p>unidad : mm<\/p>\n<table class=\"specTable\" width=\"100%\">\n<tbody>\n<tr>\n<th>n\u00famero de serie<\/th>\n<th>modelo<\/th>\n<th>\u00d8D<\/th>\n<th>T<\/th>\n<th>X<\/th>\n<th>N<\/th>\n<th>L<\/th>\n<th>\u00d8B<\/th>\n<th>granularidad<\/th>\n<\/tr>\n<tr>\n<td>RIB- 3040<\/td>\n<td>A<\/td>\n<td>  4.0<\/td>\n<td>5<\/td>\n<td>1.0<\/td>\n<td>12<\/td>\n<td>45<\/td>\n<td>3<\/td>\n<td># 200<\/td>\n<\/tr>\n<tr>\n<td>RIB- 3045<\/td>\n<td>A<\/td>\n<td>4.5<\/td>\n<td>6<\/td>\n<td>1.25<\/td>\n<td>12<\/td>\n<td>45<\/td>\n<td>3<\/td>\n<td># 200<\/td>\n<\/tr>\n<tr>\n<td>RIB- 3050<\/td>\n<td>A<\/td>\n<td>5.0<\/td>\n<td>6<\/td>\n<td>1.5<\/td>\n<td>12<\/td>\n<td>45<\/td>\n<td>3<\/td>\n<td># 200<\/td>\n<\/tr>\n<tr>\n<td>RIB- 6060<\/td>\n<td>A<\/td>\n<td>6.0<\/td>\n<td>6<\/td>\n<td>2.0<\/td>\n<td>15<\/td>\n<td>80<\/td>\n<td>6<\/td>\n<td># 150<\/td>\n<\/tr>\n<tr>\n<td>RIB- 6070<\/td>\n<td>A<\/td>\n<td>7.0<\/td>\n<td>8<\/td>\n<td>2.5<\/td>\n<td>15<\/td>\n<td>80<\/td>\n<td>6<\/td>\n<td># 150<\/td>\n<\/tr>\n<tr>\n<td>RIB- 6080<\/td>\n<td>A<\/td>\n<td>8.0<\/td>\n<td>8<\/td>\n<td>3.0<\/td>\n<td>20<\/td>\n<td>80<\/td>\n<td>6<\/td>\n<td># 150<\/td>\n<\/tr>\n<tr>\n<td>RIB- 6100<\/td>\n<td>A<\/td>\n<td>10.0<\/td>\n<td>10<\/td>\n<td>2.0<\/td>\n<td>20<\/td>\n<td>80<\/td>\n<td>6<\/td>\n<td># 150<\/td>\n<\/tr>\n<tr>\n<td>RIB- 6120<\/td>\n<td>B<\/td>\n<td>12.0<\/td>\n<td>10<\/td>\n<td>3.0<\/td>\n<td>  &#8211;<\/td>\n<td>80<\/td>\n<td>6<\/td>\n<td># 150<\/td>\n<\/tr>\n<tr>\n<td>RIB- 6140<\/td>\n<td>B<\/td>\n<td>14.0<\/td>\n<td>10<\/td>\n<td>4.0<\/td>\n<td>  &#8211;<\/td>\n<td>80<\/td>\n<td>6<\/td>\n<td># 150<\/td>\n<\/tr>\n<tr>\n<td>RIB- 6160<\/td>\n<td>B<\/td>\n<td>16.0<\/td>\n<td>10<\/td>\n<td>4.0<\/td>\n<td>  &#8211;<\/td>\n<td>80<\/td>\n<td>6<\/td>\n<td># 150<\/td>\n<\/tr>\n<tr>\n<td>RIB- 6180<\/td>\n<td>B<\/td>\n<td>18.0<\/td>\n<td>10<\/td>\n<td>5.0<\/td>\n<td>  &#8211;<\/td>\n<td>80<\/td>\n<td>6<\/td>\n<td># 150<\/td>\n<\/tr>\n<tr>\n<td>RIB- 6200<\/td>\n<td>B<\/td>\n<td>20.0<\/td>\n<td>10<\/td>\n<td>6.0<\/td>\n<td>  &#8211;<\/td>\n<td>80<\/td>\n<td>6<\/td>\n<td># 150<\/td>\n<\/tr>\n<\/tbody>\n<\/table>\n<ul class=\"main_ul\">\n<li><strong>Barras de rectificado interno de diamante\/cBN procesadas con resina: Adem\u00e1s de los tama\u00f1os de grano est\u00e1ndar, especifique otros tama\u00f1os de grano al realizar el pedido.<\/strong><\/li>\n<\/ul>\n<p>\u00bfTienes preguntas? <a href=\"https:\/\/honwaygroup.com\/es\/contactar-con-honway\/\">Contactar a Honway<\/a><\/p>\n<p>&nbsp;<\/p>\n<p>&nbsp;<\/p>\n","protected":false},"excerpt":{"rendered":"<div id=\"desWrap\">\n<ul>\n<li>Las barras de rectificado interno de cBN a base de resina se utilizan principalmente para el rectificado interno y el rectificado de plantillas.<\/li>\n<li>El nitruro de boro (cBN) es adecuado para el rectificado de aceros r\u00e1pidos y diversos aceros aleados tratados t\u00e9rmicamente y endurecidos.<\/li>\n<\/ul>\n<h5><span style=\"color: #ff0000;\"><b>\u25b2Bienvenido al servicio de atenci\u00f3n al cliente por mensaje privado para consultas.<\/b><\/span><\/h5>\n<h5><strong><span style=\"color: #ff0000; font-size: 19.2px;\">\u25b2<\/span><\/strong><strong><span style=\"color: #ff0000; font-size: 19.2px;\">Si necesita tama\u00f1os personalizados, p\u00f3ngase en contacto con el servicio de atenci\u00f3n al cliente. La fecha de entrega se basa en la hora que nos indique el servicio de atenci\u00f3n al cliente.<\/span><\/strong><\/h5>\n<h5><strong><span style=\"color: #ff0000; font-size: 19.2px;\">\u25b2Los pedidos grandes pueden disfrutar de descuentos, comun\u00edquese con el servicio de atenci\u00f3n al cliente para realizar consultas.\\<br \/>\n\u25b2<\/span><span style=\"color: #ff0000; font-size: 19.2px;\">El tiempo de<\/span> <span style=\"color: #ff0000;\">entrega para pedidos de<\/span> <span style=\"color: #ff0000; font-size: 19.2px;\">Taiw\u00e1n es de aproximadamente 7 a 14 d\u00edas h\u00e1biles.<\/span><\/strong><\/h5>\n<h5><strong><span style=\"color: #ff0000; font-size: 19.2px;\">\u25b2<\/span><span style=\"color: #ff0000;\">Los pedidos internacionales tardan aproximadamente de 7 a 14 d\u00edas en enviarse. El tiempo de entrega real depende del estado de entrega de la empresa de mensajer\u00eda.<\/span><\/strong><\/h5>\n<\/div>\n","protected":false},"featured_media":128922,"template":"","meta":{"site-sidebar-layout":"default","site-content-layout":"default","ast-site-content-layout":"default","site-content-style":"default","site-sidebar-style":"default","ast-global-header-display":"","ast-banner-title-visibility":"","ast-main-header-display":"","ast-hfb-above-header-display":"","ast-hfb-below-header-display":"","ast-hfb-mobile-header-display":"","site-post-title":"","ast-breadcrumbs-content":"","ast-featured-img":"","footer-sml-layout":"","ast-disable-related-posts":"","theme-transparent-header-meta":"default","adv-header-id-meta":"","stick-header-meta":"default","header-above-stick-meta":"","header-main-stick-meta":"","header-below-stick-meta":"","astra-migrate-meta-layouts":"default","ast-page-background-enabled":"default","ast-page-background-meta":{"desktop":{"background-color":"var(--ast-global-color-5)","background-image":"","background-repeat":"repeat","background-position":"center center","background-size":"auto","background-attachment":"scroll","background-type":"","background-media":"","overlay-type":"","overlay-color":"","overlay-opacity":"","overlay-gradient":""},"tablet":{"background-color":"","background-image":"","background-repeat":"repeat","background-position":"center center","background-size":"auto","background-attachment":"scroll","background-type":"","background-media":"","overlay-type":"","overlay-color":"","overlay-opacity":"","overlay-gradient":""},"mobile":{"background-color":"","background-image":"","background-repeat":"repeat","background-position":"center center","background-size":"auto","background-attachment":"scroll","background-type":"","background-media":"","overlay-type":"","overlay-color":"","overlay-opacity":"","overlay-gradient":""}},"ast-content-background-meta":{"desktop":{"background-color":"var(--ast-global-color-4)","background-image":"","background-repeat":"repeat","background-position":"center center","background-size":"auto","background-attachment":"scroll","background-type":"","background-media":"","overlay-type":"","overlay-color":"","overlay-opacity":"","overlay-gradient":""},"tablet":{"background-color":"var(--ast-global-color-4)","background-image":"","background-repeat":"repeat","background-position":"center center","background-size":"auto","background-attachment":"scroll","background-type":"","background-media":"","overlay-type":"","overlay-color":"","overlay-opacity":"","overlay-gradient":""},"mobile":{"background-color":"var(--ast-global-color-4)","background-image":"","background-repeat":"repeat","background-position":"center center","background-size":"auto","background-attachment":"scroll","background-type":"","background-media":"","overlay-type":"","overlay-color":"","overlay-opacity":"","overlay-gradient":""}}},"product_brand":[],"product_cat":[10504,10513],"product_tag":[11202],"class_list":{"0":"post-128921","1":"product","2":"type-product","3":"status-publish","4":"has-post-thumbnail","6":"product_cat-dianond-tools-es","7":"product_cat-varilla-de-pulido-de-diamante","8":"product_tag-barras-de-rectificado-de-diamante-con-base-de-resina","9":"desktop-align-left","10":"tablet-align-left","11":"mobile-align-left","12":"ast-product-gallery-layout-horizontal-slider","13":"ast-product-gallery-with-no-image","14":"ast-product-single-variable","15":"ast-product-tabs-layout-horizontal","17":"first","18":"instock","19":"taxable","20":"shipping-taxable","21":"purchasable","22":"product-type-variable"},"_links":{"self":[{"href":"https:\/\/honwaygroup.com\/es\/wp-json\/wp\/v2\/product\/128921","targetHints":{"allow":["GET"]}}],"collection":[{"href":"https:\/\/honwaygroup.com\/es\/wp-json\/wp\/v2\/product"}],"about":[{"href":"https:\/\/honwaygroup.com\/es\/wp-json\/wp\/v2\/types\/product"}],"version-history":[{"count":0,"href":"https:\/\/honwaygroup.com\/es\/wp-json\/wp\/v2\/product\/128921\/revisions"}],"wp:featuredmedia":[{"embeddable":true,"href":"https:\/\/honwaygroup.com\/es\/wp-json\/wp\/v2\/media\/128922"}],"wp:attachment":[{"href":"https:\/\/honwaygroup.com\/es\/wp-json\/wp\/v2\/media?parent=128921"}],"wp:term":[{"taxonomy":"product_brand","embeddable":true,"href":"https:\/\/honwaygroup.com\/es\/wp-json\/wp\/v2\/product_brand?post=128921"},{"taxonomy":"product_cat","embeddable":true,"href":"https:\/\/honwaygroup.com\/es\/wp-json\/wp\/v2\/product_cat?post=128921"},{"taxonomy":"product_tag","embeddable":true,"href":"https:\/\/honwaygroup.com\/es\/wp-json\/wp\/v2\/product_tag?post=128921"}],"curies":[{"name":"wp","href":"https:\/\/api.w.org\/{rel}","templated":true}]}}