{"id":128779,"date":"2021-01-16T18:53:51","date_gmt":"2021-01-16T10:53:51","guid":{"rendered":"https:\/\/honwaygroup.com\/product\/barras-de-rectificado-de-diamante-serie-bc-diametro-del-vastago-o60-mm\/"},"modified":"2025-11-04T16:51:30","modified_gmt":"2025-11-04T08:51:30","slug":"barras-de-rectificado-de-diamante-serie-bc-diametro-del-vastago-o60-mm","status":"publish","type":"product","link":"https:\/\/honwaygroup.com\/es\/producto\/barras-de-rectificado-de-diamante-serie-bc-diametro-del-vastago-o60-mm\/","title":{"rendered":"Barras de rectificado de diamante serie BC (di\u00e1metro del v\u00e1stago: \u00d86,0 mm)"},"content":{"rendered":"<h3><strong>Barras de rectificado de diamante serie BC (di\u00e1metro del v\u00e1stago: \u00d86,0 mm)<\/strong><\/h3>\n<p>Las barras de rectificado de diamante de la serie BC con v\u00e1stago se utilizan ampliamente en <a href=\"https:\/\/kknews.cc\/zh-tw\/news\/b44brr6.html\" rel=\"nofollow noopener\" target=\"_blank\">herramientas manuales el\u00e9ctricas y neum\u00e1ticas.<\/a><\/p>\n<figure id=\"attachment_7349\" aria-describedby=\"caption-attachment-7349\" style=\"width: 1024px\" class=\"wp-caption alignnone\"><a href=\"https:\/\/honwaygroup.com\/wp-content\/uploads\/2021\/01\/BC%E7%B3%BB%E5%88%97%E9%91%BD%E7%9F%B3%E7%A3%A8%E6%A3%92%E8%A6%8F%E6%A0%BC-1.png\"><img fetchpriority=\"high\" decoding=\"async\" class=\"wp-image-7349 size-large\" src=\"https:\/\/honwaygroup.com\/wp-content\/uploads\/2021\/01\/BC%E7%B3%BB%E5%88%97%E9%91%BD%E7%9F%B3%E7%A3%A8%E6%A3%92%E8%A6%8F%E6%A0%BC-1-1024x1015.png\" alt=\"Barras de rectificado de diamante serie BC (di\u00e1metro del v\u00e1stago: \u00d86,0 mm)\" width=\"1024\" height=\"1015\"><\/a><figcaption id=\"caption-attachment-7349\" class=\"wp-caption-text\">Barras de rectificado de diamante serie BC (di\u00e1metro del v\u00e1stago: \u00d86,0 mm)<\/figcaption><\/figure>\n<p><strong>BC-10: Juego de 10 unidades, incluyendo una varilla de esmeril marcada con un asterisco (*). Por favor, especifique el tama\u00f1o del grano al realizar el pedido, por ejemplo: BC-10, #60. <\/strong><\/p>\n<p>\u00bfTienes preguntas? <a href=\"https:\/\/honwaygroup.com\/es\/contactar-con-honway\/\">Contactar a Honway<\/a><\/p>\n","protected":false},"excerpt":{"rendered":"<div id=\"desWrap\">\n<ul>\n<li>Tama\u00f1os de part\u00edculas: #40, #60 y #100 son tama\u00f1os de part\u00edculas est\u00e1ndar; por favor especifique al realizar el pedido.<br \/>\nPor ejemplo: BC-65A, n.\u00b0 40<\/li>\n<li>Di\u00e1metro del v\u00e1stago: \u00d86,0 mm, Longitud total: 60~65 mm.<\/li>\n<\/ul>\n<h5><span style=\"color: #ff0000;\"><b>\u25b2Bienvenido al servicio de atenci\u00f3n al cliente por mensaje privado para consultas.<\/b><\/span><\/h5>\n<h5><strong><span style=\"color: #ff0000; font-size: 19.2px;\">\u25b2<\/span><\/strong><strong><span style=\"color: #ff0000; font-size: 19.2px;\">Si necesita tama\u00f1os personalizados, p\u00f3ngase en contacto con el servicio de atenci\u00f3n al cliente. La fecha de entrega se basa en la hora que nos indique el servicio de atenci\u00f3n al cliente.<\/span><\/strong><\/h5>\n<h5><strong><span style=\"color: #ff0000; font-size: 19.2px;\">\u25b2Los pedidos grandes pueden disfrutar de descuentos, comun\u00edquese con el servicio de atenci\u00f3n al cliente para realizar consultas.\\<br \/>\n\u25b2<\/span><span style=\"color: #ff0000; font-size: 19.2px;\">El tiempo de<\/span> <span style=\"color: #ff0000;\">entrega para pedidos de<\/span> <span style=\"color: #ff0000; font-size: 19.2px;\">Taiw\u00e1n es de aproximadamente 7 a 14 d\u00edas h\u00e1biles.<\/span><\/strong><\/h5>\n<h5><strong><span style=\"color: #ff0000; font-size: 19.2px;\">\u25b2<\/span><span style=\"color: #ff0000;\">Los pedidos internacionales tardan aproximadamente de 7 a 14 d\u00edas en enviarse. El tiempo de entrega real depende del estado de entrega de la empresa de mensajer\u00eda.<\/span><\/strong><\/h5>\n<\/div>\n","protected":false},"featured_media":128780,"template":"","meta":{"site-sidebar-layout":"default","site-content-layout":"default","ast-site-content-layout":"default","site-content-style":"default","site-sidebar-style":"default","ast-global-header-display":"","ast-banner-title-visibility":"","ast-main-header-display":"","ast-hfb-above-header-display":"","ast-hfb-below-header-display":"","ast-hfb-mobile-header-display":"","site-post-title":"","ast-breadcrumbs-content":"","ast-featured-img":"","footer-sml-layout":"","ast-disable-related-posts":"","theme-transparent-header-meta":"default","adv-header-id-meta":"","stick-header-meta":"default","header-above-stick-meta":"","header-main-stick-meta":"","header-below-stick-meta":"","astra-migrate-meta-layouts":"default","ast-page-background-enabled":"default","ast-page-background-meta":{"desktop":{"background-color":"var(--ast-global-color-5)","background-image":"","background-repeat":"repeat","background-position":"center center","background-size":"auto","background-attachment":"scroll","background-type":"","background-media":"","overlay-type":"","overlay-color":"","overlay-opacity":"","overlay-gradient":""},"tablet":{"background-color":"","background-image":"","background-repeat":"repeat","background-position":"center center","background-size":"auto","background-attachment":"scroll","background-type":"","background-media":"","overlay-type":"","overlay-color":"","overlay-opacity":"","overlay-gradient":""},"mobile":{"background-color":"","background-image":"","background-repeat":"repeat","background-position":"center center","background-size":"auto","background-attachment":"scroll","background-type":"","background-media":"","overlay-type":"","overlay-color":"","overlay-opacity":"","overlay-gradient":""}},"ast-content-background-meta":{"desktop":{"background-color":"var(--ast-global-color-4)","background-image":"","background-repeat":"repeat","background-position":"center center","background-size":"auto","background-attachment":"scroll","background-type":"","background-media":"","overlay-type":"","overlay-color":"","overlay-opacity":"","overlay-gradient":""},"tablet":{"background-color":"var(--ast-global-color-4)","background-image":"","background-repeat":"repeat","background-position":"center center","background-size":"auto","background-attachment":"scroll","background-type":"","background-media":"","overlay-type":"","overlay-color":"","overlay-opacity":"","overlay-gradient":""},"mobile":{"background-color":"var(--ast-global-color-4)","background-image":"","background-repeat":"repeat","background-position":"center center","background-size":"auto","background-attachment":"scroll","background-type":"","background-media":"","overlay-type":"","overlay-color":"","overlay-opacity":"","overlay-gradient":""}}},"product_brand":[],"product_cat":[10504,10513],"product_tag":[11171],"class_list":{"0":"post-128779","1":"product","2":"type-product","3":"status-publish","4":"has-post-thumbnail","6":"product_cat-dianond-tools-es","7":"product_cat-varilla-de-pulido-de-diamante","8":"product_tag-barras-de-rectificado-de-diamante-serie-bc","9":"desktop-align-left","10":"tablet-align-left","11":"mobile-align-left","12":"ast-product-gallery-layout-horizontal-slider","13":"ast-product-gallery-with-no-image","14":"ast-product-single-variable","15":"ast-product-tabs-layout-horizontal","17":"first","18":"instock","19":"taxable","20":"shipping-taxable","21":"purchasable","22":"product-type-variable"},"_links":{"self":[{"href":"https:\/\/honwaygroup.com\/es\/wp-json\/wp\/v2\/product\/128779","targetHints":{"allow":["GET"]}}],"collection":[{"href":"https:\/\/honwaygroup.com\/es\/wp-json\/wp\/v2\/product"}],"about":[{"href":"https:\/\/honwaygroup.com\/es\/wp-json\/wp\/v2\/types\/product"}],"version-history":[{"count":0,"href":"https:\/\/honwaygroup.com\/es\/wp-json\/wp\/v2\/product\/128779\/revisions"}],"wp:featuredmedia":[{"embeddable":true,"href":"https:\/\/honwaygroup.com\/es\/wp-json\/wp\/v2\/media\/128780"}],"wp:attachment":[{"href":"https:\/\/honwaygroup.com\/es\/wp-json\/wp\/v2\/media?parent=128779"}],"wp:term":[{"taxonomy":"product_brand","embeddable":true,"href":"https:\/\/honwaygroup.com\/es\/wp-json\/wp\/v2\/product_brand?post=128779"},{"taxonomy":"product_cat","embeddable":true,"href":"https:\/\/honwaygroup.com\/es\/wp-json\/wp\/v2\/product_cat?post=128779"},{"taxonomy":"product_tag","embeddable":true,"href":"https:\/\/honwaygroup.com\/es\/wp-json\/wp\/v2\/product_tag?post=128779"}],"curies":[{"name":"wp","href":"https:\/\/api.w.org\/{rel}","templated":true}]}}