{"id":128587,"date":"2021-01-16T19:08:10","date_gmt":"2021-01-16T11:08:10","guid":{"rendered":"https:\/\/honwaygroup.com\/product\/piedra-de-aceite-de-diamante\/"},"modified":"2021-01-16T19:08:10","modified_gmt":"2021-01-16T11:08:10","slug":"piedra-de-aceite-de-diamante","status":"publish","type":"product","link":"https:\/\/honwaygroup.com\/es\/producto\/piedra-de-aceite-de-diamante\/","title":{"rendered":"Piedra de aceite de diamante"},"content":{"rendered":"<h3><strong>Piedra de aceite de diamante<\/strong><\/h3>\n<p>Las piedras de diamante para rectificado se utilizan para afilar los filos de corte de diversas herramientas de corte despu\u00e9s del rectificado, y para el rectificado superficial de acero de tungsteno, <a href=\"https:\/\/zh.wikipedia.org\/zh-tw\/%E9%99%B6%E7%93%B7%E6%9D%90%E6%96%99\" rel=\"nofollow noopener\" target=\"_blank\">cer\u00e1mica<\/a> y acero endurecido.<\/p>\n<p>&nbsp;<\/p>\n<p>&nbsp;<\/p>\n<p><a href=\"https:\/\/honwaygroup.com\/wp-content\/uploads\/2021\/01\/%E9%91%BD%E7%9F%B3%E6%B2%B9%E7%9F%B3_%E5%B7%A5%E4%BD%9C%E5%8D%80%E5%9F%9F-1-%E8%A4%87%E6%9C%AC-33.webp\"><img fetchpriority=\"high\" decoding=\"async\" class=\"alignnone wp-image-27252 size-full\" src=\"https:\/\/honwaygroup.com\/wp-content\/uploads\/2021\/01\/%E9%91%BD%E7%9F%B3%E6%B2%B9%E7%9F%B3_%E5%B7%A5%E4%BD%9C%E5%8D%80%E5%9F%9F-1-%E8%A4%87%E6%9C%AC-33.webp\" alt=\"\" width=\"1253\" height=\"250\"><\/a><\/p>\n<p>&nbsp;<\/p>\n<p>unidad : mm<\/p>\n<table class=\"specTable\" width=\"100%\">\n<tbody>\n<tr>\n<th><\/th>\n<th>Talla<br \/>\nW-(R)-X-L<\/th>\n<th>Material del mango<\/th>\n<th>N\u00famero de art\u00edculo<\/th>\n<\/tr>\n<tr>\n<td width=\"35%\"><a href=\"https:\/\/honwaygroup.com\/wp-content\/uploads\/2021\/01\/%E9%91%BD%E7%9F%B3%E6%B2%B9%E7%9F%B3_%E5%B7%A5%E4%BD%9C%E5%8D%80%E5%9F%9F-1-%E8%A4%87%E6%9C%AC-28.webp\"><img decoding=\"async\" class=\"alignnone size-full wp-image-27232\" src=\"https:\/\/honwaygroup.com\/wp-content\/uploads\/2021\/01\/%E9%91%BD%E7%9F%B3%E6%B2%B9%E7%9F%B3_%E5%B7%A5%E4%BD%9C%E5%8D%80%E5%9F%9F-1-%E8%A4%87%E6%9C%AC-28.webp\" alt=\"\" width=\"1253\" height=\"250\"><\/a><\/td>\n<td>10-2-40<\/td>\n<td>asa de pl\u00e1stico<\/td>\n<td>RSH-01<\/td>\n<\/tr>\n<tr>\n<td><a href=\"https:\/\/honwaygroup.com\/wp-content\/uploads\/2021\/01\/%E9%91%BD%E7%9F%B3%E6%B2%B9%E7%9F%B3_%E5%B7%A5%E4%BD%9C%E5%8D%80%E5%9F%9F-1-%E8%A4%87%E6%9C%AC-29.webp\"><img decoding=\"async\" class=\"alignnone size-full wp-image-27236\" src=\"https:\/\/honwaygroup.com\/wp-content\/uploads\/2021\/01\/%E9%91%BD%E7%9F%B3%E6%B2%B9%E7%9F%B3_%E5%B7%A5%E4%BD%9C%E5%8D%80%E5%9F%9F-1-%E8%A4%87%E6%9C%AC-29.webp\" alt=\"\" width=\"1253\" height=\"250\"><\/a><\/td>\n<td>5-2-40<\/td>\n<td>asa de hierro<\/td>\n<td>RSH-02<\/td>\n<\/tr>\n<tr>\n<td><a href=\"https:\/\/honwaygroup.com\/wp-content\/uploads\/2021\/01\/%E9%91%BD%E7%9F%B3%E6%B2%B9%E7%9F%B3_%E5%B7%A5%E4%BD%9C%E5%8D%80%E5%9F%9F-1-%E8%A4%87%E6%9C%AC-30.webp\"><img loading=\"lazy\" decoding=\"async\" class=\"alignnone size-full wp-image-27240\" src=\"https:\/\/honwaygroup.com\/wp-content\/uploads\/2021\/01\/%E9%91%BD%E7%9F%B3%E6%B2%B9%E7%9F%B3_%E5%B7%A5%E4%BD%9C%E5%8D%80%E5%9F%9F-1-%E8%A4%87%E6%9C%AC-30.webp\" alt=\"\" width=\"1253\" height=\"250\"><\/a><\/td>\n<td>5-2.5R-4-40<\/td>\n<td>asa de hierro<\/td>\n<td>RSH-03<\/td>\n<\/tr>\n<tr>\n<td><a href=\"https:\/\/honwaygroup.com\/wp-content\/uploads\/2021\/01\/%E9%91%BD%E7%9F%B3%E6%B2%B9%E7%9F%B3_%E5%B7%A5%E4%BD%9C%E5%8D%80%E5%9F%9F-1-%E8%A4%87%E6%9C%AC-31.webp\"><img loading=\"lazy\" decoding=\"async\" class=\"alignnone size-full wp-image-27244\" src=\"https:\/\/honwaygroup.com\/wp-content\/uploads\/2021\/01\/%E9%91%BD%E7%9F%B3%E6%B2%B9%E7%9F%B3_%E5%B7%A5%E4%BD%9C%E5%8D%80%E5%9F%9F-1-%E8%A4%87%E6%9C%AC-31.webp\" alt=\"\" width=\"1253\" height=\"250\"><\/a><\/td>\n<td>10-2-30<\/td>\n<td>asa de aluminio<\/td>\n<td>RSH-04<\/td>\n<\/tr>\n<tr>\n<td rowspan=\"4\"><a href=\"https:\/\/honwaygroup.com\/wp-content\/uploads\/2021\/01\/%E9%91%BD%E7%9F%B3%E6%B2%B9%E7%9F%B3_%E5%B7%A5%E4%BD%9C%E5%8D%80%E5%9F%9F-1-%E8%A4%87%E6%9C%AC-32.webp\"><img loading=\"lazy\" decoding=\"async\" class=\"alignnone size-full wp-image-27248\" src=\"https:\/\/honwaygroup.com\/wp-content\/uploads\/2021\/01\/%E9%91%BD%E7%9F%B3%E6%B2%B9%E7%9F%B3_%E5%B7%A5%E4%BD%9C%E5%8D%80%E5%9F%9F-1-%E8%A4%87%E6%9C%AC-32.webp\" alt=\"\" width=\"1253\" height=\"250\"><\/a><\/td>\n<td>10-3-120<\/td>\n<td>&#8211;<\/td>\n<td>RS-04<\/td>\n<\/tr>\n<tr>\n<td>6-3-100<\/td>\n<td>&#8211;<\/td>\n<td>RS-05<\/td>\n<\/tr>\n<tr>\n<td>4-4-100<\/td>\n<td>&#8211;<\/td>\n<td>RS-06<\/td>\n<\/tr>\n<tr>\n<td>6-2-100<\/td>\n<td>&#8211;<\/td>\n<td>RS-08<\/td>\n<\/tr>\n<\/tbody>\n<\/table>\n<p><strong>ilustrar:<\/strong><\/p>\n<ul class=\"main_ul\">\n<li><strong>Tama\u00f1o de part\u00edcula est\u00e1ndar : #200, #400, #600, #800, #1000, #1200, #1800, #2000, #3000, #5000<\/strong><\/li>\n<li><strong>Al realizar el pedido, por favor especifique el n\u00famero de producto y el tama\u00f1o de part\u00edcula requerido.<\/strong><\/li>\n<\/ul>\n<p>\u00bfTienes preguntas? <a href=\"https:\/\/honwaygroup.com\/es\/contactar-con-honway\/\">Contactar a Honway<\/a><\/p>\n","protected":false},"excerpt":{"rendered":"<ul>\n<li>Las piedras de diamante para rectificado se utilizan principalmente para reafilar los filos de corte de diversas herramientas de corte despu\u00e9s del rectificado, con el fin de prolongar su vida \u00fatil y mejorar el acabado superficial de los materiales mecanizados. Tambi\u00e9n son adecuadas para el rectificado superficial de acero de tungsteno, cer\u00e1mica y acero endurecido.<\/li>\n<\/ul>\n<h5><strong><span style=\"color: #ff0000;font-size: 19.2px\">\u25b2 Los pedidos grandes pueden disfrutar de descuentos, comun\u00edquese con el servicio de atenci\u00f3n al cliente para realizar consultas.<br \/>\n<\/span><\/strong><\/h5>\n<h5><strong><span style=\"color: #ff0000;font-size: 19.2px\">\u25b2<\/span><span style=\"color: #ff0000;font-size: 19.2px\">El tiempo de<\/span><span style=\"color: #ff0000\"> entrega para pedidos de<\/span><span style=\"color: #ff0000;font-size: 19.2px\"> Taiw\u00e1n es de aproximadamente 7 a 14 d\u00edas h\u00e1biles.<\/span><\/strong><\/h5>\n<h5><strong><span style=\"color: #ff0000;font-size: 19.2px\">\u25b2<\/span><span style=\"color: #ff0000\">Los pedidos internacionales tardan aproximadamente de 7 a 14 d\u00edas en enviarse. El tiempo de entrega real depende del estado de entrega de la empresa de mensajer\u00eda.<\/span><\/strong><\/h5>\n","protected":false},"featured_media":128588,"template":"","meta":{"site-sidebar-layout":"default","site-content-layout":"default","ast-site-content-layout":"default","site-content-style":"default","site-sidebar-style":"default","ast-global-header-display":"","ast-banner-title-visibility":"","ast-main-header-display":"","ast-hfb-above-header-display":"","ast-hfb-below-header-display":"","ast-hfb-mobile-header-display":"","site-post-title":"","ast-breadcrumbs-content":"","ast-featured-img":"","footer-sml-layout":"","ast-disable-related-posts":"","theme-transparent-header-meta":"default","adv-header-id-meta":"","stick-header-meta":"default","header-above-stick-meta":"","header-main-stick-meta":"","header-below-stick-meta":"","astra-migrate-meta-layouts":"default","ast-page-background-enabled":"default","ast-page-background-meta":{"desktop":{"background-color":"var(--ast-global-color-5)","background-image":"","background-repeat":"repeat","background-position":"center center","background-size":"auto","background-attachment":"scroll","background-type":"","background-media":"","overlay-type":"","overlay-color":"","overlay-opacity":"","overlay-gradient":""},"tablet":{"background-color":"","background-image":"","background-repeat":"repeat","background-position":"center center","background-size":"auto","background-attachment":"scroll","background-type":"","background-media":"","overlay-type":"","overlay-color":"","overlay-opacity":"","overlay-gradient":""},"mobile":{"background-color":"","background-image":"","background-repeat":"repeat","background-position":"center center","background-size":"auto","background-attachment":"scroll","background-type":"","background-media":"","overlay-type":"","overlay-color":"","overlay-opacity":"","overlay-gradient":""}},"ast-content-background-meta":{"desktop":{"background-color":"var(--ast-global-color-4)","background-image":"","background-repeat":"repeat","background-position":"center center","background-size":"auto","background-attachment":"scroll","background-type":"","background-media":"","overlay-type":"","overlay-color":"","overlay-opacity":"","overlay-gradient":""},"tablet":{"background-color":"var(--ast-global-color-4)","background-image":"","background-repeat":"repeat","background-position":"center center","background-size":"auto","background-attachment":"scroll","background-type":"","background-media":"","overlay-type":"","overlay-color":"","overlay-opacity":"","overlay-gradient":""},"mobile":{"background-color":"var(--ast-global-color-4)","background-image":"","background-repeat":"repeat","background-position":"center center","background-size":"auto","background-attachment":"scroll","background-type":"","background-media":"","overlay-type":"","overlay-color":"","overlay-opacity":"","overlay-gradient":""}}},"product_brand":[],"product_cat":[10504,10510],"product_tag":[10931],"class_list":{"0":"post-128587","1":"product","2":"type-product","3":"status-publish","4":"has-post-thumbnail","6":"product_cat-dianond-tools-es","7":"product_cat-piedra-de-afilar-de-diamante","8":"product_tag-piedra-de-aceite-de-diamante","9":"desktop-align-left","10":"tablet-align-left","11":"mobile-align-left","12":"ast-product-gallery-layout-horizontal-slider","13":"ast-product-gallery-with-no-image","14":"ast-product-single-variable","15":"ast-product-tabs-layout-horizontal","17":"first","18":"instock","19":"taxable","20":"shipping-taxable","21":"purchasable","22":"product-type-variable"},"_links":{"self":[{"href":"https:\/\/honwaygroup.com\/es\/wp-json\/wp\/v2\/product\/128587","targetHints":{"allow":["GET"]}}],"collection":[{"href":"https:\/\/honwaygroup.com\/es\/wp-json\/wp\/v2\/product"}],"about":[{"href":"https:\/\/honwaygroup.com\/es\/wp-json\/wp\/v2\/types\/product"}],"version-history":[{"count":0,"href":"https:\/\/honwaygroup.com\/es\/wp-json\/wp\/v2\/product\/128587\/revisions"}],"wp:featuredmedia":[{"embeddable":true,"href":"https:\/\/honwaygroup.com\/es\/wp-json\/wp\/v2\/media\/128588"}],"wp:attachment":[{"href":"https:\/\/honwaygroup.com\/es\/wp-json\/wp\/v2\/media?parent=128587"}],"wp:term":[{"taxonomy":"product_brand","embeddable":true,"href":"https:\/\/honwaygroup.com\/es\/wp-json\/wp\/v2\/product_brand?post=128587"},{"taxonomy":"product_cat","embeddable":true,"href":"https:\/\/honwaygroup.com\/es\/wp-json\/wp\/v2\/product_cat?post=128587"},{"taxonomy":"product_tag","embeddable":true,"href":"https:\/\/honwaygroup.com\/es\/wp-json\/wp\/v2\/product_tag?post=128587"}],"curies":[{"name":"wp","href":"https:\/\/api.w.org\/{rel}","templated":true}]}}