{"id":128583,"date":"2021-01-16T19:22:31","date_gmt":"2021-01-16T11:22:31","guid":{"rendered":"https:\/\/honwaygroup.com\/product\/tela-abrasiva-de-diamante-base-de-tela\/"},"modified":"2021-01-16T19:22:31","modified_gmt":"2021-01-16T11:22:31","slug":"tela-abrasiva-de-diamante-base-de-tela","status":"publish","type":"product","link":"https:\/\/honwaygroup.com\/es\/producto\/tela-abrasiva-de-diamante-base-de-tela\/","title":{"rendered":"Tela abrasiva de diamante (base de tela)"},"content":{"rendered":"<div id=\"dMainContent\" class=\"animated fadeIn\">\n<div id=\"productDetailWrap\">\n<div id=\"productContentWrap\" class=\"animated fadeIn\">\n<div id=\"mainArea\" class=\"productDetail\">\n<div class=\"wrap\">\n<div id=\"mainAreaLeft\">\n<div class=\"wrap\">\n<div class=\"resRow\">\n<div class=\"resCol12\">\n<div class=\"resMargin\">\n<h3><strong>Tela abrasiva de diamante (base de tela)<\/strong><\/h3>\n<p>unidad : mm<\/p>\n<table class=\"specTable2\" width=\"100%\">\n<tbody>\n<tr>\n<th rowspan=\"2\">Tama\u00f1o de part\u00edcula<\/th>\n<th rowspan=\"2\">Color indicador<\/th>\n<th rowspan=\"2\">Aglutinante<\/th>\n<th><\/th>\n<th colspan=\"3\">Tama\u00f1o y n\u00famero<\/th>\n<\/tr>\n<tr>\n<th>50 X 100<\/th>\n<th>100 X 100<\/th>\n<th>1,170 X 295<\/th>\n<th>690 X 295<\/th>\n<\/tr>\n<tr>\n<td>#60<\/td>\n<td>verde<\/td>\n<td>n\u00edquel<\/td>\n<td>XZ-1006N<\/td>\n<td>XZ-2006N<\/td>\n<td>XZ-5006N<\/td>\n<td>&#8211;<\/td>\n<\/tr>\n<tr>\n<td>#120<\/td>\n<td>negro<\/td>\n<td>n\u00edquel<\/td>\n<td>XZ-1012N<\/td>\n<td>XZ-2012N<\/td>\n<td>XZ-5012N<\/td>\n<td>&#8211;<\/td>\n<\/tr>\n<tr>\n<td>#200<\/td>\n<td>rojo<\/td>\n<td>n\u00edquel<\/td>\n<td>XZ-1020N<\/td>\n<td>XZ-2020N<\/td>\n<td>XZ-5020N<\/td>\n<td>&#8211;<\/td>\n<\/tr>\n<tr>\n<td>#400<\/td>\n<td>amarillo<\/td>\n<td>n\u00edquel<\/td>\n<td>XZ-1040N<\/td>\n<td>XZ-2040N<\/td>\n<td>XZ-5040N<\/td>\n<td>&#8211;<\/td>\n<\/tr>\n<tr>\n<td>#600<\/td>\n<td>Blanco<\/td>\n<td>n\u00edquel<\/td>\n<td>XZ-1060N<\/td>\n<td>XZ-2060N<\/td>\n<td>XZ-5060N<\/td>\n<td>&#8211;<\/td>\n<\/tr>\n<tr>\n<td>#1000<\/td>\n<td>azul<\/td>\n<td>n\u00edquel<\/td>\n<td>XZ-1100N<\/td>\n<td>XZ-2100N<\/td>\n<td>XZ-5100N<\/td>\n<td>&#8211;<\/td>\n<\/tr>\n<tr>\n<td>#500<\/td>\n<td>Blanco<\/td>\n<td>resina<\/td>\n<td>XZ-1050R<\/td>\n<td>XZ-2050R<\/td>\n<td>&#8211;<\/td>\n<td>XZ-6050R<\/td>\n<\/tr>\n<tr>\n<td>#1000<\/td>\n<td>azul<\/td>\n<td>resina<\/td>\n<td>XZ-1100R<\/td>\n<td>XZ-2100R<\/td>\n<td>&#8211;<\/td>\n<td>XZ-6100R<\/td>\n<\/tr>\n<tr>\n<td>#8000<\/td>\n<td>color naranja<\/td>\n<td>resina<\/td>\n<td>XZ-1800R<\/td>\n<td>XZ-2800R<\/td>\n<td>&#8211;<\/td>\n<td>XZ-6800R<\/td>\n<\/tr>\n<\/tbody>\n<\/table>\n<p><strong>ilustrar:<\/strong><\/p>\n<ul class=\"main_ul\">\n<li><strong>Los tama\u00f1os est\u00e1ndar de 50 x 100 mm y 100 x 100 mm tienen adhesivo en la parte posterior. Indique si prefiere que no tengan adhesivo.<\/strong><\/li>\n<li><strong>Para otros tama\u00f1os o formas de tela de diamante, p\u00f3ngase en contacto con nuestro personal de ventas.<\/strong><\/li>\n<\/ul>\n<\/div>\n<\/div>\n<\/div>\n<\/div>\n<\/div>\n<div id=\"mainAreaRight\" class=\"animated slideInRight\">\n<div class=\"wrap\">\n<div class=\"sliderWrap\">\n<div id=\"mySlider\">\u00bfTienes preguntas? <a href=\"https:\/\/honwaygroup.com\/es\/contactar-con-honway\/\">Contactar a Honway<\/a><\/div>\n<\/div>\n<\/div>\n<\/div>\n<\/div>\n<\/div>\n<\/div>\n<\/div>\n<\/div>\n","protected":false},"excerpt":{"rendered":"<div id=\"desWrap\">\n<ul>\n<li>La tela diamantada se fabrica adhiriendo polvo de diamante a la lona mediante m\u00e9todos de electroformado o adhesi\u00f3n con resina. Anteriormente, este tipo de producto solo estaba disponible como papel de lija tradicional.<\/li>\n<li>A diferencia de las telas abrasivas tradicionales, posee una excelente fuerza de corte y deja espacios entre las part\u00edculas abrasivas para la evacuaci\u00f3n de virutas durante el lijado. Por lo tanto, no es f\u00e1cil que la malla se obstruya durante el lijado, y la superficie de la pieza de trabajo despu\u00e9s del lijado queda muy uniforme.<\/li>\n<li>La tela diamantada se puede cortar f\u00e1cilmente al tama\u00f1o requerido con una cuchilla o tijeras para fabricar las herramientas que necesite.<\/li>\n<li>El tama\u00f1o de part\u00edcula del tejido de diamante se indica mediante diferentes colores para facilitar su identificaci\u00f3n. Puede presentarse en forma de l\u00e1mina o con un soporte adhesivo en forma de anillo.<\/li>\n<li>\u947d\u77f3\u5e03\u7684\u904b\u7528\u5f88\u5ee3\u6cdb\uff0c\u4f8b\u5982: \u5927\u7406\u77f3\uff0c\u82b1\u5d17\u77f3&#8230;\u7b49\u77f3\u6750\u52a0\u5de5\u3002<\/li>\n<li>Rectificado de acero duro de cualquier dureza, carburo de tungsteno, acero recubierto de cer\u00e1mica dura, cer\u00e1mica dura, etc., biselado y rectificado de cantos de vidrio, rectificado y pulido de diversos moldes.<\/li>\n<\/ul>\n<h5><strong><span style=\"color: #ff0000; font-size: 19.2px;\">\u25b2Bienvenido al servicio de atenci\u00f3n al cliente por mensaje privado para consultas.<\/span><\/strong><\/h5>\n<h5><strong><span style=\"color: #ff0000; font-size: 19.2px;\">\u25b2<\/span><\/strong><strong><span style=\"color: #ff0000; font-size: 19.2px;\">Si necesita un tama\u00f1o personalizado, comun\u00edquese con el servicio de atenci\u00f3n al cliente.<\/span><\/strong><\/h5>\n<h5><strong><span style=\"color: #ff0000; font-size: 19.2px;\">\u25b2 Los pedidos grandes pueden disfrutar de descuentos, comun\u00edquese con el servicio de atenci\u00f3n al cliente para realizar consultas.<br \/>\n<\/span><\/strong><\/h5>\n<h5><strong><span style=\"color: #ff0000;\">\u25b2Para consultar el plazo de entrega de pedidos, por favor contacte al servicio de atenci\u00f3n al cliente<\/span>:<a href=\"https:\/\/honwaygroup.com\/es\/contactar-con-honway\/\">Contactar a Honway<\/a><\/strong><\/h5>\n<\/div>\n","protected":false},"featured_media":128584,"template":"","meta":{"site-sidebar-layout":"default","site-content-layout":"default","ast-site-content-layout":"default","site-content-style":"default","site-sidebar-style":"default","ast-global-header-display":"","ast-banner-title-visibility":"","ast-main-header-display":"","ast-hfb-above-header-display":"","ast-hfb-below-header-display":"","ast-hfb-mobile-header-display":"","site-post-title":"","ast-breadcrumbs-content":"","ast-featured-img":"","footer-sml-layout":"","ast-disable-related-posts":"","theme-transparent-header-meta":"default","adv-header-id-meta":"","stick-header-meta":"default","header-above-stick-meta":"","header-main-stick-meta":"","header-below-stick-meta":"","astra-migrate-meta-layouts":"default","ast-page-background-enabled":"default","ast-page-background-meta":{"desktop":{"background-color":"var(--ast-global-color-5)","background-image":"","background-repeat":"repeat","background-position":"center center","background-size":"auto","background-attachment":"scroll","background-type":"","background-media":"","overlay-type":"","overlay-color":"","overlay-opacity":"","overlay-gradient":""},"tablet":{"background-color":"","background-image":"","background-repeat":"repeat","background-position":"center center","background-size":"auto","background-attachment":"scroll","background-type":"","background-media":"","overlay-type":"","overlay-color":"","overlay-opacity":"","overlay-gradient":""},"mobile":{"background-color":"","background-image":"","background-repeat":"repeat","background-position":"center center","background-size":"auto","background-attachment":"scroll","background-type":"","background-media":"","overlay-type":"","overlay-color":"","overlay-opacity":"","overlay-gradient":""}},"ast-content-background-meta":{"desktop":{"background-color":"var(--ast-global-color-4)","background-image":"","background-repeat":"repeat","background-position":"center center","background-size":"auto","background-attachment":"scroll","background-type":"","background-media":"","overlay-type":"","overlay-color":"","overlay-opacity":"","overlay-gradient":""},"tablet":{"background-color":"var(--ast-global-color-4)","background-image":"","background-repeat":"repeat","background-position":"center center","background-size":"auto","background-attachment":"scroll","background-type":"","background-media":"","overlay-type":"","overlay-color":"","overlay-opacity":"","overlay-gradient":""},"mobile":{"background-color":"var(--ast-global-color-4)","background-image":"","background-repeat":"repeat","background-position":"center center","background-size":"auto","background-attachment":"scroll","background-type":"","background-media":"","overlay-type":"","overlay-color":"","overlay-opacity":"","overlay-gradient":""}}},"product_brand":[],"product_cat":[10504,10512],"product_tag":[10930],"class_list":{"0":"post-128583","1":"product","2":"type-product","3":"status-publish","4":"has-post-thumbnail","6":"product_cat-dianond-tools-es","7":"product_cat-tela-de-esmeril-de-diamante","8":"product_tag-papel-de-lija-de-diamante","9":"desktop-align-left","10":"tablet-align-left","11":"mobile-align-left","12":"ast-product-gallery-layout-horizontal-slider","13":"ast-product-tabs-layout-horizontal","15":"first","16":"instock","17":"taxable","18":"shipping-taxable","19":"product-type-simple"},"_links":{"self":[{"href":"https:\/\/honwaygroup.com\/es\/wp-json\/wp\/v2\/product\/128583","targetHints":{"allow":["GET"]}}],"collection":[{"href":"https:\/\/honwaygroup.com\/es\/wp-json\/wp\/v2\/product"}],"about":[{"href":"https:\/\/honwaygroup.com\/es\/wp-json\/wp\/v2\/types\/product"}],"version-history":[{"count":0,"href":"https:\/\/honwaygroup.com\/es\/wp-json\/wp\/v2\/product\/128583\/revisions"}],"wp:featuredmedia":[{"embeddable":true,"href":"https:\/\/honwaygroup.com\/es\/wp-json\/wp\/v2\/media\/128584"}],"wp:attachment":[{"href":"https:\/\/honwaygroup.com\/es\/wp-json\/wp\/v2\/media?parent=128583"}],"wp:term":[{"taxonomy":"product_brand","embeddable":true,"href":"https:\/\/honwaygroup.com\/es\/wp-json\/wp\/v2\/product_brand?post=128583"},{"taxonomy":"product_cat","embeddable":true,"href":"https:\/\/honwaygroup.com\/es\/wp-json\/wp\/v2\/product_cat?post=128583"},{"taxonomy":"product_tag","embeddable":true,"href":"https:\/\/honwaygroup.com\/es\/wp-json\/wp\/v2\/product_tag?post=128583"}],"curies":[{"name":"wp","href":"https:\/\/api.w.org\/{rel}","templated":true}]}}