{"id":128582,"date":"2021-01-17T15:19:09","date_gmt":"2021-01-17T07:19:09","guid":{"rendered":"https:\/\/honwaygroup.com\/product\/herramientas-de-torneado-de-diamante-policristalino-y-nitruro-de-boro\/"},"modified":"2021-01-17T15:19:09","modified_gmt":"2021-01-17T07:19:09","slug":"herramientas-de-torneado-de-diamante-policristalino-y-nitruro-de-boro","status":"publish","type":"product","link":"https:\/\/honwaygroup.com\/es\/producto\/herramientas-de-torneado-de-diamante-policristalino-y-nitruro-de-boro\/","title":{"rendered":"Herramientas de torneado de diamante policristalino y nitruro de boro"},"content":{"rendered":"<h3><strong>Herramientas de torneado de diamante policristalino y nitruro de boro<\/strong><\/h3>\n<p>Las herramientas de torneado de diamante policristalino y nitruro de boro tienen mayor dureza y resistencia al desgaste en comparaci\u00f3n con otras herramientas de corte.<\/p>\n<ul>\n<li><strong>Sus ventajas son las siguientes: <\/strong>mayor vida \u00fatil de la herramienta, mejor precisi\u00f3n de procesamiento de la pieza y acabado de la superficie, reducci\u00f3n de los costos de procesamiento de la pieza y mayor productividad de la m\u00e1quina.<\/li>\n<\/ul>\n<p>&nbsp;<\/p>\n<table class=\"specTable\" width=\"100%\">\n<tbody>\n<tr>\n<th width=\"30%\"><\/th>\n<th>n\u00famero de serie<\/th>\n<th>Material de la hoja<\/th>\n<th>W<\/th>\n<th>H<\/th>\n<th>L<\/th>\n<th>R<\/th>\n<th>V\u00b0<\/th>\n<th>S<\/th>\n<\/tr>\n<tr>\n<td class=\"white\" rowspan=\"2\">Tipo 31<\/p>\n<p><a href=\"https:\/\/honwaygroup.com\/wp-content\/uploads\/2021\/01\/%E8%81%9A%E6%99%B6%E9%91%BD%E7%9F%B3%E3%80%81%E6%B0%AE%E5%8C%96%E7%A1%BC%E8%BB%8A%E5%88%80_%E5%B7%A5%E4%BD%9C%E5%8D%80%E5%9F%9F-1-%E8%A4%87%E6%9C%AC-28-e1689669222373.webp\"><img fetchpriority=\"high\" decoding=\"async\" class=\"alignnone size-full wp-image-27409\" src=\"https:\/\/honwaygroup.com\/wp-content\/uploads\/2021\/01\/%E8%81%9A%E6%99%B6%E9%91%BD%E7%9F%B3%E3%80%81%E6%B0%AE%E5%8C%96%E7%A1%BC%E8%BB%8A%E5%88%80_%E5%B7%A5%E4%BD%9C%E5%8D%80%E5%9F%9F-1-%E8%A4%87%E6%9C%AC-28-e1689669222373.webp\" alt=\"\" width=\"532\" height=\"250\"><\/a><\/td>\n<td>B4612-4G<\/td>\n<td>PCBN<\/td>\n<td>16<\/td>\n<td>16<\/td>\n<td>120<\/td>\n<td>0.4<\/td>\n<td>0<\/td>\n<td>0<\/td>\n<\/tr>\n<tr>\n<td>B4613-4G<\/td>\n<td>PCBN<\/td>\n<td>19<\/td>\n<td>19<\/td>\n<td>140<\/td>\n<td>0.4<\/td>\n<td>0<\/td>\n<td>0<\/td>\n<\/tr>\n<tr>\n<td class=\"white\" rowspan=\"8\">Tipo 33<\/p>\n<p><a href=\"https:\/\/honwaygroup.com\/wp-content\/uploads\/2021\/01\/%E8%81%9A%E6%99%B6%E9%91%BD%E7%9F%B3%E3%80%81%E6%B0%AE%E5%8C%96%E7%A1%BC%E8%BB%8A%E5%88%80_%E5%B7%A5%E4%BD%9C%E5%8D%80%E5%9F%9F-1-%E8%A4%87%E6%9C%AC-29-e1689669233340.webp\"><img decoding=\"async\" class=\"alignnone size-full wp-image-27413\" src=\"https:\/\/honwaygroup.com\/wp-content\/uploads\/2021\/01\/%E8%81%9A%E6%99%B6%E9%91%BD%E7%9F%B3%E3%80%81%E6%B0%AE%E5%8C%96%E7%A1%BC%E8%BB%8A%E5%88%80_%E5%B7%A5%E4%BD%9C%E5%8D%80%E5%9F%9F-1-%E8%A4%87%E6%9C%AC-29-e1689669233340.webp\" alt=\"\" width=\"535\" height=\"250\"><\/a><\/td>\n<td>D6732-5A<\/td>\n<td>PCD<\/td>\n<td>16<\/td>\n<td>16<\/td>\n<td>120<\/td>\n<td>0.5<\/td>\n<td>0<\/td>\n<td>0<\/td>\n<\/tr>\n<tr>\n<td>D6733-5A<\/td>\n<td>PCD<\/td>\n<td>19<\/td>\n<td>19<\/td>\n<td>140<\/td>\n<td>0.5<\/td>\n<td>0<\/td>\n<td>0<\/td>\n<\/tr>\n<tr>\n<td>B6630-4G<\/td>\n<td>PCBN<\/td>\n<td>10<\/td>\n<td>10<\/td>\n<td>80<\/td>\n<td>0.4<\/td>\n<td>0<\/td>\n<td>0<\/td>\n<\/tr>\n<tr>\n<td>B6631-4G<\/td>\n<td>PCBN<\/td>\n<td>13<\/td>\n<td>13<\/td>\n<td>100<\/td>\n<td>0.4<\/td>\n<td>0<\/td>\n<td>0<\/td>\n<\/tr>\n<tr>\n<td>B6632-4G<\/td>\n<td>PCBN<\/td>\n<td>16<\/td>\n<td>16<\/td>\n<td>120<\/td>\n<td>0.4<\/td>\n<td>0<\/td>\n<td>0<\/td>\n<\/tr>\n<tr>\n<td>D6530-3F<\/td>\n<td>PCD<\/td>\n<td>10<\/td>\n<td>10<\/td>\n<td>80<\/td>\n<td>0.3<\/td>\n<td>10<\/td>\n<td>0<\/td>\n<\/tr>\n<tr>\n<td>D6531-3F<\/td>\n<td>PCD<\/td>\n<td>13<\/td>\n<td>13<\/td>\n<td>100<\/td>\n<td>0.3<\/td>\n<td>10<\/td>\n<td>0<\/td>\n<\/tr>\n<tr>\n<td>D6532-3F<\/td>\n<td>PCD<\/td>\n<td>16<\/td>\n<td>16<\/td>\n<td>120<\/td>\n<td>0.3<\/td>\n<td>10<\/td>\n<td>0<\/td>\n<\/tr>\n<tr>\n<td class=\"white\" rowspan=\"3\">Tipo 34<\/p>\n<p><a href=\"https:\/\/honwaygroup.com\/wp-content\/uploads\/2021\/01\/%E8%81%9A%E6%99%B6%E9%91%BD%E7%9F%B3%E3%80%81%E6%B0%AE%E5%8C%96%E7%A1%BC%E8%BB%8A%E5%88%80_%E5%B7%A5%E4%BD%9C%E5%8D%80%E5%9F%9F-1-%E8%A4%87%E6%9C%AC-30-e1689669245844.webp\"><img decoding=\"async\" class=\"alignnone size-full wp-image-27417\" src=\"https:\/\/honwaygroup.com\/wp-content\/uploads\/2021\/01\/%E8%81%9A%E6%99%B6%E9%91%BD%E7%9F%B3%E3%80%81%E6%B0%AE%E5%8C%96%E7%A1%BC%E8%BB%8A%E5%88%80_%E5%B7%A5%E4%BD%9C%E5%8D%80%E5%9F%9F-1-%E8%A4%87%E6%9C%AC-30-e1689669245844.webp\" alt=\"\" width=\"532\" height=\"250\"><\/a><\/td>\n<td>D6540-3F<\/td>\n<td>PCD<\/td>\n<td>10<\/td>\n<td>10<\/td>\n<td>80<\/td>\n<td>0.3<\/td>\n<td>10<\/td>\n<td>0<\/td>\n<\/tr>\n<tr>\n<td>D6541-3F<\/td>\n<td>PCD<\/td>\n<td>13<\/td>\n<td>13<\/td>\n<td>100<\/td>\n<td>0.3<\/td>\n<td>10<\/td>\n<td>0<\/td>\n<\/tr>\n<tr>\n<td>D6542-3F<\/td>\n<td>PCD<\/td>\n<td>16<\/td>\n<td>16<\/td>\n<td>120<\/td>\n<td>0.3<\/td>\n<td>10<\/td>\n<td>0<\/td>\n<\/tr>\n<tr>\n<td class=\"white\" rowspan=\"8\">Modelo 35<\/p>\n<p><a href=\"https:\/\/honwaygroup.com\/wp-content\/uploads\/2021\/01\/%E8%81%9A%E6%99%B6%E9%91%BD%E7%9F%B3%E3%80%81%E6%B0%AE%E5%8C%96%E7%A1%BC%E8%BB%8A%E5%88%80_%E5%B7%A5%E4%BD%9C%E5%8D%80%E5%9F%9F-1-%E8%A4%87%E6%9C%AC-31-e1689669258362.webp\"><img loading=\"lazy\" decoding=\"async\" class=\"alignnone size-full wp-image-27421\" src=\"https:\/\/honwaygroup.com\/wp-content\/uploads\/2021\/01\/%E8%81%9A%E6%99%B6%E9%91%BD%E7%9F%B3%E3%80%81%E6%B0%AE%E5%8C%96%E7%A1%BC%E8%BB%8A%E5%88%80_%E5%B7%A5%E4%BD%9C%E5%8D%80%E5%9F%9F-1-%E8%A4%87%E6%9C%AC-31-e1689669258362.webp\" alt=\"\" width=\"548\" height=\"250\"><\/a><\/td>\n<td>D6752-5A<\/td>\n<td>PCD<\/td>\n<td>16<\/td>\n<td>16<\/td>\n<td>120<\/td>\n<td>0.5<\/td>\n<td>0<\/td>\n<td>0<\/td>\n<\/tr>\n<tr>\n<td>D6753-5A<\/td>\n<td>PCD<\/td>\n<td>19<\/td>\n<td>19<\/td>\n<td>140<\/td>\n<td>0.5<\/td>\n<td>0<\/td>\n<td>0<\/td>\n<\/tr>\n<tr>\n<td>B6650-4G<\/td>\n<td>PCBN<\/td>\n<td>10<\/td>\n<td>10<\/td>\n<td>80<\/td>\n<td>0.4<\/td>\n<td>0<\/td>\n<td>0<\/td>\n<\/tr>\n<tr>\n<td>B6651-4G<\/td>\n<td>PCBN<\/td>\n<td>13<\/td>\n<td>13<\/td>\n<td>100<\/td>\n<td>0.4<\/td>\n<td>0<\/td>\n<td>0<\/td>\n<\/tr>\n<tr>\n<td>B6652-4G<\/td>\n<td>PCBN<\/td>\n<td>16<\/td>\n<td>16<\/td>\n<td>120<\/td>\n<td>0.4<\/td>\n<td>0<\/td>\n<td>0<\/td>\n<\/tr>\n<tr>\n<td>D6550-3F<\/td>\n<td>PCD<\/td>\n<td>10<\/td>\n<td>10<\/td>\n<td>80<\/td>\n<td>0.3<\/td>\n<td>10<\/td>\n<td>0<\/td>\n<\/tr>\n<tr>\n<td>D6551-3F<\/td>\n<td>PCD<\/td>\n<td>13<\/td>\n<td>13<\/td>\n<td>100<\/td>\n<td>0.3<\/td>\n<td>10<\/td>\n<td>0<\/td>\n<\/tr>\n<tr>\n<td>D6552-3F<\/td>\n<td>PCD<\/td>\n<td>16<\/td>\n<td>16<\/td>\n<td>120<\/td>\n<td>0.3<\/td>\n<td>10<\/td>\n<td>0<\/td>\n<\/tr>\n<tr>\n<td class=\"white\" rowspan=\"6\">Tipo 37<\/p>\n<p><a href=\"https:\/\/honwaygroup.com\/wp-content\/uploads\/2021\/01\/%E8%81%9A%E6%99%B6%E9%91%BD%E7%9F%B3%E3%80%81%E6%B0%AE%E5%8C%96%E7%A1%BC%E8%BB%8A%E5%88%80_%E5%B7%A5%E4%BD%9C%E5%8D%80%E5%9F%9F-1-%E8%A4%87%E6%9C%AC-32-e1689669271644.webp\"><img loading=\"lazy\" decoding=\"async\" class=\"alignnone size-full wp-image-27425\" src=\"https:\/\/honwaygroup.com\/wp-content\/uploads\/2021\/01\/%E8%81%9A%E6%99%B6%E9%91%BD%E7%9F%B3%E3%80%81%E6%B0%AE%E5%8C%96%E7%A1%BC%E8%BB%8A%E5%88%80_%E5%B7%A5%E4%BD%9C%E5%8D%80%E5%9F%9F-1-%E8%A4%87%E6%9C%AC-32-e1689669271644.webp\" alt=\"\" width=\"516\" height=\"250\"><\/a><\/td>\n<td>D6772-5A<\/td>\n<td>PCD<\/td>\n<td>16<\/td>\n<td>16<\/td>\n<td>120<\/td>\n<td>0.5<\/td>\n<td>0<\/td>\n<td>2<\/td>\n<\/tr>\n<tr>\n<td>D6773-5A<\/td>\n<td>PCD<\/td>\n<td>19<\/td>\n<td>19<\/td>\n<td>140<\/td>\n<td>0.5<\/td>\n<td>0<\/td>\n<td>2<\/td>\n<\/tr>\n<tr>\n<td>B6672-4G<\/td>\n<td>PCBN<\/td>\n<td>16<\/td>\n<td>16<\/td>\n<td>120<\/td>\n<td>0.4<\/td>\n<td>0<\/td>\n<td>2<\/td>\n<\/tr>\n<tr>\n<td>B6673-4G<\/td>\n<td>PCBN<\/td>\n<td>19<\/td>\n<td>19<\/td>\n<td>140<\/td>\n<td>0.4<\/td>\n<td>0<\/td>\n<td>2<\/td>\n<\/tr>\n<tr>\n<td>D6571-3F<\/td>\n<td>PCD<\/td>\n<td>13<\/td>\n<td>13<\/td>\n<td>100<\/td>\n<td>0.3<\/td>\n<td>10<\/td>\n<td>2<\/td>\n<\/tr>\n<tr>\n<td>D6572-3F<\/td>\n<td>PCD<\/td>\n<td>16<\/td>\n<td>16<\/td>\n<td>120<\/td>\n<td>0.3<\/td>\n<td>10<\/td>\n<td>2<\/td>\n<\/tr>\n<\/tbody>\n<\/table>\n<ul>\n<li><strong>Los productos no est\u00e1ndar se pueden personalizar seg\u00fan los dibujos.<\/strong><\/li>\n<\/ul>\n<p>\u00bfTienes preguntas? <a href=\"https:\/\/honwaygroup.com\/es\/contactar-con-honway\/\">Contactar a Honway<\/a><\/p>\n","protected":false},"excerpt":{"rendered":"<div id=\"desWrap\">\n<ul>\n<li>En comparaci\u00f3n con otras herramientas de corte, las herramientas de torneado de diamante policristalino y nitruro de boro policristalino presentan mayor dureza y resistencia al desgaste. Sus ventajas son: mayor vida \u00fatil, mayor precisi\u00f3n en el procesamiento de la pieza y mejor acabado superficial, menores costos de procesamiento y mayor productividad de la m\u00e1quina.<\/li>\n<li>Diamante policristalino (PCD)<\/li>\n<li>Aleaciones de cobre, aleaciones de aluminio<\/li>\n<li>Carburo de tungsteno sinterizado y cer\u00e1mica<\/li>\n<li>carburo de tungsteno y cer\u00e1mica presinterizados<\/li>\n<li>aleaci\u00f3n de aluminio con alto contenido de silicio<\/li>\n<li>FRP, caucho duro, grafito<\/li>\n<li>Nitruro de boro policristalino (PCBN)<\/li>\n<li>Acero endurecido (HRC 45 ~ 68)<\/li>\n<li>Acero resistente al calor (SUS)<\/li>\n<li>Acero s\u00faper resistente al calor: aleaciones a base de n\u00edquel, aleaciones a base de cobalto<\/li>\n<li>Hierro fundido: hierro fundido enfriado, hierro fundido inoculado<\/li>\n<li>Acero aleado sinterizado: acero al cromo-molibdeno, acero al n\u00edquel-cromo-molibdeno<\/li>\n<\/ul>\n<h5><strong><span style=\"color: #ff0000;font-size: 19.2px\">\u25b2Bienvenido al servicio de atenci\u00f3n al cliente por mensaje privado para consultas.<\/span><\/strong><\/h5>\n<h5><strong><span style=\"color: #ff0000;font-size: 19.2px\">\u25b2<\/span><\/strong><strong><span style=\"color: #ff0000;font-size: 19.2px\">Si necesita un tama\u00f1o personalizado, comun\u00edquese con el servicio de atenci\u00f3n al cliente.<\/span><\/strong><\/h5>\n<h5><strong><span style=\"color: #ff0000;font-size: 19.2px\">\u25b2 Los pedidos grandes pueden disfrutar de descuentos, comun\u00edquese con el servicio de atenci\u00f3n al cliente para realizar consultas.<br \/>\n<\/span><\/strong><\/h5>\n<h5><strong><span style=\"color: #ff0000\">\u25b2Para consultar el plazo de entrega de pedidos, por favor contacte al servicio de atenci\u00f3n al cliente<\/span>:<a href=\"https:\/\/honwaygroup.com\/es\/contactar-con-honway\/\">Contactar a Honway<\/a><\/strong><\/h5>\n<\/div>\n","protected":false},"featured_media":124886,"template":"","meta":{"site-sidebar-layout":"default","site-content-layout":"default","ast-site-content-layout":"default","site-content-style":"default","site-sidebar-style":"default","ast-global-header-display":"","ast-banner-title-visibility":"","ast-main-header-display":"","ast-hfb-above-header-display":"","ast-hfb-below-header-display":"","ast-hfb-mobile-header-display":"","site-post-title":"","ast-breadcrumbs-content":"","ast-featured-img":"","footer-sml-layout":"","ast-disable-related-posts":"","theme-transparent-header-meta":"default","adv-header-id-meta":"","stick-header-meta":"default","header-above-stick-meta":"","header-main-stick-meta":"","header-below-stick-meta":"","astra-migrate-meta-layouts":"default","ast-page-background-enabled":"default","ast-page-background-meta":{"desktop":{"background-color":"var(--ast-global-color-5)","background-image":"","background-repeat":"repeat","background-position":"center center","background-size":"auto","background-attachment":"scroll","background-type":"","background-media":"","overlay-type":"","overlay-color":"","overlay-opacity":"","overlay-gradient":""},"tablet":{"background-color":"","background-image":"","background-repeat":"repeat","background-position":"center center","background-size":"auto","background-attachment":"scroll","background-type":"","background-media":"","overlay-type":"","overlay-color":"","overlay-opacity":"","overlay-gradient":""},"mobile":{"background-color":"","background-image":"","background-repeat":"repeat","background-position":"center center","background-size":"auto","background-attachment":"scroll","background-type":"","background-media":"","overlay-type":"","overlay-color":"","overlay-opacity":"","overlay-gradient":""}},"ast-content-background-meta":{"desktop":{"background-color":"var(--ast-global-color-4)","background-image":"","background-repeat":"repeat","background-position":"center center","background-size":"auto","background-attachment":"scroll","background-type":"","background-media":"","overlay-type":"","overlay-color":"","overlay-opacity":"","overlay-gradient":""},"tablet":{"background-color":"var(--ast-global-color-4)","background-image":"","background-repeat":"repeat","background-position":"center center","background-size":"auto","background-attachment":"scroll","background-type":"","background-media":"","overlay-type":"","overlay-color":"","overlay-opacity":"","overlay-gradient":""},"mobile":{"background-color":"var(--ast-global-color-4)","background-image":"","background-repeat":"repeat","background-position":"center center","background-size":"auto","background-attachment":"scroll","background-type":"","background-media":"","overlay-type":"","overlay-color":"","overlay-opacity":"","overlay-gradient":""}}},"product_brand":[],"product_cat":[10504,10516],"product_tag":[10702,10701],"class_list":{"0":"post-128582","1":"product","2":"type-product","3":"status-publish","4":"has-post-thumbnail","6":"product_cat-dianond-tools-es","7":"product_cat-herramientas-de-torneado-de-diamante-y-nitruro-de-boro","8":"product_tag-herramienta-de-torneado-de-diamante","9":"product_tag-herramientas-de-torneado-de-nitruro-de-boro","10":"desktop-align-left","11":"tablet-align-left","12":"mobile-align-left","13":"ast-product-gallery-layout-horizontal-slider","14":"ast-product-tabs-layout-horizontal","16":"first","17":"instock","18":"taxable","19":"shipping-taxable","20":"product-type-simple"},"_links":{"self":[{"href":"https:\/\/honwaygroup.com\/es\/wp-json\/wp\/v2\/product\/128582","targetHints":{"allow":["GET"]}}],"collection":[{"href":"https:\/\/honwaygroup.com\/es\/wp-json\/wp\/v2\/product"}],"about":[{"href":"https:\/\/honwaygroup.com\/es\/wp-json\/wp\/v2\/types\/product"}],"version-history":[{"count":0,"href":"https:\/\/honwaygroup.com\/es\/wp-json\/wp\/v2\/product\/128582\/revisions"}],"wp:featuredmedia":[{"embeddable":true,"href":"https:\/\/honwaygroup.com\/es\/wp-json\/wp\/v2\/media\/124886"}],"wp:attachment":[{"href":"https:\/\/honwaygroup.com\/es\/wp-json\/wp\/v2\/media?parent=128582"}],"wp:term":[{"taxonomy":"product_brand","embeddable":true,"href":"https:\/\/honwaygroup.com\/es\/wp-json\/wp\/v2\/product_brand?post=128582"},{"taxonomy":"product_cat","embeddable":true,"href":"https:\/\/honwaygroup.com\/es\/wp-json\/wp\/v2\/product_cat?post=128582"},{"taxonomy":"product_tag","embeddable":true,"href":"https:\/\/honwaygroup.com\/es\/wp-json\/wp\/v2\/product_tag?post=128582"}],"curies":[{"name":"wp","href":"https:\/\/api.w.org\/{rel}","templated":true}]}}