{"id":128580,"date":"2021-01-17T15:29:21","date_gmt":"2021-01-17T07:29:21","guid":{"rendered":"https:\/\/honwaygroup.com\/product\/muelas-abrasivas-de-diamante-electroformado-y-nitruro-de-boro\/"},"modified":"2021-01-17T15:29:21","modified_gmt":"2021-01-17T07:29:21","slug":"muelas-abrasivas-de-diamante-electroformado-y-nitruro-de-boro","status":"publish","type":"product","link":"https:\/\/honwaygroup.com\/es\/producto\/muelas-abrasivas-de-diamante-electroformado-y-nitruro-de-boro\/","title":{"rendered":"muelas abrasivas de diamante electroformado y nitruro de boro"},"content":{"rendered":"<h3><strong>muelas abrasivas de diamante electroformado y nitruro de boro<\/strong><\/h3>\n<blockquote>\n<h4><strong><span class=\"red\">Honway Industrial puede proporcionar servicios personalizados.<\/span><\/strong><\/h4>\n<h4><strong><span class=\"red\"> Le crearemos las muelas abrasivas de diamante y CBN para electroformaci\u00f3n m\u00e1s adecuadas.<\/span><\/strong><\/h4>\n<\/blockquote>\n<p><strong>Las muelas abrasivas para electroformado que se enumeran en la tabla siguiente pertenecen a nuestro inventario est\u00e1ndar.<\/strong><\/p>\n<table class=\"specTable2\" width=\"100%\">\n<tbody>\n<tr>\n<th>11C9<\/th>\n<th colspan=\"7\">Adecuado para el rectificado y el moldeado de herramientas de <a href=\"https:\/\/baike.baidu.hk\/item\/%E9%8E%A2%E9%8B%BC\/10978626\" rel=\"nofollow noopener\" target=\"_blank\">carburo de tungsteno<\/a>.<\/th>\n<\/tr>\n<tr>\n<th class=\"white\" rowspan=\"6\" width=\"36%\"><a href=\"https:\/\/honwaygroup.com\/wp-content\/uploads\/2021\/01\/%E9%9B%BB%E9%91%84%E6%B3%95%E9%91%BD%E7%9F%B3%E8%88%87%E6%B0%AE%E5%8C%96%E7%A1%BC%E7%A0%82%E8%BC%AA_%E5%B7%A5%E4%BD%9C%E5%8D%80%E5%9F%9F-1-%E8%A4%87%E6%9C%AC-5.webp\"><img fetchpriority=\"high\" decoding=\"async\" class=\"alignnone size-full wp-image-27617\" src=\"https:\/\/honwaygroup.com\/wp-content\/uploads\/2021\/01\/%E9%9B%BB%E9%91%84%E6%B3%95%E9%91%BD%E7%9F%B3%E8%88%87%E6%B0%AE%E5%8C%96%E7%A1%BC%E7%A0%82%E8%BC%AA_%E5%B7%A5%E4%BD%9C%E5%8D%80%E5%9F%9F-1-%E8%A4%87%E6%9C%AC-5.webp\" alt=\"\" width=\"417\" height=\"417\"><\/a><\/th>\n<th>n\u00famero de serie<\/th>\n<th>D<\/th>\n<th>T<\/th>\n<th>W<\/th>\n<th>H<\/th>\n<th>U<\/th>\n<th>granularidad<\/th>\n<\/tr>\n<tr>\n<td>WC-1005A<\/td>\n<td>100<\/td>\n<td>22<\/td>\n<td>10<\/td>\n<td>20<\/td>\n<td>5<\/td>\n<td>#100*<\/td>\n<\/tr>\n<tr>\n<td>WC-1005B<\/td>\n<td>100<\/td>\n<td>35<\/td>\n<td>10<\/td>\n<td>20<\/td>\n<td>5<\/td>\n<td>#100*<\/td>\n<\/tr>\n<tr>\n<td>WC-1005C<\/td>\n<td>100<\/td>\n<td>35<\/td>\n<td>10<\/td>\n<td>19.05<\/td>\n<td>5<\/td>\n<td>#100*<\/td>\n<\/tr>\n<tr>\n<td>WC-1605A<\/td>\n<td>100<\/td>\n<td>35<\/td>\n<td>16<\/td>\n<td>20<\/td>\n<td>5<\/td>\n<td>#100*<\/td>\n<\/tr>\n<tr>\n<td>WC-2005A<\/td>\n<td>100<\/td>\n<td>35<\/td>\n<td>20<\/td>\n<td>20<\/td>\n<td>5<\/td>\n<td>#100*<\/td>\n<\/tr>\n<\/tbody>\n<\/table>\n<table class=\"specTable2\" width=\"100%\">\n<tbody>\n<tr>\n<th>1A1U<\/th>\n<th colspan=\"6\">Adecuado para el rectificado y conformado de herramientas de corte de carburo de tungsteno<\/th>\n<\/tr>\n<tr>\n<th class=\"white\" rowspan=\"4\" width=\"36%\"><a href=\"https:\/\/honwaygroup.com\/wp-content\/uploads\/2021\/01\/%E9%9B%BB%E9%91%84%E6%B3%95%E9%91%BD%E7%9F%B3%E8%88%87%E6%B0%AE%E5%8C%96%E7%A1%BC%E7%A0%82%E8%BC%AA_%E5%B7%A5%E4%BD%9C%E5%8D%80%E5%9F%9F-1-%E8%A4%87%E6%9C%AC-6.webp\"><img decoding=\"async\" class=\"alignnone size-full wp-image-27621\" src=\"https:\/\/honwaygroup.com\/wp-content\/uploads\/2021\/01\/%E9%9B%BB%E9%91%84%E6%B3%95%E9%91%BD%E7%9F%B3%E8%88%87%E6%B0%AE%E5%8C%96%E7%A1%BC%E7%A0%82%E8%BC%AA_%E5%B7%A5%E4%BD%9C%E5%8D%80%E5%9F%9F-1-%E8%A4%87%E6%9C%AC-6.webp\" alt=\"\" width=\"417\" height=\"417\"><\/a><\/th>\n<th>n\u00famero de serie<\/th>\n<th>D<\/th>\n<th>T<\/th>\n<th>W<\/th>\n<th>H<\/th>\n<th>granularidad<\/th>\n<\/tr>\n<tr>\n<td>WS-6105A<\/td>\n<td>150<\/td>\n<td>10<\/td>\n<td>5<\/td>\n<td>31.75<\/td>\n<td>#200*<\/td>\n<\/tr>\n<tr>\n<td>WS-6105B<\/td>\n<td>150<\/td>\n<td>10<\/td>\n<td>5<\/td>\n<td>12.70<\/td>\n<td>#200*<\/td>\n<\/tr>\n<tr>\n<td>WS-6105C<\/td>\n<td>150<\/td>\n<td>10<\/td>\n<td>5<\/td>\n<td>15.88<\/td>\n<td>#200*<\/td>\n<\/tr>\n<\/tbody>\n<\/table>\n<table class=\"specTable2\" width=\"100%\">\n<tbody>\n<tr>\n<th>14Y1<\/th>\n<th colspan=\"8\">Adecuado para el rectificado y conformado de herramientas de corte de carburo de tungsteno<\/th>\n<\/tr>\n<tr>\n<th class=\"white\" rowspan=\"5\" width=\"36%\"><a href=\"https:\/\/honwaygroup.com\/wp-content\/uploads\/2021\/01\/%E9%9B%BB%E9%91%84%E6%B3%95%E9%91%BD%E7%9F%B3%E8%88%87%E6%B0%AE%E5%8C%96%E7%A1%BC%E7%A0%82%E8%BC%AA_%E5%B7%A5%E4%BD%9C%E5%8D%80%E5%9F%9F-1-%E8%A4%87%E6%9C%AC-8.webp\"><img decoding=\"async\" class=\"alignnone size-full wp-image-27625\" src=\"https:\/\/honwaygroup.com\/wp-content\/uploads\/2021\/01\/%E9%9B%BB%E9%91%84%E6%B3%95%E9%91%BD%E7%9F%B3%E8%88%87%E6%B0%AE%E5%8C%96%E7%A1%BC%E7%A0%82%E8%BC%AA_%E5%B7%A5%E4%BD%9C%E5%8D%80%E5%9F%9F-1-%E8%A4%87%E6%9C%AC-8.webp\" alt=\"\" width=\"417\" height=\"417\"><\/a><\/th>\n<th>n\u00famero de serie<\/th>\n<th>D<\/th>\n<th>U<\/th>\n<th>T<\/th>\n<th>W<\/th>\n<th>H<\/th>\n<th>V<\/th>\n<th>granularidad<\/th>\n<\/tr>\n<tr>\n<td>WV-6645A<\/td>\n<td>150<\/td>\n<td>6<\/td>\n<td>10<\/td>\n<td>5<\/td>\n<td>12.70<\/td>\n<td>45<\/td>\n<td>#200*<\/td>\n<\/tr>\n<tr>\n<td>WV-6645B<\/td>\n<td>150<\/td>\n<td>6<\/td>\n<td>10<\/td>\n<td>5<\/td>\n<td>15.88<\/td>\n<td>45<\/td>\n<td>#200*<\/td>\n<\/tr>\n<tr>\n<td>WV-6660A<\/td>\n<td>150<\/td>\n<td>6<\/td>\n<td>10<\/td>\n<td>5<\/td>\n<td>12.70<\/td>\n<td>60<\/td>\n<td>#200*<\/td>\n<\/tr>\n<tr>\n<td>WV-6660B<\/td>\n<td>150<\/td>\n<td>6<\/td>\n<td>10<\/td>\n<td>5<\/td>\n<td>15.88<\/td>\n<td>60<\/td>\n<td>#200*<\/td>\n<\/tr>\n<\/tbody>\n<\/table>\n<table class=\"specTable2\" width=\"100%\">\n<tbody>\n<tr>\n<th>14A1,14A1U<\/th>\n<th colspan=\"6\">Apta para pulir y dar forma a gemas,<a href=\"https:\/\/teahouse333.pixnet.net\/blog\/post\/301849099\" rel=\"nofollow noopener\" target=\"_blank\"> piedras semipreciosas<\/a> y piedras naturales.<\/th>\n<\/tr>\n<tr>\n<th class=\"white\" rowspan=\"3\" width=\"36%\"><a href=\"https:\/\/honwaygroup.com\/wp-content\/uploads\/2021\/01\/%E9%9B%BB%E9%91%84%E6%B3%95%E9%91%BD%E7%9F%B3%E8%88%87%E6%B0%AE%E5%8C%96%E7%A1%BC%E7%A0%82%E8%BC%AA_%E5%B7%A5%E4%BD%9C%E5%8D%80%E5%9F%9F-1-%E8%A4%87%E6%9C%AC-9.webp\"><img loading=\"lazy\" decoding=\"async\" class=\"alignnone size-full wp-image-27629\" src=\"https:\/\/honwaygroup.com\/wp-content\/uploads\/2021\/01\/%E9%9B%BB%E9%91%84%E6%B3%95%E9%91%BD%E7%9F%B3%E8%88%87%E6%B0%AE%E5%8C%96%E7%A1%BC%E7%A0%82%E8%BC%AA_%E5%B7%A5%E4%BD%9C%E5%8D%80%E5%9F%9F-1-%E8%A4%87%E6%9C%AC-9.webp\" alt=\"\" width=\"417\" height=\"417\"><\/a><\/th>\n<th>n\u00famero de serie<\/th>\n<th>D<\/th>\n<th>T<\/th>\n<th>W<\/th>\n<th>H<\/th>\n<th>granularidad<\/th>\n<\/tr>\n<tr>\n<td>WS-0625A<\/td>\n<td>150<\/td>\n<td>25<\/td>\n<td>&#8211;<\/td>\n<td>25.4<\/td>\n<td>#60*<\/td>\n<\/tr>\n<tr>\n<td>WS-0625B<\/td>\n<td>150<\/td>\n<td>25<\/td>\n<td>5<\/td>\n<td>25.4<\/td>\n<td>#60*<\/td>\n<\/tr>\n<\/tbody>\n<\/table>\n<table class=\"specTable2\" width=\"100%\">\n<tbody>\n<tr>\n<th>14A1U<\/th>\n<th colspan=\"8\">Adecuado para moler y dar forma a n\u00facleos de polvo de hierro.<\/th>\n<\/tr>\n<tr>\n<th class=\"white\" rowspan=\"5\" width=\"36%\"><a href=\"https:\/\/honwaygroup.com\/wp-content\/uploads\/2021\/01\/%E9%9B%BB%E9%91%84%E6%B3%95%E9%91%BD%E7%9F%B3%E8%88%87%E6%B0%AE%E5%8C%96%E7%A1%BC%E7%A0%82%E8%BC%AA_%E5%B7%A5%E4%BD%9C%E5%8D%80%E5%9F%9F-1-%E8%A4%87%E6%9C%AC-10.webp\"><img loading=\"lazy\" decoding=\"async\" class=\"alignnone size-full wp-image-27633\" src=\"https:\/\/honwaygroup.com\/wp-content\/uploads\/2021\/01\/%E9%9B%BB%E9%91%84%E6%B3%95%E9%91%BD%E7%9F%B3%E8%88%87%E6%B0%AE%E5%8C%96%E7%A1%BC%E7%A0%82%E8%BC%AA_%E5%B7%A5%E4%BD%9C%E5%8D%80%E5%9F%9F-1-%E8%A4%87%E6%9C%AC-10.webp\" alt=\"\" width=\"417\" height=\"417\"><\/a><\/th>\n<th>n\u00famero de serie<\/th>\n<th>D<\/th>\n<th>U<\/th>\n<th>T<\/th>\n<th>E<\/th>\n<th>W<\/th>\n<th>H<\/th>\n<th>granularidad<\/th>\n<\/tr>\n<tr>\n<td>WS-7063A<\/td>\n<td>175<\/td>\n<td>6<\/td>\n<td>10<\/td>\n<td>&#8211;<\/td>\n<td>3<\/td>\n<td>31.75<\/td>\n<td>#200*<\/td>\n<\/tr>\n<tr>\n<td>WS-7073A<\/td>\n<td>175<\/td>\n<td>7<\/td>\n<td>10<\/td>\n<td>&#8211;<\/td>\n<td>3<\/td>\n<td>31.75<\/td>\n<td>#200*<\/td>\n<\/tr>\n<tr>\n<td>WS-7083A<\/td>\n<td>175<\/td>\n<td>8<\/td>\n<td>10<\/td>\n<td>&#8211;<\/td>\n<td>3<\/td>\n<td>31.75<\/td>\n<td>#200*<\/td>\n<\/tr>\n<tr>\n<td>WS-7093A<\/td>\n<td>175<\/td>\n<td>9<\/td>\n<td>10<\/td>\n<td>&#8211;<\/td>\n<td>3<\/td>\n<td>31.75<\/td>\n<td>#200*<\/td>\n<\/tr>\n<\/tbody>\n<\/table>\n<table class=\"specTable2\" width=\"100%\">\n<tbody>\n<tr>\n<th>9A1U<\/th>\n<th colspan=\"8\">Adecuado para moler y dar forma a n\u00facleos de polvo de hierro.<\/th>\n<\/tr>\n<tr>\n<th class=\"white\" rowspan=\"8\" width=\"36%\"><a href=\"https:\/\/honwaygroup.com\/wp-content\/uploads\/2021\/01\/%E9%9B%BB%E9%91%84%E6%B3%95%E9%91%BD%E7%9F%B3%E8%88%87%E6%B0%AE%E5%8C%96%E7%A1%BC%E7%A0%82%E8%BC%AA_%E5%B7%A5%E4%BD%9C%E5%8D%80%E5%9F%9F-1-%E8%A4%87%E6%9C%AC-21.webp\"><img loading=\"lazy\" decoding=\"async\" class=\"alignnone size-full wp-image-27637\" src=\"https:\/\/honwaygroup.com\/wp-content\/uploads\/2021\/01\/%E9%9B%BB%E9%91%84%E6%B3%95%E9%91%BD%E7%9F%B3%E8%88%87%E6%B0%AE%E5%8C%96%E7%A1%BC%E7%A0%82%E8%BC%AA_%E5%B7%A5%E4%BD%9C%E5%8D%80%E5%9F%9F-1-%E8%A4%87%E6%9C%AC-21.webp\" alt=\"\" width=\"417\" height=\"417\"><\/a><\/th>\n<th>n\u00famero de serie<\/th>\n<th>D<\/th>\n<th>U<\/th>\n<th>T<\/th>\n<th>E<\/th>\n<th>W<\/th>\n<th>H<\/th>\n<th>granularidad<\/th>\n<\/tr>\n<tr>\n<td>WS-7103A<\/td>\n<td>175<\/td>\n<td>&#8211;<\/td>\n<td>10<\/td>\n<td>9.8<\/td>\n<td>3<\/td>\n<td>31.75<\/td>\n<td>#200*<\/td>\n<\/tr>\n<tr>\n<td>WS-7113A<\/td>\n<td>175<\/td>\n<td>&#8211;<\/td>\n<td>11<\/td>\n<td>10<\/td>\n<td>3<\/td>\n<td>31.75<\/td>\n<td>#200*<\/td>\n<\/tr>\n<tr>\n<td>WS-7123A<\/td>\n<td>175<\/td>\n<td>&#8211;<\/td>\n<td>12<\/td>\n<td>10<\/td>\n<td>3<\/td>\n<td>31.75<\/td>\n<td>#200*<\/td>\n<\/tr>\n<tr>\n<td>WS-7133A<\/td>\n<td>175<\/td>\n<td>&#8211;<\/td>\n<td>13<\/td>\n<td>10<\/td>\n<td>3<\/td>\n<td>31.75<\/td>\n<td>#200*<\/td>\n<\/tr>\n<tr>\n<td>WS-7143A<\/td>\n<td>175<\/td>\n<td>&#8211;<\/td>\n<td>14<\/td>\n<td>10<\/td>\n<td>3<\/td>\n<td>31.75<\/td>\n<td>#200*<\/td>\n<\/tr>\n<tr>\n<td>WS-7153A<\/td>\n<td>175<\/td>\n<td>&#8211;<\/td>\n<td>15<\/td>\n<td>10<\/td>\n<td>3<\/td>\n<td>31.75<\/td>\n<td>#200*<\/td>\n<\/tr>\n<tr>\n<td>WS-7163A<\/td>\n<td>175<\/td>\n<td>&#8211;<\/td>\n<td>16<\/td>\n<td>10<\/td>\n<td>3<\/td>\n<td>31.75<\/td>\n<td>#200*<\/td>\n<\/tr>\n<\/tbody>\n<\/table>\n<p><strong>ilustrar:<\/strong><\/p>\n<ul class=\"main_ul\">\n<li><strong>\u00ab*\u00bb Tama\u00f1o de part\u00edcula est\u00e1ndar; por favor, especifique otros tama\u00f1os de part\u00edcula al realizar el pedido.<\/strong><\/li>\n<\/ul>\n<p>\u00bfTienes preguntas? <a href=\"https:\/\/honwaygroup.com\/es\/contactar-con-honway\/\">Contactar a Honway<\/a><\/p>\n","protected":false},"excerpt":{"rendered":"<div id=\"desWrap\">\n<ul>\n<li>En comparaci\u00f3n con las muelas abrasivas fabricadas mediante otros m\u00e9todos de uni\u00f3n, las muelas electroformadas presentan una mayor concentraci\u00f3n y protrusi\u00f3n abrasiva, lo que se traduce en una nitidez excepcional y un alto volumen de rectificado. Al no requerir moldes, se pueden fabricar muelas de diversas formas con m\u00ednimas variaciones en sus dimensiones externas, lo que las hace id\u00f3neas para el rectificado de perfiles.<\/li>\n<li>Rectificado con plantilla: Se utiliza principalmente en procesos de conformado de precisi\u00f3n de cer\u00e1mica y cuarzo. Se pueden fabricar productos personalizados seg\u00fan las diferentes necesidades. Los tama\u00f1os de grano comunes van del n.\u00b0 80 al n.\u00b0 325, satisfaciendo las necesidades de procesamiento grueso y fino.<\/li>\n<li>Procesamiento de vidrio t\u00e1ctil: Perforar y biselar paneles de vidrio de tel\u00e9fonos inteligentes y tabletas puede mejorar la eficiencia del trabajo al combinar diferentes tama\u00f1os de grano en la misma varilla de pulido electroformada.<\/li>\n<li>Afilado de herramientas: Las m\u00e1quinas afiladoras de fresas y brocas est\u00e1n equipadas con muelas abrasivas electroformadas. El acero de tungsteno se puede afilar con diamante, mientras que el acero r\u00e1pido se puede afilar con abrasivo de CBN. Para el afilado de herramientas de torno, se dispone de muelas abrasivas est\u00e1ndar de copa.<\/li>\n<li>Rectificado por conformaci\u00f3n: El m\u00e9todo de electroconformado permite producir diversas formas con una peque\u00f1a deformaci\u00f3n, por lo que es adecuado para el rectificado por conformaci\u00f3n. Tambi\u00e9n se puede utilizar para la fabricaci\u00f3n de bloques de rectificado para el rectificado de muelas de al\u00famina.<\/li>\n<\/ul>\n<h5><strong><span style=\"color: #ff0000; font-size: 19.2px;\">\u25b2Bienvenido al servicio de atenci\u00f3n al cliente por mensaje privado para consultas.<\/span><\/strong><\/h5>\n<h5><strong><span style=\"color: #ff0000; font-size: 19.2px;\">\u25b2<\/span><\/strong><strong><span style=\"color: #ff0000; font-size: 19.2px;\">Si necesita un tama\u00f1o personalizado, comun\u00edquese con el servicio de atenci\u00f3n al cliente.<\/span><\/strong><\/h5>\n<h5><strong><span style=\"color: #ff0000; font-size: 19.2px;\">\u25b2 Los pedidos grandes pueden disfrutar de descuentos, comun\u00edquese con el servicio de atenci\u00f3n al cliente para realizar consultas.<br \/>\n<\/span><\/strong><\/h5>\n<h5><strong><span style=\"color: #ff0000;\">\u25b2Para consultar el plazo de entrega de pedidos, por favor contacte al servicio de atenci\u00f3n al cliente<\/span>:<a href=\"https:\/\/honwaygroup.com\/es\/contactar-con-honway\/\">Contactar a Honway<\/a><\/strong><\/h5>\n<\/div>\n","protected":false},"featured_media":128581,"template":"","meta":{"site-sidebar-layout":"default","site-content-layout":"default","ast-site-content-layout":"default","site-content-style":"default","site-sidebar-style":"default","ast-global-header-display":"","ast-banner-title-visibility":"","ast-main-header-display":"","ast-hfb-above-header-display":"","ast-hfb-below-header-display":"","ast-hfb-mobile-header-display":"","site-post-title":"","ast-breadcrumbs-content":"","ast-featured-img":"","footer-sml-layout":"","ast-disable-related-posts":"","theme-transparent-header-meta":"default","adv-header-id-meta":"","stick-header-meta":"default","header-above-stick-meta":"","header-main-stick-meta":"","header-below-stick-meta":"","astra-migrate-meta-layouts":"default","ast-page-background-enabled":"default","ast-page-background-meta":{"desktop":{"background-color":"var(--ast-global-color-5)","background-image":"","background-repeat":"repeat","background-position":"center center","background-size":"auto","background-attachment":"scroll","background-type":"","background-media":"","overlay-type":"","overlay-color":"","overlay-opacity":"","overlay-gradient":""},"tablet":{"background-color":"","background-image":"","background-repeat":"repeat","background-position":"center center","background-size":"auto","background-attachment":"scroll","background-type":"","background-media":"","overlay-type":"","overlay-color":"","overlay-opacity":"","overlay-gradient":""},"mobile":{"background-color":"","background-image":"","background-repeat":"repeat","background-position":"center center","background-size":"auto","background-attachment":"scroll","background-type":"","background-media":"","overlay-type":"","overlay-color":"","overlay-opacity":"","overlay-gradient":""}},"ast-content-background-meta":{"desktop":{"background-color":"var(--ast-global-color-4)","background-image":"","background-repeat":"repeat","background-position":"center center","background-size":"auto","background-attachment":"scroll","background-type":"","background-media":"","overlay-type":"","overlay-color":"","overlay-opacity":"","overlay-gradient":""},"tablet":{"background-color":"var(--ast-global-color-4)","background-image":"","background-repeat":"repeat","background-position":"center center","background-size":"auto","background-attachment":"scroll","background-type":"","background-media":"","overlay-type":"","overlay-color":"","overlay-opacity":"","overlay-gradient":""},"mobile":{"background-color":"var(--ast-global-color-4)","background-image":"","background-repeat":"repeat","background-position":"center center","background-size":"auto","background-attachment":"scroll","background-type":"","background-media":"","overlay-type":"","overlay-color":"","overlay-opacity":"","overlay-gradient":""}}},"product_brand":[],"product_cat":[10504,10514],"product_tag":[10929,10928],"class_list":{"0":"post-128580","1":"product","2":"type-product","3":"status-publish","4":"has-post-thumbnail","6":"product_cat-dianond-tools-es","7":"product_cat-muelas-abrasivas-de-diamante-y-nitruro-de-boro","8":"product_tag-muelas-abrasivas-de-diamante-electroformado-y-nitruro-de-boro","9":"product_tag-muelas-abrasivas-de-diamante-y-nitruro-de-boro","10":"desktop-align-left","11":"tablet-align-left","12":"mobile-align-left","13":"ast-product-gallery-layout-horizontal-slider","14":"ast-product-tabs-layout-horizontal","16":"first","17":"instock","18":"taxable","19":"shipping-taxable","20":"product-type-simple"},"_links":{"self":[{"href":"https:\/\/honwaygroup.com\/es\/wp-json\/wp\/v2\/product\/128580","targetHints":{"allow":["GET"]}}],"collection":[{"href":"https:\/\/honwaygroup.com\/es\/wp-json\/wp\/v2\/product"}],"about":[{"href":"https:\/\/honwaygroup.com\/es\/wp-json\/wp\/v2\/types\/product"}],"version-history":[{"count":0,"href":"https:\/\/honwaygroup.com\/es\/wp-json\/wp\/v2\/product\/128580\/revisions"}],"wp:featuredmedia":[{"embeddable":true,"href":"https:\/\/honwaygroup.com\/es\/wp-json\/wp\/v2\/media\/128581"}],"wp:attachment":[{"href":"https:\/\/honwaygroup.com\/es\/wp-json\/wp\/v2\/media?parent=128580"}],"wp:term":[{"taxonomy":"product_brand","embeddable":true,"href":"https:\/\/honwaygroup.com\/es\/wp-json\/wp\/v2\/product_brand?post=128580"},{"taxonomy":"product_cat","embeddable":true,"href":"https:\/\/honwaygroup.com\/es\/wp-json\/wp\/v2\/product_cat?post=128580"},{"taxonomy":"product_tag","embeddable":true,"href":"https:\/\/honwaygroup.com\/es\/wp-json\/wp\/v2\/product_tag?post=128580"}],"curies":[{"name":"wp","href":"https:\/\/api.w.org\/{rel}","templated":true}]}}