{"id":128578,"date":"2021-01-17T15:35:52","date_gmt":"2021-01-17T07:35:52","guid":{"rendered":"https:\/\/honwaygroup.com\/product\/muelas-abrasivas-de-diamante-y-nitruro-de-boro-con-base-de-resina\/"},"modified":"2021-01-17T15:35:52","modified_gmt":"2021-01-17T07:35:52","slug":"muelas-abrasivas-de-diamante-y-nitruro-de-boro-con-base-de-resina","status":"publish","type":"product","link":"https:\/\/honwaygroup.com\/es\/producto\/muelas-abrasivas-de-diamante-y-nitruro-de-boro-con-base-de-resina\/","title":{"rendered":"Muelas abrasivas de diamante y nitruro de boro con base de resina"},"content":{"rendered":"<h3><strong>Muelas abrasivas de diamante y nitruro de boro con base de resina<\/strong><\/h3>\n<blockquote>\n<h4><strong><span class=\"red\">Honway Industrial puede proporcionar servicios personalizados.<\/span><\/strong><\/h4>\n<h4><strong><span class=\"red\"> Podemos fabricar para usted las <a href=\"https:\/\/kknews.cc\/zh-tw\/news\/z9ye64q.html\" rel=\"nofollow noopener\" target=\"_blank\">muelas abrasivas<\/a> de diamante y CBN procesadas con resina m\u00e1s adecuadas. <\/span><\/strong><\/h4>\n<\/blockquote>\n<h4><\/h4>\n<p><strong>Las muelas abrasivas para electroformado que se enumeran en la tabla siguiente pertenecen a nuestro inventario est\u00e1ndar.<\/strong><\/p>\n<table class=\"specTable2\" width=\"100%\">\n<tbody>\n<tr>\n<th>11A2<\/th>\n<th colspan=\"7\">Adecuado para el rectificado y conformado de herramientas de corte de carburo de tungsteno en rectificadoras de herramientas.<\/th>\n<\/tr>\n<tr>\n<th class=\"white\" rowspan=\"4\" width=\"36%\"><a href=\"https:\/\/honwaygroup.com\/wp-content\/uploads\/2021\/01\/%E6%A8%B9%E8%84%82%E6%B3%95%E9%91%BD%E7%9F%B3%E8%88%87%E6%B0%AE%E5%8C%96%E7%A1%BC%E7%A0%82%E8%BC%AA_%E5%B7%A5%E4%BD%9C%E5%8D%80%E5%9F%9F-1-%E8%A4%87%E6%9C%AC-5.webp\"><img fetchpriority=\"high\" decoding=\"async\" class=\"alignnone size-full wp-image-27548\" src=\"https:\/\/honwaygroup.com\/wp-content\/uploads\/2021\/01\/%E6%A8%B9%E8%84%82%E6%B3%95%E9%91%BD%E7%9F%B3%E8%88%87%E6%B0%AE%E5%8C%96%E7%A1%BC%E7%A0%82%E8%BC%AA_%E5%B7%A5%E4%BD%9C%E5%8D%80%E5%9F%9F-1-%E8%A4%87%E6%9C%AC-5.webp\" alt=\"\" width=\"417\" height=\"417\"><\/a><\/th>\n<th>n\u00famero de serie<\/th>\n<th>D<\/th>\n<th>W<\/th>\n<th>X<\/th>\n<th>T<\/th>\n<th>H<\/th>\n<th>granularidad<\/th>\n<\/tr>\n<tr>\n<td>RD-04082A<\/td>\n<td>100<\/td>\n<td>8<\/td>\n<td>2<\/td>\n<td>40<\/td>\n<td>20<\/td>\n<td>SDC-150*<\/td>\n<\/tr>\n<tr>\n<td>RD-04103A<\/td>\n<td>100<\/td>\n<td>10<\/td>\n<td>3<\/td>\n<td>30<\/td>\n<td>20<\/td>\n<td>SDC-150*<\/td>\n<\/tr>\n<tr>\n<td>RD-04103C<\/td>\n<td>100<\/td>\n<td>10<\/td>\n<td>3<\/td>\n<td>30<\/td>\n<td>19.05<\/td>\n<td>SDC-150*<\/td>\n<\/tr>\n<\/tbody>\n<\/table>\n<table class=\"specTable2\" width=\"100%\">\n<tbody>\n<tr>\n<th>11C9<\/th>\n<th colspan=\"8\">Adecuado para el rectificado y conformado de herramientas de corte de carburo de tungsteno en rectificadoras de herramientas.<\/th>\n<\/tr>\n<tr>\n<th class=\"white\" rowspan=\"2\" width=\"36%\"><a href=\"https:\/\/honwaygroup.com\/wp-content\/uploads\/2021\/01\/%E6%A8%B9%E8%84%82%E6%B3%95%E9%91%BD%E7%9F%B3%E8%88%87%E6%B0%AE%E5%8C%96%E7%A1%BC%E7%A0%82%E8%BC%AA_%E5%B7%A5%E4%BD%9C%E5%8D%80%E5%9F%9F-1-%E8%A4%87%E6%9C%AC-6.webp\"><img decoding=\"async\" class=\"alignnone size-full wp-image-27552\" src=\"https:\/\/honwaygroup.com\/wp-content\/uploads\/2021\/01\/%E6%A8%B9%E8%84%82%E6%B3%95%E9%91%BD%E7%9F%B3%E8%88%87%E6%B0%AE%E5%8C%96%E7%A1%BC%E7%A0%82%E8%BC%AA_%E5%B7%A5%E4%BD%9C%E5%8D%80%E5%9F%9F-1-%E8%A4%87%E6%9C%AC-6.webp\" alt=\"\" width=\"417\" height=\"417\"><\/a><\/th>\n<th>n\u00famero de serie<\/th>\n<th>D<\/th>\n<th>W<\/th>\n<th>X<\/th>\n<th>U<\/th>\n<th>T<\/th>\n<th>H<\/th>\n<th>granularidad<\/th>\n<\/tr>\n<tr>\n<td>RD-04815A<\/td>\n<td>100<\/td>\n<td>8<\/td>\n<td>1<\/td>\n<td>5<\/td>\n<td>40<\/td>\n<td>20<\/td>\n<td>SDC-150*<\/td>\n<\/tr>\n<\/tbody>\n<\/table>\n<table class=\"specTable2\" width=\"100%\">\n<tbody>\n<tr>\n<th>12Y9C<\/th>\n<th colspan=\"10\">Adecuado para rectificadoras autom\u00e1ticas de herramientas de torno y rectificado de herramientas de torno de carburo de tungsteno.<\/th>\n<\/tr>\n<tr>\n<th class=\"white\" rowspan=\"4\" width=\"36%\"><a href=\"https:\/\/honwaygroup.com\/wp-content\/uploads\/2021\/01\/%E6%A8%B9%E8%84%82%E6%B3%95%E9%91%BD%E7%9F%B3%E8%88%87%E6%B0%AE%E5%8C%96%E7%A1%BC%E7%A0%82%E8%BC%AA_%E5%B7%A5%E4%BD%9C%E5%8D%80%E5%9F%9F-1-%E8%A4%87%E6%9C%AC-8.webp\"><img decoding=\"async\" class=\"alignnone size-full wp-image-27556\" src=\"https:\/\/honwaygroup.com\/wp-content\/uploads\/2021\/01\/%E6%A8%B9%E8%84%82%E6%B3%95%E9%91%BD%E7%9F%B3%E8%88%87%E6%B0%AE%E5%8C%96%E7%A1%BC%E7%A0%82%E8%BC%AA_%E5%B7%A5%E4%BD%9C%E5%8D%80%E5%9F%9F-1-%E8%A4%87%E6%9C%AC-8.webp\" alt=\"\" width=\"417\" height=\"417\"><\/a><\/th>\n<th>n\u00famero de serie<\/th>\n<th>D<\/th>\n<th>W<\/th>\n<th>U<\/th>\n<th>X<\/th>\n<th>T<\/th>\n<th>H<\/th>\n<th>V<\/th>\n<th>forma<\/th>\n<th>granularidad<\/th>\n<\/tr>\n<tr>\n<td>RD-05815A<\/td>\n<td>125<\/td>\n<td>8<\/td>\n<td>&#8211;<\/td>\n<td>1<\/td>\n<td>16<\/td>\n<td>25<\/td>\n<td>&#8211;<\/td>\n<td>12A2C<\/td>\n<td>SDC-400*<\/td>\n<\/tr>\n<tr>\n<td>RD-05815B<\/td>\n<td>125<\/td>\n<td>8<\/td>\n<td>5<\/td>\n<td>1<\/td>\n<td>16<\/td>\n<td>25<\/td>\n<td>60\u00b0<\/td>\n<td>12Y9C<\/td>\n<td>SDC-600*<\/td>\n<\/tr>\n<tr>\n<td>RD-08815C<\/td>\n<td>125<\/td>\n<td>8<\/td>\n<td>5<\/td>\n<td>1<\/td>\n<td>16<\/td>\n<td>25<\/td>\n<td>45\u00b0<\/td>\n<td>12Y9C<\/td>\n<td>SDC-400*<\/td>\n<\/tr>\n<\/tbody>\n<\/table>\n<table class=\"specTable2\" width=\"100%\">\n<tbody>\n<tr>\n<th>1A1<\/p>\n<p><a href=\"https:\/\/honwaygroup.com\/wp-content\/uploads\/2021\/01\/%E6%A8%B9%E8%84%82%E6%B3%95%E9%91%BD%E7%9F%B3%E8%88%87%E6%B0%AE%E5%8C%96%E7%A1%BC%E7%A0%82%E8%BC%AA_%E5%B7%A5%E4%BD%9C%E5%8D%80%E5%9F%9F-1-%E8%A4%87%E6%9C%AC-9.webp\"><img loading=\"lazy\" decoding=\"async\" class=\"alignnone size-full wp-image-27560\" src=\"https:\/\/honwaygroup.com\/wp-content\/uploads\/2021\/01\/%E6%A8%B9%E8%84%82%E6%B3%95%E9%91%BD%E7%9F%B3%E8%88%87%E6%B0%AE%E5%8C%96%E7%A1%BC%E7%A0%82%E8%BC%AA_%E5%B7%A5%E4%BD%9C%E5%8D%80%E5%9F%9F-1-%E8%A4%87%E6%9C%AC-9.webp\" alt=\"\" width=\"417\" height=\"417\"><\/a><\/th>\n<th colspan=\"8\">Adecuado para rectificadoras de superficies, rectificado de carburo de tungsteno, cer\u00e1mica (SDC) o acero endurecido (BC).<\/th>\n<\/tr>\n<tr>\n<th class=\"white\" rowspan=\"12\" width=\"36%\">14A1<\/p>\n<p><a href=\"https:\/\/honwaygroup.com\/wp-content\/uploads\/2021\/01\/%E6%A8%B9%E8%84%82%E6%B3%95%E9%91%BD%E7%9F%B3%E8%88%87%E6%B0%AE%E5%8C%96%E7%A1%BC%E7%A0%82%E8%BC%AA_%E5%B7%A5%E4%BD%9C%E5%8D%80%E5%9F%9F-1-%E8%A4%87%E6%9C%AC-10.webp\"><img loading=\"lazy\" decoding=\"async\" class=\"alignnone size-full wp-image-27564\" src=\"https:\/\/honwaygroup.com\/wp-content\/uploads\/2021\/01\/%E6%A8%B9%E8%84%82%E6%B3%95%E9%91%BD%E7%9F%B3%E8%88%87%E6%B0%AE%E5%8C%96%E7%A1%BC%E7%A0%82%E8%BC%AA_%E5%B7%A5%E4%BD%9C%E5%8D%80%E5%9F%9F-1-%E8%A4%87%E6%9C%AC-10.webp\" alt=\"\" width=\"417\" height=\"417\"><\/a><\/th>\n<th>n\u00famero de serie<\/th>\n<th>D<\/th>\n<th>U<\/th>\n<th>X<\/th>\n<th>T<\/th>\n<th>H<\/th>\n<th>forma<\/th>\n<th>granularidad<\/th>\n<\/tr>\n<tr>\n<td>RD-06033A<\/td>\n<td>150<\/td>\n<td>3<\/td>\n<td>3<\/td>\n<td>10<\/td>\n<td>31.75<\/td>\n<td>14A1<\/td>\n<td>SDC-150*<\/td>\n<\/tr>\n<tr>\n<td>RB-06033A<\/td>\n<td>150<\/td>\n<td>3<\/td>\n<td>3<\/td>\n<td>10<\/td>\n<td>31.75<\/td>\n<td>14A1<\/td>\n<td>BC-150*<\/td>\n<\/tr>\n<tr>\n<td>RD-06063A<\/td>\n<td>150<\/td>\n<td>6<\/td>\n<td>3<\/td>\n<td>10<\/td>\n<td>31.75<\/td>\n<td>14A1<\/td>\n<td>SDC-150*<\/td>\n<\/tr>\n<tr>\n<td>RB-06063A<\/td>\n<td>150<\/td>\n<td>6<\/td>\n<td>3<\/td>\n<td>10<\/td>\n<td>31.75<\/td>\n<td>14A1<\/td>\n<td>BC-150*<\/td>\n<\/tr>\n<tr>\n<td>RD-06083A<\/td>\n<td>150<\/td>\n<td>8<\/td>\n<td>3<\/td>\n<td>10<\/td>\n<td>31.75<\/td>\n<td>14A1<\/td>\n<td>SDC-150*<\/td>\n<\/tr>\n<tr>\n<td>RD-06103A<\/td>\n<td>150<\/td>\n<td>&#8211;<\/td>\n<td>3<\/td>\n<td>10<\/td>\n<td>31.75<\/td>\n<td>1A1<\/td>\n<td>SDC-150*<\/td>\n<\/tr>\n<tr>\n<td>RB-06103A<\/td>\n<td>150<\/td>\n<td>&#8211;<\/td>\n<td>3<\/td>\n<td>10<\/td>\n<td>31.75<\/td>\n<td>1A1<\/td>\n<td>BC-150*<\/td>\n<\/tr>\n<tr>\n<td>RD-07063A<\/td>\n<td>175<\/td>\n<td>6<\/td>\n<td>3<\/td>\n<td>10<\/td>\n<td>31.75<\/td>\n<td>14A1<\/td>\n<td>SDC-150*<\/td>\n<\/tr>\n<tr>\n<td>RD-07103A<\/td>\n<td>175<\/td>\n<td>&#8211;<\/td>\n<td>3<\/td>\n<td>10<\/td>\n<td>31.75<\/td>\n<td>1A1<\/td>\n<td>SDC-150*<\/td>\n<\/tr>\n<tr>\n<td>RB-07103A<\/td>\n<td>175<\/td>\n<td>&#8211;<\/td>\n<td>3<\/td>\n<td>10<\/td>\n<td>31.75<\/td>\n<td>1A1<\/td>\n<td>BC-150*<\/td>\n<\/tr>\n<tr>\n<td>RB-07133A<\/td>\n<td>175<\/td>\n<td>&#8211;<\/td>\n<td>3<\/td>\n<td>13<\/td>\n<td>31.75<\/td>\n<td>1A1<\/td>\n<td>BC-150*<\/td>\n<\/tr>\n<\/tbody>\n<\/table>\n<table class=\"specTable2\" width=\"100%\">\n<tbody>\n<tr>\n<th>1A1R<\/th>\n<th colspan=\"6\">Adecuado para rectificadoras de superficies (orificio de \u00d831,75) o cortadoras de punzones (orificio de \u00d819,05) para cortar carburo de tungsteno, cer\u00e1mica (SDC) o acero endurecido (BC).<\/th>\n<\/tr>\n<tr>\n<th class=\"white\" rowspan=\"4\" width=\"36%\"><a href=\"https:\/\/honwaygroup.com\/wp-content\/uploads\/2021\/01\/%E6%A8%B9%E8%84%82%E6%B3%95%E9%91%BD%E7%9F%B3%E8%88%87%E6%B0%AE%E5%8C%96%E7%A1%BC%E7%A0%82%E8%BC%AA_%E5%B7%A5%E4%BD%9C%E5%8D%80%E5%9F%9F-1-%E8%A4%87%E6%9C%AC-21.webp\"><img loading=\"lazy\" decoding=\"async\" class=\"alignnone size-full wp-image-27568\" src=\"https:\/\/honwaygroup.com\/wp-content\/uploads\/2021\/01\/%E6%A8%B9%E8%84%82%E6%B3%95%E9%91%BD%E7%9F%B3%E8%88%87%E6%B0%AE%E5%8C%96%E7%A1%BC%E7%A0%82%E8%BC%AA_%E5%B7%A5%E4%BD%9C%E5%8D%80%E5%9F%9F-1-%E8%A4%87%E6%9C%AC-21.webp\" alt=\"\" width=\"417\" height=\"417\"><\/a><\/th>\n<th>n\u00famero de serie<\/th>\n<th>D<\/th>\n<th>T<\/th>\n<th>X<\/th>\n<th>H<\/th>\n<th>granularidad<\/th>\n<\/tr>\n<tr>\n<td>RD-06017A<\/td>\n<td>150<\/td>\n<td>1<\/td>\n<td>7<\/td>\n<td>31.75<\/td>\n<td>SDC-120*<\/td>\n<\/tr>\n<tr>\n<td>RB-06017A<\/td>\n<td>150<\/td>\n<td>1<\/td>\n<td>7<\/td>\n<td>31.75<\/td>\n<td>BC-120*<\/td>\n<\/tr>\n<tr>\n<td>RD-06017B<\/td>\n<td>150<\/td>\n<td>1<\/td>\n<td>7<\/td>\n<td>19.05<\/td>\n<td>SDC-120*<\/td>\n<\/tr>\n<\/tbody>\n<\/table>\n<p><strong>ilustrar:<\/strong><\/p>\n<ul class=\"main_ul\">\n<li><strong>\u00ab*\u00bb Tama\u00f1o de part\u00edcula est\u00e1ndar; por favor, especifique otros tama\u00f1os de part\u00edcula al realizar el pedido.<\/strong><\/li>\n<\/ul>\n<p>\u00bfTienes preguntas? <a href=\"https:\/\/honwaygroup.com\/es\/contactar-con-honway\/\">Contactar a Honway<\/a><\/p>\n","protected":false},"excerpt":{"rendered":"<div id=\"desWrap\">\n<ul>\n<li>El aglutinante de resina es suave y el\u00e1stico, lo que permite una superficie mecanizada m\u00e1s precisa durante el rectificado.<br \/>\nPosee un excelente rendimiento de rectificado, no quema las piezas, no da\u00f1a su superficie y tiene buenas propiedades de autoafilado. Durante el proceso de rectificado se generan continuamente nuevos filos de corte, logrando adem\u00e1s muy buenos resultados en procesos de corte.<br \/>\nNuestra dilatada experiencia nos permite crear las formulaciones m\u00e1s adecuadas para diferentes aplicaciones.<\/li>\n<li>Rectificado de superficies: Adecuado para el procesamiento de diversas chapas met\u00e1licas, incluyendo carburo de tungsteno, acero para moldes (SKD11, SKD61), acero r\u00e1pido (HSS), cer\u00e1mica de precisi\u00f3n (al\u00famina, carburo de silicio), cuarzo, etc.<\/li>\n<li>Rectificado de herramientas CNC: herramientas de acero de tungsteno o acero de alta velocidad, rectificado de diversas fresas de extremo (fresas de cuatro filos, fresas de dos filos, fresas de punta esf\u00e9rica, etc.), brocas, hojas de sierra, etc., proporcionando ranurado, pulido de bordes y muelas de rectificado diferencial necesarias para todo el proceso.<\/li>\n<li>Rectificado sin centros: Adecuado para barras como carburo de tungsteno, cer\u00e1mica de precisi\u00f3n (al\u00famina de alta pureza, carburo de silicio), cuarzo, acero r\u00e1pido, etc. El di\u00e1metro exterior m\u00e1ximo es de 610 mm. Se pueden combinar diferentes granulometr\u00edas en una misma muela para mejorar la eficiencia del rectificado.<\/li>\n<li>Proceso de corte: Se utiliza principalmente para cortar barras redondas de acero de tungsteno y acero r\u00e1pido, con un espesor m\u00ednimo de 0,6 mm. Tambi\u00e9n puede cortar materiales duros y quebradizos como cer\u00e1mica de precisi\u00f3n y cuarzo.<\/li>\n<\/ul>\n<\/div>\n<h3><strong>Estoy indeciso entre diamantes y CBN.<\/strong><\/h3>\n<ul>\n<li><a title=\"\u00bfC\u00f3mo elegir entre muelas de diamante y muelas de CBN?\" href=\"https:\/\/lihi.cc\/HvGRO\" target=\"_blank\" rel=\"noopener\" aria-label=\"\u7de8\u8f2f\u3008\u947d\u77f3\u7802\u8f2a\u8207CBN\u7802\u8f2a\u600e\u9ebc\u9078\u64c7\uff1f\u3009\">\u00bfC\u00f3mo elegir entre muelas de diamante y muelas de CBN?<\/a><\/li>\n<\/ul>\n<h5><strong><span style=\"color: #ff0000; font-size: 19.2px;\">\u25b2Bienvenido al servicio de atenci\u00f3n al cliente por mensaje privado para consultas.<\/span><\/strong><\/h5>\n<h5><strong><span style=\"color: #ff0000; font-size: 19.2px;\">\u25b2<\/span><\/strong><strong><span style=\"color: #ff0000; font-size: 19.2px;\">Si necesita un tama\u00f1o personalizado, comun\u00edquese con el servicio de atenci\u00f3n al cliente.<\/span><\/strong><\/h5>\n<h5><strong><span style=\"color: #ff0000; font-size: 19.2px;\">\u25b2 Los pedidos grandes pueden disfrutar de descuentos, comun\u00edquese con el servicio de atenci\u00f3n al cliente para realizar consultas.<br \/>\n<\/span><\/strong><\/h5>\n<h5><strong><span style=\"color: #ff0000;\">\u25b2Para consultar el plazo de entrega de pedidos, por favor contacte al servicio de atenci\u00f3n al cliente<\/span>:<a href=\"https:\/\/honwaygroup.com\/es\/contactar-con-honway\/\">Contactar a Honway<\/a><\/strong><\/h5>\n","protected":false},"featured_media":128579,"template":"","meta":{"site-sidebar-layout":"default","site-content-layout":"default","ast-site-content-layout":"default","site-content-style":"default","site-sidebar-style":"default","ast-global-header-display":"","ast-banner-title-visibility":"","ast-main-header-display":"","ast-hfb-above-header-display":"","ast-hfb-below-header-display":"","ast-hfb-mobile-header-display":"","site-post-title":"","ast-breadcrumbs-content":"","ast-featured-img":"","footer-sml-layout":"","ast-disable-related-posts":"","theme-transparent-header-meta":"default","adv-header-id-meta":"","stick-header-meta":"default","header-above-stick-meta":"","header-main-stick-meta":"","header-below-stick-meta":"","astra-migrate-meta-layouts":"default","ast-page-background-enabled":"default","ast-page-background-meta":{"desktop":{"background-color":"var(--ast-global-color-5)","background-image":"","background-repeat":"repeat","background-position":"center center","background-size":"auto","background-attachment":"scroll","background-type":"","background-media":"","overlay-type":"","overlay-color":"","overlay-opacity":"","overlay-gradient":""},"tablet":{"background-color":"","background-image":"","background-repeat":"repeat","background-position":"center center","background-size":"auto","background-attachment":"scroll","background-type":"","background-media":"","overlay-type":"","overlay-color":"","overlay-opacity":"","overlay-gradient":""},"mobile":{"background-color":"","background-image":"","background-repeat":"repeat","background-position":"center center","background-size":"auto","background-attachment":"scroll","background-type":"","background-media":"","overlay-type":"","overlay-color":"","overlay-opacity":"","overlay-gradient":""}},"ast-content-background-meta":{"desktop":{"background-color":"var(--ast-global-color-4)","background-image":"","background-repeat":"repeat","background-position":"center center","background-size":"auto","background-attachment":"scroll","background-type":"","background-media":"","overlay-type":"","overlay-color":"","overlay-opacity":"","overlay-gradient":""},"tablet":{"background-color":"var(--ast-global-color-4)","background-image":"","background-repeat":"repeat","background-position":"center center","background-size":"auto","background-attachment":"scroll","background-type":"","background-media":"","overlay-type":"","overlay-color":"","overlay-opacity":"","overlay-gradient":""},"mobile":{"background-color":"var(--ast-global-color-4)","background-image":"","background-repeat":"repeat","background-position":"center center","background-size":"auto","background-attachment":"scroll","background-type":"","background-media":"","overlay-type":"","overlay-color":"","overlay-opacity":"","overlay-gradient":""}}},"product_brand":[],"product_cat":[10504,10514],"product_tag":[10927],"class_list":{"0":"post-128578","1":"product","2":"type-product","3":"status-publish","4":"has-post-thumbnail","6":"product_cat-dianond-tools-es","7":"product_cat-muelas-abrasivas-de-diamante-y-nitruro-de-boro","8":"product_tag-muela-de-diamante-de-resina","9":"desktop-align-left","10":"tablet-align-left","11":"mobile-align-left","12":"ast-product-gallery-layout-horizontal-slider","13":"ast-product-gallery-with-no-image","14":"ast-product-tabs-layout-horizontal","16":"first","17":"instock","18":"taxable","19":"shipping-taxable","20":"product-type-simple"},"_links":{"self":[{"href":"https:\/\/honwaygroup.com\/es\/wp-json\/wp\/v2\/product\/128578","targetHints":{"allow":["GET"]}}],"collection":[{"href":"https:\/\/honwaygroup.com\/es\/wp-json\/wp\/v2\/product"}],"about":[{"href":"https:\/\/honwaygroup.com\/es\/wp-json\/wp\/v2\/types\/product"}],"version-history":[{"count":0,"href":"https:\/\/honwaygroup.com\/es\/wp-json\/wp\/v2\/product\/128578\/revisions"}],"wp:featuredmedia":[{"embeddable":true,"href":"https:\/\/honwaygroup.com\/es\/wp-json\/wp\/v2\/media\/128579"}],"wp:attachment":[{"href":"https:\/\/honwaygroup.com\/es\/wp-json\/wp\/v2\/media?parent=128578"}],"wp:term":[{"taxonomy":"product_brand","embeddable":true,"href":"https:\/\/honwaygroup.com\/es\/wp-json\/wp\/v2\/product_brand?post=128578"},{"taxonomy":"product_cat","embeddable":true,"href":"https:\/\/honwaygroup.com\/es\/wp-json\/wp\/v2\/product_cat?post=128578"},{"taxonomy":"product_tag","embeddable":true,"href":"https:\/\/honwaygroup.com\/es\/wp-json\/wp\/v2\/product_tag?post=128578"}],"curies":[{"name":"wp","href":"https:\/\/api.w.org\/{rel}","templated":true}]}}