{"id":128571,"date":"2021-01-17T15:48:31","date_gmt":"2021-01-17T07:48:31","guid":{"rendered":"https:\/\/honwaygroup.com\/product\/muela-abrasiva-de-diamante-ceramico-con-nitruro-de-boro\/"},"modified":"2021-01-17T15:48:31","modified_gmt":"2021-01-17T07:48:31","slug":"muela-abrasiva-de-diamante-ceramico-con-nitruro-de-boro","status":"publish","type":"product","link":"https:\/\/honwaygroup.com\/es\/producto\/muela-abrasiva-de-diamante-ceramico-con-nitruro-de-boro\/","title":{"rendered":"Muela abrasiva de diamante cer\u00e1mico con nitruro de boro"},"content":{"rendered":"<blockquote>\n<h4><strong>Hongwei Industrial puede proporcionar servicios personalizados. <\/strong><\/h4>\n<h4><strong>Podemos fabricarle las muelas abrasivas de diamante cer\u00e1mico y de CBN m\u00e1s adecuadas.<\/strong><\/h4>\n<\/blockquote>\n<h4><strong>Al solicitar muelas abrasivas, especifique lo siguiente:<\/strong><\/h4>\n<ul>\n<li>Forma y dimensiones de la muela abrasiva: por ejemplo, 1A1, 14A1<\/li>\n<li>Material abrasivo: Diamante o <a href=\"https:\/\/zh.wikipedia.org\/wiki\/%E6%B0%AE%E5%8C%96%E7%A1%BC\" rel=\"nofollow noopener\" target=\"_blank\">nitruro de boro<\/a><\/li>\n<li>Granularidad: Por ejemplo: #150<\/li>\n<li>Concentraci\u00f3n: Por ejemplo: C-75<\/li>\n<li>Aglutinantes: por ejemplo, aglutinantes de resina o aglutinantes met\u00e1licos<\/li>\n<li>M\u00e9todo de enfriamiento: Molienda en seco o molienda en h\u00famedo<\/li>\n<li>Cantidad y tiempo de entrega:<\/li>\n<li>Velocidad y condiciones de procesamiento:<\/li>\n<li>La mayor\u00eda de los fabricantes marcar\u00e1n la siguiente informaci\u00f3n en la muela abrasiva:<\/li>\n<\/ul>\n<table class=\"specTable\" width=\"100%\">\n<tbody>\n<tr>\n<th>Tipo abrasivo<\/th>\n<th>150<br \/>\ngranularidad<\/th>\n<th>N<br \/>\nGrado de encuadernaci\u00f3n<\/th>\n<th>75<br \/>\nConcentraci\u00f3n<\/th>\n<th>R<br \/>\naglutinante<\/th>\n<th>3.0<br \/>\nEspesor de la capa abrasiva<\/th>\n<\/tr>\n<tr>\n<td>D: Diamante natural<br \/>SD: Diamante sint\u00e9tico<br \/>SDC: Diamante met\u00e1lico sint\u00e9tico<br \/>B: Nitruro de boro<br \/>BC: Nitruro de boro met\u00e1lico<\/td>\n<td>#60<br \/>\n#80<br \/>\n#100<br \/>\n#150<br \/>\n#200<br \/>\n#270<br \/>\n#325<br \/>\n#400<br \/>\n#600<\/td>\n<td>J \/ suave<br \/>\nL<br \/>\nN<br \/>\nP<br \/>\nR \/ duro<\/td>\n<td>25<br \/>\n50<br \/>\n75<br \/>\n100<br \/>\n125<br \/>\n150<\/td>\n<td>R: Resina adherida<br \/>\nM: Metal adherido<br \/>\nP: Electroformado<br \/>\nV: Cer\u00e1mica adherida<\/td>\n<td>1.0mm<br \/>\n1.5mm<br \/>\n2.0mm<br \/>\n3.0mm<br \/>\n5.0mm<br \/>\n10.0mm<\/td>\n<\/tr>\n<\/tbody>\n<\/table>\n<p>\u00bfTienes preguntas? <a href=\"https:\/\/honwaygroup.com\/es\/contactar-con-honway\/\">Contactar a Honway<\/a><\/p>\n","protected":false},"excerpt":{"rendered":"<div id=\"desWrap\">\n<ul>\n<li>Los aglomerantes cer\u00e1micos poseen una estructura porosa que confiere a la muela abrasiva mayor nitidez y precisi\u00f3n de mecanizado. Su falta de elasticidad los hace id\u00f3neos para el rectificado de alta precisi\u00f3n.<br \/>\nSe utiliza com\u00fanmente en el procesamiento de materiales duros y quebradizos como cuerpos sinterizados de PCD y PCBN, cer\u00e1mica y zafiro, as\u00ed como en piezas de autom\u00f3viles y piezas de rodamientos.<\/li>\n<li>Se utiliza para el rectificado y procesamiento de diversos materiales duros y quebradizos (cer\u00e1mica, vidrio, cuarzo, piedra, zafiro, silicio, etc.) y otros aceros r\u00e1pidos o materiales tratados t\u00e9rmicamente. Tambi\u00e9n existen muelas especiales para el rectificado de precisi\u00f3n de agujeros internos.<\/li>\n<\/ul>\n<h5><strong><span style=\"color: #ff0000; font-size: 19.2px;\">\u25b2Bienvenido al servicio de atenci\u00f3n al cliente por mensaje privado para consultas.<\/span><\/strong><\/h5>\n<h5><strong><span style=\"color: #ff0000; font-size: 19.2px;\">\u25b2<\/span><\/strong><strong><span style=\"color: #ff0000; font-size: 19.2px;\">Si necesita un tama\u00f1o personalizado, comun\u00edquese con el servicio de atenci\u00f3n al cliente.<\/span><\/strong><\/h5>\n<h5><strong><span style=\"color: #ff0000; font-size: 19.2px;\">\u25b2 Los pedidos grandes pueden disfrutar de descuentos, comun\u00edquese con el servicio de atenci\u00f3n al cliente para realizar consultas.<br \/>\n<\/span><\/strong><\/h5>\n<h5><strong><span style=\"color: #ff0000;\">\u25b2Para consultar el plazo de entrega de pedidos, por favor contacte al servicio de atenci\u00f3n al cliente<\/span>:<a href=\"https:\/\/honwaygroup.com\/es\/contactar-con-honway\/\">Contactar a Honway<\/a><\/strong><\/h5>\n<\/div>\n","protected":false},"featured_media":128572,"template":"","meta":{"site-sidebar-layout":"default","site-content-layout":"default","ast-site-content-layout":"default","site-content-style":"default","site-sidebar-style":"default","ast-global-header-display":"","ast-banner-title-visibility":"","ast-main-header-display":"","ast-hfb-above-header-display":"","ast-hfb-below-header-display":"","ast-hfb-mobile-header-display":"","site-post-title":"","ast-breadcrumbs-content":"","ast-featured-img":"","footer-sml-layout":"","ast-disable-related-posts":"","theme-transparent-header-meta":"default","adv-header-id-meta":"","stick-header-meta":"default","header-above-stick-meta":"","header-main-stick-meta":"","header-below-stick-meta":"","astra-migrate-meta-layouts":"default","ast-page-background-enabled":"default","ast-page-background-meta":{"desktop":{"background-color":"var(--ast-global-color-5)","background-image":"","background-repeat":"repeat","background-position":"center center","background-size":"auto","background-attachment":"scroll","background-type":"","background-media":"","overlay-type":"","overlay-color":"","overlay-opacity":"","overlay-gradient":""},"tablet":{"background-color":"","background-image":"","background-repeat":"repeat","background-position":"center center","background-size":"auto","background-attachment":"scroll","background-type":"","background-media":"","overlay-type":"","overlay-color":"","overlay-opacity":"","overlay-gradient":""},"mobile":{"background-color":"","background-image":"","background-repeat":"repeat","background-position":"center center","background-size":"auto","background-attachment":"scroll","background-type":"","background-media":"","overlay-type":"","overlay-color":"","overlay-opacity":"","overlay-gradient":""}},"ast-content-background-meta":{"desktop":{"background-color":"var(--ast-global-color-4)","background-image":"","background-repeat":"repeat","background-position":"center center","background-size":"auto","background-attachment":"scroll","background-type":"","background-media":"","overlay-type":"","overlay-color":"","overlay-opacity":"","overlay-gradient":""},"tablet":{"background-color":"var(--ast-global-color-4)","background-image":"","background-repeat":"repeat","background-position":"center center","background-size":"auto","background-attachment":"scroll","background-type":"","background-media":"","overlay-type":"","overlay-color":"","overlay-opacity":"","overlay-gradient":""},"mobile":{"background-color":"var(--ast-global-color-4)","background-image":"","background-repeat":"repeat","background-position":"center center","background-size":"auto","background-attachment":"scroll","background-type":"","background-media":"","overlay-type":"","overlay-color":"","overlay-opacity":"","overlay-gradient":""}}},"product_brand":[],"product_cat":[10504,10514],"product_tag":[10923,10924],"class_list":{"0":"post-128571","1":"product","2":"type-product","3":"status-publish","4":"has-post-thumbnail","6":"product_cat-dianond-tools-es","7":"product_cat-muelas-abrasivas-de-diamante-y-nitruro-de-boro","8":"product_tag-muela-abrasiva-de-diamante","9":"product_tag-muela-abrasiva-de-diamante-ceramico","10":"desktop-align-left","11":"tablet-align-left","12":"mobile-align-left","13":"ast-product-gallery-layout-horizontal-slider","14":"ast-product-gallery-with-no-image","15":"ast-product-tabs-layout-horizontal","17":"first","18":"instock","19":"taxable","20":"shipping-taxable","21":"product-type-simple"},"_links":{"self":[{"href":"https:\/\/honwaygroup.com\/es\/wp-json\/wp\/v2\/product\/128571","targetHints":{"allow":["GET"]}}],"collection":[{"href":"https:\/\/honwaygroup.com\/es\/wp-json\/wp\/v2\/product"}],"about":[{"href":"https:\/\/honwaygroup.com\/es\/wp-json\/wp\/v2\/types\/product"}],"version-history":[{"count":0,"href":"https:\/\/honwaygroup.com\/es\/wp-json\/wp\/v2\/product\/128571\/revisions"}],"wp:featuredmedia":[{"embeddable":true,"href":"https:\/\/honwaygroup.com\/es\/wp-json\/wp\/v2\/media\/128572"}],"wp:attachment":[{"href":"https:\/\/honwaygroup.com\/es\/wp-json\/wp\/v2\/media?parent=128571"}],"wp:term":[{"taxonomy":"product_brand","embeddable":true,"href":"https:\/\/honwaygroup.com\/es\/wp-json\/wp\/v2\/product_brand?post=128571"},{"taxonomy":"product_cat","embeddable":true,"href":"https:\/\/honwaygroup.com\/es\/wp-json\/wp\/v2\/product_cat?post=128571"},{"taxonomy":"product_tag","embeddable":true,"href":"https:\/\/honwaygroup.com\/es\/wp-json\/wp\/v2\/product_tag?post=128571"}],"curies":[{"name":"wp","href":"https:\/\/api.w.org\/{rel}","templated":true}]}}