{"id":128457,"date":"2021-01-17T16:07:36","date_gmt":"2021-01-17T08:07:36","guid":{"rendered":"https:\/\/honwaygroup.com\/product\/fabricacion-de-cuchillos-monoliticos-naturales\/"},"modified":"2021-01-17T16:07:36","modified_gmt":"2021-01-17T08:07:36","slug":"fabricacion-de-cuchillos-monoliticos-naturales","status":"publish","type":"product","link":"https:\/\/honwaygroup.com\/es\/producto\/fabricacion-de-cuchillos-monoliticos-naturales\/","title":{"rendered":"Fabricaci\u00f3n de cuchillos monol\u00edticos naturales"},"content":{"rendered":"<div class=\"resCol12\">\n<div class=\"resMargin\">\n<h3><strong>Fabricaci\u00f3n de cuchillos monol\u00edticos naturales<\/strong><\/h3>\n<p>Las cuchillas de rectificado de una sola piedra se pueden utilizar para afilado general, rectificado, esmerilado plano\/cil\u00edndrico\/sin centros y otras operaciones de rectificado relacionadas.<\/p>\n<p>&nbsp;<\/p>\n<h3><a href=\"https:\/\/honwaygroup.com\/wp-content\/uploads\/2021\/01\/%E5%A4%A9%E7%84%B6%E5%96%AE%E7%9F%B3%E4%BF%AE%E5%88%80_%E5%B7%A5%E4%BD%9C%E5%8D%80%E5%9F%9F-1-%E8%A4%87%E6%9C%AC-29.webp\"><img fetchpriority=\"high\" decoding=\"async\" class=\"alignnone size-full wp-image-27311\" src=\"https:\/\/honwaygroup.com\/wp-content\/uploads\/2021\/01\/%E5%A4%A9%E7%84%B6%E5%96%AE%E7%9F%B3%E4%BF%AE%E5%88%80_%E5%B7%A5%E4%BD%9C%E5%8D%80%E5%9F%9F-1-%E8%A4%87%E6%9C%AC-29.webp\" alt=\"\" width=\"1253\" height=\"250\"><\/a><\/h3>\n<p>&nbsp;<\/p>\n<h4><strong>Instalaci\u00f3n y uso correctos<\/strong><\/h4>\n<p>&nbsp;<\/p>\n<h3><a href=\"https:\/\/honwaygroup.com\/wp-content\/uploads\/2021\/01\/%E5%A4%A9%E7%84%B6%E5%96%AE%E7%9F%B3%E4%BF%AE%E5%88%80_%E5%B7%A5%E4%BD%9C%E5%8D%80%E5%9F%9F-1-%E8%A4%87%E6%9C%AC-28-1.webp\"><img decoding=\"async\" class=\"alignnone size-full wp-image-27321\" src=\"https:\/\/honwaygroup.com\/wp-content\/uploads\/2021\/01\/%E5%A4%A9%E7%84%B6%E5%96%AE%E7%9F%B3%E4%BF%AE%E5%88%80_%E5%B7%A5%E4%BD%9C%E5%8D%80%E5%9F%9F-1-%E8%A4%87%E6%9C%AC-28-1.webp\" alt=\"\" width=\"1253\" height=\"250\"><\/a><\/h3>\n<p>&nbsp;<\/p>\n<table class=\"specTable\" width=\"100%\">\n<tbody>\n<tr>\n<th>N\u00famero de diamante<\/th>\n<th>Peso aproximado (quilates)<\/th>\n<th>C\u00f3digo<\/th>\n<th>Tama\u00f1o aproximado de la muela (mm)<\/th>\n<\/tr>\n<tr>\n<td>#5<br \/>\n#10<br \/>\n#15<\/td>\n<td>0.18<br \/>\n0.20<br \/>\n0.25<\/td>\n<td>DS005<br \/>\nDS010<br \/>\nDS015<\/td>\n<td>\u00d8150&#215;25 o muelas abrasivas m\u00e1s peque\u00f1as<\/td>\n<\/tr>\n<tr>\n<td>#20<br \/>\n#25<br \/>\n#33<\/td>\n<td>0.35<br \/>\n0.50<br \/>\n0.75<\/td>\n<td>DS020<br \/>\nDS025<br \/>\nDS033<\/td>\n<td>\u00d8150~\u00d8300&#215;25<\/td>\n<\/tr>\n<tr>\n<td>#50<\/td>\n<td>1.0<\/td>\n<td>DS050<\/td>\n<td>\u00d8300~\u00d8450&#215;25~40<\/td>\n<\/tr>\n<tr>\n<td>#75<\/td>\n<td>1.5<\/td>\n<td>DS075<\/td>\n<td>\u00d8450~\u00d8600&#215;50~100<\/td>\n<\/tr>\n<tr>\n<td>#100<\/td>\n<td>2.0<\/td>\n<td>DS100<\/td>\n<td>\u00d8600 O muelas abrasivas m\u00e1s grandes<\/td>\n<\/tr>\n<\/tbody>\n<\/table>\n<ul class=\"main_ul\">\n<li><strong>Al realizar el pedido, especifique el n\u00famero y el tama\u00f1o del mango de hierro o proporcione dibujos detallados.<\/strong><\/li>\n<\/ul>\n<p>\u00bfTienes preguntas? <a href=\"https:\/\/honwaygroup.com\/es\/contactar-con-honway\/\">Contactar a Honway<\/a><\/p>\n<\/div>\n<\/div>\n","protected":false},"excerpt":{"rendered":"<ul>\n<li>Los diamantes se dividen en dos tipos: naturales y sint\u00e9ticos.<\/li>\n<\/ul>\n<h5><strong><span style=\"color: #ff0000;font-size: 19.2px\">\u25b2<\/span><\/strong><strong><span style=\"color: #ff0000;font-size: 19.2px\">Si necesita un tama\u00f1o personalizado, comun\u00edquese con el servicio de atenci\u00f3n al cliente.<\/span><\/strong><\/h5>\n<h5><span style=\"color: #ff0000\"><b>\u25b2 Los pedidos grandes pueden disfrutar de descuentos, comun\u00edquese con el servicio de atenci\u00f3n al cliente para realizar consultas.<\/b><\/span><\/h5>\n<h5>\u25b2Para consultar el plazo de entrega de pedidos, por favor contacte al servicio de atenci\u00f3n al cliente:<b><a href=\"https:\/\/honwaygroup.com\/es\/contactar-con-honway\/\">Contactar a Honway<\/a><\/b><\/h5>\n","protected":false},"featured_media":128458,"template":"","meta":{"site-sidebar-layout":"default","site-content-layout":"default","ast-site-content-layout":"default","site-content-style":"default","site-sidebar-style":"default","ast-global-header-display":"","ast-banner-title-visibility":"","ast-main-header-display":"","ast-hfb-above-header-display":"","ast-hfb-below-header-display":"","ast-hfb-mobile-header-display":"","site-post-title":"","ast-breadcrumbs-content":"","ast-featured-img":"","footer-sml-layout":"","ast-disable-related-posts":"","theme-transparent-header-meta":"default","adv-header-id-meta":"","stick-header-meta":"default","header-above-stick-meta":"","header-main-stick-meta":"","header-below-stick-meta":"","astra-migrate-meta-layouts":"default","ast-page-background-enabled":"default","ast-page-background-meta":{"desktop":{"background-color":"var(--ast-global-color-5)","background-image":"","background-repeat":"repeat","background-position":"center center","background-size":"auto","background-attachment":"scroll","background-type":"","background-media":"","overlay-type":"","overlay-color":"","overlay-opacity":"","overlay-gradient":""},"tablet":{"background-color":"","background-image":"","background-repeat":"repeat","background-position":"center center","background-size":"auto","background-attachment":"scroll","background-type":"","background-media":"","overlay-type":"","overlay-color":"","overlay-opacity":"","overlay-gradient":""},"mobile":{"background-color":"","background-image":"","background-repeat":"repeat","background-position":"center center","background-size":"auto","background-attachment":"scroll","background-type":"","background-media":"","overlay-type":"","overlay-color":"","overlay-opacity":"","overlay-gradient":""}},"ast-content-background-meta":{"desktop":{"background-color":"var(--ast-global-color-4)","background-image":"","background-repeat":"repeat","background-position":"center center","background-size":"auto","background-attachment":"scroll","background-type":"","background-media":"","overlay-type":"","overlay-color":"","overlay-opacity":"","overlay-gradient":""},"tablet":{"background-color":"var(--ast-global-color-4)","background-image":"","background-repeat":"repeat","background-position":"center center","background-size":"auto","background-attachment":"scroll","background-type":"","background-media":"","overlay-type":"","overlay-color":"","overlay-opacity":"","overlay-gradient":""},"mobile":{"background-color":"var(--ast-global-color-4)","background-image":"","background-repeat":"repeat","background-position":"center center","background-size":"auto","background-attachment":"scroll","background-type":"","background-media":"","overlay-type":"","overlay-color":"","overlay-opacity":"","overlay-gradient":""}}},"product_brand":[],"product_cat":[10506,10504],"product_tag":[10911,10917,10912],"class_list":{"0":"post-128457","1":"product","2":"type-product","3":"status-publish","4":"has-post-thumbnail","6":"product_cat-herramientas-para-afilar-diamantes","7":"product_cat-dianond-tools-es","8":"product_tag-cuchillo-de-reparacion-de-diamantes","9":"product_tag-cuchillo-de-reparacion-de-una-sola-piedra","10":"product_tag-herramientas-de-recorte-de-diamantes","11":"desktop-align-left","12":"tablet-align-left","13":"mobile-align-left","14":"ast-product-gallery-layout-horizontal-slider","15":"ast-product-single-variable","16":"ast-product-tabs-layout-horizontal","18":"first","19":"instock","20":"taxable","21":"shipping-taxable","22":"purchasable","23":"product-type-variable"},"_links":{"self":[{"href":"https:\/\/honwaygroup.com\/es\/wp-json\/wp\/v2\/product\/128457","targetHints":{"allow":["GET"]}}],"collection":[{"href":"https:\/\/honwaygroup.com\/es\/wp-json\/wp\/v2\/product"}],"about":[{"href":"https:\/\/honwaygroup.com\/es\/wp-json\/wp\/v2\/types\/product"}],"version-history":[{"count":0,"href":"https:\/\/honwaygroup.com\/es\/wp-json\/wp\/v2\/product\/128457\/revisions"}],"wp:featuredmedia":[{"embeddable":true,"href":"https:\/\/honwaygroup.com\/es\/wp-json\/wp\/v2\/media\/128458"}],"wp:attachment":[{"href":"https:\/\/honwaygroup.com\/es\/wp-json\/wp\/v2\/media?parent=128457"}],"wp:term":[{"taxonomy":"product_brand","embeddable":true,"href":"https:\/\/honwaygroup.com\/es\/wp-json\/wp\/v2\/product_brand?post=128457"},{"taxonomy":"product_cat","embeddable":true,"href":"https:\/\/honwaygroup.com\/es\/wp-json\/wp\/v2\/product_cat?post=128457"},{"taxonomy":"product_tag","embeddable":true,"href":"https:\/\/honwaygroup.com\/es\/wp-json\/wp\/v2\/product_tag?post=128457"}],"curies":[{"name":"wp","href":"https:\/\/api.w.org\/{rel}","templated":true}]}}