{"id":128450,"date":"2021-01-17T16:10:48","date_gmt":"2021-01-17T08:10:48","guid":{"rendered":"https:\/\/honwaygroup.com\/product\/cuchillo-de-reparacion-multipiedra\/"},"modified":"2021-01-17T16:10:48","modified_gmt":"2021-01-17T08:10:48","slug":"cuchillo-de-reparacion-multipiedra","status":"publish","type":"product","link":"https:\/\/honwaygroup.com\/es\/producto\/cuchillo-de-reparacion-multipiedra\/","title":{"rendered":"Cuchillo de reparaci\u00f3n multipiedra"},"content":{"rendered":"<div class=\"resCol12\">\n<div class=\"resMargin\">\n<h3><strong>Cuchillo de reparaci\u00f3n multipiedra<\/strong><\/h3>\n<p>El afilamiento con m\u00faltiples piedras utiliza varios diamantes m\u00e1s peque\u00f1os para golpear la muela de amolar simult\u00e1neamente, lo que permite que el cuchillo de afilar con diamante complete las operaciones de afilado y afilar en diferentes superficies de amolar.<\/p>\n<p>&nbsp;<\/p>\n<p><a href=\"https:\/\/honwaygroup.com\/wp-content\/uploads\/2021\/01\/%E5%A4%9A%E7%9F%B3%E4%BF%AE%E5%88%80_%E5%B7%A5%E4%BD%9C%E5%8D%80%E5%9F%9F-1-%E8%A4%87%E6%9C%AC-28.webp\"><img fetchpriority=\"high\" decoding=\"async\" class=\"size-full wp-image-27301\" src=\"https:\/\/honwaygroup.com\/wp-content\/uploads\/2021\/01\/%E5%A4%9A%E7%9F%B3%E4%BF%AE%E5%88%80_%E5%B7%A5%E4%BD%9C%E5%8D%80%E5%9F%9F-1-%E8%A4%87%E6%9C%AC-28.webp\" alt=\"\" width=\"647\" height=\"250\"><\/a><\/p>\n<p>&nbsp;<\/p>\n<table class=\"specTable\" width=\"100%\">\n<tbody>\n<tr>\n<th>Peso total de los diamantes<\/th>\n<th>N\u00famero de diamantes<\/th>\n<th>N\u00famero de capas de diamantes<\/th>\n<th>N\u00famero<\/th>\n<\/tr>\n<tr>\n<td>1.0 quilate<\/td>\n<td>3<\/td>\n<td>1<\/td>\n<td>DM03201<\/td>\n<\/tr>\n<tr>\n<td>1.0 quilate<\/td>\n<td>5<\/td>\n<td>1<\/td>\n<td>DM05101<\/td>\n<\/tr>\n<tr>\n<td>1.0 quilate<\/td>\n<td>6<\/td>\n<td>1<\/td>\n<td>DM06101<\/td>\n<\/tr>\n<tr>\n<td>1.4 quilate<\/td>\n<td>7<\/td>\n<td>1<\/td>\n<td>DM07101<\/td>\n<\/tr>\n<tr>\n<td>0.6 quilate<\/td>\n<td>3<\/td>\n<td>1<\/td>\n<td>DM03101<\/td>\n<\/tr>\n<\/tbody>\n<\/table>\n<ul class=\"main_ul\">\n<li><strong>Al realizar el pedido, especifique el n\u00famero y el tama\u00f1o del mango de hierro o proporcione dibujos detallados.<\/strong><\/li>\n<\/ul>\n<p>\u00bfTienes preguntas? <a href=\"https:\/\/honwaygroup.com\/es\/contactar-con-honway\/\">Contactar a Honway<\/a><\/p>\n<\/div>\n<\/div>\n","protected":false},"excerpt":{"rendered":"<ul>\n<li>Los diamantes pueden ser naturales o artificiales.<\/li>\n<\/ul>\n<h5><strong><span style=\"color: #ff0000; font-size: 19.2px;\">\u25b2<\/span><\/strong><strong><span style=\"color: #ff0000; font-size: 19.2px;\">Si necesita un tama\u00f1o personalizado, comun\u00edquese con el servicio de atenci\u00f3n al cliente.<\/span><\/strong><\/h5>\n<h5><span style=\"color: #ff0000;\"><b>\u25b2 Los pedidos grandes pueden disfrutar de descuentos, comun\u00edquese con el servicio de atenci\u00f3n al cliente para realizar consultas.<\/b><\/span><\/h5>\n<h5>\u25b2Para consultar el plazo de entrega de pedidos, por favor contacte al servicio de atenci\u00f3n al cliente:<b><a href=\"https:\/\/honwaygroup.com\/es\/contactar-con-honway\/\">Contactar a Honway<\/a><\/b><\/h5>\n","protected":false},"featured_media":128451,"template":"","meta":{"site-sidebar-layout":"default","site-content-layout":"default","ast-site-content-layout":"default","site-content-style":"default","site-sidebar-style":"default","ast-global-header-display":"","ast-banner-title-visibility":"","ast-main-header-display":"","ast-hfb-above-header-display":"","ast-hfb-below-header-display":"","ast-hfb-mobile-header-display":"","site-post-title":"","ast-breadcrumbs-content":"","ast-featured-img":"","footer-sml-layout":"","ast-disable-related-posts":"","theme-transparent-header-meta":"default","adv-header-id-meta":"","stick-header-meta":"default","header-above-stick-meta":"","header-main-stick-meta":"","header-below-stick-meta":"","astra-migrate-meta-layouts":"default","ast-page-background-enabled":"default","ast-page-background-meta":{"desktop":{"background-color":"var(--ast-global-color-5)","background-image":"","background-repeat":"repeat","background-position":"center center","background-size":"auto","background-attachment":"scroll","background-type":"","background-media":"","overlay-type":"","overlay-color":"","overlay-opacity":"","overlay-gradient":""},"tablet":{"background-color":"","background-image":"","background-repeat":"repeat","background-position":"center center","background-size":"auto","background-attachment":"scroll","background-type":"","background-media":"","overlay-type":"","overlay-color":"","overlay-opacity":"","overlay-gradient":""},"mobile":{"background-color":"","background-image":"","background-repeat":"repeat","background-position":"center center","background-size":"auto","background-attachment":"scroll","background-type":"","background-media":"","overlay-type":"","overlay-color":"","overlay-opacity":"","overlay-gradient":""}},"ast-content-background-meta":{"desktop":{"background-color":"var(--ast-global-color-4)","background-image":"","background-repeat":"repeat","background-position":"center center","background-size":"auto","background-attachment":"scroll","background-type":"","background-media":"","overlay-type":"","overlay-color":"","overlay-opacity":"","overlay-gradient":""},"tablet":{"background-color":"var(--ast-global-color-4)","background-image":"","background-repeat":"repeat","background-position":"center center","background-size":"auto","background-attachment":"scroll","background-type":"","background-media":"","overlay-type":"","overlay-color":"","overlay-opacity":"","overlay-gradient":""},"mobile":{"background-color":"var(--ast-global-color-4)","background-image":"","background-repeat":"repeat","background-position":"center center","background-size":"auto","background-attachment":"scroll","background-type":"","background-media":"","overlay-type":"","overlay-color":"","overlay-opacity":"","overlay-gradient":""}}},"product_brand":[],"product_cat":[10504,10506],"product_tag":[10911,10916,10912],"class_list":{"0":"post-128450","1":"product","2":"type-product","3":"status-publish","4":"has-post-thumbnail","6":"product_cat-dianond-tools-es","7":"product_cat-herramientas-para-afilar-diamantes","8":"product_tag-cuchillo-de-reparacion-de-diamantes","9":"product_tag-cuchillo-de-reparacion-multipiedra","10":"product_tag-herramientas-de-recorte-de-diamantes","11":"desktop-align-left","12":"tablet-align-left","13":"mobile-align-left","14":"ast-product-gallery-layout-horizontal-slider","15":"ast-product-single-variable","16":"ast-product-tabs-layout-horizontal","18":"first","19":"instock","20":"taxable","21":"shipping-taxable","22":"purchasable","23":"product-type-variable"},"_links":{"self":[{"href":"https:\/\/honwaygroup.com\/es\/wp-json\/wp\/v2\/product\/128450","targetHints":{"allow":["GET"]}}],"collection":[{"href":"https:\/\/honwaygroup.com\/es\/wp-json\/wp\/v2\/product"}],"about":[{"href":"https:\/\/honwaygroup.com\/es\/wp-json\/wp\/v2\/types\/product"}],"version-history":[{"count":0,"href":"https:\/\/honwaygroup.com\/es\/wp-json\/wp\/v2\/product\/128450\/revisions"}],"wp:featuredmedia":[{"embeddable":true,"href":"https:\/\/honwaygroup.com\/es\/wp-json\/wp\/v2\/media\/128451"}],"wp:attachment":[{"href":"https:\/\/honwaygroup.com\/es\/wp-json\/wp\/v2\/media?parent=128450"}],"wp:term":[{"taxonomy":"product_brand","embeddable":true,"href":"https:\/\/honwaygroup.com\/es\/wp-json\/wp\/v2\/product_brand?post=128450"},{"taxonomy":"product_cat","embeddable":true,"href":"https:\/\/honwaygroup.com\/es\/wp-json\/wp\/v2\/product_cat?post=128450"},{"taxonomy":"product_tag","embeddable":true,"href":"https:\/\/honwaygroup.com\/es\/wp-json\/wp\/v2\/product_tag?post=128450"}],"curies":[{"name":"wp","href":"https:\/\/api.w.org\/{rel}","templated":true}]}}