{"id":128431,"date":"2021-01-17T16:30:02","date_gmt":"2021-01-17T08:30:02","guid":{"rendered":"https:\/\/honwaygroup.com\/product\/recortadora-de-conformacion-cvd\/"},"modified":"2021-01-17T16:30:02","modified_gmt":"2021-01-17T08:30:02","slug":"recortadora-de-conformacion-cvd","status":"publish","type":"product","link":"https:\/\/honwaygroup.com\/es\/producto\/recortadora-de-conformacion-cvd\/","title":{"rendered":"Recortadora de conformaci\u00f3n CVD"},"content":{"rendered":"<div class=\"resCol12\">\n<div class=\"resMargin\">\n<h3><strong>Recortadora de conformaci\u00f3n CVD<\/strong><\/h3>\n<p>&nbsp;<\/p>\n<p>Se puede utilizar en: la industria aeroespacial, componentes de m\u00e1quinas herramienta, piezas de automoci\u00f3n, etc. <a href=\"https:\/\/www.wikiwand.com\/zh-mo\/%E7%A3%A8%E5%BA%8A\" rel=\"nofollow noopener\" target=\"_blank\">Muelas abrasivas<\/a><\/p>\n<p>Al utilizar las puntas afiladas de tres diamantes para rectificar simult\u00e1neamente la muela, se mejora la eficiencia y la precisi\u00f3n del rectificado. Por ello, tambi\u00e9n se denomina rectificado de tres puntas. <\/p>\n<p>&nbsp;<\/p>\n<p><a href=\"https:\/\/honwaygroup.com\/wp-content\/uploads\/2021\/01\/CVD-%E6%88%90%E5%9E%8B%E4%BF%AE%E5%88%80_%E5%B7%A5%E4%BD%9C%E5%8D%80%E5%9F%9F-1-%E8%A4%87%E6%9C%AC-28.webp\"><img fetchpriority=\"high\" decoding=\"async\" class=\"alignnone size-full wp-image-27284\" src=\"https:\/\/honwaygroup.com\/wp-content\/uploads\/2021\/01\/CVD-%E6%88%90%E5%9E%8B%E4%BF%AE%E5%88%80_%E5%B7%A5%E4%BD%9C%E5%8D%80%E5%9F%9F-1-%E8%A4%87%E6%9C%AC-28.webp\" alt=\"\" width=\"1253\" height=\"250\"><\/a><\/p>\n<table class=\"specTable\" width=\"100%\">\n<tbody>\n<tr>\n<th>V\u00b0<\/th>\n<th>A\u00b0<\/th>\n<th>W<\/th>\n<th>R<\/th>\n<th>\u00f8D<\/th>\n<th>d<\/th>\n<th>L<\/th>\n<th>Stone nos.<\/th>\n<th>n\u00famero de serie<\/th>\n<\/tr>\n<tr>\n<td>40<\/td>\n<td>&#8211;<\/td>\n<td>8<\/td>\n<td>0.2<\/td>\n<td>8<\/td>\n<td>&#8211;<\/td>\n<td>25<\/td>\n<td>3<\/td>\n<td>CVD -F0240 -1<\/td>\n<\/tr>\n<tr>\n<td>55<\/td>\n<td>&#8211;<\/td>\n<td>10<\/td>\n<td>0.2<\/td>\n<td>12<\/td>\n<td>11<\/td>\n<td>40<\/td>\n<td>3<\/td>\n<td>CVD -F0255 -1<\/td>\n<\/tr>\n<tr>\n<td>55<\/td>\n<td>15<\/td>\n<td>10<\/td>\n<td>0.2<\/td>\n<td>12<\/td>\n<td>10<\/td>\n<td>50<\/td>\n<td>3<\/td>\n<td>CVD -F02550 -T1<\/td>\n<\/tr>\n<tr>\n<td>55<\/td>\n<td>6<\/td>\n<td>10<\/td>\n<td>0.2<\/td>\n<td>12<\/td>\n<td>11.5<\/td>\n<td>50<\/td>\n<td>3<\/td>\n<td>CVD -F02550 -T2<\/td>\n<\/tr>\n<\/tbody>\n<\/table>\n<ul class=\"main_ul\">\n<li><strong>Para otras especificaciones, por favor proporcione planos detallados para realizar el pedido.<\/strong><\/li>\n<\/ul>\n<p>\u00bfTienes preguntas? <a href=\"https:\/\/honwaygroup.com\/es\/contactar-con-honway\/\">Contactar a Honway<\/a><\/p>\n<\/div>\n<\/div>\n","protected":false},"excerpt":{"rendered":"<ul>\n<li>La cuchilla de perfilado se utiliza para dar forma y recortar muelas abrasivas, o para dar forma y recortar arcos interiores y exteriores.<\/li>\n<\/ul>\n<h5><strong><span style=\"color: #ff0000; font-size: 19.2px;\">\u25b2<\/span><\/strong><strong><span style=\"color: #ff0000; font-size: 19.2px;\">Si necesita un tama\u00f1o personalizado, comun\u00edquese con el servicio de atenci\u00f3n al cliente.<\/span><\/strong><\/h5>\n<h5><span style=\"color: #ff0000;\"><b>\u25b2 Los pedidos grandes pueden disfrutar de descuentos, comun\u00edquese con el servicio de atenci\u00f3n al cliente para realizar consultas.<\/b><\/span><\/h5>\n<h5>\u25b2Para consultar el plazo de entrega de pedidos, por favor contacte al servicio de atenci\u00f3n al cliente:<b><a href=\"https:\/\/honwaygroup.com\/es\/contactar-con-honway\/\">Contactar a Honway<\/a><\/b><\/h5>\n","protected":false},"featured_media":128432,"template":"","meta":{"site-sidebar-layout":"default","site-content-layout":"default","ast-site-content-layout":"default","site-content-style":"default","site-sidebar-style":"default","ast-global-header-display":"","ast-banner-title-visibility":"","ast-main-header-display":"","ast-hfb-above-header-display":"","ast-hfb-below-header-display":"","ast-hfb-mobile-header-display":"","site-post-title":"","ast-breadcrumbs-content":"","ast-featured-img":"","footer-sml-layout":"","ast-disable-related-posts":"","theme-transparent-header-meta":"default","adv-header-id-meta":"","stick-header-meta":"default","header-above-stick-meta":"","header-main-stick-meta":"","header-below-stick-meta":"","astra-migrate-meta-layouts":"default","ast-page-background-enabled":"default","ast-page-background-meta":{"desktop":{"background-color":"var(--ast-global-color-5)","background-image":"","background-repeat":"repeat","background-position":"center center","background-size":"auto","background-attachment":"scroll","background-type":"","background-media":"","overlay-type":"","overlay-color":"","overlay-opacity":"","overlay-gradient":""},"tablet":{"background-color":"","background-image":"","background-repeat":"repeat","background-position":"center center","background-size":"auto","background-attachment":"scroll","background-type":"","background-media":"","overlay-type":"","overlay-color":"","overlay-opacity":"","overlay-gradient":""},"mobile":{"background-color":"","background-image":"","background-repeat":"repeat","background-position":"center center","background-size":"auto","background-attachment":"scroll","background-type":"","background-media":"","overlay-type":"","overlay-color":"","overlay-opacity":"","overlay-gradient":""}},"ast-content-background-meta":{"desktop":{"background-color":"var(--ast-global-color-4)","background-image":"","background-repeat":"repeat","background-position":"center center","background-size":"auto","background-attachment":"scroll","background-type":"","background-media":"","overlay-type":"","overlay-color":"","overlay-opacity":"","overlay-gradient":""},"tablet":{"background-color":"var(--ast-global-color-4)","background-image":"","background-repeat":"repeat","background-position":"center center","background-size":"auto","background-attachment":"scroll","background-type":"","background-media":"","overlay-type":"","overlay-color":"","overlay-opacity":"","overlay-gradient":""},"mobile":{"background-color":"var(--ast-global-color-4)","background-image":"","background-repeat":"repeat","background-position":"center center","background-size":"auto","background-attachment":"scroll","background-type":"","background-media":"","overlay-type":"","overlay-color":"","overlay-opacity":"","overlay-gradient":""}}},"product_brand":[],"product_cat":[10504,10506],"product_tag":[10911,10912,10913],"class_list":{"0":"post-128431","1":"product","2":"type-product","3":"status-publish","4":"has-post-thumbnail","6":"product_cat-dianond-tools-es","7":"product_cat-herramientas-para-afilar-diamantes","8":"product_tag-cuchillo-de-reparacion-de-diamantes","9":"product_tag-herramientas-de-recorte-de-diamantes","10":"product_tag-recortadora-de-conformacion-cvd","11":"desktop-align-left","12":"tablet-align-left","13":"mobile-align-left","14":"ast-product-gallery-layout-horizontal-slider","15":"ast-product-single-variable","16":"ast-product-tabs-layout-horizontal","18":"first","19":"instock","20":"taxable","21":"shipping-taxable","22":"purchasable","23":"product-type-variable"},"_links":{"self":[{"href":"https:\/\/honwaygroup.com\/es\/wp-json\/wp\/v2\/product\/128431","targetHints":{"allow":["GET"]}}],"collection":[{"href":"https:\/\/honwaygroup.com\/es\/wp-json\/wp\/v2\/product"}],"about":[{"href":"https:\/\/honwaygroup.com\/es\/wp-json\/wp\/v2\/types\/product"}],"version-history":[{"count":0,"href":"https:\/\/honwaygroup.com\/es\/wp-json\/wp\/v2\/product\/128431\/revisions"}],"wp:featuredmedia":[{"embeddable":true,"href":"https:\/\/honwaygroup.com\/es\/wp-json\/wp\/v2\/media\/128432"}],"wp:attachment":[{"href":"https:\/\/honwaygroup.com\/es\/wp-json\/wp\/v2\/media?parent=128431"}],"wp:term":[{"taxonomy":"product_brand","embeddable":true,"href":"https:\/\/honwaygroup.com\/es\/wp-json\/wp\/v2\/product_brand?post=128431"},{"taxonomy":"product_cat","embeddable":true,"href":"https:\/\/honwaygroup.com\/es\/wp-json\/wp\/v2\/product_cat?post=128431"},{"taxonomy":"product_tag","embeddable":true,"href":"https:\/\/honwaygroup.com\/es\/wp-json\/wp\/v2\/product_tag?post=128431"}],"curies":[{"name":"wp","href":"https:\/\/api.w.org\/{rel}","templated":true}]}}