{"id":128388,"date":"2021-01-17T16:44:05","date_gmt":"2021-01-17T08:44:05","guid":{"rendered":"https:\/\/honwaygroup.com\/product\/lima-plana-y-biselada-ultrafina-pf-70\/"},"modified":"2021-01-17T16:44:05","modified_gmt":"2021-01-17T08:44:05","slug":"lima-plana-y-biselada-ultrafina-pf-70","status":"publish","type":"product","link":"https:\/\/honwaygroup.com\/es\/producto\/lima-plana-y-biselada-ultrafina-pf-70\/","title":{"rendered":"Lima plana y biselada ultrafina PF-70"},"content":{"rendered":"<h3><strong>Lima plana y biselada ultrafina PF-70<\/strong><\/h3>\n<p>&nbsp;<\/p>\n<table class=\"specTable2\" width=\"100%\">\n<tbody>\n<tr>\n<th colspan=\"2\" rowspan=\"2\">Forma y dimensiones (mm)<\/th>\n<th colspan=\"3\">N.\u00ba<\/th>\n<\/tr>\n<tr>\n<th>#150<\/th>\n<th>#200<\/th>\n<th>#400<\/th>\n<\/tr>\n<tr>\n<td><span style=\"font-size: 16px; font-style: normal; font-weight: 400;\"><a href=\"https:\/\/honwaygroup.com\/wp-content\/uploads\/2021\/01\/PF-70-%E8%B6%85%E8%96%84%E5%9E%8B%E5%B9%B3%E6%96%9C%E9%8A%BC%E5%88%80_%E5%B7%A5%E4%BD%9C%E5%8D%80%E5%9F%9F-1-%E8%A4%87%E6%9C%AC-5.jpg\"><img decoding=\"async\" class=\"alignnone wp-image-26162\" src=\"https:\/\/honwaygroup.com\/wp-content\/uploads\/2021\/01\/PF-70-%E8%B6%85%E8%96%84%E5%9E%8B%E5%B9%B3%E6%96%9C%E9%8A%BC%E5%88%80_%E5%B7%A5%E4%BD%9C%E5%8D%80%E5%9F%9F-1-%E8%A4%87%E6%9C%AC-5.jpg\" alt=\"\" width=\"90\" height=\"77\"><\/a>5.5 X 0.5<\/span><\/td>\n<td><a href=\"https:\/\/honwaygroup.com\/wp-content\/uploads\/2021\/01\/PF-70-%E8%B6%85%E8%96%84%E5%9E%8B%E5%B9%B3%E6%96%9C%E9%8A%BC%E5%88%80_%E5%B7%A5%E4%BD%9C%E5%8D%80%E5%9F%9F-1-%E8%A4%87%E6%9C%AC-11.jpg\"><img decoding=\"async\" class=\"alignnone size-medium wp-image-26174\" src=\"https:\/\/honwaygroup.com\/wp-content\/uploads\/2021\/01\/PF-70-%E8%B6%85%E8%96%84%E5%9E%8B%E5%B9%B3%E6%96%9C%E9%8A%BC%E5%88%80_%E5%B7%A5%E4%BD%9C%E5%8D%80%E5%9F%9F-1-%E8%A4%87%E6%9C%AC-11-300x60.jpg\" alt=\"\" width=\"300\" height=\"60\"><\/a><\/td>\n<td>PF-705<\/td>\n<td>PF-705F<\/td>\n<td>PF-705V<\/td>\n<\/tr>\n<tr>\n<td><span style=\"font-size: 16px; font-style: normal; font-weight: 400;\"><a href=\"https:\/\/honwaygroup.com\/wp-content\/uploads\/2021\/01\/PF-70-%E8%B6%85%E8%96%84%E5%9E%8B%E5%B9%B3%E6%96%9C%E9%8A%BC%E5%88%80_%E5%B7%A5%E4%BD%9C%E5%8D%80%E5%9F%9F-1-%E8%A4%87%E6%9C%AC-6.webp\"><img decoding=\"async\" class=\"alignnone wp-image-26166\" src=\"https:\/\/honwaygroup.com\/wp-content\/uploads\/2021\/01\/PF-70-%E8%B6%85%E8%96%84%E5%9E%8B%E5%B9%B3%E6%96%9C%E9%8A%BC%E5%88%80_%E5%B7%A5%E4%BD%9C%E5%8D%80%E5%9F%9F-1-%E8%A4%87%E6%9C%AC-6.webp\" alt=\"\" width=\"90\" height=\"77\"><\/a>5.5 X 0.8<\/span><\/td>\n<td><a href=\"https:\/\/honwaygroup.com\/wp-content\/uploads\/2021\/01\/PF-70-%E8%B6%85%E8%96%84%E5%9E%8B%E5%B9%B3%E6%96%9C%E9%8A%BC%E5%88%80_%E5%B7%A5%E4%BD%9C%E5%8D%80%E5%9F%9F-1-%E8%A4%87%E6%9C%AC-12.jpg\"><img loading=\"lazy\" decoding=\"async\" class=\"alignnone size-medium wp-image-26178\" src=\"https:\/\/honwaygroup.com\/wp-content\/uploads\/2021\/01\/PF-70-%E8%B6%85%E8%96%84%E5%9E%8B%E5%B9%B3%E6%96%9C%E9%8A%BC%E5%88%80_%E5%B7%A5%E4%BD%9C%E5%8D%80%E5%9F%9F-1-%E8%A4%87%E6%9C%AC-12-300x60.jpg\" alt=\"\" width=\"300\" height=\"60\"><\/a><\/td>\n<td>PF-708<\/td>\n<td>PF-708F<\/td>\n<td>PF-708V<\/td>\n<\/tr>\n<tr>\n<td><span style=\"font-size: 16px; font-style: normal; font-weight: 400;\"><a href=\"https:\/\/honwaygroup.com\/wp-content\/uploads\/2021\/01\/PF-70-%E8%B6%85%E8%96%84%E5%9E%8B%E5%B9%B3%E6%96%9C%E9%8A%BC%E5%88%80_%E5%B7%A5%E4%BD%9C%E5%8D%80%E5%9F%9F-1-%E8%A4%87%E6%9C%AC-8.jpg\"><img loading=\"lazy\" decoding=\"async\" class=\"alignnone wp-image-26170\" src=\"https:\/\/honwaygroup.com\/wp-content\/uploads\/2021\/01\/PF-70-%E8%B6%85%E8%96%84%E5%9E%8B%E5%B9%B3%E6%96%9C%E9%8A%BC%E5%88%80_%E5%B7%A5%E4%BD%9C%E5%8D%80%E5%9F%9F-1-%E8%A4%87%E6%9C%AC-8.jpg\" alt=\"\" width=\"90\" height=\"77\"><\/a>5.5 X1.0<\/span><\/td>\n<td><a href=\"https:\/\/honwaygroup.com\/wp-content\/uploads\/2021\/01\/PF-70-%E8%B6%85%E8%96%84%E5%9E%8B%E5%B9%B3%E6%96%9C%E9%8A%BC%E5%88%80_%E5%B7%A5%E4%BD%9C%E5%8D%80%E5%9F%9F-1-%E8%A4%87%E6%9C%AC-13.jpg\"><img loading=\"lazy\" decoding=\"async\" class=\"alignnone size-medium wp-image-26182\" src=\"https:\/\/honwaygroup.com\/wp-content\/uploads\/2021\/01\/PF-70-%E8%B6%85%E8%96%84%E5%9E%8B%E5%B9%B3%E6%96%9C%E9%8A%BC%E5%88%80_%E5%B7%A5%E4%BD%9C%E5%8D%80%E5%9F%9F-1-%E8%A4%87%E6%9C%AC-13-300x60.jpg\" alt=\"\" width=\"300\" height=\"60\"><\/a><\/td>\n<td>PF-710<\/td>\n<td>PF-710F<\/td>\n<td>PF-710V<\/td>\n<\/tr>\n<\/tbody>\n<\/table>\n<p>\u00bfTienes preguntas? <a href=\"https:\/\/honwaygroup.com\/es\/contactar-con-honway\/\">Contactar a Honway<\/a><\/p>\n","protected":false},"excerpt":{"rendered":"<div id=\"desWrap\">\n<p>Esta serie de limas delgadas es adecuada para el procesamiento de espacios estrechos.<\/p>\n<ul>\n<li>Longitud total: 140 mm, di\u00e1metro del mango: \u00d83,0 mm<\/li>\n<li>Longitud del diamante: 40 ~ 50 mm<\/li>\n<\/ul>\n<h5><strong><span style=\"color: #ff0000; font-size: 19.2px;\">\u25b2<\/span><\/strong><strong><span style=\"color: #ff0000; font-size: 19.2px;\">Si necesita tama\u00f1os personalizados, p\u00f3ngase en contacto con el servicio de atenci\u00f3n al cliente. La fecha de entrega se basa en la hora que nos indique el servicio de atenci\u00f3n al cliente.<\/span><\/strong><\/h5>\n<h5><strong><span style=\"color: #ff0000; font-size: 19.2px;\">\u25b2<\/span><\/strong> <strong><span style=\"color: #ff0000; font-size: 19.2px;\">Los pedidos grandes pueden disfrutar de descuentos, comun\u00edquese con el servicio de atenci\u00f3n al cliente para realizar consultas.<\/span><\/strong><\/h5>\n<h5><strong><span style=\"color: #ff0000; font-size: 19.2px;\">\u25b2<\/span><span style=\"color: #ff0000; font-size: 19.2px;\">El tiempo de<\/span><span style=\"color: #ff0000;\"> entrega para pedidos de<\/span><span style=\"color: #ff0000; font-size: 19.2px;\"> Taiw\u00e1n es de aproximadamente 7 a 14 d\u00edas h\u00e1biles.<\/span><\/strong><\/h5>\n<h5><strong><span style=\"color: #ff0000; font-size: 19.2px;\">\u25b2<\/span><span style=\"color: #ff0000;\">Los pedidos internacionales tardan aproximadamente de 7 a 14 d\u00edas en enviarse. El tiempo de entrega real depende del estado de entrega de la empresa de mensajer\u00eda.<\/span><\/strong><\/h5>\n<\/div>\n","protected":false},"featured_media":128389,"template":"","meta":{"site-sidebar-layout":"default","site-content-layout":"default","ast-site-content-layout":"default","site-content-style":"default","site-sidebar-style":"default","ast-global-header-display":"","ast-banner-title-visibility":"","ast-main-header-display":"","ast-hfb-above-header-display":"","ast-hfb-below-header-display":"","ast-hfb-mobile-header-display":"","site-post-title":"","ast-breadcrumbs-content":"","ast-featured-img":"","footer-sml-layout":"","ast-disable-related-posts":"","theme-transparent-header-meta":"default","adv-header-id-meta":"","stick-header-meta":"default","header-above-stick-meta":"","header-main-stick-meta":"","header-below-stick-meta":"","astra-migrate-meta-layouts":"default","ast-page-background-enabled":"default","ast-page-background-meta":{"desktop":{"background-color":"var(--ast-global-color-5)","background-image":"","background-repeat":"repeat","background-position":"center center","background-size":"auto","background-attachment":"scroll","background-type":"","background-media":"","overlay-type":"","overlay-color":"","overlay-opacity":"","overlay-gradient":""},"tablet":{"background-color":"","background-image":"","background-repeat":"repeat","background-position":"center center","background-size":"auto","background-attachment":"scroll","background-type":"","background-media":"","overlay-type":"","overlay-color":"","overlay-opacity":"","overlay-gradient":""},"mobile":{"background-color":"","background-image":"","background-repeat":"repeat","background-position":"center center","background-size":"auto","background-attachment":"scroll","background-type":"","background-media":"","overlay-type":"","overlay-color":"","overlay-opacity":"","overlay-gradient":""}},"ast-content-background-meta":{"desktop":{"background-color":"var(--ast-global-color-4)","background-image":"","background-repeat":"repeat","background-position":"center center","background-size":"auto","background-attachment":"scroll","background-type":"","background-media":"","overlay-type":"","overlay-color":"","overlay-opacity":"","overlay-gradient":""},"tablet":{"background-color":"var(--ast-global-color-4)","background-image":"","background-repeat":"repeat","background-position":"center center","background-size":"auto","background-attachment":"scroll","background-type":"","background-media":"","overlay-type":"","overlay-color":"","overlay-opacity":"","overlay-gradient":""},"mobile":{"background-color":"var(--ast-global-color-4)","background-image":"","background-repeat":"repeat","background-position":"center center","background-size":"auto","background-attachment":"scroll","background-type":"","background-media":"","overlay-type":"","overlay-color":"","overlay-opacity":"","overlay-gradient":""}}},"product_brand":[],"product_cat":[10504,10507],"product_tag":[10837],"class_list":{"0":"post-128388","1":"product","2":"type-product","3":"status-publish","4":"has-post-thumbnail","6":"product_cat-dianond-tools-es","7":"product_cat-diamond-files-es","8":"product_tag-limas-de-diamante-es","9":"desktop-align-left","10":"tablet-align-left","11":"mobile-align-left","12":"ast-product-gallery-layout-horizontal-slider","13":"ast-product-gallery-with-no-image","14":"ast-product-single-variable","15":"ast-product-tabs-layout-horizontal","17":"first","18":"instock","19":"taxable","20":"shipping-taxable","21":"purchasable","22":"product-type-variable"},"_links":{"self":[{"href":"https:\/\/honwaygroup.com\/es\/wp-json\/wp\/v2\/product\/128388","targetHints":{"allow":["GET"]}}],"collection":[{"href":"https:\/\/honwaygroup.com\/es\/wp-json\/wp\/v2\/product"}],"about":[{"href":"https:\/\/honwaygroup.com\/es\/wp-json\/wp\/v2\/types\/product"}],"version-history":[{"count":0,"href":"https:\/\/honwaygroup.com\/es\/wp-json\/wp\/v2\/product\/128388\/revisions"}],"wp:featuredmedia":[{"embeddable":true,"href":"https:\/\/honwaygroup.com\/es\/wp-json\/wp\/v2\/media\/128389"}],"wp:attachment":[{"href":"https:\/\/honwaygroup.com\/es\/wp-json\/wp\/v2\/media?parent=128388"}],"wp:term":[{"taxonomy":"product_brand","embeddable":true,"href":"https:\/\/honwaygroup.com\/es\/wp-json\/wp\/v2\/product_brand?post=128388"},{"taxonomy":"product_cat","embeddable":true,"href":"https:\/\/honwaygroup.com\/es\/wp-json\/wp\/v2\/product_cat?post=128388"},{"taxonomy":"product_tag","embeddable":true,"href":"https:\/\/honwaygroup.com\/es\/wp-json\/wp\/v2\/product_tag?post=128388"}],"curies":[{"name":"wp","href":"https:\/\/api.w.org\/{rel}","templated":true}]}}