{"id":128315,"date":"2021-01-17T16:54:01","date_gmt":"2021-01-17T08:54:01","guid":{"rendered":"https:\/\/honwaygroup.com\/product\/lima-de-mano-de-bisel-plano-de-diamante-ptf-100\/"},"modified":"2021-01-17T16:54:01","modified_gmt":"2021-01-17T08:54:01","slug":"lima-de-mano-de-bisel-plano-de-diamante-ptf-100","status":"publish","type":"product","link":"https:\/\/honwaygroup.com\/es\/producto\/lima-de-mano-de-bisel-plano-de-diamante-ptf-100\/","title":{"rendered":"Lima de mano de bisel plano de diamante PTF-100"},"content":{"rendered":"<h3><strong>Lima de mano de bisel plano de diamante PTF-100<\/strong><\/h3>\n<p>unidad : mm<\/p>\n<table class=\"specTable\" width=\"100%\">\n<tbody>\n<tr>\n<th>Forma<\/th>\n<th>N\u00famero<\/th>\n<th>Grano<\/th>\n<th>Longitud del diamante<\/th>\n<th>Longitud total<\/th>\n<th width=\"35%\"><\/th>\n<\/tr>\n<tr>\n<td width=\"14%\"><a href=\"https:\/\/honwaygroup.com\/wp-content\/uploads\/2021\/01\/PTF-100-%E9%91%BD%E7%9F%B3%E5%B9%B3%E6%96%9C%E6%89%8B%E5%B7%A5%E9%8A%BC%E5%88%80_%E5%B7%A5%E4%BD%9C%E5%8D%80%E5%9F%9F-1-%E8%A4%87%E6%9C%AC-5.jpg\"><img fetchpriority=\"high\" decoding=\"async\" class=\"alignnone size-full wp-image-26322\" src=\"https:\/\/honwaygroup.com\/wp-content\/uploads\/2021\/01\/PTF-100-%E9%91%BD%E7%9F%B3%E5%B9%B3%E6%96%9C%E6%89%8B%E5%B7%A5%E9%8A%BC%E5%88%80_%E5%B7%A5%E4%BD%9C%E5%8D%80%E5%9F%9F-1-%E8%A4%87%E6%9C%AC-5.jpg\" alt=\"\" width=\"292\" height=\"250\"><\/a><\/td>\n<td>PTF-12F<br \/>\nPTF-12V<br \/>\nPTF-12X<\/td>\n<td>#200<br \/>\n#400<br \/>\n#600<\/td>\n<td>30<\/td>\n<td>130<\/td>\n<td width=\"15%\"><a href=\"https:\/\/honwaygroup.com\/wp-content\/uploads\/2021\/01\/PTF-100-%E9%91%BD%E7%9F%B3%E5%B9%B3%E6%96%9C%E6%89%8B%E5%B7%A5%E9%8A%BC%E5%88%80_%E5%B7%A5%E4%BD%9C%E5%8D%80%E5%9F%9F-1-%E8%A4%87%E6%9C%AC-11.webp\"><img decoding=\"async\" class=\"alignnone size-medium wp-image-26338\" src=\"https:\/\/honwaygroup.com\/wp-content\/uploads\/2021\/01\/PTF-100-%E9%91%BD%E7%9F%B3%E5%B9%B3%E6%96%9C%E6%89%8B%E5%B7%A5%E9%8A%BC%E5%88%80_%E5%B7%A5%E4%BD%9C%E5%8D%80%E5%9F%9F-1-%E8%A4%87%E6%9C%AC-11-300x60.webp\" alt=\"\" width=\"300\" height=\"60\"><\/a><\/td>\n<\/tr>\n<tr>\n<td><a href=\"https:\/\/honwaygroup.com\/wp-content\/uploads\/2021\/01\/PTF-100-%E9%91%BD%E7%9F%B3%E5%B9%B3%E6%96%9C%E6%89%8B%E5%B7%A5%E9%8A%BC%E5%88%80_%E5%B7%A5%E4%BD%9C%E5%8D%80%E5%9F%9F-1-%E8%A4%87%E6%9C%AC-6.webp\"><img decoding=\"async\" class=\"alignnone size-full wp-image-26326\" src=\"https:\/\/honwaygroup.com\/wp-content\/uploads\/2021\/01\/PTF-100-%E9%91%BD%E7%9F%B3%E5%B9%B3%E6%96%9C%E6%89%8B%E5%B7%A5%E9%8A%BC%E5%88%80_%E5%B7%A5%E4%BD%9C%E5%8D%80%E5%9F%9F-1-%E8%A4%87%E6%9C%AC-6.webp\" alt=\"\" width=\"292\" height=\"250\"><\/a><\/td>\n<td>PTF-14F<br \/>\nPTF-14V<br \/>\nPTF-14X<\/td>\n<td>#200<br \/>\n#400<br \/>\n#600<\/td>\n<td>30<\/td>\n<td>130<\/td>\n<td><a href=\"https:\/\/honwaygroup.com\/wp-content\/uploads\/2021\/01\/PTF-100-%E9%91%BD%E7%9F%B3%E5%B9%B3%E6%96%9C%E6%89%8B%E5%B7%A5%E9%8A%BC%E5%88%80_%E5%B7%A5%E4%BD%9C%E5%8D%80%E5%9F%9F-1-%E8%A4%87%E6%9C%AC-12.webp\"><img loading=\"lazy\" decoding=\"async\" class=\"alignnone size-medium wp-image-26342\" src=\"https:\/\/honwaygroup.com\/wp-content\/uploads\/2021\/01\/PTF-100-%E9%91%BD%E7%9F%B3%E5%B9%B3%E6%96%9C%E6%89%8B%E5%B7%A5%E9%8A%BC%E5%88%80_%E5%B7%A5%E4%BD%9C%E5%8D%80%E5%9F%9F-1-%E8%A4%87%E6%9C%AC-12-300x60.webp\" alt=\"\" width=\"300\" height=\"60\"><\/a><\/td>\n<\/tr>\n<tr>\n<td><a href=\"https:\/\/honwaygroup.com\/wp-content\/uploads\/2021\/01\/PTF-100-%E9%91%BD%E7%9F%B3%E5%B9%B3%E6%96%9C%E6%89%8B%E5%B7%A5%E9%8A%BC%E5%88%80_%E5%B7%A5%E4%BD%9C%E5%8D%80%E5%9F%9F-1-%E8%A4%87%E6%9C%AC-8.jpg\"><img loading=\"lazy\" decoding=\"async\" class=\"alignnone size-full wp-image-26330\" src=\"https:\/\/honwaygroup.com\/wp-content\/uploads\/2021\/01\/PTF-100-%E9%91%BD%E7%9F%B3%E5%B9%B3%E6%96%9C%E6%89%8B%E5%B7%A5%E9%8A%BC%E5%88%80_%E5%B7%A5%E4%BD%9C%E5%8D%80%E5%9F%9F-1-%E8%A4%87%E6%9C%AC-8.jpg\" alt=\"\" width=\"292\" height=\"250\"><\/a><\/td>\n<td>PTF-16F<br \/>\nPTF-16V<br \/>\nPTF-16X<\/td>\n<td>#200<br \/>\n#400<br \/>\n#600<\/td>\n<td>30<\/td>\n<td>130<\/td>\n<td><a href=\"https:\/\/honwaygroup.com\/wp-content\/uploads\/2021\/01\/PTF-100-%E9%91%BD%E7%9F%B3%E5%B9%B3%E6%96%9C%E6%89%8B%E5%B7%A5%E9%8A%BC%E5%88%80_%E5%B7%A5%E4%BD%9C%E5%8D%80%E5%9F%9F-1-%E8%A4%87%E6%9C%AC-13.webp\"><img loading=\"lazy\" decoding=\"async\" class=\"alignnone size-medium wp-image-26346\" src=\"https:\/\/honwaygroup.com\/wp-content\/uploads\/2021\/01\/PTF-100-%E9%91%BD%E7%9F%B3%E5%B9%B3%E6%96%9C%E6%89%8B%E5%B7%A5%E9%8A%BC%E5%88%80_%E5%B7%A5%E4%BD%9C%E5%8D%80%E5%9F%9F-1-%E8%A4%87%E6%9C%AC-13-300x60.webp\" alt=\"\" width=\"300\" height=\"60\"><\/a><\/td>\n<\/tr>\n<tr>\n<td><a href=\"https:\/\/honwaygroup.com\/wp-content\/uploads\/2021\/01\/PTF-100-%E9%91%BD%E7%9F%B3%E5%B9%B3%E6%96%9C%E6%89%8B%E5%B7%A5%E9%8A%BC%E5%88%80_%E5%B7%A5%E4%BD%9C%E5%8D%80%E5%9F%9F-1-%E8%A4%87%E6%9C%AC-9.webp\"><img loading=\"lazy\" decoding=\"async\" class=\"alignnone size-full wp-image-26334\" src=\"https:\/\/honwaygroup.com\/wp-content\/uploads\/2021\/01\/PTF-100-%E9%91%BD%E7%9F%B3%E5%B9%B3%E6%96%9C%E6%89%8B%E5%B7%A5%E9%8A%BC%E5%88%80_%E5%B7%A5%E4%BD%9C%E5%8D%80%E5%9F%9F-1-%E8%A4%87%E6%9C%AC-9.webp\" alt=\"\" width=\"292\" height=\"250\"><\/a><\/td>\n<td>PF-103X<\/td>\n<td>#600<\/td>\n<td>50<\/td>\n<td>140<\/td>\n<td><a href=\"https:\/\/honwaygroup.com\/wp-content\/uploads\/2021\/01\/PTF-100-%E9%91%BD%E7%9F%B3%E5%B9%B3%E6%96%9C%E6%89%8B%E5%B7%A5%E9%8A%BC%E5%88%80_%E5%B7%A5%E4%BD%9C%E5%8D%80%E5%9F%9F-1-%E8%A4%87%E6%9C%AC-14.jpg\"><img loading=\"lazy\" decoding=\"async\" class=\"alignnone size-medium wp-image-26350\" src=\"https:\/\/honwaygroup.com\/wp-content\/uploads\/2021\/01\/PTF-100-%E9%91%BD%E7%9F%B3%E5%B9%B3%E6%96%9C%E6%89%8B%E5%B7%A5%E9%8A%BC%E5%88%80_%E5%B7%A5%E4%BD%9C%E5%8D%80%E5%9F%9F-1-%E8%A4%87%E6%9C%AC-14-300x60.jpg\" alt=\"\" width=\"300\" height=\"60\"><\/a><\/td>\n<\/tr>\n<tr>\n<td colspan=\"6\"><strong>Juego de 10 piezas \/ una pieza de cada forma y tama\u00f1o, N\u00famero de pedido: PTF-100<\/strong><\/td>\n<\/tr>\n<\/tbody>\n<\/table>\n<p>\u00bfTienes preguntas? <a href=\"https:\/\/honwaygroup.com\/es\/contactar-con-honway\/\">Contactar a Honway<\/a><\/p>\n","protected":false},"excerpt":{"rendered":"<div id=\"desWrap\">\n<ul>\n<li>Longitud total: 130~140 mm<\/li>\n<li>Di\u00e1metro del v\u00e1stago: \u00d83,0 mm<\/li>\n<li>Longitud del diamante: 30~50 mm<\/li>\n<\/ul>\n<h5><strong><span style=\"color: #ff0000;font-size: 19.2px\">\u25b2<\/span><\/strong><strong><span style=\"color: #ff0000;font-size: 19.2px\">Si necesita tama\u00f1os personalizados, p\u00f3ngase en contacto con el servicio de atenci\u00f3n al cliente. La fecha de entrega se basa en la hora que nos indique el servicio de atenci\u00f3n al cliente.<\/span><\/strong><\/h5>\n<h5><strong><span style=\"color: #ff0000;font-size: 19.2px\">\u25b2<\/span><\/strong> <strong><span style=\"color: #ff0000;font-size: 19.2px\">Los pedidos grandes pueden disfrutar de descuentos, comun\u00edquese con el servicio de atenci\u00f3n al cliente para realizar consultas.<\/span><\/strong><\/h5>\n<h5><strong><span style=\"color: #ff0000;font-size: 19.2px\">\u25b2<\/span><span style=\"color: #ff0000;font-size: 19.2px\">El tiempo de<\/span><span style=\"color: #ff0000\"> entrega para pedidos de<\/span><span style=\"color: #ff0000;font-size: 19.2px\"> Taiw\u00e1n es de aproximadamente 7 a 14 d\u00edas h\u00e1biles.<\/span><\/strong><\/h5>\n<h5><strong><span style=\"color: #ff0000;font-size: 19.2px\">\u25b2<\/span><span style=\"color: #ff0000\">Los pedidos internacionales tardan aproximadamente de 7 a 14 d\u00edas en enviarse. El tiempo de entrega real depende del estado de entrega de la empresa de mensajer\u00eda.<\/span><\/strong><\/h5>\n<\/div>\n","protected":false},"featured_media":128316,"template":"","meta":{"site-sidebar-layout":"default","site-content-layout":"default","ast-site-content-layout":"default","site-content-style":"default","site-sidebar-style":"default","ast-global-header-display":"","ast-banner-title-visibility":"","ast-main-header-display":"","ast-hfb-above-header-display":"","ast-hfb-below-header-display":"","ast-hfb-mobile-header-display":"","site-post-title":"","ast-breadcrumbs-content":"","ast-featured-img":"","footer-sml-layout":"","ast-disable-related-posts":"","theme-transparent-header-meta":"default","adv-header-id-meta":"","stick-header-meta":"default","header-above-stick-meta":"","header-main-stick-meta":"","header-below-stick-meta":"","astra-migrate-meta-layouts":"default","ast-page-background-enabled":"default","ast-page-background-meta":{"desktop":{"background-color":"var(--ast-global-color-5)","background-image":"","background-repeat":"repeat","background-position":"center center","background-size":"auto","background-attachment":"scroll","background-type":"","background-media":"","overlay-type":"","overlay-color":"","overlay-opacity":"","overlay-gradient":""},"tablet":{"background-color":"","background-image":"","background-repeat":"repeat","background-position":"center center","background-size":"auto","background-attachment":"scroll","background-type":"","background-media":"","overlay-type":"","overlay-color":"","overlay-opacity":"","overlay-gradient":""},"mobile":{"background-color":"","background-image":"","background-repeat":"repeat","background-position":"center center","background-size":"auto","background-attachment":"scroll","background-type":"","background-media":"","overlay-type":"","overlay-color":"","overlay-opacity":"","overlay-gradient":""}},"ast-content-background-meta":{"desktop":{"background-color":"var(--ast-global-color-4)","background-image":"","background-repeat":"repeat","background-position":"center center","background-size":"auto","background-attachment":"scroll","background-type":"","background-media":"","overlay-type":"","overlay-color":"","overlay-opacity":"","overlay-gradient":""},"tablet":{"background-color":"var(--ast-global-color-4)","background-image":"","background-repeat":"repeat","background-position":"center center","background-size":"auto","background-attachment":"scroll","background-type":"","background-media":"","overlay-type":"","overlay-color":"","overlay-opacity":"","overlay-gradient":""},"mobile":{"background-color":"var(--ast-global-color-4)","background-image":"","background-repeat":"repeat","background-position":"center center","background-size":"auto","background-attachment":"scroll","background-type":"","background-media":"","overlay-type":"","overlay-color":"","overlay-opacity":"","overlay-gradient":""}}},"product_brand":[],"product_cat":[10504,10507],"product_tag":[10837],"class_list":{"0":"post-128315","1":"product","2":"type-product","3":"status-publish","4":"has-post-thumbnail","6":"product_cat-dianond-tools-es","7":"product_cat-diamond-files-es","8":"product_tag-limas-de-diamante-es","9":"desktop-align-left","10":"tablet-align-left","11":"mobile-align-left","12":"ast-product-gallery-layout-horizontal-slider","13":"ast-product-gallery-with-no-image","14":"ast-product-single-variable","15":"ast-product-tabs-layout-horizontal","17":"first","18":"instock","19":"taxable","20":"shipping-taxable","21":"purchasable","22":"product-type-variable"},"_links":{"self":[{"href":"https:\/\/honwaygroup.com\/es\/wp-json\/wp\/v2\/product\/128315","targetHints":{"allow":["GET"]}}],"collection":[{"href":"https:\/\/honwaygroup.com\/es\/wp-json\/wp\/v2\/product"}],"about":[{"href":"https:\/\/honwaygroup.com\/es\/wp-json\/wp\/v2\/types\/product"}],"version-history":[{"count":0,"href":"https:\/\/honwaygroup.com\/es\/wp-json\/wp\/v2\/product\/128315\/revisions"}],"wp:featuredmedia":[{"embeddable":true,"href":"https:\/\/honwaygroup.com\/es\/wp-json\/wp\/v2\/media\/128316"}],"wp:attachment":[{"href":"https:\/\/honwaygroup.com\/es\/wp-json\/wp\/v2\/media?parent=128315"}],"wp:term":[{"taxonomy":"product_brand","embeddable":true,"href":"https:\/\/honwaygroup.com\/es\/wp-json\/wp\/v2\/product_brand?post=128315"},{"taxonomy":"product_cat","embeddable":true,"href":"https:\/\/honwaygroup.com\/es\/wp-json\/wp\/v2\/product_cat?post=128315"},{"taxonomy":"product_tag","embeddable":true,"href":"https:\/\/honwaygroup.com\/es\/wp-json\/wp\/v2\/product_tag?post=128315"}],"curies":[{"name":"wp","href":"https:\/\/api.w.org\/{rel}","templated":true}]}}