{"id":128299,"date":"2021-01-17T16:57:29","date_gmt":"2021-01-17T08:57:29","guid":{"rendered":"https:\/\/honwaygroup.com\/product\/lima-manual-de-bisel-plano-de-diamante-cf-400\/"},"modified":"2025-10-29T09:22:37","modified_gmt":"2025-10-29T01:22:37","slug":"lima-manual-de-bisel-plano-de-diamante-cf-400","status":"publish","type":"product","link":"https:\/\/honwaygroup.com\/es\/producto\/lima-manual-de-bisel-plano-de-diamante-cf-400\/","title":{"rendered":"Lima manual de bisel plano de diamante CF-400"},"content":{"rendered":"<h3><strong>Lima manual de bisel plano de diamante CF-400<\/strong><\/h3>\n<p>unidad : mm<\/p>\n<table class=\"specTable\" width=\"100%\">\n<tbody>\n<tr>\n<th>Forma<\/th>\n<th width=\"15%\">N\u00famero<\/th>\n<th>Grano<\/th>\n<th>Longitud del diamante<\/th>\n<th>Longitud total<\/th>\n<th width=\"35%\"><\/th>\n<\/tr>\n<tr>\n<td><a href=\"https:\/\/honwaygroup.com\/wp-content\/uploads\/2021\/01\/CF-400-%E9%91%BD%E7%9F%B3%E5%B9%B3%E6%96%9C%E6%89%8B%E5%B7%A5%E9%8A%BC%E5%88%80_%E5%B7%A5%E4%BD%9C%E5%8D%80%E5%9F%9F-1-%E8%A4%87%E6%9C%AC-5.webp\"><img decoding=\"async\" class=\"alignnone size-thumbnail wp-image-25383\" src=\"https:\/\/honwaygroup.com\/wp-content\/uploads\/2021\/01\/CF-400-%E9%91%BD%E7%9F%B3%E5%B9%B3%E6%96%9C%E6%89%8B%E5%B7%A5%E9%8A%BC%E5%88%80_%E5%B7%A5%E4%BD%9C%E5%8D%80%E5%9F%9F-1-%E8%A4%87%E6%9C%AC-5-150x150.webp\" alt=\"\" width=\"150\" height=\"150\"><\/a><\/td>\n<td>CF-402J<br \/>\nCF-402F<br \/>\nCF-402V<\/td>\n<td>#150#200#400<\/td>\n<td style=\"text-align: center\">40<\/td>\n<td style=\"text-align: center\">180<\/td>\n<td><a href=\"https:\/\/honwaygroup.com\/wp-content\/uploads\/2021\/01\/CF-400-%E9%91%BD%E7%9F%B3%E5%B9%B3%E6%96%9C%E6%89%8B%E5%B7%A5%E9%8A%BC%E5%88%80-57.webp\"><img fetchpriority=\"high\" decoding=\"async\" class=\"alignnone wp-image-25399 size-full\" src=\"https:\/\/honwaygroup.com\/wp-content\/uploads\/2021\/01\/CF-400-%E9%91%BD%E7%9F%B3%E5%B9%B3%E6%96%9C%E6%89%8B%E5%B7%A5%E9%8A%BC%E5%88%80-57.webp\" alt=\"\" width=\"1131\" height=\"162\"><\/a><\/td>\n<\/tr>\n<tr>\n<td><a href=\"https:\/\/honwaygroup.com\/wp-content\/uploads\/2021\/01\/CF-400-%E9%91%BD%E7%9F%B3%E5%B9%B3%E6%96%9C%E6%89%8B%E5%B7%A5%E9%8A%BC%E5%88%80_%E5%B7%A5%E4%BD%9C%E5%8D%80%E5%9F%9F-1-%E8%A4%87%E6%9C%AC-6.webp\"><img decoding=\"async\" class=\"alignnone size-thumbnail wp-image-25387\" src=\"https:\/\/honwaygroup.com\/wp-content\/uploads\/2021\/01\/CF-400-%E9%91%BD%E7%9F%B3%E5%B9%B3%E6%96%9C%E6%89%8B%E5%B7%A5%E9%8A%BC%E5%88%80_%E5%B7%A5%E4%BD%9C%E5%8D%80%E5%9F%9F-1-%E8%A4%87%E6%9C%AC-6-150x150.webp\" alt=\"\" width=\"150\" height=\"150\"><\/a><\/td>\n<td>CF-404J<br \/>\nCF-404F<br \/>\nCF-404V<\/td>\n<td>#150#200#400<\/td>\n<td style=\"text-align: center\">50<\/td>\n<td style=\"text-align: center\">180<\/td>\n<td><a href=\"https:\/\/honwaygroup.com\/wp-content\/uploads\/2021\/01\/CF-400-%E9%91%BD%E7%9F%B3%E5%B9%B3%E6%96%9C%E6%89%8B%E5%B7%A5%E9%8A%BC%E5%88%80-58.webp\"><img loading=\"lazy\" decoding=\"async\" class=\"alignnone wp-image-25403 size-full\" src=\"https:\/\/honwaygroup.com\/wp-content\/uploads\/2021\/01\/CF-400-%E9%91%BD%E7%9F%B3%E5%B9%B3%E6%96%9C%E6%89%8B%E5%B7%A5%E9%8A%BC%E5%88%80-58.webp\" alt=\"\" width=\"1131\" height=\"162\"><\/a><\/td>\n<\/tr>\n<tr>\n<td><a href=\"https:\/\/honwaygroup.com\/wp-content\/uploads\/2021\/01\/CF-400-%E9%91%BD%E7%9F%B3%E5%B9%B3%E6%96%9C%E6%89%8B%E5%B7%A5%E9%8A%BC%E5%88%80_%E5%B7%A5%E4%BD%9C%E5%8D%80%E5%9F%9F-1-%E8%A4%87%E6%9C%AC-8.webp\"><img loading=\"lazy\" decoding=\"async\" class=\"alignnone size-thumbnail wp-image-25391\" src=\"https:\/\/honwaygroup.com\/wp-content\/uploads\/2021\/01\/CF-400-%E9%91%BD%E7%9F%B3%E5%B9%B3%E6%96%9C%E6%89%8B%E5%B7%A5%E9%8A%BC%E5%88%80_%E5%B7%A5%E4%BD%9C%E5%8D%80%E5%9F%9F-1-%E8%A4%87%E6%9C%AC-8-150x150.webp\" alt=\"\" width=\"150\" height=\"150\"><\/a><\/td>\n<td>CF-406J<br \/>\nCF-406F<br \/>\nCF-406V<\/td>\n<td>#150#200#400<\/td>\n<td style=\"text-align: center\">50<\/td>\n<td style=\"text-align: center\">180<\/td>\n<td><a href=\"https:\/\/honwaygroup.com\/wp-content\/uploads\/2021\/01\/CF-400-%E9%91%BD%E7%9F%B3%E5%B9%B3%E6%96%9C%E6%89%8B%E5%B7%A5%E9%8A%BC%E5%88%80-59.webp\"><img loading=\"lazy\" decoding=\"async\" class=\"alignnone wp-image-25407 size-full\" src=\"https:\/\/honwaygroup.com\/wp-content\/uploads\/2021\/01\/CF-400-%E9%91%BD%E7%9F%B3%E5%B9%B3%E6%96%9C%E6%89%8B%E5%B7%A5%E9%8A%BC%E5%88%80-59.webp\" alt=\"\" width=\"1131\" height=\"162\"><\/a><\/td>\n<\/tr>\n<tr>\n<td><a href=\"https:\/\/honwaygroup.com\/wp-content\/uploads\/2021\/01\/CF-400-%E9%91%BD%E7%9F%B3%E5%B9%B3%E6%96%9C%E6%89%8B%E5%B7%A5%E9%8A%BC%E5%88%80_%E5%B7%A5%E4%BD%9C%E5%8D%80%E5%9F%9F-1-%E8%A4%87%E6%9C%AC-9.webp\"><img loading=\"lazy\" decoding=\"async\" class=\"alignnone size-thumbnail wp-image-25395\" src=\"https:\/\/honwaygroup.com\/wp-content\/uploads\/2021\/01\/CF-400-%E9%91%BD%E7%9F%B3%E5%B9%B3%E6%96%9C%E6%89%8B%E5%B7%A5%E9%8A%BC%E5%88%80_%E5%B7%A5%E4%BD%9C%E5%8D%80%E5%9F%9F-1-%E8%A4%87%E6%9C%AC-9-150x150.webp\" alt=\"\" width=\"150\" height=\"150\"><\/a><\/td>\n<td>CF-408J<br \/>\nCF-408F<br \/>\nCF-408V<\/td>\n<td>#150#200#400<\/td>\n<td style=\"text-align: center\">50<\/td>\n<td style=\"text-align: center\">180<\/td>\n<td><a href=\"https:\/\/honwaygroup.com\/wp-content\/uploads\/2021\/01\/CF-400-%E9%91%BD%E7%9F%B3%E5%B9%B3%E6%96%9C%E6%89%8B%E5%B7%A5%E9%8A%BC%E5%88%80-60.webp\"><img loading=\"lazy\" decoding=\"async\" class=\"alignnone wp-image-25411 size-full\" src=\"https:\/\/honwaygroup.com\/wp-content\/uploads\/2021\/01\/CF-400-%E9%91%BD%E7%9F%B3%E5%B9%B3%E6%96%9C%E6%89%8B%E5%B7%A5%E9%8A%BC%E5%88%80-60.webp\" alt=\"\" width=\"1131\" height=\"162\"><\/a><\/td>\n<\/tr>\n<tr>\n<td colspan=\"6\"><strong>Juego de 12, uno de cada forma y tama\u00f1o, N.\u00ba de pedido: CF-400<\/strong><\/td>\n<\/tr>\n<\/tbody>\n<\/table>\n<p>\u00bfTienes preguntas? <a href=\"https:\/\/honwaygroup.com\/es\/contactar-con-honway\/\">Contactar a Honway<\/a><\/p>\n","protected":false},"excerpt":{"rendered":"<div id=\"desWrap\">\n<ul>\n<li>Longitud total: 180 mm<\/li>\n<li>Longitud del diamante: 40~50 mm<\/li>\n<\/ul>\n<h5><strong><span style=\"color: #ff0000;font-size: 19.2px\">\u25b2<\/span><\/strong><strong><span style=\"color: #ff0000;font-size: 19.2px\">Si necesita tama\u00f1os personalizados, p\u00f3ngase en contacto con el servicio de atenci\u00f3n al cliente. La fecha de entrega se basa en la hora que nos indique el servicio de atenci\u00f3n al cliente.<\/span><\/strong><\/h5>\n<h5><strong><span style=\"color: #ff0000;font-size: 19.2px\">\u25b2<\/span><\/strong> <strong><span style=\"color: #ff0000;font-size: 19.2px\">Los pedidos grandes pueden disfrutar de descuentos, comun\u00edquese con el servicio de atenci\u00f3n al cliente para realizar consultas.<\/span><\/strong><\/h5>\n<h5><strong><span style=\"color: #ff0000;font-size: 19.2px\">\u25b2<\/span><span style=\"color: #ff0000;font-size: 19.2px\">El tiempo de<\/span><span style=\"color: #ff0000\"> entrega para pedidos de<\/span><span style=\"color: #ff0000;font-size: 19.2px\"> Taiw\u00e1n es de aproximadamente 7 a 14 d\u00edas h\u00e1biles.<\/span><\/strong><\/h5>\n<h5><strong><span style=\"color: #ff0000;font-size: 19.2px\">\u25b2<\/span><span style=\"color: #ff0000\">Los pedidos internacionales tardan aproximadamente de 7 a 14 d\u00edas en enviarse. El tiempo de entrega real depende del estado de entrega de la empresa de mensajer\u00eda.<\/span><\/strong><\/h5>\n<\/div>\n","protected":false},"featured_media":128300,"template":"","meta":{"site-sidebar-layout":"default","site-content-layout":"default","ast-site-content-layout":"default","site-content-style":"default","site-sidebar-style":"default","ast-global-header-display":"","ast-banner-title-visibility":"","ast-main-header-display":"","ast-hfb-above-header-display":"","ast-hfb-below-header-display":"","ast-hfb-mobile-header-display":"","site-post-title":"","ast-breadcrumbs-content":"","ast-featured-img":"","footer-sml-layout":"","ast-disable-related-posts":"","theme-transparent-header-meta":"default","adv-header-id-meta":"","stick-header-meta":"default","header-above-stick-meta":"","header-main-stick-meta":"","header-below-stick-meta":"","astra-migrate-meta-layouts":"default","ast-page-background-enabled":"default","ast-page-background-meta":{"desktop":{"background-color":"var(--ast-global-color-5)","background-image":"","background-repeat":"repeat","background-position":"center center","background-size":"auto","background-attachment":"scroll","background-type":"","background-media":"","overlay-type":"","overlay-color":"","overlay-opacity":"","overlay-gradient":""},"tablet":{"background-color":"","background-image":"","background-repeat":"repeat","background-position":"center center","background-size":"auto","background-attachment":"scroll","background-type":"","background-media":"","overlay-type":"","overlay-color":"","overlay-opacity":"","overlay-gradient":""},"mobile":{"background-color":"","background-image":"","background-repeat":"repeat","background-position":"center center","background-size":"auto","background-attachment":"scroll","background-type":"","background-media":"","overlay-type":"","overlay-color":"","overlay-opacity":"","overlay-gradient":""}},"ast-content-background-meta":{"desktop":{"background-color":"var(--ast-global-color-4)","background-image":"","background-repeat":"repeat","background-position":"center center","background-size":"auto","background-attachment":"scroll","background-type":"","background-media":"","overlay-type":"","overlay-color":"","overlay-opacity":"","overlay-gradient":""},"tablet":{"background-color":"var(--ast-global-color-4)","background-image":"","background-repeat":"repeat","background-position":"center center","background-size":"auto","background-attachment":"scroll","background-type":"","background-media":"","overlay-type":"","overlay-color":"","overlay-opacity":"","overlay-gradient":""},"mobile":{"background-color":"var(--ast-global-color-4)","background-image":"","background-repeat":"repeat","background-position":"center center","background-size":"auto","background-attachment":"scroll","background-type":"","background-media":"","overlay-type":"","overlay-color":"","overlay-opacity":"","overlay-gradient":""}}},"product_brand":[],"product_cat":[10504,10507],"product_tag":[10837],"class_list":{"0":"post-128299","1":"product","2":"type-product","3":"status-publish","4":"has-post-thumbnail","6":"product_cat-dianond-tools-es","7":"product_cat-diamond-files-es","8":"product_tag-limas-de-diamante-es","9":"desktop-align-left","10":"tablet-align-left","11":"mobile-align-left","12":"ast-product-gallery-layout-horizontal-slider","13":"ast-product-gallery-with-no-image","14":"ast-product-single-variable","15":"ast-product-tabs-layout-horizontal","17":"first","18":"instock","19":"taxable","20":"shipping-taxable","21":"purchasable","22":"product-type-variable"},"_links":{"self":[{"href":"https:\/\/honwaygroup.com\/es\/wp-json\/wp\/v2\/product\/128299","targetHints":{"allow":["GET"]}}],"collection":[{"href":"https:\/\/honwaygroup.com\/es\/wp-json\/wp\/v2\/product"}],"about":[{"href":"https:\/\/honwaygroup.com\/es\/wp-json\/wp\/v2\/types\/product"}],"version-history":[{"count":0,"href":"https:\/\/honwaygroup.com\/es\/wp-json\/wp\/v2\/product\/128299\/revisions"}],"wp:featuredmedia":[{"embeddable":true,"href":"https:\/\/honwaygroup.com\/es\/wp-json\/wp\/v2\/media\/128300"}],"wp:attachment":[{"href":"https:\/\/honwaygroup.com\/es\/wp-json\/wp\/v2\/media?parent=128299"}],"wp:term":[{"taxonomy":"product_brand","embeddable":true,"href":"https:\/\/honwaygroup.com\/es\/wp-json\/wp\/v2\/product_brand?post=128299"},{"taxonomy":"product_cat","embeddable":true,"href":"https:\/\/honwaygroup.com\/es\/wp-json\/wp\/v2\/product_cat?post=128299"},{"taxonomy":"product_tag","embeddable":true,"href":"https:\/\/honwaygroup.com\/es\/wp-json\/wp\/v2\/product_tag?post=128299"}],"curies":[{"name":"wp","href":"https:\/\/api.w.org\/{rel}","templated":true}]}}