{"id":128284,"date":"2021-01-17T17:01:52","date_gmt":"2021-01-17T09:01:52","guid":{"rendered":"https:\/\/honwaygroup.com\/product\/lima-de-diamante-plana-y-biselada-cf-50-para-trabajadores-del-hierro\/"},"modified":"2021-01-17T17:01:52","modified_gmt":"2021-01-17T09:01:52","slug":"lima-de-diamante-plana-y-biselada-cf-50-para-trabajadores-del-hierro","status":"publish","type":"product","link":"https:\/\/honwaygroup.com\/es\/producto\/lima-de-diamante-plana-y-biselada-cf-50-para-trabajadores-del-hierro\/","title":{"rendered":"Lima de diamante plana y biselada CF-50 para trabajadores del hierro"},"content":{"rendered":"<h3><strong>Lima de diamante plana y biselada CF-50 para trabajadores del hierro<\/strong><\/h3>\n<p>Granularidad: #150, #200<\/p>\n<p>unidad : mm<\/p>\n<table width=\"100%\">\n<tbody>\n<tr>\n<th style=\"text-align: center\" width=\"12%\">Longitud total<\/th>\n<th style=\"text-align: center\" width=\"12%\">Longitud del diamante<\/th>\n<th style=\"text-align: center\" width=\"15%\">Forma<\/th>\n<th style=\"text-align: center\" width=\"15%\">N\u00famero<\/th>\n<th style=\"text-align: center\" width=\"30%\"><\/th>\n<\/tr>\n<tr>\n<td style=\"text-align: center\">180<\/td>\n<td style=\"text-align: center\">70<\/td>\n<td><a href=\"https:\/\/honwaygroup.com\/wp-content\/uploads\/2021\/01\/CF-50-%E9%90%B5%E5%B7%A5%E7%94%A8%E9%91%BD%E7%9F%B3%E5%B9%B3%E6%96%9C%E9%8A%BC%E5%88%80_%E5%B7%A5%E4%BD%9C%E5%8D%80%E5%9F%9F-1-%E8%A4%87%E6%9C%AC.jpg\"><img decoding=\"async\" class=\"alignnone wp-image-25437 size-full\" src=\"https:\/\/honwaygroup.com\/wp-content\/uploads\/2021\/01\/CF-50-%E9%90%B5%E5%B7%A5%E7%94%A8%E9%91%BD%E7%9F%B3%E5%B9%B3%E6%96%9C%E9%8A%BC%E5%88%80_%E5%B7%A5%E4%BD%9C%E5%8D%80%E5%9F%9F-1-%E8%A4%87%E6%9C%AC.jpg\" alt=\"\" width=\"219\" height=\"155\"><\/a><\/td>\n<td style=\"text-align: center\">CF-501<\/td>\n<td><a href=\"https:\/\/honwaygroup.com\/wp-content\/uploads\/2021\/01\/CF-50-%E9%90%B5%E5%B7%A5%E7%94%A8%E9%91%BD%E7%9F%B3%E5%B9%B3%E6%96%9C%E9%8A%BC%E5%88%80%E7%94%A2%E5%93%81_%E5%B7%A5%E4%BD%9C%E5%8D%80%E5%9F%9F-1-%E8%A4%87%E6%9C%AC.webp\"><img decoding=\"async\" class=\"alignnone wp-image-25457 size-full\" src=\"https:\/\/honwaygroup.com\/wp-content\/uploads\/2021\/01\/CF-50-%E9%90%B5%E5%B7%A5%E7%94%A8%E9%91%BD%E7%9F%B3%E5%B9%B3%E6%96%9C%E9%8A%BC%E5%88%80%E7%94%A2%E5%93%81_%E5%B7%A5%E4%BD%9C%E5%8D%80%E5%9F%9F-1-%E8%A4%87%E6%9C%AC.webp\" alt=\"\" width=\"438\" height=\"78\"><\/a><\/td>\n<\/tr>\n<tr>\n<td style=\"text-align: center\">180<\/td>\n<td style=\"text-align: center\">60<\/td>\n<td><a href=\"https:\/\/honwaygroup.com\/wp-content\/uploads\/2021\/01\/CF-50-%E9%90%B5%E5%B7%A5%E7%94%A8%E9%91%BD%E7%9F%B3%E5%B9%B3%E6%96%9C%E9%8A%BC%E5%88%80_%E5%B7%A5%E4%BD%9C%E5%8D%80%E5%9F%9F-1-%E8%A4%87%E6%9C%AC-2.webp\"><img decoding=\"async\" class=\"alignnone wp-image-25421 size-full\" src=\"https:\/\/honwaygroup.com\/wp-content\/uploads\/2021\/01\/CF-50-%E9%90%B5%E5%B7%A5%E7%94%A8%E9%91%BD%E7%9F%B3%E5%B9%B3%E6%96%9C%E9%8A%BC%E5%88%80_%E5%B7%A5%E4%BD%9C%E5%8D%80%E5%9F%9F-1-%E8%A4%87%E6%9C%AC-2.webp\" alt=\"\" width=\"219\" height=\"155\"><\/a><\/td>\n<td style=\"text-align: center\">CF-502<\/td>\n<td><a href=\"https:\/\/honwaygroup.com\/wp-content\/uploads\/2021\/01\/CF-50-%E9%90%B5%E5%B7%A5%E7%94%A8%E9%91%BD%E7%9F%B3%E5%B9%B3%E6%96%9C%E9%8A%BC%E5%88%80%E7%94%A2%E5%93%81_%E5%B7%A5%E4%BD%9C%E5%8D%80%E5%9F%9F-1-%E8%A4%87%E6%9C%AC-2.jpg\"><img loading=\"lazy\" decoding=\"async\" class=\"alignnone wp-image-25441 size-full\" src=\"https:\/\/honwaygroup.com\/wp-content\/uploads\/2021\/01\/CF-50-%E9%90%B5%E5%B7%A5%E7%94%A8%E9%91%BD%E7%9F%B3%E5%B9%B3%E6%96%9C%E9%8A%BC%E5%88%80%E7%94%A2%E5%93%81_%E5%B7%A5%E4%BD%9C%E5%8D%80%E5%9F%9F-1-%E8%A4%87%E6%9C%AC-2.jpg\" alt=\"\" width=\"438\" height=\"78\"><\/a><\/td>\n<\/tr>\n<tr>\n<td style=\"text-align: center\">180<\/td>\n<td style=\"text-align: center\">60<\/td>\n<td><a href=\"https:\/\/honwaygroup.com\/wp-content\/uploads\/2021\/01\/CF-50-%E9%90%B5%E5%B7%A5%E7%94%A8%E9%91%BD%E7%9F%B3%E5%B9%B3%E6%96%9C%E9%8A%BC%E5%88%80_%E5%B7%A5%E4%BD%9C%E5%8D%80%E5%9F%9F-1-%E8%A4%87%E6%9C%AC-3.webp\"><img loading=\"lazy\" decoding=\"async\" class=\"alignnone wp-image-25425 size-full\" src=\"https:\/\/honwaygroup.com\/wp-content\/uploads\/2021\/01\/CF-50-%E9%90%B5%E5%B7%A5%E7%94%A8%E9%91%BD%E7%9F%B3%E5%B9%B3%E6%96%9C%E9%8A%BC%E5%88%80_%E5%B7%A5%E4%BD%9C%E5%8D%80%E5%9F%9F-1-%E8%A4%87%E6%9C%AC-3.webp\" alt=\"\" width=\"219\" height=\"155\"><\/a><\/td>\n<td style=\"text-align: center\">CF-503<\/td>\n<td><a href=\"https:\/\/honwaygroup.com\/wp-content\/uploads\/2021\/01\/CF-50-%E9%90%B5%E5%B7%A5%E7%94%A8%E9%91%BD%E7%9F%B3%E5%B9%B3%E6%96%9C%E9%8A%BC%E5%88%80%E7%94%A2%E5%93%81_%E5%B7%A5%E4%BD%9C%E5%8D%80%E5%9F%9F-1-%E8%A4%87%E6%9C%AC-3.webp\"><img loading=\"lazy\" decoding=\"async\" class=\"alignnone wp-image-25445 size-full\" src=\"https:\/\/honwaygroup.com\/wp-content\/uploads\/2021\/01\/CF-50-%E9%90%B5%E5%B7%A5%E7%94%A8%E9%91%BD%E7%9F%B3%E5%B9%B3%E6%96%9C%E9%8A%BC%E5%88%80%E7%94%A2%E5%93%81_%E5%B7%A5%E4%BD%9C%E5%8D%80%E5%9F%9F-1-%E8%A4%87%E6%9C%AC-3.webp\" alt=\"\" width=\"438\" height=\"78\"><\/a><\/td>\n<\/tr>\n<tr>\n<td style=\"text-align: center\">180<\/td>\n<td style=\"text-align: center\">50<\/td>\n<td><a href=\"https:\/\/honwaygroup.com\/wp-content\/uploads\/2021\/01\/CF-50-%E9%90%B5%E5%B7%A5%E7%94%A8%E9%91%BD%E7%9F%B3%E5%B9%B3%E6%96%9C%E9%8A%BC%E5%88%80_%E5%B7%A5%E4%BD%9C%E5%8D%80%E5%9F%9F-1-%E8%A4%87%E6%9C%AC-4.jpg\"><img loading=\"lazy\" decoding=\"async\" class=\"alignnone wp-image-25429 size-full\" src=\"https:\/\/honwaygroup.com\/wp-content\/uploads\/2021\/01\/CF-50-%E9%90%B5%E5%B7%A5%E7%94%A8%E9%91%BD%E7%9F%B3%E5%B9%B3%E6%96%9C%E9%8A%BC%E5%88%80_%E5%B7%A5%E4%BD%9C%E5%8D%80%E5%9F%9F-1-%E8%A4%87%E6%9C%AC-4.jpg\" alt=\"\" width=\"219\" height=\"155\"><\/a><\/td>\n<td style=\"text-align: center\">CF-504<\/td>\n<td><a href=\"https:\/\/honwaygroup.com\/wp-content\/uploads\/2021\/01\/CF-50-%E9%90%B5%E5%B7%A5%E7%94%A8%E9%91%BD%E7%9F%B3%E5%B9%B3%E6%96%9C%E9%8A%BC%E5%88%80%E7%94%A2%E5%93%81_%E5%B7%A5%E4%BD%9C%E5%8D%80%E5%9F%9F-1-%E8%A4%87%E6%9C%AC-4.jpg\"><img loading=\"lazy\" decoding=\"async\" class=\"alignnone wp-image-25449 size-full\" src=\"https:\/\/honwaygroup.com\/wp-content\/uploads\/2021\/01\/CF-50-%E9%90%B5%E5%B7%A5%E7%94%A8%E9%91%BD%E7%9F%B3%E5%B9%B3%E6%96%9C%E9%8A%BC%E5%88%80%E7%94%A2%E5%93%81_%E5%B7%A5%E4%BD%9C%E5%8D%80%E5%9F%9F-1-%E8%A4%87%E6%9C%AC-4.jpg\" alt=\"\" width=\"438\" height=\"78\"><\/a><\/td>\n<\/tr>\n<tr>\n<td style=\"text-align: center\">180<\/td>\n<td style=\"text-align: center\">50<\/td>\n<td style=\"text-align: center\"><a href=\"https:\/\/honwaygroup.com\/wp-content\/uploads\/2021\/01\/CF-50-%E9%90%B5%E5%B7%A5%E7%94%A8%E9%91%BD%E7%9F%B3%E5%B9%B3%E6%96%9C%E9%8A%BC%E5%88%80_%E5%B7%A5%E4%BD%9C%E5%8D%80%E5%9F%9F-1-%E8%A4%87%E6%9C%AC-5.jpg\"><img loading=\"lazy\" decoding=\"async\" class=\"alignnone wp-image-25433 size-full\" src=\"https:\/\/honwaygroup.com\/wp-content\/uploads\/2021\/01\/CF-50-%E9%90%B5%E5%B7%A5%E7%94%A8%E9%91%BD%E7%9F%B3%E5%B9%B3%E6%96%9C%E9%8A%BC%E5%88%80_%E5%B7%A5%E4%BD%9C%E5%8D%80%E5%9F%9F-1-%E8%A4%87%E6%9C%AC-5.jpg\" alt=\"\" width=\"219\" height=\"155\"><\/a><\/td>\n<td style=\"text-align: center\">CF-505<\/td>\n<td><a href=\"https:\/\/honwaygroup.com\/wp-content\/uploads\/2021\/01\/CF-50-%E9%90%B5%E5%B7%A5%E7%94%A8%E9%91%BD%E7%9F%B3%E5%B9%B3%E6%96%9C%E9%8A%BC%E5%88%80%E7%94%A2%E5%93%81_%E5%B7%A5%E4%BD%9C%E5%8D%80%E5%9F%9F-1-%E8%A4%87%E6%9C%AC-5.webp\"><img loading=\"lazy\" decoding=\"async\" class=\"alignnone wp-image-25453 size-full\" src=\"https:\/\/honwaygroup.com\/wp-content\/uploads\/2021\/01\/CF-50-%E9%90%B5%E5%B7%A5%E7%94%A8%E9%91%BD%E7%9F%B3%E5%B9%B3%E6%96%9C%E9%8A%BC%E5%88%80%E7%94%A2%E5%93%81_%E5%B7%A5%E4%BD%9C%E5%8D%80%E5%9F%9F-1-%E8%A4%87%E6%9C%AC-5.webp\" alt=\"\" width=\"438\" height=\"78\"><\/a><\/td>\n<\/tr>\n<\/tbody>\n<\/table>\n<p>\u00bfTienes preguntas? <a href=\"https:\/\/honwaygroup.com\/es\/contactar-con-honway\/\">Contactar a Honway<\/a><\/p>\n","protected":false},"excerpt":{"rendered":"<h5><strong><span style=\"color: #ff0000;font-size: 19.2px\">\u25b2<\/span><\/strong><strong><span style=\"color: #ff0000;font-size: 19.2px\">Si necesita tama\u00f1os personalizados, p\u00f3ngase en contacto con el servicio de atenci\u00f3n al cliente. La fecha de entrega se basa en la hora que nos indique el servicio de atenci\u00f3n al cliente.<\/span><\/strong><\/h5>\n<h5><strong><span style=\"color: #ff0000;font-size: 19.2px\">\u25b2<\/span><\/strong> <strong><span style=\"color: #ff0000;font-size: 19.2px\">Los pedidos grandes pueden disfrutar de descuentos, comun\u00edquese con el servicio de atenci\u00f3n al cliente para realizar consultas.<\/span><\/strong><\/h5>\n<h5><strong><span style=\"color: #ff0000;font-size: 19.2px\">\u25b2<\/span><span style=\"color: #ff0000;font-size: 19.2px\">El tiempo de<\/span><span style=\"color: #ff0000\"> entrega para pedidos de<\/span><span style=\"color: #ff0000;font-size: 19.2px\"> Taiw\u00e1n es de aproximadamente 7 a 14 d\u00edas h\u00e1biles.<\/span><\/strong><\/h5>\n<h5><strong><span style=\"color: #ff0000;font-size: 19.2px\">\u25b2<\/span><span style=\"color: #ff0000\">Los pedidos internacionales tardan aproximadamente de 7 a 14 d\u00edas en enviarse. El tiempo de entrega real depende del estado de entrega de la empresa de mensajer\u00eda.<\/span><\/strong><\/h5>\n","protected":false},"featured_media":128285,"template":"","meta":{"site-sidebar-layout":"default","site-content-layout":"default","ast-site-content-layout":"default","site-content-style":"default","site-sidebar-style":"default","ast-global-header-display":"","ast-banner-title-visibility":"","ast-main-header-display":"","ast-hfb-above-header-display":"","ast-hfb-below-header-display":"","ast-hfb-mobile-header-display":"","site-post-title":"","ast-breadcrumbs-content":"","ast-featured-img":"","footer-sml-layout":"","ast-disable-related-posts":"","theme-transparent-header-meta":"default","adv-header-id-meta":"","stick-header-meta":"default","header-above-stick-meta":"","header-main-stick-meta":"","header-below-stick-meta":"","astra-migrate-meta-layouts":"default","ast-page-background-enabled":"default","ast-page-background-meta":{"desktop":{"background-color":"var(--ast-global-color-5)","background-image":"","background-repeat":"repeat","background-position":"center center","background-size":"auto","background-attachment":"scroll","background-type":"","background-media":"","overlay-type":"","overlay-color":"","overlay-opacity":"","overlay-gradient":""},"tablet":{"background-color":"","background-image":"","background-repeat":"repeat","background-position":"center center","background-size":"auto","background-attachment":"scroll","background-type":"","background-media":"","overlay-type":"","overlay-color":"","overlay-opacity":"","overlay-gradient":""},"mobile":{"background-color":"","background-image":"","background-repeat":"repeat","background-position":"center center","background-size":"auto","background-attachment":"scroll","background-type":"","background-media":"","overlay-type":"","overlay-color":"","overlay-opacity":"","overlay-gradient":""}},"ast-content-background-meta":{"desktop":{"background-color":"var(--ast-global-color-4)","background-image":"","background-repeat":"repeat","background-position":"center center","background-size":"auto","background-attachment":"scroll","background-type":"","background-media":"","overlay-type":"","overlay-color":"","overlay-opacity":"","overlay-gradient":""},"tablet":{"background-color":"var(--ast-global-color-4)","background-image":"","background-repeat":"repeat","background-position":"center center","background-size":"auto","background-attachment":"scroll","background-type":"","background-media":"","overlay-type":"","overlay-color":"","overlay-opacity":"","overlay-gradient":""},"mobile":{"background-color":"var(--ast-global-color-4)","background-image":"","background-repeat":"repeat","background-position":"center center","background-size":"auto","background-attachment":"scroll","background-type":"","background-media":"","overlay-type":"","overlay-color":"","overlay-opacity":"","overlay-gradient":""}}},"product_brand":[],"product_cat":[10504,10507],"product_tag":[10837],"class_list":{"0":"post-128284","1":"product","2":"type-product","3":"status-publish","4":"has-post-thumbnail","6":"product_cat-dianond-tools-es","7":"product_cat-diamond-files-es","8":"product_tag-limas-de-diamante-es","9":"desktop-align-left","10":"tablet-align-left","11":"mobile-align-left","12":"ast-product-gallery-layout-horizontal-slider","13":"ast-product-gallery-with-no-image","14":"ast-product-single-variable","15":"ast-product-tabs-layout-horizontal","17":"first","18":"instock","19":"taxable","20":"shipping-taxable","21":"purchasable","22":"product-type-variable"},"_links":{"self":[{"href":"https:\/\/honwaygroup.com\/es\/wp-json\/wp\/v2\/product\/128284","targetHints":{"allow":["GET"]}}],"collection":[{"href":"https:\/\/honwaygroup.com\/es\/wp-json\/wp\/v2\/product"}],"about":[{"href":"https:\/\/honwaygroup.com\/es\/wp-json\/wp\/v2\/types\/product"}],"version-history":[{"count":0,"href":"https:\/\/honwaygroup.com\/es\/wp-json\/wp\/v2\/product\/128284\/revisions"}],"wp:featuredmedia":[{"embeddable":true,"href":"https:\/\/honwaygroup.com\/es\/wp-json\/wp\/v2\/media\/128285"}],"wp:attachment":[{"href":"https:\/\/honwaygroup.com\/es\/wp-json\/wp\/v2\/media?parent=128284"}],"wp:term":[{"taxonomy":"product_brand","embeddable":true,"href":"https:\/\/honwaygroup.com\/es\/wp-json\/wp\/v2\/product_brand?post=128284"},{"taxonomy":"product_cat","embeddable":true,"href":"https:\/\/honwaygroup.com\/es\/wp-json\/wp\/v2\/product_cat?post=128284"},{"taxonomy":"product_tag","embeddable":true,"href":"https:\/\/honwaygroup.com\/es\/wp-json\/wp\/v2\/product_tag?post=128284"}],"curies":[{"name":"wp","href":"https:\/\/api.w.org\/{rel}","templated":true}]}}