{"id":128212,"date":"2021-01-17T17:20:25","date_gmt":"2021-01-17T09:20:25","guid":{"rendered":"https:\/\/honwaygroup.com\/product\/limas-de-diamante-para-maquina-serie-mpf\/"},"modified":"2021-01-17T17:20:25","modified_gmt":"2021-01-17T09:20:25","slug":"limas-de-diamante-para-maquina-serie-mpf","status":"publish","type":"product","link":"https:\/\/honwaygroup.com\/es\/producto\/limas-de-diamante-para-maquina-serie-mpf\/","title":{"rendered":"Limas de diamante para m\u00e1quina serie MPF"},"content":{"rendered":"<h3><strong>Limas de diamante para m\u00e1quina serie MPF<\/strong><\/h3>\n<p>&nbsp;<\/p>\n<p>unidad : mm<\/p>\n<table class=\"specTable2\" width=\"100%\">\n<tbody>\n<tr>\n<th colspan=\"2\" rowspan=\"2\">Forma y dimensiones (mm)<\/th>\n<th colspan=\"3\">N.\u00ba<\/th>\n<th rowspan=\"2\"><\/th>\n<\/tr>\n<tr>\n<th>#150<\/th>\n<th>#200<\/th>\n<th>#400<\/th>\n<\/tr>\n<tr>\n<td width=\"15%\"><a href=\"https:\/\/honwaygroup.com\/wp-content\/uploads\/2021\/01\/MPF-%E7%B3%BB%E5%88%97-%E9%91%BD%E7%9F%B3%E6%A9%9F%E6%A2%B0%E9%8A%BC%E5%88%80_%E5%B7%A5%E4%BD%9C%E5%8D%80%E5%9F%9F-1-%E8%A4%87%E6%9C%AC-5.jpg\"><img decoding=\"async\" class=\"alignnone wp-image-27101\" src=\"https:\/\/honwaygroup.com\/wp-content\/uploads\/2021\/01\/MPF-%E7%B3%BB%E5%88%97-%E9%91%BD%E7%9F%B3%E6%A9%9F%E6%A2%B0%E9%8A%BC%E5%88%80_%E5%B7%A5%E4%BD%9C%E5%8D%80%E5%9F%9F-1-%E8%A4%87%E6%9C%AC-5.jpg\" alt=\"\" width=\"90\" height=\"77\"><\/a><\/td>\n<td>4 x 1.2<\/td>\n<td>MPF-101<\/td>\n<td>MPF-101F<\/td>\n<td>MPF-101V<\/td>\n<td width=\"35%\"><a href=\"https:\/\/honwaygroup.com\/wp-content\/uploads\/2021\/01\/MPF-%E7%B3%BB%E5%88%97-%E9%91%BD%E7%9F%B3%E6%A9%9F%E6%A2%B0%E9%8A%BC%E5%88%80_%E5%B7%A5%E4%BD%9C%E5%8D%80%E5%9F%9F-1-%E8%A4%87%E6%9C%AC-28.webp\"><img decoding=\"async\" class=\"alignnone size-medium wp-image-27121\" src=\"https:\/\/honwaygroup.com\/wp-content\/uploads\/2021\/01\/MPF-%E7%B3%BB%E5%88%97-%E9%91%BD%E7%9F%B3%E6%A9%9F%E6%A2%B0%E9%8A%BC%E5%88%80_%E5%B7%A5%E4%BD%9C%E5%8D%80%E5%9F%9F-1-%E8%A4%87%E6%9C%AC-28-300x60.webp\" alt=\"\" width=\"300\" height=\"60\"><\/a><\/td>\n<\/tr>\n<tr>\n<td><a href=\"https:\/\/honwaygroup.com\/wp-content\/uploads\/2021\/01\/MPF-%E7%B3%BB%E5%88%97-%E9%91%BD%E7%9F%B3%E6%A9%9F%E6%A2%B0%E9%8A%BC%E5%88%80_%E5%B7%A5%E4%BD%9C%E5%8D%80%E5%9F%9F-1-%E8%A4%87%E6%9C%AC-6.webp\"><img decoding=\"async\" class=\"alignnone wp-image-27105\" src=\"https:\/\/honwaygroup.com\/wp-content\/uploads\/2021\/01\/MPF-%E7%B3%BB%E5%88%97-%E9%91%BD%E7%9F%B3%E6%A9%9F%E6%A2%B0%E9%8A%BC%E5%88%80_%E5%B7%A5%E4%BD%9C%E5%8D%80%E5%9F%9F-1-%E8%A4%87%E6%9C%AC-6.webp\" alt=\"\" width=\"90\" height=\"77\"><\/a><\/td>\n<td>5 x 2<\/td>\n<td>MPF-102<\/td>\n<td>MPF-102F<\/td>\n<td>MPF-102V<\/td>\n<td><a href=\"https:\/\/honwaygroup.com\/wp-content\/uploads\/2021\/01\/MPF-%E7%B3%BB%E5%88%97-%E9%91%BD%E7%9F%B3%E6%A9%9F%E6%A2%B0%E9%8A%BC%E5%88%80_%E5%B7%A5%E4%BD%9C%E5%8D%80%E5%9F%9F-1-%E8%A4%87%E6%9C%AC-29.webp\"><img loading=\"lazy\" decoding=\"async\" class=\"alignnone size-medium wp-image-27125\" src=\"https:\/\/honwaygroup.com\/wp-content\/uploads\/2021\/01\/MPF-%E7%B3%BB%E5%88%97-%E9%91%BD%E7%9F%B3%E6%A9%9F%E6%A2%B0%E9%8A%BC%E5%88%80_%E5%B7%A5%E4%BD%9C%E5%8D%80%E5%9F%9F-1-%E8%A4%87%E6%9C%AC-29-300x60.webp\" alt=\"\" width=\"300\" height=\"60\"><\/a><\/td>\n<\/tr>\n<tr>\n<td><a href=\"https:\/\/honwaygroup.com\/wp-content\/uploads\/2021\/01\/MPF-%E7%B3%BB%E5%88%97-%E9%91%BD%E7%9F%B3%E6%A9%9F%E6%A2%B0%E9%8A%BC%E5%88%80_%E5%B7%A5%E4%BD%9C%E5%8D%80%E5%9F%9F-1-%E8%A4%87%E6%9C%AC-8.webp\"><img loading=\"lazy\" decoding=\"async\" class=\"alignnone wp-image-27109\" src=\"https:\/\/honwaygroup.com\/wp-content\/uploads\/2021\/01\/MPF-%E7%B3%BB%E5%88%97-%E9%91%BD%E7%9F%B3%E6%A9%9F%E6%A2%B0%E9%8A%BC%E5%88%80_%E5%B7%A5%E4%BD%9C%E5%8D%80%E5%9F%9F-1-%E8%A4%87%E6%9C%AC-8.webp\" alt=\"\" width=\"90\" height=\"77\"><\/a><\/td>\n<td>\u00d83<\/td>\n<td>MFF-103<\/td>\n<td>MPF-103F<\/td>\n<td>MPF-103V<\/td>\n<td><a href=\"https:\/\/honwaygroup.com\/wp-content\/uploads\/2021\/01\/MPF-%E7%B3%BB%E5%88%97-%E9%91%BD%E7%9F%B3%E6%A9%9F%E6%A2%B0%E9%8A%BC%E5%88%80_%E5%B7%A5%E4%BD%9C%E5%8D%80%E5%9F%9F-1-%E8%A4%87%E6%9C%AC-30.webp\"><img loading=\"lazy\" decoding=\"async\" class=\"alignnone size-medium wp-image-27129\" src=\"https:\/\/honwaygroup.com\/wp-content\/uploads\/2021\/01\/MPF-%E7%B3%BB%E5%88%97-%E9%91%BD%E7%9F%B3%E6%A9%9F%E6%A2%B0%E9%8A%BC%E5%88%80_%E5%B7%A5%E4%BD%9C%E5%8D%80%E5%9F%9F-1-%E8%A4%87%E6%9C%AC-30-300x60.webp\" alt=\"\" width=\"300\" height=\"60\"><\/a><\/td>\n<\/tr>\n<tr>\n<td><a href=\"https:\/\/honwaygroup.com\/wp-content\/uploads\/2021\/01\/MPF-%E7%B3%BB%E5%88%97-%E9%91%BD%E7%9F%B3%E6%A9%9F%E6%A2%B0%E9%8A%BC%E5%88%80_%E5%B7%A5%E4%BD%9C%E5%8D%80%E5%9F%9F-1-%E8%A4%87%E6%9C%AC-9.webp\"><img loading=\"lazy\" decoding=\"async\" class=\"alignnone wp-image-27113\" src=\"https:\/\/honwaygroup.com\/wp-content\/uploads\/2021\/01\/MPF-%E7%B3%BB%E5%88%97-%E9%91%BD%E7%9F%B3%E6%A9%9F%E6%A2%B0%E9%8A%BC%E5%88%80_%E5%B7%A5%E4%BD%9C%E5%8D%80%E5%9F%9F-1-%E8%A4%87%E6%9C%AC-9.webp\" alt=\"\" width=\"090\" height=\"77\"><\/a><\/td>\n<td>2.5<\/td>\n<td>MPF-104<\/td>\n<td>MPF-104F<\/td>\n<td>MPF-104V<\/td>\n<td><a href=\"https:\/\/honwaygroup.com\/wp-content\/uploads\/2021\/01\/MPF-%E7%B3%BB%E5%88%97-%E9%91%BD%E7%9F%B3%E6%A9%9F%E6%A2%B0%E9%8A%BC%E5%88%80_%E5%B7%A5%E4%BD%9C%E5%8D%80%E5%9F%9F-1-%E8%A4%87%E6%9C%AC-31.webp\"><img loading=\"lazy\" decoding=\"async\" class=\"alignnone size-medium wp-image-27133\" src=\"https:\/\/honwaygroup.com\/wp-content\/uploads\/2021\/01\/MPF-%E7%B3%BB%E5%88%97-%E9%91%BD%E7%9F%B3%E6%A9%9F%E6%A2%B0%E9%8A%BC%E5%88%80_%E5%B7%A5%E4%BD%9C%E5%8D%80%E5%9F%9F-1-%E8%A4%87%E6%9C%AC-31-300x60.webp\" alt=\"\" width=\"300\" height=\"60\"><\/a><\/td>\n<\/tr>\n<tr>\n<td><a href=\"https:\/\/honwaygroup.com\/wp-content\/uploads\/2021\/01\/MPF-%E7%B3%BB%E5%88%97-%E9%91%BD%E7%9F%B3%E6%A9%9F%E6%A2%B0%E9%8A%BC%E5%88%80_%E5%B7%A5%E4%BD%9C%E5%8D%80%E5%9F%9F-1-%E8%A4%87%E6%9C%AC-10.webp\"><img loading=\"lazy\" decoding=\"async\" class=\"alignnone wp-image-27117\" src=\"https:\/\/honwaygroup.com\/wp-content\/uploads\/2021\/01\/MPF-%E7%B3%BB%E5%88%97-%E9%91%BD%E7%9F%B3%E6%A9%9F%E6%A2%B0%E9%8A%BC%E5%88%80_%E5%B7%A5%E4%BD%9C%E5%8D%80%E5%9F%9F-1-%E8%A4%87%E6%9C%AC-10.webp\" alt=\"\" width=\"90\" height=\"77\"><\/a><\/td>\n<td>5 x 2<\/td>\n<td>MPF-109<\/td>\n<td>MPF-109F<\/td>\n<td>MPF-109V<\/td>\n<td><a href=\"https:\/\/honwaygroup.com\/wp-content\/uploads\/2021\/01\/MPF-%E7%B3%BB%E5%88%97-%E9%91%BD%E7%9F%B3%E6%A9%9F%E6%A2%B0%E9%8A%BC%E5%88%80_%E5%B7%A5%E4%BD%9C%E5%8D%80%E5%9F%9F-1-%E8%A4%87%E6%9C%AC-32.webp\"><img loading=\"lazy\" decoding=\"async\" class=\"alignnone size-medium wp-image-27137\" src=\"https:\/\/honwaygroup.com\/wp-content\/uploads\/2021\/01\/MPF-%E7%B3%BB%E5%88%97-%E9%91%BD%E7%9F%B3%E6%A9%9F%E6%A2%B0%E9%8A%BC%E5%88%80_%E5%B7%A5%E4%BD%9C%E5%8D%80%E5%9F%9F-1-%E8%A4%87%E6%9C%AC-32-300x60.webp\" alt=\"\" width=\"300\" height=\"60\"><\/a><\/td>\n<\/tr>\n<tr>\n<td colspan=\"2\">Juego de 5 piezas<\/td>\n<td>MPF-100<\/td>\n<td>MPF-100F<\/td>\n<td>MPF-100V<\/td>\n<td><\/td>\n<\/tr>\n<\/tbody>\n<\/table>\n<p>\u00bfTienes preguntas? <a href=\"https:\/\/honwaygroup.com\/es\/contactar-con-honway\/\">Contactar a Honway<\/a><\/p>\n","protected":false},"excerpt":{"rendered":"<div id=\"desWrap\">\n<ul>\n<li>Longitud total: 90 mm<\/li>\n<li>Di\u00e1metro del v\u00e1stago: \u00d83,0 mm<\/li>\n<li>Longitud del diamante: 45 mm<\/li>\n<\/ul>\n<h5><strong><span style=\"color: #ff0000;font-size: 19.2px\">\u25b2<\/span><\/strong><strong><span style=\"color: #ff0000;font-size: 19.2px\">Si necesita tama\u00f1os personalizados, p\u00f3ngase en contacto con el servicio de atenci\u00f3n al cliente. La fecha de entrega se basa en la hora que nos indique el servicio de atenci\u00f3n al cliente.<\/span><\/strong><\/h5>\n<h5><strong><span style=\"color: #ff0000;font-size: 19.2px\">\u25b2<\/span><\/strong> <strong><span style=\"color: #ff0000;font-size: 19.2px\">Los pedidos grandes pueden disfrutar de descuentos, comun\u00edquese con el servicio de atenci\u00f3n al cliente para realizar consultas.<\/span><\/strong><\/h5>\n<h5><strong><span style=\"color: #ff0000;font-size: 19.2px\">\u25b2<\/span><span style=\"color: #ff0000;font-size: 19.2px\">El tiempo de<\/span><span style=\"color: #ff0000\"> entrega para pedidos de<\/span><span style=\"color: #ff0000;font-size: 19.2px\"> Taiw\u00e1n es de aproximadamente 7 a 14 d\u00edas h\u00e1biles.<\/span><\/strong><\/h5>\n<h5><strong><span style=\"color: #ff0000;font-size: 19.2px\">\u25b2<\/span><span style=\"color: #ff0000\">Los pedidos internacionales tardan aproximadamente de 7 a 14 d\u00edas en enviarse. El tiempo de entrega real depende del estado de entrega de la empresa de mensajer\u00eda.<\/span><\/strong><\/h5>\n<\/div>\n","protected":false},"featured_media":128213,"template":"","meta":{"site-sidebar-layout":"default","site-content-layout":"default","ast-site-content-layout":"default","site-content-style":"default","site-sidebar-style":"default","ast-global-header-display":"","ast-banner-title-visibility":"","ast-main-header-display":"","ast-hfb-above-header-display":"","ast-hfb-below-header-display":"","ast-hfb-mobile-header-display":"","site-post-title":"","ast-breadcrumbs-content":"","ast-featured-img":"","footer-sml-layout":"","ast-disable-related-posts":"","theme-transparent-header-meta":"default","adv-header-id-meta":"","stick-header-meta":"default","header-above-stick-meta":"","header-main-stick-meta":"","header-below-stick-meta":"","astra-migrate-meta-layouts":"default","ast-page-background-enabled":"default","ast-page-background-meta":{"desktop":{"background-color":"var(--ast-global-color-5)","background-image":"","background-repeat":"repeat","background-position":"center center","background-size":"auto","background-attachment":"scroll","background-type":"","background-media":"","overlay-type":"","overlay-color":"","overlay-opacity":"","overlay-gradient":""},"tablet":{"background-color":"","background-image":"","background-repeat":"repeat","background-position":"center center","background-size":"auto","background-attachment":"scroll","background-type":"","background-media":"","overlay-type":"","overlay-color":"","overlay-opacity":"","overlay-gradient":""},"mobile":{"background-color":"","background-image":"","background-repeat":"repeat","background-position":"center center","background-size":"auto","background-attachment":"scroll","background-type":"","background-media":"","overlay-type":"","overlay-color":"","overlay-opacity":"","overlay-gradient":""}},"ast-content-background-meta":{"desktop":{"background-color":"var(--ast-global-color-4)","background-image":"","background-repeat":"repeat","background-position":"center center","background-size":"auto","background-attachment":"scroll","background-type":"","background-media":"","overlay-type":"","overlay-color":"","overlay-opacity":"","overlay-gradient":""},"tablet":{"background-color":"var(--ast-global-color-4)","background-image":"","background-repeat":"repeat","background-position":"center center","background-size":"auto","background-attachment":"scroll","background-type":"","background-media":"","overlay-type":"","overlay-color":"","overlay-opacity":"","overlay-gradient":""},"mobile":{"background-color":"var(--ast-global-color-4)","background-image":"","background-repeat":"repeat","background-position":"center center","background-size":"auto","background-attachment":"scroll","background-type":"","background-media":"","overlay-type":"","overlay-color":"","overlay-opacity":"","overlay-gradient":""}}},"product_brand":[],"product_cat":[10504,10508],"product_tag":[10837],"class_list":{"0":"post-128212","1":"product","2":"type-product","3":"status-publish","4":"has-post-thumbnail","6":"product_cat-dianond-tools-es","7":"product_cat-limas-de-maquina-de-diamante","8":"product_tag-limas-de-diamante-es","9":"desktop-align-left","10":"tablet-align-left","11":"mobile-align-left","12":"ast-product-gallery-layout-horizontal-slider","13":"ast-product-gallery-with-no-image","14":"ast-product-single-variable","15":"ast-product-tabs-layout-horizontal","17":"first","18":"instock","19":"taxable","20":"shipping-taxable","21":"purchasable","22":"product-type-variable"},"_links":{"self":[{"href":"https:\/\/honwaygroup.com\/es\/wp-json\/wp\/v2\/product\/128212","targetHints":{"allow":["GET"]}}],"collection":[{"href":"https:\/\/honwaygroup.com\/es\/wp-json\/wp\/v2\/product"}],"about":[{"href":"https:\/\/honwaygroup.com\/es\/wp-json\/wp\/v2\/types\/product"}],"version-history":[{"count":0,"href":"https:\/\/honwaygroup.com\/es\/wp-json\/wp\/v2\/product\/128212\/revisions"}],"wp:featuredmedia":[{"embeddable":true,"href":"https:\/\/honwaygroup.com\/es\/wp-json\/wp\/v2\/media\/128213"}],"wp:attachment":[{"href":"https:\/\/honwaygroup.com\/es\/wp-json\/wp\/v2\/media?parent=128212"}],"wp:term":[{"taxonomy":"product_brand","embeddable":true,"href":"https:\/\/honwaygroup.com\/es\/wp-json\/wp\/v2\/product_brand?post=128212"},{"taxonomy":"product_cat","embeddable":true,"href":"https:\/\/honwaygroup.com\/es\/wp-json\/wp\/v2\/product_cat?post=128212"},{"taxonomy":"product_tag","embeddable":true,"href":"https:\/\/honwaygroup.com\/es\/wp-json\/wp\/v2\/product_tag?post=128212"}],"curies":[{"name":"wp","href":"https:\/\/api.w.org\/{rel}","templated":true}]}}