{"id":128201,"date":"2021-01-17T17:26:04","date_gmt":"2021-01-17T09:26:04","guid":{"rendered":"https:\/\/honwaygroup.com\/product\/limas-de-diamante-con-union-metalica\/"},"modified":"2021-01-17T17:26:04","modified_gmt":"2021-01-17T09:26:04","slug":"limas-de-diamante-con-union-metalica","status":"publish","type":"product","link":"https:\/\/honwaygroup.com\/es\/producto\/limas-de-diamante-con-union-metalica\/","title":{"rendered":"Limas de diamante con uni\u00f3n met\u00e1lica"},"content":{"rendered":"<h3><strong>Limas de diamante con uni\u00f3n met\u00e1lica<\/strong><\/h3>\n<p>&nbsp;<\/p>\n<p>unidad : mm<\/p>\n<table class=\"specTable\" width=\"100%\">\n<tbody>\n<tr>\n<th width=\"12%\">Longitud total<\/th>\n<th width=\"12%\">Longitud del diamante<\/th>\n<th width=\"16%\">Forma<\/th>\n<th width=\"12%\">Tama\u00f1o del grano<\/th>\n<th width=\"12%\">N\u00famero<\/th>\n<th width=\"35%\"><\/th>\n<\/tr>\n<tr>\n<td>54<\/td>\n<td>20<\/td>\n<td><a href=\"https:\/\/honwaygroup.com\/wp-content\/uploads\/2021\/01\/%E9%87%91%E5%B1%AC%E7%B5%90%E5%90%88%E9%91%BD%E7%9F%B3%E9%8A%BC%E5%88%80_%E5%B7%A5%E4%BD%9C%E5%8D%80%E5%9F%9F-1-%E8%A4%87%E6%9C%AC-5.webp\"><img decoding=\"async\" class=\"alignnone wp-image-27205\" src=\"https:\/\/honwaygroup.com\/wp-content\/uploads\/2021\/01\/%E9%87%91%E5%B1%AC%E7%B5%90%E5%90%88%E9%91%BD%E7%9F%B3%E9%8A%BC%E5%88%80_%E5%B7%A5%E4%BD%9C%E5%8D%80%E5%9F%9F-1-%E8%A4%87%E6%9C%AC-5.webp\" alt=\"\" width=\"90\" height=\"77\"><\/a><\/td>\n<td>#200<br \/>\n#400<br \/>\n#600<\/td>\n<td>MMF-615F<br \/>\nMMF-615V<br \/>\nMMF-615X<\/td>\n<td><a href=\"https:\/\/honwaygroup.com\/wp-content\/uploads\/2021\/01\/%E9%87%91%E5%B1%AC%E7%B5%90%E5%90%88%E9%91%BD%E7%9F%B3%E9%8A%BC%E5%88%80_%E5%B7%A5%E4%BD%9C%E5%8D%80%E5%9F%9F-1-%E8%A4%87%E6%9C%AC-28.webp\"><img fetchpriority=\"high\" decoding=\"async\" class=\"alignnone wp-image-27217 size-full\" src=\"https:\/\/honwaygroup.com\/wp-content\/uploads\/2021\/01\/%E9%87%91%E5%B1%AC%E7%B5%90%E5%90%88%E9%91%BD%E7%9F%B3%E9%8A%BC%E5%88%80_%E5%B7%A5%E4%BD%9C%E5%8D%80%E5%9F%9F-1-%E8%A4%87%E6%9C%AC-28.webp\" alt=\"\" width=\"1253\" height=\"250\"><\/a><\/td>\n<\/tr>\n<tr>\n<td>72<\/td>\n<td>20<\/td>\n<td><a href=\"https:\/\/honwaygroup.com\/wp-content\/uploads\/2021\/01\/%E9%87%91%E5%B1%AC%E7%B5%90%E5%90%88%E9%91%BD%E7%9F%B3%E9%8A%BC%E5%88%80_%E5%B7%A5%E4%BD%9C%E5%8D%80%E5%9F%9F-1-%E8%A4%87%E6%9C%AC-6.webp\"><img decoding=\"async\" class=\"alignnone wp-image-27209\" src=\"https:\/\/honwaygroup.com\/wp-content\/uploads\/2021\/01\/%E9%87%91%E5%B1%AC%E7%B5%90%E5%90%88%E9%91%BD%E7%9F%B3%E9%8A%BC%E5%88%80_%E5%B7%A5%E4%BD%9C%E5%8D%80%E5%9F%9F-1-%E8%A4%87%E6%9C%AC-6.webp\" alt=\"\" width=\"90\" height=\"77\"><\/a><\/td>\n<td>#200<br \/>\n#400<br \/>\n#600<\/td>\n<td>MDT-02F<br \/>\nMDT-02V<br \/>\nMDT-02X<\/td>\n<td><a href=\"https:\/\/honwaygroup.com\/wp-content\/uploads\/2021\/01\/%E9%87%91%E5%B1%AC%E7%B5%90%E5%90%88%E9%91%BD%E7%9F%B3%E9%8A%BC%E5%88%80_%E5%B7%A5%E4%BD%9C%E5%8D%80%E5%9F%9F-1-%E8%A4%87%E6%9C%AC-29.jpg\"><img loading=\"lazy\" decoding=\"async\" class=\"alignnone wp-image-27221 size-full\" src=\"https:\/\/honwaygroup.com\/wp-content\/uploads\/2021\/01\/%E9%87%91%E5%B1%AC%E7%B5%90%E5%90%88%E9%91%BD%E7%9F%B3%E9%8A%BC%E5%88%80_%E5%B7%A5%E4%BD%9C%E5%8D%80%E5%9F%9F-1-%E8%A4%87%E6%9C%AC-29.jpg\" alt=\"\" width=\"1253\" height=\"250\"><\/a><\/td>\n<\/tr>\n<tr>\n<td>105<\/td>\n<td>20<\/td>\n<td><a href=\"https:\/\/honwaygroup.com\/wp-content\/uploads\/2021\/01\/%E9%87%91%E5%B1%AC%E7%B5%90%E5%90%88%E9%91%BD%E7%9F%B3%E9%8A%BC%E5%88%80_%E5%B7%A5%E4%BD%9C%E5%8D%80%E5%9F%9F-1-%E8%A4%87%E6%9C%AC-8.webp\"><img loading=\"lazy\" decoding=\"async\" class=\"alignnone wp-image-27213\" src=\"https:\/\/honwaygroup.com\/wp-content\/uploads\/2021\/01\/%E9%87%91%E5%B1%AC%E7%B5%90%E5%90%88%E9%91%BD%E7%9F%B3%E9%8A%BC%E5%88%80_%E5%B7%A5%E4%BD%9C%E5%8D%80%E5%9F%9F-1-%E8%A4%87%E6%9C%AC-8.webp\" alt=\"\" width=\"90\" height=\"77\"><\/a><\/td>\n<td>#200<br \/>\n#400<br \/>\n#600<\/td>\n<td>MDT-03F<br \/>\nMDT-03V<br \/>\nMDT-03X<\/td>\n<td><a href=\"https:\/\/honwaygroup.com\/wp-content\/uploads\/2021\/01\/%E9%87%91%E5%B1%AC%E7%B5%90%E5%90%88%E9%91%BD%E7%9F%B3%E9%8A%BC%E5%88%80_%E5%B7%A5%E4%BD%9C%E5%8D%80%E5%9F%9F-1-%E8%A4%87%E6%9C%AC-30.jpg\"><img loading=\"lazy\" decoding=\"async\" class=\"alignnone size-full wp-image-27225\" src=\"https:\/\/honwaygroup.com\/wp-content\/uploads\/2021\/01\/%E9%87%91%E5%B1%AC%E7%B5%90%E5%90%88%E9%91%BD%E7%9F%B3%E9%8A%BC%E5%88%80_%E5%B7%A5%E4%BD%9C%E5%8D%80%E5%9F%9F-1-%E8%A4%87%E6%9C%AC-30.jpg\" alt=\"\" width=\"1253\" height=\"250\"><\/a><\/td>\n<\/tr>\n<tr>\n<td colspan=\"6\"><strong>Especialmente dise\u00f1ado para rectificadoras ultras\u00f3nicas el\u00e9ctricas y neum\u00e1ticas.<\/strong><\/td>\n<\/tr>\n<\/tbody>\n<\/table>\n<p>\u00bfTienes preguntas? <a href=\"https:\/\/honwaygroup.com\/es\/contactar-con-honway\/\">Contactar a Honway<\/a><\/p>\n","protected":false},"excerpt":{"rendered":"<h5><strong><span style=\"color: #ff0000;font-size: 19.2px\">\u25b2<\/span><\/strong><strong><span style=\"color: #ff0000;font-size: 19.2px\">Si necesita tama\u00f1os personalizados, p\u00f3ngase en contacto con el servicio de atenci\u00f3n al cliente. La fecha de entrega se basa en la hora que nos indique el servicio de atenci\u00f3n al cliente.<\/span><\/strong><\/h5>\n<h5><strong><span style=\"color: #ff0000;font-size: 19.2px\">\u25b2<\/span><\/strong> <strong><span style=\"color: #ff0000;font-size: 19.2px\">Los pedidos grandes pueden disfrutar de descuentos, comun\u00edquese con el servicio de atenci\u00f3n al cliente para realizar consultas.<\/span><\/strong><\/h5>\n<h5><strong><span style=\"color: #ff0000;font-size: 19.2px\">\u25b2<\/span><span style=\"color: #ff0000;font-size: 19.2px\">El tiempo de<\/span><span style=\"color: #ff0000\"> entrega para pedidos de<\/span><span style=\"color: #ff0000;font-size: 19.2px\"> Taiw\u00e1n es de aproximadamente 7 a 14 d\u00edas h\u00e1biles.<\/span><\/strong><\/h5>\n<h5><strong><span style=\"color: #ff0000;font-size: 19.2px\">\u25b2<\/span><span style=\"color: #ff0000\">Los pedidos internacionales tardan aproximadamente de 7 a 14 d\u00edas en enviarse. El tiempo de entrega real depende del estado de entrega de la empresa de mensajer\u00eda.<\/span><\/strong><\/h5>\n","protected":false},"featured_media":128202,"template":"","meta":{"site-sidebar-layout":"default","site-content-layout":"default","ast-site-content-layout":"default","site-content-style":"default","site-sidebar-style":"default","ast-global-header-display":"","ast-banner-title-visibility":"","ast-main-header-display":"","ast-hfb-above-header-display":"","ast-hfb-below-header-display":"","ast-hfb-mobile-header-display":"","site-post-title":"","ast-breadcrumbs-content":"","ast-featured-img":"","footer-sml-layout":"","ast-disable-related-posts":"","theme-transparent-header-meta":"default","adv-header-id-meta":"","stick-header-meta":"default","header-above-stick-meta":"","header-main-stick-meta":"","header-below-stick-meta":"","astra-migrate-meta-layouts":"default","ast-page-background-enabled":"default","ast-page-background-meta":{"desktop":{"background-color":"var(--ast-global-color-5)","background-image":"","background-repeat":"repeat","background-position":"center center","background-size":"auto","background-attachment":"scroll","background-type":"","background-media":"","overlay-type":"","overlay-color":"","overlay-opacity":"","overlay-gradient":""},"tablet":{"background-color":"","background-image":"","background-repeat":"repeat","background-position":"center center","background-size":"auto","background-attachment":"scroll","background-type":"","background-media":"","overlay-type":"","overlay-color":"","overlay-opacity":"","overlay-gradient":""},"mobile":{"background-color":"","background-image":"","background-repeat":"repeat","background-position":"center center","background-size":"auto","background-attachment":"scroll","background-type":"","background-media":"","overlay-type":"","overlay-color":"","overlay-opacity":"","overlay-gradient":""}},"ast-content-background-meta":{"desktop":{"background-color":"var(--ast-global-color-4)","background-image":"","background-repeat":"repeat","background-position":"center center","background-size":"auto","background-attachment":"scroll","background-type":"","background-media":"","overlay-type":"","overlay-color":"","overlay-opacity":"","overlay-gradient":""},"tablet":{"background-color":"var(--ast-global-color-4)","background-image":"","background-repeat":"repeat","background-position":"center center","background-size":"auto","background-attachment":"scroll","background-type":"","background-media":"","overlay-type":"","overlay-color":"","overlay-opacity":"","overlay-gradient":""},"mobile":{"background-color":"var(--ast-global-color-4)","background-image":"","background-repeat":"repeat","background-position":"center center","background-size":"auto","background-attachment":"scroll","background-type":"","background-media":"","overlay-type":"","overlay-color":"","overlay-opacity":"","overlay-gradient":""}}},"product_brand":[],"product_cat":[10504,10508],"product_tag":[10837],"class_list":{"0":"post-128201","1":"product","2":"type-product","3":"status-publish","4":"has-post-thumbnail","6":"product_cat-dianond-tools-es","7":"product_cat-limas-de-maquina-de-diamante","8":"product_tag-limas-de-diamante-es","9":"desktop-align-left","10":"tablet-align-left","11":"mobile-align-left","12":"ast-product-gallery-layout-horizontal-slider","13":"ast-product-gallery-with-no-image","14":"ast-product-single-variable","15":"ast-product-tabs-layout-horizontal","17":"first","18":"instock","19":"taxable","20":"shipping-taxable","21":"purchasable","22":"product-type-variable"},"_links":{"self":[{"href":"https:\/\/honwaygroup.com\/es\/wp-json\/wp\/v2\/product\/128201","targetHints":{"allow":["GET"]}}],"collection":[{"href":"https:\/\/honwaygroup.com\/es\/wp-json\/wp\/v2\/product"}],"about":[{"href":"https:\/\/honwaygroup.com\/es\/wp-json\/wp\/v2\/types\/product"}],"version-history":[{"count":0,"href":"https:\/\/honwaygroup.com\/es\/wp-json\/wp\/v2\/product\/128201\/revisions"}],"wp:featuredmedia":[{"embeddable":true,"href":"https:\/\/honwaygroup.com\/es\/wp-json\/wp\/v2\/media\/128202"}],"wp:attachment":[{"href":"https:\/\/honwaygroup.com\/es\/wp-json\/wp\/v2\/media?parent=128201"}],"wp:term":[{"taxonomy":"product_brand","embeddable":true,"href":"https:\/\/honwaygroup.com\/es\/wp-json\/wp\/v2\/product_brand?post=128201"},{"taxonomy":"product_cat","embeddable":true,"href":"https:\/\/honwaygroup.com\/es\/wp-json\/wp\/v2\/product_cat?post=128201"},{"taxonomy":"product_tag","embeddable":true,"href":"https:\/\/honwaygroup.com\/es\/wp-json\/wp\/v2\/product_tag?post=128201"}],"curies":[{"name":"wp","href":"https:\/\/api.w.org\/{rel}","templated":true}]}}