{"id":128183,"date":"2021-01-17T18:57:41","date_gmt":"2021-01-17T10:57:41","guid":{"rendered":"https:\/\/honwaygroup.com\/product\/muela-de-amolar-con-mango-flexible\/"},"modified":"2025-10-28T17:04:39","modified_gmt":"2025-10-28T09:04:39","slug":"muela-de-amolar-con-mango-flexible","status":"publish","type":"product","link":"https:\/\/honwaygroup.com\/es\/producto\/muela-de-amolar-con-mango-flexible\/","title":{"rendered":"Muela de amolar con mango flexible"},"content":{"rendered":"<div class=\"resCol12\">\n<div class=\"resMargin\">\n<ul>\n<li>Muela de piel de vaca: muy duradera y con buen rendimiento de corte, adecuada para el refinamiento de superficies met\u00e1licas.<\/li>\n<li>Muela de esponja: adecuada para pulir aleaciones de aluminio y metales de hierro, 30% de fuerza de corte, 70% de grado de pulido, menos probabilidades de da\u00f1ar la superficie del metal.<\/li>\n<\/ul>\n<p><a href=\"https:\/\/honwaygroup.com\/wp-content\/uploads\/2021\/01\/%E5%BD%88%E6%80%A7%E5%B8%B6%E6%9F%84%E7%A0%82%E8%BC%AA.jpg\"><img fetchpriority=\"high\" decoding=\"async\" class=\"alignnone size-medium wp-image-26187\" src=\"https:\/\/honwaygroup.com\/wp-content\/uploads\/2021\/01\/%E5%BD%88%E6%80%A7%E5%B8%B6%E6%9F%84%E7%A0%82%E8%BC%AA-300x167.jpg\" alt=\"\" width=\"300\" height=\"167\"><\/a>unidad : mm<\/p>\n<table class=\"specTable\" style=\"height: 110px;\" width=\"681\">\n<tbody>\n<tr>\n<th>Nombre del producto<\/th>\n<th>Tama\u00f1o de part\u00edcula<\/th>\n<th colspan=\"5\">N.\u00b0<\/th>\n<\/tr>\n<tr>\n<td>Muela de afilar con mango de piel de vaca<\/td>\n<td>#120<\/td>\n<td>N413<\/td>\n<td>N515<\/td>\n<td>N617<\/td>\n<td>N820<\/td>\n<td>N1020<\/td>\n<\/tr>\n<tr>\n<td>Muela abrasiva con mango de esponja<\/td>\n<td>#120<\/td>\n<td>R413<\/td>\n<td>R515<\/td>\n<td>R617<\/td>\n<td>R820<\/td>\n<td>R1020<\/td>\n<\/tr>\n<\/tbody>\n<\/table>\n<ul class=\"main_ul\">\n<li><strong>Unidad de embalaje: 100 piezas\/caja<\/strong><\/li>\n<\/ul>\n<p>Si tiene alguna pregunta o necesita personalizaci\u00f3n, cont\u00e1ctenos. <a href=\"https:\/\/honwaygroup.com\/es\/contactar-con-honway\/\">Contacte con Honway.<\/a><\/p>\n<\/div>\n<\/div>\n","protected":false},"excerpt":{"rendered":"<h5><strong><span style=\"color: #ff0000; font-size: 19.2px;\">\u25b2<\/span><\/strong><strong><span style=\"color: #ff0000; font-size: 19.2px;\">Si necesita un tama\u00f1o personalizado, comun\u00edquese con el servicio de atenci\u00f3n al cliente.<\/span><\/strong><\/h5>\n<h5><strong><span style=\"color: #ff0000; font-size: 19.2px;\">\u25b2 Los pedidos grandes pueden disfrutar de descuentos, comun\u00edquese con el servicio de atenci\u00f3n al cliente para realizar consultas.<br \/>\n<\/span><\/strong><\/h5>\n<h5><strong><span style=\"color: #ff0000;\">\u25b2Comun\u00edquese con el servicio de atenci\u00f3n al cliente para conocer la fecha de entrega real del pedido:<\/span><a href=\"https:\/\/honwaygroup.com\/es\/contactar-con-honway\/\">Comun\u00edquese con Honway<\/a><\/strong><\/h5>\n","protected":false},"featured_media":128184,"template":"","meta":{"site-sidebar-layout":"default","site-content-layout":"default","ast-site-content-layout":"default","site-content-style":"default","site-sidebar-style":"default","ast-global-header-display":"","ast-banner-title-visibility":"","ast-main-header-display":"","ast-hfb-above-header-display":"","ast-hfb-below-header-display":"","ast-hfb-mobile-header-display":"","site-post-title":"","ast-breadcrumbs-content":"","ast-featured-img":"","footer-sml-layout":"","ast-disable-related-posts":"","theme-transparent-header-meta":"default","adv-header-id-meta":"","stick-header-meta":"default","header-above-stick-meta":"","header-main-stick-meta":"","header-below-stick-meta":"","astra-migrate-meta-layouts":"default","ast-page-background-enabled":"default","ast-page-background-meta":{"desktop":{"background-color":"var(--ast-global-color-5)","background-image":"","background-repeat":"repeat","background-position":"center center","background-size":"auto","background-attachment":"scroll","background-type":"","background-media":"","overlay-type":"","overlay-color":"","overlay-opacity":"","overlay-gradient":""},"tablet":{"background-color":"","background-image":"","background-repeat":"repeat","background-position":"center center","background-size":"auto","background-attachment":"scroll","background-type":"","background-media":"","overlay-type":"","overlay-color":"","overlay-opacity":"","overlay-gradient":""},"mobile":{"background-color":"","background-image":"","background-repeat":"repeat","background-position":"center center","background-size":"auto","background-attachment":"scroll","background-type":"","background-media":"","overlay-type":"","overlay-color":"","overlay-opacity":"","overlay-gradient":""}},"ast-content-background-meta":{"desktop":{"background-color":"var(--ast-global-color-4)","background-image":"","background-repeat":"repeat","background-position":"center center","background-size":"auto","background-attachment":"scroll","background-type":"","background-media":"","overlay-type":"","overlay-color":"","overlay-opacity":"","overlay-gradient":""},"tablet":{"background-color":"var(--ast-global-color-4)","background-image":"","background-repeat":"repeat","background-position":"center center","background-size":"auto","background-attachment":"scroll","background-type":"","background-media":"","overlay-type":"","overlay-color":"","overlay-opacity":"","overlay-gradient":""},"mobile":{"background-color":"var(--ast-global-color-4)","background-image":"","background-repeat":"repeat","background-position":"center center","background-size":"auto","background-attachment":"scroll","background-type":"","background-media":"","overlay-type":"","overlay-color":"","overlay-opacity":"","overlay-gradient":""}}},"product_brand":[],"product_cat":[10408,10464],"product_tag":[10910],"class_list":{"0":"post-128183","1":"product","2":"type-product","3":"status-publish","4":"has-post-thumbnail","6":"product_cat-muela-de-amolar-con-mango-flexible","7":"product_cat-consumibles-perifericos-para-rectificado-y-pulido","8":"product_tag-muela-de-amolar-con-mango-flexible","9":"desktop-align-left","10":"tablet-align-left","11":"mobile-align-left","12":"ast-product-gallery-layout-horizontal-slider","13":"ast-product-gallery-with-no-image","14":"ast-product-single-variable","15":"ast-product-tabs-layout-horizontal","17":"first","18":"instock","19":"taxable","20":"shipping-taxable","21":"purchasable","22":"product-type-variable"},"_links":{"self":[{"href":"https:\/\/honwaygroup.com\/es\/wp-json\/wp\/v2\/product\/128183","targetHints":{"allow":["GET"]}}],"collection":[{"href":"https:\/\/honwaygroup.com\/es\/wp-json\/wp\/v2\/product"}],"about":[{"href":"https:\/\/honwaygroup.com\/es\/wp-json\/wp\/v2\/types\/product"}],"version-history":[{"count":0,"href":"https:\/\/honwaygroup.com\/es\/wp-json\/wp\/v2\/product\/128183\/revisions"}],"wp:featuredmedia":[{"embeddable":true,"href":"https:\/\/honwaygroup.com\/es\/wp-json\/wp\/v2\/media\/128184"}],"wp:attachment":[{"href":"https:\/\/honwaygroup.com\/es\/wp-json\/wp\/v2\/media?parent=128183"}],"wp:term":[{"taxonomy":"product_brand","embeddable":true,"href":"https:\/\/honwaygroup.com\/es\/wp-json\/wp\/v2\/product_brand?post=128183"},{"taxonomy":"product_cat","embeddable":true,"href":"https:\/\/honwaygroup.com\/es\/wp-json\/wp\/v2\/product_cat?post=128183"},{"taxonomy":"product_tag","embeddable":true,"href":"https:\/\/honwaygroup.com\/es\/wp-json\/wp\/v2\/product_tag?post=128183"}],"curies":[{"name":"wp","href":"https:\/\/api.w.org\/{rel}","templated":true}]}}