{"id":128130,"date":"2021-01-17T19:03:33","date_gmt":"2021-01-17T11:03:33","guid":{"rendered":"https:\/\/honwaygroup.com\/product\/rueda-de-lana-diametro-del-mango-o60-mm\/"},"modified":"2021-01-17T19:03:33","modified_gmt":"2021-01-17T11:03:33","slug":"rueda-de-lana-diametro-del-mango-o60-mm","status":"publish","type":"product","link":"https:\/\/honwaygroup.com\/es\/producto\/rueda-de-lana-diametro-del-mango-o60-mm\/","title":{"rendered":"Rueda de lana (di\u00e1metro del mango: \u00d86,0 mm)"},"content":{"rendered":"<h3><strong>Rueda de lana (di\u00e1metro del mango: \u00d86,0 mm)<\/strong><\/h3>\n<p><a href=\"https:\/\/honwaygroup.com\/wp-content\/uploads\/2023\/07\/%E7%BE%8A%E6%AF%9B%E8%BC%AA-%E6%9F%84%E5%BE%91-O6.0mm_%E5%B7%A5%E4%BD%9C%E5%8D%80%E5%9F%9F-1-%E8%A4%87%E6%9C%AC-11.webp\"><img decoding=\"async\" class=\"alignnone size-medium wp-image-26397\" src=\"https:\/\/honwaygroup.com\/wp-content\/uploads\/2023\/07\/%E7%BE%8A%E6%AF%9B%E8%BC%AA-%E6%9F%84%E5%BE%91-O6.0mm_%E5%B7%A5%E4%BD%9C%E5%8D%80%E5%9F%9F-1-%E8%A4%87%E6%9C%AC-11-300x105.webp\" alt=\"\" width=\"300\" height=\"105\"><\/a><\/p>\n<p>unidad : mm<\/p>\n<table class=\"specTable\" width=\"100%\">\n<tbody>\n<tr>\n<th width=\"35%\"><\/th>\n<th width=\"21%\">n\u00famero de serie<\/th>\n<th width=\"21%\">\u00d8D<\/th>\n<th width=\"21%\">T<\/th>\n<\/tr>\n<tr>\n<td class=\"white\" rowspan=\"4\"><a href=\"https:\/\/honwaygroup.com\/wp-content\/uploads\/2023\/07\/%E7%BE%8A%E6%AF%9B%E8%BC%AA-%E6%9F%84%E5%BE%91-O6.0mm_%E5%B7%A5%E4%BD%9C%E5%8D%80%E5%9F%9F-1-%E8%A4%87%E6%9C%AC-12.webp\"><img decoding=\"async\" class=\"alignnone size-medium wp-image-26401\" src=\"https:\/\/honwaygroup.com\/wp-content\/uploads\/2023\/07\/%E7%BE%8A%E6%AF%9B%E8%BC%AA-%E6%9F%84%E5%BE%91-O6.0mm_%E5%B7%A5%E4%BD%9C%E5%8D%80%E5%9F%9F-1-%E8%A4%87%E6%9C%AC-12-300x120.webp\" alt=\"\" width=\"300\" height=\"120\"><\/a><\/td>\n<td>AC-1225A<\/td>\n<td>12<\/td>\n<td>25<\/td>\n<\/tr>\n<tr>\n<td>AC-1525A<\/td>\n<td>15<\/td>\n<td>25<\/td>\n<\/tr>\n<tr>\n<td>AC-2025A<\/td>\n<td>20<\/td>\n<td>25<\/td>\n<\/tr>\n<tr>\n<td>AC-2530A<\/td>\n<td>25<\/td>\n<td>30<\/td>\n<\/tr>\n<tr>\n<td class=\"white\" rowspan=\"3\"><a href=\"https:\/\/honwaygroup.com\/wp-content\/uploads\/2023\/07\/%E7%BE%8A%E6%AF%9B%E8%BC%AA-%E6%9F%84%E5%BE%91-O6.0mm_%E5%B7%A5%E4%BD%9C%E5%8D%80%E5%9F%9F-1-%E8%A4%87%E6%9C%AC-14.webp\"><img decoding=\"async\" class=\"alignnone size-medium wp-image-26405\" src=\"https:\/\/honwaygroup.com\/wp-content\/uploads\/2023\/07\/%E7%BE%8A%E6%AF%9B%E8%BC%AA-%E6%9F%84%E5%BE%91-O6.0mm_%E5%B7%A5%E4%BD%9C%E5%8D%80%E5%9F%9F-1-%E8%A4%87%E6%9C%AC-14-300x120.webp\" alt=\"\" width=\"300\" height=\"120\"><\/a><\/td>\n<td>AC-1520C<\/td>\n<td>15<\/td>\n<td>20<\/td>\n<\/tr>\n<tr>\n<td>AC-2025C<\/td>\n<td>20<\/td>\n<td>25<\/td>\n<\/tr>\n<tr>\n<td>AC-2530C<\/td>\n<td>25<\/td>\n<td>30<\/td>\n<\/tr>\n<tr>\n<td class=\"white\" rowspan=\"2\"><a href=\"https:\/\/honwaygroup.com\/wp-content\/uploads\/2023\/07\/%E7%BE%8A%E6%AF%9B%E8%BC%AA-%E6%9F%84%E5%BE%91-O6.0mm_%E5%B7%A5%E4%BD%9C%E5%8D%80%E5%9F%9F-1-%E8%A4%87%E6%9C%AC-15.webp\"><img loading=\"lazy\" decoding=\"async\" class=\"alignnone size-medium wp-image-26409\" src=\"https:\/\/honwaygroup.com\/wp-content\/uploads\/2023\/07\/%E7%BE%8A%E6%AF%9B%E8%BC%AA-%E6%9F%84%E5%BE%91-O6.0mm_%E5%B7%A5%E4%BD%9C%E5%8D%80%E5%9F%9F-1-%E8%A4%87%E6%9C%AC-15-300x120.webp\" alt=\"\" width=\"300\" height=\"120\"><\/a><\/td>\n<td>AC-3208E<\/td>\n<td>32<\/td>\n<td>8<\/td>\n<\/tr>\n<tr>\n<td>AC-4010E<\/td>\n<td>40<\/td>\n<td>9.6<\/td>\n<\/tr>\n<tr>\n<td class=\"white\" rowspan=\"3\"><a href=\"https:\/\/honwaygroup.com\/wp-content\/uploads\/2023\/07\/%E7%BE%8A%E6%AF%9B%E8%BC%AA-%E6%9F%84%E5%BE%91-O6.0mm_%E5%B7%A5%E4%BD%9C%E5%8D%80%E5%9F%9F-1-%E8%A4%87%E6%9C%AC-52.webp\"><img loading=\"lazy\" decoding=\"async\" class=\"alignnone size-medium wp-image-26413\" src=\"https:\/\/honwaygroup.com\/wp-content\/uploads\/2023\/07\/%E7%BE%8A%E6%AF%9B%E8%BC%AA-%E6%9F%84%E5%BE%91-O6.0mm_%E5%B7%A5%E4%BD%9C%E5%8D%80%E5%9F%9F-1-%E8%A4%87%E6%9C%AC-52-300x120.webp\" alt=\"\" width=\"300\" height=\"120\"><\/a><\/td>\n<td>AC-1525K<\/td>\n<td>15<\/td>\n<td>25<\/td>\n<\/tr>\n<tr>\n<td>AC-2025K<\/td>\n<td>20<\/td>\n<td>25<\/td>\n<\/tr>\n<tr>\n<td>AC-2530K<\/td>\n<td>25<\/td>\n<td>30<\/td>\n<\/tr>\n<\/tbody>\n<\/table>\n<p>\u00bfTienes preguntas? <a href=\"https:\/\/honwaygroup.com\/es\/contactar-con-honway\/\">Contactar a Honway<\/a><\/p>\n","protected":false},"excerpt":{"rendered":"<h5><strong><span style=\"color: #ff0000;font-size: 19.2px\">\u25b2<\/span><\/strong><strong><span style=\"color: #ff0000;font-size: 19.2px\">Si necesita tama\u00f1os personalizados, p\u00f3ngase en contacto con el servicio de atenci\u00f3n al cliente. La fecha de entrega se basa en la hora que nos indique el servicio de atenci\u00f3n al cliente.<\/span><\/strong><\/h5>\n<h5><strong><span style=\"color: #ff0000;font-size: 19.2px\">\u25b2<\/span><\/strong> <strong><span style=\"color: #ff0000;font-size: 19.2px\">Los pedidos grandes pueden disfrutar de descuentos, comun\u00edquese con el servicio de atenci\u00f3n al cliente para realizar consultas.<\/span><\/strong><\/h5>\n<h5><strong><span style=\"color: #ff0000;font-size: 19.2px\">\u25b2<\/span><span style=\"color: #ff0000;font-size: 19.2px\">El tiempo de<\/span><span style=\"color: #ff0000\"> entrega para pedidos de<\/span><span style=\"color: #ff0000;font-size: 19.2px\"> Taiw\u00e1n es de aproximadamente 7 a 14 d\u00edas h\u00e1biles.<\/span><\/strong><\/h5>\n<h5><strong><span style=\"color: #ff0000;font-size: 19.2px\">\u25b2<\/span><span style=\"color: #ff0000\">Los pedidos internacionales tardan aproximadamente de 7 a 14 d\u00edas en enviarse. El tiempo de entrega real depende del estado de entrega de la empresa de mensajer\u00eda.<\/span><\/strong><\/h5>\n","protected":false},"featured_media":128131,"template":"","meta":{"site-sidebar-layout":"default","site-content-layout":"default","ast-site-content-layout":"default","site-content-style":"default","site-sidebar-style":"default","ast-global-header-display":"","ast-banner-title-visibility":"","ast-main-header-display":"","ast-hfb-above-header-display":"","ast-hfb-below-header-display":"","ast-hfb-mobile-header-display":"","site-post-title":"","ast-breadcrumbs-content":"","ast-featured-img":"","footer-sml-layout":"","ast-disable-related-posts":"","theme-transparent-header-meta":"default","adv-header-id-meta":"","stick-header-meta":"default","header-above-stick-meta":"","header-main-stick-meta":"","header-below-stick-meta":"","astra-migrate-meta-layouts":"default","ast-page-background-enabled":"default","ast-page-background-meta":{"desktop":{"background-color":"var(--ast-global-color-5)","background-image":"","background-repeat":"repeat","background-position":"center center","background-size":"auto","background-attachment":"scroll","background-type":"","background-media":"","overlay-type":"","overlay-color":"","overlay-opacity":"","overlay-gradient":""},"tablet":{"background-color":"","background-image":"","background-repeat":"repeat","background-position":"center center","background-size":"auto","background-attachment":"scroll","background-type":"","background-media":"","overlay-type":"","overlay-color":"","overlay-opacity":"","overlay-gradient":""},"mobile":{"background-color":"","background-image":"","background-repeat":"repeat","background-position":"center center","background-size":"auto","background-attachment":"scroll","background-type":"","background-media":"","overlay-type":"","overlay-color":"","overlay-opacity":"","overlay-gradient":""}},"ast-content-background-meta":{"desktop":{"background-color":"var(--ast-global-color-4)","background-image":"","background-repeat":"repeat","background-position":"center center","background-size":"auto","background-attachment":"scroll","background-type":"","background-media":"","overlay-type":"","overlay-color":"","overlay-opacity":"","overlay-gradient":""},"tablet":{"background-color":"var(--ast-global-color-4)","background-image":"","background-repeat":"repeat","background-position":"center center","background-size":"auto","background-attachment":"scroll","background-type":"","background-media":"","overlay-type":"","overlay-color":"","overlay-opacity":"","overlay-gradient":""},"mobile":{"background-color":"var(--ast-global-color-4)","background-image":"","background-repeat":"repeat","background-position":"center center","background-size":"auto","background-attachment":"scroll","background-type":"","background-media":"","overlay-type":"","overlay-color":"","overlay-opacity":"","overlay-gradient":""}}},"product_brand":[],"product_cat":[10464,10468],"product_tag":[],"class_list":{"0":"post-128130","1":"product","2":"type-product","3":"status-publish","4":"has-post-thumbnail","6":"product_cat-consumibles-perifericos-para-rectificado-y-pulido","7":"product_cat-productos-de-lana","8":"desktop-align-left","9":"tablet-align-left","10":"mobile-align-left","11":"ast-product-gallery-layout-horizontal-slider","12":"ast-product-gallery-with-no-image","13":"ast-product-single-variable","14":"ast-product-tabs-layout-horizontal","16":"first","17":"instock","18":"taxable","19":"shipping-taxable","20":"purchasable","21":"product-type-variable"},"_links":{"self":[{"href":"https:\/\/honwaygroup.com\/es\/wp-json\/wp\/v2\/product\/128130","targetHints":{"allow":["GET"]}}],"collection":[{"href":"https:\/\/honwaygroup.com\/es\/wp-json\/wp\/v2\/product"}],"about":[{"href":"https:\/\/honwaygroup.com\/es\/wp-json\/wp\/v2\/types\/product"}],"version-history":[{"count":0,"href":"https:\/\/honwaygroup.com\/es\/wp-json\/wp\/v2\/product\/128130\/revisions"}],"wp:featuredmedia":[{"embeddable":true,"href":"https:\/\/honwaygroup.com\/es\/wp-json\/wp\/v2\/media\/128131"}],"wp:attachment":[{"href":"https:\/\/honwaygroup.com\/es\/wp-json\/wp\/v2\/media?parent=128130"}],"wp:term":[{"taxonomy":"product_brand","embeddable":true,"href":"https:\/\/honwaygroup.com\/es\/wp-json\/wp\/v2\/product_brand?post=128130"},{"taxonomy":"product_cat","embeddable":true,"href":"https:\/\/honwaygroup.com\/es\/wp-json\/wp\/v2\/product_cat?post=128130"},{"taxonomy":"product_tag","embeddable":true,"href":"https:\/\/honwaygroup.com\/es\/wp-json\/wp\/v2\/product_tag?post=128130"}],"curies":[{"name":"wp","href":"https:\/\/api.w.org\/{rel}","templated":true}]}}