{"id":128116,"date":"2021-01-17T19:06:25","date_gmt":"2021-01-17T11:06:25","guid":{"rendered":"https:\/\/honwaygroup.com\/product\/otros-productos-de-lana\/"},"modified":"2025-10-28T16:39:38","modified_gmt":"2025-10-28T08:39:38","slug":"otros-productos-de-lana","status":"publish","type":"product","link":"https:\/\/honwaygroup.com\/es\/producto\/otros-productos-de-lana\/","title":{"rendered":"Otros productos de lana"},"content":{"rendered":"<h3><strong>tops de lana<\/strong><\/h3>\n<p>&nbsp;<\/p>\n<p><a href=\"https:\/\/honwaygroup.com\/wp-content\/uploads\/2023\/07\/%E5%85%B6%E4%BB%96%E7%BE%8A%E6%AF%9B%E8%A3%BD%E5%93%81_%E7%BE%8A%E6%AF%9B%E6%A2%9D.webp\"><img decoding=\"async\" class=\"alignnone size-medium wp-image-26380\" src=\"https:\/\/honwaygroup.com\/wp-content\/uploads\/2023\/07\/%E5%85%B6%E4%BB%96%E7%BE%8A%E6%AF%9B%E8%A3%BD%E5%93%81_%E7%BE%8A%E6%AF%9B%E6%A2%9D-300x120.webp\" alt=\"Otros productos de lana_tops de lana\" width=\"300\" height=\"120\"><\/a><\/p>\n<p>unidad : mm<\/p>\n<table class=\"specTable\" width=\"100%\">\n<tbody>\n<tr>\n<th>n\u00famero de serie<\/th>\n<th>AB-S06<\/th>\n<th>AB-S10<\/th>\n<\/tr>\n<tr>\n<td style=\"text-align: center\">W x T x L<\/td>\n<td style=\"text-align: center\">6 x 6 x 100 x 45\u00b0<\/td>\n<td style=\"text-align: center\">10 x 10 x 100 x 45\u00b0<\/td>\n<\/tr>\n<\/tbody>\n<\/table>\n<h3><strong>Top de lana con asa<\/strong><\/h3>\n<p>&nbsp;<\/p>\n<p><a href=\"https:\/\/honwaygroup.com\/wp-content\/uploads\/2023\/07\/%E5%85%B6%E4%BB%96%E7%BE%8A%E6%AF%9B%E8%A3%BD%E5%93%81_%E5%B8%B6%E6%9F%84%E7%BE%8A%E6%AF%9B%E6%A2%9D.webp\"><img decoding=\"async\" class=\"alignnone size-medium wp-image-26384\" src=\"https:\/\/honwaygroup.com\/wp-content\/uploads\/2023\/07\/%E5%85%B6%E4%BB%96%E7%BE%8A%E6%AF%9B%E8%A3%BD%E5%93%81_%E5%B8%B6%E6%9F%84%E7%BE%8A%E6%AF%9B%E6%A2%9D-300x138.webp\" alt=\"Otros productos de lana_Tops de lana con asas\" width=\"300\" height=\"138\"><\/a><\/p>\n<p>unidad : mm<\/p>\n<table class=\"specTable\" width=\"100%\">\n<tbody>\n<tr>\n<th>n\u00famero de serie<\/th>\n<th>AB-R06<\/th>\n<th>AB-R10<\/th>\n<th>AB-R12<\/th>\n<\/tr>\n<tr>\n<td style=\"text-align: center\">W x T x L<\/td>\n<td style=\"text-align: center\">6 x 6 x 25<\/td>\n<td style=\"text-align: center\">10 x 10 x 35<\/td>\n<td style=\"text-align: center\">12 x 12 x 45<\/td>\n<\/tr>\n<\/tbody>\n<\/table>\n<h3><strong>piezas de lana<\/strong><\/h3>\n<p>&nbsp;<\/p>\n<p>unidad : mm<\/p>\n<table class=\"specTable\" width=\"100%\">\n<tbody>\n<tr>\n<th><a href=\"https:\/\/honwaygroup.com\/wp-content\/uploads\/2023\/07\/%E5%85%B6%E4%BB%96%E7%BE%8A%E6%AF%9B%E8%A3%BD%E5%93%81_AB-2503E.jpg\"><img decoding=\"async\" class=\"wp-image-26368 aligncenter\" src=\"https:\/\/honwaygroup.com\/wp-content\/uploads\/2023\/07\/%E5%85%B6%E4%BB%96%E7%BE%8A%E6%AF%9B%E8%A3%BD%E5%93%81_AB-2503E.jpg\" alt=\"Otros productos de lana_AB-2503E\" width=\"141\" height=\"150\"><\/a><\/th>\n<th><a href=\"https:\/\/honwaygroup.com\/wp-content\/uploads\/2023\/07\/%E5%85%B6%E4%BB%96%E7%BE%8A%E6%AF%9B%E8%A3%BD%E5%93%81_AB-2504E.webp\"><img loading=\"lazy\" decoding=\"async\" class=\"wp-image-26372 aligncenter\" src=\"https:\/\/honwaygroup.com\/wp-content\/uploads\/2023\/07\/%E5%85%B6%E4%BB%96%E7%BE%8A%E6%AF%9B%E8%A3%BD%E5%93%81_AB-2504E.webp\" alt=\"Otros productos de lana_AB-2504E\" width=\"143\" height=\"150\"><\/a><\/th>\n<th><a href=\"https:\/\/honwaygroup.com\/wp-content\/uploads\/2023\/07\/%E5%85%B6%E4%BB%96%E7%BE%8A%E6%AF%9B%E8%A3%BD%E5%93%81_AB-2505E.webp\"><img loading=\"lazy\" decoding=\"async\" class=\"wp-image-26376 aligncenter\" src=\"https:\/\/honwaygroup.com\/wp-content\/uploads\/2023\/07\/%E5%85%B6%E4%BB%96%E7%BE%8A%E6%AF%9B%E8%A3%BD%E5%93%81_AB-2505E.webp\" alt=\"Otros productos de lana_AB-2505E\" width=\"139\" height=\"150\"><\/a><\/th>\n<\/tr>\n<tr>\n<td style=\"text-align: left\">AB-2503E<\/td>\n<td style=\"text-align: left\">AB-2504E<\/td>\n<td style=\"text-align: left\">AB-2505E<\/td>\n<\/tr>\n<\/tbody>\n<\/table>\n<h3><strong><br \/>\nmango del eje<\/strong><\/h3>\n<p>&nbsp;<\/p>\n<p><a href=\"https:\/\/honwaygroup.com\/wp-content\/uploads\/2021\/01\/feltSpec3.avif\"><img loading=\"lazy\" decoding=\"async\" class=\"alignnone wp-image-7380 size-full\" src=\"https:\/\/honwaygroup.com\/wp-content\/uploads\/2021\/01\/feltSpec3.avif\" alt=\"Otros productos de lana\" width=\"480\" height=\"310\" srcset=\"https:\/\/honwaygroup.com\/wp-content\/uploads\/2021\/01\/feltSpec3.avif 480w, https:\/\/honwaygroup.com\/wp-content\/uploads\/2021\/01\/feltSpec3-300x194.avif 300w\" sizes=\"(max-width: 480px) 100vw, 480px\" \/><\/a><\/p>\n<p>\u00bfTienes preguntas? <a href=\"https:\/\/honwaygroup.com\/es\/contactar-con-honway\/\">Contactar a Honway<\/a><\/p>\n","protected":false},"excerpt":{"rendered":"<h5><strong><span style=\"color: #ff0000;font-size: 19.2px\">\u25b2<\/span><\/strong><strong><span style=\"color: #ff0000;font-size: 19.2px\">Si necesita tama\u00f1os personalizados, p\u00f3ngase en contacto con el servicio de atenci\u00f3n al cliente. La fecha de entrega se basa en la hora que nos indique el servicio de atenci\u00f3n al cliente.<\/span><\/strong><\/h5>\n<h5><strong><span style=\"color: #ff0000;font-size: 19.2px\">\u25b2<\/span><\/strong> <strong><span style=\"color: #ff0000;font-size: 19.2px\">Los pedidos grandes pueden disfrutar de descuentos, comun\u00edquese con el servicio de atenci\u00f3n al cliente para realizar consultas.<\/span><\/strong><\/h5>\n<h5><strong><span style=\"color: #ff0000;font-size: 19.2px\">\u25b2<\/span><span style=\"color: #ff0000;font-size: 19.2px\">El tiempo de<\/span><span style=\"color: #ff0000\"> entrega para pedidos de<\/span><span style=\"color: #ff0000;font-size: 19.2px\"> Taiw\u00e1n es de aproximadamente 7 a 14 d\u00edas h\u00e1biles.<\/span><\/strong><\/h5>\n<h5><strong><span style=\"color: #ff0000;font-size: 19.2px\">\u25b2<\/span><span style=\"color: #ff0000\">Los pedidos internacionales tardan aproximadamente de 7 a 14 d\u00edas en enviarse. El tiempo de entrega real depende del estado de entrega de la empresa de mensajer\u00eda.<\/span><\/strong><\/h5>\n","protected":false},"featured_media":128117,"template":"","meta":{"site-sidebar-layout":"default","site-content-layout":"default","ast-site-content-layout":"default","site-content-style":"default","site-sidebar-style":"default","ast-global-header-display":"","ast-banner-title-visibility":"","ast-main-header-display":"","ast-hfb-above-header-display":"","ast-hfb-below-header-display":"","ast-hfb-mobile-header-display":"","site-post-title":"","ast-breadcrumbs-content":"","ast-featured-img":"","footer-sml-layout":"","ast-disable-related-posts":"","theme-transparent-header-meta":"default","adv-header-id-meta":"","stick-header-meta":"default","header-above-stick-meta":"","header-main-stick-meta":"","header-below-stick-meta":"","astra-migrate-meta-layouts":"default","ast-page-background-enabled":"default","ast-page-background-meta":{"desktop":{"background-color":"var(--ast-global-color-5)","background-image":"","background-repeat":"repeat","background-position":"center center","background-size":"auto","background-attachment":"scroll","background-type":"","background-media":"","overlay-type":"","overlay-color":"","overlay-opacity":"","overlay-gradient":""},"tablet":{"background-color":"","background-image":"","background-repeat":"repeat","background-position":"center center","background-size":"auto","background-attachment":"scroll","background-type":"","background-media":"","overlay-type":"","overlay-color":"","overlay-opacity":"","overlay-gradient":""},"mobile":{"background-color":"","background-image":"","background-repeat":"repeat","background-position":"center center","background-size":"auto","background-attachment":"scroll","background-type":"","background-media":"","overlay-type":"","overlay-color":"","overlay-opacity":"","overlay-gradient":""}},"ast-content-background-meta":{"desktop":{"background-color":"var(--ast-global-color-4)","background-image":"","background-repeat":"repeat","background-position":"center center","background-size":"auto","background-attachment":"scroll","background-type":"","background-media":"","overlay-type":"","overlay-color":"","overlay-opacity":"","overlay-gradient":""},"tablet":{"background-color":"var(--ast-global-color-4)","background-image":"","background-repeat":"repeat","background-position":"center center","background-size":"auto","background-attachment":"scroll","background-type":"","background-media":"","overlay-type":"","overlay-color":"","overlay-opacity":"","overlay-gradient":""},"mobile":{"background-color":"var(--ast-global-color-4)","background-image":"","background-repeat":"repeat","background-position":"center center","background-size":"auto","background-attachment":"scroll","background-type":"","background-media":"","overlay-type":"","overlay-color":"","overlay-opacity":"","overlay-gradient":""}}},"product_brand":[],"product_cat":[10464,10468],"product_tag":[10908,10909],"class_list":{"0":"post-128116","1":"product","2":"type-product","3":"status-publish","4":"has-post-thumbnail","6":"product_cat-consumibles-perifericos-para-rectificado-y-pulido","7":"product_cat-productos-de-lana","8":"product_tag-rueda-de-lana","9":"product_tag-tops-de-lana","10":"desktop-align-left","11":"tablet-align-left","12":"mobile-align-left","13":"ast-product-gallery-layout-horizontal-slider","14":"ast-product-gallery-with-no-image","15":"ast-product-single-variable","16":"ast-product-tabs-layout-horizontal","18":"first","19":"instock","20":"taxable","21":"shipping-taxable","22":"purchasable","23":"product-type-variable"},"_links":{"self":[{"href":"https:\/\/honwaygroup.com\/es\/wp-json\/wp\/v2\/product\/128116","targetHints":{"allow":["GET"]}}],"collection":[{"href":"https:\/\/honwaygroup.com\/es\/wp-json\/wp\/v2\/product"}],"about":[{"href":"https:\/\/honwaygroup.com\/es\/wp-json\/wp\/v2\/types\/product"}],"version-history":[{"count":0,"href":"https:\/\/honwaygroup.com\/es\/wp-json\/wp\/v2\/product\/128116\/revisions"}],"wp:featuredmedia":[{"embeddable":true,"href":"https:\/\/honwaygroup.com\/es\/wp-json\/wp\/v2\/media\/128117"}],"wp:attachment":[{"href":"https:\/\/honwaygroup.com\/es\/wp-json\/wp\/v2\/media?parent=128116"}],"wp:term":[{"taxonomy":"product_brand","embeddable":true,"href":"https:\/\/honwaygroup.com\/es\/wp-json\/wp\/v2\/product_brand?post=128116"},{"taxonomy":"product_cat","embeddable":true,"href":"https:\/\/honwaygroup.com\/es\/wp-json\/wp\/v2\/product_cat?post=128116"},{"taxonomy":"product_tag","embeddable":true,"href":"https:\/\/honwaygroup.com\/es\/wp-json\/wp\/v2\/product_tag?post=128116"}],"curies":[{"name":"wp","href":"https:\/\/api.w.org\/{rel}","templated":true}]}}