{"id":128110,"date":"2021-01-18T15:50:36","date_gmt":"2021-01-18T07:50:36","guid":{"rendered":"https:\/\/honwaygroup.com\/product\/amoladora-neumatica-economica-ug-400\/"},"modified":"2021-01-18T15:50:36","modified_gmt":"2021-01-18T07:50:36","slug":"amoladora-neumatica-economica-ug-400","status":"publish","type":"product","link":"https:\/\/honwaygroup.com\/es\/producto\/amoladora-neumatica-economica-ug-400\/","title":{"rendered":"Amoladora neum\u00e1tica econ\u00f3mica UG-400"},"content":{"rendered":"<h3><strong>Amoladora neum\u00e1tica econ\u00f3mica UG-400<\/strong><\/h3>\n<p>&nbsp;<\/p>\n<table class=\"specTable\" width=\"100%\">\n<tbody>\n<tr>\n<th>Presi\u00f3n de entrada<\/th>\n<th>Peso<\/th>\n<th>Dimensiones<\/th>\n<\/tr>\n<tr>\n<td>90psi (6.2kg\/cm<sup>2<\/sup> )<\/td>\n<td>130g<\/td>\n<td>\u00d817x159L (mm)<\/td>\n<\/tr>\n<\/tbody>\n<\/table>\n<h4><strong><br \/>\nAsamblea general<\/strong><\/h4>\n<p><strong>Para que la herramienta neum\u00e1tica alcance las mejores condiciones y prolongue su vida \u00fatil, es necesario conectar tres puntos en combinaci\u00f3n para filtrar la humedad, controlar la presi\u00f3n de admisi\u00f3n y lubricar.<\/strong><\/p>\n<p><a href=\"https:\/\/honwaygroup.com\/wp-content\/uploads\/2021\/01\/%E5%B7%A6%E5%8F%B3%E6%A9%AB%E7%A7%BB%E5%BC%8F%E6%B0%A3%E5%8B%95%E9%8A%BC%E7%A3%A8%E6%A9%9F_%E5%B7%A5%E4%BD%9C%E5%8D%80%E5%9F%9F-1-%E8%A4%87%E6%9C%AC-52-1.jpg\"><img fetchpriority=\"high\" decoding=\"async\" class=\"aligncenter wp-image-28051\" src=\"https:\/\/honwaygroup.com\/wp-content\/uploads\/2021\/01\/%E5%B7%A6%E5%8F%B3%E6%A9%AB%E7%A7%BB%E5%BC%8F%E6%B0%A3%E5%8B%95%E9%8A%BC%E7%A3%A8%E6%A9%9F_%E5%B7%A5%E4%BD%9C%E5%8D%80%E5%9F%9F-1-%E8%A4%87%E6%9C%AC-52-1-300x127.jpg\" alt=\"\" width=\"600\" height=\"255\"><\/a><\/p>\n<h4><strong><br \/>\nDisposiciones para mejorar el rendimiento y la vida \u00fatil:<\/strong><\/h4>\n<p><strong>Para que la herramienta neum\u00e1tica alcance las mejores condiciones y prolongue su vida \u00fatil, es necesario conectar tres puntos en combinaci\u00f3n para filtrar la humedad, controlar la presi\u00f3n de admisi\u00f3n y lubricar.<\/strong><\/p>\n<ul class=\"main_ul\">\n<li>Antes de utilizar herramientas neum\u00e1ticas, aseg\u00farese de que haya suficiente aceite lubricante en el engrasador en la combinaci\u00f3n de tres puntos.<\/li>\n<li>Establecer la presi\u00f3n de entrada de la combinaci\u00f3n de tres puntos a 90 psi <span style=\"font-size: 16px; font-style: normal; font-weight: 400;\">(<\/span>6,2 kg\/cm<sup>2<\/sup>) es la condici\u00f3n operativa m\u00e1s adecuada.<\/li>\n<li>Antes de usar, compruebe si la botella con filtro de agua de tres puntos est\u00e1 llena. Si est\u00e1 llena, vac\u00ede el agua primero.<\/li>\n<li>Ajuste la entrada de aceite de la combinaci\u00f3n de tres puntos. Se recomienda un caudal de aproximadamente 2 cc por minuto (en condiciones normales de uso).<\/li>\n<li>Si utiliza la herramienta neum\u00e1tica durante vacaciones o un per\u00edodo prolongado, aumente el caudal de aceite a 4 cc por minuto al arrancarla. Adem\u00e1s, deje la herramienta funcionando a baja velocidad durante 20-30 segundos para que el aceite lubrique completamente todas las piezas antes de volver a ajustarla a la velocidad normal.<\/li>\n<li>Selecci\u00f3n del lubricante: No utilice lubricantes demasiado viscosos. Se recomienda usar<a href=\"https:\/\/www.cpc.com.tw\/cl.aspx?n=3192\" rel=\"nofollow noopener\" target=\"_blank\"> aceite circulante R32.<\/a><\/li>\n<\/ul>\n<h4><strong><br \/>\nEstado de funcionamiento, configuraci\u00f3n de inicio\/parada:<\/strong><\/h4>\n<ul class=\"main_ul\">\n<li>El interruptor de encendido\/apagado se acciona mediante rotaci\u00f3n. Con el cuerpo del interruptor orientado hacia el usuario, g\u00edrelo en sentido antihorario para abrir (ON) y en sentido horario para cerrar (OFF).<br \/>\n\u203b Antes de utilizar la herramienta neum\u00e1tica, aseg\u00farese de que el interruptor est\u00e9 en la posici\u00f3n \u00abOFF\u00bb.<\/li>\n<li>Al encender el interruptor de la herramienta neum\u00e1tica, g\u00edrelo 90\u00b0. Esto alcanzar\u00e1 la velocidad m\u00e1xima de operaci\u00f3n. Un \u00e1ngulo demasiado grande no solo no tendr\u00e1 efecto, sino que tambi\u00e9n podr\u00eda provocar la ca\u00edda y da\u00f1o de la v\u00e1lvula del interruptor.<\/li>\n<\/ul>\n<h4><strong><br \/>\ndispositivo de protecci\u00f3n<\/strong><\/h4>\n<p>Utilice todo el equipo de protecci\u00f3n necesario, como protectores auditivos, gafas protectoras, delantal de seguridad, casco, guantes, etc., durante su uso.<\/p>\n<h4><strong><br \/>\nAlmacenamiento de herramientas neum\u00e1ticas despu\u00e9s de su uso<\/strong><\/h4>\n<p>La herramienta debe guardarse en un lugar limpio y seco. Se recomienda almacenarla en un ambiente con temperatura constante y evitar cambios bruscos de temperatura. No deje la herramienta neum\u00e1tica hasta que se haya detenido por completo durante su uso.<\/p>\n<h4><strong><br \/>\nNormas de seguridad detalladas y recordatorios<\/strong><\/h4>\n<p><strong>Al utilizar herramientas neum\u00e1ticas, la seguridad es fundamental. Las herramientas neum\u00e1ticas deben operarse de forma segura. Lea las siguientes instrucciones antes de usarlas y \u00faselas con seguridad. <\/strong><\/p>\n<ul class=\"main_ul\">\n<li>Esta herramienta neum\u00e1tica est\u00e1 dise\u00f1ada para uso industrial, como esmerilado, grabado y pulido fino. \u00a1No la utilice en contacto con el cuerpo humano!<\/li>\n<li>Antes de usar la herramienta, verifique la presi\u00f3n de aire. Si la presi\u00f3n es inferior a 90 psi (6,2 kg\/cm<sup>\u00b2)<\/sup>, la velocidad y la potencia se reducir\u00e1n. Sin embargo, si es superior a 90 psi, provocar\u00e1 un funcionamiento a sobrevelocidad, lo cual es muy peligroso y acortar\u00e1 la vida \u00fatil de la herramienta.<\/li>\n<li>Utilice consumibles abrasivos de buena calidad. No utilice consumibles da\u00f1ados o de mala calidad.<\/li>\n<li>Si el nivel de ruido supera los 85 dB(A) durante el funcionamiento, el operador deber\u00e1 utilizar tapones o protectores auditivos.<\/li>\n<li>El uso prolongado puede provocar lesiones por vibraci\u00f3n, especialmente en manos y brazos. La gravedad de estas lesiones depende de muchos factores, como el tipo de consumibles utilizados, el proceso, la condici\u00f3n f\u00edsica del usuario, el entorno de trabajo, la duraci\u00f3n del trabajo y la temperatura. Por lo tanto, los operadores deben cumplir con la norma ISO 5349 al utilizar herramientas neum\u00e1ticas.<\/li>\n<li>Al utilizarla, tenga cuidado de no dejar que su cabello, ropa suelta o corbatas queden atrapados en la herramienta neum\u00e1tica.<\/li>\n<li>Al utilizarla, tenga cuidado de no dejar que su cabello, ropa suelta o corbatas queden atrapados en la herramienta neum\u00e1tica.<\/li>\n<li>Si alg\u00fan lubricante entra en contacto con los ojos o se ingiere accidentalmente, busque atenci\u00f3n m\u00e9dica de inmediato.<\/li>\n<li>No modifique ni desmonte la herramienta neum\u00e1tica sin el permiso o aprobaci\u00f3n del fabricante.<\/li>\n<li>Cuando la herramienta neum\u00e1tica est\u00e9 en funcionamiento, aseg\u00farese de no tocar los consumibles giratorios.<\/li>\n<li>Aseg\u00farese de que las chispas generadas no da\u00f1en a las personas que le rodean ni salpiquen materiales inflamables.<\/li>\n<li>Aseg\u00farese de que la pieza de trabajo que se est\u00e1 procesando est\u00e9 sujetada o fijada de forma segura para evitar que salga despedida.<\/li>\n<li>No utilice conductos de aire distintos a los est\u00e1ndar y no tire violentamente del conducto de aire cuando lo utilice.<\/li>\n<\/ul>\n<h4>\n<strong>Recomendaciones de seguridad sobre la longitud de sujeci\u00f3n, la velocidad de rotaci\u00f3n y la longitud de extensi\u00f3n.<\/strong><br \/>\n<strong>Nota: La longitud de sujeci\u00f3n L no debe ser inferior a 10 mm.<\/strong><\/h4>\n<p>&nbsp;<\/p>\n<p><a href=\"https:\/\/honwaygroup.com\/wp-content\/uploads\/2021\/01\/US-200-%E5%B7%A6%E5%8F%B3%E6%A9%AB%E7%A7%BB%E5%BC%8F%E6%B0%A3%E5%8B%95%E9%8A%BC%E7%A3%A8%E6%A9%9F_%E5%B7%A5%E4%BD%9C%E5%8D%80%E5%9F%9F-1-%E8%A4%87%E6%9C%AC-53-2.jpg\"><img decoding=\"async\" class=\"alignnone size-medium wp-image-28061\" src=\"https:\/\/honwaygroup.com\/wp-content\/uploads\/2021\/01\/US-200-%E5%B7%A6%E5%8F%B3%E6%A9%AB%E7%A7%BB%E5%BC%8F%E6%B0%A3%E5%8B%95%E9%8A%BC%E7%A3%A8%E6%A9%9F_%E5%B7%A5%E4%BD%9C%E5%8D%80%E5%9F%9F-1-%E8%A4%87%E6%9C%AC-53-2-300x151.jpg\" alt=\"\" width=\"300\" height=\"151\"><\/a><\/p>\n<table class=\"specTable2\" width=\"100%\">\n<tbody>\n<tr>\n<th rowspan=\"2\">\u00d8D (mm)<\/th>\n<th rowspan=\"2\">T (mm)<\/th>\n<th colspan=\"3\">Longitud de extensi\u00f3n de filamento recomendada H(mm)<\/th>\n<\/tr>\n<tr>\n<th>13mm<\/th>\n<th>25mm<\/th>\n<th>38mm<\/th>\n<\/tr>\n<tr>\n<td>3.0<\/td>\n<td>13<\/td>\n<td>105,000rpm<\/td>\n<td>64,000rpm<\/td>\n<td>46,650rpm<\/td>\n<\/tr>\n<tr>\n<td>6.0<\/td>\n<td>13<\/td>\n<td>60,000rpm<\/td>\n<td>38,000rpm<\/td>\n<td>26,250rpm<\/td>\n<\/tr>\n<tr>\n<td>9.5<\/td>\n<td>13<\/td>\n<td>45,370rpm<\/td>\n<td>28,500rpm<\/td>\n<td>21,000rpm<\/td>\n<\/tr>\n<tr>\n<td>9.5<\/td>\n<td>25<\/td>\n<td>26,250rpm<\/td>\n<td>18,750rpm<\/td>\n<td>14,250rpm<\/td>\n<\/tr>\n<tr>\n<td>13<\/td>\n<td>13<\/td>\n<td>34,500rpm<\/td>\n<td>22,500rpm<\/td>\n<td>16,870rpm<\/td>\n<\/tr>\n<tr>\n<td>13<\/td>\n<td>25<\/td>\n<td>20,620rpm<\/td>\n<td>13,870rpm<\/td>\n<td>10,120rpm<\/td>\n<\/tr>\n<\/tbody>\n<\/table>\n<ul>\n<li><strong>L = Longitud de sujeci\u00f3n<\/strong><\/li>\n<li><strong>H = longitud de extensi\u00f3n del filamento<\/strong><\/li>\n<li><strong>T = Longitud abrasiva<\/strong><\/li>\n<li><strong>\u00d8D= di\u00e1metro de la varilla de molienda<\/strong><\/li>\n<\/ul>\n<p>\u00bfTienes preguntas? <a href=\"https:\/\/honwaygroup.com\/es\/contactar-con-honway\/\">Contactar a Honway<\/a><\/p>\n","protected":false},"excerpt":{"rendered":"<div id=\"desWrap\">\n<ul>\n<li>Econ\u00f3mico, adecuado para operaciones de rectificado y acondicionamiento de precisi\u00f3n.<\/li>\n<li>La pinza no es intercambiable: la pinza est\u00e1ndar es de \u00d83,0 mm. Si necesita una pinza de \u00d82,34 o \u00d83,175 mm, especifique la pinza que desea adquirir.<\/li>\n<li>Bajo consumo de aire, alto par, buena calidad.<\/li>\n<\/ul>\n<h5><strong><span style=\"color: #ff0000; font-size: 19.2px;\">\u25b2 Si necesita comprar accesorios, comun\u00edquese con el servicio al cliente, la<\/span><\/strong> <strong><span style=\"color: #ff0000; font-size: 19.2px;\">fecha de env\u00edo se basa en el tiempo de notificaci\u00f3n del servicio al cliente<\/span><\/strong><\/h5>\n<h5><strong><span style=\"color: #ff0000; font-size: 19.2px;\">\u25b2<\/span><\/strong> <strong><span style=\"color: #ff0000; font-size: 19.2px;\">Los pedidos grandes pueden disfrutar de descuentos, comun\u00edquese con el servicio de atenci\u00f3n al cliente para realizar consultas.<\/span><\/strong><\/h5>\n<h5><strong><span style=\"color: #ff0000; font-size: 19.2px;\">\u25b2<\/span><span style=\"color: #ff0000; font-size: 19.2px;\">El tiempo de<\/span><span style=\"color: #ff0000;\"> entrega para pedidos de<\/span><span style=\"color: #ff0000; font-size: 19.2px;\"> Taiw\u00e1n es de aproximadamente 7 a 14 d\u00edas h\u00e1biles.<\/span><\/strong><\/h5>\n<h5><strong><span style=\"color: #ff0000; font-size: 19.2px;\">\u25b2<\/span><span style=\"color: #ff0000;\">Los pedidos internacionales tardan aproximadamente de 7 a 14 d\u00edas en enviarse. El tiempo de entrega real depende del estado de entrega de la empresa de mensajer\u00eda.<\/span><\/strong><\/h5>\n<\/div>\n","protected":false},"featured_media":128111,"template":"","meta":{"site-sidebar-layout":"default","site-content-layout":"default","ast-site-content-layout":"default","site-content-style":"default","site-sidebar-style":"default","ast-global-header-display":"","ast-banner-title-visibility":"","ast-main-header-display":"","ast-hfb-above-header-display":"","ast-hfb-below-header-display":"","ast-hfb-mobile-header-display":"","site-post-title":"","ast-breadcrumbs-content":"","ast-featured-img":"","footer-sml-layout":"","ast-disable-related-posts":"","theme-transparent-header-meta":"default","adv-header-id-meta":"","stick-header-meta":"default","header-above-stick-meta":"","header-main-stick-meta":"","header-below-stick-meta":"","astra-migrate-meta-layouts":"default","ast-page-background-enabled":"default","ast-page-background-meta":{"desktop":{"background-color":"var(--ast-global-color-5)","background-image":"","background-repeat":"repeat","background-position":"center center","background-size":"auto","background-attachment":"scroll","background-type":"","background-media":"","overlay-type":"","overlay-color":"","overlay-opacity":"","overlay-gradient":""},"tablet":{"background-color":"","background-image":"","background-repeat":"repeat","background-position":"center center","background-size":"auto","background-attachment":"scroll","background-type":"","background-media":"","overlay-type":"","overlay-color":"","overlay-opacity":"","overlay-gradient":""},"mobile":{"background-color":"","background-image":"","background-repeat":"repeat","background-position":"center center","background-size":"auto","background-attachment":"scroll","background-type":"","background-media":"","overlay-type":"","overlay-color":"","overlay-opacity":"","overlay-gradient":""}},"ast-content-background-meta":{"desktop":{"background-color":"var(--ast-global-color-4)","background-image":"","background-repeat":"repeat","background-position":"center center","background-size":"auto","background-attachment":"scroll","background-type":"","background-media":"","overlay-type":"","overlay-color":"","overlay-opacity":"","overlay-gradient":""},"tablet":{"background-color":"var(--ast-global-color-4)","background-image":"","background-repeat":"repeat","background-position":"center center","background-size":"auto","background-attachment":"scroll","background-type":"","background-media":"","overlay-type":"","overlay-color":"","overlay-opacity":"","overlay-gradient":""},"mobile":{"background-color":"var(--ast-global-color-4)","background-image":"","background-repeat":"repeat","background-position":"center center","background-size":"auto","background-attachment":"scroll","background-type":"","background-media":"","overlay-type":"","overlay-color":"","overlay-opacity":"","overlay-gradient":""}}},"product_brand":[],"product_cat":[10448,10452,10458,10459,10460,10457],"product_tag":[10880,10886,10903],"class_list":{"0":"post-128110","1":"product","2":"type-product","3":"status-publish","4":"has-post-thumbnail","6":"product_cat-amoladora-neumatica","7":"product_cat-amoladora-rotativa-neumatica","8":"product_cat-corte","9":"product_cat-desbarbado","10":"product_cat-materiales-de-pulido","11":"product_cat-tipo-de-aplicacion","12":"product_tag-amoladora-neumatica","13":"product_tag-amoladora-neumatica-es","14":"product_tag-ug-400-es","15":"desktop-align-left","16":"tablet-align-left","17":"mobile-align-left","18":"ast-product-gallery-layout-horizontal-slider","19":"ast-product-gallery-with-no-image","20":"ast-product-tabs-layout-horizontal","22":"first","23":"instock","24":"taxable","25":"shipping-taxable","26":"purchasable","27":"product-type-simple"},"_links":{"self":[{"href":"https:\/\/honwaygroup.com\/es\/wp-json\/wp\/v2\/product\/128110","targetHints":{"allow":["GET"]}}],"collection":[{"href":"https:\/\/honwaygroup.com\/es\/wp-json\/wp\/v2\/product"}],"about":[{"href":"https:\/\/honwaygroup.com\/es\/wp-json\/wp\/v2\/types\/product"}],"version-history":[{"count":0,"href":"https:\/\/honwaygroup.com\/es\/wp-json\/wp\/v2\/product\/128110\/revisions"}],"wp:featuredmedia":[{"embeddable":true,"href":"https:\/\/honwaygroup.com\/es\/wp-json\/wp\/v2\/media\/128111"}],"wp:attachment":[{"href":"https:\/\/honwaygroup.com\/es\/wp-json\/wp\/v2\/media?parent=128110"}],"wp:term":[{"taxonomy":"product_brand","embeddable":true,"href":"https:\/\/honwaygroup.com\/es\/wp-json\/wp\/v2\/product_brand?post=128110"},{"taxonomy":"product_cat","embeddable":true,"href":"https:\/\/honwaygroup.com\/es\/wp-json\/wp\/v2\/product_cat?post=128110"},{"taxonomy":"product_tag","embeddable":true,"href":"https:\/\/honwaygroup.com\/es\/wp-json\/wp\/v2\/product_tag?post=128110"}],"curies":[{"name":"wp","href":"https:\/\/api.w.org\/{rel}","templated":true}]}}