{"id":128035,"date":"2021-01-18T16:23:31","date_gmt":"2021-01-18T08:23:31","guid":{"rendered":"https:\/\/honwaygroup.com\/product\/escofina-neumatica-de-ultra-alta-velocidad-ur-50\/"},"modified":"2021-01-18T16:23:31","modified_gmt":"2021-01-18T08:23:31","slug":"escofina-neumatica-de-ultra-alta-velocidad-ur-50","status":"publish","type":"product","link":"https:\/\/honwaygroup.com\/es\/producto\/escofina-neumatica-de-ultra-alta-velocidad-ur-50\/","title":{"rendered":"Escofina neum\u00e1tica de ultra alta velocidad UR-50"},"content":{"rendered":"<h3><strong>Escofina neum\u00e1tica de ultra alta velocidad UR-50<\/strong><\/h3>\n<p>&nbsp;<\/p>\n<table class=\"specTable\" width=\"100%\">\n<tbody>\n<tr>\n<th>Carrera<\/th>\n<th>Presi\u00f3n de admisi\u00f3n<\/th>\n<th>Peso<\/th>\n<th>Dimensiones<\/th>\n<\/tr>\n<tr>\n<td>0.5mm<\/td>\n<td>90psi (6.2kg\/cm<sup>2<\/sup>)<\/td>\n<td>220g<\/td>\n<td>\u00d823x185L (mm)<\/td>\n<\/tr>\n<\/tbody>\n<\/table>\n<h4><strong><br \/>\nAsamblea general<\/strong><\/h4>\n<p><strong>Para mantener las herramientas neum\u00e1ticas en \u00f3ptimas condiciones y prolongar su vida \u00fatil, se requiere una conexi\u00f3n de tres puntos para filtrar la humedad, controlar la presi\u00f3n de admisi\u00f3n y proporcionar lubricaci\u00f3n.<\/strong><\/p>\n<p><a href=\"https:\/\/honwaygroup.com\/wp-content\/uploads\/2021\/01\/%E5%B7%A6%E5%8F%B3%E6%A9%AB%E7%A7%BB%E5%BC%8F%E6%B0%A3%E5%8B%95%E9%8A%BC%E7%A3%A8%E6%A9%9F_%E5%B7%A5%E4%BD%9C%E5%8D%80%E5%9F%9F-1-%E8%A4%87%E6%9C%AC-52-1.webp\"><img fetchpriority=\"high\" decoding=\"async\" class=\"aligncenter wp-image-28051\" src=\"https:\/\/honwaygroup.com\/wp-content\/uploads\/2021\/01\/%E5%B7%A6%E5%8F%B3%E6%A9%AB%E7%A7%BB%E5%BC%8F%E6%B0%A3%E5%8B%95%E9%8A%BC%E7%A3%A8%E6%A9%9F_%E5%B7%A5%E4%BD%9C%E5%8D%80%E5%9F%9F-1-%E8%A4%87%E6%9C%AC-52-1.webp\" alt=\"\" width=\"600\" height=\"255\"><\/a><\/p>\n<h4><strong><br \/>\nDisposiciones para mejorar el rendimiento y la vida \u00fatil:<\/strong><\/h4>\n<p><strong>Para mantener las herramientas neum\u00e1ticas en \u00f3ptimas condiciones y prolongar su vida \u00fatil, se requiere una conexi\u00f3n de tres puntos para filtrar la humedad, controlar la presi\u00f3n de admisi\u00f3n y proporcionar lubricaci\u00f3n.<\/strong><\/p>\n<ul class=\"main_ul\">\n<li>Antes de utilizar herramientas neum\u00e1ticas, aseg\u00farese de que haya suficiente aceite lubricante en el engrasador en la combinaci\u00f3n de tres puntos.<\/li>\n<li>La condici\u00f3n de funcionamiento m\u00e1s adecuada es establecer la presi\u00f3n de entrada de aire de la combinaci\u00f3n de tres puntos a 90 psi (6,2 kg\/cm2).<\/li>\n<li>Antes de usar, compruebe si la botella con filtro de agua de tres puntos est\u00e1 llena. Si est\u00e1 llena, vac\u00ede el agua primero.<\/li>\n<li>Ajuste la entrada de aceite de la combinaci\u00f3n de tres puntos y la velocidad recomendada es de aproximadamente 2 CC por minuto (en condiciones de uso normal).<\/li>\n<li>Si utiliza su herramienta neum\u00e1tica durante vacaciones o un per\u00edodo prolongado, aumente el caudal de aceite a 4 cc\/min al arrancarla por primera vez. Adem\u00e1s, deje la herramienta funcionando a baja velocidad durante 20-30 segundos para que el aceite lubrique completamente todas las piezas antes de volver a la velocidad normal.<\/li>\n<li>Selecci\u00f3n del lubricante: No utilice lubricantes demasiado viscosos. Se recomienda usar aceite circulante R32.<\/li>\n<\/ul>\n<h4><strong><br \/>\nEstado de funcionamiento, configuraci\u00f3n de inicio\/parada:<\/strong><\/h4>\n<ul class=\"main_ul\">\n<li>El interruptor de encendido\/apagado se acciona por rotaci\u00f3n. Con el cuerpo de la v\u00e1lvula orientado hacia el usuario, g\u00edrelo en sentido antihorario para abrir (ON) y en sentido horario para cerrar (OFF).<br \/>\n\u203b Antes de utilizar la herramienta neum\u00e1tica, aseg\u00farese siempre de que el interruptor est\u00e9 en la posici\u00f3n de apagado (OFF).<\/li>\n<li>Al encender la herramienta neum\u00e1tica, gire el interruptor 90\u00b0 para alcanzar la velocidad m\u00e1xima de funcionamiento. Un \u00e1ngulo demasiado grande no solo no tendr\u00e1 efecto, sino que tambi\u00e9n podr\u00eda provocar la ca\u00edda y da\u00f1o de la v\u00e1lvula de conmutaci\u00f3n.<\/li>\n<\/ul>\n<h4><strong><br \/>\ndispositivo de protecci\u00f3n<\/strong><\/h4>\n<p>Utilice todo el equipo de protecci\u00f3n necesario, como protectores auditivos, gafas protectoras, delantal de seguridad, casco, guantes, etc., durante su uso.<\/p>\n<h4><strong><br \/>\nAlmacenamiento de herramientas neum\u00e1ticas despu\u00e9s de su uso<\/strong><\/h4>\n<p>La herramienta debe guardarse en un lugar limpio y seco. Se recomienda almacenarla en un ambiente con temperatura constante y evitar cambios bruscos de temperatura. No deje la herramienta neum\u00e1tica hasta que se haya detenido por completo durante su uso.<\/p>\n<h4><strong><br \/>\nNormas de seguridad detalladas y recordatorios<\/strong><\/h4>\n<p><strong>Al utilizar herramientas neum\u00e1ticas, la seguridad es fundamental. Las herramientas neum\u00e1ticas deben operarse de forma segura. Lea las siguientes instrucciones antes de usarlas y aseg\u00farese de que se utilicen de forma segura.<\/strong><\/p>\n<ul class=\"main_ul\">\n<li>Esta herramienta neum\u00e1tica est\u00e1 dise\u00f1ada para uso industrial, como esmerilado, grabado y pulido fino. \u00a1No la utilice en contacto con el cuerpo humano!<\/li>\n<li>Antes de usar la herramienta, verifique la presi\u00f3n de aire. Si la presi\u00f3n es inferior a 90 psi (6,2 kg\/cm\u00b2), la velocidad y la potencia se reducir\u00e1n. Sin embargo, si es superior a 90 psi, provocar\u00e1 un funcionamiento a sobrevelocidad, lo cual es muy peligroso y acortar\u00e1 la vida \u00fatil de la herramienta.<\/li>\n<li>Utilice consumibles abrasivos de buena calidad. No utilice consumibles da\u00f1ados o en mal estado.<\/li>\n<li>Si el nivel de ruido supera los 85 dB(A) durante el funcionamiento, el operador deber\u00e1 utilizar tapones o protectores auditivos.<\/li>\n<li>El uso prolongado puede provocar lesiones por vibraci\u00f3n, especialmente en manos y brazos. La gravedad de las lesiones por vibraci\u00f3n depende de muchos factores, como el tipo de consumibles utilizados, el proceso, la condici\u00f3n f\u00edsica del usuario, el entorno de trabajo, la duraci\u00f3n del trabajo y la temperatura. Por lo tanto, los operadores deben cumplir con las directrices de la norma ISO 5349 al utilizar herramientas neum\u00e1ticas.<\/li>\n<li>Al utilizarla, tenga cuidado de no dejar que cabello, ropa suelta o corbatas queden atrapados en la herramienta neum\u00e1tica.<\/li>\n<li>El \u00e1rea de trabajo debe estar bien ventilada, preferiblemente con un colector de polvo para evitar inhalar el polvo o el gas expulsado por el compresor de aire.<\/li>\n<li>Si alg\u00fan lubricante entra en contacto con los ojos o se ingiere accidentalmente, busque atenci\u00f3n m\u00e9dica de inmediato.<\/li>\n<li>No modifique ni desmonte herramientas neum\u00e1ticas sin el permiso o consentimiento del fabricante.<\/li>\n<li>Cuando la herramienta neum\u00e1tica est\u00e9 en funcionamiento, aseg\u00farese de no tocar los consumibles giratorios.<\/li>\n<li>Aseg\u00farese de que las chispas generadas durante el uso no da\u00f1en a las personas que lo rodean ni salpiquen materiales inflamables.<\/li>\n<li>Aseg\u00farese de que la pieza de trabajo que se est\u00e1 procesando est\u00e9 sujetada o fijada de forma segura para evitar que salga despedida.<\/li>\n<li>No utilice conductos de aire distintos a los est\u00e1ndar y no tire violentamente del conducto de aire cuando lo utilice.<\/li>\n<\/ul>\n<h4>\n<strong>Recomendaciones de seguridad sobre la longitud de sujeci\u00f3n, la velocidad de rotaci\u00f3n y la longitud de extensi\u00f3n.<\/strong><br \/>\n<strong>Nota: La longitud de sujeci\u00f3n L no debe ser inferior a 10 mm.<\/strong><\/h4>\n<p>&nbsp;<\/p>\n<p><a href=\"https:\/\/honwaygroup.com\/wp-content\/uploads\/2021\/01\/US-200-%E5%B7%A6%E5%8F%B3%E6%A9%AB%E7%A7%BB%E5%BC%8F%E6%B0%A3%E5%8B%95%E9%8A%BC%E7%A3%A8%E6%A9%9F_%E5%B7%A5%E4%BD%9C%E5%8D%80%E5%9F%9F-1-%E8%A4%87%E6%9C%AC-53-2.webp\"><img decoding=\"async\" class=\"alignnone wp-image-28061 size-medium\" src=\"https:\/\/honwaygroup.com\/wp-content\/uploads\/2021\/01\/US-200-%E5%B7%A6%E5%8F%B3%E6%A9%AB%E7%A7%BB%E5%BC%8F%E6%B0%A3%E5%8B%95%E9%8A%BC%E7%A3%A8%E6%A9%9F_%E5%B7%A5%E4%BD%9C%E5%8D%80%E5%9F%9F-1-%E8%A4%87%E6%9C%AC-53-2-300x151.webp\" alt=\"\" width=\"300\" height=\"151\"><\/a><\/p>\n<table class=\"specTable2\" width=\"100%\">\n<tbody>\n<tr>\n<th rowspan=\"2\">\u00d8D (mm)<\/th>\n<th rowspan=\"2\">T (mm)<\/th>\n<th colspan=\"3\">Longitud de extensi\u00f3n de filamento recomendada H(mm)<\/th>\n<\/tr>\n<tr>\n<th>13mm<\/th>\n<th>25mm<\/th>\n<th>38mm<\/th>\n<\/tr>\n<tr>\n<td>3.0<\/td>\n<td>13<\/td>\n<td>105,000rpm<\/td>\n<td>64,000rpm<\/td>\n<td>46,650rpm<\/td>\n<\/tr>\n<tr>\n<td>6.0<\/td>\n<td>13<\/td>\n<td>60,000rpm<\/td>\n<td>38,000rpm<\/td>\n<td>26,250rpm<\/td>\n<\/tr>\n<tr>\n<td>9.5<\/td>\n<td>13<\/td>\n<td>45,370rpm<\/td>\n<td>28,500rpm<\/td>\n<td>21,000rpm<\/td>\n<\/tr>\n<tr>\n<td>9.5<\/td>\n<td>25<\/td>\n<td>26,250rpm<\/td>\n<td>18,750rpm<\/td>\n<td>14,250rpm<\/td>\n<\/tr>\n<tr>\n<td>13<\/td>\n<td>13<\/td>\n<td>34,500rpm<\/td>\n<td>22,500rpm<\/td>\n<td>16,870rpm<\/td>\n<\/tr>\n<tr>\n<td>13<\/td>\n<td>25<\/td>\n<td>20,620rpm<\/td>\n<td>13,870rpm<\/td>\n<td>10,120rpm<\/td>\n<\/tr>\n<\/tbody>\n<\/table>\n<ul>\n<li><strong>L = Longitud de sujeci\u00f3n<\/strong><\/li>\n<li><strong>H = longitud de extensi\u00f3n del filamento<\/strong><\/li>\n<li><strong>T = Longitud abrasiva<\/strong><\/li>\n<li><strong>\u00d8D= di\u00e1metro de la varilla de molienda<\/strong><\/li>\n<\/ul>\n<p>\u00bfTienes preguntas? <a href=\"https:\/\/honwaygroup.com\/es\/contactar-con-honway\/\">Contactar a Honway<\/a><\/p>\n","protected":false},"excerpt":{"rendered":"<div id=\"desWrap\">\n<ul>\n<li>Modelos de ultra alta velocidad y alto par<\/li>\n<li>UR-50 es adecuado para rectificado de alta eficiencia y eliminaci\u00f3n de rebabas o chaflanes.<\/li>\n<\/ul>\n<h5><strong><br \/>\n  <span style=\"color: #ff0000;font-size: 19.2px\">\u25b2<\/span><br \/>\n<\/strong> <strong><br \/>\n  <span style=\"color: #ff0000;font-size: 19.2px\">Los pedidos grandes pueden disfrutar de descuentos, comun\u00edquese con el servicio de atenci\u00f3n al cliente para realizar consultas.<\/span><br \/>\n<\/strong><\/h5>\n<h5><strong><span style=\"color: #ff0000;font-size: 19.2px\">\u25b2<\/span><span style=\"color: #ff0000;font-size: 19.2px\">El tiempo de<\/span><span style=\"color: #ff0000\"> entrega para pedidos de<\/span><span style=\"color: #ff0000;font-size: 19.2px\"> Taiw\u00e1n es de aproximadamente 7 a 14 d\u00edas h\u00e1biles.<\/span><\/strong><\/h5>\n<h5><strong><span style=\"color: #ff0000;font-size: 19.2px\">\u25b2<\/span><span style=\"color: #ff0000\">Los pedidos internacionales tardan aproximadamente de 7 a 14 d\u00edas en enviarse. El tiempo de entrega real depende del estado de entrega de la empresa de mensajer\u00eda.<\/span><\/strong><\/h5>\n<\/div>\n","protected":false},"featured_media":128036,"template":"","meta":{"site-sidebar-layout":"default","site-content-layout":"default","ast-site-content-layout":"default","site-content-style":"default","site-sidebar-style":"default","ast-global-header-display":"","ast-banner-title-visibility":"","ast-main-header-display":"","ast-hfb-above-header-display":"","ast-hfb-below-header-display":"","ast-hfb-mobile-header-display":"","site-post-title":"","ast-breadcrumbs-content":"","ast-featured-img":"","footer-sml-layout":"","ast-disable-related-posts":"","theme-transparent-header-meta":"default","adv-header-id-meta":"","stick-header-meta":"","header-above-stick-meta":"","header-main-stick-meta":"","header-below-stick-meta":"","astra-migrate-meta-layouts":"default","ast-page-background-enabled":"default","ast-page-background-meta":{"desktop":{"background-color":"var(--ast-global-color-5)","background-image":"","background-repeat":"repeat","background-position":"center center","background-size":"auto","background-attachment":"scroll","background-type":"","background-media":"","overlay-type":"","overlay-color":"","overlay-opacity":"","overlay-gradient":""},"tablet":{"background-color":"","background-image":"","background-repeat":"repeat","background-position":"center center","background-size":"auto","background-attachment":"scroll","background-type":"","background-media":"","overlay-type":"","overlay-color":"","overlay-opacity":"","overlay-gradient":""},"mobile":{"background-color":"","background-image":"","background-repeat":"repeat","background-position":"center center","background-size":"auto","background-attachment":"scroll","background-type":"","background-media":"","overlay-type":"","overlay-color":"","overlay-opacity":"","overlay-gradient":""}},"ast-content-background-meta":{"desktop":{"background-color":"var(--ast-global-color-4)","background-image":"","background-repeat":"repeat","background-position":"center center","background-size":"auto","background-attachment":"scroll","background-type":"","background-media":"","overlay-type":"","overlay-color":"","overlay-opacity":"","overlay-gradient":""},"tablet":{"background-color":"var(--ast-global-color-4)","background-image":"","background-repeat":"repeat","background-position":"center center","background-size":"auto","background-attachment":"scroll","background-type":"","background-media":"","overlay-type":"","overlay-color":"","overlay-opacity":"","overlay-gradient":""},"mobile":{"background-color":"var(--ast-global-color-4)","background-image":"","background-repeat":"repeat","background-position":"center center","background-size":"auto","background-attachment":"scroll","background-type":"","background-media":"","overlay-type":"","overlay-color":"","overlay-opacity":"","overlay-gradient":""}}},"product_brand":[],"product_cat":[10448,10459,10450,10460,10457],"product_tag":[10848,10874,10873],"class_list":{"0":"post-128035","1":"product","2":"type-product","3":"status-publish","4":"has-post-thumbnail","6":"product_cat-amoladora-neumatica","7":"product_cat-desbarbado","8":"product_cat-limadora-neumatica-reciprocante","9":"product_cat-materiales-de-pulido","10":"product_cat-tipo-de-aplicacion","11":"product_tag-limadora-neumatica-reciprocante","12":"product_tag-maquina-limadora-neumatica-de-ultraalta-velocidad","13":"product_tag-ur-50-es","14":"desktop-align-left","15":"tablet-align-left","16":"mobile-align-left","17":"ast-product-gallery-layout-horizontal-slider","18":"ast-product-gallery-with-no-image","19":"ast-product-tabs-layout-horizontal","21":"first","22":"instock","23":"taxable","24":"shipping-taxable","25":"purchasable","26":"product-type-simple"},"_links":{"self":[{"href":"https:\/\/honwaygroup.com\/es\/wp-json\/wp\/v2\/product\/128035","targetHints":{"allow":["GET"]}}],"collection":[{"href":"https:\/\/honwaygroup.com\/es\/wp-json\/wp\/v2\/product"}],"about":[{"href":"https:\/\/honwaygroup.com\/es\/wp-json\/wp\/v2\/types\/product"}],"version-history":[{"count":0,"href":"https:\/\/honwaygroup.com\/es\/wp-json\/wp\/v2\/product\/128035\/revisions"}],"wp:featuredmedia":[{"embeddable":true,"href":"https:\/\/honwaygroup.com\/es\/wp-json\/wp\/v2\/media\/128036"}],"wp:attachment":[{"href":"https:\/\/honwaygroup.com\/es\/wp-json\/wp\/v2\/media?parent=128035"}],"wp:term":[{"taxonomy":"product_brand","embeddable":true,"href":"https:\/\/honwaygroup.com\/es\/wp-json\/wp\/v2\/product_brand?post=128035"},{"taxonomy":"product_cat","embeddable":true,"href":"https:\/\/honwaygroup.com\/es\/wp-json\/wp\/v2\/product_cat?post=128035"},{"taxonomy":"product_tag","embeddable":true,"href":"https:\/\/honwaygroup.com\/es\/wp-json\/wp\/v2\/product_tag?post=128035"}],"curies":[{"name":"wp","href":"https:\/\/api.w.org\/{rel}","templated":true}]}}