{"id":127397,"date":"2021-01-18T17:30:45","date_gmt":"2021-01-18T09:30:45","guid":{"rendered":"https:\/\/honwaygroup.com\/product\/ar-800-el-potente-molinillo-ultrasonico-multifuncion-insignia\/"},"modified":"2021-01-18T17:30:45","modified_gmt":"2021-01-18T09:30:45","slug":"ar-800-el-potente-molinillo-ultrasonico-multifuncion-insignia","status":"publish","type":"product","link":"https:\/\/honwaygroup.com\/es\/producto\/ar-800-el-potente-molinillo-ultrasonico-multifuncion-insignia\/","title":{"rendered":"AR-800, el potente molinillo ultras\u00f3nico multifunci\u00f3n insignia"},"content":{"rendered":"<h3><strong>AR-800, el potente molinillo ultras\u00f3nico multifunci\u00f3n insignia<\/strong><\/h3>\n<p>&nbsp;<\/p>\n<table width=\"100%\">\n<tbody>\n<tr>\n<th colspan=\"2\">Controlador de potencia<\/th>\n<\/tr>\n<tr>\n<td>fuente de alimentaci\u00f3n<\/td>\n<td>AC-90V ~ 250V, 50\/60 Hz<\/td>\n<\/tr>\n<tr>\n<td>Salida ultras\u00f3nica<\/td>\n<td>45 watts<\/td>\n<\/tr>\n<tr>\n<td>Frecuencia<\/td>\n<td>18 ~ 26 kHz<\/td>\n<\/tr>\n<tr>\n<td>amplitud<\/td>\n<td>3~40\u03bcm<\/td>\n<\/tr>\n<tr>\n<td>Ajuste de frecuencia<\/td>\n<td>Seguimiento autom\u00e1tico<\/td>\n<\/tr>\n<tr>\n<td>Consumo de energ\u00eda<\/td>\n<td>300 watts<\/td>\n<\/tr>\n<tr>\n<td>fusible<\/td>\n<td>3A time-lag type<\/td>\n<\/tr>\n<tr>\n<td>Salida del motor de CC<\/td>\n<td>5 ~ 32V<\/td>\n<\/tr>\n<tr>\n<td>Potencia de salida cepillada<\/td>\n<td>Max. 150 watts <\/td>\n<\/tr>\n<tr>\n<td>Potencia de salida sin escobillas<\/td>\n<td>Max. 300 watts <\/td>\n<\/tr>\n<tr>\n<td>tama\u00f1o<\/td>\n<td>170x260x140mm<\/td>\n<\/tr>\n<tr>\n<td>peso<\/td>\n<td>2.72 kg<\/td>\n<\/tr>\n<\/tbody>\n<\/table>\n<table width=\"100%\">\n<tbody>\n<tr>\n<th colspan=\"2\">Tel\u00e9fono m\u00f3vil<\/th>\n<\/tr>\n<tr>\n<td>Tel\u00e9fono m\u00f3vil ultras\u00f3nico<\/td>\n<td>* GS-H26<\/td>\n<\/tr>\n<tr>\n<td>tama\u00f1o<\/td>\n<td>\u00d827x125mm<\/td>\n<\/tr>\n<tr>\n<td>peso<\/td>\n<td>150g<\/td>\n<\/tr>\n<\/tbody>\n<\/table>\n<table width=\"100%\">\n<tbody>\n<tr>\n<th colspan=\"2\">Tel\u00e9fono de disco<\/th>\n<\/tr>\n<tr>\n<td>Tel\u00e9fono m\u00f3vil con flash<\/td>\n<td>\u25ce<\/td>\n<\/tr>\n<tr>\n<td>Tel\u00e9fono m\u00f3vil sin escobillas<\/td>\n<td>\u25ce<\/td>\n<\/tr>\n<\/tbody>\n<\/table>\n<p><strong>Descripci\u00f3n: \u25ce Equipo opcional<\/strong><\/p>\n<h4><strong><br \/>\nEjemplos b\u00e1sicos de aplicaci\u00f3n<\/strong><\/h4>\n<table width=\"100%\">\n<tbody>\n<tr>\n<td><a href=\"https:\/\/honwaygroup.com\/wp-content\/uploads\/2021\/01\/AR-108-%E5%96%AE%E5%8A%9F%E8%83%BD%E8%B6%85%E9%9F%B3%E6%B3%A2%E7%A0%94%E7%A3%A8%E6%A9%9F-1.webp\"><img decoding=\"async\" class=\"alignnone size-full wp-image-28117\" src=\"https:\/\/honwaygroup.com\/wp-content\/uploads\/2021\/01\/AR-108-%E5%96%AE%E5%8A%9F%E8%83%BD%E8%B6%85%E9%9F%B3%E6%B3%A2%E7%A0%94%E7%A3%A8%E6%A9%9F-1.webp\" alt=\"\" width=\"194\" height=\"194\"><\/a><\/td>\n<td><a href=\"https:\/\/honwaygroup.com\/wp-content\/uploads\/2021\/01\/AR-600-E%E9%9B%99%E5%8A%9F%E8%83%BD%E8%B6%85%E9%9F%B3%E6%B3%A2%E7%A0%94%E7%A3%A8%E6%A9%9F-1_%E5%B7%A5%E4%BD%9C%E5%8D%80%E5%9F%9F-1-%E8%A4%87%E6%9C%AC-54.webp\"><img decoding=\"async\" class=\"alignnone wp-image-28211\" src=\"https:\/\/honwaygroup.com\/wp-content\/uploads\/2021\/01\/AR-600-E%E9%9B%99%E5%8A%9F%E8%83%BD%E8%B6%85%E9%9F%B3%E6%B3%A2%E7%A0%94%E7%A3%A8%E6%A9%9F-1_%E5%B7%A5%E4%BD%9C%E5%8D%80%E5%9F%9F-1-%E8%A4%87%E6%9C%AC-54-300x300.webp\" alt=\"\" width=\"194\" height=\"194\"><\/a><\/td>\n<td><a href=\"https:\/\/honwaygroup.com\/wp-content\/uploads\/2021\/01\/AR-108-%E5%96%AE%E5%8A%9F%E8%83%BD%E8%B6%85%E9%9F%B3%E6%B3%A2%E7%A0%94%E7%A3%A8%E6%A9%9F-2.webp\"><img decoding=\"async\" class=\"alignnone wp-image-28121 size-full\" src=\"https:\/\/honwaygroup.com\/wp-content\/uploads\/2021\/01\/AR-108-%E5%96%AE%E5%8A%9F%E8%83%BD%E8%B6%85%E9%9F%B3%E6%B3%A2%E7%A0%94%E7%A3%A8%E6%A9%9F-2.webp\" alt=\"\" width=\"194\" height=\"194\"><\/a><\/td>\n<td><a href=\"https:\/\/honwaygroup.com\/wp-content\/uploads\/2021\/01\/AR-108-%E5%96%AE%E5%8A%9F%E8%83%BD%E8%B6%85%E9%9F%B3%E6%B3%A2%E7%A0%94%E7%A3%A8%E6%A9%9F-3.webp\"><img loading=\"lazy\" decoding=\"async\" class=\"alignnone wp-image-28125\" src=\"https:\/\/honwaygroup.com\/wp-content\/uploads\/2021\/01\/AR-108-%E5%96%AE%E5%8A%9F%E8%83%BD%E8%B6%85%E9%9F%B3%E6%B3%A2%E7%A0%94%E7%A3%A8%E6%A9%9F-3-300x300.webp\" alt=\"\" width=\"194\" height=\"194\"><\/a><\/td>\n<\/tr>\n<tr>\n<td style=\"text-align: left\"><strong>Acabado de moldes<\/strong><\/td>\n<td style=\"text-align: left\"><strong>Afilado<\/strong><\/td>\n<td style=\"text-align: left\"><strong>Micromecanizado de juntas y ranuras finas<\/strong><\/td>\n<td style=\"text-align: left\"><strong><a href=\"https:\/\/zh.wikipedia.org\/wiki\/%E5%8D%B0%E5%88%B6%E7%94%B5%E8%B7%AF%E6%9D%BF\" rel=\"nofollow noopener\" target=\"_blank\">Modificaci\u00f3n<\/a> de circuitos impresos<\/strong><\/td>\n<\/tr>\n<\/tbody>\n<\/table>\n<h4><strong><br \/>\nLista de tel\u00e9fonos m\u00f3viles compatibles con AR-800<\/strong><\/h4>\n<p><a href=\"https:\/\/honwaygroup.com\/wp-content\/uploads\/2021\/01\/AR-800-%E6%97%97%E8%89%A6%E5%A4%9A%E5%8A%9F%E8%83%BD%E5%BC%B7%E5%8A%9B%E5%9E%8B%E8%B6%85%E9%9F%B3%E6%B3%A2%E7%A0%94%E7%A3%A8%E6%A9%9F.webp\"><img loading=\"lazy\" decoding=\"async\" class=\"alignnone wp-image-32345 size-large\" src=\"https:\/\/honwaygroup.com\/wp-content\/uploads\/2021\/01\/AR-800-%E6%97%97%E8%89%A6%E5%A4%9A%E5%8A%9F%E8%83%BD%E5%BC%B7%E5%8A%9B%E5%9E%8B%E8%B6%85%E9%9F%B3%E6%B3%A2%E7%A0%94%E7%A3%A8%E6%A9%9F-1024x265.webp\" alt=\"\" width=\"1024\" height=\"265\"><\/a><\/p>\n<h4><strong><br \/>\nAR-800 Contenido real de todo el conjunto (conjunto est\u00e1ndar)<\/strong><\/h4>\n<table width=\"100%\">\n<tbody>\n<tr>\n<td>Tel\u00e9fono m\u00f3vil ultras\u00f3nico<\/td>\n<td width=\"20%\"><a href=\"https:\/\/honwaygroup.com\/wp-content\/uploads\/2021\/01\/AR-108-%E5%96%AE%E5%8A%9F%E8%83%BD%E8%B6%85%E9%9F%B3%E6%B3%A2%E7%A0%94%E7%A3%A8%E6%A9%9F-5.webp\"><img loading=\"lazy\" decoding=\"async\" class=\"alignnone size-full wp-image-28133\" src=\"https:\/\/honwaygroup.com\/wp-content\/uploads\/2021\/01\/AR-108-%E5%96%AE%E5%8A%9F%E8%83%BD%E8%B6%85%E9%9F%B3%E6%B3%A2%E7%A0%94%E7%A3%A8%E6%A9%9F-5.webp\" alt=\"\" width=\"200\" height=\"85\"><\/a><\/td>\n<td>(GS-H26) \u00d827x125mm<\/td>\n<\/tr>\n<tr>\n<td>cable de alimentaci\u00f3n<\/td>\n<td><a href=\"https:\/\/honwaygroup.com\/wp-content\/uploads\/2021\/01\/AR-108-%E5%96%AE%E5%8A%9F%E8%83%BD%E8%B6%85%E9%9F%B3%E6%B3%A2%E7%A0%94%E7%A3%A8%E6%A9%9F-6.webp\"><img loading=\"lazy\" decoding=\"async\" class=\"alignnone wp-image-28137 size-full\" src=\"https:\/\/honwaygroup.com\/wp-content\/uploads\/2021\/01\/AR-108-%E5%96%AE%E5%8A%9F%E8%83%BD%E8%B6%85%E9%9F%B3%E6%B3%A2%E7%A0%94%E7%A3%A8%E6%A9%9F-6.webp\" alt=\"\" width=\"200\" height=\"85\"><\/a><\/td>\n<td>18AWG x3Cx180cm<\/td>\n<\/tr>\n<tr>\n<td>Cable de tel\u00e9fono m\u00f3vil<\/td>\n<td><a href=\"https:\/\/honwaygroup.com\/wp-content\/uploads\/2021\/01\/AR-108-%E5%96%AE%E5%8A%9F%E8%83%BD%E8%B6%85%E9%9F%B3%E6%B3%A2%E7%A0%94%E7%A3%A8%E6%A9%9F-7.webp\"><img loading=\"lazy\" decoding=\"async\" class=\"alignnone wp-image-28141 size-full\" src=\"https:\/\/honwaygroup.com\/wp-content\/uploads\/2021\/01\/AR-108-%E5%96%AE%E5%8A%9F%E8%83%BD%E8%B6%85%E9%9F%B3%E6%B3%A2%E7%A0%94%E7%A3%A8%E6%A9%9F-7.webp\" alt=\"\" width=\"200\" height=\"85\"><\/a><\/td>\n<td>3Cx150cm<\/td>\n<\/tr>\n<tr>\n<td>llave hexagonal<\/td>\n<td><a href=\"https:\/\/honwaygroup.com\/wp-content\/uploads\/2021\/01\/AR-108-%E5%96%AE%E5%8A%9F%E8%83%BD%E8%B6%85%E9%9F%B3%E6%B3%A2%E7%A0%94%E7%A3%A8%E6%A9%9F-8.webp\"><img loading=\"lazy\" decoding=\"async\" class=\"alignnone wp-image-28145 size-full\" src=\"https:\/\/honwaygroup.com\/wp-content\/uploads\/2021\/01\/AR-108-%E5%96%AE%E5%8A%9F%E8%83%BD%E8%B6%85%E9%9F%B3%E6%B3%A2%E7%A0%94%E7%A3%A8%E6%A9%9F-8.webp\" alt=\"\" width=\"200\" height=\"85\"><\/a><\/td>\n<td>HEX (62mm)<\/td>\n<\/tr>\n<tr>\n<td>Soporte para tel\u00e9fono m\u00f3vil<\/td>\n<td><a href=\"https:\/\/honwaygroup.com\/wp-content\/uploads\/2021\/01\/AR-108-%E5%96%AE%E5%8A%9F%E8%83%BD%E8%B6%85%E9%9F%B3%E6%B3%A2%E7%A0%94%E7%A3%A8%E6%A9%9F-9.webp\"><img loading=\"lazy\" decoding=\"async\" class=\"alignnone wp-image-28149 size-full\" src=\"https:\/\/honwaygroup.com\/wp-content\/uploads\/2021\/01\/AR-108-%E5%96%AE%E5%8A%9F%E8%83%BD%E8%B6%85%E9%9F%B3%E6%B3%A2%E7%A0%94%E7%A3%A8%E6%A9%9F-9.webp\" alt=\"\" width=\"200\" height=\"85\"><\/a><\/td>\n<td>110x50x35 mm<\/td>\n<\/tr>\n<tr>\n<td>Soporte de extracci\u00f3n de mandril<\/td>\n<td><a href=\"https:\/\/honwaygroup.com\/wp-content\/uploads\/2021\/01\/AR-800-%E6%97%97%E8%89%A6%E5%A4%9A%E5%8A%9F%E8%83%BD%E5%BC%B7%E5%8A%9B%E5%9E%8B%E8%B6%85%E9%9F%B3%E6%B3%A2%E7%A0%94%E7%A3%A8%E6%A9%9F-2.webp\"><img loading=\"lazy\" decoding=\"async\" class=\"alignnone wp-image-28486 size-full\" src=\"https:\/\/honwaygroup.com\/wp-content\/uploads\/2021\/01\/AR-800-%E6%97%97%E8%89%A6%E5%A4%9A%E5%8A%9F%E8%83%BD%E5%BC%B7%E5%8A%9B%E5%9E%8B%E8%B6%85%E9%9F%B3%E6%B3%A2%E7%A0%94%E7%A3%A8%E6%A9%9F-2.webp\" alt=\"\" width=\"200\" height=\"85\"><\/a><\/td>\n<td>Extracci\u00f3n del mandril de chavetero de 10 mm<\/td>\n<\/tr>\n<tr>\n<td>llave inglesa<\/td>\n<td><a href=\"https:\/\/honwaygroup.com\/wp-content\/uploads\/2021\/01\/AR-108-%E5%96%AE%E5%8A%9F%E8%83%BD%E8%B6%85%E9%9F%B3%E6%B3%A2%E7%A0%94%E7%A3%A8%E6%A9%9F-11.webp\"><img loading=\"lazy\" decoding=\"async\" class=\"alignnone wp-image-28157 size-full\" src=\"https:\/\/honwaygroup.com\/wp-content\/uploads\/2021\/01\/AR-108-%E5%96%AE%E5%8A%9F%E8%83%BD%E8%B6%85%E9%9F%B3%E6%B3%A2%E7%A0%94%E7%A3%A8%E6%A9%9F-11.webp\" alt=\"\" width=\"200\" height=\"85\"><\/a><\/td>\n<td>140mm (10\/12)<\/td>\n<\/tr>\n<tr>\n<td>Adaptador (M6)<\/td>\n<td><a href=\"https:\/\/honwaygroup.com\/wp-content\/uploads\/2021\/01\/AR-800-%E6%97%97%E8%89%A6%E5%A4%9A%E5%8A%9F%E8%83%BD%E5%BC%B7%E5%8A%9B%E5%9E%8B%E8%B6%85%E9%9F%B3%E6%B3%A2%E7%A0%94%E7%A3%A8%E6%A9%9F-3.webp\"><img loading=\"lazy\" decoding=\"async\" class=\"alignnone wp-image-28490 size-full\" src=\"https:\/\/honwaygroup.com\/wp-content\/uploads\/2021\/01\/AR-800-%E6%97%97%E8%89%A6%E5%A4%9A%E5%8A%9F%E8%83%BD%E5%BC%B7%E5%8A%9B%E5%9E%8B%E8%B6%85%E9%9F%B3%E6%B3%A2%E7%A0%94%E7%A3%A8%E6%A9%9F-3.webp\" alt=\"\" width=\"200\" height=\"85\"><\/a><\/td>\n<td>Dise\u00f1ado espec\u00edficamente para herramientas de rosca M6<\/td>\n<\/tr>\n<tr>\n<td>Pinza (\u00d83,0 mm)<\/td>\n<td><a href=\"https:\/\/honwaygroup.com\/wp-content\/uploads\/2021\/01\/AR-108-%E5%96%AE%E5%8A%9F%E8%83%BD%E8%B6%85%E9%9F%B3%E6%B3%A2%E7%A0%94%E7%A3%A8%E6%A9%9F-12.webp\"><img loading=\"lazy\" decoding=\"async\" class=\"alignnone wp-image-28161 size-full\" src=\"https:\/\/honwaygroup.com\/wp-content\/uploads\/2021\/01\/AR-108-%E5%96%AE%E5%8A%9F%E8%83%BD%E8%B6%85%E9%9F%B3%E6%B3%A2%E7%A0%94%E7%A3%A8%E6%A9%9F-12.webp\" alt=\"\" width=\"200\" height=\"85\"><\/a><\/td>\n<td>Dise\u00f1ada para herramientas con v\u00e1stago de \u00d83 mm<\/td>\n<\/tr>\n<tr>\n<td>Portapinzas (3.0mm)<\/td>\n<td><a href=\"https:\/\/honwaygroup.com\/wp-content\/uploads\/2021\/01\/AR-600-E%E9%9B%99%E5%8A%9F%E8%83%BD%E8%B6%85%E9%9F%B3%E6%B3%A2%E7%A0%94%E7%A3%A8%E6%A9%9F-3.webp\"><img loading=\"lazy\" decoding=\"async\" class=\"alignnone wp-image-28226 size-full\" src=\"https:\/\/honwaygroup.com\/wp-content\/uploads\/2021\/01\/AR-600-E%E9%9B%99%E5%8A%9F%E8%83%BD%E8%B6%85%E9%9F%B3%E6%B3%A2%E7%A0%94%E7%A3%A8%E6%A9%9F-3.webp\" alt=\"\" width=\"200\" height=\"85\"><\/a><\/td>\n<td>Dise\u00f1ado para piedras de aceite de 3 mm de espesor<\/td>\n<\/tr>\n<tr>\n<td>Mandril (1.0mm)<\/td>\n<td><a href=\"https:\/\/honwaygroup.com\/wp-content\/uploads\/2021\/01\/AR-108-%E5%96%AE%E5%8A%9F%E8%83%BD%E8%B6%85%E9%9F%B3%E6%B3%A2%E7%A0%94%E7%A3%A8%E6%A9%9F-13.webp\"><img loading=\"lazy\" decoding=\"async\" class=\"alignnone wp-image-28165 size-full\" src=\"https:\/\/honwaygroup.com\/wp-content\/uploads\/2021\/01\/AR-108-%E5%96%AE%E5%8A%9F%E8%83%BD%E8%B6%85%E9%9F%B3%E6%B3%A2%E7%A0%94%E7%A3%A8%E6%A9%9F-13.webp\" alt=\"\" width=\"200\" height=\"85\"><\/a><\/td>\n<td>Dise\u00f1ado para piedras de aceite\/fibra de vidrio de 1 mm de espesor<\/td>\n<\/tr>\n<tr>\n<td>Interruptor de pie<\/td>\n<td><a href=\"https:\/\/honwaygroup.com\/wp-content\/uploads\/2021\/01\/AR-108-%E5%96%AE%E5%8A%9F%E8%83%BD%E8%B6%85%E9%9F%B3%E6%B3%A2%E7%A0%94%E7%A3%A8%E6%A9%9F-14.webp\"><img loading=\"lazy\" decoding=\"async\" class=\"alignnone wp-image-28169 size-full\" src=\"https:\/\/honwaygroup.com\/wp-content\/uploads\/2021\/01\/AR-108-%E5%96%AE%E5%8A%9F%E8%83%BD%E8%B6%85%E9%9F%B3%E6%B3%A2%E7%A0%94%E7%A3%A8%E6%A9%9F-14.webp\" alt=\"\" width=\"200\" height=\"85\"><\/a><\/td>\n<td>Longitud del cable de alimentaci\u00f3n del interruptor de pedal: 150 mm<\/td>\n<\/tr>\n<\/tbody>\n<\/table>\n<p>\u00bfTienes preguntas? <a href=\"https:\/\/honwaygroup.com\/es\/contactar-con-honway\/\">Contactar a Honway<\/a><\/p>\n","protected":false},"excerpt":{"rendered":"<h5>\n<strong style=\"font-size: 1.3em\">El modelo insignia es un dise\u00f1o<\/strong> <strong style=\"font-size: 1.3em\">completamente nuevo con el dise\u00f1o multifunci\u00f3n m\u00e1s avanzado<\/strong>, <strong style=\"font-size: 1.3em\">que combina salida de CC ultras\u00f3nica<\/strong>, <strong style=\"font-size: 1.3em\">con escobillas y sin escobillas.<\/strong><\/h5>\n<p>&nbsp;<\/p>\n<div id=\"desWrap\">\n<ul>\n<li>La salida m\u00e1xima de CC sin escobillas es de 300 W y la salida m\u00e1xima de CC con escobillas es de 150 W, lo que proporciona a varios tel\u00e9fonos m\u00f3viles un mayor torque para lograr el mejor efecto de pulido.<\/li>\n<li>El microprocesador avanzado de alta eficiencia hace que el pulido ultras\u00f3nico sea m\u00e1s estable y eficiente.<\/li>\n<li>Al utilizar una pieza de mano sin escobillas, la pantalla de velocidad LED le permite ajustar la velocidad m\u00e1s adecuada seg\u00fan las diferentes herramientas para lograr el efecto de pulido m\u00e1s eficiente y seguro.<\/li>\n<li>Cada vez que inicie la m\u00e1quina, el sistema volver\u00e1 autom\u00e1ticamente la velocidad a \u00abcero\u00bb para evitar el peligro causado por el arranque a alta velocidad del tel\u00e9fono m\u00f3vil.<\/li>\n<li>El equipamiento est\u00e1ndar de esta m\u00e1quina incluye una pieza de mano ultras\u00f3nica (GS-H26)<\/li>\n<\/ul>\n<h5><strong><span style=\"color: #ff0000;font-size: 19.2px\">\u25b2 Si necesita comprar accesorios, comun\u00edquese con el servicio al cliente, la<\/span><\/strong> <strong><span style=\"color: #ff0000;font-size: 19.2px\">fecha de env\u00edo se basa en el tiempo de notificaci\u00f3n del servicio al cliente<\/span><\/strong><\/h5>\n<h5><strong><span style=\"color: #ff0000;font-size: 19.2px\">\u25b2<\/span><\/strong> <strong><span style=\"color: #ff0000;font-size: 19.2px\">Los pedidos grandes pueden disfrutar de descuentos, comun\u00edquese con el servicio de atenci\u00f3n al cliente para realizar consultas.<\/span><\/strong><\/h5>\n<h5><strong><span style=\"color: #ff0000;font-size: 19.2px\">\u25b2<\/span><span style=\"color: #ff0000;font-size: 19.2px\">El tiempo de<\/span><span style=\"color: #ff0000\"> entrega para pedidos de<\/span><span style=\"color: #ff0000;font-size: 19.2px\"> Taiw\u00e1n es de aproximadamente 7 a 14 d\u00edas h\u00e1biles.<\/span><\/strong><\/h5>\n<h5><strong><span style=\"color: #ff0000;font-size: 19.2px\">\u25b2<\/span><span style=\"color: #ff0000\">Los pedidos internacionales tardan aproximadamente de 7 a 14 d\u00edas en enviarse. El tiempo de entrega real depende del estado de entrega de la empresa de mensajer\u00eda.<\/span><\/strong><\/h5>\n<\/div>\n","protected":false},"featured_media":127398,"template":"","meta":{"site-sidebar-layout":"default","site-content-layout":"default","ast-site-content-layout":"default","site-content-style":"default","site-sidebar-style":"default","ast-global-header-display":"","ast-banner-title-visibility":"","ast-main-header-display":"","ast-hfb-above-header-display":"","ast-hfb-below-header-display":"","ast-hfb-mobile-header-display":"","site-post-title":"","ast-breadcrumbs-content":"","ast-featured-img":"","footer-sml-layout":"","ast-disable-related-posts":"","theme-transparent-header-meta":"default","adv-header-id-meta":"","stick-header-meta":"default","header-above-stick-meta":"","header-main-stick-meta":"","header-below-stick-meta":"","astra-migrate-meta-layouts":"default","ast-page-background-enabled":"default","ast-page-background-meta":{"desktop":{"background-color":"var(--ast-global-color-5)","background-image":"","background-repeat":"repeat","background-position":"center center","background-size":"auto","background-attachment":"scroll","background-type":"","background-media":"","overlay-type":"","overlay-color":"","overlay-opacity":"","overlay-gradient":""},"tablet":{"background-color":"","background-image":"","background-repeat":"repeat","background-position":"center center","background-size":"auto","background-attachment":"scroll","background-type":"","background-media":"","overlay-type":"","overlay-color":"","overlay-opacity":"","overlay-gradient":""},"mobile":{"background-color":"","background-image":"","background-repeat":"repeat","background-position":"center center","background-size":"auto","background-attachment":"scroll","background-type":"","background-media":"","overlay-type":"","overlay-color":"","overlay-opacity":"","overlay-gradient":""}},"ast-content-background-meta":{"desktop":{"background-color":"var(--ast-global-color-4)","background-image":"","background-repeat":"repeat","background-position":"center center","background-size":"auto","background-attachment":"scroll","background-type":"","background-media":"","overlay-type":"","overlay-color":"","overlay-opacity":"","overlay-gradient":""},"tablet":{"background-color":"var(--ast-global-color-4)","background-image":"","background-repeat":"repeat","background-position":"center center","background-size":"auto","background-attachment":"scroll","background-type":"","background-media":"","overlay-type":"","overlay-color":"","overlay-opacity":"","overlay-gradient":""},"mobile":{"background-color":"var(--ast-global-color-4)","background-image":"","background-repeat":"repeat","background-position":"center center","background-size":"auto","background-attachment":"scroll","background-type":"","background-media":"","overlay-type":"","overlay-color":"","overlay-opacity":"","overlay-gradient":""}}},"product_brand":[],"product_cat":[10455,10458,10459,10460,10453,10457],"product_tag":[10841],"class_list":{"0":"post-127397","1":"product","2":"type-product","3":"status-publish","4":"has-post-thumbnail","6":"product_cat-amoladora-ultrasonica-electrica","7":"product_cat-corte","8":"product_cat-desbarbado","9":"product_cat-materiales-de-pulido","10":"product_cat-molinillos-ultrasonicos-y-electricos","11":"product_cat-tipo-de-aplicacion","12":"product_tag-maquina-de-pulido-ultrasonico","13":"desktop-align-left","14":"tablet-align-left","15":"mobile-align-left","16":"ast-product-gallery-layout-horizontal-slider","17":"ast-product-gallery-with-no-image","18":"ast-product-tabs-layout-horizontal","20":"first","21":"instock","22":"taxable","23":"shipping-taxable","24":"purchasable","25":"product-type-simple"},"_links":{"self":[{"href":"https:\/\/honwaygroup.com\/es\/wp-json\/wp\/v2\/product\/127397","targetHints":{"allow":["GET"]}}],"collection":[{"href":"https:\/\/honwaygroup.com\/es\/wp-json\/wp\/v2\/product"}],"about":[{"href":"https:\/\/honwaygroup.com\/es\/wp-json\/wp\/v2\/types\/product"}],"version-history":[{"count":0,"href":"https:\/\/honwaygroup.com\/es\/wp-json\/wp\/v2\/product\/127397\/revisions"}],"wp:featuredmedia":[{"embeddable":true,"href":"https:\/\/honwaygroup.com\/es\/wp-json\/wp\/v2\/media\/127398"}],"wp:attachment":[{"href":"https:\/\/honwaygroup.com\/es\/wp-json\/wp\/v2\/media?parent=127397"}],"wp:term":[{"taxonomy":"product_brand","embeddable":true,"href":"https:\/\/honwaygroup.com\/es\/wp-json\/wp\/v2\/product_brand?post=127397"},{"taxonomy":"product_cat","embeddable":true,"href":"https:\/\/honwaygroup.com\/es\/wp-json\/wp\/v2\/product_cat?post=127397"},{"taxonomy":"product_tag","embeddable":true,"href":"https:\/\/honwaygroup.com\/es\/wp-json\/wp\/v2\/product_tag?post=127397"}],"curies":[{"name":"wp","href":"https:\/\/api.w.org\/{rel}","templated":true}]}}