{"id":127395,"date":"2021-01-18T17:33:47","date_gmt":"2021-01-18T09:33:47","guid":{"rendered":"https:\/\/honwaygroup.com\/product\/amoladora-ultrasonica-de-funcion-unica-ar-108\/"},"modified":"2021-01-18T17:33:47","modified_gmt":"2021-01-18T09:33:47","slug":"amoladora-ultrasonica-de-funcion-unica-ar-108","status":"publish","type":"product","link":"https:\/\/honwaygroup.com\/es\/producto\/amoladora-ultrasonica-de-funcion-unica-ar-108\/","title":{"rendered":"Amoladora ultras\u00f3nica de funci\u00f3n \u00fanica AR-108"},"content":{"rendered":"<h3><strong>Amoladora ultras\u00f3nica de funci\u00f3n \u00fanica AR-108<\/strong><\/h3>\n<p>&nbsp;<\/p>\n<table class=\"specTable\" width=\"100%\">\n<tbody>\n<tr>\n<th colspan=\"2\"><strong>Controlador de potencia<\/strong><\/th>\n<\/tr>\n<tr>\n<td>fuente de alimentaci\u00f3n<\/td>\n<td>AC-90V ~ 250V, 50\/60 Hz<\/td>\n<\/tr>\n<tr>\n<td>Salida ultras\u00f3nica<\/td>\n<td>40watts<\/td>\n<\/tr>\n<tr>\n<td>Frecuencia<\/td>\n<td>18 ~ 25 kHz<\/td>\n<\/tr>\n<tr>\n<td>amplitud<\/td>\n<td>10 ~ 35 \u03bcm<\/td>\n<\/tr>\n<tr>\n<td>Ajuste de frecuencia<\/td>\n<td>Seguimiento autom\u00e1tico<\/td>\n<\/tr>\n<tr>\n<td>Consumo de energ\u00eda<\/td>\n<td>46 watts<\/td>\n<\/tr>\n<tr>\n<td>fusible<\/td>\n<td>2A time-lag type<\/td>\n<\/tr>\n<tr>\n<td>Salida del motor de CC<\/td>\n<td>None<\/td>\n<\/tr>\n<tr>\n<td>Potencia de salida cepillada<\/td>\n<td>None<\/td>\n<\/tr>\n<tr>\n<td>Potencia de salida sin escobillas<\/td>\n<td>None<\/td>\n<\/tr>\n<tr>\n<td>tama\u00f1o<\/td>\n<td>192x156x96mm<\/td>\n<\/tr>\n<tr>\n<td>peso<\/td>\n<td>0.7 kg<\/td>\n<\/tr>\n<\/tbody>\n<\/table>\n<p>&nbsp;<\/p>\n<table class=\"specTable\" width=\"100%\">\n<tbody>\n<tr>\n<th colspan=\"2\"><strong>Tel\u00e9fono m\u00f3vil<\/strong><\/th>\n<\/tr>\n<tr>\n<td>Tel\u00e9fono m\u00f3vil ultras\u00f3nico<\/td>\n<td>GS-H06<\/td>\n<\/tr>\n<tr>\n<td>tama\u00f1o<\/td>\n<td>\u00d830x120mm<\/td>\n<\/tr>\n<tr>\n<td>peso<\/td>\n<td>175g<\/td>\n<\/tr>\n<\/tbody>\n<\/table>\n<h4><strong><br \/>\nEjemplos b\u00e1sicos de aplicaci\u00f3n<\/strong><\/h4>\n<table class=\"specTable center\" width=\"100%\">\n<tbody>\n<tr>\n<td><a href=\"https:\/\/honwaygroup.com\/wp-content\/uploads\/2021\/01\/AR-108-%E5%96%AE%E5%8A%9F%E8%83%BD%E8%B6%85%E9%9F%B3%E6%B3%A2%E7%A0%94%E7%A3%A8%E6%A9%9F-1.webp\"><img decoding=\"async\" class=\"wp-image-28117 size-full aligncenter\" src=\"https:\/\/honwaygroup.com\/wp-content\/uploads\/2021\/01\/AR-108-%E5%96%AE%E5%8A%9F%E8%83%BD%E8%B6%85%E9%9F%B3%E6%B3%A2%E7%A0%94%E7%A3%A8%E6%A9%9F-1.webp\" alt=\"\" width=\"194\" height=\"194\"><\/a><\/td>\n<td><a href=\"https:\/\/honwaygroup.com\/wp-content\/uploads\/2021\/01\/AR-108-%E5%96%AE%E5%8A%9F%E8%83%BD%E8%B6%85%E9%9F%B3%E6%B3%A2%E7%A0%94%E7%A3%A8%E6%A9%9F-2.webp\"><img decoding=\"async\" class=\"wp-image-28121 size-full aligncenter\" src=\"https:\/\/honwaygroup.com\/wp-content\/uploads\/2021\/01\/AR-108-%E5%96%AE%E5%8A%9F%E8%83%BD%E8%B6%85%E9%9F%B3%E6%B3%A2%E7%A0%94%E7%A3%A8%E6%A9%9F-2.webp\" alt=\"\" width=\"194\" height=\"194\"><\/a><\/td>\n<td><a href=\"https:\/\/honwaygroup.com\/wp-content\/uploads\/2021\/01\/AR-108-%E5%96%AE%E5%8A%9F%E8%83%BD%E8%B6%85%E9%9F%B3%E6%B3%A2%E7%A0%94%E7%A3%A8%E6%A9%9F-3.webp\"><img decoding=\"async\" class=\"wp-image-28125 aligncenter\" src=\"https:\/\/honwaygroup.com\/wp-content\/uploads\/2021\/01\/AR-108-%E5%96%AE%E5%8A%9F%E8%83%BD%E8%B6%85%E9%9F%B3%E6%B3%A2%E7%A0%94%E7%A3%A8%E6%A9%9F-3-300x300.webp\" alt=\"\" width=\"194\" height=\"194\"><\/a><\/td>\n<\/tr>\n<tr>\n<td style=\"text-align: left\"><strong>Acabado de moldes<\/strong><\/td>\n<td style=\"text-align: left\"><strong>Micromecanizado de juntas y ranuras finas<\/strong><\/td>\n<td style=\"text-align: left\"><strong><a href=\"https:\/\/zh.wikipedia.org\/wiki\/%E5%8D%B0%E5%88%B6%E7%94%B5%E8%B7%AF%E6%9D%BF\" rel=\"nofollow noopener\" target=\"_blank\">Modificaci\u00f3n<\/a> de circuitos impresos<\/strong><\/td>\n<\/tr>\n<\/tbody>\n<\/table>\n<h4><strong><br \/>\nLista de tel\u00e9fonos m\u00f3viles compatibles con AR-108<\/strong><\/h4>\n<p><a href=\"https:\/\/honwaygroup.com\/wp-content\/uploads\/2021\/01\/AR-108-%E5%96%AE%E5%8A%9F%E8%83%BD%E8%B6%85%E9%9F%B3%E6%B3%A2%E7%A0%94%E7%A3%A8%E6%A9%9F-4.webp\"><img loading=\"lazy\" decoding=\"async\" class=\"alignnone wp-image-28129 size-full\" src=\"https:\/\/honwaygroup.com\/wp-content\/uploads\/2021\/01\/AR-108-%E5%96%AE%E5%8A%9F%E8%83%BD%E8%B6%85%E9%9F%B3%E6%B3%A2%E7%A0%94%E7%A3%A8%E6%A9%9F-4.webp\" alt=\"\" width=\"2000\" height=\"217\"><\/a><\/p>\n<h4><strong><br \/>\nAR-108 Contenido real de todo el conjunto (conjunto est\u00e1ndar)<\/strong><\/h4>\n<table class=\"specTable\" width=\"100%\">\n<tbody>\n<tr>\n<td>Tel\u00e9fono m\u00f3vil ultras\u00f3nico<\/td>\n<td width=\"20%\"><a href=\"https:\/\/honwaygroup.com\/wp-content\/uploads\/2021\/01\/AR-108-%E5%96%AE%E5%8A%9F%E8%83%BD%E8%B6%85%E9%9F%B3%E6%B3%A2%E7%A0%94%E7%A3%A8%E6%A9%9F-5.webp\"><img loading=\"lazy\" decoding=\"async\" class=\"alignnone size-full wp-image-28133\" src=\"https:\/\/honwaygroup.com\/wp-content\/uploads\/2021\/01\/AR-108-%E5%96%AE%E5%8A%9F%E8%83%BD%E8%B6%85%E9%9F%B3%E6%B3%A2%E7%A0%94%E7%A3%A8%E6%A9%9F-5.webp\" alt=\"\" width=\"200\" height=\"85\"><\/a><\/td>\n<td>(GS-H06) \u00d830x130mm<\/td>\n<\/tr>\n<tr>\n<td>cable de alimentaci\u00f3n<\/td>\n<td width=\"20%\"><a href=\"https:\/\/honwaygroup.com\/wp-content\/uploads\/2021\/01\/AR-108-%E5%96%AE%E5%8A%9F%E8%83%BD%E8%B6%85%E9%9F%B3%E6%B3%A2%E7%A0%94%E7%A3%A8%E6%A9%9F-6.webp\"><img loading=\"lazy\" decoding=\"async\" class=\"alignnone size-full wp-image-28137\" src=\"https:\/\/honwaygroup.com\/wp-content\/uploads\/2021\/01\/AR-108-%E5%96%AE%E5%8A%9F%E8%83%BD%E8%B6%85%E9%9F%B3%E6%B3%A2%E7%A0%94%E7%A3%A8%E6%A9%9F-6.webp\" alt=\"\" width=\"200\" height=\"85\"><\/a><\/td>\n<td>18AWGx3Cx180cm<\/td>\n<\/tr>\n<tr>\n<td>Cable de tel\u00e9fono m\u00f3vil<\/td>\n<td width=\"20%\"><a href=\"https:\/\/honwaygroup.com\/wp-content\/uploads\/2021\/01\/AR-108-%E5%96%AE%E5%8A%9F%E8%83%BD%E8%B6%85%E9%9F%B3%E6%B3%A2%E7%A0%94%E7%A3%A8%E6%A9%9F-7.webp\"><img loading=\"lazy\" decoding=\"async\" class=\"alignnone size-full wp-image-28141\" src=\"https:\/\/honwaygroup.com\/wp-content\/uploads\/2021\/01\/AR-108-%E5%96%AE%E5%8A%9F%E8%83%BD%E8%B6%85%E9%9F%B3%E6%B3%A2%E7%A0%94%E7%A3%A8%E6%A9%9F-7.webp\" alt=\"\" width=\"200\" height=\"85\"><\/a><\/td>\n<td>3Cx150cm<\/td>\n<\/tr>\n<tr>\n<td>llave hexagonal<\/td>\n<td width=\"20%\"><a href=\"https:\/\/honwaygroup.com\/wp-content\/uploads\/2021\/01\/AR-108-%E5%96%AE%E5%8A%9F%E8%83%BD%E8%B6%85%E9%9F%B3%E6%B3%A2%E7%A0%94%E7%A3%A8%E6%A9%9F-8.webp\"><img loading=\"lazy\" decoding=\"async\" class=\"alignnone size-full wp-image-28145\" src=\"https:\/\/honwaygroup.com\/wp-content\/uploads\/2021\/01\/AR-108-%E5%96%AE%E5%8A%9F%E8%83%BD%E8%B6%85%E9%9F%B3%E6%B3%A2%E7%A0%94%E7%A3%A8%E6%A9%9F-8.webp\" alt=\"\" width=\"200\" height=\"85\"><\/a><\/td>\n<td>HEX (62mm)<\/td>\n<\/tr>\n<tr>\n<td>Soporte para tel\u00e9fono m\u00f3vil<\/td>\n<td width=\"20%\"><a href=\"https:\/\/honwaygroup.com\/wp-content\/uploads\/2021\/01\/AR-108-%E5%96%AE%E5%8A%9F%E8%83%BD%E8%B6%85%E9%9F%B3%E6%B3%A2%E7%A0%94%E7%A3%A8%E6%A9%9F-9.webp\"><img loading=\"lazy\" decoding=\"async\" class=\"alignnone size-full wp-image-28149\" src=\"https:\/\/honwaygroup.com\/wp-content\/uploads\/2021\/01\/AR-108-%E5%96%AE%E5%8A%9F%E8%83%BD%E8%B6%85%E9%9F%B3%E6%B3%A2%E7%A0%94%E7%A3%A8%E6%A9%9F-9.webp\" alt=\"\" width=\"200\" height=\"85\"><\/a><\/td>\n<td>110x50x35 mm<\/td>\n<\/tr>\n<tr>\n<td>Soporte de extracci\u00f3n de mandril<\/td>\n<td width=\"20%\"><a href=\"https:\/\/honwaygroup.com\/wp-content\/uploads\/2021\/01\/AR-108-%E5%96%AE%E5%8A%9F%E8%83%BD%E8%B6%85%E9%9F%B3%E6%B3%A2%E7%A0%94%E7%A3%A8%E6%A9%9F-10.webp\"><img loading=\"lazy\" decoding=\"async\" class=\"alignnone size-full wp-image-28153\" src=\"https:\/\/honwaygroup.com\/wp-content\/uploads\/2021\/01\/AR-108-%E5%96%AE%E5%8A%9F%E8%83%BD%E8%B6%85%E9%9F%B3%E6%B3%A2%E7%A0%94%E7%A3%A8%E6%A9%9F-10.webp\" alt=\"\" width=\"200\" height=\"85\"><\/a><\/td>\n<td>Extracci\u00f3n del mandril de chaveta de 11 mm<\/td>\n<\/tr>\n<tr>\n<td>llave inglesa<\/td>\n<td width=\"20%\"><a href=\"https:\/\/honwaygroup.com\/wp-content\/uploads\/2021\/01\/AR-108-%E5%96%AE%E5%8A%9F%E8%83%BD%E8%B6%85%E9%9F%B3%E6%B3%A2%E7%A0%94%E7%A3%A8%E6%A9%9F-11.webp\"><img loading=\"lazy\" decoding=\"async\" class=\"alignnone wp-image-28157 size-full\" src=\"https:\/\/honwaygroup.com\/wp-content\/uploads\/2021\/01\/AR-108-%E5%96%AE%E5%8A%9F%E8%83%BD%E8%B6%85%E9%9F%B3%E6%B3%A2%E7%A0%94%E7%A3%A8%E6%A9%9F-11.webp\" alt=\"\" width=\"200\" height=\"85\"><\/a><\/td>\n<td>140mm (10\/11)<\/td>\n<\/tr>\n<tr>\n<td>Pinza (\u00d83,0 mm)<\/td>\n<td width=\"20%\"><a href=\"https:\/\/honwaygroup.com\/wp-content\/uploads\/2021\/01\/AR-108-%E5%96%AE%E5%8A%9F%E8%83%BD%E8%B6%85%E9%9F%B3%E6%B3%A2%E7%A0%94%E7%A3%A8%E6%A9%9F-12.webp\"><img loading=\"lazy\" decoding=\"async\" class=\"alignnone wp-image-28161 size-full\" src=\"https:\/\/honwaygroup.com\/wp-content\/uploads\/2021\/01\/AR-108-%E5%96%AE%E5%8A%9F%E8%83%BD%E8%B6%85%E9%9F%B3%E6%B3%A2%E7%A0%94%E7%A3%A8%E6%A9%9F-12.webp\" alt=\"\" width=\"200\" height=\"85\"><\/a><\/td>\n<td>Dise\u00f1ada para herramientas con v\u00e1stago de \u00d83 mm<\/td>\n<\/tr>\n<tr>\n<td>Mandril (1.0mm)<\/td>\n<td width=\"20%\"><a href=\"https:\/\/honwaygroup.com\/wp-content\/uploads\/2021\/01\/AR-108-%E5%96%AE%E5%8A%9F%E8%83%BD%E8%B6%85%E9%9F%B3%E6%B3%A2%E7%A0%94%E7%A3%A8%E6%A9%9F-13.webp\"><img loading=\"lazy\" decoding=\"async\" class=\"alignnone wp-image-28165 size-full\" src=\"https:\/\/honwaygroup.com\/wp-content\/uploads\/2021\/01\/AR-108-%E5%96%AE%E5%8A%9F%E8%83%BD%E8%B6%85%E9%9F%B3%E6%B3%A2%E7%A0%94%E7%A3%A8%E6%A9%9F-13.webp\" alt=\"\" width=\"200\" height=\"85\"><\/a><\/td>\n<td>Dise\u00f1ado para piedras de aceite\/fibra de vidrio de 1 mm de espesor<\/td>\n<\/tr>\n<tr>\n<td>Interruptor de pie<\/td>\n<td width=\"20%\"><a href=\"https:\/\/honwaygroup.com\/wp-content\/uploads\/2021\/01\/AR-108-%E5%96%AE%E5%8A%9F%E8%83%BD%E8%B6%85%E9%9F%B3%E6%B3%A2%E7%A0%94%E7%A3%A8%E6%A9%9F-14.webp\"><img loading=\"lazy\" decoding=\"async\" class=\"alignnone wp-image-28169 size-full\" src=\"https:\/\/honwaygroup.com\/wp-content\/uploads\/2021\/01\/AR-108-%E5%96%AE%E5%8A%9F%E8%83%BD%E8%B6%85%E9%9F%B3%E6%B3%A2%E7%A0%94%E7%A3%A8%E6%A9%9F-14.webp\" alt=\"\" width=\"200\" height=\"85\"><\/a><\/td>\n<td>Longitud del cable de alimentaci\u00f3n del interruptor de pedal: 150 mm<\/td>\n<\/tr>\n<\/tbody>\n<\/table>\n<p>\u00bfTienes preguntas? <a href=\"https:\/\/honwaygroup.com\/es\/contactar-con-honway\/\">Contactar a Honway<\/a><\/p>\n","protected":false},"excerpt":{"rendered":"<div id=\"desWrap\">\n<ul>\n<li>Salida de funci\u00f3n \u00fanica de pulido ultras\u00f3nico<\/li>\n<li>Con calidad confiable y buen rendimiento operativo.<\/li>\n<li>Salida m\u00e1xima de 40 vatios para satisfacer diversas necesidades de procesamiento.<\/li>\n<li>Adem\u00e1s del pulido de moldes, tambi\u00e9n se puede utilizar para la modificaci\u00f3n de circuitos electr\u00f3nicos de placas de circuitos (PCB).<\/li>\n<li>El precio asequible rompe el mito de que las amoladoras ultras\u00f3nicas son caras<\/li>\n<\/ul>\n<h5><strong><span style=\"color: #ff0000;font-size: 19.2px\">\u25b2 Si necesita comprar accesorios, comun\u00edquese con el servicio al cliente, la<\/span><\/strong> <strong><span style=\"color: #ff0000;font-size: 19.2px\">fecha de env\u00edo se basa en el tiempo de notificaci\u00f3n del servicio al cliente<\/span><\/strong><\/h5>\n<h5><strong><span style=\"color: #ff0000;font-size: 19.2px\">\u25b2<\/span><\/strong> <strong><span style=\"color: #ff0000;font-size: 19.2px\">Los pedidos grandes pueden disfrutar de descuentos, comun\u00edquese con el servicio de atenci\u00f3n al cliente para realizar consultas.<\/span><\/strong><\/h5>\n<h5><strong><span style=\"color: #ff0000;font-size: 19.2px\">\u25b2<\/span><span style=\"color: #ff0000;font-size: 19.2px\">El tiempo de<\/span><span style=\"color: #ff0000\"> entrega para pedidos de<\/span><span style=\"color: #ff0000;font-size: 19.2px\"> Taiw\u00e1n es de aproximadamente 7 a 14 d\u00edas h\u00e1biles.<\/span><\/strong><\/h5>\n<h5><strong><span style=\"color: #ff0000;font-size: 19.2px\">\u25b2<\/span><span style=\"color: #ff0000\">Los pedidos internacionales tardan aproximadamente de 7 a 14 d\u00edas en enviarse. El tiempo de entrega real depende del estado de entrega de la empresa de mensajer\u00eda.<\/span><\/strong><\/h5>\n<\/div>\n","protected":false},"featured_media":127396,"template":"","meta":{"site-sidebar-layout":"default","site-content-layout":"default","ast-site-content-layout":"default","site-content-style":"default","site-sidebar-style":"default","ast-global-header-display":"","ast-banner-title-visibility":"","ast-main-header-display":"","ast-hfb-above-header-display":"","ast-hfb-below-header-display":"","ast-hfb-mobile-header-display":"","site-post-title":"","ast-breadcrumbs-content":"","ast-featured-img":"","footer-sml-layout":"","ast-disable-related-posts":"","theme-transparent-header-meta":"default","adv-header-id-meta":"","stick-header-meta":"default","header-above-stick-meta":"","header-main-stick-meta":"","header-below-stick-meta":"","astra-migrate-meta-layouts":"default","ast-page-background-enabled":"default","ast-page-background-meta":{"desktop":{"background-color":"var(--ast-global-color-5)","background-image":"","background-repeat":"repeat","background-position":"center center","background-size":"auto","background-attachment":"scroll","background-type":"","background-media":"","overlay-type":"","overlay-color":"","overlay-opacity":"","overlay-gradient":""},"tablet":{"background-color":"","background-image":"","background-repeat":"repeat","background-position":"center center","background-size":"auto","background-attachment":"scroll","background-type":"","background-media":"","overlay-type":"","overlay-color":"","overlay-opacity":"","overlay-gradient":""},"mobile":{"background-color":"","background-image":"","background-repeat":"repeat","background-position":"center center","background-size":"auto","background-attachment":"scroll","background-type":"","background-media":"","overlay-type":"","overlay-color":"","overlay-opacity":"","overlay-gradient":""}},"ast-content-background-meta":{"desktop":{"background-color":"var(--ast-global-color-4)","background-image":"","background-repeat":"repeat","background-position":"center center","background-size":"auto","background-attachment":"scroll","background-type":"","background-media":"","overlay-type":"","overlay-color":"","overlay-opacity":"","overlay-gradient":""},"tablet":{"background-color":"var(--ast-global-color-4)","background-image":"","background-repeat":"repeat","background-position":"center center","background-size":"auto","background-attachment":"scroll","background-type":"","background-media":"","overlay-type":"","overlay-color":"","overlay-opacity":"","overlay-gradient":""},"mobile":{"background-color":"var(--ast-global-color-4)","background-image":"","background-repeat":"repeat","background-position":"center center","background-size":"auto","background-attachment":"scroll","background-type":"","background-media":"","overlay-type":"","overlay-color":"","overlay-opacity":"","overlay-gradient":""}}},"product_brand":[],"product_cat":[10455,10459,10460,10453,10457],"product_tag":[10841],"class_list":{"0":"post-127395","1":"product","2":"type-product","3":"status-publish","4":"has-post-thumbnail","6":"product_cat-amoladora-ultrasonica-electrica","7":"product_cat-desbarbado","8":"product_cat-materiales-de-pulido","9":"product_cat-molinillos-ultrasonicos-y-electricos","10":"product_cat-tipo-de-aplicacion","11":"product_tag-maquina-de-pulido-ultrasonico","12":"desktop-align-left","13":"tablet-align-left","14":"mobile-align-left","15":"ast-product-gallery-layout-horizontal-slider","16":"ast-product-gallery-with-no-image","17":"ast-product-tabs-layout-horizontal","19":"first","20":"instock","21":"taxable","22":"shipping-taxable","23":"purchasable","24":"product-type-simple"},"_links":{"self":[{"href":"https:\/\/honwaygroup.com\/es\/wp-json\/wp\/v2\/product\/127395","targetHints":{"allow":["GET"]}}],"collection":[{"href":"https:\/\/honwaygroup.com\/es\/wp-json\/wp\/v2\/product"}],"about":[{"href":"https:\/\/honwaygroup.com\/es\/wp-json\/wp\/v2\/types\/product"}],"version-history":[{"count":0,"href":"https:\/\/honwaygroup.com\/es\/wp-json\/wp\/v2\/product\/127395\/revisions"}],"wp:featuredmedia":[{"embeddable":true,"href":"https:\/\/honwaygroup.com\/es\/wp-json\/wp\/v2\/media\/127396"}],"wp:attachment":[{"href":"https:\/\/honwaygroup.com\/es\/wp-json\/wp\/v2\/media?parent=127395"}],"wp:term":[{"taxonomy":"product_brand","embeddable":true,"href":"https:\/\/honwaygroup.com\/es\/wp-json\/wp\/v2\/product_brand?post=127395"},{"taxonomy":"product_cat","embeddable":true,"href":"https:\/\/honwaygroup.com\/es\/wp-json\/wp\/v2\/product_cat?post=127395"},{"taxonomy":"product_tag","embeddable":true,"href":"https:\/\/honwaygroup.com\/es\/wp-json\/wp\/v2\/product_tag?post=127395"}],"curies":[{"name":"wp","href":"https:\/\/api.w.org\/{rel}","templated":true}]}}