{"id":127357,"date":"2021-01-18T17:48:20","date_gmt":"2021-01-18T09:48:20","guid":{"rendered":"https:\/\/honwaygroup.com\/product\/ar-800p-potente-controlador-de-potencia-de-salida-de-doble-funcion\/"},"modified":"2021-01-18T17:48:20","modified_gmt":"2021-01-18T09:48:20","slug":"ar-800p-potente-controlador-de-potencia-de-salida-de-doble-funcion","status":"publish","type":"product","link":"https:\/\/honwaygroup.com\/es\/producto\/ar-800p-potente-controlador-de-potencia-de-salida-de-doble-funcion\/","title":{"rendered":"AR-800(P) Potente controlador de potencia de salida de doble funci\u00f3n"},"content":{"rendered":"<div id=\"dMainContent\" class=\"animated fadeIn\">\n<div id=\"productDetailWrap\">\n<div id=\"productContentWrap\" class=\"animated fadeIn\">\n<div id=\"mainArea\" class=\"productDetail\">\n<div class=\"wrap\">\n<div id=\"mainAreaLeft\">\n<div class=\"wrap\">\n<div class=\"resRow\">\n<div class=\"resCol12\">\n<div class=\"resMargin\">\n<h1>AR-800(P) Potente controlador de potencia de salida de doble funci\u00f3n<\/h1>\n<h4><strong>Adoptando un dise\u00f1o avanzado de microprocesador de alta eficiencia, combinado con salida dual de motor con y sin escobillas<\/strong><\/h4>\n<\/div>\n<\/div>\n<\/div>\n<h2>Caracter\u00edsticas:<\/h2>\n<div class=\"resRow\">\n<div class=\"resCol12\">\n<div class=\"resMargin\">\n<ul>\n<li>El modelo insignia de nuevo dise\u00f1o adopta un dise\u00f1o de microprocesador avanzado de alta eficiencia y combina salidas duales de motores con escobillas y sin escobillas.<\/li>\n<li>El motor cepillado tiene una potencia m\u00e1xima de 150 vatios y el motor sin escobillas tiene una potencia m\u00e1xima de 250 vatios, lo que permite que varios tel\u00e9fonos m\u00f3viles tengan un mayor torque y logren su mejor eficiencia de pulido.<\/li>\n<li>La pantalla de velocidad LED le permite ajustar la velocidad para adaptarse a diferentes herramientas y di\u00e1metros exteriores cuando utiliza una pieza de mano sin escobillas, para obtener resultados de pulido m\u00e1s eficientes y seguros.<\/li>\n<li>Al utilizar una pieza de mano cepillada, el voltaje de salida de la pantalla digital LED tambi\u00e9n se puede convertir en velocidad de rotaci\u00f3n de la pieza de mano, lo que permite una operaci\u00f3n de pulido m\u00e1s eficiente y segura.<\/li>\n<li>El microprocesador avanzado de alta eficiencia puede detectar el estado operativo del tel\u00e9fono m\u00f3vil en cualquier momento, controlar con precisi\u00f3n la salida de varios tel\u00e9fonos m\u00f3viles, proteger el circuito, compensar el torque y estabilizar la velocidad para maximizar el rendimiento operativo del tel\u00e9fono m\u00f3vil.<\/li>\n<\/ul>\n<h2>Especificaciones del producto:<\/h2>\n<table class=\"specTable\" width=\"100%\">\n<tbody>\n<tr>\n<td>fuente de alimentaci\u00f3n<\/td>\n<td>AC-90V ~ 250V, 50\/60 Hz<\/td>\n<\/tr>\n<tr>\n<td>Potencia de salida sin escobillas<\/td>\n<td>250watt<\/td>\n<\/tr>\n<tr>\n<td>Velocidad sin escobillas<\/td>\n<td>1,000~50,000 rpm<\/td>\n<\/tr>\n<tr>\n<td>Potencia de salida cepillada<\/td>\n<td>150watt (VA)<\/td>\n<\/tr>\n<tr>\n<td>Voltaje de salida cepillado<\/td>\n<td>5~32V<\/td>\n<\/tr>\n<tr>\n<td>fusible<\/td>\n<td>3.15A<\/td>\n<\/tr>\n<tr>\n<td>tama\u00f1o<\/td>\n<td>170x260x140mm (2.56kg)<\/td>\n<\/tr>\n<\/tbody>\n<\/table>\n<h2>Aplicaciones:<\/h2>\n<h4>Ejemplos b\u00e1sicos de aplicaci\u00f3n<\/h4>\n<table class=\"specTable\" width=\"100%\">\n<tbody>\n<tr>\n<th>Recorta las<\/th>\n<p> rebabas <\/p>\n<th>talla<\/th>\n<th>Pulido<\/th>\n<\/tr>\n<tr>\n<td><a href=\"https:\/\/honwaygroup.com\/wp-content\/uploads\/2021\/01\/AR-800P-%E5%BC%B7%E5%8A%9B%E9%9B%99%E5%8A%9F%E8%83%BD%E8%BC%B8%E5%87%BA%E9%9B%BB%E6%BA%90%E6%8E%A7%E5%88%B6%E5%99%A8-1.webp\"><img fetchpriority=\"high\" decoding=\"async\" class=\"alignnone size-medium wp-image-28495\" src=\"https:\/\/honwaygroup.com\/wp-content\/uploads\/2021\/01\/AR-800P-%E5%BC%B7%E5%8A%9B%E9%9B%99%E5%8A%9F%E8%83%BD%E8%BC%B8%E5%87%BA%E9%9B%BB%E6%BA%90%E6%8E%A7%E5%88%B6%E5%99%A8-1-300x269.webp\" alt=\"\" width=\"300\" height=\"269\"><\/a><\/td>\n<td><a href=\"https:\/\/honwaygroup.com\/wp-content\/uploads\/2021\/01\/AR-800P-%E5%BC%B7%E5%8A%9B%E9%9B%99%E5%8A%9F%E8%83%BD%E8%BC%B8%E5%87%BA%E9%9B%BB%E6%BA%90%E6%8E%A7%E5%88%B6%E5%99%A8-2.webp\"><img decoding=\"async\" class=\"alignnone wp-image-28499 size-medium\" src=\"https:\/\/honwaygroup.com\/wp-content\/uploads\/2021\/01\/AR-800P-%E5%BC%B7%E5%8A%9B%E9%9B%99%E5%8A%9F%E8%83%BD%E8%BC%B8%E5%87%BA%E9%9B%BB%E6%BA%90%E6%8E%A7%E5%88%B6%E5%99%A8-2-300x269.webp\" alt=\"\" width=\"300\" height=\"269\"><\/a><\/td>\n<td><a href=\"https:\/\/honwaygroup.com\/wp-content\/uploads\/2021\/01\/AR-800P-%E5%BC%B7%E5%8A%9B%E9%9B%99%E5%8A%9F%E8%83%BD%E8%BC%B8%E5%87%BA%E9%9B%BB%E6%BA%90%E6%8E%A7%E5%88%B6%E5%99%A8-3.webp\"><img decoding=\"async\" class=\"alignnone wp-image-28503 size-medium\" src=\"https:\/\/honwaygroup.com\/wp-content\/uploads\/2021\/01\/AR-800P-%E5%BC%B7%E5%8A%9B%E9%9B%99%E5%8A%9F%E8%83%BD%E8%BC%B8%E5%87%BA%E9%9B%BB%E6%BA%90%E6%8E%A7%E5%88%B6%E5%99%A8-3-300x269.webp\" alt=\"\" width=\"300\" height=\"269\"><\/a><\/td>\n<\/tr>\n<\/tbody>\n<\/table>\n<h2 class=\"red\">Tel\u00e9fono m\u00f3vil opcional AR-800(P):<\/h2>\n<ul class=\"main_ul\">\n<li><strong>Todos los tel\u00e9fonos m\u00f3viles son art\u00edculos opcionales, AR-800 (P) no est\u00e1 incluido, tenga en cuenta al realizar un pedido<\/strong><\/li>\n<\/ul>\n<table class=\"specTable\" width=\"100%\">\n<tbody>\n<tr>\n<th class=\"white\" rowspan=\"2\" width=\"25%\"><a href=\"https:\/\/honwaygroup.com\/wp-content\/uploads\/2021\/01\/AR-800P-%E5%BC%B7%E5%8A%9B%E9%9B%99%E5%8A%9F%E8%83%BD%E8%BC%B8%E5%87%BA%E9%9B%BB%E6%BA%90%E6%8E%A7%E5%88%B6%E5%99%A8-4.webp\"><img loading=\"lazy\" decoding=\"async\" class=\"alignnone size-medium wp-image-28507\" src=\"https:\/\/honwaygroup.com\/wp-content\/uploads\/2021\/01\/AR-800P-%E5%BC%B7%E5%8A%9B%E9%9B%99%E5%8A%9F%E8%83%BD%E8%BC%B8%E5%87%BA%E9%9B%BB%E6%BA%90%E6%8E%A7%E5%88%B6%E5%99%A8-4-300x176.webp\" alt=\"\" width=\"300\" height=\"176\"><\/a><\/th>\n<th><strong>modelo<\/strong><\/th>\n<th><strong>Caracter\u00edsticas t\u00e9cnicas<\/strong><\/th>\n<\/tr>\n<tr>\n<td>U-LAP60<\/td>\n<td><strong>Pieza de mano giratoria el\u00e9ctrica (tipo sin escobillas de CC).<\/strong><br \/>\nVelocidad de rotaci\u00f3n : 50.000 rpm<br \/>\n Par : 7,8 Ncm<br \/>\n Dimensiones : \u00d829 x 161mm<br \/>\n Peso : 250g<\/td>\n<\/tr>\n<\/tbody>\n<\/table>\n<table class=\"specTable\" width=\"100%\">\n<tbody>\n<tr>\n<th class=\"white\" rowspan=\"2\" width=\"25%\"><a href=\"https:\/\/honwaygroup.com\/wp-content\/uploads\/2021\/01\/AR-800P-%E5%BC%B7%E5%8A%9B%E9%9B%99%E5%8A%9F%E8%83%BD%E8%BC%B8%E5%87%BA%E9%9B%BB%E6%BA%90%E6%8E%A7%E5%88%B6%E5%99%A8-5.webp\"><img loading=\"lazy\" decoding=\"async\" class=\"alignnone size-medium wp-image-28511\" src=\"https:\/\/honwaygroup.com\/wp-content\/uploads\/2021\/01\/AR-800P-%E5%BC%B7%E5%8A%9B%E9%9B%99%E5%8A%9F%E8%83%BD%E8%BC%B8%E5%87%BA%E9%9B%BB%E6%BA%90%E6%8E%A7%E5%88%B6%E5%99%A8-5-300x179.webp\" alt=\"\" width=\"300\" height=\"179\"><\/a><\/th>\n<th><strong>modelo<\/strong><\/th>\n<th><strong>Caracter\u00edsticas t\u00e9cnicas<\/strong><\/th>\n<\/tr>\n<tr>\n<td>U-Lap50<\/td>\n<td><strong>Pieza de mano rotatoria el\u00e9ctrica (DC con escobillas)<\/strong><br \/>\nVelocidad: 40.000 rpm<br \/>\nTorque: 4,5 Ncm<br \/>\nDimensiones: \u00d829 x 153 mm<br \/>\nPeso: 260 g<\/td>\n<\/tr>\n<\/tbody>\n<\/table>\n<table class=\"specTable\" width=\"100%\">\n<tbody>\n<tr>\n<th class=\"white\" rowspan=\"2\" width=\"25%\"><a href=\"https:\/\/honwaygroup.com\/wp-content\/uploads\/2021\/01\/AR-800P-%E5%BC%B7%E5%8A%9B%E9%9B%99%E5%8A%9F%E8%83%BD%E8%BC%B8%E5%87%BA%E9%9B%BB%E6%BA%90%E6%8E%A7%E5%88%B6%E5%99%A8-6.webp\"><img loading=\"lazy\" decoding=\"async\" class=\"alignnone size-medium wp-image-28515\" src=\"https:\/\/honwaygroup.com\/wp-content\/uploads\/2021\/01\/AR-800P-%E5%BC%B7%E5%8A%9B%E9%9B%99%E5%8A%9F%E8%83%BD%E8%BC%B8%E5%87%BA%E9%9B%BB%E6%BA%90%E6%8E%A7%E5%88%B6%E5%99%A8-6-300x175.webp\" alt=\"\" width=\"300\" height=\"175\"><\/a><\/th>\n<th><strong>modelo<\/strong><\/th>\n<th><strong>Caracter\u00edsticas t\u00e9cnicas<\/strong><\/th>\n<\/tr>\n<tr>\n<td>U-Lap35<\/td>\n<td><strong>Pieza de mano rotatoria el\u00e9ctrica (DC con escobillas)<\/strong><br \/>\nVelocidad: 35.000 rpm<br \/>\nTorque: 2,9 Ncm<br \/>\nDimensiones: \u00d829 x 152 mm<br \/>\nPeso: 230 g<\/td>\n<\/tr>\n<\/tbody>\n<\/table>\n<\/div>\n<\/div>\n<div class=\"clear\"><\/div>\n<\/div>\n<\/div>\n<\/div>\n<div id=\"mainAreaRight\" class=\"animated slideInRight\">\n<div class=\"wrap\">\n<div class=\"titleWrap\">\n<h2>Productos y accesorios relacionados:<\/h2>\n<p><strong>(Cantidad: 06)<\/strong><\/p>\n<\/div>\n<div class=\"sliderWrap\">\n<div id=\"mySlider\">\n<div class=\"sliderContainer sliderVertical\">\n<ol>\n<li><a href=\"https:\/\/honwaygroup.com\/wp-content\/uploads\/2021\/01\/AR-800P-%E5%BC%B7%E5%8A%9B%E9%9B%99%E5%8A%9F%E8%83%BD%E8%BC%B8%E5%87%BA%E9%9B%BB%E6%BA%90%E6%8E%A7%E5%88%B6%E5%99%A8-7.webp\"><img loading=\"lazy\" decoding=\"async\" class=\"alignnone size-medium wp-image-28519\" src=\"https:\/\/honwaygroup.com\/wp-content\/uploads\/2021\/01\/AR-800P-%E5%BC%B7%E5%8A%9B%E9%9B%99%E5%8A%9F%E8%83%BD%E8%BC%B8%E5%87%BA%E9%9B%BB%E6%BA%90%E6%8E%A7%E5%88%B6%E5%99%A8-7-300x225.webp\" alt=\"\" width=\"300\" height=\"225\"><\/a><br \/>\n<strong>Varillas de amolar de diamante serie BM<\/strong><br \/>\n<strong><strong>(Di\u00e1metro del mango: \u00d83,0 mm)<\/strong><\/strong><\/li>\n<li><a href=\"https:\/\/honwaygroup.com\/wp-content\/uploads\/2021\/01\/AR-800P-%E5%BC%B7%E5%8A%9B%E9%9B%99%E5%8A%9F%E8%83%BD%E8%BC%B8%E5%87%BA%E9%9B%BB%E6%BA%90%E6%8E%A7%E5%88%B6%E5%99%A8-8.webp\"><img loading=\"lazy\" decoding=\"async\" class=\"alignnone size-medium wp-image-28524\" src=\"https:\/\/honwaygroup.com\/wp-content\/uploads\/2021\/01\/AR-800P-%E5%BC%B7%E5%8A%9B%E9%9B%99%E5%8A%9F%E8%83%BD%E8%BC%B8%E5%87%BA%E9%9B%BB%E6%BA%90%E6%8E%A7%E5%88%B6%E5%99%A8-8-300x225.webp\" alt=\"\" width=\"300\" height=\"225\"><\/a><br \/>\n<strong><strong>Muela de amolar con mango<\/strong><\/strong><\/li>\n<li><a href=\"https:\/\/honwaygroup.com\/wp-content\/uploads\/2021\/01\/AR-800P-%E5%BC%B7%E5%8A%9B%E9%9B%99%E5%8A%9F%E8%83%BD%E8%BC%B8%E5%87%BA%E9%9B%BB%E6%BA%90%E6%8E%A7%E5%88%B6%E5%99%A8-9.webp\"><img loading=\"lazy\" decoding=\"async\" class=\"alignnone size-medium wp-image-28528\" src=\"https:\/\/honwaygroup.com\/wp-content\/uploads\/2021\/01\/AR-800P-%E5%BC%B7%E5%8A%9B%E9%9B%99%E5%8A%9F%E8%83%BD%E8%BC%B8%E5%87%BA%E9%9B%BB%E6%BA%90%E6%8E%A7%E5%88%B6%E5%99%A8-9-300x225.webp\" alt=\"\" width=\"300\" height=\"225\"><\/a><br \/>\n<strong><strong>Muela de amolar con mango flexible<\/strong><\/strong><\/li>\n<li><a href=\"https:\/\/honwaygroup.com\/wp-content\/uploads\/2021\/01\/AR-800P-%E5%BC%B7%E5%8A%9B%E9%9B%99%E5%8A%9F%E8%83%BD%E8%BC%B8%E5%87%BA%E9%9B%BB%E6%BA%90%E6%8E%A7%E5%88%B6%E5%99%A8-4.webp\"><img loading=\"lazy\" decoding=\"async\" class=\"alignnone size-medium wp-image-28507\" src=\"https:\/\/honwaygroup.com\/wp-content\/uploads\/2021\/01\/AR-800P-%E5%BC%B7%E5%8A%9B%E9%9B%99%E5%8A%9F%E8%83%BD%E8%BC%B8%E5%87%BA%E9%9B%BB%E6%BA%90%E6%8E%A7%E5%88%B6%E5%99%A8-4-300x176.webp\" alt=\"\" width=\"300\" height=\"176\"><\/a><br \/>\n<strong><strong>Pieza de mano rotativa sin escobillas U-LAP 60 \/ Alto par y alta velocidad<\/strong><\/strong><\/li>\n<li><a href=\"https:\/\/honwaygroup.com\/wp-content\/uploads\/2021\/01\/AR-800P-%E5%BC%B7%E5%8A%9B%E9%9B%99%E5%8A%9F%E8%83%BD%E8%BC%B8%E5%87%BA%E9%9B%BB%E6%BA%90%E6%8E%A7%E5%88%B6%E5%99%A8-5.webp\"><img loading=\"lazy\" decoding=\"async\" class=\"alignnone size-medium wp-image-28511\" src=\"https:\/\/honwaygroup.com\/wp-content\/uploads\/2021\/01\/AR-800P-%E5%BC%B7%E5%8A%9B%E9%9B%99%E5%8A%9F%E8%83%BD%E8%BC%B8%E5%87%BA%E9%9B%BB%E6%BA%90%E6%8E%A7%E5%88%B6%E5%99%A8-5-300x179.webp\" alt=\"\" width=\"300\" height=\"179\"><\/a><br \/>\n<strong><strong>Pieza de mano sin escobillas U-LAP 50 \/ Tipo de alta velocidad<\/strong><\/strong><\/li>\n<li><a href=\"https:\/\/honwaygroup.com\/wp-content\/uploads\/2021\/01\/AR-800P-%E5%BC%B7%E5%8A%9B%E9%9B%99%E5%8A%9F%E8%83%BD%E8%BC%B8%E5%87%BA%E9%9B%BB%E6%BA%90%E6%8E%A7%E5%88%B6%E5%99%A8-6.webp\"><img loading=\"lazy\" decoding=\"async\" class=\"alignnone size-medium wp-image-28515\" src=\"https:\/\/honwaygroup.com\/wp-content\/uploads\/2021\/01\/AR-800P-%E5%BC%B7%E5%8A%9B%E9%9B%99%E5%8A%9F%E8%83%BD%E8%BC%B8%E5%87%BA%E9%9B%BB%E6%BA%90%E6%8E%A7%E5%88%B6%E5%99%A8-6-300x175.webp\" alt=\"\" width=\"300\" height=\"175\"><\/a><br \/>\n<strong><strong>Tel\u00e9fono m\u00f3vil sin escobillas U-LAP 35 \/ Econ\u00f3mico<\/strong><\/strong><\/li>\n<\/ol>\n<div class=\"sliderContainerPrevBtn\">\u00bfTienes preguntas? <a href=\"https:\/\/honwaygroup.com\/es\/contactar-con-honway\/\">Contactar a Honway<\/a><\/div>\n<div class=\"sliderContainerNextBtn\"><\/div>\n<\/div>\n<\/div>\n<\/div>\n<\/div>\n<\/div>\n<\/div>\n<\/div>\n<\/div>\n<\/div>\n<\/div>\n","protected":false},"excerpt":{"rendered":"<div id=\"desWrap\">\n<ul>\n<li>El modelo insignia de nuevo dise\u00f1o adopta un dise\u00f1o de microprocesador avanzado de alta eficiencia y combina salidas duales de motores con escobillas y sin escobillas.<\/li>\n<li>El motor cepillado tiene una potencia m\u00e1xima de 150 vatios y el motor sin escobillas tiene una potencia m\u00e1xima de 250 vatios, lo que permite que varios tel\u00e9fonos m\u00f3viles tengan un mayor torque y logren su mejor eficiencia de pulido.<\/li>\n<li>La pantalla de velocidad LED le permite ajustar la velocidad para adaptarse a diferentes herramientas y di\u00e1metros exteriores cuando utiliza una pieza de mano sin escobillas, para obtener resultados de pulido m\u00e1s eficientes y seguros.<\/li>\n<li>Al utilizar una pieza de mano cepillada, el voltaje de salida de la pantalla digital LED tambi\u00e9n se puede convertir en velocidad de rotaci\u00f3n de la pieza de mano, lo que permite una operaci\u00f3n de pulido m\u00e1s eficiente y segura.<\/li>\n<li>El microprocesador avanzado de alta eficiencia puede detectar el estado operativo del tel\u00e9fono m\u00f3vil en cualquier momento, controlar con precisi\u00f3n la salida de varios tel\u00e9fonos m\u00f3viles, proteger el circuito, compensar el torque y estabilizar la velocidad para maximizar el rendimiento operativo del tel\u00e9fono m\u00f3vil.<\/li>\n<\/ul>\n<h5><strong><span style=\"color: #ff0000;font-size: 19.2px\">\u25b2Bienvenido al servicio de atenci\u00f3n al cliente por mensaje privado para consultas:<a href=\"https:\/\/honwaygroup.com\/es\/contactar-con-honway\/\" target=\"_blank\" rel=\"noopener\">Contactar con Honway<\/a><\/span><\/strong><\/h5>\n<h5><strong><span style=\"color: #ff0000;font-size: 19.2px\">\u25b2 Si necesita comprar accesorios, comun\u00edquese con el servicio al cliente, la<\/span><\/strong> <strong><span style=\"color: #ff0000;font-size: 19.2px\">fecha de env\u00edo se basa en el tiempo de notificaci\u00f3n del servicio al cliente<\/span><\/strong><\/h5>\n<h5><strong><span style=\"color: #ff0000;font-size: 19.2px\">\u25b2<\/span><\/strong> <strong><span style=\"color: #ff0000;font-size: 19.2px\">Los pedidos grandes pueden disfrutar de descuentos, comun\u00edquese con el servicio de atenci\u00f3n al cliente para realizar consultas.<\/span><\/strong><\/h5>\n<h5><strong><span style=\"color: #ff0000;font-size: 19.2px\">\u25b2<\/span><span style=\"color: #ff0000;font-size: 19.2px\">El tiempo de<\/span><span style=\"color: #ff0000\"> entrega para pedidos de<\/span><span style=\"color: #ff0000;font-size: 19.2px\"> Taiw\u00e1n es de aproximadamente 7 a 14 d\u00edas h\u00e1biles.<\/span><\/strong><\/h5>\n<h5><strong><span style=\"color: #ff0000;font-size: 19.2px\">\u25b2<\/span><span style=\"color: #ff0000\">Los pedidos internacionales tardan aproximadamente de 7 a 14 d\u00edas en enviarse. El tiempo de entrega real depende del estado de entrega de la empresa de mensajer\u00eda.<\/span><\/strong><\/h5>\n<\/div>\n","protected":false},"featured_media":127358,"template":"","meta":{"site-sidebar-layout":"default","site-content-layout":"default","ast-site-content-layout":"default","site-content-style":"default","site-sidebar-style":"default","ast-global-header-display":"","ast-banner-title-visibility":"","ast-main-header-display":"","ast-hfb-above-header-display":"","ast-hfb-below-header-display":"","ast-hfb-mobile-header-display":"","site-post-title":"","ast-breadcrumbs-content":"","ast-featured-img":"","footer-sml-layout":"","ast-disable-related-posts":"","theme-transparent-header-meta":"default","adv-header-id-meta":"","stick-header-meta":"default","header-above-stick-meta":"","header-main-stick-meta":"","header-below-stick-meta":"","astra-migrate-meta-layouts":"default","ast-page-background-enabled":"default","ast-page-background-meta":{"desktop":{"background-color":"var(--ast-global-color-5)","background-image":"","background-repeat":"repeat","background-position":"center center","background-size":"auto","background-attachment":"scroll","background-type":"","background-media":"","overlay-type":"","overlay-color":"","overlay-opacity":"","overlay-gradient":""},"tablet":{"background-color":"","background-image":"","background-repeat":"repeat","background-position":"center center","background-size":"auto","background-attachment":"scroll","background-type":"","background-media":"","overlay-type":"","overlay-color":"","overlay-opacity":"","overlay-gradient":""},"mobile":{"background-color":"","background-image":"","background-repeat":"repeat","background-position":"center center","background-size":"auto","background-attachment":"scroll","background-type":"","background-media":"","overlay-type":"","overlay-color":"","overlay-opacity":"","overlay-gradient":""}},"ast-content-background-meta":{"desktop":{"background-color":"var(--ast-global-color-4)","background-image":"","background-repeat":"repeat","background-position":"center center","background-size":"auto","background-attachment":"scroll","background-type":"","background-media":"","overlay-type":"","overlay-color":"","overlay-opacity":"","overlay-gradient":""},"tablet":{"background-color":"var(--ast-global-color-4)","background-image":"","background-repeat":"repeat","background-position":"center center","background-size":"auto","background-attachment":"scroll","background-type":"","background-media":"","overlay-type":"","overlay-color":"","overlay-opacity":"","overlay-gradient":""},"mobile":{"background-color":"var(--ast-global-color-4)","background-image":"","background-repeat":"repeat","background-position":"center center","background-size":"auto","background-attachment":"scroll","background-type":"","background-media":"","overlay-type":"","overlay-color":"","overlay-opacity":"","overlay-gradient":""}}},"product_brand":[],"product_cat":[10456,10453],"product_tag":[10470],"class_list":{"0":"post-127357","1":"product","2":"type-product","3":"status-publish","4":"has-post-thumbnail","6":"product_cat-controlador-de-potencia","7":"product_cat-molinillos-ultrasonicos-y-electricos","8":"product_tag-controlador-de-potencia","9":"desktop-align-left","10":"tablet-align-left","11":"mobile-align-left","12":"ast-product-gallery-layout-horizontal-slider","13":"ast-product-gallery-with-no-image","14":"ast-product-tabs-layout-horizontal","16":"first","17":"instock","18":"taxable","19":"shipping-taxable","20":"product-type-simple"},"_links":{"self":[{"href":"https:\/\/honwaygroup.com\/es\/wp-json\/wp\/v2\/product\/127357","targetHints":{"allow":["GET"]}}],"collection":[{"href":"https:\/\/honwaygroup.com\/es\/wp-json\/wp\/v2\/product"}],"about":[{"href":"https:\/\/honwaygroup.com\/es\/wp-json\/wp\/v2\/types\/product"}],"version-history":[{"count":0,"href":"https:\/\/honwaygroup.com\/es\/wp-json\/wp\/v2\/product\/127357\/revisions"}],"wp:featuredmedia":[{"embeddable":true,"href":"https:\/\/honwaygroup.com\/es\/wp-json\/wp\/v2\/media\/127358"}],"wp:attachment":[{"href":"https:\/\/honwaygroup.com\/es\/wp-json\/wp\/v2\/media?parent=127357"}],"wp:term":[{"taxonomy":"product_brand","embeddable":true,"href":"https:\/\/honwaygroup.com\/es\/wp-json\/wp\/v2\/product_brand?post=127357"},{"taxonomy":"product_cat","embeddable":true,"href":"https:\/\/honwaygroup.com\/es\/wp-json\/wp\/v2\/product_cat?post=127357"},{"taxonomy":"product_tag","embeddable":true,"href":"https:\/\/honwaygroup.com\/es\/wp-json\/wp\/v2\/product_tag?post=127357"}],"curies":[{"name":"wp","href":"https:\/\/api.w.org\/{rel}","templated":true}]}}