{"id":127355,"date":"2021-01-18T17:57:04","date_gmt":"2021-01-18T09:57:04","guid":{"rendered":"https:\/\/honwaygroup.com\/product\/controlador-de-potencia-multifuncion-con-escobillas-ap-200\/"},"modified":"2021-01-18T17:57:04","modified_gmt":"2021-01-18T09:57:04","slug":"controlador-de-potencia-multifuncion-con-escobillas-ap-200","status":"publish","type":"product","link":"https:\/\/honwaygroup.com\/es\/producto\/controlador-de-potencia-multifuncion-con-escobillas-ap-200\/","title":{"rendered":"Controlador de potencia multifunci\u00f3n con escobillas AP-200"},"content":{"rendered":"<h1><strong>Controlador de potencia multifunci\u00f3n con escobillas AP-200<\/strong><\/h1>\n<h2>Caracter\u00edsticas:<\/h2>\n<ul>\n<li><strong>AP-200 es un controlador de potencia de dise\u00f1o avanzado<\/strong><\/li>\n<li><strong>Esta fuente de alimentaci\u00f3n proporciona tres funciones de salida:<\/strong> funci\u00f3n normal, funci\u00f3n de arranque lento y funci\u00f3n de compensaci\u00f3n autom\u00e1tica de par.<\/li>\n<\/ul>\n<h2>Aplicaciones:<\/h2>\n<h4>Ejemplos b\u00e1sicos de aplicaci\u00f3n<\/h4>\n<table class=\"specTable\" width=\"100%\">\n<tbody>\n<tr>\n<th>Recorta las<\/th>\n<p> rebabas <\/p>\n<th>talla<\/th>\n<th>Pulido<\/th>\n<\/tr>\n<tr>\n<td><a href=\"https:\/\/honwaygroup.com\/wp-content\/uploads\/2021\/01\/AR-800P-%E5%BC%B7%E5%8A%9B%E9%9B%99%E5%8A%9F%E8%83%BD%E8%BC%B8%E5%87%BA%E9%9B%BB%E6%BA%90%E6%8E%A7%E5%88%B6%E5%99%A8-1.webp\"><img fetchpriority=\"high\" decoding=\"async\" class=\"alignnone size-medium wp-image-28495\" src=\"https:\/\/honwaygroup.com\/wp-content\/uploads\/2021\/01\/AR-800P-%E5%BC%B7%E5%8A%9B%E9%9B%99%E5%8A%9F%E8%83%BD%E8%BC%B8%E5%87%BA%E9%9B%BB%E6%BA%90%E6%8E%A7%E5%88%B6%E5%99%A8-1-300x269.webp\" alt=\"\" width=\"300\" height=\"269\"><\/a><\/td>\n<td><a href=\"https:\/\/honwaygroup.com\/wp-content\/uploads\/2021\/01\/AR-800P-%E5%BC%B7%E5%8A%9B%E9%9B%99%E5%8A%9F%E8%83%BD%E8%BC%B8%E5%87%BA%E9%9B%BB%E6%BA%90%E6%8E%A7%E5%88%B6%E5%99%A8-2.webp\"><img decoding=\"async\" class=\"alignnone wp-image-28499 size-medium\" src=\"https:\/\/honwaygroup.com\/wp-content\/uploads\/2021\/01\/AR-800P-%E5%BC%B7%E5%8A%9B%E9%9B%99%E5%8A%9F%E8%83%BD%E8%BC%B8%E5%87%BA%E9%9B%BB%E6%BA%90%E6%8E%A7%E5%88%B6%E5%99%A8-2-300x269.webp\" alt=\"\" width=\"300\" height=\"269\"><\/a><\/td>\n<td><a href=\"https:\/\/honwaygroup.com\/wp-content\/uploads\/2021\/01\/AR-800P-%E5%BC%B7%E5%8A%9B%E9%9B%99%E5%8A%9F%E8%83%BD%E8%BC%B8%E5%87%BA%E9%9B%BB%E6%BA%90%E6%8E%A7%E5%88%B6%E5%99%A8-3.webp\"><img decoding=\"async\" class=\"alignnone wp-image-28503 size-medium\" src=\"https:\/\/honwaygroup.com\/wp-content\/uploads\/2021\/01\/AR-800P-%E5%BC%B7%E5%8A%9B%E9%9B%99%E5%8A%9F%E8%83%BD%E8%BC%B8%E5%87%BA%E9%9B%BB%E6%BA%90%E6%8E%A7%E5%88%B6%E5%99%A8-3-300x269.webp\" alt=\"\" width=\"300\" height=\"269\"><\/a><\/td>\n<\/tr>\n<\/tbody>\n<\/table>\n<h2>Especificaciones del producto:<\/h2>\n<table width=\"100%\">\n<tbody>\n<tr>\n<td><strong>fuente de alimentaci\u00f3n<\/strong><\/td>\n<td><strong>AC-90V ~ 250V, 50\/60 Hz<\/strong><\/td>\n<\/tr>\n<tr>\n<td><strong>Potencia de salida cepillada<\/strong><\/td>\n<td><strong>70watt<\/strong><\/td>\n<\/tr>\n<tr>\n<td><strong>\u6709\u5237\u5f0f\u8f38\u51fa\u96fb\u58d3<\/strong><\/td>\n<td><strong>5~32V<\/strong><\/td>\n<\/tr>\n<tr>\n<td><strong>M\u00e1xima protecci\u00f3n contra sobrecarga<\/strong><\/td>\n<td><strong>3A<\/strong><\/td>\n<\/tr>\n<tr>\n<td><strong>fusible<\/strong><\/td>\n<td><strong>2A<\/strong><\/td>\n<\/tr>\n<tr>\n<td><strong>tama\u00f1o<\/strong><\/td>\n<td><strong>192x156x98mm (800g)<\/strong><\/td>\n<\/tr>\n<\/tbody>\n<\/table>\n<p><a href=\"https:\/\/honwaygroup.com\/wp-content\/uploads\/2021\/01\/ap-200.jpg\"><img loading=\"lazy\" decoding=\"async\" src=\"https:\/\/honwaygroup.com\/wp-content\/uploads\/2021\/01\/ap-200.jpg\" alt=\"Controlador de potencia, AP-200\" width=\"420\" height=\"300\"><\/a><\/p>\n<h2>Introducci\u00f3n de funciones:<\/h2>\n<ul>\n<li><strong>Salida de funci\u00f3n normal (N)<\/strong>: se utiliza durante el funcionamiento normal, el sistema emite de acuerdo con las funciones normales.<\/li>\n<li><strong>Arranque Lento (S):<\/strong> Cuando esta funci\u00f3n est\u00e1 activada, el sistema mantiene la velocidad m\u00ednima incluso con la salida configurada al m\u00e1ximo. Sin embargo, al entrar en contacto con la pieza y comenzar el rectificado, el sistema aumenta autom\u00e1ticamente la velocidad al m\u00e1ximo. Esta funci\u00f3n se utiliza principalmente para evitar el rectificado accidental de zonas no deseadas o inaccesibles durante el funcionamiento a alta velocidad, lo que permite un control preciso de la ubicaci\u00f3n de mecanizado deseada. Tambi\u00e9n reduce la vibraci\u00f3n durante el rectificado en superficies irregulares de la pieza.<\/li>\n<li><strong>Compensaci\u00f3n Autom\u00e1tica de Par (IR): <\/strong>Al utilizar muelas abrasivas de mayor di\u00e1metro (como una muela abrasiva de \u00d820 mm) o herramientas que no se pueden utilizar a altas velocidades (como muelas de cepillo de cerdas), la presi\u00f3n de rectificado puede provocar una disminuci\u00f3n de la velocidad o del par a velocidades m\u00e1s bajas. Al activar esta funci\u00f3n, se compensa autom\u00e1ticamente el par para estabilizar la velocidad. Para herramientas de rectificado de uso general, se recomienda utilizar la funci\u00f3n de salida normal.<\/li>\n<\/ul>\n<h3><\/h3>\n<h2>Tel\u00e9fono m\u00f3vil opcional AP-200:<\/h2>\n<ul>\n<li>Todos los tel\u00e9fonos m\u00f3viles son art\u00edculos opcionales, <strong>no incluidos en<\/strong> AP-200, tenga en cuenta esto al realizar un pedido<\/li>\n<\/ul>\n<table width=\"100%\">\n<tbody>\n<tr>\n<th rowspan=\"2\" width=\"25%\"><a href=\"https:\/\/honwaygroup.com\/wp-content\/uploads\/2021\/01\/u-lap50-1.avif\"><img loading=\"lazy\" decoding=\"async\" src=\"https:\/\/honwaygroup.com\/wp-content\/uploads\/2021\/01\/u-lap50-1.avif\" alt=\"Tel\u00e9fono de disco el\u00e9ctrico\" width=\"420\" height=\"300\"><\/a><\/th>\n<th>Modelo<\/th>\n<th>Especificaciones<\/th>\n<\/tr>\n<tr>\n<td>U-Lap50<\/td>\n<td><strong>Pieza de mano rotatoria el\u00e9ctrica (DC con escobillas)<\/strong><br \/>\nVelocidad: 40.000 rpm<br \/>\nTorque: 4,5 Ncm<br \/>\nDimensiones: \u00d829 x 153 mm<br \/>\nPeso: 260 g<\/td>\n<\/tr>\n<\/tbody>\n<\/table>\n<table class=\"specTable\" width=\"100%\">\n<tbody>\n<tr>\n<th class=\"white\" rowspan=\"2\" width=\"25%\"><a href=\"https:\/\/honwaygroup.com\/wp-content\/uploads\/2021\/01\/AR-800P-%E5%BC%B7%E5%8A%9B%E9%9B%99%E5%8A%9F%E8%83%BD%E8%BC%B8%E5%87%BA%E9%9B%BB%E6%BA%90%E6%8E%A7%E5%88%B6%E5%99%A8-6.webp\"><img loading=\"lazy\" decoding=\"async\" class=\"alignnone size-medium wp-image-28515\" src=\"https:\/\/honwaygroup.com\/wp-content\/uploads\/2021\/01\/AR-800P-%E5%BC%B7%E5%8A%9B%E9%9B%99%E5%8A%9F%E8%83%BD%E8%BC%B8%E5%87%BA%E9%9B%BB%E6%BA%90%E6%8E%A7%E5%88%B6%E5%99%A8-6-300x175.webp\" alt=\"\" width=\"300\" height=\"175\"><\/a><\/th>\n<th><strong>modelo<\/strong><\/th>\n<th><strong>Caracter\u00edsticas t\u00e9cnicas<\/strong><\/th>\n<\/tr>\n<tr>\n<td>U-Lap35<\/td>\n<td><strong>Pieza de mano rotatoria el\u00e9ctrica (DC con escobillas)<\/strong><br \/>\nVelocidad: 35.000 rpm<br \/>\nTorque: 2,9 Ncm<br \/>\nDimensiones: \u00d829 x 152 mm<br \/>\nPeso: 230 g<\/td>\n<\/tr>\n<\/tbody>\n<\/table>\n<p><span style=\"font-size: 16px\">\u00bfTienes preguntas? <\/span><a style=\"font-size: 16px;background-color: #ffffff\" href=\"https:\/\/honwaygroup.com\/es\/contactar-con-honway\/\">Contactar a Honway<\/a><\/p>\n","protected":false},"excerpt":{"rendered":"<div id=\"desWrap\">\n<ul>\n<li>El AP-200 es un controlador de potencia avanzado. Esta fuente de alimentaci\u00f3n ofrece tres funciones de salida: funci\u00f3n normal, funci\u00f3n de arranque lento y funci\u00f3n de compensaci\u00f3n autom\u00e1tica de par.<\/li>\n<li>Dispositivo de protecci\u00f3n contra sobrecarga: cuando el tel\u00e9fono m\u00f3vil el\u00e9ctrico se sobrecarga, el sistema cortar\u00e1 autom\u00e1ticamente la energ\u00eda para proteger la m\u00e1quina y el tel\u00e9fono m\u00f3vil contra da\u00f1os.<\/li>\n<li>Puede elegir entre un interruptor de tipo general o un interruptor de pie de tipo velocidad ajustable.<\/li>\n<\/ul>\n<h5><strong><span style=\"color: #ff0000;font-size: 19.2px\">\u25b2Bienvenido al servicio de atenci\u00f3n al cliente por mensaje privado para consultas:<a href=\"https:\/\/honwaygroup.com\/es\/contactar-con-honway\/\" target=\"_blank\" rel=\"noopener\">Contactar con Honway<\/a><\/span><\/strong><\/h5>\n<h5><strong><span style=\"color: #ff0000;font-size: 19.2px\">\u25b2 Si necesita comprar accesorios, comun\u00edquese con el servicio al cliente, la<\/span><\/strong> <strong><span style=\"color: #ff0000;font-size: 19.2px\">fecha de env\u00edo se basa en el tiempo de notificaci\u00f3n del servicio al cliente<\/span><\/strong><\/h5>\n<h5><strong><span style=\"color: #ff0000;font-size: 19.2px\">\u25b2<\/span><\/strong> <strong><span style=\"color: #ff0000;font-size: 19.2px\">Los pedidos grandes pueden disfrutar de descuentos, comun\u00edquese con el servicio de atenci\u00f3n al cliente para realizar consultas.<\/span><\/strong><\/h5>\n<h5><strong><span style=\"color: #ff0000;font-size: 19.2px\">\u25b2<\/span><span style=\"color: #ff0000;font-size: 19.2px\">El tiempo de<\/span><span style=\"color: #ff0000\"> entrega para pedidos de<\/span><span style=\"color: #ff0000;font-size: 19.2px\"> Taiw\u00e1n es de aproximadamente 7 a 14 d\u00edas h\u00e1biles.<\/span><\/strong><\/h5>\n<h5><strong><span style=\"color: #ff0000;font-size: 19.2px\">\u25b2<\/span><span style=\"color: #ff0000\">Los pedidos internacionales tardan aproximadamente de 7 a 14 d\u00edas en enviarse. El tiempo de entrega real depende del estado de entrega de la empresa de mensajer\u00eda.<\/span><\/strong><\/h5>\n<p>&nbsp;<\/p>\n<\/div>\n","protected":false},"featured_media":127356,"template":"","meta":{"site-sidebar-layout":"default","site-content-layout":"default","ast-site-content-layout":"default","site-content-style":"default","site-sidebar-style":"default","ast-global-header-display":"","ast-banner-title-visibility":"","ast-main-header-display":"","ast-hfb-above-header-display":"","ast-hfb-below-header-display":"","ast-hfb-mobile-header-display":"","site-post-title":"","ast-breadcrumbs-content":"","ast-featured-img":"","footer-sml-layout":"","ast-disable-related-posts":"","theme-transparent-header-meta":"default","adv-header-id-meta":"","stick-header-meta":"default","header-above-stick-meta":"","header-main-stick-meta":"","header-below-stick-meta":"","astra-migrate-meta-layouts":"default","ast-page-background-enabled":"default","ast-page-background-meta":{"desktop":{"background-color":"var(--ast-global-color-5)","background-image":"","background-repeat":"repeat","background-position":"center center","background-size":"auto","background-attachment":"scroll","background-type":"","background-media":"","overlay-type":"","overlay-color":"","overlay-opacity":"","overlay-gradient":""},"tablet":{"background-color":"","background-image":"","background-repeat":"repeat","background-position":"center center","background-size":"auto","background-attachment":"scroll","background-type":"","background-media":"","overlay-type":"","overlay-color":"","overlay-opacity":"","overlay-gradient":""},"mobile":{"background-color":"","background-image":"","background-repeat":"repeat","background-position":"center center","background-size":"auto","background-attachment":"scroll","background-type":"","background-media":"","overlay-type":"","overlay-color":"","overlay-opacity":"","overlay-gradient":""}},"ast-content-background-meta":{"desktop":{"background-color":"var(--ast-global-color-4)","background-image":"","background-repeat":"repeat","background-position":"center center","background-size":"auto","background-attachment":"scroll","background-type":"","background-media":"","overlay-type":"","overlay-color":"","overlay-opacity":"","overlay-gradient":""},"tablet":{"background-color":"var(--ast-global-color-4)","background-image":"","background-repeat":"repeat","background-position":"center center","background-size":"auto","background-attachment":"scroll","background-type":"","background-media":"","overlay-type":"","overlay-color":"","overlay-opacity":"","overlay-gradient":""},"mobile":{"background-color":"var(--ast-global-color-4)","background-image":"","background-repeat":"repeat","background-position":"center center","background-size":"auto","background-attachment":"scroll","background-type":"","background-media":"","overlay-type":"","overlay-color":"","overlay-opacity":"","overlay-gradient":""}}},"product_brand":[],"product_cat":[10456,10453],"product_tag":[10470],"class_list":{"0":"post-127355","1":"product","2":"type-product","3":"status-publish","4":"has-post-thumbnail","6":"product_cat-controlador-de-potencia","7":"product_cat-molinillos-ultrasonicos-y-electricos","8":"product_tag-controlador-de-potencia","9":"desktop-align-left","10":"tablet-align-left","11":"mobile-align-left","12":"ast-product-gallery-layout-horizontal-slider","13":"ast-product-gallery-with-no-image","14":"ast-product-tabs-layout-horizontal","16":"first","17":"instock","18":"taxable","19":"shipping-taxable","20":"product-type-simple"},"_links":{"self":[{"href":"https:\/\/honwaygroup.com\/es\/wp-json\/wp\/v2\/product\/127355","targetHints":{"allow":["GET"]}}],"collection":[{"href":"https:\/\/honwaygroup.com\/es\/wp-json\/wp\/v2\/product"}],"about":[{"href":"https:\/\/honwaygroup.com\/es\/wp-json\/wp\/v2\/types\/product"}],"version-history":[{"count":0,"href":"https:\/\/honwaygroup.com\/es\/wp-json\/wp\/v2\/product\/127355\/revisions"}],"wp:featuredmedia":[{"embeddable":true,"href":"https:\/\/honwaygroup.com\/es\/wp-json\/wp\/v2\/media\/127356"}],"wp:attachment":[{"href":"https:\/\/honwaygroup.com\/es\/wp-json\/wp\/v2\/media?parent=127355"}],"wp:term":[{"taxonomy":"product_brand","embeddable":true,"href":"https:\/\/honwaygroup.com\/es\/wp-json\/wp\/v2\/product_brand?post=127355"},{"taxonomy":"product_cat","embeddable":true,"href":"https:\/\/honwaygroup.com\/es\/wp-json\/wp\/v2\/product_cat?post=127355"},{"taxonomy":"product_tag","embeddable":true,"href":"https:\/\/honwaygroup.com\/es\/wp-json\/wp\/v2\/product_tag?post=127355"}],"curies":[{"name":"wp","href":"https:\/\/api.w.org\/{rel}","templated":true}]}}