{"id":127314,"date":"2021-01-23T17:41:53","date_gmt":"2021-01-23T09:41:53","guid":{"rendered":"https:\/\/honwaygroup.com\/product\/limas-de-diamante-serie-mbf-90\/"},"modified":"2021-01-23T17:41:53","modified_gmt":"2021-01-23T09:41:53","slug":"limas-de-diamante-serie-mbf-90","status":"publish","type":"product","link":"https:\/\/honwaygroup.com\/es\/producto\/limas-de-diamante-serie-mbf-90\/","title":{"rendered":"Limas de diamante serie MBF-90"},"content":{"rendered":"<h1>Limas de diamante serie MBF-90<\/h1>\n<h2>Caracter\u00edsticas:<\/h2>\n<ul>\n<li data-start=\"87\" data-end=\"107\">Alta resistencia al desgaste, larga vida \u00fatil, no es f\u00e1cil de pasivar.<\/li>\n<li data-start=\"146\" data-end=\"196\">En comparaci\u00f3n con las limas de forma est\u00e1ndar, las limas de forma especial ofrecen un dise\u00f1o de forma especial que es adecuado para el acabado de detalles y \u00e1reas de dif\u00edcil acceso.<\/li>\n<li data-start=\"197\" data-end=\"244\">Las formas pueden incluir arcos, biseles, ranuras de formas especiales, puntas c\u00f3nicas, hojas curvas, etc., que pueden adaptarse con mayor precisi\u00f3n a las necesidades de la pieza de trabajo.<\/li>\n<\/ul>\n<h2>Aplicaciones:<\/h2>\n<ul>\n<li>Se puede utilizar para la operaci\u00f3n auxiliar de equipos mec\u00e1nicos para satisfacer las necesidades de procesamiento de nivel profesional.<\/li>\n<li>Utiliza part\u00edculas de diamante y es adecuado para materiales duros como metal, cer\u00e1mica, vidrio, fibra de carbono, etc.<\/li>\n<li>Adecuado para acabado, esmerilado, pulido y otros trabajos finos.<\/li>\n<\/ul>\n<h2>Especificaciones del producto:<\/h2>\n<table class=\"specTable2\" width=\"100%\">\n<tbody>\n<tr>\n<th colspan=\"2\" rowspan=\"2\">Forma y tama\u00f1o (mm)<\/th>\n<th colspan=\"3\">n\u00famero de serie<\/th>\n<th rowspan=\"2\">\n<ul>\n<li style=\"text-align: left;\">Longitud total: 65 mm<\/li>\n<li style=\"text-align: left;\">Di\u00e1metro del v\u00e1stago: \u00d83,0 mm<\/li>\n<li style=\"text-align: left;\">Longitud del diamante: 20~30 mm<\/li>\n<\/ul>\n<\/th>\n<\/tr>\n<tr>\n<th>#150<\/th>\n<th>#200<\/th>\n<th>#400<\/th>\n<\/tr>\n<tr>\n<td width=\"15%\"><a href=\"https:\/\/honwaygroup.com\/wp-content\/uploads\/2021\/01\/MBF-90-%E7%B3%BB%E5%88%97-%E9%91%BD%E7%9F%B3%E7%95%B0%E5%BD%A2%E9%8A%BC%E5%88%80_%E5%B7%A5%E4%BD%9C%E5%8D%80%E5%9F%9F-1-%E8%A4%87%E6%9C%AC-5.jpg\"><img fetchpriority=\"high\" decoding=\"async\" class=\"alignnone size-full wp-image-27018\" src=\"https:\/\/honwaygroup.com\/wp-content\/uploads\/2021\/01\/MBF-90-%E7%B3%BB%E5%88%97-%E9%91%BD%E7%9F%B3%E7%95%B0%E5%BD%A2%E9%8A%BC%E5%88%80_%E5%B7%A5%E4%BD%9C%E5%8D%80%E5%9F%9F-1-%E8%A4%87%E6%9C%AC-5.jpg\" alt=\"\" width=\"292\" height=\"250\"><\/a><\/td>\n<td>5.8 x 1.2<\/td>\n<td>MBF-901<\/td>\n<td>MBF-901F<\/td>\n<td>MBF-901V<\/td>\n<td width=\"35%\"><a href=\"https:\/\/honwaygroup.com\/wp-content\/uploads\/2021\/01\/MBF-90-%E7%B3%BB%E5%88%97-%E9%91%BD%E7%9F%B3%E7%95%B0%E5%BD%A2%E9%8A%BC%E5%88%80_%E5%B7%A5%E4%BD%9C%E5%8D%80%E5%9F%9F-1-%E8%A4%87%E6%9C%AC-28.webp\"><img decoding=\"async\" class=\"alignnone size-medium wp-image-27058\" src=\"https:\/\/honwaygroup.com\/wp-content\/uploads\/2021\/01\/MBF-90-%E7%B3%BB%E5%88%97-%E9%91%BD%E7%9F%B3%E7%95%B0%E5%BD%A2%E9%8A%BC%E5%88%80_%E5%B7%A5%E4%BD%9C%E5%8D%80%E5%9F%9F-1-%E8%A4%87%E6%9C%AC-28-300x60.webp\" alt=\"\" width=\"300\" height=\"60\"><\/a><\/td>\n<\/tr>\n<tr>\n<td><a href=\"https:\/\/honwaygroup.com\/wp-content\/uploads\/2021\/01\/MBF-90-%E7%B3%BB%E5%88%97-%E9%91%BD%E7%9F%B3%E7%95%B0%E5%BD%A2%E9%8A%BC%E5%88%80_%E5%B7%A5%E4%BD%9C%E5%8D%80%E5%9F%9F-1-%E8%A4%87%E6%9C%AC-6.jpg\"><img decoding=\"async\" class=\"alignnone size-full wp-image-27022\" src=\"https:\/\/honwaygroup.com\/wp-content\/uploads\/2021\/01\/MBF-90-%E7%B3%BB%E5%88%97-%E9%91%BD%E7%9F%B3%E7%95%B0%E5%BD%A2%E9%8A%BC%E5%88%80_%E5%B7%A5%E4%BD%9C%E5%8D%80%E5%9F%9F-1-%E8%A4%87%E6%9C%AC-6.jpg\" alt=\"\" width=\"292\" height=\"250\"><\/a><\/td>\n<td>3.2 x 1.4<\/td>\n<td>MBF-902<\/td>\n<td>MBF-902F<\/td>\n<td>MBF-902V<\/td>\n<td><a href=\"https:\/\/honwaygroup.com\/wp-content\/uploads\/2021\/01\/MBF-90-%E7%B3%BB%E5%88%97-%E9%91%BD%E7%9F%B3%E7%95%B0%E5%BD%A2%E9%8A%BC%E5%88%80_%E5%B7%A5%E4%BD%9C%E5%8D%80%E5%9F%9F-1-%E8%A4%87%E6%9C%AC-29.jpg\"><img loading=\"lazy\" decoding=\"async\" class=\"alignnone size-medium wp-image-27062\" src=\"https:\/\/honwaygroup.com\/wp-content\/uploads\/2021\/01\/MBF-90-%E7%B3%BB%E5%88%97-%E9%91%BD%E7%9F%B3%E7%95%B0%E5%BD%A2%E9%8A%BC%E5%88%80_%E5%B7%A5%E4%BD%9C%E5%8D%80%E5%9F%9F-1-%E8%A4%87%E6%9C%AC-29-300x60.jpg\" alt=\"\" width=\"300\" height=\"60\"><\/a><\/td>\n<\/tr>\n<tr>\n<td><a href=\"https:\/\/honwaygroup.com\/wp-content\/uploads\/2021\/01\/MBF-90-%E7%B3%BB%E5%88%97-%E9%91%BD%E7%9F%B3%E7%95%B0%E5%BD%A2%E9%8A%BC%E5%88%80_%E5%B7%A5%E4%BD%9C%E5%8D%80%E5%9F%9F-1-%E8%A4%87%E6%9C%AC-8.jpg\"><img loading=\"lazy\" decoding=\"async\" class=\"alignnone size-full wp-image-27026\" src=\"https:\/\/honwaygroup.com\/wp-content\/uploads\/2021\/01\/MBF-90-%E7%B3%BB%E5%88%97-%E9%91%BD%E7%9F%B3%E7%95%B0%E5%BD%A2%E9%8A%BC%E5%88%80_%E5%B7%A5%E4%BD%9C%E5%8D%80%E5%9F%9F-1-%E8%A4%87%E6%9C%AC-8.jpg\" alt=\"\" width=\"292\" height=\"250\"><\/a><\/td>\n<td>5 X 2<\/td>\n<td>MBF-903<\/td>\n<td>MBF-903F<\/td>\n<td>MBF-903V<\/td>\n<td><a href=\"https:\/\/honwaygroup.com\/wp-content\/uploads\/2021\/01\/MBF-90-%E7%B3%BB%E5%88%97-%E9%91%BD%E7%9F%B3%E7%95%B0%E5%BD%A2%E9%8A%BC%E5%88%80_%E5%B7%A5%E4%BD%9C%E5%8D%80%E5%9F%9F-1-%E8%A4%87%E6%9C%AC-30.jpg\"><img loading=\"lazy\" decoding=\"async\" class=\"alignnone wp-image-27066 size-medium\" src=\"https:\/\/honwaygroup.com\/wp-content\/uploads\/2021\/01\/MBF-90-%E7%B3%BB%E5%88%97-%E9%91%BD%E7%9F%B3%E7%95%B0%E5%BD%A2%E9%8A%BC%E5%88%80_%E5%B7%A5%E4%BD%9C%E5%8D%80%E5%9F%9F-1-%E8%A4%87%E6%9C%AC-30-300x60.jpg\" alt=\"\" width=\"300\" height=\"60\"><\/a><\/td>\n<\/tr>\n<tr>\n<td><a href=\"https:\/\/honwaygroup.com\/wp-content\/uploads\/2021\/01\/MBF-90-%E7%B3%BB%E5%88%97-%E9%91%BD%E7%9F%B3%E7%95%B0%E5%BD%A2%E9%8A%BC%E5%88%80_%E5%B7%A5%E4%BD%9C%E5%8D%80%E5%9F%9F-1-%E8%A4%87%E6%9C%AC-9.jpg\"><img loading=\"lazy\" decoding=\"async\" class=\"alignnone size-full wp-image-27030\" src=\"https:\/\/honwaygroup.com\/wp-content\/uploads\/2021\/01\/MBF-90-%E7%B3%BB%E5%88%97-%E9%91%BD%E7%9F%B3%E7%95%B0%E5%BD%A2%E9%8A%BC%E5%88%80_%E5%B7%A5%E4%BD%9C%E5%8D%80%E5%9F%9F-1-%E8%A4%87%E6%9C%AC-9.jpg\" alt=\"\" width=\"292\" height=\"250\"><\/a><\/td>\n<td>3.2 X 1.4<\/td>\n<td>MBF-904<\/td>\n<td>MBF-904F<\/td>\n<td>MBF-904V<\/td>\n<td><a href=\"https:\/\/honwaygroup.com\/wp-content\/uploads\/2021\/01\/MBF-90-%E7%B3%BB%E5%88%97-%E9%91%BD%E7%9F%B3%E7%95%B0%E5%BD%A2%E9%8A%BC%E5%88%80_%E5%B7%A5%E4%BD%9C%E5%8D%80%E5%9F%9F-1-%E8%A4%87%E6%9C%AC-31.jpg\"><img loading=\"lazy\" decoding=\"async\" class=\"alignnone wp-image-27070 size-medium\" src=\"https:\/\/honwaygroup.com\/wp-content\/uploads\/2021\/01\/MBF-90-%E7%B3%BB%E5%88%97-%E9%91%BD%E7%9F%B3%E7%95%B0%E5%BD%A2%E9%8A%BC%E5%88%80_%E5%B7%A5%E4%BD%9C%E5%8D%80%E5%9F%9F-1-%E8%A4%87%E6%9C%AC-31-300x60.jpg\" alt=\"\" width=\"300\" height=\"60\"><\/a><\/td>\n<\/tr>\n<tr>\n<td><a href=\"https:\/\/honwaygroup.com\/wp-content\/uploads\/2021\/01\/MBF-90-%E7%B3%BB%E5%88%97-%E9%91%BD%E7%9F%B3%E7%95%B0%E5%BD%A2%E9%8A%BC%E5%88%80_%E5%B7%A5%E4%BD%9C%E5%8D%80%E5%9F%9F-1-%E8%A4%87%E6%9C%AC-10.webp\"><img loading=\"lazy\" decoding=\"async\" class=\"alignnone size-full wp-image-27034\" src=\"https:\/\/honwaygroup.com\/wp-content\/uploads\/2021\/01\/MBF-90-%E7%B3%BB%E5%88%97-%E9%91%BD%E7%9F%B3%E7%95%B0%E5%BD%A2%E9%8A%BC%E5%88%80_%E5%B7%A5%E4%BD%9C%E5%8D%80%E5%9F%9F-1-%E8%A4%87%E6%9C%AC-10.webp\" alt=\"\" width=\"292\" height=\"250\"><\/a><\/td>\n<td>\u00d83<\/td>\n<td>MBF-905<\/td>\n<td>MBF-905F<\/td>\n<td>MBF-905V<\/td>\n<td><a href=\"https:\/\/honwaygroup.com\/wp-content\/uploads\/2021\/01\/MBF-90-%E7%B3%BB%E5%88%97-%E9%91%BD%E7%9F%B3%E7%95%B0%E5%BD%A2%E9%8A%BC%E5%88%80_%E5%B7%A5%E4%BD%9C%E5%8D%80%E5%9F%9F-1-%E8%A4%87%E6%9C%AC-32.jpg\"><img loading=\"lazy\" decoding=\"async\" class=\"alignnone wp-image-27074 size-medium\" src=\"https:\/\/honwaygroup.com\/wp-content\/uploads\/2021\/01\/MBF-90-%E7%B3%BB%E5%88%97-%E9%91%BD%E7%9F%B3%E7%95%B0%E5%BD%A2%E9%8A%BC%E5%88%80_%E5%B7%A5%E4%BD%9C%E5%8D%80%E5%9F%9F-1-%E8%A4%87%E6%9C%AC-32-300x60.jpg\" alt=\"\" width=\"300\" height=\"60\"><\/a><\/td>\n<\/tr>\n<tr>\n<td><a href=\"https:\/\/honwaygroup.com\/wp-content\/uploads\/2021\/01\/MBF-90-%E7%B3%BB%E5%88%97-%E9%91%BD%E7%9F%B3%E7%95%B0%E5%BD%A2%E9%8A%BC%E5%88%80_%E5%B7%A5%E4%BD%9C%E5%8D%80%E5%9F%9F-1-%E8%A4%87%E6%9C%AC-21.webp\"><img loading=\"lazy\" decoding=\"async\" class=\"alignnone size-full wp-image-27038\" src=\"https:\/\/honwaygroup.com\/wp-content\/uploads\/2021\/01\/MBF-90-%E7%B3%BB%E5%88%97-%E9%91%BD%E7%9F%B3%E7%95%B0%E5%BD%A2%E9%8A%BC%E5%88%80_%E5%B7%A5%E4%BD%9C%E5%8D%80%E5%9F%9F-1-%E8%A4%87%E6%9C%AC-21.webp\" alt=\"\" width=\"292\" height=\"250\"><\/a><\/td>\n<td>\u00d83<\/td>\n<td>MBF-906<\/td>\n<td>MBF-906F<\/td>\n<td>MBF-906V<\/td>\n<td><a href=\"https:\/\/honwaygroup.com\/wp-content\/uploads\/2021\/01\/MBF-90-%E7%B3%BB%E5%88%97-%E9%91%BD%E7%9F%B3%E7%95%B0%E5%BD%A2%E9%8A%BC%E5%88%80_%E5%B7%A5%E4%BD%9C%E5%8D%80%E5%9F%9F-1-%E8%A4%87%E6%9C%AC-33.jpg\"><img loading=\"lazy\" decoding=\"async\" class=\"alignnone wp-image-27078 size-medium\" src=\"https:\/\/honwaygroup.com\/wp-content\/uploads\/2021\/01\/MBF-90-%E7%B3%BB%E5%88%97-%E9%91%BD%E7%9F%B3%E7%95%B0%E5%BD%A2%E9%8A%BC%E5%88%80_%E5%B7%A5%E4%BD%9C%E5%8D%80%E5%9F%9F-1-%E8%A4%87%E6%9C%AC-33-300x60.jpg\" alt=\"\" width=\"300\" height=\"60\"><\/a><\/td>\n<\/tr>\n<tr>\n<td><a href=\"https:\/\/honwaygroup.com\/wp-content\/uploads\/2021\/01\/MBF-90-%E7%B3%BB%E5%88%97-%E9%91%BD%E7%9F%B3%E7%95%B0%E5%BD%A2%E9%8A%BC%E5%88%80_%E5%B7%A5%E4%BD%9C%E5%8D%80%E5%9F%9F-1-%E8%A4%87%E6%9C%AC-22.webp\"><img loading=\"lazy\" decoding=\"async\" class=\"alignnone size-full wp-image-27042\" src=\"https:\/\/honwaygroup.com\/wp-content\/uploads\/2021\/01\/MBF-90-%E7%B3%BB%E5%88%97-%E9%91%BD%E7%9F%B3%E7%95%B0%E5%BD%A2%E9%8A%BC%E5%88%80_%E5%B7%A5%E4%BD%9C%E5%8D%80%E5%9F%9F-1-%E8%A4%87%E6%9C%AC-22.webp\" alt=\"\" width=\"292\" height=\"250\"><\/a><\/td>\n<td>2.5<\/td>\n<td>MBF-907<\/td>\n<td>MBF-907F<\/td>\n<td>MBF-907V<\/td>\n<td><a href=\"https:\/\/honwaygroup.com\/wp-content\/uploads\/2021\/01\/MBF-90-%E7%B3%BB%E5%88%97-%E9%91%BD%E7%9F%B3%E7%95%B0%E5%BD%A2%E9%8A%BC%E5%88%80_%E5%B7%A5%E4%BD%9C%E5%8D%80%E5%9F%9F-1-%E8%A4%87%E6%9C%AC-34.jpg\"><img loading=\"lazy\" decoding=\"async\" class=\"alignnone wp-image-27082 size-medium\" src=\"https:\/\/honwaygroup.com\/wp-content\/uploads\/2021\/01\/MBF-90-%E7%B3%BB%E5%88%97-%E9%91%BD%E7%9F%B3%E7%95%B0%E5%BD%A2%E9%8A%BC%E5%88%80_%E5%B7%A5%E4%BD%9C%E5%8D%80%E5%9F%9F-1-%E8%A4%87%E6%9C%AC-34-300x60.jpg\" alt=\"\" width=\"300\" height=\"60\"><\/a><\/td>\n<\/tr>\n<tr>\n<td><a href=\"https:\/\/honwaygroup.com\/wp-content\/uploads\/2021\/01\/MBF-90-%E7%B3%BB%E5%88%97-%E9%91%BD%E7%9F%B3%E7%95%B0%E5%BD%A2%E9%8A%BC%E5%88%80_%E5%B7%A5%E4%BD%9C%E5%8D%80%E5%9F%9F-1-%E8%A4%87%E6%9C%AC-23.webp\"><img loading=\"lazy\" decoding=\"async\" class=\"alignnone size-full wp-image-27046\" src=\"https:\/\/honwaygroup.com\/wp-content\/uploads\/2021\/01\/MBF-90-%E7%B3%BB%E5%88%97-%E9%91%BD%E7%9F%B3%E7%95%B0%E5%BD%A2%E9%8A%BC%E5%88%80_%E5%B7%A5%E4%BD%9C%E5%8D%80%E5%9F%9F-1-%E8%A4%87%E6%9C%AC-23.webp\" alt=\"\" width=\"292\" height=\"250\"><\/a><\/td>\n<td>3.2 X 1.4<\/td>\n<td>MBF-908<\/td>\n<td>MBF-908F<\/td>\n<td>MBF-908V<\/td>\n<td><a href=\"https:\/\/honwaygroup.com\/wp-content\/uploads\/2021\/01\/MBF-90-%E7%B3%BB%E5%88%97-%E9%91%BD%E7%9F%B3%E7%95%B0%E5%BD%A2%E9%8A%BC%E5%88%80_%E5%B7%A5%E4%BD%9C%E5%8D%80%E5%9F%9F-1-%E8%A4%87%E6%9C%AC-35.jpg\"><img loading=\"lazy\" decoding=\"async\" class=\"alignnone wp-image-27086 size-medium\" src=\"https:\/\/honwaygroup.com\/wp-content\/uploads\/2021\/01\/MBF-90-%E7%B3%BB%E5%88%97-%E9%91%BD%E7%9F%B3%E7%95%B0%E5%BD%A2%E9%8A%BC%E5%88%80_%E5%B7%A5%E4%BD%9C%E5%8D%80%E5%9F%9F-1-%E8%A4%87%E6%9C%AC-35-300x60.jpg\" alt=\"\" width=\"300\" height=\"60\"><\/a><\/td>\n<\/tr>\n<tr>\n<td><a href=\"https:\/\/honwaygroup.com\/wp-content\/uploads\/2021\/01\/MBF-90-%E7%B3%BB%E5%88%97-%E9%91%BD%E7%9F%B3%E7%95%B0%E5%BD%A2%E9%8A%BC%E5%88%80_%E5%B7%A5%E4%BD%9C%E5%8D%80%E5%9F%9F-1-%E8%A4%87%E6%9C%AC-24.webp\"><img loading=\"lazy\" decoding=\"async\" class=\"alignnone size-full wp-image-27050\" src=\"https:\/\/honwaygroup.com\/wp-content\/uploads\/2021\/01\/MBF-90-%E7%B3%BB%E5%88%97-%E9%91%BD%E7%9F%B3%E7%95%B0%E5%BD%A2%E9%8A%BC%E5%88%80_%E5%B7%A5%E4%BD%9C%E5%8D%80%E5%9F%9F-1-%E8%A4%87%E6%9C%AC-24.webp\" alt=\"\" width=\"292\" height=\"250\"><\/a><\/td>\n<td>3.2 X 1.4<\/td>\n<td>MBF-909<\/td>\n<td>MBF-909F<\/td>\n<td>MBF-909V<\/td>\n<td><a href=\"https:\/\/honwaygroup.com\/wp-content\/uploads\/2021\/01\/MBF-90-%E7%B3%BB%E5%88%97-%E9%91%BD%E7%9F%B3%E7%95%B0%E5%BD%A2%E9%8A%BC%E5%88%80_%E5%B7%A5%E4%BD%9C%E5%8D%80%E5%9F%9F-1-%E8%A4%87%E6%9C%AC-36.jpg\"><img loading=\"lazy\" decoding=\"async\" class=\"alignnone wp-image-27090 size-medium\" src=\"https:\/\/honwaygroup.com\/wp-content\/uploads\/2021\/01\/MBF-90-%E7%B3%BB%E5%88%97-%E9%91%BD%E7%9F%B3%E7%95%B0%E5%BD%A2%E9%8A%BC%E5%88%80_%E5%B7%A5%E4%BD%9C%E5%8D%80%E5%9F%9F-1-%E8%A4%87%E6%9C%AC-36-300x60.jpg\" alt=\"\" width=\"300\" height=\"60\"><\/a><\/td>\n<\/tr>\n<tr>\n<td><a href=\"https:\/\/honwaygroup.com\/wp-content\/uploads\/2021\/01\/MBF-90-%E7%B3%BB%E5%88%97-%E9%91%BD%E7%9F%B3%E7%95%B0%E5%BD%A2%E9%8A%BC%E5%88%80_%E5%B7%A5%E4%BD%9C%E5%8D%80%E5%9F%9F-1-%E8%A4%87%E6%9C%AC-25.webp\"><img loading=\"lazy\" decoding=\"async\" class=\"alignnone size-full wp-image-27054\" src=\"https:\/\/honwaygroup.com\/wp-content\/uploads\/2021\/01\/MBF-90-%E7%B3%BB%E5%88%97-%E9%91%BD%E7%9F%B3%E7%95%B0%E5%BD%A2%E9%8A%BC%E5%88%80_%E5%B7%A5%E4%BD%9C%E5%8D%80%E5%9F%9F-1-%E8%A4%87%E6%9C%AC-25.webp\" alt=\"\" width=\"292\" height=\"250\"><\/a><\/td>\n<td>3.5 X 2<\/td>\n<td>MBF-910<\/td>\n<td>MBF-910F<\/td>\n<td>MBF-910V<\/td>\n<td><a href=\"https:\/\/honwaygroup.com\/wp-content\/uploads\/2021\/01\/MBF-90-%E7%B3%BB%E5%88%97-%E9%91%BD%E7%9F%B3%E7%95%B0%E5%BD%A2%E9%8A%BC%E5%88%80_%E5%B7%A5%E4%BD%9C%E5%8D%80%E5%9F%9F-1-%E8%A4%87%E6%9C%AC-37.jpg\"><img loading=\"lazy\" decoding=\"async\" class=\"alignnone wp-image-27094 size-medium\" src=\"https:\/\/honwaygroup.com\/wp-content\/uploads\/2021\/01\/MBF-90-%E7%B3%BB%E5%88%97-%E9%91%BD%E7%9F%B3%E7%95%B0%E5%BD%A2%E9%8A%BC%E5%88%80_%E5%B7%A5%E4%BD%9C%E5%8D%80%E5%9F%9F-1-%E8%A4%87%E6%9C%AC-37-300x60.jpg\" alt=\"\" width=\"300\" height=\"60\"><\/a><\/td>\n<\/tr>\n<tr>\n<td colspan=\"2\"><strong>Juego de 10 piezas<\/strong><\/td>\n<td>MBF-900<\/td>\n<td>MBF-900F<\/td>\n<td>MBF-900V<\/td>\n<td><\/td>\n<\/tr>\n<\/tbody>\n<\/table>\n<p>unidad : mm<\/p>\n<p>\u00bfTienes preguntas? <a href=\"https:\/\/honwaygroup.com\/es\/contactar-con-honway\/\">Contactar a Honway<\/a><\/p>\n","protected":false},"excerpt":{"rendered":"<ul>\n<li data-start=\"87\" data-end=\"107\">Alta resistencia al desgaste, larga vida \u00fatil, no es f\u00e1cil de pasivar.<\/li>\n<li data-start=\"146\" data-end=\"196\">En comparaci\u00f3n con las limas de forma est\u00e1ndar, las limas de forma especial ofrecen un dise\u00f1o de forma especial que es adecuado para el acabado de detalles y \u00e1reas de dif\u00edcil acceso.<\/li>\n<li data-start=\"197\" data-end=\"244\">Las formas pueden incluir arcos, biseles, ranuras de formas especiales, puntas c\u00f3nicas, hojas curvas, etc., que pueden adaptarse con mayor precisi\u00f3n a las necesidades de la pieza de trabajo.<\/li>\n<\/ul>\n<h5><strong><span style=\"color: #ff0000; font-size: 19.2px;\">\u25b2<\/span><\/strong><strong><span style=\"color: #ff0000; font-size: 19.2px;\">Si necesita tama\u00f1os personalizados, p\u00f3ngase en contacto con el servicio de atenci\u00f3n al cliente. La fecha de entrega se basa en la hora que nos indique el servicio de atenci\u00f3n al cliente.<\/span><\/strong><\/h5>\n<h5><strong><span style=\"color: #ff0000; font-size: 19.2px;\">\u25b2 Los pedidos grandes pueden disfrutar de descuentos, comun\u00edquese con el servicio de atenci\u00f3n al cliente para realizar consultas.<\/span><\/strong><\/h5>\n<h5><strong><span style=\"color: #ff0000; font-size: 19.2px;\">\u25b2<\/span><span style=\"color: #ff0000; font-size: 19.2px;\">El tiempo de<\/span><span style=\"color: #ff0000;\"> entrega para pedidos de<\/span><span style=\"color: #ff0000; font-size: 19.2px;\"> Taiw\u00e1n es de aproximadamente 7 a 14 d\u00edas h\u00e1biles.<\/span><\/strong><\/h5>\n<h5><strong><span style=\"color: #ff0000; font-size: 19.2px;\">\u25b2<\/span><span style=\"color: #ff0000;\">Los pedidos internacionales tardan aproximadamente de 7 a 14 d\u00edas en enviarse. El tiempo de entrega real depende del estado de entrega de la empresa de mensajer\u00eda.<\/span><\/strong><\/h5>\n","protected":false},"featured_media":127315,"template":"","meta":{"site-sidebar-layout":"default","site-content-layout":"default","ast-site-content-layout":"default","site-content-style":"default","site-sidebar-style":"default","ast-global-header-display":"","ast-banner-title-visibility":"","ast-main-header-display":"","ast-hfb-above-header-display":"","ast-hfb-below-header-display":"","ast-hfb-mobile-header-display":"","site-post-title":"","ast-breadcrumbs-content":"","ast-featured-img":"","footer-sml-layout":"","ast-disable-related-posts":"","theme-transparent-header-meta":"default","adv-header-id-meta":"","stick-header-meta":"default","header-above-stick-meta":"","header-main-stick-meta":"","header-below-stick-meta":"","astra-migrate-meta-layouts":"default","ast-page-background-enabled":"default","ast-page-background-meta":{"desktop":{"background-color":"var(--ast-global-color-5)","background-image":"","background-repeat":"repeat","background-position":"center center","background-size":"auto","background-attachment":"scroll","background-type":"","background-media":"","overlay-type":"","overlay-color":"","overlay-opacity":"","overlay-gradient":""},"tablet":{"background-color":"","background-image":"","background-repeat":"repeat","background-position":"center center","background-size":"auto","background-attachment":"scroll","background-type":"","background-media":"","overlay-type":"","overlay-color":"","overlay-opacity":"","overlay-gradient":""},"mobile":{"background-color":"","background-image":"","background-repeat":"repeat","background-position":"center center","background-size":"auto","background-attachment":"scroll","background-type":"","background-media":"","overlay-type":"","overlay-color":"","overlay-opacity":"","overlay-gradient":""}},"ast-content-background-meta":{"desktop":{"background-color":"var(--ast-global-color-4)","background-image":"","background-repeat":"repeat","background-position":"center center","background-size":"auto","background-attachment":"scroll","background-type":"","background-media":"","overlay-type":"","overlay-color":"","overlay-opacity":"","overlay-gradient":""},"tablet":{"background-color":"var(--ast-global-color-4)","background-image":"","background-repeat":"repeat","background-position":"center center","background-size":"auto","background-attachment":"scroll","background-type":"","background-media":"","overlay-type":"","overlay-color":"","overlay-opacity":"","overlay-gradient":""},"mobile":{"background-color":"var(--ast-global-color-4)","background-image":"","background-repeat":"repeat","background-position":"center center","background-size":"auto","background-attachment":"scroll","background-type":"","background-media":"","overlay-type":"","overlay-color":"","overlay-opacity":"","overlay-gradient":""}}},"product_brand":[],"product_cat":[10504,10508],"product_tag":[10837,10838],"class_list":{"0":"post-127314","1":"product","2":"type-product","3":"status-publish","4":"has-post-thumbnail","6":"product_cat-dianond-tools-es","7":"product_cat-limas-de-maquina-de-diamante","8":"product_tag-limas-de-diamante-es","9":"product_tag-limas-de-formas-especiales","10":"desktop-align-left","11":"tablet-align-left","12":"mobile-align-left","13":"ast-product-gallery-layout-horizontal-slider","14":"ast-product-single-variable","15":"ast-product-tabs-layout-horizontal","17":"first","18":"instock","19":"taxable","20":"shipping-taxable","21":"purchasable","22":"product-type-variable"},"_links":{"self":[{"href":"https:\/\/honwaygroup.com\/es\/wp-json\/wp\/v2\/product\/127314","targetHints":{"allow":["GET"]}}],"collection":[{"href":"https:\/\/honwaygroup.com\/es\/wp-json\/wp\/v2\/product"}],"about":[{"href":"https:\/\/honwaygroup.com\/es\/wp-json\/wp\/v2\/types\/product"}],"version-history":[{"count":0,"href":"https:\/\/honwaygroup.com\/es\/wp-json\/wp\/v2\/product\/127314\/revisions"}],"wp:featuredmedia":[{"embeddable":true,"href":"https:\/\/honwaygroup.com\/es\/wp-json\/wp\/v2\/media\/127315"}],"wp:attachment":[{"href":"https:\/\/honwaygroup.com\/es\/wp-json\/wp\/v2\/media?parent=127314"}],"wp:term":[{"taxonomy":"product_brand","embeddable":true,"href":"https:\/\/honwaygroup.com\/es\/wp-json\/wp\/v2\/product_brand?post=127314"},{"taxonomy":"product_cat","embeddable":true,"href":"https:\/\/honwaygroup.com\/es\/wp-json\/wp\/v2\/product_cat?post=127314"},{"taxonomy":"product_tag","embeddable":true,"href":"https:\/\/honwaygroup.com\/es\/wp-json\/wp\/v2\/product_tag?post=127314"}],"curies":[{"name":"wp","href":"https:\/\/api.w.org\/{rel}","templated":true}]}}