{"id":127256,"date":"2021-01-23T19:50:17","date_gmt":"2021-01-23T11:50:17","guid":{"rendered":"https:\/\/honwaygroup.com\/product\/lima-de-diamante-bf-90\/"},"modified":"2021-01-23T19:50:17","modified_gmt":"2021-01-23T11:50:17","slug":"lima-de-diamante-bf-90","status":"publish","type":"product","link":"https:\/\/honwaygroup.com\/es\/producto\/lima-de-diamante-bf-90\/","title":{"rendered":"Lima de diamante BF-90"},"content":{"rendered":"<h1>Lima de diamante BF-90<\/h1>\n<h2>Caracter\u00edsticas:<\/h2>\n<ul>\n<li data-start=\"87\" data-end=\"107\">Alta resistencia al desgaste, larga vida \u00fatil, no es f\u00e1cil de pasivar.<\/li>\n<li data-start=\"146\" data-end=\"196\">En comparaci\u00f3n con las limas de forma est\u00e1ndar, las limas de forma especial ofrecen un dise\u00f1o de forma especial que es adecuado para el acabado de detalles y \u00e1reas de dif\u00edcil acceso.<\/li>\n<li data-start=\"197\" data-end=\"244\">Las formas pueden incluir arcos, biseles, ranuras de formas especiales, puntas c\u00f3nicas, hojas curvas, etc., que pueden adaptarse con mayor precisi\u00f3n a las necesidades de la pieza de trabajo.<\/li>\n<\/ul>\n<h2>Aplicaciones:<\/h2>\n<ul>\n<li>Se puede utilizar para molienda manual para satisfacer las necesidades de procesamiento de nivel profesional.<\/li>\n<li>Utiliza part\u00edculas de diamante y es adecuado para materiales duros como metal, cer\u00e1mica, vidrio, fibra de carbono, etc.<\/li>\n<li>Adecuado para acabado, esmerilado, pulido y otros trabajos finos.<\/li>\n<\/ul>\n<h2>Especificaciones del producto:<\/h2>\n<table class=\"specTable2\" width=\"100%\">\n<tbody>\n<tr>\n<th colspan=\"2\" rowspan=\"2\">Forma y tama\u00f1o (mm)<\/th>\n<th colspan=\"3\">n\u00famero de serie<\/th>\n<th rowspan=\"2\" width=\"35%\">\n<ul>\n<li style=\"text-align: left\">Longitud total: 140 mm<\/li>\n<li style=\"text-align: left\">Di\u00e1metro del v\u00e1stago: \u00d83,0 mm<\/li>\n<li style=\"text-align: left\">Longitud del diamante: 20 mm<\/li>\n<\/ul>\n<\/th>\n<\/tr>\n<tr>\n<th>#150<\/th>\n<th>#200<\/th>\n<th>#400<\/th>\n<\/tr>\n<tr>\n<td><a href=\"https:\/\/honwaygroup.com\/wp-content\/uploads\/2021\/01\/BF-90-%E9%91%BD%E7%9F%B3%E7%95%B0%E5%BD%A2%E9%8A%BC%E5%88%80_%E5%B7%A5%E4%BD%9C%E5%8D%80%E5%9F%9F-1-%E8%A4%87%E6%9C%AC-5.webp\"><img decoding=\"async\" class=\"wp-image-25227 aligncenter\" src=\"https:\/\/honwaygroup.com\/wp-content\/uploads\/2021\/01\/BF-90-%E9%91%BD%E7%9F%B3%E7%95%B0%E5%BD%A2%E9%8A%BC%E5%88%80_%E5%B7%A5%E4%BD%9C%E5%8D%80%E5%9F%9F-1-%E8%A4%87%E6%9C%AC-5-150x150.webp\" alt=\"\" width=\"90\" height=\"77\"><\/a><\/td>\n<td style=\"text-align: center\">6 x 1.3<\/td>\n<td style=\"text-align: center\">BF-901<\/td>\n<td style=\"text-align: center\">BF-901F<\/td>\n<td style=\"text-align: center\">BF-901V<\/td>\n<td><a href=\"https:\/\/honwaygroup.com\/wp-content\/uploads\/2021\/01\/BF-90-%E9%91%BD%E7%9F%B3%E7%95%B0%E5%BD%A2%E9%8A%BC%E5%88%80-58_%E5%B7%A5%E4%BD%9C%E5%8D%80%E5%9F%9F-1-%E8%A4%87%E6%9C%AC-11.jpg\"><img fetchpriority=\"high\" decoding=\"async\" class=\"alignnone wp-image-25342 size-full\" src=\"https:\/\/honwaygroup.com\/wp-content\/uploads\/2021\/01\/BF-90-%E9%91%BD%E7%9F%B3%E7%95%B0%E5%BD%A2%E9%8A%BC%E5%88%80-58_%E5%B7%A5%E4%BD%9C%E5%8D%80%E5%9F%9F-1-%E8%A4%87%E6%9C%AC-11.jpg\" alt=\"\" width=\"1252\" height=\"250\"><\/a><\/td>\n<\/tr>\n<tr>\n<td><a href=\"https:\/\/honwaygroup.com\/wp-content\/uploads\/2021\/01\/BF-90-%E9%91%BD%E7%9F%B3%E7%95%B0%E5%BD%A2%E9%8A%BC%E5%88%80_%E5%B7%A5%E4%BD%9C%E5%8D%80%E5%9F%9F-1-%E8%A4%87%E6%9C%AC-6.webp\"><img decoding=\"async\" class=\"wp-image-25231 aligncenter\" src=\"https:\/\/honwaygroup.com\/wp-content\/uploads\/2021\/01\/BF-90-%E9%91%BD%E7%9F%B3%E7%95%B0%E5%BD%A2%E9%8A%BC%E5%88%80_%E5%B7%A5%E4%BD%9C%E5%8D%80%E5%9F%9F-1-%E8%A4%87%E6%9C%AC-6-150x150.webp\" alt=\"\" width=\"90\" height=\"77\"><\/a><\/td>\n<td style=\"text-align: center\">2.5<\/td>\n<td style=\"text-align: center\">BF-902<\/td>\n<td style=\"text-align: center\">BF-902F<\/td>\n<td style=\"text-align: center\">BF-902V<\/td>\n<td><a href=\"https:\/\/honwaygroup.com\/wp-content\/uploads\/2021\/01\/BF-90-%E9%91%BD%E7%9F%B3%E7%95%B0%E5%BD%A2%E9%8A%BC%E5%88%80-58_%E5%B7%A5%E4%BD%9C%E5%8D%80%E5%9F%9F-1-%E8%A4%87%E6%9C%AC-12.webp\"><img loading=\"lazy\" decoding=\"async\" class=\"alignnone wp-image-25346 size-full\" src=\"https:\/\/honwaygroup.com\/wp-content\/uploads\/2021\/01\/BF-90-%E9%91%BD%E7%9F%B3%E7%95%B0%E5%BD%A2%E9%8A%BC%E5%88%80-58_%E5%B7%A5%E4%BD%9C%E5%8D%80%E5%9F%9F-1-%E8%A4%87%E6%9C%AC-12.webp\" alt=\"\" width=\"1253\" height=\"250\"><\/a><\/td>\n<\/tr>\n<tr>\n<td><a href=\"https:\/\/honwaygroup.com\/wp-content\/uploads\/2021\/01\/BF-90-%E9%91%BD%E7%9F%B3%E7%95%B0%E5%BD%A2%E9%8A%BC%E5%88%80_%E5%B7%A5%E4%BD%9C%E5%8D%80%E5%9F%9F-1-%E8%A4%87%E6%9C%AC-8.webp\"><img loading=\"lazy\" decoding=\"async\" class=\"wp-image-25235 aligncenter\" src=\"https:\/\/honwaygroup.com\/wp-content\/uploads\/2021\/01\/BF-90-%E9%91%BD%E7%9F%B3%E7%95%B0%E5%BD%A2%E9%8A%BC%E5%88%80_%E5%B7%A5%E4%BD%9C%E5%8D%80%E5%9F%9F-1-%E8%A4%87%E6%9C%AC-8-150x150.webp\" alt=\"\" width=\"90\" height=\"77\"><\/a><\/td>\n<td style=\"text-align: center\">3.5 x 1.5<\/td>\n<td style=\"text-align: center\">BF-903<\/td>\n<td style=\"text-align: center\">BF-903F<\/td>\n<td style=\"text-align: center\">BF-903V<\/td>\n<td><a href=\"https:\/\/honwaygroup.com\/wp-content\/uploads\/2021\/01\/BF-90-%E9%91%BD%E7%9F%B3%E7%95%B0%E5%BD%A2%E9%8A%BC%E5%88%80-58_%E5%B7%A5%E4%BD%9C%E5%8D%80%E5%9F%9F-1-%E8%A4%87%E6%9C%AC-13.webp\"><img loading=\"lazy\" decoding=\"async\" class=\"alignnone wp-image-25350 size-full\" src=\"https:\/\/honwaygroup.com\/wp-content\/uploads\/2021\/01\/BF-90-%E9%91%BD%E7%9F%B3%E7%95%B0%E5%BD%A2%E9%8A%BC%E5%88%80-58_%E5%B7%A5%E4%BD%9C%E5%8D%80%E5%9F%9F-1-%E8%A4%87%E6%9C%AC-13.webp\" alt=\"\" width=\"1253\" height=\"250\"><\/a><\/td>\n<\/tr>\n<tr>\n<td><a href=\"https:\/\/honwaygroup.com\/wp-content\/uploads\/2021\/01\/BF-90-%E9%91%BD%E7%9F%B3%E7%95%B0%E5%BD%A2%E9%8A%BC%E5%88%80_%E5%B7%A5%E4%BD%9C%E5%8D%80%E5%9F%9F-1-%E8%A4%87%E6%9C%AC-9.webp\"><img loading=\"lazy\" decoding=\"async\" class=\"wp-image-25239 aligncenter\" src=\"https:\/\/honwaygroup.com\/wp-content\/uploads\/2021\/01\/BF-90-%E9%91%BD%E7%9F%B3%E7%95%B0%E5%BD%A2%E9%8A%BC%E5%88%80_%E5%B7%A5%E4%BD%9C%E5%8D%80%E5%9F%9F-1-%E8%A4%87%E6%9C%AC-9-150x150.webp\" alt=\"\" width=\"90\" height=\"77\"><\/a><\/td>\n<td style=\"text-align: center\">3.5<\/td>\n<td style=\"text-align: center\">BF-904<\/td>\n<td style=\"text-align: center\">BF-904F<\/td>\n<td style=\"text-align: center\">BF-904V<\/td>\n<td><a href=\"https:\/\/honwaygroup.com\/wp-content\/uploads\/2021\/01\/BF-90-%E9%91%BD%E7%9F%B3%E7%95%B0%E5%BD%A2%E9%8A%BC%E5%88%80-58_%E5%B7%A5%E4%BD%9C%E5%8D%80%E5%9F%9F-1-%E8%A4%87%E6%9C%AC-14.webp\"><img loading=\"lazy\" decoding=\"async\" class=\"alignnone wp-image-25354 size-full\" src=\"https:\/\/honwaygroup.com\/wp-content\/uploads\/2021\/01\/BF-90-%E9%91%BD%E7%9F%B3%E7%95%B0%E5%BD%A2%E9%8A%BC%E5%88%80-58_%E5%B7%A5%E4%BD%9C%E5%8D%80%E5%9F%9F-1-%E8%A4%87%E6%9C%AC-14.webp\" alt=\"\" width=\"1253\" height=\"250\"><\/a><\/td>\n<\/tr>\n<tr>\n<td><a href=\"https:\/\/honwaygroup.com\/wp-content\/uploads\/2021\/01\/BF-90-%E9%91%BD%E7%9F%B3%E7%95%B0%E5%BD%A2%E9%8A%BC%E5%88%80_%E5%B7%A5%E4%BD%9C%E5%8D%80%E5%9F%9F-1-%E8%A4%87%E6%9C%AC-10.webp\"><img loading=\"lazy\" decoding=\"async\" class=\"wp-image-25243 aligncenter\" src=\"https:\/\/honwaygroup.com\/wp-content\/uploads\/2021\/01\/BF-90-%E9%91%BD%E7%9F%B3%E7%95%B0%E5%BD%A2%E9%8A%BC%E5%88%80_%E5%B7%A5%E4%BD%9C%E5%8D%80%E5%9F%9F-1-%E8%A4%87%E6%9C%AC-10-150x150.webp\" alt=\"\" width=\"90\" height=\"77\"><\/a><\/td>\n<td style=\"text-align: center\">5 x 2<\/td>\n<td style=\"text-align: center\">BF-905<\/td>\n<td style=\"text-align: center\">BF-905F<\/td>\n<td style=\"text-align: center\">BF-905V<\/td>\n<td><a href=\"https:\/\/honwaygroup.com\/wp-content\/uploads\/2021\/01\/BF-90-%E9%91%BD%E7%9F%B3%E7%95%B0%E5%BD%A2%E9%8A%BC%E5%88%80-58_%E5%B7%A5%E4%BD%9C%E5%8D%80%E5%9F%9F-1-%E8%A4%87%E6%9C%AC-15.webp\"><img loading=\"lazy\" decoding=\"async\" class=\"alignnone wp-image-25358 size-full\" src=\"https:\/\/honwaygroup.com\/wp-content\/uploads\/2021\/01\/BF-90-%E9%91%BD%E7%9F%B3%E7%95%B0%E5%BD%A2%E9%8A%BC%E5%88%80-58_%E5%B7%A5%E4%BD%9C%E5%8D%80%E5%9F%9F-1-%E8%A4%87%E6%9C%AC-15.webp\" alt=\"\" width=\"1253\" height=\"250\"><\/a><\/td>\n<\/tr>\n<tr>\n<td><a href=\"https:\/\/honwaygroup.com\/wp-content\/uploads\/2021\/01\/BF-90-%E9%91%BD%E7%9F%B3%E7%95%B0%E5%BD%A2%E9%8A%BC%E5%88%80_%E5%B7%A5%E4%BD%9C%E5%8D%80%E5%9F%9F-1-%E8%A4%87%E6%9C%AC-11.webp\"><img loading=\"lazy\" decoding=\"async\" class=\"wp-image-25247 aligncenter\" src=\"https:\/\/honwaygroup.com\/wp-content\/uploads\/2021\/01\/BF-90-%E9%91%BD%E7%9F%B3%E7%95%B0%E5%BD%A2%E9%8A%BC%E5%88%80_%E5%B7%A5%E4%BD%9C%E5%8D%80%E5%9F%9F-1-%E8%A4%87%E6%9C%AC-11-150x150.webp\" alt=\"\" width=\"90\" height=\"77\"><\/a><\/td>\n<td style=\"text-align: center\">3.5 x 1.5<\/td>\n<td style=\"text-align: center\">BF-906<\/td>\n<td style=\"text-align: center\">BF-906F<\/td>\n<td style=\"text-align: center\">BF-906V<\/td>\n<td><a href=\"https:\/\/honwaygroup.com\/wp-content\/uploads\/2021\/01\/BF-90-%E9%91%BD%E7%9F%B3%E7%95%B0%E5%BD%A2%E9%8A%BC%E5%88%80-58_%E5%B7%A5%E4%BD%9C%E5%8D%80%E5%9F%9F-1-%E8%A4%87%E6%9C%AC-16.webp\"><img loading=\"lazy\" decoding=\"async\" class=\"alignnone wp-image-25362 size-full\" src=\"https:\/\/honwaygroup.com\/wp-content\/uploads\/2021\/01\/BF-90-%E9%91%BD%E7%9F%B3%E7%95%B0%E5%BD%A2%E9%8A%BC%E5%88%80-58_%E5%B7%A5%E4%BD%9C%E5%8D%80%E5%9F%9F-1-%E8%A4%87%E6%9C%AC-16.webp\" alt=\"\" width=\"1253\" height=\"250\"><\/a><\/td>\n<\/tr>\n<tr>\n<td><a href=\"https:\/\/honwaygroup.com\/wp-content\/uploads\/2021\/01\/BF-90-%E9%91%BD%E7%9F%B3%E7%95%B0%E5%BD%A2%E9%8A%BC%E5%88%80_%E5%B7%A5%E4%BD%9C%E5%8D%80%E5%9F%9F-1-%E8%A4%87%E6%9C%AC-12.webp\"><img loading=\"lazy\" decoding=\"async\" class=\"wp-image-25251 aligncenter\" src=\"https:\/\/honwaygroup.com\/wp-content\/uploads\/2021\/01\/BF-90-%E9%91%BD%E7%9F%B3%E7%95%B0%E5%BD%A2%E9%8A%BC%E5%88%80_%E5%B7%A5%E4%BD%9C%E5%8D%80%E5%9F%9F-1-%E8%A4%87%E6%9C%AC-12-150x150.webp\" alt=\"\" width=\"90\" height=\"77\"><\/a><\/td>\n<td style=\"text-align: center\">3.5 x 2<\/td>\n<td style=\"text-align: center\">BF-907<\/td>\n<td style=\"text-align: center\">BF-907F<\/td>\n<td style=\"text-align: center\">BF-907V<\/td>\n<td><a href=\"https:\/\/honwaygroup.com\/wp-content\/uploads\/2021\/01\/BF-90-%E9%91%BD%E7%9F%B3%E7%95%B0%E5%BD%A2%E9%8A%BC%E5%88%80-58_%E5%B7%A5%E4%BD%9C%E5%8D%80%E5%9F%9F-1-%E8%A4%87%E6%9C%AC-17.webp\"><img loading=\"lazy\" decoding=\"async\" class=\"alignnone wp-image-25366 size-full\" src=\"https:\/\/honwaygroup.com\/wp-content\/uploads\/2021\/01\/BF-90-%E9%91%BD%E7%9F%B3%E7%95%B0%E5%BD%A2%E9%8A%BC%E5%88%80-58_%E5%B7%A5%E4%BD%9C%E5%8D%80%E5%9F%9F-1-%E8%A4%87%E6%9C%AC-17.webp\" alt=\"\" width=\"1253\" height=\"250\"><\/a><\/td>\n<\/tr>\n<tr>\n<td><a href=\"https:\/\/honwaygroup.com\/wp-content\/uploads\/2021\/01\/BF-90-%E9%91%BD%E7%9F%B3%E7%95%B0%E5%BD%A2%E9%8A%BC%E5%88%80_%E5%B7%A5%E4%BD%9C%E5%8D%80%E5%9F%9F-1-%E8%A4%87%E6%9C%AC-13.webp\"><img loading=\"lazy\" decoding=\"async\" class=\"wp-image-25255 aligncenter\" src=\"https:\/\/honwaygroup.com\/wp-content\/uploads\/2021\/01\/BF-90-%E9%91%BD%E7%9F%B3%E7%95%B0%E5%BD%A2%E9%8A%BC%E5%88%80_%E5%B7%A5%E4%BD%9C%E5%8D%80%E5%9F%9F-1-%E8%A4%87%E6%9C%AC-13-150x150.webp\" alt=\"\" width=\"90\" height=\"77\"><\/a><\/td>\n<td style=\"text-align: center\">\u00d83<\/td>\n<td style=\"text-align: center\">BF-908<\/td>\n<td style=\"text-align: center\">BF-908F<\/td>\n<td style=\"text-align: center\">BF-908V<\/td>\n<td><a href=\"https:\/\/honwaygroup.com\/wp-content\/uploads\/2021\/01\/BF-90-%E9%91%BD%E7%9F%B3%E7%95%B0%E5%BD%A2%E9%8A%BC%E5%88%80-58_%E5%B7%A5%E4%BD%9C%E5%8D%80%E5%9F%9F-1-%E8%A4%87%E6%9C%AC-18.webp\"><img loading=\"lazy\" decoding=\"async\" class=\"alignnone wp-image-25370 size-full\" src=\"https:\/\/honwaygroup.com\/wp-content\/uploads\/2021\/01\/BF-90-%E9%91%BD%E7%9F%B3%E7%95%B0%E5%BD%A2%E9%8A%BC%E5%88%80-58_%E5%B7%A5%E4%BD%9C%E5%8D%80%E5%9F%9F-1-%E8%A4%87%E6%9C%AC-18.webp\" alt=\"\" width=\"1253\" height=\"250\"><\/a><\/td>\n<\/tr>\n<tr>\n<td><a href=\"https:\/\/honwaygroup.com\/wp-content\/uploads\/2021\/01\/BF-90-%E9%91%BD%E7%9F%B3%E7%95%B0%E5%BD%A2%E9%8A%BC%E5%88%80_%E5%B7%A5%E4%BD%9C%E5%8D%80%E5%9F%9F-1-%E8%A4%87%E6%9C%AC-14.webp\"><img loading=\"lazy\" decoding=\"async\" class=\"wp-image-25259 aligncenter\" src=\"https:\/\/honwaygroup.com\/wp-content\/uploads\/2021\/01\/BF-90-%E9%91%BD%E7%9F%B3%E7%95%B0%E5%BD%A2%E9%8A%BC%E5%88%80_%E5%B7%A5%E4%BD%9C%E5%8D%80%E5%9F%9F-1-%E8%A4%87%E6%9C%AC-14-150x150.webp\" alt=\"\" width=\"90\" height=\"77\"><\/a><\/td>\n<td style=\"text-align: center\">5 x 1.5<\/td>\n<td style=\"text-align: center\">BF-909<\/td>\n<td style=\"text-align: center\">BF-909F<\/td>\n<td style=\"text-align: center\">BF-909V<\/td>\n<td><a href=\"https:\/\/honwaygroup.com\/wp-content\/uploads\/2021\/01\/BF-90-%E9%91%BD%E7%9F%B3%E7%95%B0%E5%BD%A2%E9%8A%BC%E5%88%80-58_%E5%B7%A5%E4%BD%9C%E5%8D%80%E5%9F%9F-1-%E8%A4%87%E6%9C%AC-19.webp\"><img loading=\"lazy\" decoding=\"async\" class=\"alignnone wp-image-25374 size-full\" src=\"https:\/\/honwaygroup.com\/wp-content\/uploads\/2021\/01\/BF-90-%E9%91%BD%E7%9F%B3%E7%95%B0%E5%BD%A2%E9%8A%BC%E5%88%80-58_%E5%B7%A5%E4%BD%9C%E5%8D%80%E5%9F%9F-1-%E8%A4%87%E6%9C%AC-19.webp\" alt=\"\" width=\"1253\" height=\"250\"><\/a><\/td>\n<\/tr>\n<tr>\n<td><a href=\"https:\/\/honwaygroup.com\/wp-content\/uploads\/2021\/01\/BF-90-%E9%91%BD%E7%9F%B3%E7%95%B0%E5%BD%A2%E9%8A%BC%E5%88%80_%E5%B7%A5%E4%BD%9C%E5%8D%80%E5%9F%9F-1-%E8%A4%87%E6%9C%AC-15.webp\"><img loading=\"lazy\" decoding=\"async\" class=\"wp-image-25263 aligncenter\" src=\"https:\/\/honwaygroup.com\/wp-content\/uploads\/2021\/01\/BF-90-%E9%91%BD%E7%9F%B3%E7%95%B0%E5%BD%A2%E9%8A%BC%E5%88%80_%E5%B7%A5%E4%BD%9C%E5%8D%80%E5%9F%9F-1-%E8%A4%87%E6%9C%AC-15-150x150.webp\" alt=\"\" width=\"90\" height=\"77\"><\/a><\/td>\n<td style=\"text-align: center\">\u00d82.3<\/td>\n<td style=\"text-align: center\">BF-910<\/td>\n<td style=\"text-align: center\">BF-910F<\/td>\n<td style=\"text-align: center\">BF-910V<\/td>\n<td><a href=\"https:\/\/honwaygroup.com\/wp-content\/uploads\/2021\/01\/BF-90-%E9%91%BD%E7%9F%B3%E7%95%B0%E5%BD%A2%E9%8A%BC%E5%88%80-58_%E5%B7%A5%E4%BD%9C%E5%8D%80%E5%9F%9F-1-%E8%A4%87%E6%9C%AC-20.webp\"><img loading=\"lazy\" decoding=\"async\" class=\"alignnone wp-image-25378 size-full\" src=\"https:\/\/honwaygroup.com\/wp-content\/uploads\/2021\/01\/BF-90-%E9%91%BD%E7%9F%B3%E7%95%B0%E5%BD%A2%E9%8A%BC%E5%88%80-58_%E5%B7%A5%E4%BD%9C%E5%8D%80%E5%9F%9F-1-%E8%A4%87%E6%9C%AC-20.webp\" alt=\"\" width=\"1253\" height=\"250\"><\/a><\/td>\n<\/tr>\n<tr>\n<td colspan=\"2\"><strong>Juego de 10<\/strong><\/td>\n<td style=\"text-align: center\">BF-900<\/td>\n<td style=\"text-align: center\">BF-900F<\/td>\n<td style=\"text-align: center\">BF-900V<\/td>\n<\/tr>\n<\/tbody>\n<\/table>\n<p>\u00bfTiene alguna pregunta sobre el producto? <a href=\"https:\/\/honwaygroup.com\/es\/contactar-con-honway\/\">Contactar a Honway<\/a><\/p>\n","protected":false},"excerpt":{"rendered":"<ul>\n<li data-start=\"87\" data-end=\"107\">Alta resistencia al desgaste, larga vida \u00fatil, no es f\u00e1cil de pasivar.<\/li>\n<li data-start=\"146\" data-end=\"196\">En comparaci\u00f3n con las limas de forma est\u00e1ndar, las limas de forma especial ofrecen un dise\u00f1o de forma especial que es adecuado para el acabado de detalles y \u00e1reas de dif\u00edcil acceso.<\/li>\n<li data-start=\"197\" data-end=\"244\">Las formas pueden incluir arcos, biseles, ranuras de formas especiales, puntas c\u00f3nicas, hojas curvas, etc., que pueden adaptarse con mayor precisi\u00f3n a las necesidades de la pieza de trabajo.<\/li>\n<\/ul>\n<h5><strong><span style=\"color: #ff0000;font-size: 19.2px\">\u25b2<\/span><\/strong><strong><span style=\"color: #ff0000;font-size: 19.2px\">Si necesita tama\u00f1os personalizados, p\u00f3ngase en contacto con el servicio de atenci\u00f3n al cliente. La fecha de entrega se basa en la hora que nos indique el servicio de atenci\u00f3n al cliente.<\/span><\/strong><\/h5>\n<h5><strong><span style=\"color: #ff0000;font-size: 19.2px\">\u25b2 Los pedidos grandes pueden disfrutar de descuentos, comun\u00edquese con el servicio de atenci\u00f3n al cliente para realizar consultas.<\/span><\/strong><\/h5>\n<h5><strong><span style=\"color: #ff0000;font-size: 19.2px\">\u25b2<\/span><span style=\"color: #ff0000;font-size: 19.2px\">El tiempo de<\/span><span style=\"color: #ff0000\"> entrega para pedidos de<\/span><span style=\"color: #ff0000;font-size: 19.2px\"> Taiw\u00e1n es de aproximadamente 7 a 14 d\u00edas h\u00e1biles.<\/span><\/strong><\/h5>\n<h5><strong><span style=\"color: #ff0000;font-size: 19.2px\">\u25b2<\/span><span style=\"color: #ff0000\">Los pedidos internacionales tardan aproximadamente de 7 a 14 d\u00edas en enviarse. El tiempo de entrega real depende del estado de entrega de la empresa de mensajer\u00eda.<\/span><\/strong><\/h5>\n","protected":false},"featured_media":127257,"template":"","meta":{"site-sidebar-layout":"default","site-content-layout":"default","ast-site-content-layout":"default","site-content-style":"default","site-sidebar-style":"default","ast-global-header-display":"","ast-banner-title-visibility":"","ast-main-header-display":"","ast-hfb-above-header-display":"","ast-hfb-below-header-display":"","ast-hfb-mobile-header-display":"","site-post-title":"","ast-breadcrumbs-content":"","ast-featured-img":"","footer-sml-layout":"","ast-disable-related-posts":"","theme-transparent-header-meta":"default","adv-header-id-meta":"","stick-header-meta":"default","header-above-stick-meta":"","header-main-stick-meta":"","header-below-stick-meta":"","astra-migrate-meta-layouts":"default","ast-page-background-enabled":"default","ast-page-background-meta":{"desktop":{"background-color":"var(--ast-global-color-5)","background-image":"","background-repeat":"repeat","background-position":"center center","background-size":"auto","background-attachment":"scroll","background-type":"","background-media":"","overlay-type":"","overlay-color":"","overlay-opacity":"","overlay-gradient":""},"tablet":{"background-color":"","background-image":"","background-repeat":"repeat","background-position":"center center","background-size":"auto","background-attachment":"scroll","background-type":"","background-media":"","overlay-type":"","overlay-color":"","overlay-opacity":"","overlay-gradient":""},"mobile":{"background-color":"","background-image":"","background-repeat":"repeat","background-position":"center center","background-size":"auto","background-attachment":"scroll","background-type":"","background-media":"","overlay-type":"","overlay-color":"","overlay-opacity":"","overlay-gradient":""}},"ast-content-background-meta":{"desktop":{"background-color":"var(--ast-global-color-4)","background-image":"","background-repeat":"repeat","background-position":"center center","background-size":"auto","background-attachment":"scroll","background-type":"","background-media":"","overlay-type":"","overlay-color":"","overlay-opacity":"","overlay-gradient":""},"tablet":{"background-color":"var(--ast-global-color-4)","background-image":"","background-repeat":"repeat","background-position":"center center","background-size":"auto","background-attachment":"scroll","background-type":"","background-media":"","overlay-type":"","overlay-color":"","overlay-opacity":"","overlay-gradient":""},"mobile":{"background-color":"var(--ast-global-color-4)","background-image":"","background-repeat":"repeat","background-position":"center center","background-size":"auto","background-attachment":"scroll","background-type":"","background-media":"","overlay-type":"","overlay-color":"","overlay-opacity":"","overlay-gradient":""}}},"product_brand":[],"product_cat":[10504,10507],"product_tag":[10837,10838],"class_list":{"0":"post-127256","1":"product","2":"type-product","3":"status-publish","4":"has-post-thumbnail","6":"product_cat-dianond-tools-es","7":"product_cat-diamond-files-es","8":"product_tag-limas-de-diamante-es","9":"product_tag-limas-de-formas-especiales","10":"desktop-align-left","11":"tablet-align-left","12":"mobile-align-left","13":"ast-product-gallery-layout-horizontal-slider","14":"ast-product-gallery-with-no-image","15":"ast-product-single-variable","16":"ast-product-tabs-layout-horizontal","18":"first","19":"instock","20":"taxable","21":"shipping-taxable","22":"purchasable","23":"product-type-variable"},"_links":{"self":[{"href":"https:\/\/honwaygroup.com\/es\/wp-json\/wp\/v2\/product\/127256","targetHints":{"allow":["GET"]}}],"collection":[{"href":"https:\/\/honwaygroup.com\/es\/wp-json\/wp\/v2\/product"}],"about":[{"href":"https:\/\/honwaygroup.com\/es\/wp-json\/wp\/v2\/types\/product"}],"version-history":[{"count":0,"href":"https:\/\/honwaygroup.com\/es\/wp-json\/wp\/v2\/product\/127256\/revisions"}],"wp:featuredmedia":[{"embeddable":true,"href":"https:\/\/honwaygroup.com\/es\/wp-json\/wp\/v2\/media\/127257"}],"wp:attachment":[{"href":"https:\/\/honwaygroup.com\/es\/wp-json\/wp\/v2\/media?parent=127256"}],"wp:term":[{"taxonomy":"product_brand","embeddable":true,"href":"https:\/\/honwaygroup.com\/es\/wp-json\/wp\/v2\/product_brand?post=127256"},{"taxonomy":"product_cat","embeddable":true,"href":"https:\/\/honwaygroup.com\/es\/wp-json\/wp\/v2\/product_cat?post=127256"},{"taxonomy":"product_tag","embeddable":true,"href":"https:\/\/honwaygroup.com\/es\/wp-json\/wp\/v2\/product_tag?post=127256"}],"curies":[{"name":"wp","href":"https:\/\/api.w.org\/{rel}","templated":true}]}}