{"id":127081,"date":"2021-01-24T01:54:49","date_gmt":"2021-01-23T17:54:49","guid":{"rendered":"https:\/\/honwaygroup.com\/product\/recortadora-de-diamantes-de-mano\/"},"modified":"2021-01-24T01:54:49","modified_gmt":"2021-01-23T17:54:49","slug":"recortadora-de-diamantes-de-mano","status":"publish","type":"product","link":"https:\/\/honwaygroup.com\/es\/producto\/recortadora-de-diamantes-de-mano\/","title":{"rendered":"Recortadora de diamantes de mano"},"content":{"rendered":"<h1><strong>Tama\u00f1o del segmento de diamante<\/strong><\/h1>\n<h2><\/h2>\n<h2>Aplicaciones:<\/h2>\n<ul>\n<li>Herramientas que se pueden utilizar para ayudar a rectifica<a href=\"https:\/\/baike.baidu.hk\/item\/%E7%B4%B0%E7%93%B7\/10034092\" rel=\"nofollow noopener\" target=\"_blank\">r porcelana fina<\/a>, <a href=\"https:\/\/zh.wikipedia.org\/wiki\/%E7%A2%B3%E5%8C%96%E7%89%A9\" rel=\"nofollow noopener\" target=\"_blank\">carburos y aleaciones<\/a> de <a href=\"https:\/\/zh.wikipedia.org\/wiki\/%E9%8B%81%E5%90%88%E9%87%91\" rel=\"nofollow noopener\" target=\"_blank\">aluminio<\/a>.<\/li>\n<\/ul>\n<h2>Especificaciones del producto:<\/h2>\n<p><a href=\"https:\/\/honwaygroup.com\/wp-content\/uploads\/2021\/01\/%E6%89%8B%E6%8C%81%E5%BC%8F%E9%91%BD%E7%9F%B3%E4%BF%AE%E5%88%80_%E5%B7%A5%E4%BD%9C%E5%8D%80%E5%9F%9F-1-%E8%A4%87%E6%9C%AC-28.webp\"><img fetchpriority=\"high\" decoding=\"async\" class=\"alignnone size-full wp-image-27359\" src=\"https:\/\/honwaygroup.com\/wp-content\/uploads\/2021\/01\/%E6%89%8B%E6%8C%81%E5%BC%8F%E9%91%BD%E7%9F%B3%E4%BF%AE%E5%88%80_%E5%B7%A5%E4%BD%9C%E5%8D%80%E5%9F%9F-1-%E8%A4%87%E6%9C%AC-28.webp\" alt=\"\" width=\"1253\" height=\"250\"><\/a><\/p>\n<p>unidad : mm<\/p>\n<table class=\"specTable\" width=\"100%\">\n<tbody>\n<tr>\n<th>Tipo<\/th>\n<th>N\u00famero<\/th>\n<th>Segmento de diamante<\/th>\n<th>Grano<\/th>\n<\/tr>\n<tr>\n<td width=\"30%\"><strong>Type 01<\/strong><\/p>\n<p><a href=\"https:\/\/honwaygroup.com\/wp-content\/uploads\/2021\/01\/%E6%89%8B%E6%8C%81%E5%BC%8F%E9%91%BD%E7%9F%B3%E4%BF%AE%E5%88%80_%E5%B7%A5%E4%BD%9C%E5%8D%80%E5%9F%9F-1-%E8%A4%87%E6%9C%AC-29.webp\"><img decoding=\"async\" class=\"alignnone size-full wp-image-27363\" src=\"https:\/\/honwaygroup.com\/wp-content\/uploads\/2021\/01\/%E6%89%8B%E6%8C%81%E5%BC%8F%E9%91%BD%E7%9F%B3%E4%BF%AE%E5%88%80_%E5%B7%A5%E4%BD%9C%E5%8D%80%E5%9F%9F-1-%E8%A4%87%E6%9C%AC-29.webp\" alt=\"\" width=\"1253\" height=\"250\"><\/a><\/p>\n<p>Longitud total : 160mm<\/td>\n<td>HD &#8211; 01R<br \/>\nHD &#8211; 01F<\/td>\n<td width=\"13%\"><a href=\"https:\/\/honwaygroup.com\/wp-content\/uploads\/2021\/01\/%E6%89%8B%E6%8C%81%E5%BC%8F%E9%91%BD%E7%9F%B3%E4%BF%AE%E5%88%80_%E5%B7%A5%E4%BD%9C%E5%8D%80%E5%9F%9F-1-%E8%A4%87%E6%9C%AC-5-1.webp\"><img decoding=\"async\" class=\"alignnone size-full wp-image-27376\" src=\"https:\/\/honwaygroup.com\/wp-content\/uploads\/2021\/01\/%E6%89%8B%E6%8C%81%E5%BC%8F%E9%91%BD%E7%9F%B3%E4%BF%AE%E5%88%80_%E5%B7%A5%E4%BD%9C%E5%8D%80%E5%9F%9F-1-%E8%A4%87%E6%9C%AC-5-1.webp\" alt=\"\" width=\"292\" height=\"250\"><\/a><\/td>\n<td>R: Malla rugosa<br \/>\nF: Detalles<\/td>\n<\/tr>\n<tr>\n<td><strong>Type 02<\/strong><\/p>\n<p><a href=\"https:\/\/honwaygroup.com\/wp-content\/uploads\/2021\/01\/%E6%89%8B%E6%8C%81%E5%BC%8F%E9%91%BD%E7%9F%B3%E4%BF%AE%E5%88%80_%E5%B7%A5%E4%BD%9C%E5%8D%80%E5%9F%9F-1-%E8%A4%87%E6%9C%AC-30.webp\"><img loading=\"lazy\" decoding=\"async\" class=\"alignnone size-full wp-image-27367\" src=\"https:\/\/honwaygroup.com\/wp-content\/uploads\/2021\/01\/%E6%89%8B%E6%8C%81%E5%BC%8F%E9%91%BD%E7%9F%B3%E4%BF%AE%E5%88%80_%E5%B7%A5%E4%BD%9C%E5%8D%80%E5%9F%9F-1-%E8%A4%87%E6%9C%AC-30.webp\" alt=\"\" width=\"1253\" height=\"250\"><\/a><\/p>\n<p>Longitud total : 200mm<\/p>\n<p><a href=\"https:\/\/honwaygroup.com\/wp-content\/uploads\/2021\/01\/%E6%89%8B%E6%8C%81%E5%BC%8F%E9%91%BD%E7%9F%B3%E4%BF%AE%E5%88%80_%E5%B7%A5%E4%BD%9C%E5%8D%80%E5%9F%9F-1-%E8%A4%87%E6%9C%AC-31.webp\"><img loading=\"lazy\" decoding=\"async\" class=\"alignnone size-full wp-image-27371\" src=\"https:\/\/honwaygroup.com\/wp-content\/uploads\/2021\/01\/%E6%89%8B%E6%8C%81%E5%BC%8F%E9%91%BD%E7%9F%B3%E4%BF%AE%E5%88%80_%E5%B7%A5%E4%BD%9C%E5%8D%80%E5%9F%9F-1-%E8%A4%87%E6%9C%AC-31.webp\" alt=\"\" width=\"1253\" height=\"250\"><\/a><\/td>\n<td>HD &#8211; 02R<br \/>\nHD &#8211; 02F<\/td>\n<td><a href=\"https:\/\/honwaygroup.com\/wp-content\/uploads\/2021\/01\/%E6%89%8B%E6%8C%81%E5%BC%8F%E9%91%BD%E7%9F%B3%E4%BF%AE%E5%88%80_%E5%B7%A5%E4%BD%9C%E5%8D%80%E5%9F%9F-1-%E8%A4%87%E6%9C%AC-6-1.webp\"><img loading=\"lazy\" decoding=\"async\" class=\"alignnone size-full wp-image-27380\" src=\"https:\/\/honwaygroup.com\/wp-content\/uploads\/2021\/01\/%E6%89%8B%E6%8C%81%E5%BC%8F%E9%91%BD%E7%9F%B3%E4%BF%AE%E5%88%80_%E5%B7%A5%E4%BD%9C%E5%8D%80%E5%9F%9F-1-%E8%A4%87%E6%9C%AC-6-1.webp\" alt=\"\" width=\"292\" height=\"250\"><\/a><\/td>\n<td>R: Malla rugosa<br \/>\nF: Detalles<\/td>\n<\/tr>\n<\/tbody>\n<\/table>\n<p>\u00bfTienes preguntas? <a href=\"https:\/\/honwaygroup.com\/es\/contactar-con-honway\/\">Contactar a Honway<\/a><\/p>\n","protected":false},"excerpt":{"rendered":"<ul>\n<li>Herramientas que se pueden utilizar para ayudar a rectifica<a href=\"https:\/\/baike.baidu.hk\/item\/%E7%B4%B0%E7%93%B7\/10034092\">r porcelana fina<\/a>, <a href=\"https:\/\/zh.wikipedia.org\/wiki\/%E7%A2%B3%E5%8C%96%E7%89%A9\">carburos y aleaciones<\/a> de <a href=\"https:\/\/zh.wikipedia.org\/wiki\/%E9%8B%81%E5%90%88%E9%87%91\">aluminio<\/a>.<\/li>\n<\/ul>\n<h5><strong><span style=\"color: #ff0000; font-size: 19.2px;\">\u25b2<\/span><\/strong><strong><span style=\"color: #ff0000; font-size: 19.2px;\">Si necesita un tama\u00f1o personalizado, comun\u00edquese con el servicio de atenci\u00f3n al cliente.<\/span><\/strong><\/h5>\n<h5><strong><span style=\"color: #ff0000; font-size: 19.2px;\">\u25b2 Los pedidos grandes pueden disfrutar de descuentos, comun\u00edquese con el servicio de atenci\u00f3n al cliente para realizar consultas.<br \/>\n<\/span><\/strong><\/h5>\n<h5><strong><span style=\"color: #ff0000;\">\u25b2Para consultar el plazo de entrega de pedidos, por favor contacte al servicio de atenci\u00f3n al cliente<\/span>:<a href=\"https:\/\/honwaygroup.com\/es\/contactar-con-honway\/\">Contactar a Honway<\/a><\/strong><\/h5>\n","protected":false},"featured_media":127082,"template":"","meta":{"site-sidebar-layout":"default","site-content-layout":"default","ast-site-content-layout":"default","site-content-style":"default","site-sidebar-style":"default","ast-global-header-display":"","ast-banner-title-visibility":"","ast-main-header-display":"","ast-hfb-above-header-display":"","ast-hfb-below-header-display":"","ast-hfb-mobile-header-display":"","site-post-title":"","ast-breadcrumbs-content":"","ast-featured-img":"","footer-sml-layout":"","ast-disable-related-posts":"","theme-transparent-header-meta":"default","adv-header-id-meta":"","stick-header-meta":"default","header-above-stick-meta":"","header-main-stick-meta":"","header-below-stick-meta":"","astra-migrate-meta-layouts":"default","ast-page-background-enabled":"default","ast-page-background-meta":{"desktop":{"background-color":"var(--ast-global-color-5)","background-image":"","background-repeat":"repeat","background-position":"center center","background-size":"auto","background-attachment":"scroll","background-type":"","background-media":"","overlay-type":"","overlay-color":"","overlay-opacity":"","overlay-gradient":""},"tablet":{"background-color":"","background-image":"","background-repeat":"repeat","background-position":"center center","background-size":"auto","background-attachment":"scroll","background-type":"","background-media":"","overlay-type":"","overlay-color":"","overlay-opacity":"","overlay-gradient":""},"mobile":{"background-color":"","background-image":"","background-repeat":"repeat","background-position":"center center","background-size":"auto","background-attachment":"scroll","background-type":"","background-media":"","overlay-type":"","overlay-color":"","overlay-opacity":"","overlay-gradient":""}},"ast-content-background-meta":{"desktop":{"background-color":"var(--ast-global-color-4)","background-image":"","background-repeat":"repeat","background-position":"center center","background-size":"auto","background-attachment":"scroll","background-type":"","background-media":"","overlay-type":"","overlay-color":"","overlay-opacity":"","overlay-gradient":""},"tablet":{"background-color":"var(--ast-global-color-4)","background-image":"","background-repeat":"repeat","background-position":"center center","background-size":"auto","background-attachment":"scroll","background-type":"","background-media":"","overlay-type":"","overlay-color":"","overlay-opacity":"","overlay-gradient":""},"mobile":{"background-color":"var(--ast-global-color-4)","background-image":"","background-repeat":"repeat","background-position":"center center","background-size":"auto","background-attachment":"scroll","background-type":"","background-media":"","overlay-type":"","overlay-color":"","overlay-opacity":"","overlay-gradient":""}}},"product_brand":[],"product_cat":[10504,10506],"product_tag":[10832,10833],"class_list":{"0":"post-127081","1":"product","2":"type-product","3":"status-publish","4":"has-post-thumbnail","6":"product_cat-dianond-tools-es","7":"product_cat-herramientas-para-afilar-diamantes","8":"product_tag-combinado-con-reparacion-de-cuchillos","9":"product_tag-recortadora-de-diamantes-de-mano","10":"desktop-align-left","11":"tablet-align-left","12":"mobile-align-left","13":"ast-product-gallery-layout-horizontal-slider","14":"ast-product-gallery-with-no-image","15":"ast-product-single-variable","16":"ast-product-tabs-layout-horizontal","18":"first","19":"instock","20":"taxable","21":"shipping-taxable","22":"purchasable","23":"product-type-variable"},"_links":{"self":[{"href":"https:\/\/honwaygroup.com\/es\/wp-json\/wp\/v2\/product\/127081","targetHints":{"allow":["GET"]}}],"collection":[{"href":"https:\/\/honwaygroup.com\/es\/wp-json\/wp\/v2\/product"}],"about":[{"href":"https:\/\/honwaygroup.com\/es\/wp-json\/wp\/v2\/types\/product"}],"version-history":[{"count":0,"href":"https:\/\/honwaygroup.com\/es\/wp-json\/wp\/v2\/product\/127081\/revisions"}],"wp:featuredmedia":[{"embeddable":true,"href":"https:\/\/honwaygroup.com\/es\/wp-json\/wp\/v2\/media\/127082"}],"wp:attachment":[{"href":"https:\/\/honwaygroup.com\/es\/wp-json\/wp\/v2\/media?parent=127081"}],"wp:term":[{"taxonomy":"product_brand","embeddable":true,"href":"https:\/\/honwaygroup.com\/es\/wp-json\/wp\/v2\/product_brand?post=127081"},{"taxonomy":"product_cat","embeddable":true,"href":"https:\/\/honwaygroup.com\/es\/wp-json\/wp\/v2\/product_cat?post=127081"},{"taxonomy":"product_tag","embeddable":true,"href":"https:\/\/honwaygroup.com\/es\/wp-json\/wp\/v2\/product_tag?post=127081"}],"curies":[{"name":"wp","href":"https:\/\/api.w.org\/{rel}","templated":true}]}}