{"id":126867,"date":"2021-01-24T16:31:21","date_gmt":"2021-01-24T08:31:21","guid":{"rendered":"https:\/\/honwaygroup.com\/product\/pasta-de-nanodiamantes-policristalinos\/"},"modified":"2021-01-24T16:31:21","modified_gmt":"2021-01-24T08:31:21","slug":"pasta-de-nanodiamantes-policristalinos","status":"publish","type":"product","link":"https:\/\/honwaygroup.com\/es\/producto\/pasta-de-nanodiamantes-policristalinos\/","title":{"rendered":"Pasta de nanodiamantes policristalinos"},"content":{"rendered":"<h3><strong>Pasta de nanodiamantes policristalinos<\/strong><\/h3>\n<p>La pasta de diamante es un agente de pulido de uso com\u00fan y puede lograr los mejores resultados si se usa correctamente.<\/p>\n<p><a href=\"https:\/\/zh.wikipedia.org\/zh-mo\/%E6%8A%9B%E5%85%89\" rel=\"nofollow noopener\" target=\"_blank\">Las herramientas<\/a> de pulido est\u00e1n disponibles en una variedad de materiales, desde diferentes tipos de fibras hasta almohadillas adhesivas, y en distintos grados de dureza, como nailon, papel, terciopelo, algod\u00f3n y m\u00e1s.<\/p>\n<h4><strong>Nota al pulir:<\/strong><\/h4>\n<ol>\n<li>El pulido debe realizarse en un lugar ventilado y libre de polvo, ya que las part\u00edculas de polvo duro pueden adherirse f\u00e1cilmente a la pasta de diamante y da\u00f1ar la superficie que se va a pulir.<\/li>\n<li>Cada herramienta de pulido debe usarse solo para un tipo de pasta de diamante y tener cuidado de evitar el polvo.<\/li>\n<li>L\u00e1vese las manos y la pieza de trabajo cada vez que cambie la pasta de diamante.<\/li>\n<li>Ajuste la presi\u00f3n de pulido seg\u00fan la dureza de la herramienta y el tama\u00f1o de part\u00edcula de la pasta de diamante. Para obtener la pasta de diamante m\u00e1s fina, la presi\u00f3n solo puede ser igual al peso de la herramienta.<\/li>\n<li>El pulido debe comenzar desde las esquinas, bordes, piezas u otras partes del molde.<\/li>\n<\/ol>\n<p>\u00bfTienes preguntas? <a href=\"https:\/\/honwaygroup.com\/es\/contactar-con-honway\/\">Contactar a Honway<\/a><\/p>\n","protected":false},"excerpt":{"rendered":"<ul>\n<li>Nanodiamante mediante m\u00e9todo explosivo<\/li>\n<li>Las especificaciones est\u00e1ndar son solubles en aceite. Si necesita pasta de diamante soluble en agua, ind\u00edquelo al realizar su pedido.<\/li>\n<\/ul>\n<h5><span style=\"color: #ff0000;\"><strong>\u25b2<\/strong><strong>Si necesita especificaciones personalizadas, comun\u00edquese con el servicio de atenci\u00f3n al cliente.<\/strong><\/span><\/h5>\n<h5><strong><span style=\"color: #ff0000; font-size: 19.2px;\">\u25b2 Los pedidos grandes pueden disfrutar de descuentos, comun\u00edquese con el servicio de atenci\u00f3n al cliente para realizar consultas.<br \/>\n<\/span><\/strong><\/h5>\n<h5><strong><span style=\"color: #ff0000; font-size: 19.2px;\">\u25b2<\/span><span style=\"color: #ff0000; font-size: 19.2px;\">El tiempo de<\/span><span style=\"color: #ff0000;\"> entrega para pedidos de<\/span><span style=\"color: #ff0000; font-size: 19.2px;\"> Taiw\u00e1n es de aproximadamente 7 a 14 d\u00edas h\u00e1biles.<\/span><\/strong><\/h5>\n<h5><strong><span style=\"color: #ff0000; font-size: 19.2px;\">\u25b2<\/span><span style=\"color: #ff0000;\">Los pedidos internacionales tardan aproximadamente de 7 a 14 d\u00edas en enviarse. El tiempo de entrega real depende del estado de entrega de la empresa de mensajer\u00eda.<\/span><\/strong><\/h5>\n","protected":false},"featured_media":123944,"template":"","meta":{"site-sidebar-layout":"default","site-content-layout":"default","ast-site-content-layout":"default","site-content-style":"default","site-sidebar-style":"default","ast-global-header-display":"","ast-banner-title-visibility":"","ast-main-header-display":"","ast-hfb-above-header-display":"","ast-hfb-below-header-display":"","ast-hfb-mobile-header-display":"","site-post-title":"","ast-breadcrumbs-content":"","ast-featured-img":"","footer-sml-layout":"","ast-disable-related-posts":"","theme-transparent-header-meta":"default","adv-header-id-meta":"","stick-header-meta":"default","header-above-stick-meta":"","header-main-stick-meta":"","header-below-stick-meta":"","astra-migrate-meta-layouts":"default","ast-page-background-enabled":"default","ast-page-background-meta":{"desktop":{"background-color":"var(--ast-global-color-5)","background-image":"","background-repeat":"repeat","background-position":"center center","background-size":"auto","background-attachment":"scroll","background-type":"","background-media":"","overlay-type":"","overlay-color":"","overlay-opacity":"","overlay-gradient":""},"tablet":{"background-color":"","background-image":"","background-repeat":"repeat","background-position":"center center","background-size":"auto","background-attachment":"scroll","background-type":"","background-media":"","overlay-type":"","overlay-color":"","overlay-opacity":"","overlay-gradient":""},"mobile":{"background-color":"","background-image":"","background-repeat":"repeat","background-position":"center center","background-size":"auto","background-attachment":"scroll","background-type":"","background-media":"","overlay-type":"","overlay-color":"","overlay-opacity":"","overlay-gradient":""}},"ast-content-background-meta":{"desktop":{"background-color":"var(--ast-global-color-4)","background-image":"","background-repeat":"repeat","background-position":"center center","background-size":"auto","background-attachment":"scroll","background-type":"","background-media":"","overlay-type":"","overlay-color":"","overlay-opacity":"","overlay-gradient":""},"tablet":{"background-color":"var(--ast-global-color-4)","background-image":"","background-repeat":"repeat","background-position":"center center","background-size":"auto","background-attachment":"scroll","background-type":"","background-media":"","overlay-type":"","overlay-color":"","overlay-opacity":"","overlay-gradient":""},"mobile":{"background-color":"var(--ast-global-color-4)","background-image":"","background-repeat":"repeat","background-position":"center center","background-size":"auto","background-attachment":"scroll","background-type":"","background-media":"","overlay-type":"","overlay-color":"","overlay-opacity":"","overlay-gradient":""}}},"product_brand":[],"product_cat":[10494,10490,10497,10421,10460,10424,10443,10422,10496,10457,10439],"product_tag":[10804],"class_list":{"0":"post-126867","1":"product","2":"type-product","3":"status-publish","4":"has-post-thumbnail","6":"product_cat-pasta-abrasiva","7":"product_cat-abrasivos-suaves","8":"product_cat-superhard-materials-es","9":"product_cat-materiales-de-procesamiento","10":"product_cat-materiales-de-pulido","11":"product_cat-metales-a-base-de-hierro-y-niquel","12":"product_cat-pasta","13":"product_cat-plastico-caucho-y-no-metal","14":"product_cat-pasta-de-molienda-policristalina","15":"product_cat-tipo-de-aplicacion","16":"product_cat-tipo-de-materia-prima","17":"product_tag-pasta-de-nanodiamante","18":"desktop-align-left","19":"tablet-align-left","20":"mobile-align-left","21":"ast-product-gallery-layout-horizontal-slider","22":"ast-product-single-variable","23":"ast-product-tabs-layout-horizontal","25":"first","26":"instock","27":"taxable","28":"shipping-taxable","29":"purchasable","30":"product-type-variable"},"_links":{"self":[{"href":"https:\/\/honwaygroup.com\/es\/wp-json\/wp\/v2\/product\/126867","targetHints":{"allow":["GET"]}}],"collection":[{"href":"https:\/\/honwaygroup.com\/es\/wp-json\/wp\/v2\/product"}],"about":[{"href":"https:\/\/honwaygroup.com\/es\/wp-json\/wp\/v2\/types\/product"}],"version-history":[{"count":0,"href":"https:\/\/honwaygroup.com\/es\/wp-json\/wp\/v2\/product\/126867\/revisions"}],"wp:featuredmedia":[{"embeddable":true,"href":"https:\/\/honwaygroup.com\/es\/wp-json\/wp\/v2\/media\/123944"}],"wp:attachment":[{"href":"https:\/\/honwaygroup.com\/es\/wp-json\/wp\/v2\/media?parent=126867"}],"wp:term":[{"taxonomy":"product_brand","embeddable":true,"href":"https:\/\/honwaygroup.com\/es\/wp-json\/wp\/v2\/product_brand?post=126867"},{"taxonomy":"product_cat","embeddable":true,"href":"https:\/\/honwaygroup.com\/es\/wp-json\/wp\/v2\/product_cat?post=126867"},{"taxonomy":"product_tag","embeddable":true,"href":"https:\/\/honwaygroup.com\/es\/wp-json\/wp\/v2\/product_tag?post=126867"}],"curies":[{"name":"wp","href":"https:\/\/api.w.org\/{rel}","templated":true}]}}