{"id":126830,"date":"2021-01-24T18:19:01","date_gmt":"2021-01-24T10:19:01","guid":{"rendered":"https:\/\/honwaygroup.com\/product\/polvo-de-diamante-policristalino-metodo-de-grabado-policristalino\/"},"modified":"2021-01-24T18:19:01","modified_gmt":"2021-01-24T10:19:01","slug":"polvo-de-diamante-policristalino-metodo-de-grabado-policristalino","status":"publish","type":"product","link":"https:\/\/honwaygroup.com\/es\/producto\/polvo-de-diamante-policristalino-metodo-de-grabado-policristalino\/","title":{"rendered":"Polvo de diamante policristalino (m\u00e9todo de grabado policristalino)"},"content":{"rendered":"<h1><strong>Polvo de diamante policristalino (m\u00e9todo de grabado policristalino)<\/strong><\/h1>\n<p>El micropolvo de diamante, tambi\u00e9n conocido como <a href=\"\/?product_cat=\u7814\u78e8\u7c89\"><b>polvo de diamante<\/b><\/a>, es el abrasivo m\u00e1s duro conocido hasta la fecha. Se utiliza como principal material de esmerilado y pulido para piezas de trabajo de alto acabado, as\u00ed como para instrumentos y medidores relacionados en industrias como la del diamante, las piedras preciosas, el jade, el acero de tungsteno, la cer\u00e1mica, el vidrio, la maquinaria y la geolog\u00eda.<\/p>\n<h3><strong>Los principales usos del polvo de diamante:<\/strong><\/h3>\n<p>1. Uso directo de abrasivos y pastas abrasivas de micropolvo para lijado o pulido. Ampliamente utilizado en el procesamiento de materiales met\u00e1licos, carburo cementado, cer\u00e1mica, vidrio \u00f3ptico y gemas para instrumentos.<\/p>\n<p>2. El micropolvo de diamante se usa ampliamente en la fabricaci\u00f3n de discos de pulido fino, discos de pulido superfinos, herramientas abrasivas galvanizadas, etc.<\/p>\n<p>3. El micropolvo de diamante con un tama\u00f1o de part\u00edcula de 54-0,25 micrones es la principal materia prima para la fabricaci\u00f3n de cuerpos sinterizados de diamante policristalino u otros productos de diamante (geolog\u00eda, herramientas de corte de perforaci\u00f3n petrolera y matrices de trefilado, etc.).<\/p>\n<p>4. Se recubre la superficie de ciertas piezas con polvo de diamante para aumentar su resistencia al desgaste.<\/p>\n<p>\u00bfTienes preguntas? <a href=\"https:\/\/honwaygroup.com\/es\/contactar-con-honway\/\">Contactar a Honway<\/a><\/p>\n","protected":false},"excerpt":{"rendered":"<p>El micropolvo de diamante, tambi\u00e9n conocido como<b> polvo de diamante<\/b>, es el abrasivo m\u00e1s duro conocido hasta la fecha. Se utiliza como principal material de esmerilado y pulido para piezas de trabajo de alto acabado, as\u00ed como para instrumentos y medidores relacionados en industrias como la del diamante, las piedras preciosas, el jade, el acero de tungsteno, la cer\u00e1mica, el vidrio, la maquinaria y la geolog\u00eda. Sus principales usos son:<\/p>\n<p>1. Uso directo de abrasivos y pastas abrasivas de micropolvo para lijado o pulido. Ampliamente utilizado en el procesamiento de materiales met\u00e1licos, carburo cementado, cer\u00e1mica, vidrio \u00f3ptico y gemas para instrumentos.<\/p>\n<p>2. El micropolvo de diamante se utiliza ampliamente en la fabricaci\u00f3n de discos de pulido fino, discos de pulido superfinos, herramientas abrasivas galvanizadas, etc.<\/p>\n<p>3. El micropolvo de diamante con un tama\u00f1o de part\u00edcula de 54-0,25 micrones es la principal materia prima para la fabricaci\u00f3n de cuerpos sinterizados de diamante policristalino u otros productos de diamante (geolog\u00eda, herramientas de corte de perforaci\u00f3n petrolera y matrices de trefilado, etc.).<\/p>\n<p>4. Se recubre la superficie de ciertas piezas con polvo de diamante para aumentar su resistencia al desgaste.<\/p>\n<h5><span style=\"color: #ff0000;\"><strong>\u25b2<\/strong><strong>Si necesita especificaciones personalizadas, comun\u00edquese con el servicio de atenci\u00f3n al cliente.<\/strong><\/span><\/h5>\n<h5><strong><span style=\"color: #ff0000; font-size: 19.2px;\">\u25b2 Los pedidos grandes pueden disfrutar de descuentos, comun\u00edquese con el servicio de atenci\u00f3n al cliente para realizar consultas.<br \/>\n<\/span><\/strong><\/h5>\n<h5><strong><span style=\"color: #ff0000; font-size: 19.2px;\">\u25b2<\/span><span style=\"color: #ff0000; font-size: 19.2px;\">El tiempo de<\/span><span style=\"color: #ff0000;\"> entrega para pedidos de<\/span><span style=\"color: #ff0000; font-size: 19.2px;\"> Taiw\u00e1n es de aproximadamente 7 a 14 d\u00edas h\u00e1biles.<\/span><\/strong><\/h5>\n<h5><strong><span style=\"color: #ff0000; font-size: 19.2px;\">\u25b2<\/span><span style=\"color: #ff0000;\">Los pedidos internacionales tardan aproximadamente de 7 a 14 d\u00edas en enviarse. El tiempo de entrega real depende del estado de entrega de la empresa de mensajer\u00eda.<\/span><\/strong><\/h5>\n","protected":false},"featured_media":126823,"template":"","meta":{"site-sidebar-layout":"default","site-content-layout":"default","ast-site-content-layout":"default","site-content-style":"default","site-sidebar-style":"default","ast-global-header-display":"","ast-banner-title-visibility":"","ast-main-header-display":"","ast-hfb-above-header-display":"","ast-hfb-below-header-display":"","ast-hfb-mobile-header-display":"","site-post-title":"","ast-breadcrumbs-content":"","ast-featured-img":"","footer-sml-layout":"","ast-disable-related-posts":"","theme-transparent-header-meta":"default","adv-header-id-meta":"","stick-header-meta":"default","header-above-stick-meta":"","header-main-stick-meta":"","header-below-stick-meta":"","astra-migrate-meta-layouts":"default","ast-page-background-enabled":"default","ast-page-background-meta":{"desktop":{"background-color":"var(--ast-global-color-5)","background-image":"","background-repeat":"repeat","background-position":"center center","background-size":"auto","background-attachment":"scroll","background-type":"","background-media":"","overlay-type":"","overlay-color":"","overlay-opacity":"","overlay-gradient":""},"tablet":{"background-color":"","background-image":"","background-repeat":"repeat","background-position":"center center","background-size":"auto","background-attachment":"scroll","background-type":"","background-media":"","overlay-type":"","overlay-color":"","overlay-opacity":"","overlay-gradient":""},"mobile":{"background-color":"","background-image":"","background-repeat":"repeat","background-position":"center center","background-size":"auto","background-attachment":"scroll","background-type":"","background-media":"","overlay-type":"","overlay-color":"","overlay-opacity":"","overlay-gradient":""}},"ast-content-background-meta":{"desktop":{"background-color":"var(--ast-global-color-4)","background-image":"","background-repeat":"repeat","background-position":"center center","background-size":"auto","background-attachment":"scroll","background-type":"","background-media":"","overlay-type":"","overlay-color":"","overlay-opacity":"","overlay-gradient":""},"tablet":{"background-color":"var(--ast-global-color-4)","background-image":"","background-repeat":"repeat","background-position":"center center","background-size":"auto","background-attachment":"scroll","background-type":"","background-media":"","overlay-type":"","overlay-color":"","overlay-opacity":"","overlay-gradient":""},"mobile":{"background-color":"var(--ast-global-color-4)","background-image":"","background-repeat":"repeat","background-position":"center center","background-size":"auto","background-attachment":"scroll","background-type":"","background-media":"","overlay-type":"","overlay-color":"","overlay-opacity":"","overlay-gradient":""}}},"product_brand":[],"product_cat":[10439,10490,10497,10425,10421,10460,10426,10422,10493,10442,10491,10457],"product_tag":[10791,10790,10789],"class_list":{"0":"post-126830","1":"product","2":"type-product","3":"status-publish","4":"has-post-thumbnail","6":"product_cat-tipo-de-materia-prima","7":"product_cat-abrasivos-suaves","8":"product_cat-superhard-materials-es","9":"product_cat-ceramica","10":"product_cat-materiales-de-procesamiento","11":"product_cat-materiales-de-pulido","12":"product_cat-metales-no-ferrosos-a-base-de-niquel","13":"product_cat-plastico-caucho-y-no-metal","14":"product_cat-policristalino","15":"product_cat-polvo","16":"product_cat-polvo-de-molienda","17":"product_cat-tipo-de-aplicacion","18":"product_tag-policristalino-similar-al-diamante","19":"product_tag-polvo-de-diamante-monocristalino","20":"product_tag-polvo-de-diamante-policristalino","21":"desktop-align-left","22":"tablet-align-left","23":"mobile-align-left","24":"ast-product-gallery-layout-horizontal-slider","25":"ast-product-single-variable","26":"ast-product-tabs-layout-horizontal","28":"first","29":"instock","30":"taxable","31":"shipping-taxable","32":"purchasable","33":"product-type-variable"},"_links":{"self":[{"href":"https:\/\/honwaygroup.com\/es\/wp-json\/wp\/v2\/product\/126830","targetHints":{"allow":["GET"]}}],"collection":[{"href":"https:\/\/honwaygroup.com\/es\/wp-json\/wp\/v2\/product"}],"about":[{"href":"https:\/\/honwaygroup.com\/es\/wp-json\/wp\/v2\/types\/product"}],"version-history":[{"count":0,"href":"https:\/\/honwaygroup.com\/es\/wp-json\/wp\/v2\/product\/126830\/revisions"}],"wp:featuredmedia":[{"embeddable":true,"href":"https:\/\/honwaygroup.com\/es\/wp-json\/wp\/v2\/media\/126823"}],"wp:attachment":[{"href":"https:\/\/honwaygroup.com\/es\/wp-json\/wp\/v2\/media?parent=126830"}],"wp:term":[{"taxonomy":"product_brand","embeddable":true,"href":"https:\/\/honwaygroup.com\/es\/wp-json\/wp\/v2\/product_brand?post=126830"},{"taxonomy":"product_cat","embeddable":true,"href":"https:\/\/honwaygroup.com\/es\/wp-json\/wp\/v2\/product_cat?post=126830"},{"taxonomy":"product_tag","embeddable":true,"href":"https:\/\/honwaygroup.com\/es\/wp-json\/wp\/v2\/product_tag?post=126830"}],"curies":[{"name":"wp","href":"https:\/\/api.w.org\/{rel}","templated":true}]}}