{"id":126822,"date":"2021-01-24T18:35:46","date_gmt":"2021-01-24T10:35:46","guid":{"rendered":"https:\/\/honwaygroup.com\/product\/polvo-de-nanodiamante-policristalino\/"},"modified":"2021-01-24T18:35:46","modified_gmt":"2021-01-24T10:35:46","slug":"polvo-de-nanodiamante-policristalino","status":"publish","type":"product","link":"https:\/\/honwaygroup.com\/es\/producto\/polvo-de-nanodiamante-policristalino\/","title":{"rendered":"Polvo de nanodiamante (policristalino)"},"content":{"rendered":"<h2><strong>Polvo de nanodiamante (policristalino)<\/strong><\/h2>\n<blockquote>\n<h4><b>Esmerilado\/pulido<\/b><\/h4>\n<h4><strong>Nuestra tecnolog\u00eda patentada es purificar, modificar la superficie y clasificar finamente los productos de nanodiamantes primarios seg\u00fan los requisitos de las diferentes aplicaciones.<\/strong><\/h4>\n<\/blockquote>\n<h2>Caracter\u00edsticas del producto:<\/h2>\n<ul>\n<li><strong>M\u00e9todo de explosi\u00f3n: <\/strong>Los nanodiamantes aprovechan el carbono libre producido durante la detonaci\u00f3n de explosivos con balance negativo de ox\u00edgeno. Mediante el control de la presi\u00f3n y la temperatura durante la detonaci\u00f3n, este se transforma en part\u00edculas de diamante microcristalino con un tama\u00f1o de part\u00edcula de 5 a 20 nan\u00f3metros.<\/li>\n<li>Las condiciones especiales de s\u00edntesis hacen que sus part\u00edculas b\u00e1sicas sean casi esf\u00e9ricas, con ricos grupos funcionales en la superficie, y el \u00e1rea superficial espec\u00edfica aumenta en un orden de magnitud en comparaci\u00f3n con los productos de diamante ordinarios.<\/li>\n<li>Los nanodiamantes no s\u00f3lo tienen la excelente dureza y propiedades abrasivas de los diamantes, sino que tambi\u00e9n tienen nuevas propiedades de los materiales nanofuncionales.<\/li>\n<li>Poliedro esf\u00e9rico con peque\u00f1as aristas afiladas. Durante el pulido, se fragmenta gradualmente en cristales m\u00e1s peque\u00f1os, creando nuevas aristas afiladas que proporcionan una fuerza de pulido estable y una superficie fina.<\/li>\n<li><strong>La vida \u00fatil es relativamente larga.<\/strong><\/li>\n<li><strong>El proceso de molienda va acompa\u00f1ado del desprendimiento de nanocristales, que tienen propiedades autoafilantes.<\/strong><\/li>\n<li><strong>No hay fractura fr\u00e1gil durante el proceso de pulido y esmerilado, y no es f\u00e1cil rayar la superficie de la pieza de trabajo.<\/strong><\/li>\n<\/ul>\n<h2>Seg\u00fan el producto se puede dividir en dos series:<\/h2>\n<ol>\n<li><b>Polvo negro: <\/b>Los nanodiamantes reci\u00e9n producidos est\u00e1n recubiertos con un 40 % de carbono. A los nanodiamantes reci\u00e9n producidos que no se han lavado con \u00e1cidos o \u00e1lcalis fuertes, los llamamos \u00abpolvo negro de nanodiamantes\u00bb. Gracias a esta capa de enlaces de carbono extremadamente fuertes, la superficie de<strong> los nanodiamantes presenta muchos m\u00e1s grupos funcionales.<\/strong><\/li>\n<li><b style=\"font-style: inherit;\">Polvo gris:<\/b> Tras la eliminaci\u00f3n del carbono de la capa exterior del polvo negro con \u00e1cidos y \u00e1lcalis fuertes, el <strong>nanodiamante<\/strong> adquiere un color gris negruzco. En este punto, el nanodiamante puede procesarse para la clasificaci\u00f3n del tama\u00f1o de part\u00edcula, y su pureza supera el 99 %. Este polvo se denomina polvo gris de nanodiamante. Se utiliza principalmente para el esmerilado y pulido, <a href=\"https:\/\/zh.wikipedia.org\/zh-tw\/%E7%B2%92%E5%BA%A6\" target=\"_blank\" rel=\"nofollow noopener\">y tambi\u00e9n como soporte de nanodiamantes en dianas terap\u00e9uticas.<\/a><\/li>\n<\/ol>\n<h2><b>Aplicaciones:<\/b><\/h2>\n<ul>\n<li>Pulido ultrafino: La rugosidad superficial de la pieza tras el pulido alcanza niveles de angstrom. Las caracter\u00edsticas de las part\u00edculas garantizan una m\u00ednima producci\u00f3n de rayones, lo que permite satisfacer las aplicaciones m\u00e1s exigentes de pulido.<\/li>\n<li>Reducci\u00f3n de lubricaci\u00f3n y fricci\u00f3n, utilizada en aditivos lubricantes, convierte la fricci\u00f3n por deslizamiento en fricci\u00f3n de rodadura, reduce el coeficiente de fricci\u00f3n, mejora significativamente el rendimiento de lubricaci\u00f3n y extiende la vida \u00fatil.<\/li>\n<li>La galvanoplastia y pulverizaci\u00f3n compuesta sobre las superficies de varias piezas de trabajo pueden mejorar la resistencia al desgaste, la resistencia a la corrosi\u00f3n, la tenacidad al impacto y la dureza de la superficie de las superficies de las piezas de trabajo.<\/li>\n<li>Como aditivo para caucho y pl\u00e1stico, mejora significativamente su resistencia al desgaste, a la perforaci\u00f3n y a la tracci\u00f3n, y ralentiza el proceso de envejecimiento.<\/li>\n<li>Los nanodiamantes de alta pureza no provocan reacciones de rechazo biol\u00f3gico. Adem\u00e1s, gracias a su gran superficie espec\u00edfica y sus potentes propiedades de adsorci\u00f3n, tienen excelentes aplicaciones en los campos m\u00e9dico, biol\u00f3gico y cosm\u00e9tico.<\/li>\n<\/ul>\n<div>\n<h4><strong> <\/strong><\/h4>\n<h2>Especificaciones del diamante:<\/h2>\n<\/div>\n<div>\n<table border=\"0\" cellspacing=\"3\" cellpadding=\"5\" align=\"center\">\n<tbody>\n<tr>\n<td colspan=\"3\">\n<div><strong>Especificaciones comunes<\/strong><\/div>\n<\/td>\n<td><strong>Unidad: nan\u00f3metro<\/strong><\/td>\n<\/tr>\n<tr>\n<td>50nm<\/td>\n<td>80nm<\/td>\n<td>100nm<\/td>\n<td>120nm<\/td>\n<\/tr>\n<tr>\n<td>150nm<\/td>\n<td>200nm<\/td>\n<td>300nm<\/td>\n<td>500nm<\/td>\n<\/tr>\n<tr>\n<td>800nm<\/td>\n<td>1000nm<\/td>\n<\/tr>\n<\/tbody>\n<\/table>\n<\/div>\n<p><strong>\u203b Todos los valores anteriores son est\u00e1ndar y se pueden ajustar seg\u00fan las necesidades del cliente. Se aceptan personalizaciones.<\/strong><\/p>\n<p>\u00bfTienes preguntas? <a href=\"https:\/\/honwaygroup.com\/es\/contactar-con-honway\/\">Contactar a Honway<\/a><\/p>\n","protected":false},"excerpt":{"rendered":"<ul>\n<li>Poliedro esf\u00e9rico con peque\u00f1as aristas afiladas. Durante el pulido, se fragmenta gradualmente en cristales m\u00e1s peque\u00f1os, creando nuevas aristas afiladas que proporcionan una fuerza de pulido estable y una superficie fina.<\/li>\n<li>La vida \u00fatil es relativamente larga.<\/li>\n<li>El proceso de molienda va acompa\u00f1ado del desprendimiento de nanocristales, que tienen propiedades autoafilantes.<\/li>\n<li>No hay fractura fr\u00e1gil durante el proceso de pulido y esmerilado, y no es f\u00e1cil rayar la superficie de la pieza de trabajo.<\/li>\n<\/ul>\n<h5><span style=\"color: #ff0000;\"><strong>\u25b2<\/strong><strong>Si necesita especificaciones personalizadas, comun\u00edquese con el servicio de atenci\u00f3n al cliente.<\/strong><\/span><\/h5>\n<h5><strong><span style=\"color: #ff0000; font-size: 19.2px;\">\u25b2 Los pedidos grandes pueden disfrutar de descuentos, comun\u00edquese con el servicio de atenci\u00f3n al cliente para realizar consultas.<br \/>\n<\/span><\/strong><\/h5>\n<h5><strong><span style=\"color: #ff0000; font-size: 19.2px;\">\u25b2<\/span><span style=\"color: #ff0000; font-size: 19.2px;\">El tiempo de<\/span><span style=\"color: #ff0000;\"> entrega para pedidos de<\/span><span style=\"color: #ff0000; font-size: 19.2px;\"> Taiw\u00e1n es de aproximadamente 7 a 14 d\u00edas h\u00e1biles.<\/span><\/strong><\/h5>\n<h5><strong><span style=\"color: #ff0000; font-size: 19.2px;\">\u25b2<\/span><span style=\"color: #ff0000;\">Los pedidos internacionales tardan aproximadamente de 7 a 14 d\u00edas en enviarse. El tiempo de entrega real depende del estado de entrega de la empresa de mensajer\u00eda.<\/span><\/strong><\/h5>\n","protected":false},"featured_media":126823,"template":"","meta":{"site-sidebar-layout":"default","site-content-layout":"default","ast-site-content-layout":"default","site-content-style":"default","site-sidebar-style":"default","ast-global-header-display":"","ast-banner-title-visibility":"","ast-main-header-display":"","ast-hfb-above-header-display":"","ast-hfb-below-header-display":"","ast-hfb-mobile-header-display":"","site-post-title":"","ast-breadcrumbs-content":"","ast-featured-img":"","footer-sml-layout":"","ast-disable-related-posts":"","theme-transparent-header-meta":"default","adv-header-id-meta":"","stick-header-meta":"default","header-above-stick-meta":"","header-main-stick-meta":"","header-below-stick-meta":"","astra-migrate-meta-layouts":"default","ast-page-background-enabled":"default","ast-page-background-meta":{"desktop":{"background-color":"var(--ast-global-color-5)","background-image":"","background-repeat":"repeat","background-position":"center center","background-size":"auto","background-attachment":"scroll","background-type":"","background-media":"","overlay-type":"","overlay-color":"","overlay-opacity":"","overlay-gradient":""},"tablet":{"background-color":"","background-image":"","background-repeat":"repeat","background-position":"center center","background-size":"auto","background-attachment":"scroll","background-type":"","background-media":"","overlay-type":"","overlay-color":"","overlay-opacity":"","overlay-gradient":""},"mobile":{"background-color":"","background-image":"","background-repeat":"repeat","background-position":"center center","background-size":"auto","background-attachment":"scroll","background-type":"","background-media":"","overlay-type":"","overlay-color":"","overlay-opacity":"","overlay-gradient":""}},"ast-content-background-meta":{"desktop":{"background-color":"var(--ast-global-color-4)","background-image":"","background-repeat":"repeat","background-position":"center center","background-size":"auto","background-attachment":"scroll","background-type":"","background-media":"","overlay-type":"","overlay-color":"","overlay-opacity":"","overlay-gradient":""},"tablet":{"background-color":"var(--ast-global-color-4)","background-image":"","background-repeat":"repeat","background-position":"center center","background-size":"auto","background-attachment":"scroll","background-type":"","background-media":"","overlay-type":"","overlay-color":"","overlay-opacity":"","overlay-gradient":""},"mobile":{"background-color":"var(--ast-global-color-4)","background-image":"","background-repeat":"repeat","background-position":"center center","background-size":"auto","background-attachment":"scroll","background-type":"","background-media":"","overlay-type":"","overlay-color":"","overlay-opacity":"","overlay-gradient":""}}},"product_brand":[],"product_cat":[10421,10490,10497,10460,10422,10493,10442,10491,10457,10439],"product_tag":[10780,10779],"class_list":{"0":"post-126822","1":"product","2":"type-product","3":"status-publish","4":"has-post-thumbnail","6":"product_cat-materiales-de-procesamiento","7":"product_cat-abrasivos-suaves","8":"product_cat-superhard-materials-es","9":"product_cat-materiales-de-pulido","10":"product_cat-plastico-caucho-y-no-metal","11":"product_cat-policristalino","12":"product_cat-polvo","13":"product_cat-polvo-de-molienda","14":"product_cat-tipo-de-aplicacion","15":"product_cat-tipo-de-materia-prima","16":"product_tag-diamante-monocristalino","17":"product_tag-nanodiamantes","18":"desktop-align-left","19":"tablet-align-left","20":"mobile-align-left","21":"ast-product-gallery-layout-horizontal-slider","22":"ast-product-single-variable","23":"ast-product-tabs-layout-horizontal","25":"first","26":"instock","27":"taxable","28":"shipping-taxable","29":"purchasable","30":"product-type-variable"},"_links":{"self":[{"href":"https:\/\/honwaygroup.com\/es\/wp-json\/wp\/v2\/product\/126822","targetHints":{"allow":["GET"]}}],"collection":[{"href":"https:\/\/honwaygroup.com\/es\/wp-json\/wp\/v2\/product"}],"about":[{"href":"https:\/\/honwaygroup.com\/es\/wp-json\/wp\/v2\/types\/product"}],"version-history":[{"count":0,"href":"https:\/\/honwaygroup.com\/es\/wp-json\/wp\/v2\/product\/126822\/revisions"}],"wp:featuredmedia":[{"embeddable":true,"href":"https:\/\/honwaygroup.com\/es\/wp-json\/wp\/v2\/media\/126823"}],"wp:attachment":[{"href":"https:\/\/honwaygroup.com\/es\/wp-json\/wp\/v2\/media?parent=126822"}],"wp:term":[{"taxonomy":"product_brand","embeddable":true,"href":"https:\/\/honwaygroup.com\/es\/wp-json\/wp\/v2\/product_brand?post=126822"},{"taxonomy":"product_cat","embeddable":true,"href":"https:\/\/honwaygroup.com\/es\/wp-json\/wp\/v2\/product_cat?post=126822"},{"taxonomy":"product_tag","embeddable":true,"href":"https:\/\/honwaygroup.com\/es\/wp-json\/wp\/v2\/product_tag?post=126822"}],"curies":[{"name":"wp","href":"https:\/\/api.w.org\/{rel}","templated":true}]}}