{"id":126800,"date":"2023-03-15T15:16:00","date_gmt":"2023-03-15T07:16:00","guid":{"rendered":"https:\/\/honwaygroup.com\/product\/equipo-de-pulido-por-chorro-as-jp23\/"},"modified":"2023-03-15T15:16:00","modified_gmt":"2023-03-15T07:16:00","slug":"equipo-de-pulido-por-chorro-as-jp23","status":"publish","type":"product","link":"https:\/\/honwaygroup.com\/es\/producto\/equipo-de-pulido-por-chorro-as-jp23\/","title":{"rendered":"Equipo de pulido por chorro AS-JP23"},"content":{"rendered":"<h2 class=\"style-scope ytd-watch-metadata\"><span style=\"color: #333333;\"><strong><a style=\"color: #333333;\" href=\"https:\/\/youtu.be\/wlcmkP-0-Gc\" target=\"_blank\" rel=\"noopener nofollow\">Equipo de pulido por chorro de arena Apick Solution<\/a><\/strong><\/span><\/h2>\n<div style=\"width: 1920px;\" class=\"wp-video\"><video class=\"wp-video-shortcode\" id=\"video-126800-1\" width=\"1920\" height=\"1080\" preload=\"metadata\" controls=\"controls\"><source type=\"video\/mp4\" src=\"https:\/\/honwaygroup.com\/wp-content\/uploads\/2023\/06\/Image_Jet-Polishing_TCEN_s.mp4?_=1\" \/><a href=\"https:\/\/honwaygroup.com\/wp-content\/uploads\/2023\/06\/Image_Jet-Polishing_TCEN_s.mp4\">https:\/\/honwaygroup.com\/wp-content\/uploads\/2023\/06\/Image_Jet-Polishing_TCEN_s.mp4<\/a><\/video><\/div>\n<p>&nbsp;<\/p>\n<h2><strong>Caracter\u00edsticas del producto:<\/strong><\/h2>\n<ul>\n<li>Establezca r\u00e1pidamente el tiempo del proceso de pulido por pulverizaci\u00f3n<\/li>\n<li>Cambio f\u00e1cil y r\u00e1pido a distintos materiales de granallado: grueso, medio, fino, brillante<\/li>\n<li>Piezas de trabajo adecuadas: productos impresos en 3D (piezas de metal), joyas de metal, herramientas de corte, moldes peque\u00f1os y otras piezas de trabajo peque\u00f1as.<\/li>\n<li>El \u00e1ngulo R del filo de corte se puede despuntar para evitar el astillado y prolongar su vida \u00fatil. Adem\u00e1s, mejora la rugosidad de la superficie mecanizada.<\/li>\n<li>No solo pule el filo de corte, sino tambi\u00e9n la ranura de viruta, mejorando as\u00ed la capacidad de eliminaci\u00f3n de viruta de la herramienta.<\/li>\n<li>Los abrasivos blandos se utilizan para eliminar rebabas de piezas de precisi\u00f3n. Eliminan peque\u00f1as cantidades de material y no son propensos a la rotura de los bordes. Son adecuados para el granallado de superficies curvas, escalones, ranuras y otras \u00e1reas.<\/li>\n<\/ul>\n<h2><strong><br \/>\nMateriales de arena opcionales:<\/strong><\/h2>\n<table style=\"height: 238px;\" width=\"979\">\n<tbody>\n<tr>\n<td style=\"text-align: center;\" width=\"67\"><\/td>\n<td style=\"text-align: center;\" width=\"58\"><strong>#80<\/strong><\/td>\n<td style=\"text-align: center;\" width=\"58\"><strong>#220<\/strong><\/td>\n<td style=\"text-align: center;\" width=\"58\"><strong>#500<\/strong><\/td>\n<td style=\"text-align: center;\" width=\"58\"><strong>#1000<\/strong><\/td>\n<td style=\"text-align: center;\" width=\"58\"><strong>#3000<\/strong><\/td>\n<td style=\"text-align: center;\" width=\"58\"><strong>#8000<\/strong><\/td>\n<td style=\"text-align: center;\" width=\"58\"><strong>#10000<\/strong><\/td>\n<td style=\"text-align: center;\" width=\"58\"><strong>#20000<\/strong><\/td>\n<\/tr>\n<tr>\n<td style=\"text-align: center;\" rowspan=\"2\"><strong>molienda gruesa<\/strong><\/td>\n<td style=\"text-align: center;\"><strong>\u25ce<\/strong><\/td>\n<td style=\"text-align: center;\"><strong>\u25ce<\/strong><\/td>\n<td style=\"text-align: center;\"><strong>\u25ce<\/strong><\/td>\n<td style=\"text-align: center;\" rowspan=\"2\"><\/td>\n<td style=\"text-align: center;\" rowspan=\"2\"><\/td>\n<td style=\"text-align: center;\" rowspan=\"2\"><\/td>\n<td style=\"text-align: center;\" rowspan=\"2\"><\/td>\n<td style=\"text-align: center;\" rowspan=\"2\"><\/td>\n<\/tr>\n<tr>\n<td style=\"text-align: center;\"><strong>R-80<\/strong><\/td>\n<td style=\"text-align: center;\"><strong>R-220<\/strong><\/td>\n<td style=\"text-align: center;\"><strong>R-500<\/strong><\/td>\n<\/tr>\n<tr>\n<td style=\"text-align: center;\" rowspan=\"2\"><strong>Investigaci\u00f3n cuidadosa<\/strong><\/td>\n<td style=\"text-align: center;\" rowspan=\"2\"><\/td>\n<td style=\"text-align: center;\" rowspan=\"2\"><\/td>\n<td style=\"text-align: center;\" rowspan=\"2\"><\/td>\n<td style=\"text-align: center;\"><strong>\u25ce<\/strong><\/td>\n<td style=\"text-align: center;\"><strong>\u25ce<\/strong><\/td>\n<td style=\"text-align: center;\"><strong>\u25ce<\/strong><\/td>\n<td style=\"text-align: center;\" rowspan=\"2\"><\/td>\n<td style=\"text-align: center;\" rowspan=\"2\"><\/td>\n<\/tr>\n<tr>\n<td style=\"text-align: center;\"><strong>M-1000<\/strong><\/td>\n<td style=\"text-align: center;\"><strong>M-3000<\/strong><\/td>\n<td style=\"text-align: center;\"><strong>M-8000<\/strong><\/td>\n<\/tr>\n<tr>\n<td style=\"text-align: center;\" rowspan=\"2\"><strong>Pulido brillante<\/strong><\/td>\n<td style=\"text-align: center;\" rowspan=\"2\"><\/td>\n<td style=\"text-align: center;\" rowspan=\"2\"><\/td>\n<td style=\"text-align: center;\" rowspan=\"2\"><\/td>\n<td style=\"text-align: center;\" rowspan=\"2\"><\/td>\n<td style=\"text-align: center;\"><strong>\u25ce<\/strong><\/td>\n<td style=\"text-align: center;\" rowspan=\"2\"><\/td>\n<td style=\"text-align: center;\"><strong>\u25ce<\/strong><\/td>\n<td style=\"text-align: center;\"><strong>\u25ce<\/strong><\/td>\n<\/tr>\n<tr>\n<td style=\"text-align: center;\"><strong>F-3000<\/strong><\/td>\n<td style=\"text-align: center;\"><strong>F-10000<\/strong><\/td>\n<td style=\"text-align: center;\"><strong>F-20000<\/strong><\/td>\n<\/tr>\n<\/tbody>\n<\/table>\n<h2><\/h2>\n<h2><strong>Principio de chorro abrasivo suave:<\/strong><\/h2>\n<p><strong> Antes de la voladura: Despu\u00e9s de la voladura:<\/strong><\/p>\n<h1><a href=\"https:\/\/honwaygroup.com\/wp-content\/uploads\/2023\/03\/%E9%91%BD%E7%9F%B3%E8%BC%89%E9%AB%94%E5%99%B4%E5%B0%84%E6%8B%8B%E5%85%89%E5%8E%9F%E7%90%86_%E5%B7%A5%E4%BD%9C%E5%8D%80%E5%9F%9F-1.jpg\">  <\/a><a href=\"https:\/\/honwaygroup.com\/wp-content\/uploads\/2023\/03\/%E9%91%BD%E7%9F%B3%E8%BC%89%E9%AB%94%E5%99%B4%E5%B0%84%E6%8B%8B%E5%85%89%E5%8E%9F%E7%90%86_1.webp\"><img fetchpriority=\"high\" decoding=\"async\" class=\"alignnone wp-image-15500 size-medium\" src=\"https:\/\/honwaygroup.com\/wp-content\/uploads\/2023\/03\/%E9%91%BD%E7%9F%B3%E8%BC%89%E9%AB%94%E5%99%B4%E5%B0%84%E6%8B%8B%E5%85%89%E5%8E%9F%E7%90%86_1-300x300.webp\" alt=\"La pieza de trabajo originalmente ten\u00eda una superficie irregular.\" width=\"300\" height=\"300\"><\/a>\u2192 <a href=\"https:\/\/honwaygroup.com\/wp-content\/uploads\/2023\/03\/%E9%91%BD%E7%9F%B3%E8%BC%89%E9%AB%94%E5%99%B4%E5%B0%84%E6%8B%8B%E5%85%89%E5%8E%9F%E7%90%86-0_%E5%B7%A5%E4%BD%9C%E5%8D%80%E5%9F%9F-1.webp\"><img decoding=\"async\" class=\"alignnone wp-image-15486 size-medium\" src=\"https:\/\/honwaygroup.com\/wp-content\/uploads\/2023\/03\/%E9%91%BD%E7%9F%B3%E8%BC%89%E9%AB%94%E5%99%B4%E5%B0%84%E6%8B%8B%E5%85%89%E5%8E%9F%E7%90%86-0_%E5%B7%A5%E4%BD%9C%E5%8D%80%E5%9F%9F-1-300x300.webp\" alt=\"Suave y plano despu\u00e9s del pulido con micropart\u00edculas.\" width=\"300\" height=\"300\"><\/a><\/h1>\n<h2><strong>Tama\u00f1o de la m\u00e1quina:<\/strong><\/h2>\n<p><a href=\"https:\/\/honwaygroup.com\/wp-content\/uploads\/2023\/08\/AS-JP23-size.png\"><img decoding=\"async\" class=\"alignnone wp-image-32082 size-full\" src=\"https:\/\/honwaygroup.com\/wp-content\/uploads\/2023\/08\/AS-JP23-size.png\" alt=\"\" width=\"712\" height=\"573\"><\/a><\/p>\n<p>\u00bfTienes preguntas? <a href=\"https:\/\/honwaygroup.com\/es\/contactar-con-honway\/\">Contactar a Honway<\/a><\/p>\n","protected":false},"excerpt":{"rendered":"<h4><strong>Jet Polishing<\/strong><\/h4>\n<h4><strong>Modelo: AS-JP23<\/strong><\/h4>\n<p><a href=\"https:\/\/honwaygroup.com\/wp-content\/uploads\/2023\/09\/AS-JP23_%E4%B8%80%E9%A0%81%E5%BC%8FDM%E9%9B%99%E9%9D%A2-%E5%AE%9A%E6%A1%88_New_230825_S.pdf\" target=\"_blank\" rel=\"noopener\">(Haga clic aqu\u00ed para ver el cat\u00e1logo electr\u00f3nico)<\/a><\/p>\n<h5><strong><span style=\"color: #ff0000; font-size: 19.2px;\">\u25b2Bienvenido al servicio de atenci\u00f3n al cliente por mensaje privado para consultas:<a href=\"https:\/\/honwaygroup.com\/es\/contactar-con-honway\/\" target=\"_blank\" rel=\"noopener\">Contactar con Honway<\/a><\/span><\/strong><\/h5>\n<h5><strong><span style=\"color: #ff0000; font-size: 19.2px;\">\u25b2 Los pedidos grandes pueden disfrutar de descuentos, comun\u00edquese con el servicio de atenci\u00f3n al cliente para realizar consultas.<br \/>\n<\/span><\/strong><\/h5>\n<h5><strong><span style=\"color: #ff0000;\">\u25b2Comun\u00edquese con el servicio de atenci\u00f3n al cliente para conocer la fecha de entrega del pedido.<\/span><\/strong><\/h5>\n","protected":false},"featured_media":126801,"template":"","meta":{"site-sidebar-layout":"default","site-content-layout":"default","ast-site-content-layout":"default","site-content-style":"default","site-sidebar-style":"default","ast-global-header-display":"","ast-banner-title-visibility":"","ast-main-header-display":"","ast-hfb-above-header-display":"","ast-hfb-below-header-display":"","ast-hfb-mobile-header-display":"","site-post-title":"","ast-breadcrumbs-content":"","ast-featured-img":"","footer-sml-layout":"","ast-disable-related-posts":"","theme-transparent-header-meta":"default","adv-header-id-meta":"","stick-header-meta":"default","header-above-stick-meta":"","header-main-stick-meta":"","header-below-stick-meta":"","astra-migrate-meta-layouts":"default","ast-page-background-enabled":"default","ast-page-background-meta":{"desktop":{"background-color":"var(--ast-global-color-5)","background-image":"","background-repeat":"repeat","background-position":"center center","background-size":"auto","background-attachment":"scroll","background-type":"","background-media":"","overlay-type":"","overlay-color":"","overlay-opacity":"","overlay-gradient":""},"tablet":{"background-color":"","background-image":"","background-repeat":"repeat","background-position":"center center","background-size":"auto","background-attachment":"scroll","background-type":"","background-media":"","overlay-type":"","overlay-color":"","overlay-opacity":"","overlay-gradient":""},"mobile":{"background-color":"","background-image":"","background-repeat":"repeat","background-position":"center center","background-size":"auto","background-attachment":"scroll","background-type":"","background-media":"","overlay-type":"","overlay-color":"","overlay-opacity":"","overlay-gradient":""}},"ast-content-background-meta":{"desktop":{"background-color":"var(--ast-global-color-4)","background-image":"","background-repeat":"repeat","background-position":"center center","background-size":"auto","background-attachment":"scroll","background-type":"","background-media":"","overlay-type":"","overlay-color":"","overlay-opacity":"","overlay-gradient":""},"tablet":{"background-color":"var(--ast-global-color-4)","background-image":"","background-repeat":"repeat","background-position":"center center","background-size":"auto","background-attachment":"scroll","background-type":"","background-media":"","overlay-type":"","overlay-color":"","overlay-opacity":"","overlay-gradient":""},"mobile":{"background-color":"var(--ast-global-color-4)","background-image":"","background-repeat":"repeat","background-position":"center center","background-size":"auto","background-attachment":"scroll","background-type":"","background-media":"","overlay-type":"","overlay-color":"","overlay-opacity":"","overlay-gradient":""}}},"product_brand":[],"product_cat":[10446,10445],"product_tag":[10769,10766,10767],"class_list":{"0":"post-126800","1":"product","2":"type-product","3":"status-publish","4":"has-post-thumbnail","6":"product_cat-equipo-de-pulido","7":"product_cat-maquinas-herramientas","8":"product_tag-chorro-de-arena-con-diamante-es","9":"product_tag-equipo-de-pulido-es","10":"product_tag-pulido-por-chorro","11":"desktop-align-left","12":"tablet-align-left","13":"mobile-align-left","14":"ast-product-gallery-layout-horizontal-slider","15":"ast-product-tabs-layout-horizontal","17":"first","18":"instock","19":"featured","20":"taxable","21":"shipping-taxable","22":"product-type-simple"},"_links":{"self":[{"href":"https:\/\/honwaygroup.com\/es\/wp-json\/wp\/v2\/product\/126800","targetHints":{"allow":["GET"]}}],"collection":[{"href":"https:\/\/honwaygroup.com\/es\/wp-json\/wp\/v2\/product"}],"about":[{"href":"https:\/\/honwaygroup.com\/es\/wp-json\/wp\/v2\/types\/product"}],"version-history":[{"count":0,"href":"https:\/\/honwaygroup.com\/es\/wp-json\/wp\/v2\/product\/126800\/revisions"}],"wp:featuredmedia":[{"embeddable":true,"href":"https:\/\/honwaygroup.com\/es\/wp-json\/wp\/v2\/media\/126801"}],"wp:attachment":[{"href":"https:\/\/honwaygroup.com\/es\/wp-json\/wp\/v2\/media?parent=126800"}],"wp:term":[{"taxonomy":"product_brand","embeddable":true,"href":"https:\/\/honwaygroup.com\/es\/wp-json\/wp\/v2\/product_brand?post=126800"},{"taxonomy":"product_cat","embeddable":true,"href":"https:\/\/honwaygroup.com\/es\/wp-json\/wp\/v2\/product_cat?post=126800"},{"taxonomy":"product_tag","embeddable":true,"href":"https:\/\/honwaygroup.com\/es\/wp-json\/wp\/v2\/product_tag?post=126800"}],"curies":[{"name":"wp","href":"https:\/\/api.w.org\/{rel}","templated":true}]}}