{"id":126795,"date":"2023-05-02T13:35:24","date_gmt":"2023-05-02T05:35:24","guid":{"rendered":"https:\/\/honwaygroup.com\/product\/equipo-de-pulido-ultrafino-as-4100-5190\/"},"modified":"2023-05-02T13:35:24","modified_gmt":"2023-05-02T05:35:24","slug":"equipo-de-pulido-ultrafino-as-4100-5190","status":"publish","type":"product","link":"https:\/\/honwaygroup.com\/es\/producto\/equipo-de-pulido-ultrafino-as-4100-5190\/","title":{"rendered":"Equipo de pulido ultrafino AS-4100 5190"},"content":{"rendered":"<h3><span style=\"color: #333333\"><strong>Apick Solution-AS 4100,AS 5190<\/strong><\/span><\/h3>\n<p>&nbsp;<\/p>\n<h2>Caracter\u00edsticas del producto:<\/h2>\n<ul>\n<li><strong>Interfaz de operaci\u00f3n sencilla <\/strong><\/li>\n<li><strong style=\"font-size: 16px\">Equipado con medidas de protecci\u00f3n del sistema de alimentaci\u00f3n ininterrumpida.<\/strong><\/li>\n<li><strong style=\"font-size: 16px\">Se puede lograr la automatizaci\u00f3n del pulido <\/strong><\/li>\n<li><strong style=\"font-size: 16px\">Dise\u00f1o de compensaci\u00f3n de trayectoria de pulido <\/strong><\/li>\n<li><strong style=\"font-size: 16px\">Mejora la eficiencia y la estabilidad del pulido. <\/strong><\/li>\n<li><strong style=\"font-size: 16px\">Conseguir un cabezal de pulido de ultraprecisi\u00f3n para superficies de forma libre<\/strong><\/li>\n<li><strong style=\"font-size: 16px\">Sin marcas de pulido ni patrones de arco\u00edris bajo el microscopio.<\/strong><\/li>\n<li><strong style=\"font-size: 16px\">Comun\u00edquese con el departamento de ventas para obtener los materiales aplicables.<\/strong><\/li>\n<\/ul>\n<h2><\/h2>\n<h2><strong>Capacidad de pulido: <\/strong><strong style=\"font-size: 16px;font-style: inherit;color: var( --e-global-color-text );font-family: var( --e-global-typography-text-font-family ), Sans-serif\">  <\/strong><\/h2>\n<h4><strong style=\"font-size: 16px;font-style: inherit;color: var( --e-global-color-text );font-family: var( --e-global-typography-text-font-family ), Sans-serif\"><a href=\"https:\/\/honwaygroup.com\/wp-content\/uploads\/2023\/05\/%E8%B6%85%E7%B2%BE%E6%8B%8B%E5%85%89%E8%A8%AD%E5%82%99-2_%E5%B7%A5%E4%BD%9C%E5%8D%80%E5%9F%9F-1-e1683007587190.webp\"><img fetchpriority=\"high\" decoding=\"async\" src=\"https:\/\/honwaygroup.com\/wp-content\/uploads\/2023\/05\/%E8%B6%85%E7%B2%BE%E6%8B%8B%E5%85%89%E8%A8%AD%E5%82%99-2_%E5%B7%A5%E4%BD%9C%E5%8D%80%E5%9F%9F-1-e1683007587190-1024x527.webp\" alt=\"\" width=\"1024\" height=\"527\"><\/a><\/strong><\/h4>\n<p>&nbsp;<\/p>\n<h2>Especificaciones del producto:<\/h2>\n<p>&nbsp;<\/p>\n<table>\n<tbody>\n<tr>\n<td><span style=\"font-weight: 400\">modelo<\/span><\/td>\n<td><span style=\"font-weight: 400\">AS-4100<\/span><\/td>\n<td><span style=\"font-weight: 400\">AS-5190<\/span><\/td>\n<\/tr>\n<tr>\n<td><span style=\"font-weight: 400\">N\u00famero de ejes<\/span><\/td>\n<td><span style=\"font-weight: 400\">Ejes lineales X, Y y Z + un eje rotatorio (B)<\/span><\/td>\n<td><span style=\"font-weight: 400\">Ejes lineales X, Y y Z + dos ejes rotatorios (B y C)<\/span><\/td>\n<\/tr>\n<tr>\n<td><span style=\"font-weight: 400\">Caracter\u00edsticas<\/span><\/td>\n<td><span style=\"font-weight: 400\">Mejora la precisi\u00f3n, la calidad y la eficiencia del mecanizado de curvatura en espacio libre, lo que permite el mecanizado rotativo.<\/span><\/td>\n<td><span style=\"font-weight: 400\">Reduce la necesidad de herramientas y utillajes, lo que reduce los costes de fabricaci\u00f3n. Permite procesar superficies curvas extremadamente complejas y multi\u00e1ngulos, completando m\u00faltiples superficies simult\u00e1neamente.<\/span><\/td>\n<\/tr>\n<tr>\n<td><span style=\"font-weight: 400\">Piezas aplicables<\/span><\/td>\n<td><span style=\"font-weight: 400\">Piezas con caracter\u00edsticas de rotaci\u00f3n, como ejes y carcasas.<\/span><\/td>\n<td><span style=\"font-weight: 400\">Piezas con superficies curvas complejas, como piezas de aviaci\u00f3n, dispositivos m\u00e9dicos y moldes de precisi\u00f3n.<\/span><\/td>\n<\/tr>\n<tr>\n<td><span style=\"font-weight: 400\">Industrias aplicables<\/span><\/td>\n<td><span style=\"font-weight: 400\">Automotriz, Aeroespacial, Energ\u00eda<\/span><\/td>\n<td><span style=\"font-weight: 400\">Aeroespacial, Dispositivos M\u00e9dicos, Investigaci\u00f3n y Desarrollo<\/span><\/td>\n<\/tr>\n<tr>\n<td><span style=\"font-weight: 400\">Especificaci\u00f3n<\/span><\/td>\n<td><span style=\"font-weight: 400\"> <\/span><\/td>\n<td><span style=\"font-weight: 400\"> <\/span><\/td>\n<\/tr>\n<tr>\n<td><span style=\"font-weight: 400\">Tama\u00f1o del equipo<\/span><\/td>\n<td><span style=\"font-weight: 400\">960&#215;798.5x1750mm<\/span><\/td>\n<td><span style=\"font-weight: 400\">860x980x1780mm<\/span><\/td>\n<\/tr>\n<tr>\n<td><span style=\"font-weight: 400\">\u00c1rea de procesamiento de trazos X\/Y\/Z<\/span><\/td>\n<td><span style=\"font-weight: 400\">400x400x170mm<\/span><\/td>\n<td><span style=\"font-weight: 400\">190x190x300mm<\/span><\/td>\n<\/tr>\n<tr>\n<td><span style=\"font-weight: 400\">Tama\u00f1o de la pieza de trabajo<\/span><\/td>\n<td><span style=\"font-weight: 400\">400x230x150mm<\/span><\/td>\n<td><span style=\"font-weight: 400\">\u00d8 200x250mm<\/span><\/td>\n<\/tr>\n<tr>\n<td><span style=\"font-weight: 400\">\u00c1ngulo m\u00e1ximo de mecanizado<\/span><\/td>\n<td><span style=\"font-weight: 400\">30\u00b0<\/span><\/td>\n<td><span style=\"font-weight: 400\">Eje B: -115\u00b0 a 15\u00b0, Eje C: 360\u00b0<\/span><\/td>\n<\/tr>\n<tr>\n<td><span style=\"font-weight: 400\">Peso de la pieza de trabajo cargable<\/span><\/td>\n<td><span style=\"font-weight: 400\">5 kg<\/span><\/td>\n<td><span style=\"font-weight: 400\">15 kg<\/span><\/td>\n<\/tr>\n<tr>\n<td><span style=\"font-weight: 400\">An\u00e1lisis de software<\/span><\/td>\n<td><span style=\"font-weight: 400\">0.001<\/span><\/td>\n<td><span style=\"font-weight: 400\">0.001<\/span><\/td>\n<\/tr>\n<tr>\n<td><span style=\"font-weight: 400\">Motor de husillo<\/span><\/td>\n<td><span style=\"font-weight: 400\">Motor s\u00edncrono de im\u00e1n permanente de 750 W<\/span><\/td>\n<td><span style=\"font-weight: 400\">Servomotor de 750 W<\/span><\/td>\n<\/tr>\n<tr>\n<td><span style=\"font-weight: 400\">Velocidad del husillo<\/span><\/td>\n<td><span style=\"font-weight: 400\">80-600 RPM<\/span><\/td>\n<td><span style=\"font-weight: 400\">0-3000RPM<\/span><\/td>\n<\/tr>\n<tr>\n<td><span style=\"font-weight: 400\">Voltaje del equipo<\/span><\/td>\n<td><span style=\"font-weight: 400\">Monof\u00e1sico 220 VCA<\/span><\/td>\n<td><span style=\"font-weight: 400\">Monof\u00e1sico 220 VCA<\/span><\/td>\n<\/tr>\n<tr>\n<td><span style=\"font-weight: 400\">Corriente del equipo<\/span><\/td>\n<td><span style=\"font-weight: 400\">10A<\/span><\/td>\n<td><span style=\"font-weight: 400\">10A<\/span><\/td>\n<\/tr>\n<tr>\n<td><span style=\"font-weight: 400\">Consumo de energ\u00eda del equipo<\/span><\/td>\n<td><span style=\"font-weight: 400\">\u2248500W<\/span><\/td>\n<td><span style=\"font-weight: 400\">\u2248600W<\/span><\/td>\n<\/tr>\n<tr>\n<td><span style=\"font-weight: 400\">Peso del equipo<\/span><\/td>\n<td><span style=\"font-weight: 400\">\u2248450Kg<\/span><\/td>\n<td><span style=\"font-weight: 400\">\u2248480Kg<\/span><\/td>\n<\/tr>\n<\/tbody>\n<\/table>\n<p>\u00bfTienes preguntas? <a href=\"https:\/\/honwaygroup.com\/es\/contactar-con-honway\/\">Contactar a Honway<\/a><\/p>\n","protected":false},"excerpt":{"rendered":"<h4><strong>Pulido ultrafino Meta Polishing<\/strong><\/h4>\n<h4><strong>Modelo: AS-4100, AS-5190<\/strong><\/h4>\n<p>&nbsp;<\/p>\n<h5><strong><span style=\"color: #ff0000;font-size: 19.2px\">\u25b2Bienvenido al servicio de atenci\u00f3n al cliente por mensaje privado para consultas:<a href=\"https:\/\/honwaygroup.com\/es\/contactar-con-honway\/\" target=\"_blank\" rel=\"noopener\">Contactar con Honway<\/a><\/span><\/strong><\/h5>\n<h5><strong><span style=\"color: #ff0000;font-size: 19.2px\">\u25b2 Los pedidos grandes pueden disfrutar de descuentos, comun\u00edquese con el servicio de atenci\u00f3n al cliente para realizar consultas.<br \/>\n<\/span><\/strong><\/h5>\n<h5><strong><span style=\"color: #ff0000\">\u25b2Comun\u00edquese con el servicio de atenci\u00f3n al cliente para conocer la fecha de entrega del pedido.<\/span><\/strong><\/h5>\n","protected":false},"featured_media":126796,"template":"","meta":{"site-sidebar-layout":"default","site-content-layout":"default","ast-site-content-layout":"default","site-content-style":"default","site-sidebar-style":"default","ast-global-header-display":"","ast-banner-title-visibility":"","ast-main-header-display":"","ast-hfb-above-header-display":"","ast-hfb-below-header-display":"","ast-hfb-mobile-header-display":"","site-post-title":"","ast-breadcrumbs-content":"","ast-featured-img":"","footer-sml-layout":"","ast-disable-related-posts":"","theme-transparent-header-meta":"default","adv-header-id-meta":"","stick-header-meta":"default","header-above-stick-meta":"","header-main-stick-meta":"","header-below-stick-meta":"","astra-migrate-meta-layouts":"default","ast-page-background-enabled":"default","ast-page-background-meta":{"desktop":{"background-color":"var(--ast-global-color-5)","background-image":"","background-repeat":"repeat","background-position":"center center","background-size":"auto","background-attachment":"scroll","background-type":"","background-media":"","overlay-type":"","overlay-color":"","overlay-opacity":"","overlay-gradient":""},"tablet":{"background-color":"","background-image":"","background-repeat":"repeat","background-position":"center center","background-size":"auto","background-attachment":"scroll","background-type":"","background-media":"","overlay-type":"","overlay-color":"","overlay-opacity":"","overlay-gradient":""},"mobile":{"background-color":"","background-image":"","background-repeat":"repeat","background-position":"center center","background-size":"auto","background-attachment":"scroll","background-type":"","background-media":"","overlay-type":"","overlay-color":"","overlay-opacity":"","overlay-gradient":""}},"ast-content-background-meta":{"desktop":{"background-color":"var(--ast-global-color-4)","background-image":"","background-repeat":"repeat","background-position":"center center","background-size":"auto","background-attachment":"scroll","background-type":"","background-media":"","overlay-type":"","overlay-color":"","overlay-opacity":"","overlay-gradient":""},"tablet":{"background-color":"var(--ast-global-color-4)","background-image":"","background-repeat":"repeat","background-position":"center center","background-size":"auto","background-attachment":"scroll","background-type":"","background-media":"","overlay-type":"","overlay-color":"","overlay-opacity":"","overlay-gradient":""},"mobile":{"background-color":"var(--ast-global-color-4)","background-image":"","background-repeat":"repeat","background-position":"center center","background-size":"auto","background-attachment":"scroll","background-type":"","background-media":"","overlay-type":"","overlay-color":"","overlay-opacity":"","overlay-gradient":""}}},"product_brand":[],"product_cat":[10446,10445],"product_tag":[10765,10766],"class_list":{"0":"post-126795","1":"product","2":"type-product","3":"status-publish","4":"has-post-thumbnail","6":"product_cat-equipo-de-pulido","7":"product_cat-maquinas-herramientas","8":"product_tag-equipo-de-pulido","9":"product_tag-equipo-de-pulido-es","10":"desktop-align-left","11":"tablet-align-left","12":"mobile-align-left","13":"ast-product-gallery-layout-horizontal-slider","14":"ast-product-tabs-layout-horizontal","16":"first","17":"instock","18":"featured","19":"taxable","20":"shipping-taxable","21":"product-type-simple"},"_links":{"self":[{"href":"https:\/\/honwaygroup.com\/es\/wp-json\/wp\/v2\/product\/126795","targetHints":{"allow":["GET"]}}],"collection":[{"href":"https:\/\/honwaygroup.com\/es\/wp-json\/wp\/v2\/product"}],"about":[{"href":"https:\/\/honwaygroup.com\/es\/wp-json\/wp\/v2\/types\/product"}],"version-history":[{"count":0,"href":"https:\/\/honwaygroup.com\/es\/wp-json\/wp\/v2\/product\/126795\/revisions"}],"wp:featuredmedia":[{"embeddable":true,"href":"https:\/\/honwaygroup.com\/es\/wp-json\/wp\/v2\/media\/126796"}],"wp:attachment":[{"href":"https:\/\/honwaygroup.com\/es\/wp-json\/wp\/v2\/media?parent=126795"}],"wp:term":[{"taxonomy":"product_brand","embeddable":true,"href":"https:\/\/honwaygroup.com\/es\/wp-json\/wp\/v2\/product_brand?post=126795"},{"taxonomy":"product_cat","embeddable":true,"href":"https:\/\/honwaygroup.com\/es\/wp-json\/wp\/v2\/product_cat?post=126795"},{"taxonomy":"product_tag","embeddable":true,"href":"https:\/\/honwaygroup.com\/es\/wp-json\/wp\/v2\/product_tag?post=126795"}],"curies":[{"name":"wp","href":"https:\/\/api.w.org\/{rel}","templated":true}]}}