{"id":126788,"date":"2023-07-26T11:12:35","date_gmt":"2023-07-26T03:12:35","guid":{"rendered":"https:\/\/honwaygroup.com\/product\/maquina-de-cepillos-rotativos-de-mesa-as-bp23\/"},"modified":"2023-07-26T11:12:35","modified_gmt":"2023-07-26T03:12:35","slug":"maquina-de-cepillos-rotativos-de-mesa-as-bp23","status":"publish","type":"product","link":"https:\/\/honwaygroup.com\/es\/producto\/maquina-de-cepillos-rotativos-de-mesa-as-bp23\/","title":{"rendered":"M\u00e1quina de cepillos rotativos de mesa AS-BP23"},"content":{"rendered":"<h2 class=\"style-scope ytd-watch-metadata\"><span style=\"color: #333333;\"><strong><a style=\"color: #333333;\" href=\"https:\/\/www.youtube.com\/watch?v=ZKIQVsbz5DY\" target=\"_blank\" rel=\"noopener nofollow\">M\u00e1quina de cepillos rotativos de sobremesa Apick Solution<\/a><\/strong><\/span><\/h2>\n<p><a href=\"https:\/\/honwaygroup.com\/wp-content\/uploads\/2023\/07\/FB%E7%B8%AE%E5%9C%96%E5%B0%81%E9%9D%A2_AS-BP23.png\"><img fetchpriority=\"high\" decoding=\"async\" class=\"alignnone wp-image-29374 size-large\" src=\"https:\/\/honwaygroup.com\/wp-content\/uploads\/2023\/07\/FB%E7%B8%AE%E5%9C%96%E5%B0%81%E9%9D%A2_AS-BP23-1024x538.png\" alt=\"\" width=\"1024\" height=\"538\"><\/a><\/p>\n<p>[videopress lAlBIW7f permalink=\u00bbfalse\u00bb hd=\u00bbtrue\u00bb loop=\u00bbtrue\u00bb]<\/p>\n<p>&nbsp;<\/p>\n<h4><strong> <\/strong><\/h4>\n<h2>Especificaciones del producto:<\/h2>\n<h4><strong> <\/strong><\/h4>\n<p><a href=\"https:\/\/honwaygroup.com\/wp-content\/uploads\/2023\/07\/AS-BP23-02.png\"><img decoding=\"async\" class=\"alignnone size-large wp-image-29382\" src=\"https:\/\/honwaygroup.com\/wp-content\/uploads\/2023\/07\/AS-BP23-02-1024x363.png\" alt=\"\" width=\"1024\" height=\"363\"><\/a><\/p>\n<p>&nbsp;<\/p>\n<h2>Caracter\u00edsticas del producto:<\/h2>\n<table style=\"height: 267px;\" width=\"600\">\n<tbody>\n<tr>\n<td>\n<h4><strong><a href=\"https:\/\/honwaygroup.com\/wp-content\/uploads\/2023\/07\/AS-BP23-03.png\"><img decoding=\"async\" class=\"wp-image-29378 size-medium aligncenter\" src=\"https:\/\/honwaygroup.com\/wp-content\/uploads\/2023\/07\/AS-BP23-03-300x267.png\" alt=\"\" width=\"300\" height=\"267\"><\/a><\/strong><\/h4>\n<\/td>\n<td>\n<ul>\n<li><strong>La velocidad se puede ajustar seg\u00fan sea necesario.<\/strong><\/li>\n<li><strong>Se pueden sustituir diversos materiales de molienda.<\/strong><\/li>\n<li><strong>Sistema de filtraci\u00f3n con separaci\u00f3n de polvo<\/strong><\/li>\n<li><strong>Coloque una cubierta acr\u00edlica ajustable<\/strong><\/li>\n<li><strong>Los cojines de PU est\u00e1n colocados en ambos lados para trabajar c\u00f3modamente durante mucho tiempo.<\/strong><\/li>\n<li><strong>Instale iluminaci\u00f3n LED para que el \u00e1rea de trabajo sea m\u00e1s brillante.<\/strong><\/li>\n<li><strong>Ligero y c\u00f3modo, funciona de manera suave y silenciosa.<\/strong><\/li>\n<\/ul>\n<\/td>\n<\/tr>\n<\/tbody>\n<\/table>\n<p>\u00bfTienes preguntas? <a href=\"https:\/\/honwaygroup.com\/es\/contactar-con-honway\/\">Contactar a Honway<\/a><\/p>\n","protected":false},"excerpt":{"rendered":"<h4><strong>Desbarbado, biselado, pasivaci\u00f3n y pulido<\/strong><\/h4>\n<h4><strong>Modelo: AS-BP23<\/strong><\/h4>\n<p><a href=\"https:\/\/honwaygroup.com\/wp-content\/uploads\/2023\/08\/AS-BP23_%E4%B8%80%E9%A0%81%E5%BC%8FDM%E5%96%AE%E9%9D%A2_230803-scaled.jpg\" target=\"_blank\" rel=\"noopener\">(Haga clic aqu\u00ed para ver el cat\u00e1logo electr\u00f3nico)<\/a><\/p>\n<h5><strong><span style=\"color: #ff0000; font-size: 19.2px;\">\u25b2Bienvenido al servicio de atenci\u00f3n al cliente por mensaje privado para consultas:<a href=\"https:\/\/honwaygroup.com\/es\/contactar-con-honway\/\" target=\"_blank\" rel=\"noopener\">Contactar con Honway<\/a><\/span><\/strong><\/h5>\n<h5><strong><span style=\"color: #ff0000; font-size: 19.2px;\">\u25b2 Los pedidos grandes pueden disfrutar de descuentos, comun\u00edquese con el servicio de atenci\u00f3n al cliente para realizar consultas.<br \/>\n<\/span><\/strong><\/h5>\n<h5><strong><span style=\"color: #ff0000;\">\u25b2Comun\u00edquese con el servicio de atenci\u00f3n al cliente para conocer la fecha de entrega del pedido.<\/span><\/strong><\/h5>\n","protected":false},"featured_media":126789,"template":"","meta":{"site-sidebar-layout":"default","site-content-layout":"default","ast-site-content-layout":"default","site-content-style":"default","site-sidebar-style":"default","ast-global-header-display":"","ast-banner-title-visibility":"","ast-main-header-display":"","ast-hfb-above-header-display":"","ast-hfb-below-header-display":"","ast-hfb-mobile-header-display":"","site-post-title":"","ast-breadcrumbs-content":"","ast-featured-img":"","footer-sml-layout":"","ast-disable-related-posts":"","theme-transparent-header-meta":"default","adv-header-id-meta":"","stick-header-meta":"","header-above-stick-meta":"","header-main-stick-meta":"","header-below-stick-meta":"","astra-migrate-meta-layouts":"default","ast-page-background-enabled":"default","ast-page-background-meta":{"desktop":{"background-color":"var(--ast-global-color-5)","background-image":"","background-repeat":"repeat","background-position":"center center","background-size":"auto","background-attachment":"scroll","background-type":"","background-media":"","overlay-type":"","overlay-color":"","overlay-opacity":"","overlay-gradient":""},"tablet":{"background-color":"","background-image":"","background-repeat":"repeat","background-position":"center center","background-size":"auto","background-attachment":"scroll","background-type":"","background-media":"","overlay-type":"","overlay-color":"","overlay-opacity":"","overlay-gradient":""},"mobile":{"background-color":"","background-image":"","background-repeat":"repeat","background-position":"center center","background-size":"auto","background-attachment":"scroll","background-type":"","background-media":"","overlay-type":"","overlay-color":"","overlay-opacity":"","overlay-gradient":""}},"ast-content-background-meta":{"desktop":{"background-color":"var(--ast-global-color-4)","background-image":"","background-repeat":"repeat","background-position":"center center","background-size":"auto","background-attachment":"scroll","background-type":"","background-media":"","overlay-type":"","overlay-color":"","overlay-opacity":"","overlay-gradient":""},"tablet":{"background-color":"var(--ast-global-color-4)","background-image":"","background-repeat":"repeat","background-position":"center center","background-size":"auto","background-attachment":"scroll","background-type":"","background-media":"","overlay-type":"","overlay-color":"","overlay-opacity":"","overlay-gradient":""},"mobile":{"background-color":"var(--ast-global-color-4)","background-image":"","background-repeat":"repeat","background-position":"center center","background-size":"auto","background-attachment":"scroll","background-type":"","background-media":"","overlay-type":"","overlay-color":"","overlay-opacity":"","overlay-gradient":""}}},"product_brand":[],"product_cat":[10447,10445],"product_tag":[10764,10762,10763,10761],"class_list":{"0":"post-126788","1":"product","2":"type-product","3":"status-publish","4":"has-post-thumbnail","6":"product_cat-maquina-de-cepillos-rotativos","7":"product_cat-maquinas-herramientas","8":"product_tag-de-oficina","9":"product_tag-maquina-de-cepillos","10":"product_tag-maquina-de-cepillos-rotativos","11":"product_tag-maquina-de-cepillos-rotativos-de-escritorio","12":"desktop-align-left","13":"tablet-align-left","14":"mobile-align-left","15":"ast-product-gallery-layout-horizontal-slider","16":"ast-product-tabs-layout-horizontal","18":"first","19":"instock","20":"taxable","21":"shipping-taxable","22":"product-type-simple"},"_links":{"self":[{"href":"https:\/\/honwaygroup.com\/es\/wp-json\/wp\/v2\/product\/126788","targetHints":{"allow":["GET"]}}],"collection":[{"href":"https:\/\/honwaygroup.com\/es\/wp-json\/wp\/v2\/product"}],"about":[{"href":"https:\/\/honwaygroup.com\/es\/wp-json\/wp\/v2\/types\/product"}],"version-history":[{"count":0,"href":"https:\/\/honwaygroup.com\/es\/wp-json\/wp\/v2\/product\/126788\/revisions"}],"wp:featuredmedia":[{"embeddable":true,"href":"https:\/\/honwaygroup.com\/es\/wp-json\/wp\/v2\/media\/126789"}],"wp:attachment":[{"href":"https:\/\/honwaygroup.com\/es\/wp-json\/wp\/v2\/media?parent=126788"}],"wp:term":[{"taxonomy":"product_brand","embeddable":true,"href":"https:\/\/honwaygroup.com\/es\/wp-json\/wp\/v2\/product_brand?post=126788"},{"taxonomy":"product_cat","embeddable":true,"href":"https:\/\/honwaygroup.com\/es\/wp-json\/wp\/v2\/product_cat?post=126788"},{"taxonomy":"product_tag","embeddable":true,"href":"https:\/\/honwaygroup.com\/es\/wp-json\/wp\/v2\/product_tag?post=126788"}],"curies":[{"name":"wp","href":"https:\/\/api.w.org\/{rel}","templated":true}]}}