{"id":126703,"date":"2024-07-31T13:47:51","date_gmt":"2024-07-31T05:47:51","guid":{"rendered":"https:\/\/honwaygroup.com\/product\/liquido-de-pulido-de-oxido-de-cerio\/"},"modified":"2024-07-31T13:47:51","modified_gmt":"2024-07-31T05:47:51","slug":"liquido-de-pulido-de-oxido-de-cerio","status":"publish","type":"product","link":"https:\/\/honwaygroup.com\/es\/producto\/liquido-de-pulido-de-oxido-de-cerio\/","title":{"rendered":"L\u00edquido de pulido de \u00f3xido de cerio"},"content":{"rendered":"<h1><strong>L\u00edquido de pulido de \u00f3xido de cerio<\/strong><\/h1>\n<ul>\n<li>Cuanto mayor sea el tama\u00f1o de part\u00edcula del \u00f3xido de cerio, mayor ser\u00e1 su fuerza de pulido y m\u00e1s adecuado ser\u00e1 para materiales m\u00e1s duros; mientras que la aplicaci\u00f3n del vidrio tiende a utilizar un l\u00edquido de pulido m\u00e1s fino.<\/li>\n<li>Un punto importante a destacar es que todos los tama\u00f1os de part\u00edculas de \u00f3xido de cerio presentan un problema de distribuci\u00f3n. El tama\u00f1o promedio de part\u00edcula o di\u00e1metro mediano (D50) determina la velocidad de pulido, mientras que el tama\u00f1o m\u00e1ximo de part\u00edcula (Dmax) determina la precisi\u00f3n del pulido.<\/li>\n<li>Para lograr requisitos de alta precisi\u00f3n, se debe controlar el tama\u00f1o m\u00e1ximo de part\u00edcula del polvo de pulido.<\/li>\n<li>Las part\u00edculas est\u00e1n bien suspendidas y no rayan f\u00e1cilmente la superficie de los objetos. Puede pulir vidrio \u00f3ptico, vidrio de tel\u00e9fonos m\u00f3viles, etc.<\/li>\n<\/ul>\n<h2>Caracter\u00edsticas:<strong>\u3000\u3000\u3000\u3000\u3000\u3000\u3000\u3000\u3000\u3000\u3000\u3000\u3000<\/strong><\/h2>\n<ul>\n<li>Tiene una dureza moderada y no raya la superficie del objeto a pulir.<\/li>\n<li>Tiene un buen rendimiento de suspensi\u00f3n y no es f\u00e1cil de asentar.<\/li>\n<\/ul>\n<h2>Aplicaciones<strong style=\"font-size: 1.3em;\">:<\/strong><\/h2>\n<ul>\n<li>Dispositivos \u00f3pticos de precisi\u00f3n, <a href=\"https:\/\/www.digitimes.com.tw\/tech\/dt\/n\/shwnws.asp?id=0000224454_2d43rg4f6gx9na35kvdvr\" rel=\"nofollow noopener\" target=\"_blank\">sustratos de discos duros<\/a>, pantallas LCD, etc., pulido de vidrio \u00f3ptico de alta precisi\u00f3n.<\/li>\n<li>Pulido de precisi\u00f3n de lentes \u00f3pticas, <a href=\"https:\/\/zh.wikipedia.org\/wiki\/%E5%85%89%E7%BA%96%E6%8E%A5%E9%A0%AD\" rel=\"nofollow noopener\" target=\"_blank\">conectores de fibra \u00f3ptica<\/a>, sustratos vitrocer\u00e1micos, superficies de cristal, etc.<\/li>\n<\/ul>\n<h4><strong> <\/strong><\/h4>\n<h2>Especificaciones del producto:<\/h2>\n<table>\n<tbody>\n<tr>\n<td rowspan=\"2\"><span style=\"font-weight: 400;\">Modelo<\/span><\/td>\n<td rowspan=\"2\"><span style=\"font-weight: 400;\">Estado del producto<\/span><\/td>\n<td rowspan=\"2\"><span style=\"font-weight: 400;\">Tama\u00f1o de part\u00edcula (\u00b5m)<\/span><\/td>\n<td colspan=\"5\"><span style=\"font-weight: 400;\">Aplicaci\u00f3n<\/span><\/td>\n<\/tr>\n<tr>\n<td><span style=\"font-weight: 400;\">Vidrio azul general<\/span><\/td>\n<td><span style=\"font-weight: 400;\">Vidrio \u00f3ptico blanco<\/span><\/td>\n<td><span style=\"font-weight: 400;\">Vidrio de panel<\/span><\/td>\n<td><span style=\"font-weight: 400;\">Componentes \u00f3pticos<\/span><\/td>\n<td><span style=\"font-weight: 400;\">Vidrio azul<\/span><\/td>\n<\/tr>\n<tr>\n<td><span style=\"font-weight: 400;\">RA-10<\/span><\/td>\n<td><span style=\"font-weight: 400;\">l\u00edquido blanco<\/span><\/td>\n<td><span style=\"font-weight: 400;\">D50\/0.8<\/span><\/td>\n<td><\/td>\n<td><\/td>\n<td><span style=\"font-weight: 400;\">\u25cf<\/span><\/td>\n<td><span style=\"font-weight: 400;\">\u25cf<\/span><\/td>\n<td><\/td>\n<\/tr>\n<tr>\n<td><span style=\"font-weight: 400;\">RA-08<\/span><\/td>\n<td><span style=\"font-weight: 400;\">l\u00edquido blanco<\/span><\/td>\n<td><span style=\"font-weight: 400;\">D50\/1.0<\/span><\/td>\n<td><\/td>\n<td><span style=\"font-weight: 400;\">\u25cf<\/span><\/td>\n<td><span style=\"font-weight: 400;\">\u25cf<\/span><\/td>\n<td><span style=\"font-weight: 400;\">\u25cf<\/span><\/td>\n<td><\/td>\n<\/tr>\n<tr>\n<td><span style=\"font-weight: 400;\">RA-01<\/span><\/td>\n<td><span style=\"font-weight: 400;\">l\u00edquido blanco<\/span><\/td>\n<td><span style=\"font-weight: 400;\">D50\/1.5<\/span><\/td>\n<td><span style=\"font-weight: 400;\">\u25cf<\/span><\/td>\n<td><span style=\"font-weight: 400;\">\u25cf<\/span><\/td>\n<td><span style=\"font-weight: 400;\">\u25cf<\/span><\/td>\n<td><\/td>\n<td><\/td>\n<\/tr>\n<tr>\n<td><span style=\"font-weight: 400;\">RA-12<\/span><\/td>\n<td><span style=\"font-weight: 400;\">l\u00edquido blanco<\/span><\/td>\n<td><span style=\"font-weight: 400;\">D50\/2.0<\/span><\/td>\n<td><span style=\"font-weight: 400;\">\u25cf<\/span><\/td>\n<td><\/td>\n<td><\/td>\n<td><\/td>\n<td><\/td>\n<\/tr>\n<tr>\n<td><span style=\"font-weight: 400;\">HAT-1205<\/span><\/td>\n<td><span style=\"font-weight: 400;\">L\u00edquido rojo<\/span><\/td>\n<td><span style=\"font-weight: 400;\">D50\/1.2<\/span><\/td>\n<td><\/td>\n<td><\/td>\n<td><\/td>\n<td><span style=\"font-weight: 400;\">\u25cf<\/span><\/td>\n<td><span style=\"font-weight: 400;\">\u25cf<\/span><\/td>\n<\/tr>\n<tr>\n<td><span style=\"font-weight: 400;\">HAT-1805<\/span><\/td>\n<td><span style=\"font-weight: 400;\">L\u00edquido rojo<\/span><\/td>\n<td><span style=\"font-weight: 400;\">D50\/1.8<\/span><\/td>\n<td><span style=\"font-weight: 400;\">\u25cf<\/span><\/td>\n<td><span style=\"font-weight: 400;\">\u25cf<\/span><\/td>\n<td><\/td>\n<td><\/td>\n<td><\/td>\n<\/tr>\n<tr>\n<td><span style=\"font-weight: 400;\">RGB-1935<\/span><\/td>\n<td><span style=\"font-weight: 400;\">l\u00edquido de pulido<\/span><\/td>\n<td><span style=\"font-weight: 400;\">D50\/0.5<\/span><\/td>\n<td><\/td>\n<td><\/td>\n<td><\/td>\n<td><span style=\"font-weight: 400;\">\u25cf<\/span><\/td>\n<td><span style=\"font-weight: 400;\">\u25cf<\/span><\/td>\n<\/tr>\n<tr>\n<td><span style=\"font-weight: 400;\">RGB-1938<\/span><\/td>\n<td><span style=\"font-weight: 400;\">l\u00edquido de pulido<\/span><\/td>\n<td><span style=\"font-weight: 400;\">D50\/0.8<\/span><\/td>\n<td><\/td>\n<td><\/td>\n<td><\/td>\n<td><span style=\"font-weight: 400;\">\u25cf<\/span><\/td>\n<td><span style=\"font-weight: 400;\">\u25cf<\/span><\/td>\n<\/tr>\n<\/tbody>\n<\/table>\n<div class=\"mceTemp\">\n<p>L\u00edquido de pulido de \u00f3xido de cerio<strong>Si tiene especificaciones especiales o necesita personalizaci\u00f3n, <a href=\"tel:+886-7-2231058\">ll\u00e1menos<\/a> o env\u00edenos un<a href=\"mailto:service@honwaygroup.com\"> correo<\/a> electr\u00f3nico. Gracias.<\/strong><\/p>\n<\/div>\n<h2>Notas:<\/h2>\n<h3><b>Notas generales:<\/b><\/h3>\n<ul>\n<li style=\"font-weight: 400;\" aria-level=\"1\"><b>Lea atentamente la Hoja de Datos de Seguridad (HDS)<\/b>: <span style=\"font-weight: 400;\">Antes de usar \u00f3xido de cerio, aseg\u00farese de leer atentamente la hoja de datos de seguridad proporcionada por el proveedor para comprender sus posibles peligros, las medidas de manipulaci\u00f3n segura y los m\u00e9todos de tratamiento de emergencia.<\/span><\/li>\n<li style=\"font-weight: 400;\" aria-level=\"1\"><b>Evite la inhalaci\u00f3n de polvo:<\/b> <span style=\"font-weight: 400;\">El \u00f3xido de cerio puede presentarse en forma de polvo y su inhalaci\u00f3n puede irritar las v\u00edas respiratorias. Aseg\u00farese de que haya buena ventilaci\u00f3n al manipularlo o utilice equipo de protecci\u00f3n respiratoria adecuado (como una mascarilla).<\/span><\/li>\n<li style=\"font-weight: 400;\" aria-level=\"1\"><b>Evite el contacto con la piel y los ojos<\/b>: <span style=\"font-weight: 400;\">El \u00f3xido de cerio puede causar irritaci\u00f3n en la piel y los ojos. Use guantes y gafas protectoras al manipularlo. En caso de contacto accidental, enjuague inmediatamente con abundante agua.<\/span><\/li>\n<li style=\"font-weight: 400;\" aria-level=\"1\"><b>Limpie completamente despu\u00e9s de manipular:<\/b> <span style=\"font-weight: 400;\">despu\u00e9s de manipular \u00f3xido de cerio, l\u00e1vese siempre bien las manos y cualquier ropa que haya estado en contacto.<\/span><\/li>\n<li style=\"font-weight: 400;\" aria-level=\"1\"><b>Prohibido comer, beber y fumar en el lugar de trabajo<\/b>: <span style=\"font-weight: 400;\">Evite comer, beber y fumar en \u00e1reas donde se manipula \u00f3xido de cerio para evitar la ingesti\u00f3n o inhalaci\u00f3n accidental.<\/span><\/li>\n<li style=\"font-weight: 400;\" aria-level=\"1\"><b>Solo para uso industrial o de laboratorio: <\/b><span style=\"font-weight: 400;\">si es \u00f3xido de cerio de grado farmac\u00e9utico, no lo ingiera y es solo para uso industrial o de laboratorio.<\/span><\/li>\n<li style=\"font-weight: 400;\" aria-level=\"1\"><b>Precauciones de almacenamiento:<\/b><span style=\"font-weight: 400;\"> Almacene el \u00f3xido de cerio en un lugar seco, fresco y bien ventilado, en un recipiente herm\u00e9tico, para evitar la absorci\u00f3n de humedad, la aglomeraci\u00f3n o la contaminaci\u00f3n por impurezas. Evite almacenarlo con sustancias incompatibles.<\/span><\/li>\n<li style=\"font-weight: 400;\" aria-level=\"1\"><b>Eliminaci\u00f3n de residuos:<\/b> <span style=\"font-weight: 400;\">Deseche los residuos de \u00f3xido de cerio de acuerdo con las regulaciones locales.<\/span><\/li>\n<\/ul>\n<h3><b>Notas para aplicaciones espec\u00edficas (tomando el pulido como ejemplo):<\/b><\/h3>\n<ul>\n<li style=\"font-weight: 400;\" aria-level=\"1\"><b>Seleccione el tama\u00f1o de part\u00edcula adecuado:<\/b> <span style=\"font-weight: 400;\">Seleccione el tama\u00f1o de part\u00edcula adecuado del polvo de pulido de \u00f3xido de cerio seg\u00fan la dureza del material y la precisi\u00f3n de pulido requerida. Los tama\u00f1os de part\u00edcula m\u00e1s grandes proporcionan mayor fuerza de pulido y son adecuados para materiales m\u00e1s duros o pulido basto; los tama\u00f1os de part\u00edcula m\u00e1s finos son adecuados para pulido fino y lograr un acabado superior.<\/span><\/li>\n<li style=\"font-weight: 400;\" aria-level=\"1\"><b>Compruebe antes de usar:<\/b><span style=\"font-weight: 400;\"> aseg\u00farese de que el polvo de pulido est\u00e9 seco y libre de contaminaci\u00f3n para evitar afectar la calidad del pulido o rayar la pieza de trabajo.<\/span><\/li>\n<li style=\"font-weight: 400;\" aria-level=\"1\"><b>Pulido de superficies:<\/b> <span style=\"font-weight: 400;\">al pulir, mantenga la superficie plana y evite usar los lados para garantizar un pulido uniforme.<\/span><\/li>\n<li style=\"font-weight: 400;\" aria-level=\"1\"><b>Mant\u00e9ngalo h\u00famedo<\/b>: <span style=\"font-weight: 400;\">durante el proceso de pulido, se debe agregar constantemente agua o l\u00edquido de pulido de \u00f3xido de cerio para evitar el sobrecalentamiento y la generaci\u00f3n excesiva de polvo, y para ayudar a suspender el polvo de pulido.<\/span><\/li>\n<li style=\"font-weight: 400;\" aria-level=\"1\"><b>Evite pulir demasiado en el mismo punto:<\/b> <span style=\"font-weight: 400;\">Pulir en el mismo punto durante mucho tiempo o con fuerza excesiva puede provocar sobrecalentamiento local o irregularidades.<\/span><\/li>\n<li style=\"font-weight: 400;\" aria-level=\"1\"><b>Limpieza despu\u00e9s del pulido:<\/b> <span style=\"font-weight: 400;\">La pieza de trabajo debe limpiarse inmediatamente despu\u00e9s del pulido para eliminar el polvo de pulido residual y evitar la contaminaci\u00f3n o que se vuelva a rayar.<\/span><\/li>\n<li style=\"font-weight: 400;\" aria-level=\"1\"><b>Elija la almohadilla de pulido adecuada<\/b>: <span style=\"font-weight: 400;\">Elija una almohadilla de pulido con el material y la dureza adecuados para sus necesidades de pulido y as\u00ed lograr los mejores resultados. Una almohadilla de lana m\u00e1s dura es adecuada para una abrasi\u00f3n m\u00e1s intensa, mientras que una m\u00e1s blanda es ideal para un pulido fino.<\/span><\/li>\n<li style=\"font-weight: 400;\" aria-level=\"1\"><b>Uso de herramientas el\u00e9ctricas<\/b>: <span style=\"font-weight: 400;\">Si se utiliza una herramienta el\u00e9ctrica para pulir, la velocidad y la presi\u00f3n deben ajustarse seg\u00fan las necesidades de la herramienta y la pieza de trabajo. Para eliminar rayones en el vidrio, se recomienda pulir a baja velocidad.<\/span><\/li>\n<li style=\"font-weight: 400;\" aria-level=\"1\"><b>Rayones grandes<\/b>: <span style=\"font-weight: 400;\">Para rayones grandes o profundos, le recomendamos que hable con nosotros o pruebe otros productos de pulido (como nano diamante, etc.).<\/span><\/li>\n<\/ul>\n<p>\u00bfQuieres saber m\u00e1s detalles? &gt;&gt;&gt; <a href=\"https:\/\/honwaygroup.com\/%e6%b0%a7%e5%8c%96%e9%88%b0%e6%8b%8b%e5%85%89%e6%b6%b2\/\">[Gu\u00eda completa] Polvo de pulido\/fluido de pulido de \u00f3xido de cerio: caracter\u00edsticas, aplicaciones y consejos de selecci\u00f3n<\/a><\/p>\n<p><span style=\"font-weight: 400;\">\u00bfTienes preguntas? <\/span><a href=\"https:\/\/honwaygroup.com\/es\/contactar-con-honway\/\"><span style=\"font-weight: 400;\"> <\/span><span style=\"font-weight: 400;\">Contactar a Honway<\/span><\/a><\/p>\n","protected":false},"excerpt":{"rendered":"<p>El \u00f3xido de cerio tiene excelentes propiedades para el vidrio de s\u00edlice, cristales, etc. La clasificaci\u00f3n de los fluidos de pulido de \u00f3xido de cerio se basa principalmente en el contenido de \u00f3xido de cerio y el tama\u00f1o de las part\u00edculas del polvo.<\/p>\n<p>El polvo de pulido de \u00f3xido de cerio tiene excelentes propiedades qu\u00edmicas y f\u00edsicas, por lo que se utiliza ampliamente en el pulido de productos industriales.<\/p>\n<p>(1) Diversos vidrios \u00f3pticos<\/p>\n<p>(2) Televisor LCD<\/p>\n<p>(3) Lentes \u00f3pticas<\/p>\n<p>(4) Osciloscopio<\/p>\n<p>(5) Productos relacionados con tel\u00e9fonos m\u00f3viles y tabletas<\/p>\n<p>(6) Pulido de obleas semiconductoras y productos met\u00e1licos de precisi\u00f3n.<\/p>\n<h5><strong><span style=\"color: #ff0000; font-size: 19.2px;\">\u25b2 Los pedidos grandes pueden disfrutar de descuentos, comun\u00edquese con el servicio de atenci\u00f3n al cliente para realizar consultas.<br \/>\n<\/span><\/strong><\/h5>\n<h5><strong><span style=\"color: #ff0000; font-size: 19.2px;\">\u25b2<\/span><span style=\"color: #ff0000; font-size: 19.2px;\">El tiempo de<\/span><span style=\"color: #ff0000;\"> entrega para pedidos de<\/span><span style=\"color: #ff0000; font-size: 19.2px;\"> Taiw\u00e1n es de aproximadamente 7 a 14 d\u00edas h\u00e1biles.<\/span><\/strong><\/h5>\n<h5><strong><span style=\"color: #ff0000; font-size: 19.2px;\">\u25b2<\/span><span style=\"color: #ff0000;\">Los pedidos internacionales tardan aproximadamente de 7 a 14 d\u00edas en enviarse. El tiempo de entrega real depende del estado de entrega de la empresa de mensajer\u00eda.<\/span><\/strong><\/h5>\n<p>&nbsp;<\/p>\n","protected":false},"featured_media":126705,"template":"","meta":{"site-sidebar-layout":"default","site-content-layout":"default","ast-site-content-layout":"default","site-content-style":"default","site-sidebar-style":"default","ast-global-header-display":"","ast-banner-title-visibility":"","ast-main-header-display":"","ast-hfb-above-header-display":"","ast-hfb-below-header-display":"","ast-hfb-mobile-header-display":"","site-post-title":"","ast-breadcrumbs-content":"","ast-featured-img":"","footer-sml-layout":"","ast-disable-related-posts":"","theme-transparent-header-meta":"default","adv-header-id-meta":"","stick-header-meta":"default","header-above-stick-meta":"","header-main-stick-meta":"","header-below-stick-meta":"","astra-migrate-meta-layouts":"default","ast-page-background-enabled":"default","ast-page-background-meta":{"desktop":{"background-color":"var(--ast-global-color-5)","background-image":"","background-repeat":"repeat","background-position":"center center","background-size":"auto","background-attachment":"scroll","background-type":"","background-media":"","overlay-type":"","overlay-color":"","overlay-opacity":"","overlay-gradient":""},"tablet":{"background-color":"","background-image":"","background-repeat":"repeat","background-position":"center center","background-size":"auto","background-attachment":"scroll","background-type":"","background-media":"","overlay-type":"","overlay-color":"","overlay-opacity":"","overlay-gradient":""},"mobile":{"background-color":"","background-image":"","background-repeat":"repeat","background-position":"center center","background-size":"auto","background-attachment":"scroll","background-type":"","background-media":"","overlay-type":"","overlay-color":"","overlay-opacity":"","overlay-gradient":""}},"ast-content-background-meta":{"desktop":{"background-color":"var(--ast-global-color-4)","background-image":"","background-repeat":"repeat","background-position":"center center","background-size":"auto","background-attachment":"scroll","background-type":"","background-media":"","overlay-type":"","overlay-color":"","overlay-opacity":"","overlay-gradient":""},"tablet":{"background-color":"var(--ast-global-color-4)","background-image":"","background-repeat":"repeat","background-position":"center center","background-size":"auto","background-attachment":"scroll","background-type":"","background-media":"","overlay-type":"","overlay-color":"","overlay-opacity":"","overlay-gradient":""},"mobile":{"background-color":"var(--ast-global-color-4)","background-image":"","background-repeat":"repeat","background-position":"center center","background-size":"auto","background-attachment":"scroll","background-type":"","background-media":"","overlay-type":"","overlay-color":"","overlay-opacity":"","overlay-gradient":""}}},"product_brand":[],"product_cat":[10473,10490,10480,10522,10471,10441,10498,10460,10436,10427,10429,10439],"product_tag":[10757,10681,10410],"class_list":{"0":"post-126703","1":"product","2":"type-product","3":"status-publish","4":"has-post-thumbnail","6":"product_cat-realearth-es","7":"product_cat-abrasivos-suaves","8":"product_cat-cerium-es","9":"product_cat-consumibles-metalograficos","10":"product_cat-fluido-de-pulido","11":"product_cat-liquido","12":"product_cat-liquido-pasta-polvo-para-pulir","13":"product_cat-materiales-de-pulido","14":"product_cat-materias-primas-compuestas","15":"product_cat-materias-primas-quimicas","16":"product_cat-oxidos","17":"product_cat-tipo-de-materia-prima","18":"product_tag-fluido-de-pulido-es","19":"product_tag-liquido-de-pulido","20":"product_tag-oxido-de-cerio","21":"pa_capacity-1000ml-es","22":"pa_capacity-500ml-es","23":"desktop-align-left","24":"tablet-align-left","25":"mobile-align-left","26":"ast-product-gallery-layout-horizontal-slider","27":"ast-product-gallery-with-no-image","28":"ast-product-single-variable","29":"ast-product-tabs-layout-horizontal","31":"first","32":"instock","33":"taxable","34":"shipping-taxable","35":"purchasable","36":"product-type-variable"},"_links":{"self":[{"href":"https:\/\/honwaygroup.com\/es\/wp-json\/wp\/v2\/product\/126703","targetHints":{"allow":["GET"]}}],"collection":[{"href":"https:\/\/honwaygroup.com\/es\/wp-json\/wp\/v2\/product"}],"about":[{"href":"https:\/\/honwaygroup.com\/es\/wp-json\/wp\/v2\/types\/product"}],"version-history":[{"count":0,"href":"https:\/\/honwaygroup.com\/es\/wp-json\/wp\/v2\/product\/126703\/revisions"}],"wp:featuredmedia":[{"embeddable":true,"href":"https:\/\/honwaygroup.com\/es\/wp-json\/wp\/v2\/media\/126705"}],"wp:attachment":[{"href":"https:\/\/honwaygroup.com\/es\/wp-json\/wp\/v2\/media?parent=126703"}],"wp:term":[{"taxonomy":"product_brand","embeddable":true,"href":"https:\/\/honwaygroup.com\/es\/wp-json\/wp\/v2\/product_brand?post=126703"},{"taxonomy":"product_cat","embeddable":true,"href":"https:\/\/honwaygroup.com\/es\/wp-json\/wp\/v2\/product_cat?post=126703"},{"taxonomy":"product_tag","embeddable":true,"href":"https:\/\/honwaygroup.com\/es\/wp-json\/wp\/v2\/product_tag?post=126703"}],"curies":[{"name":"wp","href":"https:\/\/api.w.org\/{rel}","templated":true}]}}