{"id":126661,"date":"2024-09-27T10:57:14","date_gmt":"2024-09-27T02:57:14","guid":{"rendered":"https:\/\/honwaygroup.com\/product\/almohadilla-de-adsorcion-al-vacio-hw001-tamano-personalizable\/"},"modified":"2026-01-27T13:50:33","modified_gmt":"2026-01-27T05:50:33","slug":"almohadilla-de-adsorcion-al-vacio-hw001-tamano-personalizable","status":"publish","type":"product","link":"https:\/\/honwaygroup.com\/es\/producto\/almohadilla-de-adsorcion-al-vacio-hw001-tamano-personalizable\/","title":{"rendered":"Almohadilla de adsorci\u00f3n al vac\u00edo HW001, tama\u00f1o personalizable"},"content":{"rendered":"<h1>Caracter\u00edsticas del producto WH001-Almohadilla de adsorci\u00f3n al vac\u00edo<\/h1>\n<p>El pulido se utiliza para eliminar peque\u00f1os ara\u00f1azos y abrasiones del patr\u00f3n, lo que da como resultado una superficie brillante, impecable y con un acabado de espejo que permite una observaci\u00f3n m\u00e1s precisa. Este proceso puede combinarse con los fluidos\/pastas de pulido de diamante monocristalino y policristalino Honway, los fluidos de pulido de \u00f3xido de cerio y los fluidos de pulido de \u00f3xido de aluminio.<\/p>\n<p>\u203bSe puede cortar<\/p>\n<ul>\n<li>La estructura del producto consta de una pel\u00edcula protectora, una capa de adsorci\u00f3n, una capa adhesiva y un papel desprendible.<\/li>\n<\/ul>\n<h1>\u00c1mbito de aplicaci\u00f3n<\/h1>\n<ul>\n<li>El producto se utiliza para <strong>adsorber y fijar los objetos procesados<\/strong> \u200b\u200by se usa ampliamente en aplicaciones de pulido relacionadas con el vidrio, como TFT\/STN, vidrio simple, m\u00e1scara de cuarzo, vidrio \u00f3ptico, pantalla de panel e industria \u00f3ptica.<\/li>\n<\/ul>\n<h1>Especificaciones del producto<\/h1>\n<p>200*200 mm, 250*300 mm, 500*600 mm, 600*1000 mm, 500*1200 mm, 1000*1200 mm, tambi\u00e9n se pueden personalizar otros tama\u00f1os.<\/p>\n<p><span style=\"font-size: 1.7em; font-weight: bold;\">1. C\u00f3mo utilizar<\/span><\/p>\n<ol>\n<li>Retire el papel protector inferior, f\u00edjelo al accesorio y luego retire la pel\u00edcula protectora transparente de la superficie.<\/li>\n<li>La pieza a procesar se coloca sobre la almohadilla de adsorci\u00f3n para su adsorci\u00f3n.<\/li>\n<li>Para demostrar mejor su rendimiento y durabilidad, siga estrictamente los pasos anteriores para evitar que una fuerte fuerza de adsorci\u00f3n inicial afecte la colocaci\u00f3n y extracci\u00f3n del vidrio ultrafino, o incluso provoque que el vidrio ultrafino se rompa.<\/li>\n<li>Si el producto se instala y se utiliza correctamente, la vida \u00fatil continua ser\u00e1 de m\u00e1s de 300 horas.<\/li>\n<li>\u7522\u54c1\u9ecf\u597d\u5728\u67d0\u6cbb\u5177\u4e0a\u5f8c\uff0c\u4e0d\u5efa\u8b70\u518d\u6495\u4e0b\u4f86\u91cd\u65b0\u9ecf\u8cbc\u5230\u53e6\u5916\u4e00\u500b\u6cbb\u5177\u4e0a(\u7531\u65bc\u6495\u4e0b\u904e\u7a0b\u4e2d\u6613\u5c0e\u81f4\u5438\u9644\u588a\u51fa\u73fe\u6298\u7d0b)\u3002<\/li>\n<\/ol>\n<h2><strong>2. Notas<\/strong><\/h2>\n<ol>\n<li>Para lograr una mayor planitud, no coloque etiquetas u otros elementos en la parte inferior de la placa para evitar afectar la planitud de la pieza de trabajo.<\/li>\n<li>La superficie de contacto entre la almohadilla de adsorci\u00f3n al vac\u00edo y la m\u00e1quina debe mantenerse muy plana, limpia y seca para evitar afectar la planitud de la pieza de trabajo.<\/li>\n<li>No doble ni da\u00f1e la almohadilla de vac\u00edo.<\/li>\n<li>Por favor instalar con precauci\u00f3n.<\/li>\n<\/ol>\n","protected":false},"excerpt":{"rendered":"<p>\u2022 Se puede cortar<\/p>\n<p>\u2022La estructura del producto consta de una pel\u00edcula protectora, una capa de adsorci\u00f3n, una capa adhesiva y un papel desprendible.<\/p>\n<p>\u2022El producto se utiliza para <strong>adsorber y fijar los objetos procesado<\/strong>s \u200b\u200by se usa ampliamente en aplicaciones de pulido relacionadas con el vidrio, como TFT\/STN, vidrio simple, m\u00e1scara de cuarzo, vidrio \u00f3ptico, pantallas de panel e industria \u00f3ptica.<\/p>\n<h5><strong><span style=\"color: #ff0000; font-size: 19.2px;\">\u25b2<\/span><\/strong><strong><span style=\"color: #ff0000; font-size: 19.2px;\">Si necesita un tama\u00f1o personalizado, comun\u00edquese con el servicio de atenci\u00f3n al cliente.<\/span><\/strong><\/h5>\n<h5><strong><span style=\"color: #ff0000; font-size: 19.2px;\">\u25b2 Los pedidos grandes pueden disfrutar de descuentos, comun\u00edquese con el servicio de atenci\u00f3n al cliente para realizar consultas.<br \/>\n<\/span><\/strong><\/h5>\n<h5><strong><span style=\"color: #ff0000;\">\u25b2Comun\u00edquese con el servicio de atenci\u00f3n al cliente para conocer la fecha de entrega real del pedido:<\/span><a href=\"https:\/\/honwaygroup.com\/es\/contactar-con-honway\/\">Comun\u00edquese con Honway<\/a><\/strong><\/h5>\n","protected":false},"featured_media":126663,"template":"","meta":{"site-sidebar-layout":"default","site-content-layout":"default","ast-site-content-layout":"default","site-content-style":"default","site-sidebar-style":"default","ast-global-header-display":"","ast-banner-title-visibility":"","ast-main-header-display":"","ast-hfb-above-header-display":"","ast-hfb-below-header-display":"","ast-hfb-mobile-header-display":"","site-post-title":"","ast-breadcrumbs-content":"","ast-featured-img":"","footer-sml-layout":"","ast-disable-related-posts":"","theme-transparent-header-meta":"default","adv-header-id-meta":"","stick-header-meta":"default","header-above-stick-meta":"","header-main-stick-meta":"","header-below-stick-meta":"","astra-migrate-meta-layouts":"default","ast-page-background-enabled":"default","ast-page-background-meta":{"desktop":{"background-color":"var(--ast-global-color-5)","background-image":"","background-repeat":"repeat","background-position":"center center","background-size":"auto","background-attachment":"scroll","background-type":"","background-media":"","overlay-type":"","overlay-color":"","overlay-opacity":"","overlay-gradient":""},"tablet":{"background-color":"","background-image":"","background-repeat":"repeat","background-position":"center center","background-size":"auto","background-attachment":"scroll","background-type":"","background-media":"","overlay-type":"","overlay-color":"","overlay-opacity":"","overlay-gradient":""},"mobile":{"background-color":"","background-image":"","background-repeat":"repeat","background-position":"center center","background-size":"auto","background-attachment":"scroll","background-type":"","background-media":"","overlay-type":"","overlay-color":"","overlay-opacity":"","overlay-gradient":""}},"ast-content-background-meta":{"desktop":{"background-color":"var(--ast-global-color-4)","background-image":"","background-repeat":"repeat","background-position":"center center","background-size":"auto","background-attachment":"scroll","background-type":"","background-media":"","overlay-type":"","overlay-color":"","overlay-opacity":"","overlay-gradient":""},"tablet":{"background-color":"var(--ast-global-color-4)","background-image":"","background-repeat":"repeat","background-position":"center center","background-size":"auto","background-attachment":"scroll","background-type":"","background-media":"","overlay-type":"","overlay-color":"","overlay-opacity":"","overlay-gradient":""},"mobile":{"background-color":"var(--ast-global-color-4)","background-image":"","background-repeat":"repeat","background-position":"center center","background-size":"auto","background-attachment":"scroll","background-type":"","background-media":"","overlay-type":"","overlay-color":"","overlay-opacity":"","overlay-gradient":""}}},"product_brand":[],"product_cat":[10500,10522],"product_tag":[10750,10749],"class_list":{"0":"post-126661","1":"product","2":"type-product","3":"status-publish","4":"has-post-thumbnail","6":"product_cat-almohadilla-de-adsorcion-metalografica","7":"product_cat-consumibles-metalograficos","8":"product_tag-almohadillas-de-vacio","9":"product_tag-otro","10":"desktop-align-left","11":"tablet-align-left","12":"mobile-align-left","13":"ast-product-gallery-layout-horizontal-slider","14":"ast-product-gallery-with-no-image","15":"ast-product-single-variable","16":"ast-product-tabs-layout-horizontal","18":"first","19":"instock","20":"taxable","21":"shipping-taxable","22":"purchasable","23":"product-type-variable"},"_links":{"self":[{"href":"https:\/\/honwaygroup.com\/es\/wp-json\/wp\/v2\/product\/126661","targetHints":{"allow":["GET"]}}],"collection":[{"href":"https:\/\/honwaygroup.com\/es\/wp-json\/wp\/v2\/product"}],"about":[{"href":"https:\/\/honwaygroup.com\/es\/wp-json\/wp\/v2\/types\/product"}],"version-history":[{"count":0,"href":"https:\/\/honwaygroup.com\/es\/wp-json\/wp\/v2\/product\/126661\/revisions"}],"wp:featuredmedia":[{"embeddable":true,"href":"https:\/\/honwaygroup.com\/es\/wp-json\/wp\/v2\/media\/126663"}],"wp:attachment":[{"href":"https:\/\/honwaygroup.com\/es\/wp-json\/wp\/v2\/media?parent=126661"}],"wp:term":[{"taxonomy":"product_brand","embeddable":true,"href":"https:\/\/honwaygroup.com\/es\/wp-json\/wp\/v2\/product_brand?post=126661"},{"taxonomy":"product_cat","embeddable":true,"href":"https:\/\/honwaygroup.com\/es\/wp-json\/wp\/v2\/product_cat?post=126661"},{"taxonomy":"product_tag","embeddable":true,"href":"https:\/\/honwaygroup.com\/es\/wp-json\/wp\/v2\/product_tag?post=126661"}],"curies":[{"name":"wp","href":"https:\/\/api.w.org\/{rel}","templated":true}]}}