{"id":126649,"date":"2024-09-27T11:06:01","date_gmt":"2024-09-27T03:06:01","guid":{"rendered":"https:\/\/honwaygroup.com\/product\/disco-magnetico-honway-tamano-personalizable\/"},"modified":"2024-09-27T11:06:01","modified_gmt":"2024-09-27T03:06:01","slug":"disco-magnetico-honway-tamano-personalizable","status":"publish","type":"product","link":"https:\/\/honwaygroup.com\/es\/producto\/disco-magnetico-honway-tamano-personalizable\/","title":{"rendered":"Disco magn\u00e9tico Honway, tama\u00f1o personalizable"},"content":{"rendered":"<h1>Caracter\u00edsticas del producto del disco magn\u00e9tico<\/h1>\n<p>Sistema de Magnetizaci\u00f3n Metalogr\u00e1fica: El sistema de conversi\u00f3n magn\u00e9tica de Honway utiliza un sistema de conversi\u00f3n magn\u00e9tica r\u00e1pida 1+N. Este sistema combina un \u00fanico disco magn\u00e9tico con m\u00faltiples discos antiadherentes, lo que permite un cambio r\u00e1pido entre diferentes medios de pulido y rectificado. Este sistema puede mejorar la capacidad de magnetizaci\u00f3n de las rectificadoras y pulidoras tradicionales de tipo abrazadera.<\/p>\n<p><strong>El disco magn\u00e9tico est\u00e1 unido al disco de trabajo.<\/strong><\/p>\n<ul>\n<li>La almohadilla est\u00e1 firmemente combinada con la placa de aluminio de trabajo (base) de la m\u00e1quina pulidora y rectificadora.<\/li>\n<li>Limpie cualquier residuo de pegamento, aceite u otra materia extra\u00f1a de la superficie de la placa de aluminio en la pulidora\/pre-rectificadora; use la etiqueta autoadhesiva en la parte inferior de la placa magn\u00e9tica (DIsC con respaldo magn\u00e9tico de PsA) para unir la placa magn\u00e9tica a la placa de aluminio actualmente en uso, eliminando el m\u00e9todo de fijaci\u00f3n tradicional con abrazaderas y mejorando la eficiencia del trabajo.<\/li>\n<\/ul>\n<h1>Especificaciones del producto<\/h1>\n<p>Di\u00e1metro exterior:<strong>.\u0424200mm(\u04248in).\u0424220mm(\u04248.6in).<\/strong><strong>\u0424230mm(\u04249in).\u0424250mm(\u04249.5in).\u0424300mm(\u042412in).\u0424350mm(\u042414in).\u0424380mm(\u042415in)<\/strong>Se pueden personalizar otros tama\u00f1os especiales.<\/p>\n<p><span style=\"font-size: 1.7em; font-weight: bold;\">1. Ventajas del producto<\/span><\/p>\n<ul>\n<li><strong>Fuerte adsorci\u00f3n magn\u00e9tica: <\/strong>el disco de pulido y esmerilado de la m\u00e1quina est\u00e1 equipado con un disco magn\u00e9tico fuerte, que instant\u00e1neamente le da al disco de la m\u00e1quina una fuerte funci\u00f3n de adsorci\u00f3n magn\u00e9tica.<\/li>\n<li><strong>Ahorre en consumibles:<\/strong> el papel de lija metalogr\u00e1fico o el pa\u00f1o de pulido adherido al disco antiadherente se pueden utilizar repetidamente sin deformarse hasta que ya no se puedan utilizar.<\/li>\n<li><strong>Ahorre costes de equipamiento:<\/strong> todos los procesos de lijado y pulido se pueden convertir f\u00e1cilmente con una sola m\u00e1quina con un disco de lijado y pulido.<\/li>\n<\/ul>\n<h2><strong>2. Notas<\/strong><\/h2>\n<ol>\n<li>Para lograr una mayor planitud, no coloque etiquetas u otros elementos en la parte inferior de la placa para evitar afectar la planitud de la pieza de trabajo.<\/li>\n<li>La superficie de contacto entre el disco magn\u00e9tico y la m\u00e1quina debe mantenerse muy plana, limpia y seca para evitar afectar la planitud de la pieza de trabajo.<\/li>\n<li>Despu\u00e9s de su uso, ret\u00edrelo con cuidado, enju\u00e1guelo con agua y d\u00e9jelo secar.<\/li>\n<li>No doble ni da\u00f1e el disco magn\u00e9tico.<\/li>\n<li>Tenga cuidado al instalarlo y quitarlo para evitar la atracci\u00f3n magn\u00e9tica y pillarse las manos.<\/li>\n<li>Antes de pegar, la superficie de la placa de trabajo debe limpiarse de restos de pegamento, aceite y otras materias extra\u00f1as.<\/li>\n<li>La superficie del disco magn\u00e9tico es autoadhesiva y se puede adherir directamente al disco de trabajo, diciendo adi\u00f3s al m\u00e9todo de fijaci\u00f3n con abrazadera tradicional y mejorando la eficiencia del trabajo.<\/li>\n<\/ol>\n<p>&nbsp;<\/p>\n<p>&nbsp;<\/p>\n","protected":false},"excerpt":{"rendered":"<p>\u2022<strong>El disco magn\u00e9tico est\u00e1 unido a la placa de trabajo.<\/strong><\/p>\n<p>Este producto puede mejorar las propiedades magn\u00e9ticas de las placas (bases) de aluminio de las m\u00e1quinas de amolado y pulido existentes. Su respaldo adhesivo de alta calidad garantiza una uni\u00f3n firme entre la placa de amolado magn\u00e9tica y la almohadilla de pulido, y la placa (base) de la m\u00e1quina.<\/p>\n<p>\u2022 Limpie el pegamento residual, el aceite y otros materiales extra\u00f1os en la superficie de la placa de aluminio en la pulidora\/preamoladora; use la pegatina autoadhesiva en la superficie inferior de la placa magn\u00e9tica (DIsC con respaldo de PsA magn\u00e9tico) para adherir la placa magn\u00e9tica a la placa de aluminio utilizada actualmente por el usuario, diciendo adi\u00f3s al m\u00e9todo de fijaci\u00f3n tradicional de abrazaderas y mejorando la eficiencia del trabajo.<\/p>\n<h5><strong><span style=\"color: #ff0000; font-size: 19.2px;\">\u25b2<\/span><\/strong><strong><span style=\"color: #ff0000; font-size: 19.2px;\">Si necesita un tama\u00f1o personalizado, comun\u00edquese con el servicio de atenci\u00f3n al cliente.<\/span><\/strong><\/h5>\n<h5><strong><span style=\"color: #ff0000; font-size: 19.2px;\">\u25b2 Los pedidos grandes pueden disfrutar de descuentos, comun\u00edquese con el servicio de atenci\u00f3n al cliente para realizar consultas.<br \/>\n<\/span><\/strong><\/h5>\n<h5><strong><span style=\"color: #ff0000;\">\u25b2Para consultar el plazo de entrega de pedidos, por favor contacte al servicio de atenci\u00f3n al cliente<\/span>:<a href=\"https:\/\/honwaygroup.com\/es\/contactar-con-honway\/\">Contactar a Honway<\/a><\/strong><\/h5>\n<h5><strong><span style=\"color: #ff0000; font-size: 19.2px;\"> <\/span><\/strong><\/h5>\n<p>&nbsp;<\/p>\n<p>&nbsp;<\/p>\n","protected":false},"featured_media":126650,"template":"","meta":{"site-sidebar-layout":"default","site-content-layout":"default","ast-site-content-layout":"default","site-content-style":"default","site-sidebar-style":"default","ast-global-header-display":"","ast-banner-title-visibility":"","ast-main-header-display":"","ast-hfb-above-header-display":"","ast-hfb-below-header-display":"","ast-hfb-mobile-header-display":"","site-post-title":"","ast-breadcrumbs-content":"","ast-featured-img":"","footer-sml-layout":"","ast-disable-related-posts":"","theme-transparent-header-meta":"default","adv-header-id-meta":"","stick-header-meta":"default","header-above-stick-meta":"","header-main-stick-meta":"","header-below-stick-meta":"","astra-migrate-meta-layouts":"default","ast-page-background-enabled":"default","ast-page-background-meta":{"desktop":{"background-color":"var(--ast-global-color-5)","background-image":"","background-repeat":"repeat","background-position":"center center","background-size":"auto","background-attachment":"scroll","background-type":"","background-media":"","overlay-type":"","overlay-color":"","overlay-opacity":"","overlay-gradient":""},"tablet":{"background-color":"","background-image":"","background-repeat":"repeat","background-position":"center center","background-size":"auto","background-attachment":"scroll","background-type":"","background-media":"","overlay-type":"","overlay-color":"","overlay-opacity":"","overlay-gradient":""},"mobile":{"background-color":"","background-image":"","background-repeat":"repeat","background-position":"center center","background-size":"auto","background-attachment":"scroll","background-type":"","background-media":"","overlay-type":"","overlay-color":"","overlay-opacity":"","overlay-gradient":""}},"ast-content-background-meta":{"desktop":{"background-color":"var(--ast-global-color-4)","background-image":"","background-repeat":"repeat","background-position":"center center","background-size":"auto","background-attachment":"scroll","background-type":"","background-media":"","overlay-type":"","overlay-color":"","overlay-opacity":"","overlay-gradient":""},"tablet":{"background-color":"var(--ast-global-color-4)","background-image":"","background-repeat":"repeat","background-position":"center center","background-size":"auto","background-attachment":"scroll","background-type":"","background-media":"","overlay-type":"","overlay-color":"","overlay-opacity":"","overlay-gradient":""},"mobile":{"background-color":"var(--ast-global-color-4)","background-image":"","background-repeat":"repeat","background-position":"center center","background-size":"auto","background-attachment":"scroll","background-type":"","background-media":"","overlay-type":"","overlay-color":"","overlay-opacity":"","overlay-gradient":""}}},"product_brand":[],"product_cat":[10522,10503],"product_tag":[10748,10712],"class_list":{"0":"post-126649","1":"product","2":"type-product","3":"status-publish","4":"has-post-thumbnail","6":"product_cat-consumibles-metalograficos","7":"product_cat-sistema-de-magnetizacion-metalografica","8":"product_tag-disco-magnetico","9":"product_tag-sistema-de-magnetizacion-metalografica","10":"desktop-align-left","11":"tablet-align-left","12":"mobile-align-left","13":"ast-product-gallery-layout-horizontal-slider","14":"ast-product-gallery-with-no-image","15":"ast-product-single-variable","16":"ast-product-tabs-layout-horizontal","18":"first","19":"instock","20":"taxable","21":"shipping-taxable","22":"purchasable","23":"product-type-variable"},"_links":{"self":[{"href":"https:\/\/honwaygroup.com\/es\/wp-json\/wp\/v2\/product\/126649","targetHints":{"allow":["GET"]}}],"collection":[{"href":"https:\/\/honwaygroup.com\/es\/wp-json\/wp\/v2\/product"}],"about":[{"href":"https:\/\/honwaygroup.com\/es\/wp-json\/wp\/v2\/types\/product"}],"version-history":[{"count":0,"href":"https:\/\/honwaygroup.com\/es\/wp-json\/wp\/v2\/product\/126649\/revisions"}],"wp:featuredmedia":[{"embeddable":true,"href":"https:\/\/honwaygroup.com\/es\/wp-json\/wp\/v2\/media\/126650"}],"wp:attachment":[{"href":"https:\/\/honwaygroup.com\/es\/wp-json\/wp\/v2\/media?parent=126649"}],"wp:term":[{"taxonomy":"product_brand","embeddable":true,"href":"https:\/\/honwaygroup.com\/es\/wp-json\/wp\/v2\/product_brand?post=126649"},{"taxonomy":"product_cat","embeddable":true,"href":"https:\/\/honwaygroup.com\/es\/wp-json\/wp\/v2\/product_cat?post=126649"},{"taxonomy":"product_tag","embeddable":true,"href":"https:\/\/honwaygroup.com\/es\/wp-json\/wp\/v2\/product_tag?post=126649"}],"curies":[{"name":"wp","href":"https:\/\/api.w.org\/{rel}","templated":true}]}}