{"id":126033,"date":"2024-07-31T14:18:47","date_gmt":"2024-07-31T06:18:47","guid":{"rendered":"https:\/\/honwaygroup.com\/product\/pasta-de-pulido-de-oxido-de-aluminio-5-ml\/"},"modified":"2024-07-31T14:18:47","modified_gmt":"2024-07-31T06:18:47","slug":"pasta-de-pulido-de-oxido-de-aluminio-5-ml","status":"publish","type":"product","link":"https:\/\/honwaygroup.com\/es\/producto\/pasta-de-pulido-de-oxido-de-aluminio-5-ml\/","title":{"rendered":"Pasta de pulido de \u00f3xido de aluminio 5 ml"},"content":{"rendered":"<h1>Pasta de pulido de \u00f3xido de aluminio<\/h1>\n<p>El <a href=\"https:\/\/zh.m.wikipedia.org\/zh-tw\/%E5%89%9B%E7%8E%89\" rel=\"nofollow noopener\" target=\"_blank\">corind\u00f3n blanco<\/a> se fabrica a partir de polvo de \u00f3xido de aluminio de alta calidad, refinado y cristalizado mediante fusi\u00f3n el\u00e9ctrica. Presenta alta pureza, excelentes propiedades de autoafilado, resistencia a la corrosi\u00f3n \u00e1cida y alcalina, resistencia a altas temperaturas y un rendimiento t\u00e9rmico estable. Es ligeramente m\u00e1s duro que el corind\u00f3n marr\u00f3n, pero ligeramente menos tenaz. Sin embargo, ofrece alta pureza, excelentes propiedades de autoafilado, gran capacidad de rectificado, baja generaci\u00f3n de calor, alta eficiencia, resistencia a la corrosi\u00f3n \u00e1cida y alcalina, y excelente estabilidad t\u00e9rmica. Es adecuado para el rectificado de abrasivos finos como acero con alto contenido de carbono, acero r\u00e1pido y acero inoxidable. Tambi\u00e9n se puede utilizar en fundici\u00f3n de precisi\u00f3n y materiales refractarios de alta calidad. <\/p>\n<p>Este tipo de herramienta de rectificado es adecuada para rectificar materiales duros con alta resistencia a la tracci\u00f3n, como acero con alto contenido de carbono, acero de alta velocidad y acero templado. Tambi\u00e9n se puede utilizar como material de rectificado y pulido, fundici\u00f3n de precisi\u00f3n, materiales de recubrimiento por pulverizaci\u00f3n, portadores de catalizadores qu\u00edmicos, cer\u00e1micas especiales, muelas de rectificado, fabricaci\u00f3n de acero y materiales refractarios de alta calidad. Se caracteriza por su gran fuerza de corte, excelente estabilidad qu\u00edmica y excelentes propiedades de aislamiento.   <\/p>\n<h2>Caracter\u00edsticas del producto:<\/h2>\n<ul>\n<li>Con alta dureza, buenas propiedades mec\u00e1nicas y estabilidad qu\u00edmica, la pasta de pulido de al\u00famina generalmente puede proporcionar un excelente efecto de pulido y es adecuada para diferentes tipos de necesidades de pulido de superficies.<\/li>\n<li>Tiene buena resistencia al desgaste y puede mantener un efecto de pulido estable durante m\u00faltiples usos.<\/li>\n<li>La al\u00famina esf\u00e9rica puede reparar marcas de pulido en las piezas de trabajo, mejorando la superficie pulida, reduciendo la rugosidad de la superficie y obteniendo una superficie m\u00e1s brillante y limpia.<\/li>\n<li>Tiene ventaja de bajo costo.<\/li>\n<li>Se recomienda utilizarlo como limpieza de superficies despu\u00e9s de aplicar la pasta de diamante general.<\/li>\n<li>Si se requiere un mayor nivel de superficie pulida, se recomienda utilizar los productos de la serie Nano Diamond.<\/li>\n<\/ul>\n<h2>Aplicaciones:<\/h2>\n<ul>\n<li>Pulido final de diversos metales, moldes de precisi\u00f3n, zafiro, aleaciones de aluminio, cer\u00e1mica, etc.<\/li>\n<li>Se recomienda utilizar el mismo grado de pasta de diamante que la \u00faltima utilizada o un grado m\u00e1s fino.<\/li>\n<\/ul>\n<h2>Especificaciones del producto:<\/h2>\n<div>\n<table border=\"0\" cellspacing=\"3\" cellpadding=\"5\" align=\"center\">\n<tbody>\n<tr>\n<td><strong>Al<sub>2<\/sub>O<sub>3<\/sub><\/strong><\/td>\n<td><strong>Na<sub>2<\/sub>O<\/strong><\/td>\n<td><strong>SiO<sub>2<\/sub><\/strong><\/td>\n<td><strong>Fe<sub>2<\/sub>O<sub>3<\/sub><\/strong><\/td>\n<td><strong>CaO+MgO<\/strong><\/td>\n<\/tr>\n<tr>\n<td><strong>99.6%<\/strong><\/td>\n<td><strong>0.18%<\/strong><\/td>\n<td><strong>0.01%<\/strong><\/td>\n<td><strong>0.02%<\/strong><\/td>\n<td><strong>0.02%<\/strong><\/td>\n<\/tr>\n<\/tbody>\n<\/table>\n<div>\n<div align=\"center\">\n<figure id=\"attachment_39862\" aria-describedby=\"caption-attachment-39862\" style=\"width: 487px\" class=\"wp-caption alignnone\"><a href=\"https:\/\/honwaygroup.com\/wp-content\/uploads\/2024\/07\/%E5%AE%98%E7%B6%B2%E5%9C%96-05-1.webp\"><img fetchpriority=\"high\" decoding=\"async\" class=\" wp-image-39862\" src=\"https:\/\/honwaygroup.com\/wp-content\/uploads\/2024\/07\/%E5%AE%98%E7%B6%B2%E5%9C%96-05-1.webp\" alt=\"Especificaciones de la pasta de pulido de \u00f3xido de aluminio\" width=\"487\" height=\"333\"><\/a><figcaption id=\"caption-attachment-39862\" class=\"wp-caption-text\">Especificaciones de la pasta de pulido de \u00f3xido de aluminio<\/figcaption><\/figure>\n<\/div>\n<\/div>\n<div><strong>\u21d2Cantidad m\u00ednima de pedido: 5 ml<\/strong><\/div>\n<div><\/div>\n<\/div>\n<p>\u00bfTienes preguntas? <a href=\"https:\/\/honwaygroup.com\/es\/contactar-con-honway\/\">Contactar a Honway<\/a><\/p>\n","protected":false},"excerpt":{"rendered":"<ul>\n<li>Con alta dureza, buenas propiedades mec\u00e1nicas y estabilidad qu\u00edmica, la pasta de pulido de al\u00famina generalmente puede proporcionar un excelente efecto de pulido y es adecuada para diferentes tipos de necesidades de pulido de superficies.<\/li>\n<li>Tiene buena resistencia al desgaste y puede mantener un efecto de pulido estable durante m\u00faltiples usos.<\/li>\n<li>Se recomienda utilizarlo como limpieza de superficies despu\u00e9s de aplicar la pasta de diamante general.<\/li>\n<li>Pulido final de diversos metales, moldes de precisi\u00f3n, zafiro, aleaciones de aluminio, cer\u00e1mica, etc.<\/li>\n<li>Se recomienda utilizar el mismo grado de pasta de diamante que la \u00faltima utilizada o un grado m\u00e1s fino.<\/li>\n<\/ul>\n<h5><strong><span style=\"color: #ff0000; font-size: 19.2px;\">\u25b2 Los pedidos grandes pueden disfrutar de descuentos, comun\u00edquese con el servicio de atenci\u00f3n al cliente para realizar consultas.<br \/>\n<\/span><\/strong><\/h5>\n<h5><strong><span style=\"color: #ff0000; font-size: 19.2px;\">\u25b2<\/span><span style=\"color: #ff0000; font-size: 19.2px;\">El tiempo de<\/span><span style=\"color: #ff0000;\"> entrega para pedidos de<\/span><span style=\"color: #ff0000; font-size: 19.2px;\"> Taiw\u00e1n es de aproximadamente 7 a 14 d\u00edas h\u00e1biles.<\/span><\/strong><\/h5>\n<h5><strong><span style=\"color: #ff0000; font-size: 19.2px;\">\u25b2<\/span><span style=\"color: #ff0000;\">Los pedidos internacionales tardan aproximadamente de 7 a 14 d\u00edas en enviarse. El tiempo de entrega real depende del estado de entrega de la empresa de mensajer\u00eda.<\/span><\/strong><\/h5>\n<p>&nbsp;<\/p>\n","protected":false},"featured_media":126034,"template":"","meta":{"site-sidebar-layout":"default","site-content-layout":"default","ast-site-content-layout":"default","site-content-style":"default","site-sidebar-style":"default","ast-global-header-display":"","ast-banner-title-visibility":"","ast-main-header-display":"","ast-hfb-above-header-display":"","ast-hfb-below-header-display":"","ast-hfb-mobile-header-display":"","site-post-title":"","ast-breadcrumbs-content":"","ast-featured-img":"","footer-sml-layout":"","ast-disable-related-posts":"","theme-transparent-header-meta":"default","adv-header-id-meta":"","stick-header-meta":"default","header-above-stick-meta":"","header-main-stick-meta":"","header-below-stick-meta":"","astra-migrate-meta-layouts":"default","ast-page-background-enabled":"default","ast-page-background-meta":{"desktop":{"background-color":"var(--ast-global-color-5)","background-image":"","background-repeat":"repeat","background-position":"center center","background-size":"auto","background-attachment":"scroll","background-type":"","background-media":"","overlay-type":"","overlay-color":"","overlay-opacity":"","overlay-gradient":""},"tablet":{"background-color":"","background-image":"","background-repeat":"repeat","background-position":"center center","background-size":"auto","background-attachment":"scroll","background-type":"","background-media":"","overlay-type":"","overlay-color":"","overlay-opacity":"","overlay-gradient":""},"mobile":{"background-color":"","background-image":"","background-repeat":"repeat","background-position":"center center","background-size":"auto","background-attachment":"scroll","background-type":"","background-media":"","overlay-type":"","overlay-color":"","overlay-opacity":"","overlay-gradient":""}},"ast-content-background-meta":{"desktop":{"background-color":"var(--ast-global-color-4)","background-image":"","background-repeat":"repeat","background-position":"center center","background-size":"auto","background-attachment":"scroll","background-type":"","background-media":"","overlay-type":"","overlay-color":"","overlay-opacity":"","overlay-gradient":""},"tablet":{"background-color":"var(--ast-global-color-4)","background-image":"","background-repeat":"repeat","background-position":"center center","background-size":"auto","background-attachment":"scroll","background-type":"","background-media":"","overlay-type":"","overlay-color":"","overlay-opacity":"","overlay-gradient":""},"mobile":{"background-color":"var(--ast-global-color-4)","background-image":"","background-repeat":"repeat","background-position":"center center","background-size":"auto","background-attachment":"scroll","background-type":"","background-media":"","overlay-type":"","overlay-color":"","overlay-opacity":"","overlay-gradient":""}}},"product_brand":[],"product_cat":[10427,10460,10429,10443,10494,10457,10439],"product_tag":[10680,10742],"class_list":{"0":"post-126033","1":"product","2":"type-product","3":"status-publish","4":"has-post-thumbnail","6":"product_cat-materias-primas-quimicas","7":"product_cat-materiales-de-pulido","8":"product_cat-oxidos","9":"product_cat-pasta","10":"product_cat-pasta-abrasiva","11":"product_cat-tipo-de-aplicacion","12":"product_cat-tipo-de-materia-prima","13":"product_tag-alumina","14":"product_tag-pasta-de-pulido","15":"desktop-align-left","16":"tablet-align-left","17":"mobile-align-left","18":"ast-product-gallery-layout-horizontal-slider","19":"ast-product-gallery-with-no-image","20":"ast-product-single-variable","21":"ast-product-tabs-layout-horizontal","23":"first","24":"instock","25":"taxable","26":"shipping-taxable","27":"purchasable","28":"product-type-variable"},"_links":{"self":[{"href":"https:\/\/honwaygroup.com\/es\/wp-json\/wp\/v2\/product\/126033","targetHints":{"allow":["GET"]}}],"collection":[{"href":"https:\/\/honwaygroup.com\/es\/wp-json\/wp\/v2\/product"}],"about":[{"href":"https:\/\/honwaygroup.com\/es\/wp-json\/wp\/v2\/types\/product"}],"version-history":[{"count":0,"href":"https:\/\/honwaygroup.com\/es\/wp-json\/wp\/v2\/product\/126033\/revisions"}],"wp:featuredmedia":[{"embeddable":true,"href":"https:\/\/honwaygroup.com\/es\/wp-json\/wp\/v2\/media\/126034"}],"wp:attachment":[{"href":"https:\/\/honwaygroup.com\/es\/wp-json\/wp\/v2\/media?parent=126033"}],"wp:term":[{"taxonomy":"product_brand","embeddable":true,"href":"https:\/\/honwaygroup.com\/es\/wp-json\/wp\/v2\/product_brand?post=126033"},{"taxonomy":"product_cat","embeddable":true,"href":"https:\/\/honwaygroup.com\/es\/wp-json\/wp\/v2\/product_cat?post=126033"},{"taxonomy":"product_tag","embeddable":true,"href":"https:\/\/honwaygroup.com\/es\/wp-json\/wp\/v2\/product_tag?post=126033"}],"curies":[{"name":"wp","href":"https:\/\/api.w.org\/{rel}","templated":true}]}}