{"id":126022,"date":"2024-08-29T14:12:39","date_gmt":"2024-08-29T06:12:39","guid":{"rendered":"https:\/\/honwaygroup.com\/product\/adhesivo-para-soldadura-en-frio-j-b-weld-existencias-limitadas-envio-desde-taiwan-iva-incluido\/"},"modified":"2024-08-29T14:12:39","modified_gmt":"2024-08-29T06:12:39","slug":"adhesivo-para-soldadura-en-frio-j-b-weld-existencias-limitadas-envio-desde-taiwan-iva-incluido","status":"publish","type":"product","link":"https:\/\/honwaygroup.com\/es\/producto\/adhesivo-para-soldadura-en-frio-j-b-weld-existencias-limitadas-envio-desde-taiwan-iva-incluido\/","title":{"rendered":"Adhesivo para soldadura en fr\u00edo J-B Weld (existencias limitadas, env\u00edo desde Taiw\u00e1n) (IVA incluido)"},"content":{"rendered":"<h3><strong>J-B Weld 8265S Vinilo rojo original<\/strong>:<\/h3>\n<p class=\"QN2lPu\">J-B Weld Original &#8211; Rojo y Negro: Un sistema ep\u00f3xico bicomponente para soldadura en fr\u00edo, dise\u00f1ado como alternativa a la soldadura con soplete. J-B Weld Original proporciona reparaciones resistentes y duraderas en m\u00faltiples superficies y crea una uni\u00f3n m\u00e1s resistente que el acero. <\/p>\n<h2>Caracter\u00edsticas del producto<\/h2>\n<ul>\n<li class=\"QN2lPu\">Muy adecuado para el mantenimiento de bricolaje del hogar, autom\u00f3viles, barcos, artesan\u00edas, etc., tambi\u00e9n es posible la reparaci\u00f3n de modelos.<\/li>\n<li>Una vez completamente curado se puede perforar, martillar, mecanizar, limar, lijar y pintar.<\/li>\n<li class=\"QN2lPu\">Tiempo de curado y fraguado: despu\u00e9s de mezclar el tubo en una proporci\u00f3n de 1:1, tarda entre 4 y 6 horas en fraguar y entre 15 y 24 horas en curarse por completo.<\/li>\n<li class=\"QN2lPu\">Una vez curado, J-B Weld Original se puede roscar, rellenar, lijar, moldear y perforar.<\/li>\n<li class=\"QN2lPu\">Tiene una resistencia a la tracci\u00f3n de 5020 PSI y soporta temperaturas de hasta 287 \u00b0C (500 \u00b0F). Una vez curado, es resistente al agua, al petr\u00f3leo, a los productos qu\u00edmicos y a los \u00e1cidos. <\/li>\n<\/ul>\n<h2>\u00c1reas de aplicaci\u00f3n<\/h2>\n<ul>\n<li><strong>Funci\u00f3n<\/strong>: Se puede utilizar como adhesivo, placa multicapa, material de relleno, relleno, sellador y aislante el\u00e9ctrico. Es adecuado para unir objetos. Cuando la soldadura no es pr\u00e1ctica, puede sustituir la soldadura convencional y se considera soldadura en fr\u00edo.<\/li>\n<li class=\"QN2lPu\"><strong>Aplicaciones: <\/strong>Uni\u00f3n o reparaci\u00f3n de superficies de fontaner\u00eda y electrodom\u00e9sticos, componentes mec\u00e1nicos, componentes de motores, herramientas, reparaci\u00f3n de fregaderos, utensilios de cocina y art\u00edculos de madera. Apto para hierro, acero, cobre, aluminio, lat\u00f3n, bronce, peltre, cer\u00e1mica, m\u00e1rmol, vidrio, pl\u00e1sticos, ABS, cemento, fibra de vidrio, madera, fibra qu\u00edmica, papel y pr\u00e1cticamente cualquier combinaci\u00f3n de materiales porosos y no porosos.<\/li>\n<li class=\"QN2lPu\"><strong>No apto para: <\/strong>1. Superficies de goma el\u00e1stica. 2. Cuero. 3. Vinilo. 4. Lona. 5. Polipropileno (PP, un material polim\u00e9rico con amplias aplicaciones industriales, como carcasas de port\u00e1tiles, teclados, carcasas de altavoces, cintas adhesivas, flejes, bolsas aislantes, botellas y componentes de moldeo por inyecci\u00f3n de pl\u00e1stico). 6. Polietileno (PE, un material pl\u00e1stico utilizado en bolsas de pl\u00e1stico, film pl\u00e1stico, latas de leche y botellas de PET).<\/li>\n<\/ul>\n<h2>Especificaciones del producto<\/h2>\n<ul>\n<li>Color curado: gris oscuro.<\/li>\n<li>Capacidad: Cada tubo pesa 1 onza (28 ml) 28,4 gramos.<\/li>\n<\/ul>\n<p>&nbsp;<\/p>\n<p class=\"QN2lPu\">Los adhesivos de soldadura en fr\u00edo J-B le brindan las uniones m\u00e1s fuertes con un rendimiento, una calidad y unos resultados superiores.<\/p>\n<hr>\n<h3><strong>8276 KwikWeld Vinilo amarillo de fraguado r\u00e1pido:<\/strong><\/h3>\n<p class=\"QN2lPu\">Pegamento de Secado R\u00e1pido J-B Weld &#8211; Amarillo y Negro: Una versi\u00f3n de curado r\u00e1pido del cl\u00e1sico sistema de soldadura en fr\u00edo y epoxi, que proporciona reparaciones resistentes y duraderas en diversas superficies. Ideal para reparaciones de bricolaje en el hogar, autom\u00f3viles, embarcaciones, manualidades y m\u00e1s. <\/p>\n<h2>Caracter\u00edsticas del producto<\/h2>\n<ul>\n<li>Tiempo de curado y fraguado: Tras mezclar el tubo en una proporci\u00f3n de 1:1, el fraguado tarda 6 minutos en adherirse y cura completamente en 4-6 horas. Una vez curado, KwikWeld se puede martillar, rellenar, lijar, moldear y perforar. <\/li>\n<li class=\"QN2lPu\">Tiene una resistencia a la tracci\u00f3n de 3127 PSI y soporta temperaturas de hasta 110 \u00b0C (250 \u00b0F). Una vez curado por completo, KwikWeld es impermeable y resistente al petr\u00f3leo, productos qu\u00edmicos y \u00e1cidos. <\/li>\n<\/ul>\n<h2>\u00c1reas de aplicaci\u00f3n\u00c1reas de aplicaci\u00f3n<\/h2>\n<ul>\n<li class=\"QN2lPu\"><strong>Funci\u00f3n<\/strong>: Se puede utilizar como adhesivo, placa multicapa, material de relleno, relleno, sellador y aislante el\u00e9ctrico. Es adecuado para unir objetos. Cuando la soldadura no es pr\u00e1ctica, puede sustituir la soldadura convencional y se considera soldadura en fr\u00edo.<\/li>\n<li class=\"QN2lPu\"><strong>Aplicaciones: <\/strong>Uni\u00f3n o reparaci\u00f3n de superficies de fontaner\u00eda y electrodom\u00e9sticos, componentes mec\u00e1nicos, componentes de motores, herramientas, reparaci\u00f3n de fregaderos, utensilios de cocina y art\u00edculos de madera. Apto para hierro, acero, cobre, aluminio, lat\u00f3n, bronce, peltre, cer\u00e1mica, m\u00e1rmol, vidrio, pl\u00e1sticos, ABS, cemento, fibra de vidrio, madera, fibra qu\u00edmica, papel y pr\u00e1cticamente cualquier combinaci\u00f3n de materiales porosos y no porosos.<\/li>\n<li class=\"QN2lPu\"><strong>No apto para: <\/strong>1. Superficies de goma el\u00e1stica. 2. Cuero. 3. Vinilo. 4. Lona. 5. Polipropileno (PP, un material polim\u00e9rico con amplias aplicaciones industriales, como carcasas de port\u00e1tiles, teclados, carcasas de altavoces, cintas adhesivas, flejes, bolsas aislantes, botellas y componentes de moldeo por inyecci\u00f3n de pl\u00e1stico). 6. Polietileno (PE, un material pl\u00e1stico utilizado en bolsas de pl\u00e1stico, film pl\u00e1stico, latas de leche y botellas de PET).<\/li>\n<\/ul>\n<h2>Especificaciones del producto<\/h2>\n<ul>\n<li>Color curado: gris oscuro.<\/li>\n<li>Capacidad: Cada tubo pesa 1 onza (28 ml) 28,4 gramos.<\/li>\n<\/ul>\n<h2><\/h2>\n<h2>Precauciones<\/h2>\n<p><span style=\"color: #ff0000;\">\u25b2El olor no es tan penetrante ni aceitoso como el de otros productos qu\u00edmicos, pero trate de evitar inhalarlo.<\/span><\/p>\n<p><span style=\"color: #ff0000;\">\u25b2Contiene acero, resina epoxi, aluminio, etc.<\/span><\/p>\n<p>\u00bfTienes preguntas? <a href=\"https:\/\/honwaygroup.com\/es\/contactar-con-honway\/\">Contactar a Honway<\/a><\/p>\n","protected":false},"excerpt":{"rendered":"<p><strong>J-B Weld Original &#8211; Rojo y Negro<\/strong>: Un sistema ep\u00f3xico bicomponente para soldadura en fr\u00edo, dise\u00f1ado como alternativa a la soldadura con soplete. J-B Weld Original proporciona reparaciones resistentes y duraderas en m\u00faltiples superficies y crea una uni\u00f3n m\u00e1s resistente que el acero. <\/p>\n<p><strong>Pegamento de Secado R\u00e1pido J-B Weld &#8211; Amarillo y Negro<\/strong>: Una versi\u00f3n de curado r\u00e1pido del cl\u00e1sico sistema de soldadura en fr\u00edo y epoxi, que proporciona reparaciones resistentes y duraderas en diversas superficies. Ideal para reparaciones de bricolaje en el hogar, autom\u00f3viles, embarcaciones, manualidades y m\u00e1s. <\/p>\n<h5><span style=\"color: #ff0000;\"><strong>\u25b2Todos los precios de los productos incluyen impuestos (solo Taiw\u00e1n), los aranceles aduaneros se cobran por separado.<\/strong><\/span><\/h5>\n<h5><strong><span style=\"color: #ff0000; font-size: 19.2px;\">\u25b2Los pedidos grandes pueden disfrutar de descuentos, comun\u00edquese con el servicio de atenci\u00f3n al cliente para realizar consultas.\\\u554f<br \/>\n\u25b2<\/span><span style=\"color: #ff0000; font-size: 19.2px;\">El tiempo de<\/span> <span style=\"color: #ff0000;\">entrega para pedidos de<\/span> <span style=\"color: #ff0000; font-size: 19.2px;\">Taiw\u00e1n es de aproximadamente 7 a 14 d\u00edas h\u00e1biles.<\/span><\/strong><\/h5>\n<h5><strong><span style=\"color: #ff0000; font-size: 19.2px;\">\u25b2<\/span><span style=\"color: #ff0000;\">Los pedidos internacionales tardan aproximadamente de 7 a 14 d\u00edas en enviarse. El tiempo de entrega real depende del estado de entrega de la empresa de mensajer\u00eda.<\/span><\/strong><\/h5>\n","protected":false},"featured_media":126023,"template":"","meta":{"site-sidebar-layout":"default","site-content-layout":"default","ast-site-content-layout":"default","site-content-style":"default","site-sidebar-style":"default","ast-global-header-display":"","ast-banner-title-visibility":"","ast-main-header-display":"","ast-hfb-above-header-display":"","ast-hfb-below-header-display":"","ast-hfb-mobile-header-display":"","site-post-title":"","ast-breadcrumbs-content":"","ast-featured-img":"","footer-sml-layout":"","ast-disable-related-posts":"","theme-transparent-header-meta":"default","adv-header-id-meta":"","stick-header-meta":"default","header-above-stick-meta":"","header-main-stick-meta":"","header-below-stick-meta":"","astra-migrate-meta-layouts":"default","ast-page-background-enabled":"default","ast-page-background-meta":{"desktop":{"background-color":"var(--ast-global-color-5)","background-image":"","background-repeat":"repeat","background-position":"center center","background-size":"auto","background-attachment":"scroll","background-type":"","background-media":"","overlay-type":"","overlay-color":"","overlay-opacity":"","overlay-gradient":""},"tablet":{"background-color":"","background-image":"","background-repeat":"repeat","background-position":"center center","background-size":"auto","background-attachment":"scroll","background-type":"","background-media":"","overlay-type":"","overlay-color":"","overlay-opacity":"","overlay-gradient":""},"mobile":{"background-color":"","background-image":"","background-repeat":"repeat","background-position":"center center","background-size":"auto","background-attachment":"scroll","background-type":"","background-media":"","overlay-type":"","overlay-color":"","overlay-opacity":"","overlay-gradient":""}},"ast-content-background-meta":{"desktop":{"background-color":"var(--ast-global-color-4)","background-image":"","background-repeat":"repeat","background-position":"center center","background-size":"auto","background-attachment":"scroll","background-type":"","background-media":"","overlay-type":"","overlay-color":"","overlay-opacity":"","overlay-gradient":""},"tablet":{"background-color":"var(--ast-global-color-4)","background-image":"","background-repeat":"repeat","background-position":"center center","background-size":"auto","background-attachment":"scroll","background-type":"","background-media":"","overlay-type":"","overlay-color":"","overlay-opacity":"","overlay-gradient":""},"mobile":{"background-color":"var(--ast-global-color-4)","background-image":"","background-repeat":"repeat","background-position":"center center","background-size":"auto","background-attachment":"scroll","background-type":"","background-media":"","overlay-type":"","overlay-color":"","overlay-opacity":"","overlay-gradient":""}}},"product_brand":[],"product_cat":[10418,10420],"product_tag":[],"class_list":{"0":"post-126022","1":"product","2":"type-product","3":"status-publish","4":"has-post-thumbnail","6":"product_cat-otro","7":"product_cat-otros-productos","8":"desktop-align-left","9":"tablet-align-left","10":"mobile-align-left","11":"ast-product-gallery-layout-horizontal-slider","12":"ast-product-single-variable","13":"ast-product-tabs-layout-horizontal","15":"first","16":"instock","17":"taxable","18":"shipping-taxable","19":"purchasable","20":"product-type-variable"},"_links":{"self":[{"href":"https:\/\/honwaygroup.com\/es\/wp-json\/wp\/v2\/product\/126022","targetHints":{"allow":["GET"]}}],"collection":[{"href":"https:\/\/honwaygroup.com\/es\/wp-json\/wp\/v2\/product"}],"about":[{"href":"https:\/\/honwaygroup.com\/es\/wp-json\/wp\/v2\/types\/product"}],"version-history":[{"count":0,"href":"https:\/\/honwaygroup.com\/es\/wp-json\/wp\/v2\/product\/126022\/revisions"}],"wp:featuredmedia":[{"embeddable":true,"href":"https:\/\/honwaygroup.com\/es\/wp-json\/wp\/v2\/media\/126023"}],"wp:attachment":[{"href":"https:\/\/honwaygroup.com\/es\/wp-json\/wp\/v2\/media?parent=126022"}],"wp:term":[{"taxonomy":"product_brand","embeddable":true,"href":"https:\/\/honwaygroup.com\/es\/wp-json\/wp\/v2\/product_brand?post=126022"},{"taxonomy":"product_cat","embeddable":true,"href":"https:\/\/honwaygroup.com\/es\/wp-json\/wp\/v2\/product_cat?post=126022"},{"taxonomy":"product_tag","embeddable":true,"href":"https:\/\/honwaygroup.com\/es\/wp-json\/wp\/v2\/product_tag?post=126022"}],"curies":[{"name":"wp","href":"https:\/\/api.w.org\/{rel}","templated":true}]}}