{"id":125948,"date":"2024-09-03T10:20:02","date_gmt":"2024-09-03T02:20:02","guid":{"rendered":"https:\/\/honwaygroup.com\/product\/hw-largo-hexagonal-discos-de-desbaste-metalografico-diamante-oxido-de-aluminio-carburo-de-silicio-oxido-de-cerio-tamanos-personalizables\/"},"modified":"2024-09-03T10:20:02","modified_gmt":"2024-09-03T02:20:02","slug":"hw-largo-hexagonal-discos-de-desbaste-metalografico-diamante-oxido-de-aluminio-carburo-de-silicio-oxido-de-cerio-tamanos-personalizables","status":"publish","type":"product","link":"https:\/\/honwaygroup.com\/es\/producto\/hw-largo-hexagonal-discos-de-desbaste-metalografico-diamante-oxido-de-aluminio-carburo-de-silicio-oxido-de-cerio-tamanos-personalizables\/","title":{"rendered":"HW-Largo (Hexagonal) &#8211; Discos de desbaste metalogr\u00e1fico: Diamante\/\u00d3xido de aluminio\/Carburo de silicio\/\u00d3xido de cerio \/ Tama\u00f1os personalizables"},"content":{"rendered":"<h1>HW-Largo (Hexagonal) &#8211; Disco de desbaste fino metalogr\u00e1fico Caracter\u00edsticas del producto<\/h1>\n<p>&#x2611;&#xfe0f;<strong>Procesos optimizados<\/strong> \/ El rectificado combinado de la parte trasera y el pulido de la parte delantera mejoran la eficiencia del trabajo.<br \/>\n&#x2611;&#xfe0f; <strong>Alta eficiencia y sin complicaciones<\/strong> \/ El soporte flexible combinado con abrasivos de alta calidad minimiza los ara\u00f1azos residuales en la secci\u00f3n transversal, mejorando la calidad del pulido posterior.<br \/>\n&#x2611;&#xfe0f;<strong>Ampliamente aplicable<\/strong> \/Disponemos de discos de rectificado fino y suave con diversos abrasivos y tama\u00f1os de grano para piezas de trabajo de distinta dureza.<br \/>\n&#x2611;&#xfe0f;<strong> Alta planitud<\/strong> \/ Rectificado uniforme de materiales blandos y duros para evitar esquinas redondeadas y chaflanes, asegurando la consistencia de la muestra.<br \/>\n&#x2611;&#xfe0f; <strong>Alta calidad y alta eficiencia<\/strong> \/ El dise\u00f1o de rejilla reduce la acumulaci\u00f3n de escombros, proporciona una tasa de eliminaci\u00f3n alta y constante y garantiza la planitud de la secci\u00f3n transversal.<\/p>\n<p>&nbsp;<\/p>\n<h1>\u00c1reas de aplicaci\u00f3n:<\/h1>\n<ul>\n<li><strong>Ciencia de materiales, <\/strong><strong>identificaci\u00f3n de metales,<\/strong> <strong>an\u00e1lisis de fallas, <\/strong><strong>fabricaci\u00f3n, <\/strong><strong>investigaci\u00f3n y desarrollo de materiales,<\/strong> <strong>artesan\u00eda de diamantes y piedras preciosas,<\/strong> <strong>industrias electr\u00f3nicas y de semiconductores.<\/strong><\/li>\n<li><strong><span class=\"html-span xdj266r x11i5rnm xat24cr x1mh8g0r xexx8yu x4uap5 x18d9i69 xkhd6sd x1hl2dhg x16tdsg8 x1vvkbs\">Sustrato de l\u00e1mina de cobre,<\/span> <span class=\"html-span xdj266r x11i5rnm xat24cr x1mh8g0r xexx8yu x4uap5 x18d9i69 xkhd6sd x1hl2dhg x16tdsg8 x1vvkbs\">molinillo de doble cara, <\/span><span class=\"html-span xdj266r x11i5rnm xat24cr x1mh8g0r xexx8yu x4uap5 x18d9i69 xkhd6sd x1hl2dhg x16tdsg8 x1vvkbs\">molinillo de oblea simple.<\/span><\/strong><\/li>\n<\/ul>\n<h1>Especificaciones del producto<\/h1>\n<table>\n<tbody>\n<tr>\n<td width=\"138\">\n<p style=\"text-align: center;\"><strong>abrasivo<\/strong><\/p>\n<\/td>\n<td style=\"text-align: center;\" width=\"138\"><strong>Tama\u00f1o de part\u00edcula (um)<\/strong><\/td>\n<td style=\"text-align: center;\" width=\"138\"><strong>Dimensiones (mm)<\/strong><\/td>\n<td width=\"138\">\n<p style=\"text-align: center;\"><strong>Dimensiones (pulgadas)<\/strong><\/p>\n<\/td>\n<\/tr>\n<tr>\n<td width=\"138\">diamante<\/td>\n<td rowspan=\"3\" width=\"138\">0.5<\/p>\n<p>1.0<\/p>\n<p>2.0<\/p>\n<p>3.0<\/p>\n<p>6.0<\/p>\n<p>9.0<\/td>\n<td rowspan=\"4\" width=\"138\">\u00d8200<\/p>\n<p>\u00d8250<\/p>\n<p>\u00d8300<\/p>\n<p>&nbsp;<\/td>\n<td rowspan=\"4\" width=\"138\">\u00d88<\/p>\n<p>\u00d89.5<\/p>\n<p>\u00d812<\/p>\n<p>&nbsp;<\/td>\n<\/tr>\n<tr>\n<td width=\"138\">Al\u00famina<\/td>\n<\/tr>\n<tr>\n<td width=\"138\">carburo de silicio<\/td>\n<\/tr>\n<tr>\n<td width=\"138\">\u00f3xido de cerio<\/td>\n<td width=\"138\">0.5<\/p>\n<p>1.0<\/p>\n<p>2.0<\/p>\n<p>3.0<\/p>\n<p>&nbsp;<\/td>\n<\/tr>\n<\/tbody>\n<\/table>\n<hr>\n<p>&nbsp;<\/p>\n<h2>1. Diferencias de productos<\/h2>\n<table>\n<tbody>\n<tr>\n<td width=\"132\"><\/td>\n<td width=\"208\">Discos de desbaste fino<\/td>\n<td width=\"213\">Discos de desbaste<\/td>\n<\/tr>\n<tr>\n<td width=\"132\">Capa abrasiva<\/td>\n<td width=\"208\">Blanda<\/td>\n<td width=\"213\">Dura<\/td>\n<\/tr>\n<tr>\n<td width=\"132\">Dureza Shore<\/td>\n<td width=\"208\">80 grados<\/td>\n<td width=\"213\">90 grados<\/td>\n<\/tr>\n<tr>\n<td width=\"132\">Introducci\u00f3n<\/td>\n<td width=\"208\">Suave como el cuero<\/td>\n<td width=\"213\">Duro como el acero<\/td>\n<\/tr>\n<tr>\n<td width=\"132\">Usos<\/td>\n<td width=\"208\">Sustituye los procesos de rectificado posterior y pulido frontal.<\/td>\n<td width=\"213\">Sustituye al papel de lija para el rectificado de materiales ultraduros.<\/td>\n<\/tr>\n<\/tbody>\n<\/table>\n<h2>2. C\u00f3mo elegir<\/h2>\n<p><strong>C\u00f3mo elegir el abrasivo:<\/strong> La aplicaci\u00f3n espec\u00edfica debe determinarse seg\u00fan la dureza del material de la pieza de trabajo y el proceso actual. Por ejemplo:<\/p>\n<ul>\n<li>Diamante: aleaciones superduras, materiales electr\u00f3nicos y cer\u00e1micas.<\/li>\n<li>Al\u00famina: metales blandos, pl\u00e1sticos, vidrio, sustratos de circuitos integrados (CI), materiales de embalaje, semiconductores y diversos componentes electr\u00f3nicos, placas de circuitos impresos (PCB) y conectores.<\/li>\n<li>Carburo de silicio: materiales semiconductores (como obleas de silicio y arseniuro de galio, etc.), materiales electr\u00f3nicos, metales superduros, cer\u00e1micas, vidrio y gemas.<\/li>\n<li>\u00d3xido de cerio: vidrio \u00f3ptico (lentes, prismas y otros componentes \u00f3pticos), piedras preciosas, cer\u00e1micas, semiconductores (como chips, etc.), circ\u00f3n.<\/li>\n<\/ul>\n<p style=\"padding-left: 40px;\">(Lo anterior es solo para referencia. La aplicaci\u00f3n espec\u00edfica debe determinarse de acuerdo con la dureza del material de la pieza de trabajo y su proceso real actual).<\/p>\n<p><strong>Selecci\u00f3n de granularidad: <\/strong>se puede usar un disco de pulido fino de 3,0 um (4000#) para moler desde la secci\u00f3n frontal de 6,0 um (2400#) hasta la secci\u00f3n posterior de 1,0 um, y el pulido posterior sin l\u00edquido de pulido de 0,5 um puede lograr un efecto de pulido preciso.<\/p>\n<p><strong>Uso: <\/strong>Coloque el disco de pulido fino directamente sobre el disco magn\u00e9tico de la m\u00e1quina. No es necesario usar un pa\u00f1o de pulido ni a\u00f1adir abrasivo (l\u00edquido de pulido). Simplemente use agua del grifo para iniciar el pulido fino.<\/p>\n<h2>3. Notas:<\/h2>\n<ul>\n<li>Para lograr una mayor planitud, no coloque etiquetas u otros elementos en la parte inferior de la placa para evitar afectar la planitud de la pieza de trabajo.<\/li>\n<li>La superficie de contacto entre el disco de rectificado fino y la m\u00e1quina debe mantenerse muy plana, limpia y seca para evitar afectar la planitud de la pieza de trabajo.<\/li>\n<li>Despu\u00e9s de su uso, ret\u00edrelo con cuidado, enju\u00e1guelo con agua y d\u00e9jelo secar.<\/li>\n<li>No doble ni da\u00f1e el disco de amolar.<\/li>\n<li>Tenga cuidado al instalarlo y quitarlo para evitar la atracci\u00f3n magn\u00e9tica y pillarse las manos.<\/li>\n<\/ul>\n<h2>4. Otras opciones<\/h2>\n<p><a href=\"https:\/\/honwaygroup.com\/wp-content\/uploads\/2024\/09\/%E5%AE%8F%E5%B4%B4%E5%9E%8B%E9%8C%84-DM001_%E9%91%BD%E7%9F%B3%E6%8B%8B%E5%85%89%E7%9B%A4-01-scaled.webp\"><img fetchpriority=\"high\" decoding=\"async\" class=\"wp-image-42433\" src=\"https:\/\/honwaygroup.com\/wp-content\/uploads\/2024\/09\/%E5%AE%8F%E5%B4%B4%E5%9E%8B%E9%8C%84-DM001_%E9%91%BD%E7%9F%B3%E6%8B%8B%E5%85%89%E7%9B%A4-01-760x1024.webp\" alt=\"Disco de rectificado metalogr\u00e1fico\" width=\"500\" height=\"674\"><\/a><\/p>\n<p><a href=\"https:\/\/honwaygroup.com\/wp-content\/uploads\/2024\/09\/%E5%AE%8F%E5%B4%B4%E5%9E%8B%E9%8C%84-DM001_%E9%91%BD%E7%9F%B3%E6%8B%8B%E5%85%89%E7%9B%A4-02-scaled.webp\"><img decoding=\"async\" class=\"wp-image-42437\" src=\"https:\/\/honwaygroup.com\/wp-content\/uploads\/2024\/09\/%E5%AE%8F%E5%B4%B4%E5%9E%8B%E9%8C%84-DM001_%E9%91%BD%E7%9F%B3%E6%8B%8B%E5%85%89%E7%9B%A4-02-760x1024.webp\" alt=\"Tabla comparativa de discos de rectificado metalogr\u00e1fico\" width=\"500\" height=\"674\"><\/a><\/p>\n","protected":false},"excerpt":{"rendered":"<p>&nbsp;<\/p>\n[caption id=\"attachment_42429\" align=\"aligncenter\" width=\"505\"]<a href=\"https:\/\/honwaygroup.com\/wp-content\/uploads\/2024\/09\/%E8%9E%A2%E5%B9%95%E6%93%B7%E5%8F%96%E7%95%AB%E9%9D%A2-2024-09-03-174409.png\"><img decoding=\"async\" class=\"wp-image-42429 size-full\" src=\"https:\/\/honwaygroup.com\/wp-content\/uploads\/2024\/09\/%E8%9E%A2%E5%B9%95%E6%93%B7%E5%8F%96%E7%95%AB%E9%9D%A2-2024-09-03-174409.png\" alt=\"\" width=\"505\" height=\"247\"><\/a> Estructura HW-Largo (Hexagonal)[\/caption]\n<p>\u2022 Agilizar el proceso\/realizar el rectificado posterior y el pulido frontal para mejorar la eficiencia del trabajo.<br \/>\n\u2022 Alta eficiencia y sin complicaciones \/ El soporte flexible combinado con abrasivos de alta calidad minimiza los ara\u00f1azos residuales en la secci\u00f3n transversal, mejorando la calidad del pulido posterior.<br \/>\n\u2022 Disponemos de discos de rectificado fino y suave de amplia aplicaci\u00f3n con diferentes abrasivos y tama\u00f1os de grano para piezas de trabajo de distinta dureza.<br \/>\n\u2022 Alta planitud \/ Rectificado uniforme de materiales blandos y duros para evitar esquinas redondeadas y chaflanes, asegurando la consistencia de la muestra.<br \/>\n\u2022Alta calidad y alta eficiencia \/ El dise\u00f1o de rejilla reduce la acumulaci\u00f3n de escombros, proporciona una tasa de eliminaci\u00f3n alta y constante y garantiza la planitud de la secci\u00f3n transversal.<\/p>\n<h5><strong><span style=\"color: #ff0000; font-size: 19.2px;\">\u25b2<\/span><\/strong><strong><span style=\"color: #ff0000; font-size: 19.2px;\">Si necesita un tama\u00f1o personalizado, comun\u00edquese con el servicio de atenci\u00f3n al cliente.<\/span><\/strong><\/h5>\n<h5><strong><span style=\"color: #ff0000; font-size: 19.2px;\">\u25b2 Los pedidos grandes pueden disfrutar de descuentos, comun\u00edquese con el servicio de atenci\u00f3n al cliente para realizar consultas.<br \/>\n<\/span><\/strong><\/h5>\n<h5><strong><span style=\"color: #ff0000;\">\u25b2Para consultar el plazo de entrega de pedidos, por favor contacte al servicio de atenci\u00f3n al cliente:<\/span><a href=\"https:\/\/honwaygroup.com\/es\/contactar-con-honway\/\">Contactar a Honway<\/a><\/strong><\/h5>\n","protected":false},"featured_media":125949,"template":"","meta":{"site-sidebar-layout":"default","site-content-layout":"default","ast-site-content-layout":"default","site-content-style":"default","site-sidebar-style":"default","ast-global-header-display":"","ast-banner-title-visibility":"","ast-main-header-display":"","ast-hfb-above-header-display":"","ast-hfb-below-header-display":"","ast-hfb-mobile-header-display":"","site-post-title":"","ast-breadcrumbs-content":"","ast-featured-img":"","footer-sml-layout":"","ast-disable-related-posts":"","theme-transparent-header-meta":"default","adv-header-id-meta":"","stick-header-meta":"default","header-above-stick-meta":"","header-main-stick-meta":"","header-below-stick-meta":"","astra-migrate-meta-layouts":"default","ast-page-background-enabled":"default","ast-page-background-meta":{"desktop":{"background-color":"var(--ast-global-color-5)","background-image":"","background-repeat":"repeat","background-position":"center center","background-size":"auto","background-attachment":"scroll","background-type":"","background-media":"","overlay-type":"","overlay-color":"","overlay-opacity":"","overlay-gradient":""},"tablet":{"background-color":"","background-image":"","background-repeat":"repeat","background-position":"center center","background-size":"auto","background-attachment":"scroll","background-type":"","background-media":"","overlay-type":"","overlay-color":"","overlay-opacity":"","overlay-gradient":""},"mobile":{"background-color":"","background-image":"","background-repeat":"repeat","background-position":"center center","background-size":"auto","background-attachment":"scroll","background-type":"","background-media":"","overlay-type":"","overlay-color":"","overlay-opacity":"","overlay-gradient":""}},"ast-content-background-meta":{"desktop":{"background-color":"var(--ast-global-color-4)","background-image":"","background-repeat":"repeat","background-position":"center center","background-size":"auto","background-attachment":"scroll","background-type":"","background-media":"","overlay-type":"","overlay-color":"","overlay-opacity":"","overlay-gradient":""},"tablet":{"background-color":"var(--ast-global-color-4)","background-image":"","background-repeat":"repeat","background-position":"center center","background-size":"auto","background-attachment":"scroll","background-type":"","background-media":"","overlay-type":"","overlay-color":"","overlay-opacity":"","overlay-gradient":""},"mobile":{"background-color":"var(--ast-global-color-4)","background-image":"","background-repeat":"repeat","background-position":"center center","background-size":"auto","background-attachment":"scroll","background-type":"","background-media":"","overlay-type":"","overlay-color":"","overlay-opacity":"","overlay-gradient":""}}},"product_brand":[],"product_cat":[10522,10502],"product_tag":[10521,10732],"class_list":{"0":"post-125948","1":"product","2":"type-product","3":"status-publish","4":"has-post-thumbnail","6":"product_cat-consumibles-metalograficos","7":"product_cat-disco-de-rectificado-metalografico","8":"product_tag-consumibles-metalograficos","9":"product_tag-disco-de-amolar","10":"desktop-align-left","11":"tablet-align-left","12":"mobile-align-left","13":"ast-product-gallery-layout-horizontal-slider","14":"ast-product-single-variable","15":"ast-product-tabs-layout-horizontal","17":"first","18":"instock","19":"taxable","20":"shipping-taxable","21":"purchasable","22":"product-type-variable","23":"has-default-attributes"},"_links":{"self":[{"href":"https:\/\/honwaygroup.com\/es\/wp-json\/wp\/v2\/product\/125948","targetHints":{"allow":["GET"]}}],"collection":[{"href":"https:\/\/honwaygroup.com\/es\/wp-json\/wp\/v2\/product"}],"about":[{"href":"https:\/\/honwaygroup.com\/es\/wp-json\/wp\/v2\/types\/product"}],"version-history":[{"count":0,"href":"https:\/\/honwaygroup.com\/es\/wp-json\/wp\/v2\/product\/125948\/revisions"}],"wp:featuredmedia":[{"embeddable":true,"href":"https:\/\/honwaygroup.com\/es\/wp-json\/wp\/v2\/media\/125949"}],"wp:attachment":[{"href":"https:\/\/honwaygroup.com\/es\/wp-json\/wp\/v2\/media?parent=125948"}],"wp:term":[{"taxonomy":"product_brand","embeddable":true,"href":"https:\/\/honwaygroup.com\/es\/wp-json\/wp\/v2\/product_brand?post=125948"},{"taxonomy":"product_cat","embeddable":true,"href":"https:\/\/honwaygroup.com\/es\/wp-json\/wp\/v2\/product_cat?post=125948"},{"taxonomy":"product_tag","embeddable":true,"href":"https:\/\/honwaygroup.com\/es\/wp-json\/wp\/v2\/product_tag?post=125948"}],"curies":[{"name":"wp","href":"https:\/\/api.w.org\/{rel}","templated":true}]}}