{"id":125855,"date":"2024-09-09T14:35:14","date_gmt":"2024-09-09T06:35:14","guid":{"rendered":"https:\/\/honwaygroup.com\/product\/placa-de-diamante-honway-electroconformado\/"},"modified":"2025-09-08T14:02:24","modified_gmt":"2025-09-08T06:02:24","slug":"placa-de-diamante-honway-electroconformado","status":"publish","type":"product","link":"https:\/\/honwaygroup.com\/es\/producto\/placa-de-diamante-honway-electroconformado\/","title":{"rendered":"Placa de diamante Honway (electroconformado)"},"content":{"rendered":"<h1>Placa de diamante Honway (electroconformado)<\/h1>\n<p>Sustituye los pasos de lijado y pulido con papel de lija metalogr\u00e1fico. Gracias al suministro continuo de lubricaci\u00f3n, la capa de trabajo del disco de lijado optimiza el comportamiento de los granos de diamante. La estructura de la superficie garantiza una planitud \u00f3ptima en todas las muestras.<br \/>\nEl abrasivo principal es diamante de alto rendimiento con dise\u00f1o granular. Hay diferentes opciones disponibles para materiales duros HV40-2000.<\/p>\n<ul>\n<li>Metal: rectificado de acero de alta velocidad, acero aleado, aleaci\u00f3n de titanio, carburo, carburo cementado, acero de tungsteno, materiales de an\u00e1lisis metalogr\u00e1fico, etc.<\/li>\n<li>Materiales no met\u00e1licos: vidrio, cer\u00e1mica, \u00e1gata, piedra, piedra preciosa, jade, silicio monocristalino, silicio policristalino, vidrio de cuarzo, carburo de titanio, materiales magn\u00e9ticos, etc.<\/li>\n<li>Rectificado: para HV40-2000.<\/li>\n<\/ul>\n<h1>\u00c1reas de aplicaci\u00f3n:<\/h1>\n<ul>\n<li><strong>Ciencia de materiales, <\/strong><strong>identificaci\u00f3n de metales,<\/strong> <strong>an\u00e1lisis de fallas, <\/strong><strong>fabricaci\u00f3n, <\/strong><strong>investigaci\u00f3n y desarrollo de materiales,<\/strong> <strong>artesan\u00eda de diamantes y piedras preciosas,<\/strong> <strong>industrias electr\u00f3nicas y de semiconductores.<\/strong><\/li>\n<li><strong><span class=\"html-span xdj266r x11i5rnm xat24cr x1mh8g0r xexx8yu x4uap5 x18d9i69 xkhd6sd x1hl2dhg x16tdsg8 x1vvkbs\">Sustrato de l\u00e1mina de cobre,<\/span> <span class=\"html-span xdj266r x11i5rnm xat24cr x1mh8g0r xexx8yu x4uap5 x18d9i69 xkhd6sd x1hl2dhg x16tdsg8 x1vvkbs\">molinillo de doble cara, <\/span><span class=\"html-span xdj266r x11i5rnm xat24cr x1mh8g0r xexx8yu x4uap5 x18d9i69 xkhd6sd x1hl2dhg x16tdsg8 x1vvkbs\">molinillo de oblea simple.<\/span><\/strong><\/li>\n<\/ul>\n<h2>Caracter\u00edsticas del producto:<\/h2>\n<ol>\n<li><strong>Excelente calidad: <\/strong>Fabricado con diamantes de alta calidad y alto rendimiento mediante moldes de precisi\u00f3n. Molienda y adelgazamiento de alta eficiencia. Tama\u00f1os de part\u00edcula personalizables disponibles.<\/li>\n<li><strong>Alta planitud:<\/strong> la superficie est\u00e1 hecha de diamantes de alto rendimiento y alta calidad, lo que permite que la almohadilla de pulido entre en contacto completo con la pieza de trabajo, proporcionando una fuerza de corte de pulido alta, estable y constante, al tiempo que maximiza el almacenamiento de los medios de pulido.<\/li>\n<li><strong>Varios tama\u00f1os de grano disponibles: <\/strong>Ofrecemos una variedad de abrasivos de diamante que se pueden personalizar seg\u00fan sus necesidades.<\/li>\n<li><strong>Alta calidad y alta eficiencia:<\/strong> fuerte fuerza de corte, larga vida \u00fatil, buena calidad de la superficie de la pieza de trabajo despu\u00e9s del esmerilado y pulido, baja rugosidad, alta eficiencia de trabajo, alta tasa de rendimiento, etc.<\/li>\n<li><strong>F\u00e1cil de usar: <\/strong>Su dise\u00f1o magn\u00e9tico permite un uso repetido. Disponemos de una variedad de dise\u00f1os de respaldo para satisfacer diferentes necesidades de uso.<\/li>\n<li><strong>Simple y econ\u00f3mico:<\/strong> Solo se a\u00f1ade refrigerante (agua) durante el rectificado, sin necesidad de a\u00f1adir abrasivos adicionales. La operaci\u00f3n es m\u00e1s sencilla y el coste de fabricaci\u00f3n es menor.<\/li>\n<\/ol>\n<h1>Especificaciones del producto<\/h1>\n<p>\u203bSe pueden personalizar tama\u00f1os entre 35 y 3000. Comun\u00edquese con el servicio de atenci\u00f3n al cliente.<\/p>\n<table width=\"100%\">\n<tbody>\n<tr>\n<td width=\"20%\">\n<p style=\"text-align: center;\">Dise\u00f1o de superficies<\/p>\n<\/td>\n<td style=\"text-align: center;\" width=\"20%\">N\u00famero abrasivo<\/td>\n<td style=\"text-align: center;\" width=\"19%\">Tama\u00f1o de part\u00edcula (um)<\/td>\n<td style=\"text-align: center;\" width=\"19%\">Dimensiones (mm)<\/td>\n<td width=\"19%\">\n<p style=\"text-align: center;\">Tama\u00f1o (pulgadas)<\/p>\n<\/td>\n<\/tr>\n<tr>\n<td rowspan=\"12\" width=\"20%\">electroformado<\/td>\n<td width=\"20%\">60#<\/td>\n<td width=\"19%\">240<\/td>\n<td rowspan=\"12\" width=\"19%\">\u00d8200<\/p>\n<p>\u00d8230<\/p>\n<p>\u00d8250<\/p>\n<p>\u00d8300<\/p>\n<p>\u00d8350<\/p>\n<p>\u00d8400<\/td>\n<td rowspan=\"12\" width=\"19%\">\u00d88<\/p>\n<p>\u00d89<\/p>\n<p>\u00d89.5<\/p>\n<p>\u00d812<\/p>\n<p>\u00d814<\/p>\n<p>\u00d815<\/td>\n<\/tr>\n<tr>\n<td width=\"20%\">80#<\/td>\n<td width=\"19%\">188<\/td>\n<\/tr>\n<tr>\n<td width=\"20%\">120#<\/td>\n<td width=\"19%\">125<\/td>\n<\/tr>\n<tr>\n<td width=\"20%\">240#<\/td>\n<td width=\"19%\">58<\/td>\n<\/tr>\n<tr>\n<td width=\"20%\">320#<\/td>\n<td width=\"19%\">46<\/td>\n<\/tr>\n<tr>\n<td width=\"20%\">400#<\/td>\n<td width=\"19%\">35<\/td>\n<\/tr>\n<tr>\n<td width=\"20%\">600#<\/td>\n<td width=\"19%\">26<\/td>\n<\/tr>\n<tr>\n<td width=\"20%\">800#<\/td>\n<td width=\"19%\">18<\/td>\n<\/tr>\n<tr>\n<td width=\"20%\">1000#<\/td>\n<td width=\"19%\">15<\/td>\n<\/tr>\n<tr>\n<td width=\"20%\">1200#<\/td>\n<td width=\"19%\">12.5<\/td>\n<\/tr>\n<tr>\n<td width=\"20%\">2000#<\/td>\n<td width=\"19%\">7.5<\/td>\n<\/tr>\n<tr>\n<td width=\"20%\">3000#<\/td>\n<td width=\"19%\">5.0<\/td>\n<\/tr>\n<\/tbody>\n<\/table>\n<h2>1. Diferencias de productos<\/h2>\n<table>\n<tbody>\n<tr>\n<td width=\"132\"><\/td>\n<td width=\"208\">Discos de desbaste fino<\/td>\n<td width=\"213\">Discos de desbaste\/discos electroformados<\/td>\n<\/tr>\n<tr>\n<td width=\"132\">Capa abrasiva<\/td>\n<td width=\"208\">Blanda<\/td>\n<td width=\"213\">Dura<\/td>\n<\/tr>\n<tr>\n<td width=\"132\">Dureza Shore<\/td>\n<td width=\"208\">80 grados<\/td>\n<td width=\"213\"><\/td>\n<\/tr>\n<tr>\n<td width=\"132\">Introducci\u00f3n<\/td>\n<td width=\"208\">Suave como el cuero<\/td>\n<td width=\"213\">Duro como el acero<\/td>\n<\/tr>\n<tr>\n<td width=\"132\">Usos<\/td>\n<td width=\"208\">Sustituye los procesos de rectificado posterior y pulido frontal.<\/td>\n<td width=\"213\">Sustituye al papel de lija para el rectificado de materiales ultraduros.<\/td>\n<\/tr>\n<\/tbody>\n<\/table>\n<h2>2. C\u00f3mo elegir<\/h2>\n<p>La aplicaci\u00f3n espec\u00edfica depende de la dureza del material de la pieza de trabajo y de su proceso actual.<\/p>\n<p>Uso: Coloque el disco de pulido directamente sobre el disco magn\u00e9tico de la m\u00e1quina. No es necesario usar un pa\u00f1o de pulido ni a\u00f1adir abrasivo (l\u00edquido de pulido). Simplemente use agua del grifo para comenzar a pulir.<\/p>\n<p>\u203b Al procesar muestras muy sensibles, se pueden utilizar l\u00edquidos no corrosivos en lugar de agua como lubricantes.<\/p>\n<p>\u203b Para obtener una planitud precisa de la muestra y un desgaste uniforme del disco de esmerilado, la parte exterior del portamuestras debe sobresalir unos pocos mil\u00edmetros de la superficie de trabajo del disco de esmerilado.<\/p>\n<h2>3. Notas<\/h2>\n<ol>\n<li>Para lograr una mayor planitud, no coloque etiquetas u otros elementos en la parte inferior de la placa para evitar afectar la planitud de la pieza de trabajo.<\/li>\n<li>La superficie de contacto entre el disco de rectificado fino y la m\u00e1quina debe mantenerse muy plana, limpia y seca para evitar afectar la planitud de la pieza de trabajo.<\/li>\n<li>Despu\u00e9s de su uso, ret\u00edrelo con cuidado, enju\u00e1guelo con agua y d\u00e9jelo secar.<\/li>\n<li>No doble ni da\u00f1e el disco de amolar.<\/li>\n<li>Tenga cuidado al instalarlo y quitarlo para evitar la atracci\u00f3n magn\u00e9tica y pillarse las manos.<\/li>\n<\/ol>\n<p>&nbsp;<\/p>\n<h2>4. Otros<\/h2>\n<p><a href=\"https:\/\/honwaygroup.com\/wp-content\/uploads\/2024\/09\/%E5%AE%8F%E5%B4%B4%E5%9E%8B%E9%8C%84-DM001_%E9%91%BD%E7%9F%B3%E6%8B%8B%E5%85%89%E7%9B%A4-01-scaled.webp\"><img fetchpriority=\"high\" decoding=\"async\" class=\"wp-image-42433 alignleft\" src=\"https:\/\/honwaygroup.com\/wp-content\/uploads\/2024\/09\/%E5%AE%8F%E5%B4%B4%E5%9E%8B%E9%8C%84-DM001_%E9%91%BD%E7%9F%B3%E6%8B%8B%E5%85%89%E7%9B%A4-01-scaled.webp\" alt=\"Disco de rectificado metalogr\u00e1fico\" width=\"676\" height=\"911\"><\/a><\/p>\n<p><a href=\"https:\/\/honwaygroup.com\/wp-content\/uploads\/2024\/09\/%E5%AE%8F%E5%B4%B4%E5%9E%8B%E9%8C%84-DM001_%E9%91%BD%E7%9F%B3%E6%8B%8B%E5%85%89%E7%9B%A4-02-scaled.webp\"><img decoding=\"async\" class=\"wp-image-42437\" src=\"https:\/\/honwaygroup.com\/wp-content\/uploads\/2024\/09\/%E5%AE%8F%E5%B4%B4%E5%9E%8B%E9%8C%84-DM001_%E9%91%BD%E7%9F%B3%E6%8B%8B%E5%85%89%E7%9B%A4-02-scaled.webp\" alt=\"Tabla comparativa de discos de rectificado metalogr\u00e1fico\" width=\"677\" height=\"912\"><\/a><\/p>\n","protected":false},"excerpt":{"rendered":"[caption id=\"attachment_42416\" align=\"alignnone\" width=\"506\"]<a href=\"https:\/\/honwaygroup.com\/wp-content\/uploads\/2024\/09\/%E8%9E%A2%E5%B9%95%E6%93%B7%E5%8F%96%E7%95%AB%E9%9D%A2-2024-09-03-172725.png\"><img decoding=\"async\" class=\"size-full wp-image-42416\" src=\"https:\/\/honwaygroup.com\/wp-content\/uploads\/2024\/09\/%E8%9E%A2%E5%B9%95%E6%93%B7%E5%8F%96%E7%95%AB%E9%9D%A2-2024-09-03-172725.png\" alt=\"Estructura de placa de diamante Honway (electroformado)\" width=\"506\" height=\"350\"><\/a> Estructura de placa de diamante Honway (electroformado)[\/caption]\n<p>El abrasivo principal es diamante modificado con dise\u00f1o granular. Disponemos de diversas opciones para materiales con durezas de hasta HV40-2000.<br \/>\n\u2022 Metales: Acero r\u00e1pido, acero aleado, carburo cementado, acero de tungsteno, carburo de tungsteno, etc.<br \/>\n\u2022 No metales: Vidrio, cer\u00e1mica, \u00e1gata, piedra, piedras preciosas, jade, silicio monocristalino, silicio policristalino, vidrio de cuarzo, carburo de titanio, materiales magn\u00e9ticos, etc.<\/p>\n<h5><strong><span style=\"color: #ff0000; font-size: 19.2px;\">\u25b2<\/span><\/strong><strong><span style=\"color: #ff0000; font-size: 19.2px;\">Si necesita un tama\u00f1o personalizado, comun\u00edquese con el servicio de atenci\u00f3n al cliente.<\/span><\/strong><\/h5>\n<h5><strong><span style=\"color: #ff0000; font-size: 19.2px;\">\u25b2 Los pedidos grandes pueden disfrutar de descuentos, comun\u00edquese con el servicio de atenci\u00f3n al cliente para realizar consultas.<br \/>\n<\/span><\/strong><\/h5>\n<h5><strong><span style=\"color: #ff0000;\">\u25b2Para consultar el plazo de entrega de pedidos, por favor contacte al servicio de atenci\u00f3n al cliente:<\/span><a href=\"https:\/\/honwaygroup.com\/es\/contactar-con-honway\/\">Contactar a Honway<\/a><\/strong><\/h5>\n","protected":false},"featured_media":125857,"template":"","meta":{"site-sidebar-layout":"default","site-content-layout":"default","ast-site-content-layout":"default","site-content-style":"default","site-sidebar-style":"default","ast-global-header-display":"","ast-banner-title-visibility":"","ast-main-header-display":"","ast-hfb-above-header-display":"","ast-hfb-below-header-display":"","ast-hfb-mobile-header-display":"","site-post-title":"","ast-breadcrumbs-content":"","ast-featured-img":"","footer-sml-layout":"","ast-disable-related-posts":"","theme-transparent-header-meta":"default","adv-header-id-meta":"","stick-header-meta":"","header-above-stick-meta":"","header-main-stick-meta":"","header-below-stick-meta":"","astra-migrate-meta-layouts":"default","ast-page-background-enabled":"default","ast-page-background-meta":{"desktop":{"background-color":"var(--ast-global-color-5)","background-image":"","background-repeat":"repeat","background-position":"center center","background-size":"auto","background-attachment":"scroll","background-type":"","background-media":"","overlay-type":"","overlay-color":"","overlay-opacity":"","overlay-gradient":""},"tablet":{"background-color":"","background-image":"","background-repeat":"repeat","background-position":"center center","background-size":"auto","background-attachment":"scroll","background-type":"","background-media":"","overlay-type":"","overlay-color":"","overlay-opacity":"","overlay-gradient":""},"mobile":{"background-color":"","background-image":"","background-repeat":"repeat","background-position":"center center","background-size":"auto","background-attachment":"scroll","background-type":"","background-media":"","overlay-type":"","overlay-color":"","overlay-opacity":"","overlay-gradient":""}},"ast-content-background-meta":{"desktop":{"background-color":"var(--ast-global-color-4)","background-image":"","background-repeat":"repeat","background-position":"center center","background-size":"auto","background-attachment":"scroll","background-type":"","background-media":"","overlay-type":"","overlay-color":"","overlay-opacity":"","overlay-gradient":""},"tablet":{"background-color":"var(--ast-global-color-4)","background-image":"","background-repeat":"repeat","background-position":"center center","background-size":"auto","background-attachment":"scroll","background-type":"","background-media":"","overlay-type":"","overlay-color":"","overlay-opacity":"","overlay-gradient":""},"mobile":{"background-color":"var(--ast-global-color-4)","background-image":"","background-repeat":"repeat","background-position":"center center","background-size":"auto","background-attachment":"scroll","background-type":"","background-media":"","overlay-type":"","overlay-color":"","overlay-opacity":"","overlay-gradient":""}}},"product_brand":[],"product_cat":[10522,10502],"product_tag":[10521,10732,10737],"class_list":{"0":"post-125855","1":"product","2":"type-product","3":"status-publish","4":"has-post-thumbnail","6":"product_cat-consumibles-metalograficos","7":"product_cat-disco-de-rectificado-metalografico","8":"product_tag-consumibles-metalograficos","9":"product_tag-disco-de-amolar","10":"product_tag-electroformado","11":"desktop-align-left","12":"tablet-align-left","13":"mobile-align-left","14":"ast-product-gallery-layout-horizontal-slider","15":"ast-product-gallery-with-no-image","16":"ast-product-single-variable","17":"ast-product-tabs-layout-horizontal","19":"first","20":"instock","21":"taxable","22":"shipping-taxable","23":"purchasable","24":"product-type-variable"},"_links":{"self":[{"href":"https:\/\/honwaygroup.com\/es\/wp-json\/wp\/v2\/product\/125855","targetHints":{"allow":["GET"]}}],"collection":[{"href":"https:\/\/honwaygroup.com\/es\/wp-json\/wp\/v2\/product"}],"about":[{"href":"https:\/\/honwaygroup.com\/es\/wp-json\/wp\/v2\/types\/product"}],"version-history":[{"count":0,"href":"https:\/\/honwaygroup.com\/es\/wp-json\/wp\/v2\/product\/125855\/revisions"}],"wp:featuredmedia":[{"embeddable":true,"href":"https:\/\/honwaygroup.com\/es\/wp-json\/wp\/v2\/media\/125857"}],"wp:attachment":[{"href":"https:\/\/honwaygroup.com\/es\/wp-json\/wp\/v2\/media?parent=125855"}],"wp:term":[{"taxonomy":"product_brand","embeddable":true,"href":"https:\/\/honwaygroup.com\/es\/wp-json\/wp\/v2\/product_brand?post=125855"},{"taxonomy":"product_cat","embeddable":true,"href":"https:\/\/honwaygroup.com\/es\/wp-json\/wp\/v2\/product_cat?post=125855"},{"taxonomy":"product_tag","embeddable":true,"href":"https:\/\/honwaygroup.com\/es\/wp-json\/wp\/v2\/product_tag?post=125855"}],"curies":[{"name":"wp","href":"https:\/\/api.w.org\/{rel}","templated":true}]}}