{"id":125708,"date":"2024-09-10T11:51:48","date_gmt":"2024-09-10T03:51:48","guid":{"rendered":"https:\/\/honwaygroup.com\/product\/hw-forte-forma-de-canal-disco-de-desbaste-metalografico-diamante-tamano-personalizable\/"},"modified":"2026-01-27T13:30:46","modified_gmt":"2026-01-27T05:30:46","slug":"hw-forte-forma-de-canal-disco-de-desbaste-metalografico-diamante-tamano-personalizable","status":"publish","type":"product","link":"https:\/\/honwaygroup.com\/es\/producto\/hw-forte-forma-de-canal-disco-de-desbaste-metalografico-diamante-tamano-personalizable\/","title":{"rendered":"HW-Forte (forma de canal) &#8211; Disco de desbaste metalogr\u00e1fico, diamante, tama\u00f1o personalizable"},"content":{"rendered":"<h1>Caracter\u00edsticas del producto HW-Forte (forma de canal)<\/h1>\n<p>Sustituye los pasos de lijado y pulido con papel de lija metalogr\u00e1fico. Gracias al suministro continuo de lubricaci\u00f3n, la capa de trabajo del disco de lijado optimiza el comportamiento de los granos de diamante. La estructura de la superficie garantiza una planitud \u00f3ptima en todas las muestras.<br \/>\nEl abrasivo principal es diamante de alto rendimiento con dise\u00f1o de canal de flujo. Hay diferentes opciones disponibles para materiales duros HV250-2000.<br \/>\n\u2022 Metal: acero de alta velocidad, acero aleado, carburo cementado, acero de tungsteno, carburo de tungsteno, etc.<br \/>\n\u2022 No metales: vidrio, cer\u00e1mica, \u00e1gata, piedra, piedra preciosa, jade, silicio monocristalino, silicio policristalino, vidrio de cuarzo, carburo de titanio, materiales magn\u00e9ticos, etc.<\/p>\n<p>&nbsp;<\/p>\n<h1>\u00c1reas de aplicaci\u00f3n:<\/h1>\n<ul>\n<li><strong>Ciencia de los materiales<\/strong>,<strong> identificaci\u00f3n de metales<\/strong>, <strong>an\u00e1lisis de fallos, <\/strong><strong>fabricaci\u00f3n,<\/strong> <strong>investigaci\u00f3n y desarrollo de materiales, <\/strong><strong>artesan\u00eda de diamantes y piedras preciosas, <\/strong><strong>industrias electr\u00f3nicas y de semiconductores.<\/strong><\/li>\n<li><strong><span class=\"html-span xdj266r x11i5rnm xat24cr x1mh8g0r xexx8yu x4uap5 x18d9i69 xkhd6sd x1hl2dhg x16tdsg8 x1vvkbs\">Rectificadora de doble cara,<\/span><span class=\"html-span xdj266r x11i5rnm xat24cr x1mh8g0r xexx8yu x4uap5 x18d9i69 xkhd6sd x1hl2dhg x16tdsg8 x1vvkbs\"> rectificadora de una sola oblea<\/span><\/strong><\/li>\n<\/ul>\n<h1>Especificaciones del producto<\/h1>\n<table>\n<tbody>\n<tr>\n<td>N\u00famero<\/td>\n<td><span style=\"font-weight: 400;\">Tama\u00f1o de part\u00edcula(um)<\/span><\/td>\n<td><span style=\"font-weight: 400;\">tama\u00f1o(mm)<\/span><\/td>\n<td><span style=\"font-weight: 400;\">tama\u00f1o(inch)<\/span><\/td>\n<\/tr>\n<tr>\n<td><span style=\"font-weight: 400;\">60#<\/span><\/td>\n<td><span style=\"font-weight: 400;\">240<\/span><\/td>\n<td rowspan=\"16\"><span style=\"font-weight: 400;\">\u00d8200<\/span><\/p>\n<p><span style=\"font-weight: 400;\">\u00d8230<\/span><\/p>\n<p><span style=\"font-weight: 400;\">\u00d8250<\/span><\/p>\n<p><span style=\"font-weight: 400;\">\u00d8300<\/span><\/td>\n<td rowspan=\"16\"><span style=\"font-weight: 400;\">\u00d88<\/span><\/p>\n<p><span style=\"font-weight: 400;\">\u00d89<\/span><\/p>\n<p><span style=\"font-weight: 400;\">\u00d89.5<\/span><\/p>\n<p><span style=\"font-weight: 400;\">\u00d812<\/span><\/td>\n<\/tr>\n<tr>\n<td><span style=\"font-weight: 400;\">80#<\/span><\/td>\n<td><span style=\"font-weight: 400;\">188<\/span><\/td>\n<\/tr>\n<tr>\n<td><span style=\"font-weight: 400;\">120#<\/span><\/td>\n<td><span style=\"font-weight: 400;\">127<\/span><\/td>\n<\/tr>\n<tr>\n<td><span style=\"font-weight: 400;\">180#<\/span><\/td>\n<td><span style=\"font-weight: 400;\">78<\/span><\/td>\n<\/tr>\n<tr>\n<td><span style=\"font-weight: 400;\">240#<\/span><\/td>\n<td><span style=\"font-weight: 400;\">58<\/span><\/td>\n<\/tr>\n<tr>\n<td><span style=\"font-weight: 400;\">320#<\/span><\/td>\n<td><span style=\"font-weight: 400;\">46<\/span><\/td>\n<\/tr>\n<tr>\n<td><span style=\"font-weight: 400;\">400#<\/span><\/td>\n<td><span style=\"font-weight: 400;\">35<\/span><\/td>\n<\/tr>\n<tr>\n<td><span style=\"font-weight: 400;\">600#<\/span><\/td>\n<td><span style=\"font-weight: 400;\">26<\/span><\/td>\n<\/tr>\n<tr>\n<td><span style=\"font-weight: 400;\">800#<\/span><\/td>\n<td><span style=\"font-weight: 400;\">22<\/span><\/td>\n<\/tr>\n<tr>\n<td><span style=\"font-weight: 400;\">1000#<\/span><\/td>\n<td><span style=\"font-weight: 400;\">18<\/span><\/td>\n<\/tr>\n<tr>\n<td><span style=\"font-weight: 400;\">1200#<\/span><\/td>\n<td><span style=\"font-weight: 400;\">15<\/span><\/td>\n<\/tr>\n<tr>\n<td><span style=\"font-weight: 400;\">1500#<\/span><\/td>\n<td><span style=\"font-weight: 400;\">12<\/span><\/td>\n<\/tr>\n<tr>\n<td><span style=\"font-weight: 400;\">2000#<\/span><\/td>\n<td><span style=\"font-weight: 400;\">9.0<\/span><\/td>\n<\/tr>\n<tr>\n<td><span style=\"font-weight: 400;\">2400#<\/span><\/td>\n<td><span style=\"font-weight: 400;\">6.0<\/span><\/td>\n<\/tr>\n<tr>\n<td><span style=\"font-weight: 400;\">4000#<\/span><\/td>\n<td><span style=\"font-weight: 400;\">3.0<\/span><\/td>\n<\/tr>\n<tr>\n<td><span style=\"font-weight: 400;\">7000#<\/span><\/td>\n<td><span style=\"font-weight: 400;\">0.5<\/span><\/td>\n<\/tr>\n<\/tbody>\n<\/table>\n<p>&nbsp;<\/p>\n<h2>1. Diferencias de productos<\/h2>\n<table>\n<tbody>\n<tr>\n<td width=\"132\"><\/td>\n<td width=\"208\">Discos de desbaste fino<\/td>\n<td width=\"213\">Discos de desbaste<\/td>\n<\/tr>\n<tr>\n<td width=\"132\">Capa abrasiva<\/td>\n<td width=\"208\">Blanda<\/td>\n<td width=\"213\">Dura<\/td>\n<\/tr>\n<tr>\n<td width=\"132\">Dureza Shore<\/td>\n<td width=\"208\">80 grados<\/td>\n<td width=\"213\">90 grados<\/td>\n<\/tr>\n<tr>\n<td width=\"132\">Introducci\u00f3n<\/td>\n<td width=\"208\">Suave como el cuero<\/td>\n<td width=\"213\">Duro como el acero<\/td>\n<\/tr>\n<tr>\n<td width=\"132\">Usos<\/td>\n<td width=\"208\">Sustituye los procesos de rectificado posterior y pulido frontal.<\/td>\n<td width=\"213\">Sustituye al papel de lija para el rectificado de materiales ultraduros.<\/td>\n<\/tr>\n<\/tbody>\n<\/table>\n<h2>2. C\u00f3mo elegir<\/h2>\n<p>La aplicaci\u00f3n espec\u00edfica depende de la dureza del material de la pieza de trabajo y de su proceso actual.<\/p>\n<p>Uso: Coloque el disco de pulido directamente sobre el disco magn\u00e9tico de la m\u00e1quina. No es necesario usar un pa\u00f1o de pulido ni a\u00f1adir abrasivo (l\u00edquido de pulido). Simplemente use agua del grifo para comenzar a pulir.<\/p>\n<p>\u203b Al procesar muestras muy sensibles, se pueden utilizar l\u00edquidos no corrosivos en lugar de agua como lubricantes.<\/p>\n<p>\u203b Para obtener una planitud precisa de la muestra y un desgaste uniforme del disco de esmerilado, la parte exterior del portamuestras debe sobresalir unos pocos mil\u00edmetros de la superficie de trabajo del disco de esmerilado.<\/p>\n<h2>3. Notas<\/h2>\n<ol>\n<li>Para lograr una mayor planitud, no coloque etiquetas u otros elementos en la parte inferior de la placa para evitar afectar la planitud de la pieza de trabajo.<\/li>\n<li>La superficie de contacto entre el disco de rectificado fino y la m\u00e1quina debe mantenerse muy plana, limpia y seca para evitar afectar la planitud de la pieza de trabajo.<\/li>\n<li>Despu\u00e9s de su uso, ret\u00edrelo con cuidado, enju\u00e1guelo con agua y d\u00e9jelo secar.<\/li>\n<li>No doble ni da\u00f1e el disco de amolar.<\/li>\n<li>Tenga cuidado al instalarlo y quitarlo para evitar la atracci\u00f3n magn\u00e9tica y pillarse las manos.<\/li>\n<\/ol>\n<p>&nbsp;<\/p>\n<h2>4. Otros<\/h2>\n<figure id=\"attachment_126342\" aria-describedby=\"caption-attachment-126342\" style=\"width: 614px\" class=\"wp-caption alignnone\"><a href=\"https:\/\/honwaygroup.com\/wp-content\/uploads\/2024\/09\/%E5%AE%8F%E5%B4%B4%E5%9E%8B%E9%8C%84-DM07_%E9%91%BD%E7%9F%B3%E6%8B%8B%E5%85%89%E7%9B%A4-01.webp\"><img fetchpriority=\"high\" decoding=\"async\" class=\"wp-image-47058 size-full\" src=\"https:\/\/honwaygroup.com\/wp-content\/uploads\/2024\/09\/%E5%AE%8F%E5%B4%B4%E5%9E%8B%E9%8C%84-DM07_%E9%91%BD%E7%9F%B3%E6%8B%8B%E5%85%89%E7%9B%A4-01.webp\" alt=\"Disco de pulido de diamante\" width=\"614\" height=\"826\"><\/a><figcaption id=\"caption-attachment-126342\" class=\"wp-caption-text\">Disco de pulido de diamante<\/figcaption><\/figure>\n<p><a href=\"https:\/\/honwaygroup.com\/wp-content\/uploads\/2024\/09\/%E5%AE%8F%E5%B4%B4%E5%9E%8B%E9%8C%84-DM001_%E9%91%BD%E7%9F%B3%E6%8B%8B%E5%85%89%E7%9B%A4-02-scaled.webp\"><img decoding=\"async\" class=\"wp-image-42437\" src=\"https:\/\/honwaygroup.com\/wp-content\/uploads\/2024\/09\/%E5%AE%8F%E5%B4%B4%E5%9E%8B%E9%8C%84-DM001_%E9%91%BD%E7%9F%B3%E6%8B%8B%E5%85%89%E7%9B%A4-02-scaled.webp\" alt=\"Tabla comparativa de discos de rectificado metalogr\u00e1fico\" width=\"500\" height=\"674\"><\/a><\/p>\n","protected":false},"excerpt":{"rendered":"<p><a href=\"https:\/\/honwaygroup.com\/wp-content\/uploads\/2024\/09\/%E6%9C%AA%E5%91%BD%E5%90%8D-2.webp\"><img decoding=\"async\" class=\"wp-image-44990 size-large\" src=\"https:\/\/honwaygroup.com\/wp-content\/uploads\/2024\/09\/%E6%9C%AA%E5%91%BD%E5%90%8D-2-1024x633.webp\" alt=\"Disco de rectificado metalogr\u00e1fico HW-Forte (en forma de canal)\" width=\"1024\" height=\"633\"><\/a><\/p>\n<p>\u2022 Disponible en varias opciones para materiales duros HV250-2000.<br \/>\n\u2022 Metales: Acero de alta velocidad, acero aleado, carburo cementado, acero de tungsteno, carburo de tungsteno, etc.<br \/>\n\u2022 No metales: Vidrio, cer\u00e1mica, \u00e1gata, piedra, gemas, jade, silicio monocristalino, silicio policristalino, vidrio de cuarzo, carburo de titanio, materiales magn\u00e9ticos, etc.<\/p>\n<h5><strong><span style=\"color: #ff0000; font-size: 19.2px;\">\u25b2<\/span><\/strong><strong><span style=\"color: #ff0000; font-size: 19.2px;\">Si necesita un tama\u00f1o personalizado, comun\u00edquese con el servicio de atenci\u00f3n al cliente.<\/span><\/strong><\/h5>\n<h5><strong><span style=\"color: #ff0000; font-size: 19.2px;\">\u25b2 Los pedidos grandes pueden disfrutar de descuentos, comun\u00edquese con el servicio de atenci\u00f3n al cliente para realizar consultas.<br \/>\n<\/span><\/strong><\/h5>\n<h5><strong><span style=\"color: #ff0000;\">\u25b2Para consultar el plazo de entrega de pedidos, por favor contacte al servicio de atenci\u00f3n al cliente<\/span>:<a href=\"https:\/\/honwaygroup.com\/es\/contactar-con-honway\/\">Contactar a Honway<\/a><\/strong><\/h5>\n","protected":false},"featured_media":125710,"template":"","meta":{"site-sidebar-layout":"default","site-content-layout":"default","ast-site-content-layout":"default","site-content-style":"default","site-sidebar-style":"default","ast-global-header-display":"","ast-banner-title-visibility":"","ast-main-header-display":"","ast-hfb-above-header-display":"","ast-hfb-below-header-display":"","ast-hfb-mobile-header-display":"","site-post-title":"","ast-breadcrumbs-content":"","ast-featured-img":"","footer-sml-layout":"","ast-disable-related-posts":"","theme-transparent-header-meta":"default","adv-header-id-meta":"","stick-header-meta":"default","header-above-stick-meta":"","header-main-stick-meta":"","header-below-stick-meta":"","astra-migrate-meta-layouts":"default","ast-page-background-enabled":"default","ast-page-background-meta":{"desktop":{"background-color":"var(--ast-global-color-5)","background-image":"","background-repeat":"repeat","background-position":"center center","background-size":"auto","background-attachment":"scroll","background-type":"","background-media":"","overlay-type":"","overlay-color":"","overlay-opacity":"","overlay-gradient":""},"tablet":{"background-color":"","background-image":"","background-repeat":"repeat","background-position":"center center","background-size":"auto","background-attachment":"scroll","background-type":"","background-media":"","overlay-type":"","overlay-color":"","overlay-opacity":"","overlay-gradient":""},"mobile":{"background-color":"","background-image":"","background-repeat":"repeat","background-position":"center center","background-size":"auto","background-attachment":"scroll","background-type":"","background-media":"","overlay-type":"","overlay-color":"","overlay-opacity":"","overlay-gradient":""}},"ast-content-background-meta":{"desktop":{"background-color":"var(--ast-global-color-4)","background-image":"","background-repeat":"repeat","background-position":"center center","background-size":"auto","background-attachment":"scroll","background-type":"","background-media":"","overlay-type":"","overlay-color":"","overlay-opacity":"","overlay-gradient":""},"tablet":{"background-color":"var(--ast-global-color-4)","background-image":"","background-repeat":"repeat","background-position":"center center","background-size":"auto","background-attachment":"scroll","background-type":"","background-media":"","overlay-type":"","overlay-color":"","overlay-opacity":"","overlay-gradient":""},"mobile":{"background-color":"var(--ast-global-color-4)","background-image":"","background-repeat":"repeat","background-position":"center center","background-size":"auto","background-attachment":"scroll","background-type":"","background-media":"","overlay-type":"","overlay-color":"","overlay-opacity":"","overlay-gradient":""}}},"product_brand":[],"product_cat":[10522,10502],"product_tag":[10736],"class_list":{"0":"post-125708","1":"product","2":"type-product","3":"status-publish","4":"has-post-thumbnail","6":"product_cat-consumibles-metalograficos","7":"product_cat-disco-de-rectificado-metalografico","8":"product_tag-disco-de-amolado-diamante-ranura-de-canal-de-flujo","9":"desktop-align-left","10":"tablet-align-left","11":"mobile-align-left","12":"ast-product-gallery-layout-horizontal-slider","13":"ast-product-single-variable","14":"ast-product-tabs-layout-horizontal","16":"first","17":"instock","18":"taxable","19":"shipping-taxable","20":"purchasable","21":"product-type-variable"},"_links":{"self":[{"href":"https:\/\/honwaygroup.com\/es\/wp-json\/wp\/v2\/product\/125708","targetHints":{"allow":["GET"]}}],"collection":[{"href":"https:\/\/honwaygroup.com\/es\/wp-json\/wp\/v2\/product"}],"about":[{"href":"https:\/\/honwaygroup.com\/es\/wp-json\/wp\/v2\/types\/product"}],"version-history":[{"count":0,"href":"https:\/\/honwaygroup.com\/es\/wp-json\/wp\/v2\/product\/125708\/revisions"}],"wp:featuredmedia":[{"embeddable":true,"href":"https:\/\/honwaygroup.com\/es\/wp-json\/wp\/v2\/media\/125710"}],"wp:attachment":[{"href":"https:\/\/honwaygroup.com\/es\/wp-json\/wp\/v2\/media?parent=125708"}],"wp:term":[{"taxonomy":"product_brand","embeddable":true,"href":"https:\/\/honwaygroup.com\/es\/wp-json\/wp\/v2\/product_brand?post=125708"},{"taxonomy":"product_cat","embeddable":true,"href":"https:\/\/honwaygroup.com\/es\/wp-json\/wp\/v2\/product_cat?post=125708"},{"taxonomy":"product_tag","embeddable":true,"href":"https:\/\/honwaygroup.com\/es\/wp-json\/wp\/v2\/product_tag?post=125708"}],"curies":[{"name":"wp","href":"https:\/\/api.w.org\/{rel}","templated":true}]}}