{"id":125484,"date":"2024-09-11T17:26:43","date_gmt":"2024-09-11T09:26:43","guid":{"rendered":"https:\/\/honwaygroup.com\/product\/hw-sic-ii-granular-disco-de-desbaste-metalografico-de-carburo-de-silicio-tamanos-personalizables\/"},"modified":"2025-09-08T11:48:12","modified_gmt":"2025-09-08T03:48:12","slug":"hw-sic-ii-granular-disco-de-desbaste-metalografico-de-carburo-de-silicio-tamanos-personalizables","status":"publish","type":"product","link":"https:\/\/honwaygroup.com\/es\/producto\/hw-sic-ii-granular-disco-de-desbaste-metalografico-de-carburo-de-silicio-tamanos-personalizables\/","title":{"rendered":"HW-SiC-II (Granular): Disco de desbaste metalogr\u00e1fico de carburo de silicio, tama\u00f1os personalizables"},"content":{"rendered":"<h1>Caracter\u00edsticas del disco de rectificado de carburo de silicio metalogr\u00e1fico HW-SiC-II (granular)<\/h1>\n<p>Sustituye los pasos de lijado y pulido con papel de lija metalogr\u00e1fico. Gracias al suministro continuo de lubricaci\u00f3n, la capa de trabajo del disco de lijado optimiza el comportamiento de los granos de carburo de silicio. La estructura de la superficie garantiza una planitud \u00f3ptima en todas las muestras.<\/p>\n<ul>\n<li>El abrasivo principal es carburo de silicio modificado con dise\u00f1o granular. Est\u00e1 dise\u00f1ado para reemplazar el papel de lija de carburo de silicio. Un disco de lijado puede reemplazar de 200 a 300 hojas de papel de lija de carburo de silicio de la misma especificaci\u00f3n.<\/li>\n<li>Los productos est\u00e1n disponibles en tres tipos: placa de hierro inoxidable (magn\u00e9tica), im\u00e1n con parte posterior de goma (magn\u00e9tico) y parte posterior adhesiva PSA (adhesiva).<\/li>\n<li>Caracter\u00edsticas del producto: <span style=\"font-size: 16px;\">Simple y de bajo costo: un disco de pulido puede reemplazar entre 200 y 300 piezas de papel de lija de carburo de silicio de la misma especificaci\u00f3n.<\/span><\/li>\n<li><span style=\"font-size: 16px;\">Corte constante: proporciona una fuerza de corte abrasiva alta, estable y constante. \u203b El papel de lija es m\u00e1s afilado solo al comienzo del pulido y luego disminuye linealmente.<\/span><\/li>\n<\/ul>\n<h1>\u00c1reas de aplicaci\u00f3n:<\/h1>\n<ul>\n<li><strong>Ciencia de los materiales<\/strong>,<strong> identificaci\u00f3n de metales<\/strong>, <strong>an\u00e1lisis de fallos, <\/strong><strong>fabricaci\u00f3n,<\/strong> <strong>investigaci\u00f3n y desarrollo de materiales, <\/strong><strong>artesan\u00eda de diamantes y piedras preciosas, <\/strong><strong>industrias electr\u00f3nicas y de semiconductores.<\/strong><\/li>\n<li><strong><span class=\"html-span xdj266r x11i5rnm xat24cr x1mh8g0r xexx8yu x4uap5 x18d9i69 xkhd6sd x1hl2dhg x16tdsg8 x1vvkbs\">Rectificadora de doble cara,<\/span><span class=\"html-span xdj266r x11i5rnm xat24cr x1mh8g0r xexx8yu x4uap5 x18d9i69 xkhd6sd x1hl2dhg x16tdsg8 x1vvkbs\"> rectificadora de una sola oblea<\/span><\/strong><\/li>\n<\/ul>\n<h1>Especificaciones del producto<\/h1>\n<table width=\"100%\">\n<tbody>\n<tr>\n<td width=\"25%\">N\u00famero<\/td>\n<td width=\"24%\">Tama\u00f1o de part\u00edcula (\u00b5m)<\/td>\n<td width=\"25%\">Dimensiones (mm)<\/td>\n<td width=\"25%\">Dimensiones (pulgadas)<\/td>\n<\/tr>\n<tr>\n<td width=\"25%\">60#<\/td>\n<td width=\"24%\">240<\/td>\n<td rowspan=\"15\" width=\"25%\"><strong>\u00d8200<\/strong><\/p>\n<p><strong>\u00d8230<\/strong><\/p>\n<p><strong>\u00d8250<\/strong><\/p>\n<p><strong>\u00d8300<\/strong><\/p>\n<p>&nbsp;<\/td>\n<td rowspan=\"15\" width=\"25%\"><strong>\u00d88<\/strong><\/p>\n<p><strong>\u00d89<\/strong><\/p>\n<p><strong>\u00d89.5<\/strong><\/p>\n<p><strong>\u00d812<\/strong><\/p>\n<p>&nbsp;<\/td>\n<\/tr>\n<tr>\n<td width=\"25%\">80#<\/td>\n<td width=\"24%\">188<\/td>\n<\/tr>\n<tr>\n<td width=\"25%\">120#<\/td>\n<td width=\"24%\">127<\/td>\n<\/tr>\n<tr>\n<td width=\"25%\">180#<\/td>\n<td width=\"24%\">78<\/td>\n<\/tr>\n<tr>\n<td width=\"25%\">240#<\/td>\n<td width=\"24%\">58<\/td>\n<\/tr>\n<tr>\n<td width=\"25%\">320#<\/td>\n<td width=\"24%\">46<\/td>\n<\/tr>\n<tr>\n<td width=\"25%\">400#<\/td>\n<td width=\"24%\">35<\/td>\n<\/tr>\n<tr>\n<td width=\"25%\">600#<\/td>\n<td width=\"24%\">26<\/td>\n<\/tr>\n<tr>\n<td width=\"25%\">800#<\/td>\n<td width=\"24%\">22<\/td>\n<\/tr>\n<tr>\n<td width=\"25%\">1000#<\/td>\n<td width=\"24%\">18<\/td>\n<\/tr>\n<tr>\n<td width=\"25%\">1200#<\/td>\n<td width=\"24%\">15<\/td>\n<\/tr>\n<tr>\n<td width=\"25%\">2000#<\/td>\n<td width=\"24%\">9.0<\/td>\n<\/tr>\n<tr>\n<td width=\"25%\">2400#<\/td>\n<td width=\"24%\">6.0<\/td>\n<\/tr>\n<tr>\n<td width=\"25%\">5000#<\/td>\n<td width=\"24%\">3.0<\/td>\n<\/tr>\n<tr>\n<td width=\"25%\">15000#<\/td>\n<td width=\"24%\">0.1<\/td>\n<\/tr>\n<\/tbody>\n<\/table>\n<h2>1. Diferencias de productos<\/h2>\n<table>\n<tbody>\n<tr>\n<td width=\"132\"><\/td>\n<td width=\"208\">Discos de desbaste fino<\/td>\n<td width=\"213\">Discos de desbaste<\/td>\n<\/tr>\n<tr>\n<td width=\"132\">Capa abrasiva<\/td>\n<td width=\"208\">Blanda<\/td>\n<td width=\"213\">Dura<\/td>\n<\/tr>\n<tr>\n<td width=\"132\">Dureza Shore<\/td>\n<td width=\"208\">80 grados<\/td>\n<td width=\"213\">90 grados<\/td>\n<\/tr>\n<tr>\n<td width=\"132\">Introducci\u00f3n<\/td>\n<td width=\"208\">Suave como el cuero<\/td>\n<td width=\"213\">Duro como el acero<\/td>\n<\/tr>\n<tr>\n<td width=\"132\">Usos<\/td>\n<td width=\"208\">Sustituye los procesos de rectificado posterior y pulido frontal.<\/td>\n<td width=\"213\">Sustituye al papel de lija para el rectificado de materiales ultraduros.<\/td>\n<\/tr>\n<\/tbody>\n<\/table>\n<h2>2. C\u00f3mo elegir<\/h2>\n<p>La aplicaci\u00f3n espec\u00edfica depende de la dureza del material de la pieza de trabajo y de su proceso actual.<\/p>\n<p>Uso: Coloque el disco de pulido directamente sobre el disco magn\u00e9tico de la m\u00e1quina. No es necesario usar un pa\u00f1o de pulido ni a\u00f1adir abrasivo (l\u00edquido de pulido). Simplemente use agua del grifo para comenzar a pulir.<\/p>\n<p>\u203b Al procesar muestras muy sensibles, se pueden utilizar l\u00edquidos no corrosivos en lugar de agua como lubricantes.<\/p>\n<p>\u203b Para obtener una planitud precisa de la muestra y un desgaste uniforme del disco de esmerilado, la parte exterior del portamuestras debe sobresalir unos pocos mil\u00edmetros de la superficie de trabajo del disco de esmerilado.<\/p>\n<h2>3. Notas<\/h2>\n<ol>\n<li>Para lograr una mayor planitud, no coloque etiquetas u otros elementos en la parte inferior de la placa para evitar afectar la planitud de la pieza de trabajo.<\/li>\n<li>La superficie de contacto entre el disco de rectificado fino y la m\u00e1quina debe mantenerse muy plana, limpia y seca para evitar afectar la planitud de la pieza de trabajo.<\/li>\n<li>Despu\u00e9s de su uso, ret\u00edrelo con cuidado, enju\u00e1guelo con agua y d\u00e9jelo secar.<\/li>\n<li>No doble ni da\u00f1e el disco de amolar.<\/li>\n<li>Tenga cuidado al instalarlo y quitarlo para evitar la atracci\u00f3n magn\u00e9tica y pillarse las manos.<\/li>\n<\/ol>\n<p>&nbsp;<\/p>\n<h2>4. Otros<\/h2>\n<p><a href=\"https:\/\/honwaygroup.com\/wp-content\/uploads\/2024\/09\/%E5%AE%8F%E5%B4%B4%E5%9E%8B%E9%8C%84-DM07_%E9%91%BD%E7%9F%B3%E6%8B%8B%E5%85%89%E7%9B%A4-01.webp\"><img fetchpriority=\"high\" decoding=\"async\" class=\"wp-image-47058 size-full\" src=\"https:\/\/honwaygroup.com\/wp-content\/uploads\/2024\/09\/%E5%AE%8F%E5%B4%B4%E5%9E%8B%E9%8C%84-DM07_%E9%91%BD%E7%9F%B3%E6%8B%8B%E5%85%89%E7%9B%A4-01.webp\" alt=\"Disco de pulido de diamante\" width=\"614\" height=\"826\"><\/a><\/p>\n<p><a href=\"https:\/\/honwaygroup.com\/wp-content\/uploads\/2024\/09\/%E5%AE%8F%E5%B4%B4%E5%9E%8B%E9%8C%84-DM001_%E9%91%BD%E7%9F%B3%E6%8B%8B%E5%85%89%E7%9B%A4-02-scaled.webp\"><img decoding=\"async\" class=\"wp-image-42437\" src=\"https:\/\/honwaygroup.com\/wp-content\/uploads\/2024\/09\/%E5%AE%8F%E5%B4%B4%E5%9E%8B%E9%8C%84-DM001_%E9%91%BD%E7%9F%B3%E6%8B%8B%E5%85%89%E7%9B%A4-02-scaled.webp\" alt=\"Tabla comparativa de discos de rectificado metalogr\u00e1fico\" width=\"500\" height=\"674\"><\/a><\/p>\n","protected":false},"excerpt":{"rendered":"<p><a href=\"https:\/\/honwaygroup.com\/wp-content\/uploads\/2024\/09\/%E6%9C%AA%E5%91%BD%E5%90%8D-2_%E5%B7%A5%E4%BD%9C%E5%8D%80%E5%9F%9F-1-1.webp\"><img decoding=\"async\" class=\"alignnone wp-image-43869 size-large\" src=\"https:\/\/honwaygroup.com\/wp-content\/uploads\/2024\/09\/%E6%9C%AA%E5%91%BD%E5%90%8D-2_%E5%B7%A5%E4%BD%9C%E5%8D%80%E5%9F%9F-1-1-1024x654.webp\" alt=\"HW-Piano (Granular) - Estructura de disco de rectificado metalogr\u00e1fico\" width=\"1024\" height=\"654\"><\/a><\/p>\n<p>\u2022 Ofrecemos diferentes opciones para materiales duros HV150-2000.<\/p>\n<p>El abrasivo principal es carburo de silicio modificado con dise\u00f1o granular. Est\u00e1 dise\u00f1ado principalmente para reemplazar el papel de lija de carburo de silicio. Un disco de lijado puede reemplazar de 200 a 300 hojas de papel de lija de carburo de silicio de la misma especificaci\u00f3n.<\/p>\n<p>\u2022 Los productos est\u00e1n disponibles en tres tipos: placa de hierro inoxidable (magn\u00e9tica), im\u00e1n con respaldo de caucho (magn\u00e9tico) y con respaldo adhesivo PSA (adhesivo).<\/p>\n<h5><strong><span style=\"color: #ff0000; font-size: 19.2px;\">\u25b2<\/span><\/strong><strong><span style=\"color: #ff0000; font-size: 19.2px;\">Si necesita un tama\u00f1o personalizado, comun\u00edquese con el servicio de atenci\u00f3n al cliente.<\/span><\/strong><\/h5>\n<h5><strong><span style=\"color: #ff0000; font-size: 19.2px;\">\u25b2 Los pedidos grandes pueden disfrutar de descuentos, comun\u00edquese con el servicio de atenci\u00f3n al cliente para realizar consultas.<br \/>\n<\/span><\/strong><\/h5>\n<h5><strong><span style=\"color: #ff0000;\">\u25b2Para consultar el plazo de entrega de pedidos, por favor contacte al servicio de atenci\u00f3n al cliente:<\/span><a href=\"https:\/\/honwaygroup.com\/es\/contactar-con-honway\/\">Contactar a Honway<\/a><\/strong><\/h5>\n","protected":false},"featured_media":125485,"template":"","meta":{"site-sidebar-layout":"default","site-content-layout":"default","ast-site-content-layout":"default","site-content-style":"default","site-sidebar-style":"default","ast-global-header-display":"","ast-banner-title-visibility":"","ast-main-header-display":"","ast-hfb-above-header-display":"","ast-hfb-below-header-display":"","ast-hfb-mobile-header-display":"","site-post-title":"","ast-breadcrumbs-content":"","ast-featured-img":"","footer-sml-layout":"","ast-disable-related-posts":"","theme-transparent-header-meta":"default","adv-header-id-meta":"","stick-header-meta":"","header-above-stick-meta":"","header-main-stick-meta":"","header-below-stick-meta":"","astra-migrate-meta-layouts":"default","ast-page-background-enabled":"default","ast-page-background-meta":{"desktop":{"background-color":"var(--ast-global-color-5)","background-image":"","background-repeat":"repeat","background-position":"center center","background-size":"auto","background-attachment":"scroll","background-type":"","background-media":"","overlay-type":"","overlay-color":"","overlay-opacity":"","overlay-gradient":""},"tablet":{"background-color":"","background-image":"","background-repeat":"repeat","background-position":"center center","background-size":"auto","background-attachment":"scroll","background-type":"","background-media":"","overlay-type":"","overlay-color":"","overlay-opacity":"","overlay-gradient":""},"mobile":{"background-color":"","background-image":"","background-repeat":"repeat","background-position":"center center","background-size":"auto","background-attachment":"scroll","background-type":"","background-media":"","overlay-type":"","overlay-color":"","overlay-opacity":"","overlay-gradient":""}},"ast-content-background-meta":{"desktop":{"background-color":"var(--ast-global-color-4)","background-image":"","background-repeat":"repeat","background-position":"center center","background-size":"auto","background-attachment":"scroll","background-type":"","background-media":"","overlay-type":"","overlay-color":"","overlay-opacity":"","overlay-gradient":""},"tablet":{"background-color":"var(--ast-global-color-4)","background-image":"","background-repeat":"repeat","background-position":"center center","background-size":"auto","background-attachment":"scroll","background-type":"","background-media":"","overlay-type":"","overlay-color":"","overlay-opacity":"","overlay-gradient":""},"mobile":{"background-color":"var(--ast-global-color-4)","background-image":"","background-repeat":"repeat","background-position":"center center","background-size":"auto","background-attachment":"scroll","background-type":"","background-media":"","overlay-type":"","overlay-color":"","overlay-opacity":"","overlay-gradient":""}}},"product_brand":[],"product_cat":[10522,10502],"product_tag":[10733,10732,10734],"class_list":{"0":"post-125484","1":"product","2":"type-product","3":"status-publish","4":"has-post-thumbnail","6":"product_cat-consumibles-metalograficos","7":"product_cat-disco-de-rectificado-metalografico","8":"product_tag-diamante","9":"product_tag-disco-de-amolar","10":"product_tag-granular-es","11":"desktop-align-left","12":"tablet-align-left","13":"mobile-align-left","14":"ast-product-gallery-layout-horizontal-slider","15":"ast-product-single-variable","16":"ast-product-tabs-layout-horizontal","18":"first","19":"instock","20":"taxable","21":"shipping-taxable","22":"purchasable","23":"product-type-variable"},"_links":{"self":[{"href":"https:\/\/honwaygroup.com\/es\/wp-json\/wp\/v2\/product\/125484","targetHints":{"allow":["GET"]}}],"collection":[{"href":"https:\/\/honwaygroup.com\/es\/wp-json\/wp\/v2\/product"}],"about":[{"href":"https:\/\/honwaygroup.com\/es\/wp-json\/wp\/v2\/types\/product"}],"version-history":[{"count":0,"href":"https:\/\/honwaygroup.com\/es\/wp-json\/wp\/v2\/product\/125484\/revisions"}],"wp:featuredmedia":[{"embeddable":true,"href":"https:\/\/honwaygroup.com\/es\/wp-json\/wp\/v2\/media\/125485"}],"wp:attachment":[{"href":"https:\/\/honwaygroup.com\/es\/wp-json\/wp\/v2\/media?parent=125484"}],"wp:term":[{"taxonomy":"product_brand","embeddable":true,"href":"https:\/\/honwaygroup.com\/es\/wp-json\/wp\/v2\/product_brand?post=125484"},{"taxonomy":"product_cat","embeddable":true,"href":"https:\/\/honwaygroup.com\/es\/wp-json\/wp\/v2\/product_cat?post=125484"},{"taxonomy":"product_tag","embeddable":true,"href":"https:\/\/honwaygroup.com\/es\/wp-json\/wp\/v2\/product_tag?post=125484"}],"curies":[{"name":"wp","href":"https:\/\/api.w.org\/{rel}","templated":true}]}}